{"id":67325,"date":"2022-12-30T12:29:42","date_gmt":"2022-12-30T11:29:42","guid":{"rendered":"https:\/\/www.alldayled.com\/product\/strands-led-zwaailamp-oranje-helder-glas\/"},"modified":"2022-12-30T12:29:42","modified_gmt":"2022-12-30T11:29:42","slug":"strands-led-zwaailamp-oranje-helder-glas","status":"publish","type":"product","link":"https:\/\/www.alldayled.com\/de\/produkt\/strands-led-zwaailamp-oranje-helder-glas\/","title":{"rendered":"Strands LED Rundumleuchte orange &#8211; hell"},"content":{"rendered":"<p><span style=\"color: #000000;\"><strong>Strands LED Rundumleuchte orange mit Klarglas, geeignet f\u00fcr 12 &amp; 24 Volt Betrieb. <\/strong><\/span><\/p>\n<p><span style=\"color: #000000;\">Sind Sie auf der Suche nach einer hochwertigen LED Rundumleuchte mit Blitzfunktion? Dann ist diese LED Warnleuchte der Marke Strands vielleicht die Lampe, die Sie suchen. Dies ist eine LED Rundumleuchte, die das tut, was von ihr erwartet wird. Die LED Lampe ist mit 24 LED Punkten ausgestattet und ist dadurch sowohl tags\u00fcber als auch in der Nacht gut sichtbar. Weiterhin ist die LED Rundumleuchte mit Blitzfunktion f\u00fcr 12 und 24 Volt Betrieb geeignet. Dies bedeutet, dass Sie die LED Rundumleuchte ORANGE mit transparentem Glas beispielsweise auf Ihrem Auto, LKW, Anh\u00e4nger oder einer anderen Art von Fahrzeug verwenden k\u00f6nnen.      <\/span><\/p>\n<p><span style=\"color: #000000;\">Um sicherzustellen, dass diese orange LED Rundumleuchte mit Klarglas der Marke Strands f\u00fcr Ihr Fahrzeug oder Ihren Anh\u00e4nger geeignet ist, haben wir nachfolgend eine Reihe von Spezifikationen aufgef\u00fchrt. All dies, um deutlich zu machen, warum dies vielleicht die LED Lampe ist, nach der Sie suchen. Diese LED Warnleuchte ist unter anderem mit dem ECE R10 Pr\u00fcfzeichen versehen. Das Pr\u00fcfzeichen ECE R10 bedeutet, dass die Lampe w\u00e4hrend der Aktivierung keine St\u00f6rungen verursacht, beispielsweise auf dem Funksignal. Auch ist diese orange LED Rundumleuchte mit dem ECE R65 Pr\u00fcfzeichen versehen. Dieses Pr\u00fcfzeichen gibt an, dass die LED Lampe als Warnleuchte verwendet werden darf. Kurz gesagt, dies ist eine perfekte LED Rundumleuchte f\u00fcr Ihren LKW oder Anh\u00e4nger!       <\/span><\/p>\n<h5><span style=\"color: #000000;\"><strong>Abmessungen:<\/strong><\/span><\/h5>\n<p><span style=\"color: #000000;\">Um sicherzustellen, dass Sie die LED Rundumleuchte montieren k\u00f6nnen, wo Sie m\u00f6chten, haben wir nachfolgend die Abmessungen notiert. Die Abmessungen der Strands LED Rundumleuchte orange mit Klarglas sind wie folgt: <\/span><\/p>\n<ul>\n<li><span style=\"color: #000000;\">H\u00f6he: 140 mm<\/span><\/li>\n<li><span style=\"color: #000000;\">Durchmesser: 183 mm<\/span><\/li>\n<\/ul>\n<h5><span style=\"color: #000000;\"><strong>Andere Versionen: <\/strong><\/span><\/h5>\n<p><span style=\"color: #000000;\">M\u00f6chten Sie eine LED Rundumleuchte der Marke Strands mit 3-Punkt-Schraubmontage kaufen? Aber ist die Ausf\u00fchrung mit Klarglas nicht das, was Sie suchen? Wissen Sie dann, dass die LED Rundumleuchte orange &#8211; hell der Marke Strands auch in den folgenden Ausf\u00fchrungen erh\u00e4ltlich ist:   <\/span><\/p>\n<ul>\n<li><span style=\"color: #000000;\"><a style=\"color: #000000;\" href=\"https:\/\/www.alldayled.com\/de\/produkt\/strands-led-zwaailamp-oranje\/\"><strong>Strands LED Rundumleuchte &#8211; orangefarbenes Glas<\/strong><\/a><\/span><\/li>\n<\/ul>\n<p><span style=\"color: #000000;\">Sind Sie dennoch der Meinung, dass die Strands LED Rundumleuchte orange mit Klarglas nicht das ist, was Sie suchen? Einfach weil die Farbe, Wattzahl oder Form nicht Ihren W\u00fcnschen entspricht? Dann sehen Sie sich hier das komplette Angebot von <a style=\"color: #000000;\" href=\"https:\/\/www.alldayled.com\/de\/marke\/product-strands-lighting-division\/\" target=\"_blank\" rel=\"noopener\">Strands<\/a> an.   <\/span><\/p>\n","protected":false},"excerpt":{"rendered":"<p>LED Rundumleuchte mit Klarglas und Blitzfunktion von Strands. F\u00fcr 12\/24 Volt &#8211; ECE R65. <\/p>\n","protected":false},"featured_media":15678,"comment_status":"open","ping_status":"closed","template":"","meta":{"_acf_changed":false},"product_brand":[5114],"product_cat":[5308],"product_tag":[9437,9196,9197,9198,9199,9200,9205,9203,9202,9204,9206],"class_list":{"0":"post-67325","1":"product","2":"type-product","3":"status-publish","4":"has-post-thumbnail","6":"product_brand-product-strands-lighting-division","7":"product_cat-zwaailamp","8":"product_tag-led-signalleuchten","9":"product_tag-led-warnleuchte","10":"product_tag-led-warnleuchte-12-volt","11":"product_tag-led-warnleuchte-24-volt","12":"product_tag-led-warnleuchte-anhanger","13":"product_tag-led-warnleuchte-auto","14":"product_tag-led-warnleuchte-lkw","15":"product_tag-led-warnleuchte-mit-ece-r65","16":"product_tag-led-warnleuchte-mitnahmestapler","17":"product_tag-led-warnleuchte-traktor","18":"product_tag-strands-led-warnleuchte","20":"first","21":"instock","22":"taxable","23":"shipping-taxable","24":"purchasable","25":"product-type-simple"},"acf":[],"yoast_head":"<!-- This site is optimized with the Yoast SEO Premium plugin v26.5 (Yoast SEO v27.1.1) - https:\/\/yoast.com\/product\/yoast-seo-premium-wordpress\/ -->\n<title>Strands LED Rundumleuchte orange Klarglas - All Day Led - 12&amp;24V<\/title>\n<meta name=\"description\" content=\"Strands LED Rundumleuchte orange Klarglas - ECE R65 Zulassung - 12&amp;24 volt - LED Rundumleuchte - Auto, LKW, Traktor und mehr - mit 24 LED&#039;s\" \/>\n<meta name=\"robots\" content=\"index, follow, max-snippet:-1, max-image-preview:large, max-video-preview:-1\" \/>\n<link rel=\"canonical\" href=\"https:\/\/www.alldayled.com\/de\/produkt\/strands-led-zwaailamp-oranje-helder-glas\/\" \/>\n<meta property=\"og:locale\" content=\"de_DE\" \/>\n<meta property=\"og:type\" content=\"article\" \/>\n<meta property=\"og:title\" content=\"LED Rundumleuchte klares Glas Strands - All Day Led - f\u00fcr 12&amp;24v\" \/>\n<meta property=\"og:description\" content=\"Strands LED Rundumleuchte orange Klarglas - ECE R65 Zulassung - 12&amp;24 volt - LED Rundumleuchte - Auto, LKW, Traktor und mehr - mit 24 LED&#039;s\" \/>\n<meta property=\"og:url\" content=\"https:\/\/www.alldayled.com\/de\/produkt\/strands-led-zwaailamp-oranje-helder-glas\/\" \/>\n<meta property=\"og:site_name\" content=\"All Day Led\" \/>\n<meta property=\"article:publisher\" content=\"https:\/\/www.facebook.com\/alldayled\/\" \/>\n<meta property=\"og:image\" content=\"https:\/\/www.alldayled.com\/wp-content\/uploads\/2024\/04\/ADL809056-C-300x300.png\" \/>\n<meta name=\"twitter:label1\" content=\"Preis\" \/>\n\t<meta name=\"twitter:data1\" content=\"&euro;&nbsp;99,00\" \/>\n\t<meta name=\"twitter:label2\" content=\"Verf\u00fcgbarkeit\" \/>\n\t<meta name=\"twitter:data2\" content=\"Auf Lager\" \/>\n<script type=\"application\/ld+json\" class=\"yoast-schema-graph\">{\"@context\":\"https:\/\/schema.org\",\"@graph\":[{\"@type\":\"WebPage\",\"@id\":\"https:\/\/www.alldayled.com\/de\/produkt\/strands-led-zwaailamp-oranje-helder-glas\/\",\"url\":\"https:\/\/www.alldayled.com\/de\/produkt\/strands-led-zwaailamp-oranje-helder-glas\/\",\"name\":\"Strands LED Rundumleuchte orange Klarglas - All Day Led - 12&24V\",\"isPartOf\":{\"@id\":\"https:\/\/www.alldayled.com\/de\/#website\"},\"primaryImageOfPage\":{\"@id\":\"https:\/\/www.alldayled.com\/de\/produkt\/strands-led-zwaailamp-oranje-helder-glas\/#primaryimage\"},\"image\":{\"@id\":\"https:\/\/www.alldayled.com\/de\/produkt\/strands-led-zwaailamp-oranje-helder-glas\/#primaryimage\"},\"thumbnailUrl\":\"https:\/\/www.alldayled.com\/wp-content\/uploads\/2020\/05\/ADL09056-C.png\",\"datePublished\":\"2022-12-30T11:29:42+00:00\",\"description\":\"Strands LED Rundumleuchte orange Klarglas - ECE R65 Zulassung - 12&24 volt - LED Rundumleuchte - Auto, LKW, Traktor und mehr - mit 24 LED's\",\"breadcrumb\":{\"@id\":\"https:\/\/www.alldayled.com\/de\/produkt\/strands-led-zwaailamp-oranje-helder-glas\/#breadcrumb\"},\"inLanguage\":\"de\",\"potentialAction\":[{\"@type\":\"ReadAction\",\"target\":[\"https:\/\/www.alldayled.com\/de\/produkt\/strands-led-zwaailamp-oranje-helder-glas\/\"]}]},{\"@type\":\"ImageObject\",\"inLanguage\":\"de\",\"@id\":\"https:\/\/www.alldayled.com\/de\/produkt\/strands-led-zwaailamp-oranje-helder-glas\/#primaryimage\",\"url\":\"https:\/\/www.alldayled.com\/wp-content\/uploads\/2020\/05\/ADL09056-C.png\",\"contentUrl\":\"https:\/\/www.alldayled.com\/wp-content\/uploads\/2020\/05\/ADL09056-C.png\",\"width\":800,\"height\":600,\"caption\":\"Strands LED Rundumleuchte 183mm mit Klarglas - austauschbar f\u00fcr Hella KL7000 - f\u00fcr 12 und 24 Volt Betrieb - 3 Muster - EAN: 7323030169909\"},{\"@type\":\"BreadcrumbList\",\"@id\":\"https:\/\/www.alldayled.com\/de\/produkt\/strands-led-zwaailamp-oranje-helder-glas\/#breadcrumb\",\"itemListElement\":[{\"@type\":\"ListItem\",\"position\":1,\"name\":\"Home\",\"item\":\"https:\/\/www.alldayled.com\/de\/\"},{\"@type\":\"ListItem\",\"position\":2,\"name\":\"Shop\",\"item\":\"https:\/\/www.alldayled.com\/de\/shop\/\"},{\"@type\":\"ListItem\",\"position\":3,\"name\":\"Warnleuchten\",\"item\":\"https:\/\/www.alldayled.com\/de\/produkt-kategorie\/blitzlichter\/\"},{\"@type\":\"ListItem\",\"position\":4,\"name\":\"Rundumleuchte\",\"item\":\"https:\/\/www.alldayled.com\/de\/produkt-kategorie\/blitzlichter\/zwaailamp\/\"},{\"@type\":\"ListItem\",\"position\":5,\"name\":\"Strands LED Rundumleuchte orange &#8211; hell\"}]},{\"@type\":\"WebSite\",\"@id\":\"https:\/\/www.alldayled.com\/de\/#website\",\"url\":\"https:\/\/www.alldayled.com\/de\/\",\"name\":\"All Day Led\",\"description\":\"Verlichting voor 12&amp;24 volt gebruik\",\"publisher\":{\"@id\":\"https:\/\/www.alldayled.com\/de\/#organization\"},\"potentialAction\":[{\"@type\":\"SearchAction\",\"target\":{\"@type\":\"EntryPoint\",\"urlTemplate\":\"https:\/\/www.alldayled.com\/de\/?s={search_term_string}\"},\"query-input\":{\"@type\":\"PropertyValueSpecification\",\"valueRequired\":true,\"valueName\":\"search_term_string\"}}],\"inLanguage\":\"de\"},{\"@type\":\"Organization\",\"@id\":\"https:\/\/www.alldayled.com\/de\/#organization\",\"name\":\"All Day Led\",\"url\":\"https:\/\/www.alldayled.com\/de\/\",\"logo\":{\"@type\":\"ImageObject\",\"inLanguage\":\"de\",\"@id\":\"https:\/\/www.alldayled.com\/de\/#\/schema\/logo\/image\/\",\"url\":\"https:\/\/www.alldayled.com\/wp-content\/uploads\/2025\/10\/Logo-ALL-DAY-LED-800x800-zwart-witte-letters.png\",\"contentUrl\":\"https:\/\/www.alldayled.com\/wp-content\/uploads\/2025\/10\/Logo-ALL-DAY-LED-800x800-zwart-witte-letters.png\",\"width\":800,\"height\":800,\"caption\":\"All Day Led\"},\"image\":{\"@id\":\"https:\/\/www.alldayled.com\/de\/#\/schema\/logo\/image\/\"},\"sameAs\":[\"https:\/\/www.facebook.com\/alldayled\/\",\"https:\/\/www.instagram.com\/alldayled\/\"],\"vatID\":\"NL863960133B01\",\"taxID\":\"86416545\"}]}<\/script>\n<meta property=\"product:brand\" content=\"Strands\" \/>\n<meta property=\"product:price:amount\" content=\"99.00\" \/>\n<meta property=\"product:price:currency\" content=\"EUR\" \/>\n<meta property=\"og:availability\" content=\"instock\" \/>\n<meta property=\"product:availability\" content=\"instock\" \/>\n<meta property=\"product:retailer_item_id\" content=\"ADL809056-C\" \/>\n<meta property=\"product:condition\" content=\"new\" \/>\n<!-- \/ Yoast SEO Premium plugin. -->","yoast_head_json":{"title":"Strands LED Rundumleuchte orange Klarglas - All Day Led - 12&24V","description":"Strands LED Rundumleuchte orange Klarglas - ECE R65 Zulassung - 12&24 volt - LED Rundumleuchte - Auto, LKW, Traktor und mehr - mit 24 LED's","robots":{"index":"index","follow":"follow","max-snippet":"max-snippet:-1","max-image-preview":"max-image-preview:large","max-video-preview":"max-video-preview:-1"},"canonical":"https:\/\/www.alldayled.com\/de\/produkt\/strands-led-zwaailamp-oranje-helder-glas\/","og_locale":"de_DE","og_type":"article","og_title":"LED Rundumleuchte klares Glas Strands - All Day Led - f\u00fcr 12&24v","og_description":"Strands LED Rundumleuchte orange Klarglas - ECE R65 Zulassung - 12&24 volt - LED Rundumleuchte - Auto, LKW, Traktor und mehr - mit 24 LED's","og_url":"https:\/\/www.alldayled.com\/de\/produkt\/strands-led-zwaailamp-oranje-helder-glas\/","og_site_name":"All Day Led","article_publisher":"https:\/\/www.facebook.com\/alldayled\/","og_image":[{"url":"https:\/\/www.alldayled.com\/wp-content\/uploads\/2024\/04\/ADL809056-C-300x300.png","type":"","width":"","height":""}],"twitter_misc":{"Preis":"&euro;&nbsp;99,00","Verf\u00fcgbarkeit":"Auf Lager"},"schema":{"@context":"https:\/\/schema.org","@graph":[{"@type":"WebPage","@id":"https:\/\/www.alldayled.com\/de\/produkt\/strands-led-zwaailamp-oranje-helder-glas\/","url":"https:\/\/www.alldayled.com\/de\/produkt\/strands-led-zwaailamp-oranje-helder-glas\/","name":"Strands LED Rundumleuchte orange Klarglas - All Day Led - 12&24V","isPartOf":{"@id":"https:\/\/www.alldayled.com\/de\/#website"},"primaryImageOfPage":{"@id":"https:\/\/www.alldayled.com\/de\/produkt\/strands-led-zwaailamp-oranje-helder-glas\/#primaryimage"},"image":{"@id":"https:\/\/www.alldayled.com\/de\/produkt\/strands-led-zwaailamp-oranje-helder-glas\/#primaryimage"},"thumbnailUrl":"https:\/\/www.alldayled.com\/wp-content\/uploads\/2020\/05\/ADL09056-C.png","datePublished":"2022-12-30T11:29:42+00:00","description":"Strands LED Rundumleuchte orange Klarglas - ECE R65 Zulassung - 12&24 volt - LED Rundumleuchte - Auto, LKW, Traktor und mehr - mit 24 LED's","breadcrumb":{"@id":"https:\/\/www.alldayled.com\/de\/produkt\/strands-led-zwaailamp-oranje-helder-glas\/#breadcrumb"},"inLanguage":"de","potentialAction":[{"@type":"ReadAction","target":["https:\/\/www.alldayled.com\/de\/produkt\/strands-led-zwaailamp-oranje-helder-glas\/"]}]},{"@type":"ImageObject","inLanguage":"de","@id":"https:\/\/www.alldayled.com\/de\/produkt\/strands-led-zwaailamp-oranje-helder-glas\/#primaryimage","url":"https:\/\/www.alldayled.com\/wp-content\/uploads\/2020\/05\/ADL09056-C.png","contentUrl":"https:\/\/www.alldayled.com\/wp-content\/uploads\/2020\/05\/ADL09056-C.png","width":800,"height":600,"caption":"Strands LED Rundumleuchte 183mm mit Klarglas - austauschbar f\u00fcr Hella KL7000 - f\u00fcr 12 und 24 Volt Betrieb - 3 Muster - EAN: 7323030169909"},{"@type":"BreadcrumbList","@id":"https:\/\/www.alldayled.com\/de\/produkt\/strands-led-zwaailamp-oranje-helder-glas\/#breadcrumb","itemListElement":[{"@type":"ListItem","position":1,"name":"Home","item":"https:\/\/www.alldayled.com\/de\/"},{"@type":"ListItem","position":2,"name":"Shop","item":"https:\/\/www.alldayled.com\/de\/shop\/"},{"@type":"ListItem","position":3,"name":"Warnleuchten","item":"https:\/\/www.alldayled.com\/de\/produkt-kategorie\/blitzlichter\/"},{"@type":"ListItem","position":4,"name":"Rundumleuchte","item":"https:\/\/www.alldayled.com\/de\/produkt-kategorie\/blitzlichter\/zwaailamp\/"},{"@type":"ListItem","position":5,"name":"Strands LED Rundumleuchte orange &#8211; hell"}]},{"@type":"WebSite","@id":"https:\/\/www.alldayled.com\/de\/#website","url":"https:\/\/www.alldayled.com\/de\/","name":"All Day Led","description":"Verlichting voor 12&amp;24 volt gebruik","publisher":{"@id":"https:\/\/www.alldayled.com\/de\/#organization"},"potentialAction":[{"@type":"SearchAction","target":{"@type":"EntryPoint","urlTemplate":"https:\/\/www.alldayled.com\/de\/?s={search_term_string}"},"query-input":{"@type":"PropertyValueSpecification","valueRequired":true,"valueName":"search_term_string"}}],"inLanguage":"de"},{"@type":"Organization","@id":"https:\/\/www.alldayled.com\/de\/#organization","name":"All Day Led","url":"https:\/\/www.alldayled.com\/de\/","logo":{"@type":"ImageObject","inLanguage":"de","@id":"https:\/\/www.alldayled.com\/de\/#\/schema\/logo\/image\/","url":"https:\/\/www.alldayled.com\/wp-content\/uploads\/2025\/10\/Logo-ALL-DAY-LED-800x800-zwart-witte-letters.png","contentUrl":"https:\/\/www.alldayled.com\/wp-content\/uploads\/2025\/10\/Logo-ALL-DAY-LED-800x800-zwart-witte-letters.png","width":800,"height":800,"caption":"All Day Led"},"image":{"@id":"https:\/\/www.alldayled.com\/de\/#\/schema\/logo\/image\/"},"sameAs":["https:\/\/www.facebook.com\/alldayled\/","https:\/\/www.instagram.com\/alldayled\/"],"vatID":"NL863960133B01","taxID":"86416545"}]},"product_brand":"Strands","product_price_amount":"99.00","product_price_currency":"EUR","og_availability":"instock","product_availability":"instock","product_retailer_item_id":"ADL809056-C","product_condition":"new"},"_links":{"self":[{"href":"https:\/\/www.alldayled.com\/de\/wp-json\/wp\/v2\/product\/67325","targetHints":{"allow":["GET"]}}],"collection":[{"href":"https:\/\/www.alldayled.com\/de\/wp-json\/wp\/v2\/product"}],"about":[{"href":"https:\/\/www.alldayled.com\/de\/wp-json\/wp\/v2\/types\/product"}],"replies":[{"embeddable":true,"href":"https:\/\/www.alldayled.com\/de\/wp-json\/wp\/v2\/comments?post=67325"}],"wp:featuredmedia":[{"embeddable":true,"href":"https:\/\/www.alldayled.com\/de\/wp-json\/wp\/v2\/media\/15678"}],"wp:attachment":[{"href":"https:\/\/www.alldayled.com\/de\/wp-json\/wp\/v2\/media?parent=67325"}],"wp:term":[{"taxonomy":"product_brand","embeddable":true,"href":"https:\/\/www.alldayled.com\/de\/wp-json\/wp\/v2\/product_brand?post=67325"},{"taxonomy":"product_cat","embeddable":true,"href":"https:\/\/www.alldayled.com\/de\/wp-json\/wp\/v2\/product_cat?post=67325"},{"taxonomy":"product_tag","embeddable":true,"href":"https:\/\/www.alldayled.com\/de\/wp-json\/wp\/v2\/product_tag?post=67325"}],"curies":[{"name":"wp","href":"https:\/\/api.w.org\/{rel}","templated":true}]}}