{"id":67327,"date":"2022-12-30T12:29:40","date_gmt":"2022-12-30T11:29:40","guid":{"rendered":"https:\/\/www.alldayled.com\/product\/strands-led-zwaailamp-oranje\/"},"modified":"2026-01-19T13:09:21","modified_gmt":"2026-01-19T12:09:21","slug":"strands-led-zwaailamp-oranje","status":"publish","type":"product","link":"https:\/\/www.alldayled.com\/de\/produkt\/strands-led-zwaailamp-oranje\/","title":{"rendered":"Strands LED Rundumleuchte orange"},"content":{"rendered":"<p><span style=\"color: #000000;\"><strong>Strands LED Rundumleuchte mit orangefarbenem Glas, geeignet f\u00fcr 12 &amp; 24 Volt Betrieb. <\/strong><\/span><\/p>\n<p><span style=\"color: #000000;\">Suchst du eine hochwertige LED Rundumleuchte mit Blitzfunktion? Dann ist diese LED Warnleuchte der Marke Strands vielleicht genau die Lampe, die du suchst. Dies ist eine LED Rundumleuchte, die h\u00e4lt, was sie verspricht. Die LED Lampe ist mit 24 LED&#8217;s ausgestattet und dadurch sowohl tags\u00fcber als auch nachts gut sichtbar. Des Weiteren ist die LED Rundumleuchte mit Blitzfunktion f\u00fcr 12 und 24 Volt Betrieb geeignet. Das bedeutet, du kannst die LED Rundumleuchte ORANGE zum Beispiel f\u00fcr dein Auto, deinen LKW, Anh\u00e4nger oder ein anderes Fahrzeug verwenden.      <\/span><\/p>\n<p><span style=\"color: #000000;\">Um sicherzustellen, dass diese orangefarbene LED Rundumleuchte der Marke Strands f\u00fcr dein Fahrzeug oder deinen Anh\u00e4nger geeignet ist, haben wir unten einige Spezifikationen aufgef\u00fchrt. All dies, um zu verdeutlichen, warum dies vielleicht genau die LED Lampe ist, die du suchst. Diese LED Warnleuchte ist unter anderem mit dem ECE R10 Pr\u00fcfzeichen versehen. Das ECE R10 Pr\u00fcfzeichen bedeutet, dass die Lampe w\u00e4hrend des Betriebs keine St\u00f6rungen, zum Beispiel am Radiosignal, verursachen wird. Diese orangefarbene LED Rundumleuchte ist auch mit dem ECE R65 Pr\u00fcfzeichen versehen. Dieses Pr\u00fcfzeichen besagt, dass die LED Lampe als Warnleuchte verwendet werden darf. Kurz gesagt, dies ist eine perfekte LED Rundumleuchte f\u00fcr deinen LKW oder Anh\u00e4nger!       <\/span><\/p>\n<h5><span style=\"color: #000000;\"><strong>Abmessungen:<\/strong><\/span><\/h5>\n<p><span style=\"color: #000000;\">Um sicherzustellen, dass du die LED Rundumleuchte dort montieren kannst, wo du m\u00f6chtest, haben wir die Abmessungen unten notiert. Die Abmessungen der Strands LED Rundumleuchte mit orangefarbener Haube sind wie folgt: <\/span><\/p>\n<ul>\n<li><span style=\"color: #000000;\">H\u00f6he: 140 mm<\/span><\/li>\n<li><span style=\"color: #000000;\">Durchmesser: 183 mm<\/span><\/li>\n<\/ul>\n<h5><span style=\"color: #000000;\"><strong>Andere Versionen: <\/strong><\/span><\/h5>\n<p><span style=\"color: #000000;\">M\u00f6chtest du eine LED Rundumleuchte der Marke Strands mit 3-Punkt-Schraubmontage kaufen? Aber die Ausf\u00fchrung mit orangefarbenem Glas ist nicht das, was du suchst? Dann wisse, dass die LED Rundumleuchte orange der Marke Strands auch in den folgenden Ausf\u00fchrungen erh\u00e4ltlich ist:   <\/span><\/p>\n<ul>\n<li><span style=\"color: #000000;\"><a style=\"color: #000000;\" href=\"https:\/\/www.alldayled.com\/de\/produkt\/strands-led-zwaailamp-oranje-helder-glas\/\"><strong>Strands LED Rundumleuchte &#8211; klares Glas<\/strong><\/a><\/span><\/li>\n<\/ul>\n<p><span style=\"color: #000000;\">Bist du der Meinung, dass die Strands LED Rundumleuchte mit orangefarbenem Glas nicht das ist, wonach du suchst? Einfach weil die Farbe, Wattzahl oder Form nicht deinen W\u00fcnschen entspricht? Dann sieh dir hier das komplette Angebot von <a style=\"color: #000000;\" href=\"https:\/\/www.alldayled.com\/de\/marke\/product-strands-lighting-division\/\" target=\"_blank\" rel=\"noopener\">Strands<\/a> an.   <\/span><\/p>\n","protected":false},"excerpt":{"rendered":"<p>LED Rundumleuchte mit orangefarbenem Glas und Blitzfunktion von Strands. F\u00fcr 12\/24 Volt &#8211; ECE R65. <\/p>\n","protected":false},"featured_media":15693,"comment_status":"open","ping_status":"closed","template":"","meta":{"_acf_changed":false},"product_brand":[5114],"product_cat":[5308],"product_tag":[9437,9196,9197,9198,9199,9200,9205,9203,9202,9204,9206],"class_list":{"0":"post-67327","1":"product","2":"type-product","3":"status-publish","4":"has-post-thumbnail","6":"product_brand-product-strands-lighting-division","7":"product_cat-zwaailamp","8":"product_tag-led-signalleuchten","9":"product_tag-led-warnleuchte","10":"product_tag-led-warnleuchte-12-volt","11":"product_tag-led-warnleuchte-24-volt","12":"product_tag-led-warnleuchte-anhanger","13":"product_tag-led-warnleuchte-auto","14":"product_tag-led-warnleuchte-lkw","15":"product_tag-led-warnleuchte-mit-ece-r65","16":"product_tag-led-warnleuchte-mitnahmestapler","17":"product_tag-led-warnleuchte-traktor","18":"product_tag-strands-led-warnleuchte","20":"first","21":"instock","22":"taxable","23":"shipping-taxable","24":"purchasable","25":"product-type-simple"},"acf":[],"yoast_head":"<!-- This site is optimized with the Yoast SEO Premium plugin v26.5 (Yoast SEO v27.1.1) - https:\/\/yoast.com\/product\/yoast-seo-premium-wordpress\/ -->\n<title>Strands LED Rundumleuchte orangefarbenes Glas - All Day Led - f\u00fcr 12&amp;24V<\/title>\n<meta name=\"description\" content=\"Strands LED Rundumleuchte orange - ECE R65 - 12&amp;24 volt - f\u00fcr den Einsatz auf \u00f6ffentlichen Stra\u00dfen zugelassen - f\u00fcr Auto, LKW, Traktor und mehr - mit 24 LED&#039;s\" \/>\n<meta name=\"robots\" content=\"index, follow, max-snippet:-1, max-image-preview:large, max-video-preview:-1\" \/>\n<link rel=\"canonical\" href=\"https:\/\/www.alldayled.com\/de\/produkt\/strands-led-zwaailamp-oranje\/\" \/>\n<meta property=\"og:locale\" content=\"de_DE\" \/>\n<meta property=\"og:type\" content=\"article\" \/>\n<meta property=\"og:title\" content=\"Strands LED Rundumleuchte orange - All Day Led - f\u00fcr 12&amp;24V\" \/>\n<meta property=\"og:description\" content=\"Strands LED Rundumleuchte orange - ECE R65 - 12&amp;24 volt - f\u00fcr den Einsatz auf \u00f6ffentlichen Stra\u00dfen zugelassen - f\u00fcr Auto, LKW, Traktor und mehr - mit 24 LED&#039;s\" \/>\n<meta property=\"og:url\" content=\"https:\/\/www.alldayled.com\/de\/produkt\/strands-led-zwaailamp-oranje\/\" \/>\n<meta property=\"og:site_name\" content=\"All Day Led\" \/>\n<meta property=\"article:publisher\" content=\"https:\/\/www.facebook.com\/alldayled\/\" \/>\n<meta property=\"article:modified_time\" content=\"2026-01-19T12:09:21+00:00\" \/>\n<meta property=\"og:image\" content=\"https:\/\/www.alldayled.com\/wp-content\/uploads\/2024\/03\/ADL809056-300x300.png\" \/>\n<meta name=\"twitter:label1\" content=\"Preis\" \/>\n\t<meta name=\"twitter:data1\" content=\"&euro;&nbsp;99,00\" \/>\n\t<meta name=\"twitter:label2\" content=\"Verf\u00fcgbarkeit\" \/>\n\t<meta name=\"twitter:data2\" content=\"Auf Lager\" \/>\n<script type=\"application\/ld+json\" class=\"yoast-schema-graph\">{\"@context\":\"https:\/\/schema.org\",\"@graph\":[{\"@type\":\"WebPage\",\"@id\":\"https:\/\/www.alldayled.com\/de\/produkt\/strands-led-zwaailamp-oranje\/\",\"url\":\"https:\/\/www.alldayled.com\/de\/produkt\/strands-led-zwaailamp-oranje\/\",\"name\":\"Strands LED Rundumleuchte orangefarbenes Glas - All Day Led - f\u00fcr 12&24V\",\"isPartOf\":{\"@id\":\"https:\/\/www.alldayled.com\/de\/#website\"},\"primaryImageOfPage\":{\"@id\":\"https:\/\/www.alldayled.com\/de\/produkt\/strands-led-zwaailamp-oranje\/#primaryimage\"},\"image\":{\"@id\":\"https:\/\/www.alldayled.com\/de\/produkt\/strands-led-zwaailamp-oranje\/#primaryimage\"},\"thumbnailUrl\":\"https:\/\/www.alldayled.com\/wp-content\/uploads\/2020\/05\/ADL09056.png\",\"datePublished\":\"2022-12-30T11:29:40+00:00\",\"dateModified\":\"2026-01-19T12:09:21+00:00\",\"description\":\"Strands LED Rundumleuchte orange - ECE R65 - 12&24 volt - f\u00fcr den Einsatz auf \u00f6ffentlichen Stra\u00dfen zugelassen - f\u00fcr Auto, LKW, Traktor und mehr - mit 24 LED's\",\"breadcrumb\":{\"@id\":\"https:\/\/www.alldayled.com\/de\/produkt\/strands-led-zwaailamp-oranje\/#breadcrumb\"},\"inLanguage\":\"de\",\"potentialAction\":[{\"@type\":\"ReadAction\",\"target\":[\"https:\/\/www.alldayled.com\/de\/produkt\/strands-led-zwaailamp-oranje\/\"]}]},{\"@type\":\"ImageObject\",\"inLanguage\":\"de\",\"@id\":\"https:\/\/www.alldayled.com\/de\/produkt\/strands-led-zwaailamp-oranje\/#primaryimage\",\"url\":\"https:\/\/www.alldayled.com\/wp-content\/uploads\/2020\/05\/ADL09056.png\",\"contentUrl\":\"https:\/\/www.alldayled.com\/wp-content\/uploads\/2020\/05\/ADL09056.png\",\"width\":800,\"height\":600,\"caption\":\"Strands LED Rundumleuchte 183 mm mit orangefarbenem Glas - ersetzbar f\u00fcr Hella KL7000 - f\u00fcr 12 und 24 Volt Betrieb - 3 Blinkmuster - EAN: 7323030003821\"},{\"@type\":\"BreadcrumbList\",\"@id\":\"https:\/\/www.alldayled.com\/de\/produkt\/strands-led-zwaailamp-oranje\/#breadcrumb\",\"itemListElement\":[{\"@type\":\"ListItem\",\"position\":1,\"name\":\"Home\",\"item\":\"https:\/\/www.alldayled.com\/de\/\"},{\"@type\":\"ListItem\",\"position\":2,\"name\":\"Shop\",\"item\":\"https:\/\/www.alldayled.com\/de\/shop\/\"},{\"@type\":\"ListItem\",\"position\":3,\"name\":\"Warnleuchten\",\"item\":\"https:\/\/www.alldayled.com\/de\/produkt-kategorie\/blitzlichter\/\"},{\"@type\":\"ListItem\",\"position\":4,\"name\":\"Rundumleuchte\",\"item\":\"https:\/\/www.alldayled.com\/de\/produkt-kategorie\/blitzlichter\/zwaailamp\/\"},{\"@type\":\"ListItem\",\"position\":5,\"name\":\"Strands LED Rundumleuchte orange\"}]},{\"@type\":\"WebSite\",\"@id\":\"https:\/\/www.alldayled.com\/de\/#website\",\"url\":\"https:\/\/www.alldayled.com\/de\/\",\"name\":\"All Day Led\",\"description\":\"Verlichting voor 12&amp;24 volt gebruik\",\"publisher\":{\"@id\":\"https:\/\/www.alldayled.com\/de\/#organization\"},\"potentialAction\":[{\"@type\":\"SearchAction\",\"target\":{\"@type\":\"EntryPoint\",\"urlTemplate\":\"https:\/\/www.alldayled.com\/de\/?s={search_term_string}\"},\"query-input\":{\"@type\":\"PropertyValueSpecification\",\"valueRequired\":true,\"valueName\":\"search_term_string\"}}],\"inLanguage\":\"de\"},{\"@type\":\"Organization\",\"@id\":\"https:\/\/www.alldayled.com\/de\/#organization\",\"name\":\"All Day Led\",\"url\":\"https:\/\/www.alldayled.com\/de\/\",\"logo\":{\"@type\":\"ImageObject\",\"inLanguage\":\"de\",\"@id\":\"https:\/\/www.alldayled.com\/de\/#\/schema\/logo\/image\/\",\"url\":\"https:\/\/www.alldayled.com\/wp-content\/uploads\/2025\/10\/Logo-ALL-DAY-LED-800x800-zwart-witte-letters.png\",\"contentUrl\":\"https:\/\/www.alldayled.com\/wp-content\/uploads\/2025\/10\/Logo-ALL-DAY-LED-800x800-zwart-witte-letters.png\",\"width\":800,\"height\":800,\"caption\":\"All Day Led\"},\"image\":{\"@id\":\"https:\/\/www.alldayled.com\/de\/#\/schema\/logo\/image\/\"},\"sameAs\":[\"https:\/\/www.facebook.com\/alldayled\/\",\"https:\/\/www.instagram.com\/alldayled\/\"],\"vatID\":\"NL863960133B01\",\"taxID\":\"86416545\"}]}<\/script>\n<meta property=\"product:brand\" content=\"Strands\" \/>\n<meta property=\"product:price:amount\" content=\"99.00\" \/>\n<meta property=\"product:price:currency\" content=\"EUR\" \/>\n<meta property=\"og:availability\" content=\"instock\" \/>\n<meta property=\"product:availability\" content=\"instock\" \/>\n<meta property=\"product:retailer_item_id\" content=\"ADL809056\" \/>\n<meta property=\"product:condition\" content=\"new\" \/>\n<!-- \/ Yoast SEO Premium plugin. -->","yoast_head_json":{"title":"Strands LED Rundumleuchte orangefarbenes Glas - All Day Led - f\u00fcr 12&24V","description":"Strands LED Rundumleuchte orange - ECE R65 - 12&24 volt - f\u00fcr den Einsatz auf \u00f6ffentlichen Stra\u00dfen zugelassen - f\u00fcr Auto, LKW, Traktor und mehr - mit 24 LED's","robots":{"index":"index","follow":"follow","max-snippet":"max-snippet:-1","max-image-preview":"max-image-preview:large","max-video-preview":"max-video-preview:-1"},"canonical":"https:\/\/www.alldayled.com\/de\/produkt\/strands-led-zwaailamp-oranje\/","og_locale":"de_DE","og_type":"article","og_title":"Strands LED Rundumleuchte orange - All Day Led - f\u00fcr 12&24V","og_description":"Strands LED Rundumleuchte orange - ECE R65 - 12&24 volt - f\u00fcr den Einsatz auf \u00f6ffentlichen Stra\u00dfen zugelassen - f\u00fcr Auto, LKW, Traktor und mehr - mit 24 LED's","og_url":"https:\/\/www.alldayled.com\/de\/produkt\/strands-led-zwaailamp-oranje\/","og_site_name":"All Day Led","article_publisher":"https:\/\/www.facebook.com\/alldayled\/","article_modified_time":"2026-01-19T12:09:21+00:00","og_image":[{"url":"https:\/\/www.alldayled.com\/wp-content\/uploads\/2024\/03\/ADL809056-300x300.png","type":"","width":"","height":""}],"twitter_misc":{"Preis":"&euro;&nbsp;99,00","Verf\u00fcgbarkeit":"Auf Lager"},"schema":{"@context":"https:\/\/schema.org","@graph":[{"@type":"WebPage","@id":"https:\/\/www.alldayled.com\/de\/produkt\/strands-led-zwaailamp-oranje\/","url":"https:\/\/www.alldayled.com\/de\/produkt\/strands-led-zwaailamp-oranje\/","name":"Strands LED Rundumleuchte orangefarbenes Glas - All Day Led - f\u00fcr 12&24V","isPartOf":{"@id":"https:\/\/www.alldayled.com\/de\/#website"},"primaryImageOfPage":{"@id":"https:\/\/www.alldayled.com\/de\/produkt\/strands-led-zwaailamp-oranje\/#primaryimage"},"image":{"@id":"https:\/\/www.alldayled.com\/de\/produkt\/strands-led-zwaailamp-oranje\/#primaryimage"},"thumbnailUrl":"https:\/\/www.alldayled.com\/wp-content\/uploads\/2020\/05\/ADL09056.png","datePublished":"2022-12-30T11:29:40+00:00","dateModified":"2026-01-19T12:09:21+00:00","description":"Strands LED Rundumleuchte orange - ECE R65 - 12&24 volt - f\u00fcr den Einsatz auf \u00f6ffentlichen Stra\u00dfen zugelassen - f\u00fcr Auto, LKW, Traktor und mehr - mit 24 LED's","breadcrumb":{"@id":"https:\/\/www.alldayled.com\/de\/produkt\/strands-led-zwaailamp-oranje\/#breadcrumb"},"inLanguage":"de","potentialAction":[{"@type":"ReadAction","target":["https:\/\/www.alldayled.com\/de\/produkt\/strands-led-zwaailamp-oranje\/"]}]},{"@type":"ImageObject","inLanguage":"de","@id":"https:\/\/www.alldayled.com\/de\/produkt\/strands-led-zwaailamp-oranje\/#primaryimage","url":"https:\/\/www.alldayled.com\/wp-content\/uploads\/2020\/05\/ADL09056.png","contentUrl":"https:\/\/www.alldayled.com\/wp-content\/uploads\/2020\/05\/ADL09056.png","width":800,"height":600,"caption":"Strands LED Rundumleuchte 183 mm mit orangefarbenem Glas - ersetzbar f\u00fcr Hella KL7000 - f\u00fcr 12 und 24 Volt Betrieb - 3 Blinkmuster - EAN: 7323030003821"},{"@type":"BreadcrumbList","@id":"https:\/\/www.alldayled.com\/de\/produkt\/strands-led-zwaailamp-oranje\/#breadcrumb","itemListElement":[{"@type":"ListItem","position":1,"name":"Home","item":"https:\/\/www.alldayled.com\/de\/"},{"@type":"ListItem","position":2,"name":"Shop","item":"https:\/\/www.alldayled.com\/de\/shop\/"},{"@type":"ListItem","position":3,"name":"Warnleuchten","item":"https:\/\/www.alldayled.com\/de\/produkt-kategorie\/blitzlichter\/"},{"@type":"ListItem","position":4,"name":"Rundumleuchte","item":"https:\/\/www.alldayled.com\/de\/produkt-kategorie\/blitzlichter\/zwaailamp\/"},{"@type":"ListItem","position":5,"name":"Strands LED Rundumleuchte orange"}]},{"@type":"WebSite","@id":"https:\/\/www.alldayled.com\/de\/#website","url":"https:\/\/www.alldayled.com\/de\/","name":"All Day Led","description":"Verlichting voor 12&amp;24 volt gebruik","publisher":{"@id":"https:\/\/www.alldayled.com\/de\/#organization"},"potentialAction":[{"@type":"SearchAction","target":{"@type":"EntryPoint","urlTemplate":"https:\/\/www.alldayled.com\/de\/?s={search_term_string}"},"query-input":{"@type":"PropertyValueSpecification","valueRequired":true,"valueName":"search_term_string"}}],"inLanguage":"de"},{"@type":"Organization","@id":"https:\/\/www.alldayled.com\/de\/#organization","name":"All Day Led","url":"https:\/\/www.alldayled.com\/de\/","logo":{"@type":"ImageObject","inLanguage":"de","@id":"https:\/\/www.alldayled.com\/de\/#\/schema\/logo\/image\/","url":"https:\/\/www.alldayled.com\/wp-content\/uploads\/2025\/10\/Logo-ALL-DAY-LED-800x800-zwart-witte-letters.png","contentUrl":"https:\/\/www.alldayled.com\/wp-content\/uploads\/2025\/10\/Logo-ALL-DAY-LED-800x800-zwart-witte-letters.png","width":800,"height":800,"caption":"All Day Led"},"image":{"@id":"https:\/\/www.alldayled.com\/de\/#\/schema\/logo\/image\/"},"sameAs":["https:\/\/www.facebook.com\/alldayled\/","https:\/\/www.instagram.com\/alldayled\/"],"vatID":"NL863960133B01","taxID":"86416545"}]},"product_brand":"Strands","product_price_amount":"99.00","product_price_currency":"EUR","og_availability":"instock","product_availability":"instock","product_retailer_item_id":"ADL809056","product_condition":"new"},"_links":{"self":[{"href":"https:\/\/www.alldayled.com\/de\/wp-json\/wp\/v2\/product\/67327","targetHints":{"allow":["GET"]}}],"collection":[{"href":"https:\/\/www.alldayled.com\/de\/wp-json\/wp\/v2\/product"}],"about":[{"href":"https:\/\/www.alldayled.com\/de\/wp-json\/wp\/v2\/types\/product"}],"replies":[{"embeddable":true,"href":"https:\/\/www.alldayled.com\/de\/wp-json\/wp\/v2\/comments?post=67327"}],"wp:featuredmedia":[{"embeddable":true,"href":"https:\/\/www.alldayled.com\/de\/wp-json\/wp\/v2\/media\/15693"}],"wp:attachment":[{"href":"https:\/\/www.alldayled.com\/de\/wp-json\/wp\/v2\/media?parent=67327"}],"wp:term":[{"taxonomy":"product_brand","embeddable":true,"href":"https:\/\/www.alldayled.com\/de\/wp-json\/wp\/v2\/product_brand?post=67327"},{"taxonomy":"product_cat","embeddable":true,"href":"https:\/\/www.alldayled.com\/de\/wp-json\/wp\/v2\/product_cat?post=67327"},{"taxonomy":"product_tag","embeddable":true,"href":"https:\/\/www.alldayled.com\/de\/wp-json\/wp\/v2\/product_tag?post=67327"}],"curies":[{"name":"wp","href":"https:\/\/api.w.org\/{rel}","templated":true}]}}