{"id":67374,"date":"2024-07-16T09:14:41","date_gmt":"2024-07-16T07:14:41","guid":{"rendered":"https:\/\/www.alldayled.com\/product\/led-toplamp-dual-color-rechts\/"},"modified":"2026-01-19T21:02:01","modified_gmt":"2026-01-19T20:02:01","slug":"led-toplamp-dual-color-rechts","status":"publish","type":"product","link":"https:\/\/www.alldayled.com\/de\/produkt\/led-toplamp-dual-color-rechts\/","title":{"rendered":"LED Topleuchte DUAL COLOR &#8211; rechts"},"content":{"rendered":"<p><span style=\"color: #000000;\"><strong>LED Topleuchte DUAL COLOR rechts, f\u00fcr 24 Volt Betrieb.<\/strong><\/span><\/p>\n<p><span style=\"color: #000000;\">Suchst du nach der bekannten Volvo LED Topleuchte mit flacher Unterseite und zweifarbigem Licht? Dann ist die LED Topleuchte DUAL COLOR rechts der Marke Nedking vielleicht genau das, was du suchst. Das Toplicht hat 3 kr\u00e4ftige LED&#8217;s und kann wahlweise wei\u00df oder orange leuchten. So entscheidest du selbst, welche Farbe du verwendest, abh\u00e4ngig von deiner Situation oder deinem Stil. Achtung: Die Topleuchte funktioniert nur mit 24 Volt, wodurch sie ideal f\u00fcr deinen LKW oder Anh\u00e4nger ist.    <\/span><\/p>\n<p><span style=\"color: #000000;\">Um sicherzustellen, dass diese Topleuchte das ist, was du suchst, haben wir ein paar wichtige Eigenschaften aufgelistet. Die Volvo Topleuchte DUAL COLOR rechts wird mit einem abgerundeten Montagerubber geliefert, damit du sie einfach an deiner Kabine montieren kannst. Die Lampe hat das ECE R10 Pr\u00fcfzeichen, was bedeutet, dass sie bei korrekter Montage keine St\u00f6rungen, zum Beispiel an deinem Radiosignal, verursacht. Zudem wird die LED Lampe mit 20 cm Kabel geliefert, wodurch die Installation schnell und einfach erfolgt.   <\/span><\/p>\n<h5><span style=\"color: #000000;\"><strong>Weitere Modelle:<\/strong><\/span><\/h5>\n<p><span style=\"color: #000000;\">M\u00f6chtest du eine Volvo LED Topleuchte montieren, aber ist die DUAL COLOR rechts mit abgerundetem Montagerubber nicht ganz das, was du suchst? Kein Problem! Nedking bietet die zweifarbige LED Topleuchte auch in verschiedenen anderen Ausf\u00fchrungen an:<\/span><\/p>\n<ul>\n<li><span style=\"color: #000000;\"><a style=\"color: #000000;\" href=\"https:\/\/www.alldayled.com\/de\/produkt\/led-toplamp-dual-color-links\/\"><strong>Volvo LED Toplicht LINKS<\/strong><\/a><\/span><\/li>\n<li><span style=\"color: #000000;\"><a style=\"color: #000000;\" href=\"https:\/\/www.alldayled.com\/de\/produkt\/led-toplamp-dual-color\/\"><strong>Volvo LED Toplicht flach<\/strong><\/a><\/span><\/li>\n<\/ul>\n<p><span style=\"color: #000000;\">Bist du nach dem Lesen aller Spezifikationen und Eigenschaften dieser Lampe immer noch nicht \u00fcberzeugt? Einfach weil die Farbe, Form oder Spannung der LED Topleuchte DUAL COLOR nicht deinen W\u00fcnschen entspricht? Dann sieh dir hier das komplette Beleuchtungsangebot der Marke <a style=\"color: #000000;\" href=\"https:\/\/www.alldayled.com\/de\/marke\/product-nedking\/\" target=\"_blank\" rel=\"noopener\">Nedking<\/a> an.  <\/span><\/p>\n","protected":false},"excerpt":{"rendered":"<p>Nedking LED Topleuchte wei\u00df und orange mit abgerundetem Gummifu\u00df rechts, geeignet f\u00fcr 24 Volt.<\/p>\n","protected":false},"featured_media":29988,"comment_status":"open","ping_status":"closed","template":"","meta":{"_acf_changed":false},"product_brand":[6505],"product_cat":[5346],"product_tag":[9515,9187,9184],"class_list":{"0":"post-67374","1":"product","2":"type-product","3":"status-publish","4":"has-post-thumbnail","6":"product_brand-product-nedking","7":"product_cat-toplichten","8":"product_tag-led-topleuchte","9":"product_tag-nedking","10":"product_tag-nedking-beleuchtung","12":"first","13":"instock","14":"taxable","15":"shipping-taxable","16":"purchasable","17":"product-type-simple"},"acf":[],"yoast_head":"<!-- This site is optimized with the Yoast SEO Premium plugin v26.5 (Yoast SEO v27.1.1) - https:\/\/yoast.com\/product\/yoast-seo-premium-wordpress\/ -->\n<title>LED Topleuchte DUAL COLOR rechts - All Day Led - f\u00fcr 24 Volt Betrieb<\/title>\n<meta name=\"description\" content=\"LED Topleuchte DUAL COLOR rechts - bekannte Volvo LED Topleuchte mit schr\u00e4gem Montagerubber - DUAL COLOR WEISS-AMBER - f\u00fcr eine LKW Kabine\" \/>\n<meta name=\"robots\" content=\"index, follow, max-snippet:-1, max-image-preview:large, max-video-preview:-1\" \/>\n<link rel=\"canonical\" href=\"https:\/\/www.alldayled.com\/de\/produkt\/led-toplamp-dual-color-rechts\/\" \/>\n<meta property=\"og:locale\" content=\"de_DE\" \/>\n<meta property=\"og:type\" content=\"article\" \/>\n<meta property=\"og:title\" content=\"LED Topleuchte DUAL COLOR rechts - All Day Led - f\u00fcr 24 Volt Betrieb\" \/>\n<meta property=\"og:description\" content=\"LED Topleuchte DUAL COLOR rechts - bekannte Volvo LED Topleuchte mit schr\u00e4gem Montagerubber - DUAL COLOR WEISS-AMBER - f\u00fcr eine LKW Kabine\" \/>\n<meta property=\"og:url\" content=\"https:\/\/www.alldayled.com\/de\/produkt\/led-toplamp-dual-color-rechts\/\" \/>\n<meta property=\"og:site_name\" content=\"All Day Led\" \/>\n<meta property=\"article:publisher\" content=\"https:\/\/www.facebook.com\/alldayled\/\" \/>\n<meta property=\"article:modified_time\" content=\"2026-01-19T20:02:01+00:00\" \/>\n<meta property=\"og:image\" content=\"https:\/\/www.alldayled.com\/wp-content\/uploads\/2024\/08\/ADL81033RWA-LED.01-300x300.png\" \/>\n<meta name=\"twitter:label1\" content=\"Preis\" \/>\n\t<meta name=\"twitter:data1\" content=\"&euro;&nbsp;37,95\" \/>\n\t<meta name=\"twitter:label2\" content=\"Verf\u00fcgbarkeit\" \/>\n\t<meta name=\"twitter:data2\" content=\"Auf Lager\" \/>\n<script type=\"application\/ld+json\" class=\"yoast-schema-graph\">{\"@context\":\"https:\/\/schema.org\",\"@graph\":[{\"@type\":\"WebPage\",\"@id\":\"https:\/\/www.alldayled.com\/de\/produkt\/led-toplamp-dual-color-rechts\/\",\"url\":\"https:\/\/www.alldayled.com\/de\/produkt\/led-toplamp-dual-color-rechts\/\",\"name\":\"LED Topleuchte DUAL COLOR rechts - All Day Led - f\u00fcr 24 Volt Betrieb\",\"isPartOf\":{\"@id\":\"https:\/\/www.alldayled.com\/de\/#website\"},\"primaryImageOfPage\":{\"@id\":\"https:\/\/www.alldayled.com\/de\/produkt\/led-toplamp-dual-color-rechts\/#primaryimage\"},\"image\":{\"@id\":\"https:\/\/www.alldayled.com\/de\/produkt\/led-toplamp-dual-color-rechts\/#primaryimage\"},\"thumbnailUrl\":\"https:\/\/www.alldayled.com\/wp-content\/uploads\/2024\/07\/ADL81033RWA-LED.png\",\"datePublished\":\"2024-07-16T07:14:41+00:00\",\"dateModified\":\"2026-01-19T20:02:01+00:00\",\"description\":\"LED Topleuchte DUAL COLOR rechts - bekannte Volvo LED Topleuchte mit schr\u00e4gem Montagerubber - DUAL COLOR WEISS-AMBER - f\u00fcr eine LKW Kabine\",\"breadcrumb\":{\"@id\":\"https:\/\/www.alldayled.com\/de\/produkt\/led-toplamp-dual-color-rechts\/#breadcrumb\"},\"inLanguage\":\"de\",\"potentialAction\":[{\"@type\":\"ReadAction\",\"target\":[\"https:\/\/www.alldayled.com\/de\/produkt\/led-toplamp-dual-color-rechts\/\"]}]},{\"@type\":\"ImageObject\",\"inLanguage\":\"de\",\"@id\":\"https:\/\/www.alldayled.com\/de\/produkt\/led-toplamp-dual-color-rechts\/#primaryimage\",\"url\":\"https:\/\/www.alldayled.com\/wp-content\/uploads\/2024\/07\/ADL81033RWA-LED.png\",\"contentUrl\":\"https:\/\/www.alldayled.com\/wp-content\/uploads\/2024\/07\/ADL81033RWA-LED.png\",\"width\":800,\"height\":600,\"caption\":\"Volvo LED Topleuchte DUAL COLOR RECHTS - NEDKING LED Topleuchte f\u00fcr eine LKW Kabine - zweifarbiges Standlicht ORANGE\/WEISS - geeignet unter anderem f\u00fcr Kabinendach\"},{\"@type\":\"BreadcrumbList\",\"@id\":\"https:\/\/www.alldayled.com\/de\/produkt\/led-toplamp-dual-color-rechts\/#breadcrumb\",\"itemListElement\":[{\"@type\":\"ListItem\",\"position\":1,\"name\":\"Home\",\"item\":\"https:\/\/www.alldayled.com\/de\/\"},{\"@type\":\"ListItem\",\"position\":2,\"name\":\"Shop\",\"item\":\"https:\/\/www.alldayled.com\/de\/shop\/\"},{\"@type\":\"ListItem\",\"position\":3,\"name\":\"Andere\",\"item\":\"https:\/\/www.alldayled.com\/de\/produkt-kategorie\/andere-produkte\/\"},{\"@type\":\"ListItem\",\"position\":4,\"name\":\"Top leuchten\",\"item\":\"https:\/\/www.alldayled.com\/de\/produkt-kategorie\/andere-produkte\/toplichten\/\"},{\"@type\":\"ListItem\",\"position\":5,\"name\":\"LED Topleuchte DUAL COLOR &#8211; rechts\"}]},{\"@type\":\"WebSite\",\"@id\":\"https:\/\/www.alldayled.com\/de\/#website\",\"url\":\"https:\/\/www.alldayled.com\/de\/\",\"name\":\"All Day Led\",\"description\":\"Verlichting voor 12&amp;24 volt gebruik\",\"publisher\":{\"@id\":\"https:\/\/www.alldayled.com\/de\/#organization\"},\"potentialAction\":[{\"@type\":\"SearchAction\",\"target\":{\"@type\":\"EntryPoint\",\"urlTemplate\":\"https:\/\/www.alldayled.com\/de\/?s={search_term_string}\"},\"query-input\":{\"@type\":\"PropertyValueSpecification\",\"valueRequired\":true,\"valueName\":\"search_term_string\"}}],\"inLanguage\":\"de\"},{\"@type\":\"Organization\",\"@id\":\"https:\/\/www.alldayled.com\/de\/#organization\",\"name\":\"All Day Led\",\"url\":\"https:\/\/www.alldayled.com\/de\/\",\"logo\":{\"@type\":\"ImageObject\",\"inLanguage\":\"de\",\"@id\":\"https:\/\/www.alldayled.com\/de\/#\/schema\/logo\/image\/\",\"url\":\"https:\/\/www.alldayled.com\/wp-content\/uploads\/2025\/10\/Logo-ALL-DAY-LED-800x800-zwart-witte-letters.png\",\"contentUrl\":\"https:\/\/www.alldayled.com\/wp-content\/uploads\/2025\/10\/Logo-ALL-DAY-LED-800x800-zwart-witte-letters.png\",\"width\":800,\"height\":800,\"caption\":\"All Day Led\"},\"image\":{\"@id\":\"https:\/\/www.alldayled.com\/de\/#\/schema\/logo\/image\/\"},\"sameAs\":[\"https:\/\/www.facebook.com\/alldayled\/\",\"https:\/\/www.instagram.com\/alldayled\/\"],\"vatID\":\"NL863960133B01\",\"taxID\":\"86416545\"}]}<\/script>\n<meta property=\"product:brand\" content=\"Nedking\" \/>\n<meta property=\"product:price:amount\" content=\"37.95\" \/>\n<meta property=\"product:price:currency\" content=\"EUR\" \/>\n<meta property=\"og:availability\" content=\"instock\" \/>\n<meta property=\"product:availability\" content=\"instock\" \/>\n<meta property=\"product:retailer_item_id\" content=\"ADL81033RWA-LED\" \/>\n<meta property=\"product:condition\" content=\"new\" \/>\n<!-- \/ Yoast SEO Premium plugin. -->","yoast_head_json":{"title":"LED Topleuchte DUAL COLOR rechts - All Day Led - f\u00fcr 24 Volt Betrieb","description":"LED Topleuchte DUAL COLOR rechts - bekannte Volvo LED Topleuchte mit schr\u00e4gem Montagerubber - DUAL COLOR WEISS-AMBER - f\u00fcr eine LKW Kabine","robots":{"index":"index","follow":"follow","max-snippet":"max-snippet:-1","max-image-preview":"max-image-preview:large","max-video-preview":"max-video-preview:-1"},"canonical":"https:\/\/www.alldayled.com\/de\/produkt\/led-toplamp-dual-color-rechts\/","og_locale":"de_DE","og_type":"article","og_title":"LED Topleuchte DUAL COLOR rechts - All Day Led - f\u00fcr 24 Volt Betrieb","og_description":"LED Topleuchte DUAL COLOR rechts - bekannte Volvo LED Topleuchte mit schr\u00e4gem Montagerubber - DUAL COLOR WEISS-AMBER - f\u00fcr eine LKW Kabine","og_url":"https:\/\/www.alldayled.com\/de\/produkt\/led-toplamp-dual-color-rechts\/","og_site_name":"All Day Led","article_publisher":"https:\/\/www.facebook.com\/alldayled\/","article_modified_time":"2026-01-19T20:02:01+00:00","og_image":[{"url":"https:\/\/www.alldayled.com\/wp-content\/uploads\/2024\/08\/ADL81033RWA-LED.01-300x300.png","type":"","width":"","height":""}],"twitter_misc":{"Preis":"&euro;&nbsp;37,95","Verf\u00fcgbarkeit":"Auf Lager"},"schema":{"@context":"https:\/\/schema.org","@graph":[{"@type":"WebPage","@id":"https:\/\/www.alldayled.com\/de\/produkt\/led-toplamp-dual-color-rechts\/","url":"https:\/\/www.alldayled.com\/de\/produkt\/led-toplamp-dual-color-rechts\/","name":"LED Topleuchte DUAL COLOR rechts - All Day Led - f\u00fcr 24 Volt Betrieb","isPartOf":{"@id":"https:\/\/www.alldayled.com\/de\/#website"},"primaryImageOfPage":{"@id":"https:\/\/www.alldayled.com\/de\/produkt\/led-toplamp-dual-color-rechts\/#primaryimage"},"image":{"@id":"https:\/\/www.alldayled.com\/de\/produkt\/led-toplamp-dual-color-rechts\/#primaryimage"},"thumbnailUrl":"https:\/\/www.alldayled.com\/wp-content\/uploads\/2024\/07\/ADL81033RWA-LED.png","datePublished":"2024-07-16T07:14:41+00:00","dateModified":"2026-01-19T20:02:01+00:00","description":"LED Topleuchte DUAL COLOR rechts - bekannte Volvo LED Topleuchte mit schr\u00e4gem Montagerubber - DUAL COLOR WEISS-AMBER - f\u00fcr eine LKW Kabine","breadcrumb":{"@id":"https:\/\/www.alldayled.com\/de\/produkt\/led-toplamp-dual-color-rechts\/#breadcrumb"},"inLanguage":"de","potentialAction":[{"@type":"ReadAction","target":["https:\/\/www.alldayled.com\/de\/produkt\/led-toplamp-dual-color-rechts\/"]}]},{"@type":"ImageObject","inLanguage":"de","@id":"https:\/\/www.alldayled.com\/de\/produkt\/led-toplamp-dual-color-rechts\/#primaryimage","url":"https:\/\/www.alldayled.com\/wp-content\/uploads\/2024\/07\/ADL81033RWA-LED.png","contentUrl":"https:\/\/www.alldayled.com\/wp-content\/uploads\/2024\/07\/ADL81033RWA-LED.png","width":800,"height":600,"caption":"Volvo LED Topleuchte DUAL COLOR RECHTS - NEDKING LED Topleuchte f\u00fcr eine LKW Kabine - zweifarbiges Standlicht ORANGE\/WEISS - geeignet unter anderem f\u00fcr Kabinendach"},{"@type":"BreadcrumbList","@id":"https:\/\/www.alldayled.com\/de\/produkt\/led-toplamp-dual-color-rechts\/#breadcrumb","itemListElement":[{"@type":"ListItem","position":1,"name":"Home","item":"https:\/\/www.alldayled.com\/de\/"},{"@type":"ListItem","position":2,"name":"Shop","item":"https:\/\/www.alldayled.com\/de\/shop\/"},{"@type":"ListItem","position":3,"name":"Andere","item":"https:\/\/www.alldayled.com\/de\/produkt-kategorie\/andere-produkte\/"},{"@type":"ListItem","position":4,"name":"Top leuchten","item":"https:\/\/www.alldayled.com\/de\/produkt-kategorie\/andere-produkte\/toplichten\/"},{"@type":"ListItem","position":5,"name":"LED Topleuchte DUAL COLOR &#8211; rechts"}]},{"@type":"WebSite","@id":"https:\/\/www.alldayled.com\/de\/#website","url":"https:\/\/www.alldayled.com\/de\/","name":"All Day Led","description":"Verlichting voor 12&amp;24 volt gebruik","publisher":{"@id":"https:\/\/www.alldayled.com\/de\/#organization"},"potentialAction":[{"@type":"SearchAction","target":{"@type":"EntryPoint","urlTemplate":"https:\/\/www.alldayled.com\/de\/?s={search_term_string}"},"query-input":{"@type":"PropertyValueSpecification","valueRequired":true,"valueName":"search_term_string"}}],"inLanguage":"de"},{"@type":"Organization","@id":"https:\/\/www.alldayled.com\/de\/#organization","name":"All Day Led","url":"https:\/\/www.alldayled.com\/de\/","logo":{"@type":"ImageObject","inLanguage":"de","@id":"https:\/\/www.alldayled.com\/de\/#\/schema\/logo\/image\/","url":"https:\/\/www.alldayled.com\/wp-content\/uploads\/2025\/10\/Logo-ALL-DAY-LED-800x800-zwart-witte-letters.png","contentUrl":"https:\/\/www.alldayled.com\/wp-content\/uploads\/2025\/10\/Logo-ALL-DAY-LED-800x800-zwart-witte-letters.png","width":800,"height":800,"caption":"All Day Led"},"image":{"@id":"https:\/\/www.alldayled.com\/de\/#\/schema\/logo\/image\/"},"sameAs":["https:\/\/www.facebook.com\/alldayled\/","https:\/\/www.instagram.com\/alldayled\/"],"vatID":"NL863960133B01","taxID":"86416545"}]},"product_brand":"Nedking","product_price_amount":"37.95","product_price_currency":"EUR","og_availability":"instock","product_availability":"instock","product_retailer_item_id":"ADL81033RWA-LED","product_condition":"new"},"_links":{"self":[{"href":"https:\/\/www.alldayled.com\/de\/wp-json\/wp\/v2\/product\/67374","targetHints":{"allow":["GET"]}}],"collection":[{"href":"https:\/\/www.alldayled.com\/de\/wp-json\/wp\/v2\/product"}],"about":[{"href":"https:\/\/www.alldayled.com\/de\/wp-json\/wp\/v2\/types\/product"}],"replies":[{"embeddable":true,"href":"https:\/\/www.alldayled.com\/de\/wp-json\/wp\/v2\/comments?post=67374"}],"wp:featuredmedia":[{"embeddable":true,"href":"https:\/\/www.alldayled.com\/de\/wp-json\/wp\/v2\/media\/29988"}],"wp:attachment":[{"href":"https:\/\/www.alldayled.com\/de\/wp-json\/wp\/v2\/media?parent=67374"}],"wp:term":[{"taxonomy":"product_brand","embeddable":true,"href":"https:\/\/www.alldayled.com\/de\/wp-json\/wp\/v2\/product_brand?post=67374"},{"taxonomy":"product_cat","embeddable":true,"href":"https:\/\/www.alldayled.com\/de\/wp-json\/wp\/v2\/product_cat?post=67374"},{"taxonomy":"product_tag","embeddable":true,"href":"https:\/\/www.alldayled.com\/de\/wp-json\/wp\/v2\/product_tag?post=67374"}],"curies":[{"name":"wp","href":"https:\/\/api.w.org\/{rel}","templated":true}]}}