{"id":67379,"date":"2021-09-08T09:30:54","date_gmt":"2021-09-08T07:30:54","guid":{"rendered":"https:\/\/www.alldayled.com\/product\/led-toplamp-wit-24-volt\/"},"modified":"2026-03-29T17:33:21","modified_gmt":"2026-03-29T15:33:21","slug":"led-toplamp-wit-24-volt","status":"publish","type":"product","link":"https:\/\/www.alldayled.com\/de\/produkt\/led-toplamp-wit-24-volt\/","title":{"rendered":"LED Topleuchte wei\u00df 24 Volt"},"content":{"rendered":"<p><span style=\"color: #000000;\"><strong>Volvo LED Topleuchte wei\u00df, geeignet f\u00fcr 24 Volt Betrieb.<\/strong><\/span><\/p>\n<p><span style=\"color: #000000;\">Suchst du eine LED Topleuchte, die du einfach an der Kabine deines LKW montieren kannst? Dann ist diese wei\u00df leuchtende LED Topleuchte vielleicht genau das, was du suchst. Die Leuchte ist mit 3 leistungsstarken LED&#8217;s ausgestattet. Dadurch verbrauchst du wenig Strom, bist aber trotzdem gut sichtbar auf der Stra\u00dfe. Das bedeutet, dass du sowohl tags\u00fcber als auch abends sicher unterwegs bist. Achtung: Die Topleuchte funktioniert nur mit 24 Volt. Das macht sie ideal f\u00fcr den Einsatz an deinem LKW oder Anh\u00e4nger.      <\/span><\/p>\n<p><span style=\"color: #000000;\">Um sicherzustellen, dass diese wei\u00dfe LED Topleuchte f\u00fcr dein Fahrzeug geeignet ist, haben wir die wichtigsten Spezifikationen unten aufgelistet. Die Leuchte ist mit dem ECE R10 Pr\u00fcfzeichen versehen, was bedeutet, dass sie keine St\u00f6rungen, zum Beispiel an deinem Funksignal, verursacht. Zudem besitzt die Leuchte das ECE R7 Pr\u00fcfzeichen, wodurch sie offiziell als Begrenzungsleuchte verwendet werden darf. Um die Installation noch einfacher zu gestalten, wird die Topleuchte mit einem originalen Anschlussstecker geliefert. Damit schlie\u00dft du die Leuchte schnell und problemlos an. Kurz gesagt, diese LED Topleuchte kombiniert Sicherheit, Sichtbarkeit und Komfort und ist eine perfekte Wahl f\u00fcr jeden, der seinen LKW oder Anh\u00e4nger mit zuverl\u00e4ssiger Beleuchtung ausstatten m\u00f6chte.     <\/span><\/p>\n<h5><span style=\"color: #000000;\"><strong>Andere Farben:<\/strong><\/span><\/h5>\n<p><span style=\"color: #000000;\">Suchst du eine LED Topleuchte f\u00fcr deinen LKW, m\u00f6chtest aber nicht die Ausf\u00fchrung mit wei\u00dfen LED&#8217;s? Dann wisse, dass die Nedking LED Leuchte auch mit oranger LED erh\u00e4ltlich ist. Die Ausf\u00fchrung mit orangefarbenem Glas und LED findest du hier:   <\/span><\/p>\n<ul>\n<li><span style=\"color: #000000;\"><a style=\"color: #000000;\" href=\"https:\/\/www.alldayled.com\/de\/produkt\/led-toplamp-oranje-24-volt\/\"><strong>Volvo LED Topleuchte &#8211; orange <\/strong><\/a><\/span><\/li>\n<\/ul>\n<p><span style=\"color: #000000;\">Bist du doch der Meinung, dass die Volvo LED Topleuchte wei\u00df nicht das ist, was du suchst?? Einfach weil die Farbe oder Spannung nicht deinen W\u00fcnschen entspricht? Dann schau dir doch auch unsere Seite <g id=\"gid_0\">LKW Beleuchtung<\/g> an. Vielleicht findest du hier das Lampenmodell, nach dem du suchst.    <\/span><\/p>\n","protected":false},"excerpt":{"rendered":"<p>Nedking LED Topleuchte wei\u00df mit flachem Gummifu\u00df, geeignet f\u00fcr 24 Volt.<\/p>\n","protected":false},"featured_media":19923,"comment_status":"open","ping_status":"closed","template":"","meta":{"_acf_changed":false},"product_brand":[6505],"product_cat":[5346],"product_tag":[9515],"class_list":{"0":"post-67379","1":"product","2":"type-product","3":"status-publish","4":"has-post-thumbnail","6":"product_brand-product-nedking","7":"product_cat-toplichten","8":"product_tag-led-topleuchte","10":"first","11":"instock","12":"taxable","13":"shipping-taxable","14":"purchasable","15":"product-type-simple"},"acf":[],"yoast_head":"<!-- This site is optimized with the Yoast SEO Premium plugin v26.5 (Yoast SEO v27.1.1) - https:\/\/yoast.com\/product\/yoast-seo-premium-wordpress\/ -->\n<title>LED Topleuchte wei\u00df Volvo - All Day Led - f\u00fcr 24 Volt Betrieb<\/title>\n<meta name=\"description\" content=\"LED Topleuchte wei\u00df Volvo - wei\u00dfe LED Dachlampe - mit 3 LED&#039;s - sofort lieferbar - f\u00fcr LKW und mehr - Plug &amp; Play Stecker\" \/>\n<meta name=\"robots\" content=\"index, follow, max-snippet:-1, max-image-preview:large, max-video-preview:-1\" \/>\n<link rel=\"canonical\" href=\"https:\/\/www.alldayled.com\/de\/produkt\/led-toplamp-wit-24-volt\/\" \/>\n<meta property=\"og:locale\" content=\"de_DE\" \/>\n<meta property=\"og:type\" content=\"article\" \/>\n<meta property=\"og:title\" content=\"LED Topleuchte wei\u00df Volvo - All Day Led - f\u00fcr 24 Volt Betrieb\" \/>\n<meta property=\"og:description\" content=\"LED Topleuchte wei\u00df Volvo - wei\u00dfe LED Dachlampe - mit 3 LED&#039;s - sofort lieferbar - f\u00fcr LKW und mehr - Plug &amp; Play Stecker\" \/>\n<meta property=\"og:url\" content=\"https:\/\/www.alldayled.com\/de\/produkt\/led-toplamp-wit-24-volt\/\" \/>\n<meta property=\"og:site_name\" content=\"All Day Led\" \/>\n<meta property=\"article:publisher\" content=\"https:\/\/www.facebook.com\/alldayled\/\" \/>\n<meta property=\"article:modified_time\" content=\"2026-03-29T15:33:21+00:00\" \/>\n<meta property=\"og:image\" content=\"https:\/\/www.alldayled.com\/wp-content\/uploads\/2024\/08\/ADL00220.01-300x300.png\" \/>\n<meta name=\"twitter:label1\" content=\"Preis\" \/>\n\t<meta name=\"twitter:data1\" content=\"&euro;&nbsp;22,95\" \/>\n\t<meta name=\"twitter:label2\" content=\"Verf\u00fcgbarkeit\" \/>\n\t<meta name=\"twitter:data2\" content=\"Auf Lager\" \/>\n<script type=\"application\/ld+json\" class=\"yoast-schema-graph\">{\"@context\":\"https:\/\/schema.org\",\"@graph\":[{\"@type\":\"WebPage\",\"@id\":\"https:\/\/www.alldayled.com\/de\/produkt\/led-toplamp-wit-24-volt\/\",\"url\":\"https:\/\/www.alldayled.com\/de\/produkt\/led-toplamp-wit-24-volt\/\",\"name\":\"LED Topleuchte wei\u00df Volvo - All Day Led - f\u00fcr 24 Volt Betrieb\",\"isPartOf\":{\"@id\":\"https:\/\/www.alldayled.com\/de\/#website\"},\"primaryImageOfPage\":{\"@id\":\"https:\/\/www.alldayled.com\/de\/produkt\/led-toplamp-wit-24-volt\/#primaryimage\"},\"image\":{\"@id\":\"https:\/\/www.alldayled.com\/de\/produkt\/led-toplamp-wit-24-volt\/#primaryimage\"},\"thumbnailUrl\":\"https:\/\/www.alldayled.com\/wp-content\/uploads\/2021\/09\/ADL00220-01.png\",\"datePublished\":\"2021-09-08T07:30:54+00:00\",\"dateModified\":\"2026-03-29T15:33:21+00:00\",\"description\":\"LED Topleuchte wei\u00df Volvo - wei\u00dfe LED Dachlampe - mit 3 LED's - sofort lieferbar - f\u00fcr LKW und mehr - Plug & Play Stecker\",\"breadcrumb\":{\"@id\":\"https:\/\/www.alldayled.com\/de\/produkt\/led-toplamp-wit-24-volt\/#breadcrumb\"},\"inLanguage\":\"de\",\"potentialAction\":[{\"@type\":\"ReadAction\",\"target\":[\"https:\/\/www.alldayled.com\/de\/produkt\/led-toplamp-wit-24-volt\/\"]}]},{\"@type\":\"ImageObject\",\"inLanguage\":\"de\",\"@id\":\"https:\/\/www.alldayled.com\/de\/produkt\/led-toplamp-wit-24-volt\/#primaryimage\",\"url\":\"https:\/\/www.alldayled.com\/wp-content\/uploads\/2021\/09\/ADL00220-01.png\",\"contentUrl\":\"https:\/\/www.alldayled.com\/wp-content\/uploads\/2021\/09\/ADL00220-01.png\",\"width\":800,\"height\":600,\"caption\":\"Volvo LED Topleuchte mit klarem Glas und wei\u00dfer LED - geeignet f\u00fcr 24 Volt - zur Montage auf deinem Kabinendach und mehr - EAN: 6090547860889\"},{\"@type\":\"BreadcrumbList\",\"@id\":\"https:\/\/www.alldayled.com\/de\/produkt\/led-toplamp-wit-24-volt\/#breadcrumb\",\"itemListElement\":[{\"@type\":\"ListItem\",\"position\":1,\"name\":\"Home\",\"item\":\"https:\/\/www.alldayled.com\/de\/\"},{\"@type\":\"ListItem\",\"position\":2,\"name\":\"Shop\",\"item\":\"https:\/\/www.alldayled.com\/de\/shop\/\"},{\"@type\":\"ListItem\",\"position\":3,\"name\":\"Andere\",\"item\":\"https:\/\/www.alldayled.com\/de\/produkt-kategorie\/andere-produkte\/\"},{\"@type\":\"ListItem\",\"position\":4,\"name\":\"Top leuchten\",\"item\":\"https:\/\/www.alldayled.com\/de\/produkt-kategorie\/andere-produkte\/toplichten\/\"},{\"@type\":\"ListItem\",\"position\":5,\"name\":\"LED Topleuchte wei\u00df 24 Volt\"}]},{\"@type\":\"WebSite\",\"@id\":\"https:\/\/www.alldayled.com\/de\/#website\",\"url\":\"https:\/\/www.alldayled.com\/de\/\",\"name\":\"All Day Led\",\"description\":\"Verlichting voor 12&amp;24 volt gebruik\",\"publisher\":{\"@id\":\"https:\/\/www.alldayled.com\/de\/#organization\"},\"potentialAction\":[{\"@type\":\"SearchAction\",\"target\":{\"@type\":\"EntryPoint\",\"urlTemplate\":\"https:\/\/www.alldayled.com\/de\/?s={search_term_string}\"},\"query-input\":{\"@type\":\"PropertyValueSpecification\",\"valueRequired\":true,\"valueName\":\"search_term_string\"}}],\"inLanguage\":\"de\"},{\"@type\":\"Organization\",\"@id\":\"https:\/\/www.alldayled.com\/de\/#organization\",\"name\":\"All Day Led\",\"url\":\"https:\/\/www.alldayled.com\/de\/\",\"logo\":{\"@type\":\"ImageObject\",\"inLanguage\":\"de\",\"@id\":\"https:\/\/www.alldayled.com\/de\/#\/schema\/logo\/image\/\",\"url\":\"https:\/\/www.alldayled.com\/wp-content\/uploads\/2025\/10\/Logo-ALL-DAY-LED-800x800-zwart-witte-letters.png\",\"contentUrl\":\"https:\/\/www.alldayled.com\/wp-content\/uploads\/2025\/10\/Logo-ALL-DAY-LED-800x800-zwart-witte-letters.png\",\"width\":800,\"height\":800,\"caption\":\"All Day Led\"},\"image\":{\"@id\":\"https:\/\/www.alldayled.com\/de\/#\/schema\/logo\/image\/\"},\"sameAs\":[\"https:\/\/www.facebook.com\/alldayled\/\",\"https:\/\/www.instagram.com\/alldayled\/\"],\"vatID\":\"NL863960133B01\",\"taxID\":\"86416545\"}]}<\/script>\n<meta property=\"product:brand\" content=\"Nedking\" \/>\n<meta property=\"product:price:amount\" content=\"22.95\" \/>\n<meta property=\"product:price:currency\" content=\"EUR\" \/>\n<meta property=\"og:availability\" content=\"instock\" \/>\n<meta property=\"product:availability\" content=\"instock\" \/>\n<meta property=\"product:retailer_item_id\" content=\"ADL01012W-LED\" \/>\n<meta property=\"product:condition\" content=\"new\" \/>\n<!-- \/ Yoast SEO Premium plugin. -->","yoast_head_json":{"title":"LED Topleuchte wei\u00df Volvo - All Day Led - f\u00fcr 24 Volt Betrieb","description":"LED Topleuchte wei\u00df Volvo - wei\u00dfe LED Dachlampe - mit 3 LED's - sofort lieferbar - f\u00fcr LKW und mehr - Plug & Play Stecker","robots":{"index":"index","follow":"follow","max-snippet":"max-snippet:-1","max-image-preview":"max-image-preview:large","max-video-preview":"max-video-preview:-1"},"canonical":"https:\/\/www.alldayled.com\/de\/produkt\/led-toplamp-wit-24-volt\/","og_locale":"de_DE","og_type":"article","og_title":"LED Topleuchte wei\u00df Volvo - All Day Led - f\u00fcr 24 Volt Betrieb","og_description":"LED Topleuchte wei\u00df Volvo - wei\u00dfe LED Dachlampe - mit 3 LED's - sofort lieferbar - f\u00fcr LKW und mehr - Plug & Play Stecker","og_url":"https:\/\/www.alldayled.com\/de\/produkt\/led-toplamp-wit-24-volt\/","og_site_name":"All Day Led","article_publisher":"https:\/\/www.facebook.com\/alldayled\/","article_modified_time":"2026-03-29T15:33:21+00:00","og_image":[{"url":"https:\/\/www.alldayled.com\/wp-content\/uploads\/2024\/08\/ADL00220.01-300x300.png","type":"","width":"","height":""}],"twitter_misc":{"Preis":"&euro;&nbsp;22,95","Verf\u00fcgbarkeit":"Auf Lager"},"schema":{"@context":"https:\/\/schema.org","@graph":[{"@type":"WebPage","@id":"https:\/\/www.alldayled.com\/de\/produkt\/led-toplamp-wit-24-volt\/","url":"https:\/\/www.alldayled.com\/de\/produkt\/led-toplamp-wit-24-volt\/","name":"LED Topleuchte wei\u00df Volvo - All Day Led - f\u00fcr 24 Volt Betrieb","isPartOf":{"@id":"https:\/\/www.alldayled.com\/de\/#website"},"primaryImageOfPage":{"@id":"https:\/\/www.alldayled.com\/de\/produkt\/led-toplamp-wit-24-volt\/#primaryimage"},"image":{"@id":"https:\/\/www.alldayled.com\/de\/produkt\/led-toplamp-wit-24-volt\/#primaryimage"},"thumbnailUrl":"https:\/\/www.alldayled.com\/wp-content\/uploads\/2021\/09\/ADL00220-01.png","datePublished":"2021-09-08T07:30:54+00:00","dateModified":"2026-03-29T15:33:21+00:00","description":"LED Topleuchte wei\u00df Volvo - wei\u00dfe LED Dachlampe - mit 3 LED's - sofort lieferbar - f\u00fcr LKW und mehr - Plug & Play Stecker","breadcrumb":{"@id":"https:\/\/www.alldayled.com\/de\/produkt\/led-toplamp-wit-24-volt\/#breadcrumb"},"inLanguage":"de","potentialAction":[{"@type":"ReadAction","target":["https:\/\/www.alldayled.com\/de\/produkt\/led-toplamp-wit-24-volt\/"]}]},{"@type":"ImageObject","inLanguage":"de","@id":"https:\/\/www.alldayled.com\/de\/produkt\/led-toplamp-wit-24-volt\/#primaryimage","url":"https:\/\/www.alldayled.com\/wp-content\/uploads\/2021\/09\/ADL00220-01.png","contentUrl":"https:\/\/www.alldayled.com\/wp-content\/uploads\/2021\/09\/ADL00220-01.png","width":800,"height":600,"caption":"Volvo LED Topleuchte mit klarem Glas und wei\u00dfer LED - geeignet f\u00fcr 24 Volt - zur Montage auf deinem Kabinendach und mehr - EAN: 6090547860889"},{"@type":"BreadcrumbList","@id":"https:\/\/www.alldayled.com\/de\/produkt\/led-toplamp-wit-24-volt\/#breadcrumb","itemListElement":[{"@type":"ListItem","position":1,"name":"Home","item":"https:\/\/www.alldayled.com\/de\/"},{"@type":"ListItem","position":2,"name":"Shop","item":"https:\/\/www.alldayled.com\/de\/shop\/"},{"@type":"ListItem","position":3,"name":"Andere","item":"https:\/\/www.alldayled.com\/de\/produkt-kategorie\/andere-produkte\/"},{"@type":"ListItem","position":4,"name":"Top leuchten","item":"https:\/\/www.alldayled.com\/de\/produkt-kategorie\/andere-produkte\/toplichten\/"},{"@type":"ListItem","position":5,"name":"LED Topleuchte wei\u00df 24 Volt"}]},{"@type":"WebSite","@id":"https:\/\/www.alldayled.com\/de\/#website","url":"https:\/\/www.alldayled.com\/de\/","name":"All Day Led","description":"Verlichting voor 12&amp;24 volt gebruik","publisher":{"@id":"https:\/\/www.alldayled.com\/de\/#organization"},"potentialAction":[{"@type":"SearchAction","target":{"@type":"EntryPoint","urlTemplate":"https:\/\/www.alldayled.com\/de\/?s={search_term_string}"},"query-input":{"@type":"PropertyValueSpecification","valueRequired":true,"valueName":"search_term_string"}}],"inLanguage":"de"},{"@type":"Organization","@id":"https:\/\/www.alldayled.com\/de\/#organization","name":"All Day Led","url":"https:\/\/www.alldayled.com\/de\/","logo":{"@type":"ImageObject","inLanguage":"de","@id":"https:\/\/www.alldayled.com\/de\/#\/schema\/logo\/image\/","url":"https:\/\/www.alldayled.com\/wp-content\/uploads\/2025\/10\/Logo-ALL-DAY-LED-800x800-zwart-witte-letters.png","contentUrl":"https:\/\/www.alldayled.com\/wp-content\/uploads\/2025\/10\/Logo-ALL-DAY-LED-800x800-zwart-witte-letters.png","width":800,"height":800,"caption":"All Day Led"},"image":{"@id":"https:\/\/www.alldayled.com\/de\/#\/schema\/logo\/image\/"},"sameAs":["https:\/\/www.facebook.com\/alldayled\/","https:\/\/www.instagram.com\/alldayled\/"],"vatID":"NL863960133B01","taxID":"86416545"}]},"product_brand":"Nedking","product_price_amount":"22.95","product_price_currency":"EUR","og_availability":"instock","product_availability":"instock","product_retailer_item_id":"ADL01012W-LED","product_condition":"new"},"_links":{"self":[{"href":"https:\/\/www.alldayled.com\/de\/wp-json\/wp\/v2\/product\/67379","targetHints":{"allow":["GET"]}}],"collection":[{"href":"https:\/\/www.alldayled.com\/de\/wp-json\/wp\/v2\/product"}],"about":[{"href":"https:\/\/www.alldayled.com\/de\/wp-json\/wp\/v2\/types\/product"}],"replies":[{"embeddable":true,"href":"https:\/\/www.alldayled.com\/de\/wp-json\/wp\/v2\/comments?post=67379"}],"wp:featuredmedia":[{"embeddable":true,"href":"https:\/\/www.alldayled.com\/de\/wp-json\/wp\/v2\/media\/19923"}],"wp:attachment":[{"href":"https:\/\/www.alldayled.com\/de\/wp-json\/wp\/v2\/media?parent=67379"}],"wp:term":[{"taxonomy":"product_brand","embeddable":true,"href":"https:\/\/www.alldayled.com\/de\/wp-json\/wp\/v2\/product_brand?post=67379"},{"taxonomy":"product_cat","embeddable":true,"href":"https:\/\/www.alldayled.com\/de\/wp-json\/wp\/v2\/product_cat?post=67379"},{"taxonomy":"product_tag","embeddable":true,"href":"https:\/\/www.alldayled.com\/de\/wp-json\/wp\/v2\/product_tag?post=67379"}],"curies":[{"name":"wp","href":"https:\/\/api.w.org\/{rel}","templated":true}]}}