{"id":67384,"date":"2023-06-27T14:02:51","date_gmt":"2023-06-27T12:02:51","guid":{"rendered":"https:\/\/www.alldayled.com\/product\/led-torpedo-toplamp-chroom-oranje\/"},"modified":"2023-06-27T14:02:51","modified_gmt":"2023-06-27T12:02:51","slug":"led-torpedo-toplamp-chroom-oranje","status":"publish","type":"product","link":"https:\/\/www.alldayled.com\/de\/produkt\/led-torpedo-toplamp-chroom-oranje\/","title":{"rendered":"LED Torpedo Topleuchte Chrom &#8211; Orange"},"content":{"rendered":"<p><span style=\"color: #000000;\"><strong>LED Torpedo Topleuchte Chrom mit orangefarbener Linse.<\/strong><\/span><\/p>\n<p><span style=\"color: #000000;\">Bist du auf der Suche nach einer 38 cm langen, verchromten LED-Topleuchte, die sowohl leistungsstark als auch stilvoll ist? Dann ist die amerikanische LED Torpedo Topleuchte Chrom mit orangefarbener Linse genau das, was du brauchst. Diese Lampe montierst du einfach auf der Kabine deines LKWs oder Trailers. Dank der 16-LED-Platine verbreitet sie einen sch\u00f6nen, ebenm\u00e4\u00dfigen orangen Schein. Dies sorgt nicht nur f\u00fcr ein schlankes Aussehen, sondern auch f\u00fcr optimale Sichtbarkeit. Achtung: Das eingebaute LED-Modul funktioniert ausschlie\u00dflich mit 24 Volt. Das bedeutet, dass du die Lampe vor allem auf Fahrzeugen verwenden kannst, die 24-Volt-Systeme haben, wie LKWs und Trailer. So wei\u00dft du sicher, dass du Topleistungen und Sicherheit in einer Lampe kombinierst.       <\/span><\/p>\n<p><span style=\"color: #000000;\">Die Topleuchte wird inklusive RVS-Befestigungsmaterial und einer Gummiplatte geliefert. Platziere die Gummiplatte immer zwischen der Lampe und der Kabine. Auf diese Weise sch\u00fctzt du den Lack vor Kratzern und Dellen und sorgst daf\u00fcr, dass die Lampe fest und stabil sitzt. Au\u00dferdem macht der Gummiuntergrund die Lampe wasserdicht, sodass sie gegen Regen, Staub und Schmutz best\u00e4ndig ist. Dadurch bleibt deine Topleuchte jahrelang in Top-Zustand, unabh\u00e4ngig von den Wetterbedingungen. Kurz gesagt, mit dieser amerikanischen LED Torpedo Topleuchte entscheidest du dich f\u00fcr Nachhaltigkeit, Sicherheit und ein schlankes Aussehen.     <\/span><\/p>\n<h5><span style=\"color: #000000;\"><strong>Andere Farben:<\/strong><\/span><\/h5>\n<p><span style=\"color: #000000;\">M\u00f6chtest du eine amerikanische LED Torpedo Topleuchte, aber lieber nicht orange mit gef\u00e4rbter Linse? Kein Problem! Die Nedking Topleuchte ist auch in anderen Varianten erh\u00e4ltlich:<\/span><\/p>\n<ul>\n<li><span style=\"color: #000000;\"><a style=\"color: #000000;\" href=\"https:\/\/www.alldayled.com\/de\/produkt\/led-torpedo-toplamp-chroom-dual-color\/\" target=\"_blank\" rel=\"noopener\"><strong>Nedking Torpedo Lampe DUAL COLOR<\/strong><\/a><\/span><\/li>\n<li><span style=\"color: #000000;\"><a style=\"color: #000000;\" href=\"https:\/\/www.alldayled.com\/de\/produkt\/led-torpedo-toplamp-chroom-wit\/\" rel=\"noopener\"><strong>Nedking LED Torpedo Lampe WEISS <\/strong><\/a><\/span><\/li>\n<\/ul>\n<div class=\"truncated\">\n<p><span style=\"color: #000000;\">Bist du noch immer nicht \u00fcberzeugt, dass die amerikanische LED Torpedo Topleuchte mit orangefarbener Kappe das ist, wonach du suchst? Einfach weil die Farbe, Art der Montage oder Form nicht deinen W\u00fcnschen entspricht? Dann schau dir hier das komplette Angebot von <a style=\"font-size: 16px; background-color: #ffffff; color: #000000;\" href=\"https:\/\/www.alldayled.com\/de\/marke\/product-nedking\/\" target=\"_blank\" rel=\"noopener\">Nedking<\/a><span style=\"font-size: 16px;\"> an. Vielleicht findest du hier das Lampenmodell, das du suchst.<\/span>  <\/span><\/p>\n<\/div>\n","protected":false},"excerpt":{"rendered":"<p>Nedking ORANGE LED Torpedo Topleuchte, geeignet f\u00fcr 12 &amp; 24 Volt.<\/p>\n","protected":false},"featured_media":25281,"comment_status":"open","ping_status":"closed","template":"","meta":{"_acf_changed":false},"product_brand":[6505],"product_cat":[5346],"product_tag":[],"class_list":{"0":"post-67384","1":"product","2":"type-product","3":"status-publish","4":"has-post-thumbnail","6":"product_brand-product-nedking","7":"product_cat-toplichten","9":"first","10":"instock","11":"taxable","12":"shipping-taxable","13":"purchasable","14":"product-type-simple"},"acf":[],"yoast_head":"<!-- This site is optimized with the Yoast SEO Premium plugin v26.5 (Yoast SEO v27.1.1) - https:\/\/yoast.com\/product\/yoast-seo-premium-wordpress\/ -->\n<title>LED Torpedo Topleuchte ORANGE - Chrom - All Day Led - geeignet f\u00fcr 24V Betrieb<\/title>\n<meta name=\"description\" content=\"LED Torpedo Topleuchte ORANGE - wird mit 16LED Modul 24 Volt geliefert - Amerikanisches Design - 38cm lang mit Gummiuntergrund - Nedking Beleuchtung\" \/>\n<meta name=\"robots\" content=\"index, follow, max-snippet:-1, max-image-preview:large, max-video-preview:-1\" \/>\n<link rel=\"canonical\" href=\"https:\/\/www.alldayled.com\/de\/produkt\/led-torpedo-toplamp-chroom-oranje\/\" \/>\n<meta property=\"og:locale\" content=\"de_DE\" \/>\n<meta property=\"og:type\" content=\"article\" \/>\n<meta property=\"og:title\" content=\"LED Torpedo Topleuchte ORANGE - Chrom - All Day Led - geeignet f\u00fcr 24V Betrieb\" \/>\n<meta property=\"og:description\" content=\"LED Torpedo Topleuchte ORANGE - wird mit 16LED Modul 24 Volt geliefert - Amerikanisches Design - 38cm lang mit Gummiuntergrund - Nedking Beleuchtung\" \/>\n<meta property=\"og:url\" content=\"https:\/\/www.alldayled.com\/de\/produkt\/led-torpedo-toplamp-chroom-oranje\/\" \/>\n<meta property=\"og:site_name\" content=\"All Day Led\" \/>\n<meta property=\"article:publisher\" content=\"https:\/\/www.facebook.com\/alldayled\/\" \/>\n<meta property=\"og:image\" content=\"https:\/\/www.alldayled.com\/wp-content\/uploads\/2024\/05\/ADL35732A-LED-300x300.png\" \/>\n<meta name=\"twitter:label1\" content=\"Preis\" \/>\n\t<meta name=\"twitter:data1\" content=\"&euro;&nbsp;34,95\" \/>\n\t<meta name=\"twitter:label2\" content=\"Verf\u00fcgbarkeit\" \/>\n\t<meta name=\"twitter:data2\" content=\"Auf Lager\" \/>\n<script type=\"application\/ld+json\" class=\"yoast-schema-graph\">{\"@context\":\"https:\/\/schema.org\",\"@graph\":[{\"@type\":\"WebPage\",\"@id\":\"https:\/\/www.alldayled.com\/de\/produkt\/led-torpedo-toplamp-chroom-oranje\/\",\"url\":\"https:\/\/www.alldayled.com\/de\/produkt\/led-torpedo-toplamp-chroom-oranje\/\",\"name\":\"LED Torpedo Topleuchte ORANGE - Chrom - All Day Led - geeignet f\u00fcr 24V Betrieb\",\"isPartOf\":{\"@id\":\"https:\/\/www.alldayled.com\/de\/#website\"},\"primaryImageOfPage\":{\"@id\":\"https:\/\/www.alldayled.com\/de\/produkt\/led-torpedo-toplamp-chroom-oranje\/#primaryimage\"},\"image\":{\"@id\":\"https:\/\/www.alldayled.com\/de\/produkt\/led-torpedo-toplamp-chroom-oranje\/#primaryimage\"},\"thumbnailUrl\":\"https:\/\/www.alldayled.com\/wp-content\/uploads\/2023\/06\/ADL35732A-LED.png\",\"datePublished\":\"2023-06-27T12:02:51+00:00\",\"description\":\"LED Torpedo Topleuchte ORANGE - wird mit 16LED Modul 24 Volt geliefert - Amerikanisches Design - 38cm lang mit Gummiuntergrund - Nedking Beleuchtung\",\"breadcrumb\":{\"@id\":\"https:\/\/www.alldayled.com\/de\/produkt\/led-torpedo-toplamp-chroom-oranje\/#breadcrumb\"},\"inLanguage\":\"de\",\"potentialAction\":[{\"@type\":\"ReadAction\",\"target\":[\"https:\/\/www.alldayled.com\/de\/produkt\/led-torpedo-toplamp-chroom-oranje\/\"]}]},{\"@type\":\"ImageObject\",\"inLanguage\":\"de\",\"@id\":\"https:\/\/www.alldayled.com\/de\/produkt\/led-torpedo-toplamp-chroom-oranje\/#primaryimage\",\"url\":\"https:\/\/www.alldayled.com\/wp-content\/uploads\/2023\/06\/ADL35732A-LED.png\",\"contentUrl\":\"https:\/\/www.alldayled.com\/wp-content\/uploads\/2023\/06\/ADL35732A-LED.png\",\"width\":800,\"height\":600,\"caption\":\"Nedking LED Torpedo Topleuchte Chrom mit orangefarbener Kappe - Amerikanische LKW Beleuchtung mit Chromgeh\u00e4use - geeignet f\u00fcr 24 Volt - EAN: 6090541721735\"},{\"@type\":\"BreadcrumbList\",\"@id\":\"https:\/\/www.alldayled.com\/de\/produkt\/led-torpedo-toplamp-chroom-oranje\/#breadcrumb\",\"itemListElement\":[{\"@type\":\"ListItem\",\"position\":1,\"name\":\"Home\",\"item\":\"https:\/\/www.alldayled.com\/de\/\"},{\"@type\":\"ListItem\",\"position\":2,\"name\":\"Shop\",\"item\":\"https:\/\/www.alldayled.com\/de\/shop\/\"},{\"@type\":\"ListItem\",\"position\":3,\"name\":\"Andere\",\"item\":\"https:\/\/www.alldayled.com\/de\/produkt-kategorie\/andere-produkte\/\"},{\"@type\":\"ListItem\",\"position\":4,\"name\":\"Top leuchten\",\"item\":\"https:\/\/www.alldayled.com\/de\/produkt-kategorie\/andere-produkte\/toplichten\/\"},{\"@type\":\"ListItem\",\"position\":5,\"name\":\"LED Torpedo Topleuchte Chrom &#8211; Orange\"}]},{\"@type\":\"WebSite\",\"@id\":\"https:\/\/www.alldayled.com\/de\/#website\",\"url\":\"https:\/\/www.alldayled.com\/de\/\",\"name\":\"All Day Led\",\"description\":\"Verlichting voor 12&amp;24 volt gebruik\",\"publisher\":{\"@id\":\"https:\/\/www.alldayled.com\/de\/#organization\"},\"potentialAction\":[{\"@type\":\"SearchAction\",\"target\":{\"@type\":\"EntryPoint\",\"urlTemplate\":\"https:\/\/www.alldayled.com\/de\/?s={search_term_string}\"},\"query-input\":{\"@type\":\"PropertyValueSpecification\",\"valueRequired\":true,\"valueName\":\"search_term_string\"}}],\"inLanguage\":\"de\"},{\"@type\":\"Organization\",\"@id\":\"https:\/\/www.alldayled.com\/de\/#organization\",\"name\":\"All Day Led\",\"url\":\"https:\/\/www.alldayled.com\/de\/\",\"logo\":{\"@type\":\"ImageObject\",\"inLanguage\":\"de\",\"@id\":\"https:\/\/www.alldayled.com\/de\/#\/schema\/logo\/image\/\",\"url\":\"https:\/\/www.alldayled.com\/wp-content\/uploads\/2025\/10\/Logo-ALL-DAY-LED-800x800-zwart-witte-letters.png\",\"contentUrl\":\"https:\/\/www.alldayled.com\/wp-content\/uploads\/2025\/10\/Logo-ALL-DAY-LED-800x800-zwart-witte-letters.png\",\"width\":800,\"height\":800,\"caption\":\"All Day Led\"},\"image\":{\"@id\":\"https:\/\/www.alldayled.com\/de\/#\/schema\/logo\/image\/\"},\"sameAs\":[\"https:\/\/www.facebook.com\/alldayled\/\",\"https:\/\/www.instagram.com\/alldayled\/\"],\"vatID\":\"NL863960133B01\",\"taxID\":\"86416545\"}]}<\/script>\n<meta property=\"product:brand\" content=\"Nedking\" \/>\n<meta property=\"product:price:amount\" content=\"34.95\" \/>\n<meta property=\"product:price:currency\" content=\"EUR\" \/>\n<meta property=\"og:availability\" content=\"instock\" \/>\n<meta property=\"product:availability\" content=\"instock\" \/>\n<meta property=\"product:retailer_item_id\" content=\"ADL35732A-LED\" \/>\n<meta property=\"product:condition\" content=\"new\" \/>\n<!-- \/ Yoast SEO Premium plugin. -->","yoast_head_json":{"title":"LED Torpedo Topleuchte ORANGE - Chrom - All Day Led - geeignet f\u00fcr 24V Betrieb","description":"LED Torpedo Topleuchte ORANGE - wird mit 16LED Modul 24 Volt geliefert - Amerikanisches Design - 38cm lang mit Gummiuntergrund - Nedking Beleuchtung","robots":{"index":"index","follow":"follow","max-snippet":"max-snippet:-1","max-image-preview":"max-image-preview:large","max-video-preview":"max-video-preview:-1"},"canonical":"https:\/\/www.alldayled.com\/de\/produkt\/led-torpedo-toplamp-chroom-oranje\/","og_locale":"de_DE","og_type":"article","og_title":"LED Torpedo Topleuchte ORANGE - Chrom - All Day Led - geeignet f\u00fcr 24V Betrieb","og_description":"LED Torpedo Topleuchte ORANGE - wird mit 16LED Modul 24 Volt geliefert - Amerikanisches Design - 38cm lang mit Gummiuntergrund - Nedking Beleuchtung","og_url":"https:\/\/www.alldayled.com\/de\/produkt\/led-torpedo-toplamp-chroom-oranje\/","og_site_name":"All Day Led","article_publisher":"https:\/\/www.facebook.com\/alldayled\/","og_image":[{"url":"https:\/\/www.alldayled.com\/wp-content\/uploads\/2024\/05\/ADL35732A-LED-300x300.png","type":"","width":"","height":""}],"twitter_misc":{"Preis":"&euro;&nbsp;34,95","Verf\u00fcgbarkeit":"Auf Lager"},"schema":{"@context":"https:\/\/schema.org","@graph":[{"@type":"WebPage","@id":"https:\/\/www.alldayled.com\/de\/produkt\/led-torpedo-toplamp-chroom-oranje\/","url":"https:\/\/www.alldayled.com\/de\/produkt\/led-torpedo-toplamp-chroom-oranje\/","name":"LED Torpedo Topleuchte ORANGE - Chrom - All Day Led - geeignet f\u00fcr 24V Betrieb","isPartOf":{"@id":"https:\/\/www.alldayled.com\/de\/#website"},"primaryImageOfPage":{"@id":"https:\/\/www.alldayled.com\/de\/produkt\/led-torpedo-toplamp-chroom-oranje\/#primaryimage"},"image":{"@id":"https:\/\/www.alldayled.com\/de\/produkt\/led-torpedo-toplamp-chroom-oranje\/#primaryimage"},"thumbnailUrl":"https:\/\/www.alldayled.com\/wp-content\/uploads\/2023\/06\/ADL35732A-LED.png","datePublished":"2023-06-27T12:02:51+00:00","description":"LED Torpedo Topleuchte ORANGE - wird mit 16LED Modul 24 Volt geliefert - Amerikanisches Design - 38cm lang mit Gummiuntergrund - Nedking Beleuchtung","breadcrumb":{"@id":"https:\/\/www.alldayled.com\/de\/produkt\/led-torpedo-toplamp-chroom-oranje\/#breadcrumb"},"inLanguage":"de","potentialAction":[{"@type":"ReadAction","target":["https:\/\/www.alldayled.com\/de\/produkt\/led-torpedo-toplamp-chroom-oranje\/"]}]},{"@type":"ImageObject","inLanguage":"de","@id":"https:\/\/www.alldayled.com\/de\/produkt\/led-torpedo-toplamp-chroom-oranje\/#primaryimage","url":"https:\/\/www.alldayled.com\/wp-content\/uploads\/2023\/06\/ADL35732A-LED.png","contentUrl":"https:\/\/www.alldayled.com\/wp-content\/uploads\/2023\/06\/ADL35732A-LED.png","width":800,"height":600,"caption":"Nedking LED Torpedo Topleuchte Chrom mit orangefarbener Kappe - Amerikanische LKW Beleuchtung mit Chromgeh\u00e4use - geeignet f\u00fcr 24 Volt - EAN: 6090541721735"},{"@type":"BreadcrumbList","@id":"https:\/\/www.alldayled.com\/de\/produkt\/led-torpedo-toplamp-chroom-oranje\/#breadcrumb","itemListElement":[{"@type":"ListItem","position":1,"name":"Home","item":"https:\/\/www.alldayled.com\/de\/"},{"@type":"ListItem","position":2,"name":"Shop","item":"https:\/\/www.alldayled.com\/de\/shop\/"},{"@type":"ListItem","position":3,"name":"Andere","item":"https:\/\/www.alldayled.com\/de\/produkt-kategorie\/andere-produkte\/"},{"@type":"ListItem","position":4,"name":"Top leuchten","item":"https:\/\/www.alldayled.com\/de\/produkt-kategorie\/andere-produkte\/toplichten\/"},{"@type":"ListItem","position":5,"name":"LED Torpedo Topleuchte Chrom &#8211; Orange"}]},{"@type":"WebSite","@id":"https:\/\/www.alldayled.com\/de\/#website","url":"https:\/\/www.alldayled.com\/de\/","name":"All Day Led","description":"Verlichting voor 12&amp;24 volt gebruik","publisher":{"@id":"https:\/\/www.alldayled.com\/de\/#organization"},"potentialAction":[{"@type":"SearchAction","target":{"@type":"EntryPoint","urlTemplate":"https:\/\/www.alldayled.com\/de\/?s={search_term_string}"},"query-input":{"@type":"PropertyValueSpecification","valueRequired":true,"valueName":"search_term_string"}}],"inLanguage":"de"},{"@type":"Organization","@id":"https:\/\/www.alldayled.com\/de\/#organization","name":"All Day Led","url":"https:\/\/www.alldayled.com\/de\/","logo":{"@type":"ImageObject","inLanguage":"de","@id":"https:\/\/www.alldayled.com\/de\/#\/schema\/logo\/image\/","url":"https:\/\/www.alldayled.com\/wp-content\/uploads\/2025\/10\/Logo-ALL-DAY-LED-800x800-zwart-witte-letters.png","contentUrl":"https:\/\/www.alldayled.com\/wp-content\/uploads\/2025\/10\/Logo-ALL-DAY-LED-800x800-zwart-witte-letters.png","width":800,"height":800,"caption":"All Day Led"},"image":{"@id":"https:\/\/www.alldayled.com\/de\/#\/schema\/logo\/image\/"},"sameAs":["https:\/\/www.facebook.com\/alldayled\/","https:\/\/www.instagram.com\/alldayled\/"],"vatID":"NL863960133B01","taxID":"86416545"}]},"product_brand":"Nedking","product_price_amount":"34.95","product_price_currency":"EUR","og_availability":"instock","product_availability":"instock","product_retailer_item_id":"ADL35732A-LED","product_condition":"new"},"_links":{"self":[{"href":"https:\/\/www.alldayled.com\/de\/wp-json\/wp\/v2\/product\/67384","targetHints":{"allow":["GET"]}}],"collection":[{"href":"https:\/\/www.alldayled.com\/de\/wp-json\/wp\/v2\/product"}],"about":[{"href":"https:\/\/www.alldayled.com\/de\/wp-json\/wp\/v2\/types\/product"}],"replies":[{"embeddable":true,"href":"https:\/\/www.alldayled.com\/de\/wp-json\/wp\/v2\/comments?post=67384"}],"wp:featuredmedia":[{"embeddable":true,"href":"https:\/\/www.alldayled.com\/de\/wp-json\/wp\/v2\/media\/25281"}],"wp:attachment":[{"href":"https:\/\/www.alldayled.com\/de\/wp-json\/wp\/v2\/media?parent=67384"}],"wp:term":[{"taxonomy":"product_brand","embeddable":true,"href":"https:\/\/www.alldayled.com\/de\/wp-json\/wp\/v2\/product_brand?post=67384"},{"taxonomy":"product_cat","embeddable":true,"href":"https:\/\/www.alldayled.com\/de\/wp-json\/wp\/v2\/product_cat?post=67384"},{"taxonomy":"product_tag","embeddable":true,"href":"https:\/\/www.alldayled.com\/de\/wp-json\/wp\/v2\/product_tag?post=67384"}],"curies":[{"name":"wp","href":"https:\/\/api.w.org\/{rel}","templated":true}]}}