{"id":67386,"date":"2023-06-27T14:02:53","date_gmt":"2023-06-27T12:02:53","guid":{"rendered":"https:\/\/www.alldayled.com\/product\/led-torpedo-toplamp-chroom-wit\/"},"modified":"2025-12-13T15:00:39","modified_gmt":"2025-12-13T14:00:39","slug":"led-torpedo-toplamp-chroom-wit","status":"publish","type":"product","link":"https:\/\/www.alldayled.com\/de\/produkt\/led-torpedo-toplamp-chroom-wit\/","title":{"rendered":"LED Torpedo Topleuchte Chrom &#8211; Wei\u00df"},"content":{"rendered":"<p><span style=\"color: #000000;\"><strong>LED Torpedo Topleuchte Chrom mit Linse wei\u00df.<\/strong><\/span><\/p>\n<p><span style=\"color: #000000;\">Sind Sie auf der Suche nach einer 38 cm langen Chrom LED Topleuchte, die kr\u00e4ftig und stilvoll ist? Dann ist die amerikanische LED Torpedo Topleuchte Chrom mit klarer Linse genau das, was Sie brauchen. Diese Lampe montieren Sie einfach auf der Kabine Ihres LKWs oder Trailers. Dank der 16-LED-Platine verbreitet sie einen sch\u00f6nen, ebenm\u00e4\u00dfigen wei\u00dfen Schein. Dies sorgt nicht nur f\u00fcr eine straffe Ausstrahlung, sondern auch f\u00fcr optimale Sichtbarkeit. Bitte beachten Sie: Das eingebaute LED-Modul funktioniert ausschlie\u00dflich mit 24 Volt. Dies bedeutet, dass Sie die Lampe vor allem auf Fahrzeugen verwenden k\u00f6nnen, die 24-Volt-Systeme haben, wie LKWs und Trailer. So wissen Sie sicher, dass Sie Topleistungen und Sicherheit in einer Lampe kombinieren.       <\/span><\/p>\n<p><span style=\"color: #000000;\">Die Topleuchte wird inklusive RVS Befestigungsmaterial und einer Gummiplatte geliefert. Platzieren Sie die Gummiplatte immer zwischen der Lampe und der Kabine. Auf diese Weise sch\u00fctzen Sie den Lack vor Kratzern und Dellen und sorgen daf\u00fcr, dass die Lampe fest und stabil sitzt. Au\u00dferdem macht der Gummiuntergrund die Lampe wasserdicht, sodass sie best\u00e4ndig gegen Regen, Staub und Schmutz ist. Hierdurch bleibt Ihre Topleuchte jahrelang in Topkondition, ungeachtet der Wetterbedingungen. Kurz gesagt, mit dieser amerikanischen LED Torpedo Topleuchte w\u00e4hlen Sie f\u00fcr Nachhaltigkeit, Sicherheit und eine straffe Ausstrahlung.     <\/span><\/p>\n<h5><span style=\"color: #000000;\"><strong>Andere Farben:<\/strong><\/span><\/h5>\n<p><span style=\"color: #000000;\">M\u00f6chten Sie eine amerikanische LED Torpedo Topleuchte, aber lieber nicht wei\u00df mit klarer Linse? Kein Problem! Die Nedking Topleuchte ist auch in anderen Varianten verf\u00fcgbar:<\/span><\/p>\n<ul>\n<li><span style=\"color: #000000;\"><a style=\"color: #000000;\" href=\"https:\/\/www.alldayled.com\/de\/produkt\/led-torpedo-toplamp-chroom-dual-color\/\"><strong>Nedking Torpedo Lampe DUAL COLOR<\/strong><\/a><\/span><\/li>\n<li><span style=\"color: #000000;\"><a style=\"color: #000000;\" href=\"https:\/\/www.alldayled.com\/de\/produkt\/led-torpedo-toplamp-chroom-oranje\/\" rel=\"noopener\"><strong>Nedking LED Torpedo Lampe ORANGE<\/strong><\/a><\/span><\/li>\n<\/ul>\n<p><span style=\"color: #000000;\">Sind Sie noch immer nicht \u00fcberzeugt, dass die amerikanische LED Torpedo Topleuchte wei\u00df mit klarer Kappe das ist, wonach Sie suchen? Simpelweg, weil die Farbe, Art der Montage oder Form nicht Ihren W\u00fcnschen entspricht? Sehen Sie sich dann hier das komplette Angebot von <a style=\"font-size: 16px; background-color: #ffffff; color: #000000;\" href=\"https:\/\/www.alldayled.com\/de\/marke\/product-nedking\/\" target=\"_blank\" rel=\"noopener\">Nedking<\/a><span style=\"font-size: 16px;\"> an. Vielleicht finden Sie hier ja das Modell Lampe, wonach Sie suchen.<\/span>  <\/span><\/p>\n","protected":false},"excerpt":{"rendered":"<p>Nedking WEISSE LED Torpedo Topleuchte, geeignet f\u00fcr 12 &amp; 24 Volt.<\/p>\n","protected":false},"featured_media":25323,"comment_status":"open","ping_status":"closed","template":"","meta":{"_acf_changed":false},"product_brand":[6505],"product_cat":[5346],"product_tag":[],"class_list":{"0":"post-67386","1":"product","2":"type-product","3":"status-publish","4":"has-post-thumbnail","6":"product_brand-product-nedking","7":"product_cat-toplichten","9":"first","10":"instock","11":"taxable","12":"shipping-taxable","13":"purchasable","14":"product-type-simple"},"acf":[],"yoast_head":"<!-- This site is optimized with the Yoast SEO Premium plugin v26.5 (Yoast SEO v27.1.1) - https:\/\/yoast.com\/product\/yoast-seo-premium-wordpress\/ -->\n<title>LED Torpedo Topleuchte WEISS - Chrom - All Day Led - geeignet f\u00fcr 24V Betrieb<\/title>\n<meta name=\"description\" content=\"LED Torpedo Topleuchte WEISS - wird mit 16LED Modul 24 Volt geliefert - Amerikanisches Design - 38cm lang mit Gummiuntergrund - Nedking Beleuchtung\" \/>\n<meta name=\"robots\" content=\"index, follow, max-snippet:-1, max-image-preview:large, max-video-preview:-1\" \/>\n<link rel=\"canonical\" href=\"https:\/\/www.alldayled.com\/de\/produkt\/led-torpedo-toplamp-chroom-wit\/\" \/>\n<meta property=\"og:locale\" content=\"de_DE\" \/>\n<meta property=\"og:type\" content=\"article\" \/>\n<meta property=\"og:title\" content=\"LED Torpedo Topleuchte Chrom - Wei\u00df\" \/>\n<meta property=\"og:description\" content=\"LED Torpedo Topleuchte WEISS - wird mit 16LED Modul 24 Volt geliefert - Amerikanisches Design - 38cm lang mit Gummiuntergrund - Nedking Beleuchtung\" \/>\n<meta property=\"og:url\" content=\"https:\/\/www.alldayled.com\/de\/produkt\/led-torpedo-toplamp-chroom-wit\/\" \/>\n<meta property=\"og:site_name\" content=\"All Day Led\" \/>\n<meta property=\"article:publisher\" content=\"https:\/\/www.facebook.com\/alldayled\/\" \/>\n<meta property=\"article:modified_time\" content=\"2025-12-13T14:00:39+00:00\" \/>\n<meta property=\"og:image\" content=\"https:\/\/www.alldayled.com\/wp-content\/uploads\/2024\/05\/ADL35732W-LED-300x300.png\" \/>\n<meta name=\"twitter:label1\" content=\"Preis\" \/>\n\t<meta name=\"twitter:data1\" content=\"&euro;&nbsp;34,95\" \/>\n\t<meta name=\"twitter:label2\" content=\"Verf\u00fcgbarkeit\" \/>\n\t<meta name=\"twitter:data2\" content=\"Auf Lager\" \/>\n<script type=\"application\/ld+json\" class=\"yoast-schema-graph\">{\"@context\":\"https:\/\/schema.org\",\"@graph\":[{\"@type\":\"WebPage\",\"@id\":\"https:\/\/www.alldayled.com\/de\/produkt\/led-torpedo-toplamp-chroom-wit\/\",\"url\":\"https:\/\/www.alldayled.com\/de\/produkt\/led-torpedo-toplamp-chroom-wit\/\",\"name\":\"LED Torpedo Topleuchte WEISS - Chrom - All Day Led - geeignet f\u00fcr 24V Betrieb\",\"isPartOf\":{\"@id\":\"https:\/\/www.alldayled.com\/de\/#website\"},\"primaryImageOfPage\":{\"@id\":\"https:\/\/www.alldayled.com\/de\/produkt\/led-torpedo-toplamp-chroom-wit\/#primaryimage\"},\"image\":{\"@id\":\"https:\/\/www.alldayled.com\/de\/produkt\/led-torpedo-toplamp-chroom-wit\/#primaryimage\"},\"thumbnailUrl\":\"https:\/\/www.alldayled.com\/wp-content\/uploads\/2023\/06\/ADL35732W-LED.png\",\"datePublished\":\"2023-06-27T12:02:53+00:00\",\"dateModified\":\"2025-12-13T14:00:39+00:00\",\"description\":\"LED Torpedo Topleuchte WEISS - wird mit 16LED Modul 24 Volt geliefert - Amerikanisches Design - 38cm lang mit Gummiuntergrund - Nedking Beleuchtung\",\"breadcrumb\":{\"@id\":\"https:\/\/www.alldayled.com\/de\/produkt\/led-torpedo-toplamp-chroom-wit\/#breadcrumb\"},\"inLanguage\":\"de\",\"potentialAction\":[{\"@type\":\"ReadAction\",\"target\":[\"https:\/\/www.alldayled.com\/de\/produkt\/led-torpedo-toplamp-chroom-wit\/\"]}]},{\"@type\":\"ImageObject\",\"inLanguage\":\"de\",\"@id\":\"https:\/\/www.alldayled.com\/de\/produkt\/led-torpedo-toplamp-chroom-wit\/#primaryimage\",\"url\":\"https:\/\/www.alldayled.com\/wp-content\/uploads\/2023\/06\/ADL35732W-LED.png\",\"contentUrl\":\"https:\/\/www.alldayled.com\/wp-content\/uploads\/2023\/06\/ADL35732W-LED.png\",\"width\":800,\"height\":600,\"caption\":\"Nedking LED Torpedo Topleuchte Chrom WEISS mit klarer Kappe - Amerikanische LKW Beleuchtung mit Chromgeh\u00e4use - geeignet f\u00fcr 24 Volt - EAN: 6090543691609\"},{\"@type\":\"BreadcrumbList\",\"@id\":\"https:\/\/www.alldayled.com\/de\/produkt\/led-torpedo-toplamp-chroom-wit\/#breadcrumb\",\"itemListElement\":[{\"@type\":\"ListItem\",\"position\":1,\"name\":\"Home\",\"item\":\"https:\/\/www.alldayled.com\/de\/\"},{\"@type\":\"ListItem\",\"position\":2,\"name\":\"Shop\",\"item\":\"https:\/\/www.alldayled.com\/de\/shop\/\"},{\"@type\":\"ListItem\",\"position\":3,\"name\":\"Andere\",\"item\":\"https:\/\/www.alldayled.com\/de\/produkt-kategorie\/andere-produkte\/\"},{\"@type\":\"ListItem\",\"position\":4,\"name\":\"Top leuchten\",\"item\":\"https:\/\/www.alldayled.com\/de\/produkt-kategorie\/andere-produkte\/toplichten\/\"},{\"@type\":\"ListItem\",\"position\":5,\"name\":\"LED Torpedo Topleuchte Chrom &#8211; Wei\u00df\"}]},{\"@type\":\"WebSite\",\"@id\":\"https:\/\/www.alldayled.com\/de\/#website\",\"url\":\"https:\/\/www.alldayled.com\/de\/\",\"name\":\"All Day Led\",\"description\":\"Verlichting voor 12&amp;24 volt gebruik\",\"publisher\":{\"@id\":\"https:\/\/www.alldayled.com\/de\/#organization\"},\"potentialAction\":[{\"@type\":\"SearchAction\",\"target\":{\"@type\":\"EntryPoint\",\"urlTemplate\":\"https:\/\/www.alldayled.com\/de\/?s={search_term_string}\"},\"query-input\":{\"@type\":\"PropertyValueSpecification\",\"valueRequired\":true,\"valueName\":\"search_term_string\"}}],\"inLanguage\":\"de\"},{\"@type\":\"Organization\",\"@id\":\"https:\/\/www.alldayled.com\/de\/#organization\",\"name\":\"All Day Led\",\"url\":\"https:\/\/www.alldayled.com\/de\/\",\"logo\":{\"@type\":\"ImageObject\",\"inLanguage\":\"de\",\"@id\":\"https:\/\/www.alldayled.com\/de\/#\/schema\/logo\/image\/\",\"url\":\"https:\/\/www.alldayled.com\/wp-content\/uploads\/2025\/10\/Logo-ALL-DAY-LED-800x800-zwart-witte-letters.png\",\"contentUrl\":\"https:\/\/www.alldayled.com\/wp-content\/uploads\/2025\/10\/Logo-ALL-DAY-LED-800x800-zwart-witte-letters.png\",\"width\":800,\"height\":800,\"caption\":\"All Day Led\"},\"image\":{\"@id\":\"https:\/\/www.alldayled.com\/de\/#\/schema\/logo\/image\/\"},\"sameAs\":[\"https:\/\/www.facebook.com\/alldayled\/\",\"https:\/\/www.instagram.com\/alldayled\/\"],\"vatID\":\"NL863960133B01\",\"taxID\":\"86416545\"}]}<\/script>\n<meta property=\"product:brand\" content=\"Nedking\" \/>\n<meta property=\"product:price:amount\" content=\"34.95\" \/>\n<meta property=\"product:price:currency\" content=\"EUR\" \/>\n<meta property=\"og:availability\" content=\"instock\" \/>\n<meta property=\"product:availability\" content=\"instock\" \/>\n<meta property=\"product:retailer_item_id\" content=\"ADL35732W-LED\" \/>\n<meta property=\"product:condition\" content=\"new\" \/>\n<!-- \/ Yoast SEO Premium plugin. -->","yoast_head_json":{"title":"LED Torpedo Topleuchte WEISS - Chrom - All Day Led - geeignet f\u00fcr 24V Betrieb","description":"LED Torpedo Topleuchte WEISS - wird mit 16LED Modul 24 Volt geliefert - Amerikanisches Design - 38cm lang mit Gummiuntergrund - Nedking Beleuchtung","robots":{"index":"index","follow":"follow","max-snippet":"max-snippet:-1","max-image-preview":"max-image-preview:large","max-video-preview":"max-video-preview:-1"},"canonical":"https:\/\/www.alldayled.com\/de\/produkt\/led-torpedo-toplamp-chroom-wit\/","og_locale":"de_DE","og_type":"article","og_title":"LED Torpedo Topleuchte Chrom - Wei\u00df","og_description":"LED Torpedo Topleuchte WEISS - wird mit 16LED Modul 24 Volt geliefert - Amerikanisches Design - 38cm lang mit Gummiuntergrund - Nedking Beleuchtung","og_url":"https:\/\/www.alldayled.com\/de\/produkt\/led-torpedo-toplamp-chroom-wit\/","og_site_name":"All Day Led","article_publisher":"https:\/\/www.facebook.com\/alldayled\/","article_modified_time":"2025-12-13T14:00:39+00:00","og_image":[{"url":"https:\/\/www.alldayled.com\/wp-content\/uploads\/2024\/05\/ADL35732W-LED-300x300.png","type":"","width":"","height":""}],"twitter_misc":{"Preis":"&euro;&nbsp;34,95","Verf\u00fcgbarkeit":"Auf Lager"},"schema":{"@context":"https:\/\/schema.org","@graph":[{"@type":"WebPage","@id":"https:\/\/www.alldayled.com\/de\/produkt\/led-torpedo-toplamp-chroom-wit\/","url":"https:\/\/www.alldayled.com\/de\/produkt\/led-torpedo-toplamp-chroom-wit\/","name":"LED Torpedo Topleuchte WEISS - Chrom - All Day Led - geeignet f\u00fcr 24V Betrieb","isPartOf":{"@id":"https:\/\/www.alldayled.com\/de\/#website"},"primaryImageOfPage":{"@id":"https:\/\/www.alldayled.com\/de\/produkt\/led-torpedo-toplamp-chroom-wit\/#primaryimage"},"image":{"@id":"https:\/\/www.alldayled.com\/de\/produkt\/led-torpedo-toplamp-chroom-wit\/#primaryimage"},"thumbnailUrl":"https:\/\/www.alldayled.com\/wp-content\/uploads\/2023\/06\/ADL35732W-LED.png","datePublished":"2023-06-27T12:02:53+00:00","dateModified":"2025-12-13T14:00:39+00:00","description":"LED Torpedo Topleuchte WEISS - wird mit 16LED Modul 24 Volt geliefert - Amerikanisches Design - 38cm lang mit Gummiuntergrund - Nedking Beleuchtung","breadcrumb":{"@id":"https:\/\/www.alldayled.com\/de\/produkt\/led-torpedo-toplamp-chroom-wit\/#breadcrumb"},"inLanguage":"de","potentialAction":[{"@type":"ReadAction","target":["https:\/\/www.alldayled.com\/de\/produkt\/led-torpedo-toplamp-chroom-wit\/"]}]},{"@type":"ImageObject","inLanguage":"de","@id":"https:\/\/www.alldayled.com\/de\/produkt\/led-torpedo-toplamp-chroom-wit\/#primaryimage","url":"https:\/\/www.alldayled.com\/wp-content\/uploads\/2023\/06\/ADL35732W-LED.png","contentUrl":"https:\/\/www.alldayled.com\/wp-content\/uploads\/2023\/06\/ADL35732W-LED.png","width":800,"height":600,"caption":"Nedking LED Torpedo Topleuchte Chrom WEISS mit klarer Kappe - Amerikanische LKW Beleuchtung mit Chromgeh\u00e4use - geeignet f\u00fcr 24 Volt - EAN: 6090543691609"},{"@type":"BreadcrumbList","@id":"https:\/\/www.alldayled.com\/de\/produkt\/led-torpedo-toplamp-chroom-wit\/#breadcrumb","itemListElement":[{"@type":"ListItem","position":1,"name":"Home","item":"https:\/\/www.alldayled.com\/de\/"},{"@type":"ListItem","position":2,"name":"Shop","item":"https:\/\/www.alldayled.com\/de\/shop\/"},{"@type":"ListItem","position":3,"name":"Andere","item":"https:\/\/www.alldayled.com\/de\/produkt-kategorie\/andere-produkte\/"},{"@type":"ListItem","position":4,"name":"Top leuchten","item":"https:\/\/www.alldayled.com\/de\/produkt-kategorie\/andere-produkte\/toplichten\/"},{"@type":"ListItem","position":5,"name":"LED Torpedo Topleuchte Chrom &#8211; Wei\u00df"}]},{"@type":"WebSite","@id":"https:\/\/www.alldayled.com\/de\/#website","url":"https:\/\/www.alldayled.com\/de\/","name":"All Day Led","description":"Verlichting voor 12&amp;24 volt gebruik","publisher":{"@id":"https:\/\/www.alldayled.com\/de\/#organization"},"potentialAction":[{"@type":"SearchAction","target":{"@type":"EntryPoint","urlTemplate":"https:\/\/www.alldayled.com\/de\/?s={search_term_string}"},"query-input":{"@type":"PropertyValueSpecification","valueRequired":true,"valueName":"search_term_string"}}],"inLanguage":"de"},{"@type":"Organization","@id":"https:\/\/www.alldayled.com\/de\/#organization","name":"All Day Led","url":"https:\/\/www.alldayled.com\/de\/","logo":{"@type":"ImageObject","inLanguage":"de","@id":"https:\/\/www.alldayled.com\/de\/#\/schema\/logo\/image\/","url":"https:\/\/www.alldayled.com\/wp-content\/uploads\/2025\/10\/Logo-ALL-DAY-LED-800x800-zwart-witte-letters.png","contentUrl":"https:\/\/www.alldayled.com\/wp-content\/uploads\/2025\/10\/Logo-ALL-DAY-LED-800x800-zwart-witte-letters.png","width":800,"height":800,"caption":"All Day Led"},"image":{"@id":"https:\/\/www.alldayled.com\/de\/#\/schema\/logo\/image\/"},"sameAs":["https:\/\/www.facebook.com\/alldayled\/","https:\/\/www.instagram.com\/alldayled\/"],"vatID":"NL863960133B01","taxID":"86416545"}]},"product_brand":"Nedking","product_price_amount":"34.95","product_price_currency":"EUR","og_availability":"instock","product_availability":"instock","product_retailer_item_id":"ADL35732W-LED","product_condition":"new"},"_links":{"self":[{"href":"https:\/\/www.alldayled.com\/de\/wp-json\/wp\/v2\/product\/67386","targetHints":{"allow":["GET"]}}],"collection":[{"href":"https:\/\/www.alldayled.com\/de\/wp-json\/wp\/v2\/product"}],"about":[{"href":"https:\/\/www.alldayled.com\/de\/wp-json\/wp\/v2\/types\/product"}],"replies":[{"embeddable":true,"href":"https:\/\/www.alldayled.com\/de\/wp-json\/wp\/v2\/comments?post=67386"}],"wp:featuredmedia":[{"embeddable":true,"href":"https:\/\/www.alldayled.com\/de\/wp-json\/wp\/v2\/media\/25323"}],"wp:attachment":[{"href":"https:\/\/www.alldayled.com\/de\/wp-json\/wp\/v2\/media?parent=67386"}],"wp:term":[{"taxonomy":"product_brand","embeddable":true,"href":"https:\/\/www.alldayled.com\/de\/wp-json\/wp\/v2\/product_brand?post=67386"},{"taxonomy":"product_cat","embeddable":true,"href":"https:\/\/www.alldayled.com\/de\/wp-json\/wp\/v2\/product_cat?post=67386"},{"taxonomy":"product_tag","embeddable":true,"href":"https:\/\/www.alldayled.com\/de\/wp-json\/wp\/v2\/product_tag?post=67386"}],"curies":[{"name":"wp","href":"https:\/\/api.w.org\/{rel}","templated":true}]}}