{"id":67395,"date":"2024-07-15T14:38:37","date_gmt":"2024-07-15T12:38:37","guid":{"rendered":"https:\/\/www.alldayled.com\/product\/strands-torpedo-toplamp-silver-arrow\/"},"modified":"2024-07-15T14:38:37","modified_gmt":"2024-07-15T12:38:37","slug":"strands-torpedo-toplamp-silver-arrow","status":"publish","type":"product","link":"https:\/\/www.alldayled.com\/de\/produkt\/strands-torpedo-toplamp-silver-arrow\/","title":{"rendered":"Strands torpedo Topleuchte Silver Arrow"},"content":{"rendered":"<p><span style=\"color: #000000;\"><strong>Strands torpedo Topleuchte Silver Arrow mit orangefarbenem LED Blitz. <\/strong><\/span><\/p>\n<p><span style=\"color: #000000;\">M\u00f6chten Sie Ihren LKW oder Ihr Nutzfahrzeug mit einer neuen Topleuchte ausstatten, wissen aber noch nicht genau, was Sie suchen? Dann ist die Strands Silver Arrow Topleuchte mit eingebautem LED Blitz vielleicht die richtige Lampe f\u00fcr Sie. Die zweifarbige Lampe hat 24 LEDs und leuchtet orange oder wei\u00df. Sie funktioniert mit 12 und 24 Volt, sodass Sie sie in Ihrem Auto, Nutzfahrzeug, Wohnmobil oder LKW verwenden k\u00f6nnen. So sind Sie immer gut sichtbar und Ihr Fahrzeug sieht modern aus.    <\/span><\/p>\n<p><span style=\"color: #000000;\">Die Strands Silver Arrow Topleuchte wird mit Edelstahl-Befestigungsmaterial und einer Gummiplatte geliefert. Platzieren Sie die Gummiplatte zwischen der Lampe und der Kabine. So sch\u00fctzen Sie den Lack und sorgen f\u00fcr eine stabile, wasserdichte Montage. Die Lampe hat das ECE R148-Pr\u00fcfzeichen, was bedeutet, dass Sie sie offiziell auf \u00f6ffentlichen Stra\u00dfen verwenden d\u00fcrfen.   <\/span><\/p>\n<h5><span style=\"color: #000000;\"><strong>Abmessungen:<\/strong><\/span><\/h5>\n<p><span style=\"color: #000000;\">Da Sie vor dem Kauf sicher sein wollen, dass die Lampe genau dort passt, wo Sie sie montieren m\u00f6chten, haben wir auch die Abmessungen der torpedof\u00f6rmigen Lampe unten aufgef\u00fchrt. So k\u00f6nnen Sie sicher sein, dass die Strands Silver Arrow Topleuchte perfekt an ihren Platz passt. Die Abmessungen der Strands Silver Arrow Torpedo-Topleuchte mit DUAL COLOR Standlicht sind wie folgt:  <\/span><\/p>\n<ul>\n<li><span style=\"color: #000000;\">L\u00e4nge: 426,6 mm<\/span><\/li>\n<li><span style=\"color: #000000;\">Breite: 93,1 mm<\/span><\/li>\n<li><span style=\"color: #000000;\">H\u00f6he: 94,1 mm<\/span><\/li>\n<\/ul>\n<h5><span style=\"color: #000000;\"><strong>Andere Farben:<\/strong><\/span><\/h5>\n<p><span style=\"color: #000000;\">M\u00f6chten Sie eine Strands LED Torpedo-Topleuchte montieren, aber die Ausf\u00fchrung mit Chromgeh\u00e4use ist nicht die Lampe, die Sie suchen? Dann wissen Sie, dass die Strands Torpedo-Topleuchte Silver Arrow mit DUAL COLOR Standlicht auch in einer schwarzen Ausf\u00fchrung erh\u00e4ltlich ist. Die schwarze Ausf\u00fchrung finden Sie hier:  <\/span><\/p>\n<ul>\n<li><span style=\"color: #000000;\"><a style=\"color: #000000;\" href=\"https:\/\/www.alldayled.com\/de\/produkt\/strands-torpedo-toplamp-black-bullet\/\"><strong>Strands Black Bullet Topleuchte<\/strong><\/a><\/span><\/li>\n<\/ul>\n<p><span style=\"color: #000000;\">Sind Sie nach dem Lesen aller Spezifikationen immer noch nicht davon \u00fcberzeugt, dass die Strands Torpedo-Topleuchte Silver Arrow das ist, wonach Sie suchen? Einfach, weil die Farbe, Form oder L\u00e4nge nicht Ihren W\u00fcnschen entspricht? Dann sehen Sie sich hier das komplette Angebot der Marke <a style=\"color: #000000;\" href=\"https:\/\/www.alldayled.com\/de\/marke\/product-strands-lighting-division\/\" target=\"_blank\" rel=\"noopener\">Strands<\/a> an.  <\/span><\/p>\n","protected":false},"excerpt":{"rendered":"<p>Strands Silver Arrow Topleuchte DUAL COLOR Standlicht und orangefarbener LED Blitz, f\u00fcr 12 &amp; 24 Volt.<\/p>\n","protected":false},"featured_media":29868,"comment_status":"open","ping_status":"closed","template":"","meta":{"_acf_changed":false},"product_brand":[5114],"product_cat":[5346],"product_tag":[],"class_list":{"0":"post-67395","1":"product","2":"type-product","3":"status-publish","4":"has-post-thumbnail","6":"product_brand-product-strands-lighting-division","7":"product_cat-toplichten","9":"first","10":"instock","11":"taxable","12":"shipping-taxable","13":"purchasable","14":"product-type-simple"},"acf":[],"yoast_head":"<!-- This site is optimized with the Yoast SEO Premium plugin v26.5 (Yoast SEO v27.1.1) - https:\/\/yoast.com\/product\/yoast-seo-premium-wordpress\/ -->\n<title>Strands torpedo Topleuchte Silver Arrow - mit orange Blitzer<\/title>\n<meta name=\"description\" content=\"Strands torpedo Topleuchte Silver Arrow - Amerikanische LED-Topleuchte mit eingebautem LED Blitz - DUAL COLOR Standlicht ORANGE\/WEISS - f\u00fcr 12 &amp; 24 Volt Betrieb\" \/>\n<meta name=\"robots\" content=\"index, follow, max-snippet:-1, max-image-preview:large, max-video-preview:-1\" \/>\n<link rel=\"canonical\" href=\"https:\/\/www.alldayled.com\/de\/produkt\/strands-torpedo-toplamp-silver-arrow\/\" \/>\n<meta property=\"og:locale\" content=\"de_DE\" \/>\n<meta property=\"og:type\" content=\"article\" \/>\n<meta property=\"og:title\" content=\"Strands torpedo Topleuchte Silver Arrow - mit orange Blitzer\" \/>\n<meta property=\"og:description\" content=\"Strands torpedo Topleuchte Silver Arrow - Amerikanische LED-Topleuchte mit eingebautem LED Blitz - DUAL COLOR Standlicht ORANGE\/WEISS - f\u00fcr 12 &amp; 24 Volt Betrieb\" \/>\n<meta property=\"og:url\" content=\"https:\/\/www.alldayled.com\/de\/produkt\/strands-torpedo-toplamp-silver-arrow\/\" \/>\n<meta property=\"og:site_name\" content=\"All Day Led\" \/>\n<meta property=\"article:publisher\" content=\"https:\/\/www.facebook.com\/alldayled\/\" \/>\n<meta property=\"og:image\" content=\"https:\/\/www.alldayled.com\/wp-content\/uploads\/2024\/07\/ADL850427-300x300.png\" \/>\n<meta name=\"twitter:label1\" content=\"Preis\" \/>\n\t<meta name=\"twitter:data1\" content=\"&euro;&nbsp;64,95\" \/>\n\t<meta name=\"twitter:label2\" content=\"Verf\u00fcgbarkeit\" \/>\n\t<meta name=\"twitter:data2\" content=\"Auf Lager\" \/>\n<script type=\"application\/ld+json\" class=\"yoast-schema-graph\">{\"@context\":\"https:\/\/schema.org\",\"@graph\":[{\"@type\":\"WebPage\",\"@id\":\"https:\/\/www.alldayled.com\/de\/produkt\/strands-torpedo-toplamp-silver-arrow\/\",\"url\":\"https:\/\/www.alldayled.com\/de\/produkt\/strands-torpedo-toplamp-silver-arrow\/\",\"name\":\"Strands torpedo Topleuchte Silver Arrow - mit orange Blitzer\",\"isPartOf\":{\"@id\":\"https:\/\/www.alldayled.com\/de\/#website\"},\"primaryImageOfPage\":{\"@id\":\"https:\/\/www.alldayled.com\/de\/produkt\/strands-torpedo-toplamp-silver-arrow\/#primaryimage\"},\"image\":{\"@id\":\"https:\/\/www.alldayled.com\/de\/produkt\/strands-torpedo-toplamp-silver-arrow\/#primaryimage\"},\"thumbnailUrl\":\"https:\/\/www.alldayled.com\/wp-content\/uploads\/2024\/07\/ADL80427-10.png\",\"datePublished\":\"2024-07-15T12:38:37+00:00\",\"description\":\"Strands torpedo Topleuchte Silver Arrow - Amerikanische LED-Topleuchte mit eingebautem LED Blitz - DUAL COLOR Standlicht ORANGE\/WEISS - f\u00fcr 12 & 24 Volt Betrieb\",\"breadcrumb\":{\"@id\":\"https:\/\/www.alldayled.com\/de\/produkt\/strands-torpedo-toplamp-silver-arrow\/#breadcrumb\"},\"inLanguage\":\"de\",\"potentialAction\":[{\"@type\":\"ReadAction\",\"target\":[\"https:\/\/www.alldayled.com\/de\/produkt\/strands-torpedo-toplamp-silver-arrow\/\"]}]},{\"@type\":\"ImageObject\",\"inLanguage\":\"de\",\"@id\":\"https:\/\/www.alldayled.com\/de\/produkt\/strands-torpedo-toplamp-silver-arrow\/#primaryimage\",\"url\":\"https:\/\/www.alldayled.com\/wp-content\/uploads\/2024\/07\/ADL80427-10.png\",\"contentUrl\":\"https:\/\/www.alldayled.com\/wp-content\/uploads\/2024\/07\/ADL80427-10.png\",\"width\":800,\"height\":600,\"caption\":\"Strands 850427 - EAN: 7323030001667\"},{\"@type\":\"BreadcrumbList\",\"@id\":\"https:\/\/www.alldayled.com\/de\/produkt\/strands-torpedo-toplamp-silver-arrow\/#breadcrumb\",\"itemListElement\":[{\"@type\":\"ListItem\",\"position\":1,\"name\":\"Home\",\"item\":\"https:\/\/www.alldayled.com\/de\/\"},{\"@type\":\"ListItem\",\"position\":2,\"name\":\"Shop\",\"item\":\"https:\/\/www.alldayled.com\/de\/shop\/\"},{\"@type\":\"ListItem\",\"position\":3,\"name\":\"Andere\",\"item\":\"https:\/\/www.alldayled.com\/de\/produkt-kategorie\/andere-produkte\/\"},{\"@type\":\"ListItem\",\"position\":4,\"name\":\"Top leuchten\",\"item\":\"https:\/\/www.alldayled.com\/de\/produkt-kategorie\/andere-produkte\/toplichten\/\"},{\"@type\":\"ListItem\",\"position\":5,\"name\":\"Strands torpedo Topleuchte Silver Arrow\"}]},{\"@type\":\"WebSite\",\"@id\":\"https:\/\/www.alldayled.com\/de\/#website\",\"url\":\"https:\/\/www.alldayled.com\/de\/\",\"name\":\"All Day Led\",\"description\":\"Verlichting voor 12&amp;24 volt gebruik\",\"publisher\":{\"@id\":\"https:\/\/www.alldayled.com\/de\/#organization\"},\"potentialAction\":[{\"@type\":\"SearchAction\",\"target\":{\"@type\":\"EntryPoint\",\"urlTemplate\":\"https:\/\/www.alldayled.com\/de\/?s={search_term_string}\"},\"query-input\":{\"@type\":\"PropertyValueSpecification\",\"valueRequired\":true,\"valueName\":\"search_term_string\"}}],\"inLanguage\":\"de\"},{\"@type\":\"Organization\",\"@id\":\"https:\/\/www.alldayled.com\/de\/#organization\",\"name\":\"All Day Led\",\"url\":\"https:\/\/www.alldayled.com\/de\/\",\"logo\":{\"@type\":\"ImageObject\",\"inLanguage\":\"de\",\"@id\":\"https:\/\/www.alldayled.com\/de\/#\/schema\/logo\/image\/\",\"url\":\"https:\/\/www.alldayled.com\/wp-content\/uploads\/2025\/10\/Logo-ALL-DAY-LED-800x800-zwart-witte-letters.png\",\"contentUrl\":\"https:\/\/www.alldayled.com\/wp-content\/uploads\/2025\/10\/Logo-ALL-DAY-LED-800x800-zwart-witte-letters.png\",\"width\":800,\"height\":800,\"caption\":\"All Day Led\"},\"image\":{\"@id\":\"https:\/\/www.alldayled.com\/de\/#\/schema\/logo\/image\/\"},\"sameAs\":[\"https:\/\/www.facebook.com\/alldayled\/\",\"https:\/\/www.instagram.com\/alldayled\/\"],\"vatID\":\"NL863960133B01\",\"taxID\":\"86416545\"}]}<\/script>\n<meta property=\"product:brand\" content=\"Strands\" \/>\n<meta property=\"product:price:amount\" content=\"64.95\" \/>\n<meta property=\"product:price:currency\" content=\"EUR\" \/>\n<meta property=\"og:availability\" content=\"instock\" \/>\n<meta property=\"product:availability\" content=\"instock\" \/>\n<meta property=\"product:retailer_item_id\" content=\"ADL850427\" \/>\n<meta property=\"product:condition\" content=\"new\" \/>\n<!-- \/ Yoast SEO Premium plugin. -->","yoast_head_json":{"title":"Strands torpedo Topleuchte Silver Arrow - mit orange Blitzer","description":"Strands torpedo Topleuchte Silver Arrow - Amerikanische LED-Topleuchte mit eingebautem LED Blitz - DUAL COLOR Standlicht ORANGE\/WEISS - f\u00fcr 12 & 24 Volt Betrieb","robots":{"index":"index","follow":"follow","max-snippet":"max-snippet:-1","max-image-preview":"max-image-preview:large","max-video-preview":"max-video-preview:-1"},"canonical":"https:\/\/www.alldayled.com\/de\/produkt\/strands-torpedo-toplamp-silver-arrow\/","og_locale":"de_DE","og_type":"article","og_title":"Strands torpedo Topleuchte Silver Arrow - mit orange Blitzer","og_description":"Strands torpedo Topleuchte Silver Arrow - Amerikanische LED-Topleuchte mit eingebautem LED Blitz - DUAL COLOR Standlicht ORANGE\/WEISS - f\u00fcr 12 & 24 Volt Betrieb","og_url":"https:\/\/www.alldayled.com\/de\/produkt\/strands-torpedo-toplamp-silver-arrow\/","og_site_name":"All Day Led","article_publisher":"https:\/\/www.facebook.com\/alldayled\/","og_image":[{"url":"https:\/\/www.alldayled.com\/wp-content\/uploads\/2024\/07\/ADL850427-300x300.png","type":"","width":"","height":""}],"twitter_misc":{"Preis":"&euro;&nbsp;64,95","Verf\u00fcgbarkeit":"Auf Lager"},"schema":{"@context":"https:\/\/schema.org","@graph":[{"@type":"WebPage","@id":"https:\/\/www.alldayled.com\/de\/produkt\/strands-torpedo-toplamp-silver-arrow\/","url":"https:\/\/www.alldayled.com\/de\/produkt\/strands-torpedo-toplamp-silver-arrow\/","name":"Strands torpedo Topleuchte Silver Arrow - mit orange Blitzer","isPartOf":{"@id":"https:\/\/www.alldayled.com\/de\/#website"},"primaryImageOfPage":{"@id":"https:\/\/www.alldayled.com\/de\/produkt\/strands-torpedo-toplamp-silver-arrow\/#primaryimage"},"image":{"@id":"https:\/\/www.alldayled.com\/de\/produkt\/strands-torpedo-toplamp-silver-arrow\/#primaryimage"},"thumbnailUrl":"https:\/\/www.alldayled.com\/wp-content\/uploads\/2024\/07\/ADL80427-10.png","datePublished":"2024-07-15T12:38:37+00:00","description":"Strands torpedo Topleuchte Silver Arrow - Amerikanische LED-Topleuchte mit eingebautem LED Blitz - DUAL COLOR Standlicht ORANGE\/WEISS - f\u00fcr 12 & 24 Volt Betrieb","breadcrumb":{"@id":"https:\/\/www.alldayled.com\/de\/produkt\/strands-torpedo-toplamp-silver-arrow\/#breadcrumb"},"inLanguage":"de","potentialAction":[{"@type":"ReadAction","target":["https:\/\/www.alldayled.com\/de\/produkt\/strands-torpedo-toplamp-silver-arrow\/"]}]},{"@type":"ImageObject","inLanguage":"de","@id":"https:\/\/www.alldayled.com\/de\/produkt\/strands-torpedo-toplamp-silver-arrow\/#primaryimage","url":"https:\/\/www.alldayled.com\/wp-content\/uploads\/2024\/07\/ADL80427-10.png","contentUrl":"https:\/\/www.alldayled.com\/wp-content\/uploads\/2024\/07\/ADL80427-10.png","width":800,"height":600,"caption":"Strands 850427 - EAN: 7323030001667"},{"@type":"BreadcrumbList","@id":"https:\/\/www.alldayled.com\/de\/produkt\/strands-torpedo-toplamp-silver-arrow\/#breadcrumb","itemListElement":[{"@type":"ListItem","position":1,"name":"Home","item":"https:\/\/www.alldayled.com\/de\/"},{"@type":"ListItem","position":2,"name":"Shop","item":"https:\/\/www.alldayled.com\/de\/shop\/"},{"@type":"ListItem","position":3,"name":"Andere","item":"https:\/\/www.alldayled.com\/de\/produkt-kategorie\/andere-produkte\/"},{"@type":"ListItem","position":4,"name":"Top leuchten","item":"https:\/\/www.alldayled.com\/de\/produkt-kategorie\/andere-produkte\/toplichten\/"},{"@type":"ListItem","position":5,"name":"Strands torpedo Topleuchte Silver Arrow"}]},{"@type":"WebSite","@id":"https:\/\/www.alldayled.com\/de\/#website","url":"https:\/\/www.alldayled.com\/de\/","name":"All Day Led","description":"Verlichting voor 12&amp;24 volt gebruik","publisher":{"@id":"https:\/\/www.alldayled.com\/de\/#organization"},"potentialAction":[{"@type":"SearchAction","target":{"@type":"EntryPoint","urlTemplate":"https:\/\/www.alldayled.com\/de\/?s={search_term_string}"},"query-input":{"@type":"PropertyValueSpecification","valueRequired":true,"valueName":"search_term_string"}}],"inLanguage":"de"},{"@type":"Organization","@id":"https:\/\/www.alldayled.com\/de\/#organization","name":"All Day Led","url":"https:\/\/www.alldayled.com\/de\/","logo":{"@type":"ImageObject","inLanguage":"de","@id":"https:\/\/www.alldayled.com\/de\/#\/schema\/logo\/image\/","url":"https:\/\/www.alldayled.com\/wp-content\/uploads\/2025\/10\/Logo-ALL-DAY-LED-800x800-zwart-witte-letters.png","contentUrl":"https:\/\/www.alldayled.com\/wp-content\/uploads\/2025\/10\/Logo-ALL-DAY-LED-800x800-zwart-witte-letters.png","width":800,"height":800,"caption":"All Day Led"},"image":{"@id":"https:\/\/www.alldayled.com\/de\/#\/schema\/logo\/image\/"},"sameAs":["https:\/\/www.facebook.com\/alldayled\/","https:\/\/www.instagram.com\/alldayled\/"],"vatID":"NL863960133B01","taxID":"86416545"}]},"product_brand":"Strands","product_price_amount":"64.95","product_price_currency":"EUR","og_availability":"instock","product_availability":"instock","product_retailer_item_id":"ADL850427","product_condition":"new"},"_links":{"self":[{"href":"https:\/\/www.alldayled.com\/de\/wp-json\/wp\/v2\/product\/67395","targetHints":{"allow":["GET"]}}],"collection":[{"href":"https:\/\/www.alldayled.com\/de\/wp-json\/wp\/v2\/product"}],"about":[{"href":"https:\/\/www.alldayled.com\/de\/wp-json\/wp\/v2\/types\/product"}],"replies":[{"embeddable":true,"href":"https:\/\/www.alldayled.com\/de\/wp-json\/wp\/v2\/comments?post=67395"}],"wp:featuredmedia":[{"embeddable":true,"href":"https:\/\/www.alldayled.com\/de\/wp-json\/wp\/v2\/media\/29868"}],"wp:attachment":[{"href":"https:\/\/www.alldayled.com\/de\/wp-json\/wp\/v2\/media?parent=67395"}],"wp:term":[{"taxonomy":"product_brand","embeddable":true,"href":"https:\/\/www.alldayled.com\/de\/wp-json\/wp\/v2\/product_brand?post=67395"},{"taxonomy":"product_cat","embeddable":true,"href":"https:\/\/www.alldayled.com\/de\/wp-json\/wp\/v2\/product_cat?post=67395"},{"taxonomy":"product_tag","embeddable":true,"href":"https:\/\/www.alldayled.com\/de\/wp-json\/wp\/v2\/product_tag?post=67395"}],"curies":[{"name":"wp","href":"https:\/\/api.w.org\/{rel}","templated":true}]}}