{"id":67400,"date":"2024-07-16T14:59:43","date_gmt":"2024-07-16T12:59:43","guid":{"rendered":"https:\/\/www.alldayled.com\/product\/old-school-2-serie-led-toplamp-rechts\/"},"modified":"2026-05-04T15:15:50","modified_gmt":"2026-05-04T13:15:50","slug":"old-school-2-serie-led-toplamp-rechts","status":"publish","type":"product","link":"https:\/\/www.alldayled.com\/de\/produkt\/old-school-2-serie-led-toplamp-rechts\/","title":{"rendered":"Oldschool 2-Serie LED Topleuchte &#8211; rechts"},"content":{"rendered":"<p><span style=\"color: #000000;\"><strong>Oldschool 2-Serie Topleuchte rechts mit vier Farboptionen, f\u00fcr 24 Volt. <\/strong><\/span><\/p>\n<p><span style=\"color: #000000;\">Sind Sie auf der Suche nach der Oldschool Scania Topleuchte mit schr\u00e4ger Montage und vierfarbigem Licht? Dann ist die Oldschool 2-Serie LED Topleuchte \u2013 RECHTS der Marke Nedking vielleicht genau das, was Sie suchen. Die Topleuchte hat 3 kr\u00e4ftige LEDs und kann wahlweise in Rot, Orange oder Wei\u00df aufleuchten. So bestimmen Sie selbst, welche Farbe Sie verwenden. Achtung: Die Lampe funktioniert nur mit 24 Volt, wodurch sie ideal f\u00fcr die Montage an Ihrem LKW oder Anh\u00e4nger ist.    <\/span><\/p>\n<p><span style=\"color: #000000;\">Um sicherzustellen, dass diese Scania 2-Serie Topleuchte rechts zu Ihrem Fahrzeug passt, haben wir die wichtigsten Eigenschaften hierunter aufgelistet. Die Lampe wird mit einer abgeschr\u00e4gten Seite geliefert, wodurch Sie sie einfach an der rechten Seite Ihrer Kabine montieren k\u00f6nnen. Die Lampe hat das ECE R10-Pr\u00fcfzeichen, was bedeutet, dass sie bei richtiger Montage keine St\u00f6rungen auf beispielsweise Ihrem Funksignal verursacht. Au\u00dferdem wird die Topleuchte mit einem 25 cm Kabel geliefert, sodass Sie die Installation schnell und problemlos durchf\u00fchren k\u00f6nnen. So entscheiden Sie sich f\u00fcr eine zuverl\u00e4ssige, sichere und stilvolle Oldschool LED Topleuchte, die jahrelang h\u00e4lt.    <\/span><\/p>\n<h5><span style=\"color: #000000;\"><strong>Weitere Modelle:<\/strong><\/span><\/h5>\n<p><span style=\"color: #000000;\">M\u00f6chten Sie zwar eine Oldschool 2-Serie LED Topleuchte an Ihrem Scania montieren, aber ist die MULTI COLOR Lampe mit schr\u00e4g abgerundeter Ecke \u2013 RECHTS nicht ganz das, was Sie suchen? Kein Problem! Nedking bietet diese LED Topleuchte auch in verschiedenen anderen Ausf\u00fchrungen an. So k\u00f6nnen Sie immer die Lampe w\u00e4hlen, die am besten zu Ihrem Scania, Stil und Ihrer Vorliebe passt. <\/span><\/p>\n<ul>\n<li><span style=\"color: #000000;\"><a style=\"color: #000000;\" href=\"https:\/\/www.alldayled.com\/de\/produkt\/old-school-2-serie-led-toplamp-links\/\"><strong>2-Serie Topleuchte LINKS<\/strong><\/a><\/span><\/li>\n<\/ul>\n<p><span style=\"color: #000000;\">Sind Sie nach dem Lesen aller Spezifikationen und Eigenschaften dieser Lampe noch nicht \u00fcberzeugt? Einfach weil die Farbe, Form oder Spannung der Oldschool 2-Serie LED Topleuchte &#8211; RECHTS nicht Ihren W\u00fcnschen entspricht? Sehen Sie sich dann hier das komplette Angebot an Beleuchtung der Marke <a style=\"color: #000000;\" href=\"https:\/\/www.alldayled.com\/de\/marke\/product-nedking\/\" target=\"_blank\" rel=\"noopener\">Nedking<\/a> an. Vielleicht finden Sie hier die Lampe, die Sie suchen.   <\/span><\/p>\n","protected":false},"excerpt":{"rendered":"<p>Nedking 2-Serie Topleuchte wei\u00df, orange und rot mit Gummifu\u00df rechts, f\u00fcr 24 Volt.<\/p>\n","protected":false},"featured_media":29487,"comment_status":"open","ping_status":"closed","template":"","meta":{"_acf_changed":false},"product_brand":[6505],"product_cat":[5346],"product_tag":[9515,9187,9184],"class_list":{"0":"post-67400","1":"product","2":"type-product","3":"status-publish","4":"has-post-thumbnail","6":"product_brand-product-nedking","7":"product_cat-toplichten","8":"product_tag-led-topleuchte","9":"product_tag-nedking","10":"product_tag-nedking-beleuchtung","12":"first","13":"instock","14":"taxable","15":"shipping-taxable","16":"purchasable","17":"product-type-simple"},"acf":[],"yoast_head":"<!-- This site is optimized with the Yoast SEO Premium plugin v26.5 (Yoast SEO v27.1.1) - https:\/\/yoast.com\/product\/yoast-seo-premium-wordpress\/ -->\n<title>Oldschool 2-Serie Topleuchte rechts - All Day Led - geeignet f\u00fcr 24-Volt-Betrieb<\/title>\n<meta name=\"description\" content=\"Oldschool 2-Serie Topleuchte rechts - bekannte Scania 2-Serie LED Topleuchte mit 4 Farben - mehrfarbig: ROT-WEISS - ROT-AMBER - AMBER-WEISS - AMBER-AMBER\" \/>\n<meta name=\"robots\" content=\"index, follow, max-snippet:-1, max-image-preview:large, max-video-preview:-1\" \/>\n<link rel=\"canonical\" href=\"https:\/\/www.alldayled.com\/de\/produkt\/old-school-2-serie-led-toplamp-rechts\/\" \/>\n<meta property=\"og:locale\" content=\"de_DE\" \/>\n<meta property=\"og:type\" content=\"article\" \/>\n<meta property=\"og:title\" content=\"Oldschool 2-Serie Topleuchte rechts - All Day Led - geeignet f\u00fcr 24-Volt-Betrieb\" \/>\n<meta property=\"og:description\" content=\"Oldschool 2-Serie Topleuchte rechts - bekannte Scania 2-Serie LED Topleuchte mit 4 Farben - mehrfarbig: ROT-WEISS - ROT-AMBER - AMBER-WEISS - AMBER-AMBER\" \/>\n<meta property=\"og:url\" content=\"https:\/\/www.alldayled.com\/de\/produkt\/old-school-2-serie-led-toplamp-rechts\/\" \/>\n<meta property=\"og:site_name\" content=\"All Day Led\" \/>\n<meta property=\"article:publisher\" content=\"https:\/\/www.facebook.com\/alldayled\/\" \/>\n<meta property=\"article:modified_time\" content=\"2026-05-04T13:15:50+00:00\" \/>\n<meta property=\"og:image\" content=\"https:\/\/www.alldayled.com\/wp-content\/uploads\/2024\/08\/ADL350259.01-300x300.png\" \/>\n<meta name=\"twitter:label1\" content=\"Preis\" \/>\n\t<meta name=\"twitter:data1\" content=\"&euro;&nbsp;34,95\" \/>\n\t<meta name=\"twitter:label2\" content=\"Verf\u00fcgbarkeit\" \/>\n\t<meta name=\"twitter:data2\" content=\"Auf Lager\" \/>\n<script type=\"application\/ld+json\" class=\"yoast-schema-graph\">{\"@context\":\"https:\/\/schema.org\",\"@graph\":[{\"@type\":\"WebPage\",\"@id\":\"https:\/\/www.alldayled.com\/de\/produkt\/old-school-2-serie-led-toplamp-rechts\/\",\"url\":\"https:\/\/www.alldayled.com\/de\/produkt\/old-school-2-serie-led-toplamp-rechts\/\",\"name\":\"Oldschool 2-Serie Topleuchte rechts - All Day Led - geeignet f\u00fcr 24-Volt-Betrieb\",\"isPartOf\":{\"@id\":\"https:\/\/www.alldayled.com\/de\/#website\"},\"primaryImageOfPage\":{\"@id\":\"https:\/\/www.alldayled.com\/de\/produkt\/old-school-2-serie-led-toplamp-rechts\/#primaryimage\"},\"image\":{\"@id\":\"https:\/\/www.alldayled.com\/de\/produkt\/old-school-2-serie-led-toplamp-rechts\/#primaryimage\"},\"thumbnailUrl\":\"https:\/\/www.alldayled.com\/wp-content\/uploads\/2024\/07\/ADL350259.png\",\"datePublished\":\"2024-07-16T12:59:43+00:00\",\"dateModified\":\"2026-05-04T13:15:50+00:00\",\"description\":\"Oldschool 2-Serie Topleuchte rechts - bekannte Scania 2-Serie LED Topleuchte mit 4 Farben - mehrfarbig: ROT-WEISS - ROT-AMBER - AMBER-WEISS - AMBER-AMBER\",\"breadcrumb\":{\"@id\":\"https:\/\/www.alldayled.com\/de\/produkt\/old-school-2-serie-led-toplamp-rechts\/#breadcrumb\"},\"inLanguage\":\"de\",\"potentialAction\":[{\"@type\":\"ReadAction\",\"target\":[\"https:\/\/www.alldayled.com\/de\/produkt\/old-school-2-serie-led-toplamp-rechts\/\"]}]},{\"@type\":\"ImageObject\",\"inLanguage\":\"de\",\"@id\":\"https:\/\/www.alldayled.com\/de\/produkt\/old-school-2-serie-led-toplamp-rechts\/#primaryimage\",\"url\":\"https:\/\/www.alldayled.com\/wp-content\/uploads\/2024\/07\/ADL350259.png\",\"contentUrl\":\"https:\/\/www.alldayled.com\/wp-content\/uploads\/2024\/07\/ADL350259.png\",\"width\":800,\"height\":600,\"caption\":\"Oldschool Scania 2-Serie LED Topleuchte MULTI COLOR RECHTS - NEDKING LED Topleuchte f\u00fcr eine LKW Kabine - MULTI COLOR Standlicht ROT-WEISS - ROT-AMBER - AMBER-WEISS - AMBER-AMBER\"},{\"@type\":\"BreadcrumbList\",\"@id\":\"https:\/\/www.alldayled.com\/de\/produkt\/old-school-2-serie-led-toplamp-rechts\/#breadcrumb\",\"itemListElement\":[{\"@type\":\"ListItem\",\"position\":1,\"name\":\"Home\",\"item\":\"https:\/\/www.alldayled.com\/de\/\"},{\"@type\":\"ListItem\",\"position\":2,\"name\":\"Shop\",\"item\":\"https:\/\/www.alldayled.com\/de\/shop\/\"},{\"@type\":\"ListItem\",\"position\":3,\"name\":\"Andere\",\"item\":\"https:\/\/www.alldayled.com\/de\/produkt-kategorie\/andere-produkte\/\"},{\"@type\":\"ListItem\",\"position\":4,\"name\":\"Top leuchten\",\"item\":\"https:\/\/www.alldayled.com\/de\/produkt-kategorie\/andere-produkte\/toplichten\/\"},{\"@type\":\"ListItem\",\"position\":5,\"name\":\"Oldschool 2-Serie LED Topleuchte &#8211; rechts\"}]},{\"@type\":\"WebSite\",\"@id\":\"https:\/\/www.alldayled.com\/de\/#website\",\"url\":\"https:\/\/www.alldayled.com\/de\/\",\"name\":\"All Day Led\",\"description\":\"Verlichting voor 12&amp;24 volt gebruik\",\"publisher\":{\"@id\":\"https:\/\/www.alldayled.com\/de\/#organization\"},\"potentialAction\":[{\"@type\":\"SearchAction\",\"target\":{\"@type\":\"EntryPoint\",\"urlTemplate\":\"https:\/\/www.alldayled.com\/de\/?s={search_term_string}\"},\"query-input\":{\"@type\":\"PropertyValueSpecification\",\"valueRequired\":true,\"valueName\":\"search_term_string\"}}],\"inLanguage\":\"de\"},{\"@type\":\"Organization\",\"@id\":\"https:\/\/www.alldayled.com\/de\/#organization\",\"name\":\"All Day Led\",\"url\":\"https:\/\/www.alldayled.com\/de\/\",\"logo\":{\"@type\":\"ImageObject\",\"inLanguage\":\"de\",\"@id\":\"https:\/\/www.alldayled.com\/de\/#\/schema\/logo\/image\/\",\"url\":\"https:\/\/www.alldayled.com\/wp-content\/uploads\/2025\/10\/Logo-ALL-DAY-LED-800x800-zwart-witte-letters.png\",\"contentUrl\":\"https:\/\/www.alldayled.com\/wp-content\/uploads\/2025\/10\/Logo-ALL-DAY-LED-800x800-zwart-witte-letters.png\",\"width\":800,\"height\":800,\"caption\":\"All Day Led\"},\"image\":{\"@id\":\"https:\/\/www.alldayled.com\/de\/#\/schema\/logo\/image\/\"},\"sameAs\":[\"https:\/\/www.facebook.com\/alldayled\/\",\"https:\/\/www.instagram.com\/alldayled\/\"],\"vatID\":\"NL863960133B01\",\"taxID\":\"86416545\"}]}<\/script>\n<meta property=\"product:brand\" content=\"Nedking\" \/>\n<meta property=\"product:price:amount\" content=\"34.95\" \/>\n<meta property=\"product:price:currency\" content=\"EUR\" \/>\n<meta property=\"og:availability\" content=\"instock\" \/>\n<meta property=\"product:availability\" content=\"instock\" \/>\n<meta property=\"product:retailer_item_id\" content=\"ADL350259\" \/>\n<meta property=\"product:condition\" content=\"new\" \/>\n<!-- \/ Yoast SEO Premium plugin. -->","yoast_head_json":{"title":"Oldschool 2-Serie Topleuchte rechts - All Day Led - geeignet f\u00fcr 24-Volt-Betrieb","description":"Oldschool 2-Serie Topleuchte rechts - bekannte Scania 2-Serie LED Topleuchte mit 4 Farben - mehrfarbig: ROT-WEISS - ROT-AMBER - AMBER-WEISS - AMBER-AMBER","robots":{"index":"index","follow":"follow","max-snippet":"max-snippet:-1","max-image-preview":"max-image-preview:large","max-video-preview":"max-video-preview:-1"},"canonical":"https:\/\/www.alldayled.com\/de\/produkt\/old-school-2-serie-led-toplamp-rechts\/","og_locale":"de_DE","og_type":"article","og_title":"Oldschool 2-Serie Topleuchte rechts - All Day Led - geeignet f\u00fcr 24-Volt-Betrieb","og_description":"Oldschool 2-Serie Topleuchte rechts - bekannte Scania 2-Serie LED Topleuchte mit 4 Farben - mehrfarbig: ROT-WEISS - ROT-AMBER - AMBER-WEISS - AMBER-AMBER","og_url":"https:\/\/www.alldayled.com\/de\/produkt\/old-school-2-serie-led-toplamp-rechts\/","og_site_name":"All Day Led","article_publisher":"https:\/\/www.facebook.com\/alldayled\/","article_modified_time":"2026-05-04T13:15:50+00:00","og_image":[{"url":"https:\/\/www.alldayled.com\/wp-content\/uploads\/2024\/08\/ADL350259.01-300x300.png","type":"","width":"","height":""}],"twitter_misc":{"Preis":"&euro;&nbsp;34,95","Verf\u00fcgbarkeit":"Auf Lager"},"schema":{"@context":"https:\/\/schema.org","@graph":[{"@type":"WebPage","@id":"https:\/\/www.alldayled.com\/de\/produkt\/old-school-2-serie-led-toplamp-rechts\/","url":"https:\/\/www.alldayled.com\/de\/produkt\/old-school-2-serie-led-toplamp-rechts\/","name":"Oldschool 2-Serie Topleuchte rechts - All Day Led - geeignet f\u00fcr 24-Volt-Betrieb","isPartOf":{"@id":"https:\/\/www.alldayled.com\/de\/#website"},"primaryImageOfPage":{"@id":"https:\/\/www.alldayled.com\/de\/produkt\/old-school-2-serie-led-toplamp-rechts\/#primaryimage"},"image":{"@id":"https:\/\/www.alldayled.com\/de\/produkt\/old-school-2-serie-led-toplamp-rechts\/#primaryimage"},"thumbnailUrl":"https:\/\/www.alldayled.com\/wp-content\/uploads\/2024\/07\/ADL350259.png","datePublished":"2024-07-16T12:59:43+00:00","dateModified":"2026-05-04T13:15:50+00:00","description":"Oldschool 2-Serie Topleuchte rechts - bekannte Scania 2-Serie LED Topleuchte mit 4 Farben - mehrfarbig: ROT-WEISS - ROT-AMBER - AMBER-WEISS - AMBER-AMBER","breadcrumb":{"@id":"https:\/\/www.alldayled.com\/de\/produkt\/old-school-2-serie-led-toplamp-rechts\/#breadcrumb"},"inLanguage":"de","potentialAction":[{"@type":"ReadAction","target":["https:\/\/www.alldayled.com\/de\/produkt\/old-school-2-serie-led-toplamp-rechts\/"]}]},{"@type":"ImageObject","inLanguage":"de","@id":"https:\/\/www.alldayled.com\/de\/produkt\/old-school-2-serie-led-toplamp-rechts\/#primaryimage","url":"https:\/\/www.alldayled.com\/wp-content\/uploads\/2024\/07\/ADL350259.png","contentUrl":"https:\/\/www.alldayled.com\/wp-content\/uploads\/2024\/07\/ADL350259.png","width":800,"height":600,"caption":"Oldschool Scania 2-Serie LED Topleuchte MULTI COLOR RECHTS - NEDKING LED Topleuchte f\u00fcr eine LKW Kabine - MULTI COLOR Standlicht ROT-WEISS - ROT-AMBER - AMBER-WEISS - AMBER-AMBER"},{"@type":"BreadcrumbList","@id":"https:\/\/www.alldayled.com\/de\/produkt\/old-school-2-serie-led-toplamp-rechts\/#breadcrumb","itemListElement":[{"@type":"ListItem","position":1,"name":"Home","item":"https:\/\/www.alldayled.com\/de\/"},{"@type":"ListItem","position":2,"name":"Shop","item":"https:\/\/www.alldayled.com\/de\/shop\/"},{"@type":"ListItem","position":3,"name":"Andere","item":"https:\/\/www.alldayled.com\/de\/produkt-kategorie\/andere-produkte\/"},{"@type":"ListItem","position":4,"name":"Top leuchten","item":"https:\/\/www.alldayled.com\/de\/produkt-kategorie\/andere-produkte\/toplichten\/"},{"@type":"ListItem","position":5,"name":"Oldschool 2-Serie LED Topleuchte &#8211; rechts"}]},{"@type":"WebSite","@id":"https:\/\/www.alldayled.com\/de\/#website","url":"https:\/\/www.alldayled.com\/de\/","name":"All Day Led","description":"Verlichting voor 12&amp;24 volt gebruik","publisher":{"@id":"https:\/\/www.alldayled.com\/de\/#organization"},"potentialAction":[{"@type":"SearchAction","target":{"@type":"EntryPoint","urlTemplate":"https:\/\/www.alldayled.com\/de\/?s={search_term_string}"},"query-input":{"@type":"PropertyValueSpecification","valueRequired":true,"valueName":"search_term_string"}}],"inLanguage":"de"},{"@type":"Organization","@id":"https:\/\/www.alldayled.com\/de\/#organization","name":"All Day Led","url":"https:\/\/www.alldayled.com\/de\/","logo":{"@type":"ImageObject","inLanguage":"de","@id":"https:\/\/www.alldayled.com\/de\/#\/schema\/logo\/image\/","url":"https:\/\/www.alldayled.com\/wp-content\/uploads\/2025\/10\/Logo-ALL-DAY-LED-800x800-zwart-witte-letters.png","contentUrl":"https:\/\/www.alldayled.com\/wp-content\/uploads\/2025\/10\/Logo-ALL-DAY-LED-800x800-zwart-witte-letters.png","width":800,"height":800,"caption":"All Day Led"},"image":{"@id":"https:\/\/www.alldayled.com\/de\/#\/schema\/logo\/image\/"},"sameAs":["https:\/\/www.facebook.com\/alldayled\/","https:\/\/www.instagram.com\/alldayled\/"],"vatID":"NL863960133B01","taxID":"86416545"}]},"product_brand":"Nedking","product_price_amount":"34.95","product_price_currency":"EUR","og_availability":"instock","product_availability":"instock","product_retailer_item_id":"ADL350259","product_condition":"new"},"_links":{"self":[{"href":"https:\/\/www.alldayled.com\/de\/wp-json\/wp\/v2\/product\/67400","targetHints":{"allow":["GET"]}}],"collection":[{"href":"https:\/\/www.alldayled.com\/de\/wp-json\/wp\/v2\/product"}],"about":[{"href":"https:\/\/www.alldayled.com\/de\/wp-json\/wp\/v2\/types\/product"}],"replies":[{"embeddable":true,"href":"https:\/\/www.alldayled.com\/de\/wp-json\/wp\/v2\/comments?post=67400"}],"wp:featuredmedia":[{"embeddable":true,"href":"https:\/\/www.alldayled.com\/de\/wp-json\/wp\/v2\/media\/29487"}],"wp:attachment":[{"href":"https:\/\/www.alldayled.com\/de\/wp-json\/wp\/v2\/media?parent=67400"}],"wp:term":[{"taxonomy":"product_brand","embeddable":true,"href":"https:\/\/www.alldayled.com\/de\/wp-json\/wp\/v2\/product_brand?post=67400"},{"taxonomy":"product_cat","embeddable":true,"href":"https:\/\/www.alldayled.com\/de\/wp-json\/wp\/v2\/product_cat?post=67400"},{"taxonomy":"product_tag","embeddable":true,"href":"https:\/\/www.alldayled.com\/de\/wp-json\/wp\/v2\/product_tag?post=67400"}],"curies":[{"name":"wp","href":"https:\/\/api.w.org\/{rel}","templated":true}]}}