{"id":67407,"date":"2023-01-01T14:04:19","date_gmt":"2023-01-01T13:04:19","guid":{"rendered":"https:\/\/www.alldayled.com\/product\/boreman-zonneklep-lamp-scania-ng-oranje\/"},"modified":"2026-04-22T21:50:47","modified_gmt":"2026-04-22T19:50:47","slug":"boreman-zonneklep-lamp-scania-ng-oranje","status":"publish","type":"product","link":"https:\/\/www.alldayled.com\/de\/produkt\/boreman-zonneklep-lamp-scania-ng-oranje\/","title":{"rendered":"Boreman Sonnenblende leuchte Scania NG &#8211; orange"},"content":{"rendered":"<p><span style=\"color: #000000;\"><strong>Boreman Sonnenblende leuchte f\u00fcr Scania Next Gen &#8211; orange, f\u00fcr 24 Volt. <\/strong><\/span><\/p>\n<p><span style=\"color: #000000;\">Suchst du eine LED Toplampe zur Montage in der Sonnenblende deines LKW? Dann ist die orange leuchtende Boreman Sonnenblende leuchte vielleicht genau die richtige Lampe f\u00fcr dich. Die Lampe hat 1 Hi-Power LED, wodurch du eine gute Beleuchtung sichergestellt hast. So bleibst du sowohl tags\u00fcber als auch abends gut sichtbar. Achtung: Die Lampe funktioniert nur mit 24 Volt, sie ist also f\u00fcr deinen LKW oder Anh\u00e4nger geeignet.    <\/span><\/p>\n<p><span style=\"color: #000000;\">Um sicherzustellen, dass die Boreman Sonnenblende leuchte orange auf deinen LKW oder Anh\u00e4nger passt, haben wir die wichtigsten Spezifikationen unten aufgef\u00fchrt. Die Lampe hat das ECE R10 Pr\u00fcfzeichen, was bedeutet, dass sie keine St\u00f6rungen, zum Beispiel an deinem Radiosignal, verursacht. Zudem ist die Lampe mit dem bekannten Scania Stecker ausgestattet, sodass du sie schnell und einfach anschlie\u00dfen kannst. Das Geh\u00e4use ist hochgl\u00e4nzend schwarz, wodurch die Lampe in der Sonnenblende nicht auff\u00e4llt, wenn sie ausgeschaltet ist. So w\u00e4hlst du eine elegante, zuverl\u00e4ssige und benutzerfreundliche LED Toplampe f\u00fcr deinen LKW oder Anh\u00e4nger.    <\/span><\/p>\n<h5><span style=\"color: #000000;\"><strong>Andere Farben:<\/strong><\/span><\/h5>\n<p><span style=\"color: #000000;\">M\u00f6chtest du eine Sonnenblende leuchte f\u00fcr deinen LKW, suchst aber nicht die orangefarbene Ausf\u00fchrung? Dann gibt es gute Nachrichten! Die Boreman Sonnenblende leuchte Scania NG ist auch mit wei\u00dfen LED\u2019s erh\u00e4ltlich. Die Ausf\u00fchrung mit klarem Glas und wei\u00dfer LED findest du unten. Zudem findest du hier auch das passende Anschlusskabel, damit du die Lampe schnell und einfach installieren kannst.    <\/span><\/p>\n<ul>\n<li><span style=\"color: #000000;\"><a style=\"color: #000000;\" href=\"https:\/\/www.alldayled.com\/de\/produkt\/boreman-zonneklep-lamp-scania-ng-wit\/\" target=\"_blank\" rel=\"noopener\"><strong>Scania Toplampe WEISS<\/strong><\/a><\/span><\/li>\n<li><span style=\"color: #000000;\"><a style=\"color: #000000;\" href=\"https:\/\/www.alldayled.com\/product\/aansluitkabel-voor-zonneklep-lamp-scania-ng\/\" target=\"_blank\" rel=\"noopener\"><strong>Anschlusskabel<\/strong><\/a><\/span><\/li>\n<\/ul>\n<p><span style=\"color: #000000;\">Bist du dennoch der Meinung, dass die Boreman Sonnenblende leuchte orange nicht das ist, was du suchst? Einfach weil die Farbe oder Spannung nicht deinen W\u00fcnschen entspricht? Dann schau doch mal auf unserer Seite <a style=\"color: #000000;\" href=\"https:\/\/www.alldayled.com\/de\/produkt-kategorie\/beleuchtungswagen\/\">LKW Beleuchtung<\/a> vorbei. Vielleicht findest du hier ja das Lampenmodell, wonach du suchst.    <\/span><\/p>\n","protected":false},"excerpt":{"rendered":"<p>Boreman Sonnenblende leuchte wei\u00df, geeignet f\u00fcr Scania Next Gen. Verwendbar mit 24 Volt. <\/p>\n","protected":false},"featured_media":79129,"comment_status":"open","ping_status":"closed","template":"","meta":{"_acf_changed":false},"product_brand":[5588],"product_cat":[5409,5346],"product_tag":[9520,9522,9521],"class_list":{"0":"post-67407","1":"product","2":"type-product","3":"status-publish","4":"has-post-thumbnail","6":"product_brand-product-boreman","7":"product_cat-scania-verlichting","8":"product_cat-toplichten","9":"product_tag-scania","10":"product_tag-scania-next-gen","11":"product_tag-scania-toplampe","13":"first","14":"instock","15":"taxable","16":"shipping-taxable","17":"purchasable","18":"product-type-simple"},"acf":[],"yoast_head":"<!-- This site is optimized with the Yoast SEO Premium plugin v26.5 (Yoast SEO v27.1.1) - https:\/\/yoast.com\/product\/yoast-seo-premium-wordpress\/ -->\n<title>Boreman Sonnenblende leuchte ORANGE - All Day Led - Scania NG Lampe<\/title>\n<meta name=\"description\" content=\"Boreman Sonnenblende leuchte ORANGE - Scania LED Toplampe - mit orangefarbenen LED&#039;s - f\u00fcr Scania Next Gen Serien - mit Plug &amp; Play Scania Stecker\" \/>\n<meta name=\"robots\" content=\"index, follow, max-snippet:-1, max-image-preview:large, max-video-preview:-1\" \/>\n<link rel=\"canonical\" href=\"https:\/\/www.alldayled.com\/de\/produkt\/boreman-zonneklep-lamp-scania-ng-oranje\/\" \/>\n<meta property=\"og:locale\" content=\"de_DE\" \/>\n<meta property=\"og:type\" content=\"article\" \/>\n<meta property=\"og:title\" content=\"Boreman Sonnenblende leuchte ORANGE - All Day Led - Scania NG Lampe\" \/>\n<meta property=\"og:description\" content=\"Boreman Sonnenblende leuchte ORANGE - Scania LED Toplampe - mit orangefarbenen LED&#039;s - f\u00fcr Scania Next Gen Serien - mit Plug &amp; Play Scania Stecker\" \/>\n<meta property=\"og:url\" content=\"https:\/\/www.alldayled.com\/de\/produkt\/boreman-zonneklep-lamp-scania-ng-oranje\/\" \/>\n<meta property=\"og:site_name\" content=\"All Day Led\" \/>\n<meta property=\"article:publisher\" content=\"https:\/\/www.facebook.com\/alldayled\/\" \/>\n<meta property=\"article:modified_time\" content=\"2026-04-22T19:50:47+00:00\" \/>\n<meta property=\"og:image\" content=\"https:\/\/www.alldayled.com\/wp-content\/uploads\/2023\/01\/ADL46170A-SM-4-300x300.png\" \/>\n<meta name=\"twitter:label1\" content=\"Preis\" \/>\n\t<meta name=\"twitter:data1\" content=\"&euro;&nbsp;49,95\" \/>\n\t<meta name=\"twitter:label2\" content=\"Verf\u00fcgbarkeit\" \/>\n\t<meta name=\"twitter:data2\" content=\"Auf Lager\" \/>\n<script type=\"application\/ld+json\" class=\"yoast-schema-graph\">{\"@context\":\"https:\/\/schema.org\",\"@graph\":[{\"@type\":\"WebPage\",\"@id\":\"https:\/\/www.alldayled.com\/de\/produkt\/boreman-zonneklep-lamp-scania-ng-oranje\/\",\"url\":\"https:\/\/www.alldayled.com\/de\/produkt\/boreman-zonneklep-lamp-scania-ng-oranje\/\",\"name\":\"Boreman Sonnenblende leuchte ORANGE - All Day Led - Scania NG Lampe\",\"isPartOf\":{\"@id\":\"https:\/\/www.alldayled.com\/de\/#website\"},\"primaryImageOfPage\":{\"@id\":\"https:\/\/www.alldayled.com\/de\/produkt\/boreman-zonneklep-lamp-scania-ng-oranje\/#primaryimage\"},\"image\":{\"@id\":\"https:\/\/www.alldayled.com\/de\/produkt\/boreman-zonneklep-lamp-scania-ng-oranje\/#primaryimage\"},\"thumbnailUrl\":\"https:\/\/www.alldayled.com\/wp-content\/uploads\/2023\/01\/ADL46170A-0.png\",\"datePublished\":\"2023-01-01T13:04:19+00:00\",\"dateModified\":\"2026-04-22T19:50:47+00:00\",\"description\":\"Boreman Sonnenblende leuchte ORANGE - Scania LED Toplampe - mit orangefarbenen LED's - f\u00fcr Scania Next Gen Serien - mit Plug & Play Scania Stecker\",\"breadcrumb\":{\"@id\":\"https:\/\/www.alldayled.com\/de\/produkt\/boreman-zonneklep-lamp-scania-ng-oranje\/#breadcrumb\"},\"inLanguage\":\"de\",\"potentialAction\":[{\"@type\":\"ReadAction\",\"target\":[\"https:\/\/www.alldayled.com\/de\/produkt\/boreman-zonneklep-lamp-scania-ng-oranje\/\"]}]},{\"@type\":\"ImageObject\",\"inLanguage\":\"de\",\"@id\":\"https:\/\/www.alldayled.com\/de\/produkt\/boreman-zonneklep-lamp-scania-ng-oranje\/#primaryimage\",\"url\":\"https:\/\/www.alldayled.com\/wp-content\/uploads\/2023\/01\/ADL46170A-0.png\",\"contentUrl\":\"https:\/\/www.alldayled.com\/wp-content\/uploads\/2023\/01\/ADL46170A-0.png\",\"width\":800,\"height\":600,\"caption\":\"ADL46170A\"},{\"@type\":\"BreadcrumbList\",\"@id\":\"https:\/\/www.alldayled.com\/de\/produkt\/boreman-zonneklep-lamp-scania-ng-oranje\/#breadcrumb\",\"itemListElement\":[{\"@type\":\"ListItem\",\"position\":1,\"name\":\"Home\",\"item\":\"https:\/\/www.alldayled.com\/de\/\"},{\"@type\":\"ListItem\",\"position\":2,\"name\":\"Shop\",\"item\":\"https:\/\/www.alldayled.com\/de\/shop\/\"},{\"@type\":\"ListItem\",\"position\":3,\"name\":\"Beleuchtung LKW\",\"item\":\"https:\/\/www.alldayled.com\/de\/produkt-kategorie\/beleuchtungswagen\/\"},{\"@type\":\"ListItem\",\"position\":4,\"name\":\"Scania Beleuchtung\",\"item\":\"https:\/\/www.alldayled.com\/de\/produkt-kategorie\/beleuchtungswagen\/scania-verlichting\/\"},{\"@type\":\"ListItem\",\"position\":5,\"name\":\"Boreman Sonnenblende leuchte Scania NG &#8211; orange\"}]},{\"@type\":\"WebSite\",\"@id\":\"https:\/\/www.alldayled.com\/de\/#website\",\"url\":\"https:\/\/www.alldayled.com\/de\/\",\"name\":\"All Day Led\",\"description\":\"Verlichting voor 12&amp;24 volt gebruik\",\"publisher\":{\"@id\":\"https:\/\/www.alldayled.com\/de\/#organization\"},\"potentialAction\":[{\"@type\":\"SearchAction\",\"target\":{\"@type\":\"EntryPoint\",\"urlTemplate\":\"https:\/\/www.alldayled.com\/de\/?s={search_term_string}\"},\"query-input\":{\"@type\":\"PropertyValueSpecification\",\"valueRequired\":true,\"valueName\":\"search_term_string\"}}],\"inLanguage\":\"de\"},{\"@type\":\"Organization\",\"@id\":\"https:\/\/www.alldayled.com\/de\/#organization\",\"name\":\"All Day Led\",\"url\":\"https:\/\/www.alldayled.com\/de\/\",\"logo\":{\"@type\":\"ImageObject\",\"inLanguage\":\"de\",\"@id\":\"https:\/\/www.alldayled.com\/de\/#\/schema\/logo\/image\/\",\"url\":\"https:\/\/www.alldayled.com\/wp-content\/uploads\/2025\/10\/Logo-ALL-DAY-LED-800x800-zwart-witte-letters.png\",\"contentUrl\":\"https:\/\/www.alldayled.com\/wp-content\/uploads\/2025\/10\/Logo-ALL-DAY-LED-800x800-zwart-witte-letters.png\",\"width\":800,\"height\":800,\"caption\":\"All Day Led\"},\"image\":{\"@id\":\"https:\/\/www.alldayled.com\/de\/#\/schema\/logo\/image\/\"},\"sameAs\":[\"https:\/\/www.facebook.com\/alldayled\/\",\"https:\/\/www.instagram.com\/alldayled\/\"],\"vatID\":\"NL863960133B01\",\"taxID\":\"86416545\"}]}<\/script>\n<meta property=\"product:brand\" content=\"Boreman\" \/>\n<meta property=\"product:price:amount\" content=\"49.95\" \/>\n<meta property=\"product:price:currency\" content=\"EUR\" \/>\n<meta property=\"og:availability\" content=\"instock\" \/>\n<meta property=\"product:availability\" content=\"instock\" \/>\n<meta property=\"product:retailer_item_id\" content=\"ADL46170A\" \/>\n<meta property=\"product:condition\" content=\"new\" \/>\n<!-- \/ Yoast SEO Premium plugin. -->","yoast_head_json":{"title":"Boreman Sonnenblende leuchte ORANGE - All Day Led - Scania NG Lampe","description":"Boreman Sonnenblende leuchte ORANGE - Scania LED Toplampe - mit orangefarbenen LED's - f\u00fcr Scania Next Gen Serien - mit Plug & Play Scania Stecker","robots":{"index":"index","follow":"follow","max-snippet":"max-snippet:-1","max-image-preview":"max-image-preview:large","max-video-preview":"max-video-preview:-1"},"canonical":"https:\/\/www.alldayled.com\/de\/produkt\/boreman-zonneklep-lamp-scania-ng-oranje\/","og_locale":"de_DE","og_type":"article","og_title":"Boreman Sonnenblende leuchte ORANGE - All Day Led - Scania NG Lampe","og_description":"Boreman Sonnenblende leuchte ORANGE - Scania LED Toplampe - mit orangefarbenen LED's - f\u00fcr Scania Next Gen Serien - mit Plug & Play Scania Stecker","og_url":"https:\/\/www.alldayled.com\/de\/produkt\/boreman-zonneklep-lamp-scania-ng-oranje\/","og_site_name":"All Day Led","article_publisher":"https:\/\/www.facebook.com\/alldayled\/","article_modified_time":"2026-04-22T19:50:47+00:00","og_image":[{"url":"https:\/\/www.alldayled.com\/wp-content\/uploads\/2023\/01\/ADL46170A-SM-4-300x300.png","type":"","width":"","height":""}],"twitter_misc":{"Preis":"&euro;&nbsp;49,95","Verf\u00fcgbarkeit":"Auf Lager"},"schema":{"@context":"https:\/\/schema.org","@graph":[{"@type":"WebPage","@id":"https:\/\/www.alldayled.com\/de\/produkt\/boreman-zonneklep-lamp-scania-ng-oranje\/","url":"https:\/\/www.alldayled.com\/de\/produkt\/boreman-zonneklep-lamp-scania-ng-oranje\/","name":"Boreman Sonnenblende leuchte ORANGE - All Day Led - Scania NG Lampe","isPartOf":{"@id":"https:\/\/www.alldayled.com\/de\/#website"},"primaryImageOfPage":{"@id":"https:\/\/www.alldayled.com\/de\/produkt\/boreman-zonneklep-lamp-scania-ng-oranje\/#primaryimage"},"image":{"@id":"https:\/\/www.alldayled.com\/de\/produkt\/boreman-zonneklep-lamp-scania-ng-oranje\/#primaryimage"},"thumbnailUrl":"https:\/\/www.alldayled.com\/wp-content\/uploads\/2023\/01\/ADL46170A-0.png","datePublished":"2023-01-01T13:04:19+00:00","dateModified":"2026-04-22T19:50:47+00:00","description":"Boreman Sonnenblende leuchte ORANGE - Scania LED Toplampe - mit orangefarbenen LED's - f\u00fcr Scania Next Gen Serien - mit Plug & Play Scania Stecker","breadcrumb":{"@id":"https:\/\/www.alldayled.com\/de\/produkt\/boreman-zonneklep-lamp-scania-ng-oranje\/#breadcrumb"},"inLanguage":"de","potentialAction":[{"@type":"ReadAction","target":["https:\/\/www.alldayled.com\/de\/produkt\/boreman-zonneklep-lamp-scania-ng-oranje\/"]}]},{"@type":"ImageObject","inLanguage":"de","@id":"https:\/\/www.alldayled.com\/de\/produkt\/boreman-zonneklep-lamp-scania-ng-oranje\/#primaryimage","url":"https:\/\/www.alldayled.com\/wp-content\/uploads\/2023\/01\/ADL46170A-0.png","contentUrl":"https:\/\/www.alldayled.com\/wp-content\/uploads\/2023\/01\/ADL46170A-0.png","width":800,"height":600,"caption":"ADL46170A"},{"@type":"BreadcrumbList","@id":"https:\/\/www.alldayled.com\/de\/produkt\/boreman-zonneklep-lamp-scania-ng-oranje\/#breadcrumb","itemListElement":[{"@type":"ListItem","position":1,"name":"Home","item":"https:\/\/www.alldayled.com\/de\/"},{"@type":"ListItem","position":2,"name":"Shop","item":"https:\/\/www.alldayled.com\/de\/shop\/"},{"@type":"ListItem","position":3,"name":"Beleuchtung LKW","item":"https:\/\/www.alldayled.com\/de\/produkt-kategorie\/beleuchtungswagen\/"},{"@type":"ListItem","position":4,"name":"Scania Beleuchtung","item":"https:\/\/www.alldayled.com\/de\/produkt-kategorie\/beleuchtungswagen\/scania-verlichting\/"},{"@type":"ListItem","position":5,"name":"Boreman Sonnenblende leuchte Scania NG &#8211; orange"}]},{"@type":"WebSite","@id":"https:\/\/www.alldayled.com\/de\/#website","url":"https:\/\/www.alldayled.com\/de\/","name":"All Day Led","description":"Verlichting voor 12&amp;24 volt gebruik","publisher":{"@id":"https:\/\/www.alldayled.com\/de\/#organization"},"potentialAction":[{"@type":"SearchAction","target":{"@type":"EntryPoint","urlTemplate":"https:\/\/www.alldayled.com\/de\/?s={search_term_string}"},"query-input":{"@type":"PropertyValueSpecification","valueRequired":true,"valueName":"search_term_string"}}],"inLanguage":"de"},{"@type":"Organization","@id":"https:\/\/www.alldayled.com\/de\/#organization","name":"All Day Led","url":"https:\/\/www.alldayled.com\/de\/","logo":{"@type":"ImageObject","inLanguage":"de","@id":"https:\/\/www.alldayled.com\/de\/#\/schema\/logo\/image\/","url":"https:\/\/www.alldayled.com\/wp-content\/uploads\/2025\/10\/Logo-ALL-DAY-LED-800x800-zwart-witte-letters.png","contentUrl":"https:\/\/www.alldayled.com\/wp-content\/uploads\/2025\/10\/Logo-ALL-DAY-LED-800x800-zwart-witte-letters.png","width":800,"height":800,"caption":"All Day Led"},"image":{"@id":"https:\/\/www.alldayled.com\/de\/#\/schema\/logo\/image\/"},"sameAs":["https:\/\/www.facebook.com\/alldayled\/","https:\/\/www.instagram.com\/alldayled\/"],"vatID":"NL863960133B01","taxID":"86416545"}]},"product_brand":"Boreman","product_price_amount":"49.95","product_price_currency":"EUR","og_availability":"instock","product_availability":"instock","product_retailer_item_id":"ADL46170A","product_condition":"new"},"_links":{"self":[{"href":"https:\/\/www.alldayled.com\/de\/wp-json\/wp\/v2\/product\/67407","targetHints":{"allow":["GET"]}}],"collection":[{"href":"https:\/\/www.alldayled.com\/de\/wp-json\/wp\/v2\/product"}],"about":[{"href":"https:\/\/www.alldayled.com\/de\/wp-json\/wp\/v2\/types\/product"}],"replies":[{"embeddable":true,"href":"https:\/\/www.alldayled.com\/de\/wp-json\/wp\/v2\/comments?post=67407"}],"wp:featuredmedia":[{"embeddable":true,"href":"https:\/\/www.alldayled.com\/de\/wp-json\/wp\/v2\/media\/79129"}],"wp:attachment":[{"href":"https:\/\/www.alldayled.com\/de\/wp-json\/wp\/v2\/media?parent=67407"}],"wp:term":[{"taxonomy":"product_brand","embeddable":true,"href":"https:\/\/www.alldayled.com\/de\/wp-json\/wp\/v2\/product_brand?post=67407"},{"taxonomy":"product_cat","embeddable":true,"href":"https:\/\/www.alldayled.com\/de\/wp-json\/wp\/v2\/product_cat?post=67407"},{"taxonomy":"product_tag","embeddable":true,"href":"https:\/\/www.alldayled.com\/de\/wp-json\/wp\/v2\/product_tag?post=67407"}],"curies":[{"name":"wp","href":"https:\/\/api.w.org\/{rel}","templated":true}]}}