{"id":67408,"date":"2021-08-31T09:35:59","date_gmt":"2021-08-31T07:35:59","guid":{"rendered":"https:\/\/www.alldayled.com\/product\/boreman-led-toplamp-oranje-scania\/"},"modified":"2026-03-29T14:26:31","modified_gmt":"2026-03-29T12:26:31","slug":"boreman-led-toplamp-oranje-scania","status":"publish","type":"product","link":"https:\/\/www.alldayled.com\/de\/produkt\/boreman-led-toplamp-oranje-scania\/","title":{"rendered":"Boreman LED Topleuchte Scania &#8211; orange"},"content":{"rendered":"<p><span style=\"color: #000000;\"><strong>Boreman LED Topleuchte orange, geeignet f\u00fcr unter anderem Scania 4 &amp; R Serie.<\/strong><\/span><\/p>\n<p><span style=\"color: #000000;\">Sind Sie auf der Suche nach einer LED Topleuchte f\u00fcr die Sonnenblende Ihres LKW? Dann ist die orange LED Topleuchte von Boreman vielleicht genau das, was Sie suchen. Die Lampe hat 4 helle LEDs. Dadurch sind Sie versichert von guter Beleuchtung mit niedrigem Stromverbrauch. So bleiben Sie sowohl tags\u00fcber als auch abends gut sichtbar. Die Lampe funktioniert nur mit 24 Volt, also ist sie f\u00fcr Ihren LKW oder Trailer geeignet.     <\/span><\/p>\n<p><span style=\"color: #000000;\">Um sicherzustellen, dass die Boreman LED Topleuchte orange zu Ihrem Fahrzeug passt, haben wir die wichtigsten Spezifikationen hierunter aufgelistet. Die Lampe ist mit dem ECE R10 G\u00fctezeichen versehen, was bedeutet, dass sie keine St\u00f6rung verursacht, beispielsweise bei Ihrem Radiosignal. Auch hat die Lampe das ECE R7 G\u00fctezeichen, wodurch sie als Markierungsleuchte verwendet werden darf. Au\u00dferdem wird die Lampe mit einem originalen Scania-Anschluss geliefert, sodass die Montage schnell und einfach geht. So sind Sie versichert von einer stabilen und zuverl\u00e4ssigen Installation, mit einer straffen Ausstrahlung auf Ihrer Kabine.    <\/span><\/p>\n<h5><span style=\"color: #000000;\"><strong>Andere Farben:<\/strong><\/span><\/h5>\n<p><span style=\"color: #000000;\">Sind Sie wohl auf der Suche nach einer LED Topleuchte f\u00fcr Ihren LKW, aber wollen Sie nicht die Ausf\u00fchrung mit orangen LEDs? Wissen Sie dann, dass die Boreman LED Topleuchte auch mit wei\u00dfen LEDs verf\u00fcgbar ist. Die Ausf\u00fchrung mit klarem Glas und wei\u00dfen LEDs finden Sie hier:   <\/span><\/p>\n<ul>\n<li><span style=\"color: #000000;\"><a style=\"color: #000000;\" href=\"https:\/\/www.alldayled.com\/de\/produkt\/boreman-led-toplamp-wit-scania\/\"><strong>Boreman LED Topleuchte &#8211; wei\u00df<\/strong><\/a><\/span><\/li>\n<\/ul>\n<p><span style=\"color: #000000;\">Sind Sie doch der Meinung, dass die Boreman LED Topleuchte orange nicht das ist, was Sie suchen? Simpelweg, weil die Farbe oder Voltage nicht nach Wunsch ist? Werfen Sie dann auch sicher einmal einen Blick auf unsere Seite <a style=\"color: #000000;\" href=\"https:\/\/www.alldayled.com\/de\/produkt-kategorie\/beleuchtungswagen\/\">LKW Beleuchtung<\/a>. Vielleicht finden Sie hier wohl das Modell Lampe, nach dem Sie auf der Suche sind.    <\/span><\/p>\n","protected":false},"excerpt":{"rendered":"<p>Boreman LED Topleuchte orange, geeignet f\u00fcr u.a. Scania 4 &amp; R Serie. Versehen mit 4 LED Punkten. <\/p>\n","protected":false},"featured_media":13980,"comment_status":"open","ping_status":"closed","template":"","meta":{"_acf_changed":false},"product_brand":[5588],"product_cat":[5409,5346],"product_tag":[9520,9523,9524,9521],"class_list":{"0":"post-67408","1":"product","2":"type-product","3":"status-publish","4":"has-post-thumbnail","6":"product_brand-product-boreman","7":"product_cat-scania-verlichting","8":"product_cat-toplichten","9":"product_tag-scania","10":"product_tag-scania-4-serie","11":"product_tag-scania-r-serie","12":"product_tag-scania-toplampe","14":"first","15":"instock","16":"taxable","17":"shipping-taxable","18":"purchasable","19":"product-type-simple"},"acf":[],"yoast_head":"<!-- This site is optimized with the Yoast SEO Premium plugin v26.5 (Yoast SEO v27.1.1) - https:\/\/yoast.com\/product\/yoast-seo-premium-wordpress\/ -->\n<title>Boreman LED Topleuchte orange - All Day Led - Sonnenblende Scania<\/title>\n<meta name=\"description\" content=\"Boreman LED Topleuchte orange - Scania LED Sonnenblendenlampe - mit 4 LED&#039;s - direkt lieferbar - f\u00fcr Scania 4 &amp; R Serie - Plug &amp; Play Stecker\" \/>\n<meta name=\"robots\" content=\"index, follow, max-snippet:-1, max-image-preview:large, max-video-preview:-1\" \/>\n<link rel=\"canonical\" href=\"https:\/\/www.alldayled.com\/de\/produkt\/boreman-led-toplamp-oranje-scania\/\" \/>\n<meta property=\"og:locale\" content=\"de_DE\" \/>\n<meta property=\"og:type\" content=\"article\" \/>\n<meta property=\"og:title\" content=\"Boreman LED Topleuchte orange - All Day Led - Sonnenblendenlampe Scania\" \/>\n<meta property=\"og:description\" content=\"Boreman LED Topleuchte orange - Scania LED Sonnenblendenlampe - mit 4 LED&#039;s - direkt lieferbar - f\u00fcr Scania 4 &amp; R Serie - Plug &amp; Play Stecker\" \/>\n<meta property=\"og:url\" content=\"https:\/\/www.alldayled.com\/de\/produkt\/boreman-led-toplamp-oranje-scania\/\" \/>\n<meta property=\"og:site_name\" content=\"All Day Led\" \/>\n<meta property=\"article:publisher\" content=\"https:\/\/www.facebook.com\/alldayled\/\" \/>\n<meta property=\"article:modified_time\" content=\"2026-03-29T12:26:31+00:00\" \/>\n<meta property=\"og:image\" content=\"https:\/\/www.alldayled.com\/wp-content\/uploads\/2020\/03\/ADL01056-O-3.png\" \/>\n<meta name=\"twitter:label1\" content=\"Preis\" \/>\n\t<meta name=\"twitter:data1\" content=\"&euro;&nbsp;29,95\" \/>\n\t<meta name=\"twitter:label2\" content=\"Verf\u00fcgbarkeit\" \/>\n\t<meta name=\"twitter:data2\" content=\"Auf Lager\" \/>\n<script type=\"application\/ld+json\" class=\"yoast-schema-graph\">{\"@context\":\"https:\/\/schema.org\",\"@graph\":[{\"@type\":\"WebPage\",\"@id\":\"https:\/\/www.alldayled.com\/de\/produkt\/boreman-led-toplamp-oranje-scania\/\",\"url\":\"https:\/\/www.alldayled.com\/de\/produkt\/boreman-led-toplamp-oranje-scania\/\",\"name\":\"Boreman LED Topleuchte orange - All Day Led - Sonnenblende Scania\",\"isPartOf\":{\"@id\":\"https:\/\/www.alldayled.com\/de\/#website\"},\"primaryImageOfPage\":{\"@id\":\"https:\/\/www.alldayled.com\/de\/produkt\/boreman-led-toplamp-oranje-scania\/#primaryimage\"},\"image\":{\"@id\":\"https:\/\/www.alldayled.com\/de\/produkt\/boreman-led-toplamp-oranje-scania\/#primaryimage\"},\"thumbnailUrl\":\"https:\/\/www.alldayled.com\/wp-content\/uploads\/2020\/03\/ADL01056-O.png\",\"datePublished\":\"2021-08-31T07:35:59+00:00\",\"dateModified\":\"2026-03-29T12:26:31+00:00\",\"description\":\"Boreman LED Topleuchte orange - Scania LED Sonnenblendenlampe - mit 4 LED's - direkt lieferbar - f\u00fcr Scania 4 & R Serie - Plug & Play Stecker\",\"breadcrumb\":{\"@id\":\"https:\/\/www.alldayled.com\/de\/produkt\/boreman-led-toplamp-oranje-scania\/#breadcrumb\"},\"inLanguage\":\"de\",\"potentialAction\":[{\"@type\":\"ReadAction\",\"target\":[\"https:\/\/www.alldayled.com\/de\/produkt\/boreman-led-toplamp-oranje-scania\/\"]}]},{\"@type\":\"ImageObject\",\"inLanguage\":\"de\",\"@id\":\"https:\/\/www.alldayled.com\/de\/produkt\/boreman-led-toplamp-oranje-scania\/#primaryimage\",\"url\":\"https:\/\/www.alldayled.com\/wp-content\/uploads\/2020\/03\/ADL01056-O.png\",\"contentUrl\":\"https:\/\/www.alldayled.com\/wp-content\/uploads\/2020\/03\/ADL01056-O.png\",\"width\":800,\"height\":600,\"caption\":\"Boreman LED Topleuchte orange Scania 4 und R Serie - zu montieren in der Sonnenblende mit originalem Stecker - EAN: 5391528111206\"},{\"@type\":\"BreadcrumbList\",\"@id\":\"https:\/\/www.alldayled.com\/de\/produkt\/boreman-led-toplamp-oranje-scania\/#breadcrumb\",\"itemListElement\":[{\"@type\":\"ListItem\",\"position\":1,\"name\":\"Home\",\"item\":\"https:\/\/www.alldayled.com\/de\/\"},{\"@type\":\"ListItem\",\"position\":2,\"name\":\"Shop\",\"item\":\"https:\/\/www.alldayled.com\/de\/shop\/\"},{\"@type\":\"ListItem\",\"position\":3,\"name\":\"Beleuchtung LKW\",\"item\":\"https:\/\/www.alldayled.com\/de\/produkt-kategorie\/beleuchtungswagen\/\"},{\"@type\":\"ListItem\",\"position\":4,\"name\":\"Scania Beleuchtung\",\"item\":\"https:\/\/www.alldayled.com\/de\/produkt-kategorie\/beleuchtungswagen\/scania-verlichting\/\"},{\"@type\":\"ListItem\",\"position\":5,\"name\":\"Boreman LED Topleuchte Scania &#8211; orange\"}]},{\"@type\":\"WebSite\",\"@id\":\"https:\/\/www.alldayled.com\/de\/#website\",\"url\":\"https:\/\/www.alldayled.com\/de\/\",\"name\":\"All Day Led\",\"description\":\"Verlichting voor 12&amp;24 volt gebruik\",\"publisher\":{\"@id\":\"https:\/\/www.alldayled.com\/de\/#organization\"},\"potentialAction\":[{\"@type\":\"SearchAction\",\"target\":{\"@type\":\"EntryPoint\",\"urlTemplate\":\"https:\/\/www.alldayled.com\/de\/?s={search_term_string}\"},\"query-input\":{\"@type\":\"PropertyValueSpecification\",\"valueRequired\":true,\"valueName\":\"search_term_string\"}}],\"inLanguage\":\"de\"},{\"@type\":\"Organization\",\"@id\":\"https:\/\/www.alldayled.com\/de\/#organization\",\"name\":\"All Day Led\",\"url\":\"https:\/\/www.alldayled.com\/de\/\",\"logo\":{\"@type\":\"ImageObject\",\"inLanguage\":\"de\",\"@id\":\"https:\/\/www.alldayled.com\/de\/#\/schema\/logo\/image\/\",\"url\":\"https:\/\/www.alldayled.com\/wp-content\/uploads\/2025\/10\/Logo-ALL-DAY-LED-800x800-zwart-witte-letters.png\",\"contentUrl\":\"https:\/\/www.alldayled.com\/wp-content\/uploads\/2025\/10\/Logo-ALL-DAY-LED-800x800-zwart-witte-letters.png\",\"width\":800,\"height\":800,\"caption\":\"All Day Led\"},\"image\":{\"@id\":\"https:\/\/www.alldayled.com\/de\/#\/schema\/logo\/image\/\"},\"sameAs\":[\"https:\/\/www.facebook.com\/alldayled\/\",\"https:\/\/www.instagram.com\/alldayled\/\"],\"vatID\":\"NL863960133B01\",\"taxID\":\"86416545\"}]}<\/script>\n<meta property=\"product:brand\" content=\"Boreman\" \/>\n<meta property=\"product:price:amount\" content=\"29.95\" \/>\n<meta property=\"product:price:currency\" content=\"EUR\" \/>\n<meta property=\"og:availability\" content=\"instock\" \/>\n<meta property=\"product:availability\" content=\"instock\" \/>\n<meta property=\"product:retailer_item_id\" content=\"ADL35323\" \/>\n<meta property=\"product:condition\" content=\"new\" \/>\n<!-- \/ Yoast SEO Premium plugin. -->","yoast_head_json":{"title":"Boreman LED Topleuchte orange - All Day Led - Sonnenblende Scania","description":"Boreman LED Topleuchte orange - Scania LED Sonnenblendenlampe - mit 4 LED's - direkt lieferbar - f\u00fcr Scania 4 & R Serie - Plug & Play Stecker","robots":{"index":"index","follow":"follow","max-snippet":"max-snippet:-1","max-image-preview":"max-image-preview:large","max-video-preview":"max-video-preview:-1"},"canonical":"https:\/\/www.alldayled.com\/de\/produkt\/boreman-led-toplamp-oranje-scania\/","og_locale":"de_DE","og_type":"article","og_title":"Boreman LED Topleuchte orange - All Day Led - Sonnenblendenlampe Scania","og_description":"Boreman LED Topleuchte orange - Scania LED Sonnenblendenlampe - mit 4 LED's - direkt lieferbar - f\u00fcr Scania 4 & R Serie - Plug & Play Stecker","og_url":"https:\/\/www.alldayled.com\/de\/produkt\/boreman-led-toplamp-oranje-scania\/","og_site_name":"All Day Led","article_publisher":"https:\/\/www.facebook.com\/alldayled\/","article_modified_time":"2026-03-29T12:26:31+00:00","og_image":[{"url":"https:\/\/www.alldayled.com\/wp-content\/uploads\/2020\/03\/ADL01056-O-3.png","type":"","width":"","height":""}],"twitter_misc":{"Preis":"&euro;&nbsp;29,95","Verf\u00fcgbarkeit":"Auf Lager"},"schema":{"@context":"https:\/\/schema.org","@graph":[{"@type":"WebPage","@id":"https:\/\/www.alldayled.com\/de\/produkt\/boreman-led-toplamp-oranje-scania\/","url":"https:\/\/www.alldayled.com\/de\/produkt\/boreman-led-toplamp-oranje-scania\/","name":"Boreman LED Topleuchte orange - All Day Led - Sonnenblende Scania","isPartOf":{"@id":"https:\/\/www.alldayled.com\/de\/#website"},"primaryImageOfPage":{"@id":"https:\/\/www.alldayled.com\/de\/produkt\/boreman-led-toplamp-oranje-scania\/#primaryimage"},"image":{"@id":"https:\/\/www.alldayled.com\/de\/produkt\/boreman-led-toplamp-oranje-scania\/#primaryimage"},"thumbnailUrl":"https:\/\/www.alldayled.com\/wp-content\/uploads\/2020\/03\/ADL01056-O.png","datePublished":"2021-08-31T07:35:59+00:00","dateModified":"2026-03-29T12:26:31+00:00","description":"Boreman LED Topleuchte orange - Scania LED Sonnenblendenlampe - mit 4 LED's - direkt lieferbar - f\u00fcr Scania 4 & R Serie - Plug & Play Stecker","breadcrumb":{"@id":"https:\/\/www.alldayled.com\/de\/produkt\/boreman-led-toplamp-oranje-scania\/#breadcrumb"},"inLanguage":"de","potentialAction":[{"@type":"ReadAction","target":["https:\/\/www.alldayled.com\/de\/produkt\/boreman-led-toplamp-oranje-scania\/"]}]},{"@type":"ImageObject","inLanguage":"de","@id":"https:\/\/www.alldayled.com\/de\/produkt\/boreman-led-toplamp-oranje-scania\/#primaryimage","url":"https:\/\/www.alldayled.com\/wp-content\/uploads\/2020\/03\/ADL01056-O.png","contentUrl":"https:\/\/www.alldayled.com\/wp-content\/uploads\/2020\/03\/ADL01056-O.png","width":800,"height":600,"caption":"Boreman LED Topleuchte orange Scania 4 und R Serie - zu montieren in der Sonnenblende mit originalem Stecker - EAN: 5391528111206"},{"@type":"BreadcrumbList","@id":"https:\/\/www.alldayled.com\/de\/produkt\/boreman-led-toplamp-oranje-scania\/#breadcrumb","itemListElement":[{"@type":"ListItem","position":1,"name":"Home","item":"https:\/\/www.alldayled.com\/de\/"},{"@type":"ListItem","position":2,"name":"Shop","item":"https:\/\/www.alldayled.com\/de\/shop\/"},{"@type":"ListItem","position":3,"name":"Beleuchtung LKW","item":"https:\/\/www.alldayled.com\/de\/produkt-kategorie\/beleuchtungswagen\/"},{"@type":"ListItem","position":4,"name":"Scania Beleuchtung","item":"https:\/\/www.alldayled.com\/de\/produkt-kategorie\/beleuchtungswagen\/scania-verlichting\/"},{"@type":"ListItem","position":5,"name":"Boreman LED Topleuchte Scania &#8211; orange"}]},{"@type":"WebSite","@id":"https:\/\/www.alldayled.com\/de\/#website","url":"https:\/\/www.alldayled.com\/de\/","name":"All Day Led","description":"Verlichting voor 12&amp;24 volt gebruik","publisher":{"@id":"https:\/\/www.alldayled.com\/de\/#organization"},"potentialAction":[{"@type":"SearchAction","target":{"@type":"EntryPoint","urlTemplate":"https:\/\/www.alldayled.com\/de\/?s={search_term_string}"},"query-input":{"@type":"PropertyValueSpecification","valueRequired":true,"valueName":"search_term_string"}}],"inLanguage":"de"},{"@type":"Organization","@id":"https:\/\/www.alldayled.com\/de\/#organization","name":"All Day Led","url":"https:\/\/www.alldayled.com\/de\/","logo":{"@type":"ImageObject","inLanguage":"de","@id":"https:\/\/www.alldayled.com\/de\/#\/schema\/logo\/image\/","url":"https:\/\/www.alldayled.com\/wp-content\/uploads\/2025\/10\/Logo-ALL-DAY-LED-800x800-zwart-witte-letters.png","contentUrl":"https:\/\/www.alldayled.com\/wp-content\/uploads\/2025\/10\/Logo-ALL-DAY-LED-800x800-zwart-witte-letters.png","width":800,"height":800,"caption":"All Day Led"},"image":{"@id":"https:\/\/www.alldayled.com\/de\/#\/schema\/logo\/image\/"},"sameAs":["https:\/\/www.facebook.com\/alldayled\/","https:\/\/www.instagram.com\/alldayled\/"],"vatID":"NL863960133B01","taxID":"86416545"}]},"product_brand":"Boreman","product_price_amount":"29.95","product_price_currency":"EUR","og_availability":"instock","product_availability":"instock","product_retailer_item_id":"ADL35323","product_condition":"new"},"_links":{"self":[{"href":"https:\/\/www.alldayled.com\/de\/wp-json\/wp\/v2\/product\/67408","targetHints":{"allow":["GET"]}}],"collection":[{"href":"https:\/\/www.alldayled.com\/de\/wp-json\/wp\/v2\/product"}],"about":[{"href":"https:\/\/www.alldayled.com\/de\/wp-json\/wp\/v2\/types\/product"}],"replies":[{"embeddable":true,"href":"https:\/\/www.alldayled.com\/de\/wp-json\/wp\/v2\/comments?post=67408"}],"wp:featuredmedia":[{"embeddable":true,"href":"https:\/\/www.alldayled.com\/de\/wp-json\/wp\/v2\/media\/13980"}],"wp:attachment":[{"href":"https:\/\/www.alldayled.com\/de\/wp-json\/wp\/v2\/media?parent=67408"}],"wp:term":[{"taxonomy":"product_brand","embeddable":true,"href":"https:\/\/www.alldayled.com\/de\/wp-json\/wp\/v2\/product_brand?post=67408"},{"taxonomy":"product_cat","embeddable":true,"href":"https:\/\/www.alldayled.com\/de\/wp-json\/wp\/v2\/product_cat?post=67408"},{"taxonomy":"product_tag","embeddable":true,"href":"https:\/\/www.alldayled.com\/de\/wp-json\/wp\/v2\/product_tag?post=67408"}],"curies":[{"name":"wp","href":"https:\/\/api.w.org\/{rel}","templated":true}]}}