{"id":67410,"date":"2021-08-31T09:36:58","date_gmt":"2021-08-31T07:36:58","guid":{"rendered":"https:\/\/www.alldayled.com\/product\/boreman-led-toplamp-wit-scania\/"},"modified":"2026-04-09T20:59:05","modified_gmt":"2026-04-09T18:59:05","slug":"boreman-led-toplamp-wit-scania","status":"publish","type":"product","link":"https:\/\/www.alldayled.com\/de\/produkt\/boreman-led-toplamp-wit-scania\/","title":{"rendered":"Boreman LED Topleuchte Scania &#8211; wei\u00df"},"content":{"rendered":"<p><span style=\"color: #000000;\"><strong>Boreman LED Topleuchte wei\u00df, geeignet f\u00fcr unter anderem Scania 4 &amp; R Serie.<\/strong><\/span><\/p>\n<p><span style=\"color: #000000;\">Bist du auf der Suche nach einer LED Topleuchte f\u00fcr die Sonnenblende deines LKW? Dann ist die wei\u00dfe LED Topleuchte von Boreman vielleicht genau das, was du suchst. Die Lampe hat 4 helle LED\u2019s. Dadurch bist du versichert von guter Beleuchtung mit niedrigem Stromverbrauch. So bleibst du sowohl tags\u00fcber als auch abends gut sichtbar. Die Lampe funktioniert nur auf 24 Volt, also ist sie geeignet f\u00fcr deinen LKW oder Trailer.     <\/span><\/p>\n<p><span style=\"color: #000000;\">Um sicher zu sein, dass die Boreman LED Topleuchte wei\u00df zu deinem Fahrzeug passt, haben wir die wichtigsten Spezifikationen hierunter aufgelistet. Die Lampe ist versehen vom ECE R10 G\u00fctezeichen, was bedeutet, dass sie keine St\u00f6rung verursacht bei beispielsweise deinem Radiosignal. Auch hat die Lampe das ECE R7 G\u00fctezeichen, wodurch sie verwendet werden darf als Markierungsleuchte. Au\u00dferdem wird die Lampe geliefert mit einem originalen Scania Anschluss, sodass die Montage schnell und einfach geht. So bist du versichert von einer stabilen und zuverl\u00e4ssigen Installation, mit einer straffen Ausstrahlung auf deiner Kabine.    <\/span><\/p>\n<h5><span style=\"color: #000000;\"><strong>Andere Farben:<\/strong><\/span><\/h5>\n<p><span style=\"color: #000000;\">Bist du wohl auf der Suche nach einer LED Topleuchte f\u00fcr deinen LKW, aber m\u00f6chtest du nicht die Ausf\u00fchrung mit wei\u00dfen LED&#8217;s? Wisse dann, dass die Boreman LED Topleuchte auch verf\u00fcgbar ist mit orange LED. Die Ausf\u00fchrung mit klarem Glas und orange LED findest du hier:    <\/span><\/p>\n<ul>\n<li><span style=\"color: #000000;\"><a style=\"color: #000000;\" href=\"https:\/\/www.alldayled.com\/de\/produkt\/boreman-led-toplamp-oranje-scania\/\"><strong>Boreman LED Topleuchte &#8211; orange<\/strong><\/a><\/span><\/li>\n<\/ul>\n<p><span style=\"color: #000000;\">Bist du doch der Meinung, dass die Boreman LED Topleuchte wei\u00df nicht ist, was du suchst? Simpelweg, weil die Farbe oder Voltage nicht nach Wunsch ist? Nimm dann auch sicher einmal einen Blick auf unsere Seite <a style=\"color: #000000;\" href=\"https:\/\/www.alldayled.com\/de\/produkt-kategorie\/beleuchtungswagen\/\">LKW Beleuchtung<\/a>. Vielleicht findest du hier wohl das Modell Lampe, wonach du auf der Suche bist.     <\/span><\/p>\n","protected":false},"excerpt":{"rendered":"<p>Boreman LED Topleuchte wei\u00df, geeignet f\u00fcr u.a. Scania 4 &amp; R Serie. Versehen von 4 LED Punkten. <\/p>\n","protected":false},"featured_media":19683,"comment_status":"open","ping_status":"closed","template":"","meta":{"_acf_changed":false},"product_brand":[5588],"product_cat":[5409,5346],"product_tag":[9520,9523,9524,9521],"class_list":{"0":"post-67410","1":"product","2":"type-product","3":"status-publish","4":"has-post-thumbnail","6":"product_brand-product-boreman","7":"product_cat-scania-verlichting","8":"product_cat-toplichten","9":"product_tag-scania","10":"product_tag-scania-4-serie","11":"product_tag-scania-r-serie","12":"product_tag-scania-toplampe","14":"first","15":"instock","16":"taxable","17":"shipping-taxable","18":"purchasable","19":"product-type-simple"},"acf":[],"yoast_head":"<!-- This site is optimized with the Yoast SEO Premium plugin v26.5 (Yoast SEO v27.1.1) - https:\/\/yoast.com\/product\/yoast-seo-premium-wordpress\/ -->\n<title>Boreman LED Topleuchte wei\u00df - All Day Led - Sonnenblendenlampe Scania<\/title>\n<meta name=\"description\" content=\"Boreman LED Topleuchte wei\u00df - Scania LED Sonnenblendenlampe - mit 4 LED&#039;s - direkt lieferbar - f\u00fcr Scania 4 &amp; R Serie - Plug &amp; Play Stecker\" \/>\n<meta name=\"robots\" content=\"index, follow, max-snippet:-1, max-image-preview:large, max-video-preview:-1\" \/>\n<link rel=\"canonical\" href=\"https:\/\/www.alldayled.com\/de\/produkt\/boreman-led-toplamp-wit-scania\/\" \/>\n<meta property=\"og:locale\" content=\"de_DE\" \/>\n<meta property=\"og:type\" content=\"article\" \/>\n<meta property=\"og:title\" content=\"Boreman LED Topleuchte wei\u00df - All Day Led - Sonnenblendenlampe Scania\" \/>\n<meta property=\"og:description\" content=\"Boreman LED Topleuchte wei\u00df - Scania LED Sonnenblendenlampe - mit 4 LED&#039;s - direkt lieferbar - f\u00fcr Scania 4 &amp; R Serie - Plug &amp; Play Stecker\" \/>\n<meta property=\"og:url\" content=\"https:\/\/www.alldayled.com\/de\/produkt\/boreman-led-toplamp-wit-scania\/\" \/>\n<meta property=\"og:site_name\" content=\"All Day Led\" \/>\n<meta property=\"article:publisher\" content=\"https:\/\/www.facebook.com\/alldayled\/\" \/>\n<meta property=\"article:modified_time\" content=\"2026-04-09T18:59:05+00:00\" \/>\n<meta property=\"og:image\" content=\"https:\/\/www.alldayled.com\/wp-content\/uploads\/2021\/08\/ADL01056-W-3.png\" \/>\n<meta name=\"twitter:label1\" content=\"Preis\" \/>\n\t<meta name=\"twitter:data1\" content=\"&euro;&nbsp;29,95\" \/>\n\t<meta name=\"twitter:label2\" content=\"Verf\u00fcgbarkeit\" \/>\n\t<meta name=\"twitter:data2\" content=\"Auf Lager\" \/>\n<script type=\"application\/ld+json\" class=\"yoast-schema-graph\">{\"@context\":\"https:\/\/schema.org\",\"@graph\":[{\"@type\":\"WebPage\",\"@id\":\"https:\/\/www.alldayled.com\/de\/produkt\/boreman-led-toplamp-wit-scania\/\",\"url\":\"https:\/\/www.alldayled.com\/de\/produkt\/boreman-led-toplamp-wit-scania\/\",\"name\":\"Boreman LED Topleuchte wei\u00df - All Day Led - Sonnenblendenlampe Scania\",\"isPartOf\":{\"@id\":\"https:\/\/www.alldayled.com\/de\/#website\"},\"primaryImageOfPage\":{\"@id\":\"https:\/\/www.alldayled.com\/de\/produkt\/boreman-led-toplamp-wit-scania\/#primaryimage\"},\"image\":{\"@id\":\"https:\/\/www.alldayled.com\/de\/produkt\/boreman-led-toplamp-wit-scania\/#primaryimage\"},\"thumbnailUrl\":\"https:\/\/www.alldayled.com\/wp-content\/uploads\/2021\/08\/ADL01056-W.png\",\"datePublished\":\"2021-08-31T07:36:58+00:00\",\"dateModified\":\"2026-04-09T18:59:05+00:00\",\"description\":\"Boreman LED Topleuchte wei\u00df - Scania LED Sonnenblendenlampe - mit 4 LED's - direkt lieferbar - f\u00fcr Scania 4 & R Serie - Plug & Play Stecker\",\"breadcrumb\":{\"@id\":\"https:\/\/www.alldayled.com\/de\/produkt\/boreman-led-toplamp-wit-scania\/#breadcrumb\"},\"inLanguage\":\"de\",\"potentialAction\":[{\"@type\":\"ReadAction\",\"target\":[\"https:\/\/www.alldayled.com\/de\/produkt\/boreman-led-toplamp-wit-scania\/\"]}]},{\"@type\":\"ImageObject\",\"inLanguage\":\"de\",\"@id\":\"https:\/\/www.alldayled.com\/de\/produkt\/boreman-led-toplamp-wit-scania\/#primaryimage\",\"url\":\"https:\/\/www.alldayled.com\/wp-content\/uploads\/2021\/08\/ADL01056-W.png\",\"contentUrl\":\"https:\/\/www.alldayled.com\/wp-content\/uploads\/2021\/08\/ADL01056-W.png\",\"width\":800,\"height\":600,\"caption\":\"Boreman LED Topleuchte Scania 4 und R Serie - zu montieren in der Sonnenblende mit originalem Stecker - EAN: 5391528110834\"},{\"@type\":\"BreadcrumbList\",\"@id\":\"https:\/\/www.alldayled.com\/de\/produkt\/boreman-led-toplamp-wit-scania\/#breadcrumb\",\"itemListElement\":[{\"@type\":\"ListItem\",\"position\":1,\"name\":\"Home\",\"item\":\"https:\/\/www.alldayled.com\/de\/\"},{\"@type\":\"ListItem\",\"position\":2,\"name\":\"Shop\",\"item\":\"https:\/\/www.alldayled.com\/de\/shop\/\"},{\"@type\":\"ListItem\",\"position\":3,\"name\":\"Beleuchtung LKW\",\"item\":\"https:\/\/www.alldayled.com\/de\/produkt-kategorie\/beleuchtungswagen\/\"},{\"@type\":\"ListItem\",\"position\":4,\"name\":\"Scania Beleuchtung\",\"item\":\"https:\/\/www.alldayled.com\/de\/produkt-kategorie\/beleuchtungswagen\/scania-verlichting\/\"},{\"@type\":\"ListItem\",\"position\":5,\"name\":\"Boreman LED Topleuchte Scania &#8211; wei\u00df\"}]},{\"@type\":\"WebSite\",\"@id\":\"https:\/\/www.alldayled.com\/de\/#website\",\"url\":\"https:\/\/www.alldayled.com\/de\/\",\"name\":\"All Day Led\",\"description\":\"Verlichting voor 12&amp;24 volt gebruik\",\"publisher\":{\"@id\":\"https:\/\/www.alldayled.com\/de\/#organization\"},\"potentialAction\":[{\"@type\":\"SearchAction\",\"target\":{\"@type\":\"EntryPoint\",\"urlTemplate\":\"https:\/\/www.alldayled.com\/de\/?s={search_term_string}\"},\"query-input\":{\"@type\":\"PropertyValueSpecification\",\"valueRequired\":true,\"valueName\":\"search_term_string\"}}],\"inLanguage\":\"de\"},{\"@type\":\"Organization\",\"@id\":\"https:\/\/www.alldayled.com\/de\/#organization\",\"name\":\"All Day Led\",\"url\":\"https:\/\/www.alldayled.com\/de\/\",\"logo\":{\"@type\":\"ImageObject\",\"inLanguage\":\"de\",\"@id\":\"https:\/\/www.alldayled.com\/de\/#\/schema\/logo\/image\/\",\"url\":\"https:\/\/www.alldayled.com\/wp-content\/uploads\/2025\/10\/Logo-ALL-DAY-LED-800x800-zwart-witte-letters.png\",\"contentUrl\":\"https:\/\/www.alldayled.com\/wp-content\/uploads\/2025\/10\/Logo-ALL-DAY-LED-800x800-zwart-witte-letters.png\",\"width\":800,\"height\":800,\"caption\":\"All Day Led\"},\"image\":{\"@id\":\"https:\/\/www.alldayled.com\/de\/#\/schema\/logo\/image\/\"},\"sameAs\":[\"https:\/\/www.facebook.com\/alldayled\/\",\"https:\/\/www.instagram.com\/alldayled\/\"],\"vatID\":\"NL863960133B01\",\"taxID\":\"86416545\"}]}<\/script>\n<meta property=\"product:brand\" content=\"Boreman\" \/>\n<meta property=\"product:price:amount\" content=\"29.95\" \/>\n<meta property=\"product:price:currency\" content=\"EUR\" \/>\n<meta property=\"og:availability\" content=\"instock\" \/>\n<meta property=\"product:availability\" content=\"instock\" \/>\n<meta property=\"product:retailer_item_id\" content=\"ADL35823\" \/>\n<meta property=\"product:condition\" content=\"new\" \/>\n<!-- \/ Yoast SEO Premium plugin. -->","yoast_head_json":{"title":"Boreman LED Topleuchte wei\u00df - All Day Led - Sonnenblendenlampe Scania","description":"Boreman LED Topleuchte wei\u00df - Scania LED Sonnenblendenlampe - mit 4 LED's - direkt lieferbar - f\u00fcr Scania 4 & R Serie - Plug & Play Stecker","robots":{"index":"index","follow":"follow","max-snippet":"max-snippet:-1","max-image-preview":"max-image-preview:large","max-video-preview":"max-video-preview:-1"},"canonical":"https:\/\/www.alldayled.com\/de\/produkt\/boreman-led-toplamp-wit-scania\/","og_locale":"de_DE","og_type":"article","og_title":"Boreman LED Topleuchte wei\u00df - All Day Led - Sonnenblendenlampe Scania","og_description":"Boreman LED Topleuchte wei\u00df - Scania LED Sonnenblendenlampe - mit 4 LED's - direkt lieferbar - f\u00fcr Scania 4 & R Serie - Plug & Play Stecker","og_url":"https:\/\/www.alldayled.com\/de\/produkt\/boreman-led-toplamp-wit-scania\/","og_site_name":"All Day Led","article_publisher":"https:\/\/www.facebook.com\/alldayled\/","article_modified_time":"2026-04-09T18:59:05+00:00","og_image":[{"url":"https:\/\/www.alldayled.com\/wp-content\/uploads\/2021\/08\/ADL01056-W-3.png","type":"","width":"","height":""}],"twitter_misc":{"Preis":"&euro;&nbsp;29,95","Verf\u00fcgbarkeit":"Auf Lager"},"schema":{"@context":"https:\/\/schema.org","@graph":[{"@type":"WebPage","@id":"https:\/\/www.alldayled.com\/de\/produkt\/boreman-led-toplamp-wit-scania\/","url":"https:\/\/www.alldayled.com\/de\/produkt\/boreman-led-toplamp-wit-scania\/","name":"Boreman LED Topleuchte wei\u00df - All Day Led - Sonnenblendenlampe Scania","isPartOf":{"@id":"https:\/\/www.alldayled.com\/de\/#website"},"primaryImageOfPage":{"@id":"https:\/\/www.alldayled.com\/de\/produkt\/boreman-led-toplamp-wit-scania\/#primaryimage"},"image":{"@id":"https:\/\/www.alldayled.com\/de\/produkt\/boreman-led-toplamp-wit-scania\/#primaryimage"},"thumbnailUrl":"https:\/\/www.alldayled.com\/wp-content\/uploads\/2021\/08\/ADL01056-W.png","datePublished":"2021-08-31T07:36:58+00:00","dateModified":"2026-04-09T18:59:05+00:00","description":"Boreman LED Topleuchte wei\u00df - Scania LED Sonnenblendenlampe - mit 4 LED's - direkt lieferbar - f\u00fcr Scania 4 & R Serie - Plug & Play Stecker","breadcrumb":{"@id":"https:\/\/www.alldayled.com\/de\/produkt\/boreman-led-toplamp-wit-scania\/#breadcrumb"},"inLanguage":"de","potentialAction":[{"@type":"ReadAction","target":["https:\/\/www.alldayled.com\/de\/produkt\/boreman-led-toplamp-wit-scania\/"]}]},{"@type":"ImageObject","inLanguage":"de","@id":"https:\/\/www.alldayled.com\/de\/produkt\/boreman-led-toplamp-wit-scania\/#primaryimage","url":"https:\/\/www.alldayled.com\/wp-content\/uploads\/2021\/08\/ADL01056-W.png","contentUrl":"https:\/\/www.alldayled.com\/wp-content\/uploads\/2021\/08\/ADL01056-W.png","width":800,"height":600,"caption":"Boreman LED Topleuchte Scania 4 und R Serie - zu montieren in der Sonnenblende mit originalem Stecker - EAN: 5391528110834"},{"@type":"BreadcrumbList","@id":"https:\/\/www.alldayled.com\/de\/produkt\/boreman-led-toplamp-wit-scania\/#breadcrumb","itemListElement":[{"@type":"ListItem","position":1,"name":"Home","item":"https:\/\/www.alldayled.com\/de\/"},{"@type":"ListItem","position":2,"name":"Shop","item":"https:\/\/www.alldayled.com\/de\/shop\/"},{"@type":"ListItem","position":3,"name":"Beleuchtung LKW","item":"https:\/\/www.alldayled.com\/de\/produkt-kategorie\/beleuchtungswagen\/"},{"@type":"ListItem","position":4,"name":"Scania Beleuchtung","item":"https:\/\/www.alldayled.com\/de\/produkt-kategorie\/beleuchtungswagen\/scania-verlichting\/"},{"@type":"ListItem","position":5,"name":"Boreman LED Topleuchte Scania &#8211; wei\u00df"}]},{"@type":"WebSite","@id":"https:\/\/www.alldayled.com\/de\/#website","url":"https:\/\/www.alldayled.com\/de\/","name":"All Day Led","description":"Verlichting voor 12&amp;24 volt gebruik","publisher":{"@id":"https:\/\/www.alldayled.com\/de\/#organization"},"potentialAction":[{"@type":"SearchAction","target":{"@type":"EntryPoint","urlTemplate":"https:\/\/www.alldayled.com\/de\/?s={search_term_string}"},"query-input":{"@type":"PropertyValueSpecification","valueRequired":true,"valueName":"search_term_string"}}],"inLanguage":"de"},{"@type":"Organization","@id":"https:\/\/www.alldayled.com\/de\/#organization","name":"All Day Led","url":"https:\/\/www.alldayled.com\/de\/","logo":{"@type":"ImageObject","inLanguage":"de","@id":"https:\/\/www.alldayled.com\/de\/#\/schema\/logo\/image\/","url":"https:\/\/www.alldayled.com\/wp-content\/uploads\/2025\/10\/Logo-ALL-DAY-LED-800x800-zwart-witte-letters.png","contentUrl":"https:\/\/www.alldayled.com\/wp-content\/uploads\/2025\/10\/Logo-ALL-DAY-LED-800x800-zwart-witte-letters.png","width":800,"height":800,"caption":"All Day Led"},"image":{"@id":"https:\/\/www.alldayled.com\/de\/#\/schema\/logo\/image\/"},"sameAs":["https:\/\/www.facebook.com\/alldayled\/","https:\/\/www.instagram.com\/alldayled\/"],"vatID":"NL863960133B01","taxID":"86416545"}]},"product_brand":"Boreman","product_price_amount":"29.95","product_price_currency":"EUR","og_availability":"instock","product_availability":"instock","product_retailer_item_id":"ADL35823","product_condition":"new"},"_links":{"self":[{"href":"https:\/\/www.alldayled.com\/de\/wp-json\/wp\/v2\/product\/67410","targetHints":{"allow":["GET"]}}],"collection":[{"href":"https:\/\/www.alldayled.com\/de\/wp-json\/wp\/v2\/product"}],"about":[{"href":"https:\/\/www.alldayled.com\/de\/wp-json\/wp\/v2\/types\/product"}],"replies":[{"embeddable":true,"href":"https:\/\/www.alldayled.com\/de\/wp-json\/wp\/v2\/comments?post=67410"}],"wp:featuredmedia":[{"embeddable":true,"href":"https:\/\/www.alldayled.com\/de\/wp-json\/wp\/v2\/media\/19683"}],"wp:attachment":[{"href":"https:\/\/www.alldayled.com\/de\/wp-json\/wp\/v2\/media?parent=67410"}],"wp:term":[{"taxonomy":"product_brand","embeddable":true,"href":"https:\/\/www.alldayled.com\/de\/wp-json\/wp\/v2\/product_brand?post=67410"},{"taxonomy":"product_cat","embeddable":true,"href":"https:\/\/www.alldayled.com\/de\/wp-json\/wp\/v2\/product_cat?post=67410"},{"taxonomy":"product_tag","embeddable":true,"href":"https:\/\/www.alldayled.com\/de\/wp-json\/wp\/v2\/product_tag?post=67410"}],"curies":[{"name":"wp","href":"https:\/\/api.w.org\/{rel}","templated":true}]}}