{"id":67413,"date":"2024-10-10T15:10:54","date_gmt":"2024-10-10T13:10:54","guid":{"rendered":"https:\/\/www.alldayled.com\/product\/mtrs-zonneklep-lamp-warm-wit-wit\/"},"modified":"2024-10-10T15:10:54","modified_gmt":"2024-10-10T13:10:54","slug":"mtrs-zonneklep-lamp-warm-wit-wit","status":"publish","type":"product","link":"https:\/\/www.alldayled.com\/de\/produkt\/mtrs-zonneklep-lamp-warm-wit-wit\/","title":{"rendered":"MTRS Sonnenblende leuchte warm wei\u00df &#8211; WEISS"},"content":{"rendered":"<p><span style=\"color: #000000;\"><strong>MTRS Sonnenblende leuchte warm wei\u00df 24 Volt wei\u00df, geeignet f\u00fcr u.a. Scania Next Gen.<\/strong><\/span><\/p>\n<p><span style=\"color: #000000;\">M\u00f6chtest du eine LED Toplampe f\u00fcr die Sonnenblende deines LKW, suchst aber nicht die kaltwei\u00dfe Ausf\u00fchrung? Dann ist die MTRS Sonnenblende leuchte WARM WEISS vielleicht genau die Lampe f\u00fcr dich. Die Lampe hat 12 LEDs und gibt ein warmwei\u00dfes Licht von 3000K ab. Sie hat ein wei\u00dfes Geh\u00e4use und ein 10 cm langes Anschlusskabel. Bitte beachte: Die Lampe funktioniert nur mit 24 Volt, daher ist sie f\u00fcr deinen LKW oder Anh\u00e4nger geeignet.    <\/span><\/p>\n<p><span style=\"color: #000000;\">Um sicherzustellen, dass dies genau die Lampe ist, die du suchst, haben wir die wichtigsten Eigenschaften unten aufgelistet. Die Lampe ist mit einem originalen Anschlussstecker ausgestattet, was zusammen mit der guten Passform eine schnelle und einfache Installation erm\u00f6glicht. Zudem befinden sich zwei Klemmen an der Lampe, damit sie fest an ihrem Platz bleibt. Schlie\u00dflich wird die Lampe mit Milchglas geliefert, wodurch sie auch ausgeschaltet gut aussieht. So w\u00e4hlst du eine zuverl\u00e4ssige, robuste und stilvolle LED Toplampe f\u00fcr deinen LKW oder Anh\u00e4nger.    <\/span><\/p>\n<h5><span style=\"color: #000000;\"><strong>Weitere Optionen:<\/strong><\/span><\/h5>\n<p><span style=\"color: #000000;\">M\u00f6chtest du deinen LKW mit einer warmwei\u00df leuchtenden Sonnenblende leuchte ausstatten, aber dies ist nicht die Ausf\u00fchrung, die du suchst? Oder suchst du vielleicht eine zweifarbige Lampe oder ein Modul, mit dem du die Farbe wechseln kannst? Dann schau dir hier die Teile und Alternativen an, die wir neben der MTRS Sonnenblende leuchte WARM WEISS mit wei\u00dfem Geh\u00e4use anbieten. So findest du immer die perfekte L\u00f6sung f\u00fcr deinen LKW und kannst die Lampe genau an deine W\u00fcnsche anpassen.   <\/span><\/p>\n<ul>\n<li><span style=\"color: #000000;\"><a style=\"color: #000000;\" href=\"https:\/\/www.alldayled.com\/de\/produkt\/mtrs-zonneklep-lamp-wit-oranje-zwart\/\"><strong>DUAL COLOR Lampe SCHWARZ<\/strong><\/a><\/span><\/li>\n<li><a href=\"https:\/\/www.alldayled.com\/de\/produkt\/mtrs-zonneklep-lamp-warm-wit-zwart\/\"><span style=\"color: #000000;\"><strong>WARM WEISS Lampe SCHWARZ<\/strong><\/span><\/a><\/li>\n<li><span style=\"color: #000000;\"><a style=\"color: #000000;\" href=\"https:\/\/www.alldayled.com\/de\/produkt\/mtrs-zonneklep-lamp-wit-oranje-wit\/\"><strong>DUAL COLOR Lampe WEISS<\/strong><\/a><\/span><\/li>\n<li><span style=\"color: #000000;\"><a style=\"color: #000000;\" href=\"https:\/\/www.alldayled.com\/de\/produkt\/dual-color-zonneklep-lamp-adapter\/\"><strong>Lampenadapter<\/strong><\/a><\/span><\/li>\n<\/ul>\n<p><span style=\"color: #000000;\">Bist du nach dem Lesen all dessen immer noch der Meinung, dass die Sonnenblende leuchte WARM WEISS mit wei\u00dfem Geh\u00e4use nicht das ist, was du suchst? Einfach weil die Geh\u00e4usefarbe, die Form der Lampe oder die Spannung nicht deinen W\u00fcnschen entspricht? Dann wirf doch einen Blick auf unsere Seite <a style=\"color: #000000;\" href=\"https:\/\/www.alldayled.com\/de\/produkt-kategorie\/beleuchtungswagen\/\">LKW Beleuchtung<\/a>. Vielleicht findest du hier das Lampenmodell oder Ersatzteil, wonach du suchst.   <\/span><\/p>\n","protected":false},"excerpt":{"rendered":"<p>Sonnenblende leuchte mit Halogenfarbenem Licht &#8211; 3000K! Das Geh\u00e4use ist wei\u00df. <\/p>\n","protected":false},"featured_media":31749,"comment_status":"open","ping_status":"closed","template":"","meta":{"_acf_changed":false},"product_brand":[6501],"product_cat":[5409,5346],"product_tag":[9520,9522,9521],"class_list":{"0":"post-67413","1":"product","2":"type-product","3":"status-publish","4":"has-post-thumbnail","6":"product_brand-mtrs","7":"product_cat-scania-verlichting","8":"product_cat-toplichten","9":"product_tag-scania","10":"product_tag-scania-next-gen","11":"product_tag-scania-toplampe","13":"first","14":"instock","15":"taxable","16":"shipping-taxable","17":"purchasable","18":"product-type-simple"},"acf":[],"yoast_head":"<!-- This site is optimized with the Yoast SEO Premium plugin v26.5 (Yoast SEO v27.1.1) - https:\/\/yoast.com\/product\/yoast-seo-premium-wordpress\/ -->\n<title>MTRS Sonnenblende leuchte WARM WEISS wei\u00df - All Day Led - Farbe: 3000K<\/title>\n<meta name=\"description\" content=\"MTRS Sonnenblende leuchte WARM WEISS wei\u00dfes Geh\u00e4use - LED Lampe f\u00fcr LKW - geeignet f\u00fcr u.a. Scania Sonnenblende mit neuen Lampenl\u00f6chern - 3000K HALOGEN FARBE\" \/>\n<meta name=\"robots\" content=\"index, follow, max-snippet:-1, max-image-preview:large, max-video-preview:-1\" \/>\n<link rel=\"canonical\" href=\"https:\/\/www.alldayled.com\/de\/produkt\/mtrs-zonneklep-lamp-warm-wit-wit\/\" \/>\n<meta property=\"og:locale\" content=\"de_DE\" \/>\n<meta property=\"og:type\" content=\"article\" \/>\n<meta property=\"og:title\" content=\"MTRS Sonnenblende leuchte WARM WEISS wei\u00df - All Day Led - Farbe: 3000K\" \/>\n<meta property=\"og:description\" content=\"MTRS Sonnenblende leuchte WARM WEISS wei\u00dfes Geh\u00e4use - LED Lampe f\u00fcr LKW - geeignet f\u00fcr u.a. Scania Sonnenblende mit neuen Lampenl\u00f6chern - 3000K HALOGEN FARBE\" \/>\n<meta property=\"og:url\" content=\"https:\/\/www.alldayled.com\/de\/produkt\/mtrs-zonneklep-lamp-warm-wit-wit\/\" \/>\n<meta property=\"og:site_name\" content=\"All Day Led\" \/>\n<meta property=\"article:publisher\" content=\"https:\/\/www.facebook.com\/alldayled\/\" \/>\n<meta property=\"og:image\" content=\"https:\/\/www.alldayled.com\/wp-content\/uploads\/2024\/10\/ADL40925-WW-01.png\" \/>\n<meta name=\"twitter:label1\" content=\"Preis\" \/>\n\t<meta name=\"twitter:data1\" content=\"&euro;&nbsp;44,95\" \/>\n\t<meta name=\"twitter:label2\" content=\"Verf\u00fcgbarkeit\" \/>\n\t<meta name=\"twitter:data2\" content=\"Auf Lager\" \/>\n<script type=\"application\/ld+json\" class=\"yoast-schema-graph\">{\"@context\":\"https:\/\/schema.org\",\"@graph\":[{\"@type\":\"WebPage\",\"@id\":\"https:\/\/www.alldayled.com\/de\/produkt\/mtrs-zonneklep-lamp-warm-wit-wit\/\",\"url\":\"https:\/\/www.alldayled.com\/de\/produkt\/mtrs-zonneklep-lamp-warm-wit-wit\/\",\"name\":\"MTRS Sonnenblende leuchte WARM WEISS wei\u00df - All Day Led - Farbe: 3000K\",\"isPartOf\":{\"@id\":\"https:\/\/www.alldayled.com\/de\/#website\"},\"primaryImageOfPage\":{\"@id\":\"https:\/\/www.alldayled.com\/de\/produkt\/mtrs-zonneklep-lamp-warm-wit-wit\/#primaryimage\"},\"image\":{\"@id\":\"https:\/\/www.alldayled.com\/de\/produkt\/mtrs-zonneklep-lamp-warm-wit-wit\/#primaryimage\"},\"thumbnailUrl\":\"https:\/\/www.alldayled.com\/wp-content\/uploads\/2024\/10\/ADL40925-WW.png\",\"datePublished\":\"2024-10-10T13:10:54+00:00\",\"description\":\"MTRS Sonnenblende leuchte WARM WEISS wei\u00dfes Geh\u00e4use - LED Lampe f\u00fcr LKW - geeignet f\u00fcr u.a. Scania Sonnenblende mit neuen Lampenl\u00f6chern - 3000K HALOGEN FARBE\",\"breadcrumb\":{\"@id\":\"https:\/\/www.alldayled.com\/de\/produkt\/mtrs-zonneklep-lamp-warm-wit-wit\/#breadcrumb\"},\"inLanguage\":\"de\",\"potentialAction\":[{\"@type\":\"ReadAction\",\"target\":[\"https:\/\/www.alldayled.com\/de\/produkt\/mtrs-zonneklep-lamp-warm-wit-wit\/\"]}]},{\"@type\":\"ImageObject\",\"inLanguage\":\"de\",\"@id\":\"https:\/\/www.alldayled.com\/de\/produkt\/mtrs-zonneklep-lamp-warm-wit-wit\/#primaryimage\",\"url\":\"https:\/\/www.alldayled.com\/wp-content\/uploads\/2024\/10\/ADL40925-WW.png\",\"contentUrl\":\"https:\/\/www.alldayled.com\/wp-content\/uploads\/2024\/10\/ADL40925-WW.png\",\"width\":800,\"height\":600,\"caption\":\"MTRS Sonnenblende leuchte LED WARM WEISS - geeignet f\u00fcr u.a. Scania Next Gen LKW - f\u00fcr neue Lampenl\u00f6cher - Geh\u00e4use ist WEISS - Matronics Nummer 240925-WW - EAN:\"},{\"@type\":\"BreadcrumbList\",\"@id\":\"https:\/\/www.alldayled.com\/de\/produkt\/mtrs-zonneklep-lamp-warm-wit-wit\/#breadcrumb\",\"itemListElement\":[{\"@type\":\"ListItem\",\"position\":1,\"name\":\"Home\",\"item\":\"https:\/\/www.alldayled.com\/de\/\"},{\"@type\":\"ListItem\",\"position\":2,\"name\":\"Shop\",\"item\":\"https:\/\/www.alldayled.com\/de\/shop\/\"},{\"@type\":\"ListItem\",\"position\":3,\"name\":\"Beleuchtung LKW\",\"item\":\"https:\/\/www.alldayled.com\/de\/produkt-kategorie\/beleuchtungswagen\/\"},{\"@type\":\"ListItem\",\"position\":4,\"name\":\"Scania Beleuchtung\",\"item\":\"https:\/\/www.alldayled.com\/de\/produkt-kategorie\/beleuchtungswagen\/scania-verlichting\/\"},{\"@type\":\"ListItem\",\"position\":5,\"name\":\"MTRS Sonnenblende leuchte warm wei\u00df &#8211; WEISS\"}]},{\"@type\":\"WebSite\",\"@id\":\"https:\/\/www.alldayled.com\/de\/#website\",\"url\":\"https:\/\/www.alldayled.com\/de\/\",\"name\":\"All Day Led\",\"description\":\"Verlichting voor 12&amp;24 volt gebruik\",\"publisher\":{\"@id\":\"https:\/\/www.alldayled.com\/de\/#organization\"},\"potentialAction\":[{\"@type\":\"SearchAction\",\"target\":{\"@type\":\"EntryPoint\",\"urlTemplate\":\"https:\/\/www.alldayled.com\/de\/?s={search_term_string}\"},\"query-input\":{\"@type\":\"PropertyValueSpecification\",\"valueRequired\":true,\"valueName\":\"search_term_string\"}}],\"inLanguage\":\"de\"},{\"@type\":\"Organization\",\"@id\":\"https:\/\/www.alldayled.com\/de\/#organization\",\"name\":\"All Day Led\",\"url\":\"https:\/\/www.alldayled.com\/de\/\",\"logo\":{\"@type\":\"ImageObject\",\"inLanguage\":\"de\",\"@id\":\"https:\/\/www.alldayled.com\/de\/#\/schema\/logo\/image\/\",\"url\":\"https:\/\/www.alldayled.com\/wp-content\/uploads\/2025\/10\/Logo-ALL-DAY-LED-800x800-zwart-witte-letters.png\",\"contentUrl\":\"https:\/\/www.alldayled.com\/wp-content\/uploads\/2025\/10\/Logo-ALL-DAY-LED-800x800-zwart-witte-letters.png\",\"width\":800,\"height\":800,\"caption\":\"All Day Led\"},\"image\":{\"@id\":\"https:\/\/www.alldayled.com\/de\/#\/schema\/logo\/image\/\"},\"sameAs\":[\"https:\/\/www.facebook.com\/alldayled\/\",\"https:\/\/www.instagram.com\/alldayled\/\"],\"vatID\":\"NL863960133B01\",\"taxID\":\"86416545\"}]}<\/script>\n<meta property=\"product:brand\" content=\"MTRS\" \/>\n<meta property=\"product:price:amount\" content=\"44.95\" \/>\n<meta property=\"product:price:currency\" content=\"EUR\" \/>\n<meta property=\"og:availability\" content=\"instock\" \/>\n<meta property=\"product:availability\" content=\"instock\" \/>\n<meta property=\"product:retailer_item_id\" content=\"ADL40925-WW\" \/>\n<meta property=\"product:condition\" content=\"new\" \/>\n<!-- \/ Yoast SEO Premium plugin. -->","yoast_head_json":{"title":"MTRS Sonnenblende leuchte WARM WEISS wei\u00df - All Day Led - Farbe: 3000K","description":"MTRS Sonnenblende leuchte WARM WEISS wei\u00dfes Geh\u00e4use - LED Lampe f\u00fcr LKW - geeignet f\u00fcr u.a. Scania Sonnenblende mit neuen Lampenl\u00f6chern - 3000K HALOGEN FARBE","robots":{"index":"index","follow":"follow","max-snippet":"max-snippet:-1","max-image-preview":"max-image-preview:large","max-video-preview":"max-video-preview:-1"},"canonical":"https:\/\/www.alldayled.com\/de\/produkt\/mtrs-zonneklep-lamp-warm-wit-wit\/","og_locale":"de_DE","og_type":"article","og_title":"MTRS Sonnenblende leuchte WARM WEISS wei\u00df - All Day Led - Farbe: 3000K","og_description":"MTRS Sonnenblende leuchte WARM WEISS wei\u00dfes Geh\u00e4use - LED Lampe f\u00fcr LKW - geeignet f\u00fcr u.a. Scania Sonnenblende mit neuen Lampenl\u00f6chern - 3000K HALOGEN FARBE","og_url":"https:\/\/www.alldayled.com\/de\/produkt\/mtrs-zonneklep-lamp-warm-wit-wit\/","og_site_name":"All Day Led","article_publisher":"https:\/\/www.facebook.com\/alldayled\/","og_image":[{"url":"https:\/\/www.alldayled.com\/wp-content\/uploads\/2024\/10\/ADL40925-WW-01.png","type":"","width":"","height":""}],"twitter_misc":{"Preis":"&euro;&nbsp;44,95","Verf\u00fcgbarkeit":"Auf Lager"},"schema":{"@context":"https:\/\/schema.org","@graph":[{"@type":"WebPage","@id":"https:\/\/www.alldayled.com\/de\/produkt\/mtrs-zonneklep-lamp-warm-wit-wit\/","url":"https:\/\/www.alldayled.com\/de\/produkt\/mtrs-zonneklep-lamp-warm-wit-wit\/","name":"MTRS Sonnenblende leuchte WARM WEISS wei\u00df - All Day Led - Farbe: 3000K","isPartOf":{"@id":"https:\/\/www.alldayled.com\/de\/#website"},"primaryImageOfPage":{"@id":"https:\/\/www.alldayled.com\/de\/produkt\/mtrs-zonneklep-lamp-warm-wit-wit\/#primaryimage"},"image":{"@id":"https:\/\/www.alldayled.com\/de\/produkt\/mtrs-zonneklep-lamp-warm-wit-wit\/#primaryimage"},"thumbnailUrl":"https:\/\/www.alldayled.com\/wp-content\/uploads\/2024\/10\/ADL40925-WW.png","datePublished":"2024-10-10T13:10:54+00:00","description":"MTRS Sonnenblende leuchte WARM WEISS wei\u00dfes Geh\u00e4use - LED Lampe f\u00fcr LKW - geeignet f\u00fcr u.a. Scania Sonnenblende mit neuen Lampenl\u00f6chern - 3000K HALOGEN FARBE","breadcrumb":{"@id":"https:\/\/www.alldayled.com\/de\/produkt\/mtrs-zonneklep-lamp-warm-wit-wit\/#breadcrumb"},"inLanguage":"de","potentialAction":[{"@type":"ReadAction","target":["https:\/\/www.alldayled.com\/de\/produkt\/mtrs-zonneklep-lamp-warm-wit-wit\/"]}]},{"@type":"ImageObject","inLanguage":"de","@id":"https:\/\/www.alldayled.com\/de\/produkt\/mtrs-zonneklep-lamp-warm-wit-wit\/#primaryimage","url":"https:\/\/www.alldayled.com\/wp-content\/uploads\/2024\/10\/ADL40925-WW.png","contentUrl":"https:\/\/www.alldayled.com\/wp-content\/uploads\/2024\/10\/ADL40925-WW.png","width":800,"height":600,"caption":"MTRS Sonnenblende leuchte LED WARM WEISS - geeignet f\u00fcr u.a. Scania Next Gen LKW - f\u00fcr neue Lampenl\u00f6cher - Geh\u00e4use ist WEISS - Matronics Nummer 240925-WW - EAN:"},{"@type":"BreadcrumbList","@id":"https:\/\/www.alldayled.com\/de\/produkt\/mtrs-zonneklep-lamp-warm-wit-wit\/#breadcrumb","itemListElement":[{"@type":"ListItem","position":1,"name":"Home","item":"https:\/\/www.alldayled.com\/de\/"},{"@type":"ListItem","position":2,"name":"Shop","item":"https:\/\/www.alldayled.com\/de\/shop\/"},{"@type":"ListItem","position":3,"name":"Beleuchtung LKW","item":"https:\/\/www.alldayled.com\/de\/produkt-kategorie\/beleuchtungswagen\/"},{"@type":"ListItem","position":4,"name":"Scania Beleuchtung","item":"https:\/\/www.alldayled.com\/de\/produkt-kategorie\/beleuchtungswagen\/scania-verlichting\/"},{"@type":"ListItem","position":5,"name":"MTRS Sonnenblende leuchte warm wei\u00df &#8211; WEISS"}]},{"@type":"WebSite","@id":"https:\/\/www.alldayled.com\/de\/#website","url":"https:\/\/www.alldayled.com\/de\/","name":"All Day Led","description":"Verlichting voor 12&amp;24 volt gebruik","publisher":{"@id":"https:\/\/www.alldayled.com\/de\/#organization"},"potentialAction":[{"@type":"SearchAction","target":{"@type":"EntryPoint","urlTemplate":"https:\/\/www.alldayled.com\/de\/?s={search_term_string}"},"query-input":{"@type":"PropertyValueSpecification","valueRequired":true,"valueName":"search_term_string"}}],"inLanguage":"de"},{"@type":"Organization","@id":"https:\/\/www.alldayled.com\/de\/#organization","name":"All Day Led","url":"https:\/\/www.alldayled.com\/de\/","logo":{"@type":"ImageObject","inLanguage":"de","@id":"https:\/\/www.alldayled.com\/de\/#\/schema\/logo\/image\/","url":"https:\/\/www.alldayled.com\/wp-content\/uploads\/2025\/10\/Logo-ALL-DAY-LED-800x800-zwart-witte-letters.png","contentUrl":"https:\/\/www.alldayled.com\/wp-content\/uploads\/2025\/10\/Logo-ALL-DAY-LED-800x800-zwart-witte-letters.png","width":800,"height":800,"caption":"All Day Led"},"image":{"@id":"https:\/\/www.alldayled.com\/de\/#\/schema\/logo\/image\/"},"sameAs":["https:\/\/www.facebook.com\/alldayled\/","https:\/\/www.instagram.com\/alldayled\/"],"vatID":"NL863960133B01","taxID":"86416545"}]},"product_brand":"MTRS","product_price_amount":"44.95","product_price_currency":"EUR","og_availability":"instock","product_availability":"instock","product_retailer_item_id":"ADL40925-WW","product_condition":"new"},"_links":{"self":[{"href":"https:\/\/www.alldayled.com\/de\/wp-json\/wp\/v2\/product\/67413","targetHints":{"allow":["GET"]}}],"collection":[{"href":"https:\/\/www.alldayled.com\/de\/wp-json\/wp\/v2\/product"}],"about":[{"href":"https:\/\/www.alldayled.com\/de\/wp-json\/wp\/v2\/types\/product"}],"replies":[{"embeddable":true,"href":"https:\/\/www.alldayled.com\/de\/wp-json\/wp\/v2\/comments?post=67413"}],"wp:featuredmedia":[{"embeddable":true,"href":"https:\/\/www.alldayled.com\/de\/wp-json\/wp\/v2\/media\/31749"}],"wp:attachment":[{"href":"https:\/\/www.alldayled.com\/de\/wp-json\/wp\/v2\/media?parent=67413"}],"wp:term":[{"taxonomy":"product_brand","embeddable":true,"href":"https:\/\/www.alldayled.com\/de\/wp-json\/wp\/v2\/product_brand?post=67413"},{"taxonomy":"product_cat","embeddable":true,"href":"https:\/\/www.alldayled.com\/de\/wp-json\/wp\/v2\/product_cat?post=67413"},{"taxonomy":"product_tag","embeddable":true,"href":"https:\/\/www.alldayled.com\/de\/wp-json\/wp\/v2\/product_tag?post=67413"}],"curies":[{"name":"wp","href":"https:\/\/api.w.org\/{rel}","templated":true}]}}