{"id":67417,"date":"2024-10-10T14:55:31","date_gmt":"2024-10-10T12:55:31","guid":{"rendered":"https:\/\/www.alldayled.com\/product\/mtrs-zonneklep-lamp-wit-oranje-zwart\/"},"modified":"2026-01-10T16:43:42","modified_gmt":"2026-01-10T15:43:42","slug":"mtrs-zonneklep-lamp-wit-oranje-zwart","status":"publish","type":"product","link":"https:\/\/www.alldayled.com\/de\/produkt\/mtrs-zonneklep-lamp-wit-oranje-zwart\/","title":{"rendered":"MTRS Sonnenblende leuchte wei\u00df \/ orange &#8211; SCHWARZ"},"content":{"rendered":"<p><span style=\"color: #000000;\"><strong>MTRS Sonnenblende leuchte DUAL COLOR 24 Volt schwarz, geeignet unter anderem f\u00fcr Scania Next Gen.<\/strong><\/span><\/p>\n<p><span style=\"color: #000000;\">M\u00f6chtest du eine LED Toplampe in der Sonnenblende deines LKW montieren? Aber m\u00f6chtest du auch zwischen wei\u00dfem und orangefarbenem Licht wechseln k\u00f6nnen? Dann ist die MTRS Sonnenblende leuchte DUAL COLOR schwarz wahrscheinlich genau das, was du suchst. Die Lampe hat 12 LED-Punkte und du kannst w\u00e4hlen, ob sie wei\u00df oder orange leuchtet. Sie hat ein schwarzes Geh\u00e4use und ein 10 cm langes Anschlusskabel. Die Lampe funktioniert nur mit 24 Volt, daher ist sie f\u00fcr deinen LKW oder Anh\u00e4nger geeignet.     <\/span><\/p>\n<p><span style=\"color: #000000;\">M\u00f6chtest du im Voraus wissen, dass dies DIE Lampe f\u00fcr dich ist? Unten haben wir die wichtigsten Eigenschaften der Lampe aufgelistet. Die MTRS DUAL COLOR Sonnenblende leuchte wird mit einem originalen Anschlussstecker geliefert. Dadurch ist die Installation und der Anschluss sehr einfach. Die Lampe hat zwei Klemmen, damit sie fest an ihrem Platz bleibt. Der Farbwechsel funktioniert \u00fcber eine Plus- und Minus-Schaltung. Schlie\u00dflich wird die Lampe mit Milchglas geliefert, wodurch sie auch bei ausgeschaltetem Licht elegant und ordentlich aussieht.      <\/span><\/p>\n<h5><span style=\"color: #000000;\"><strong>Weitere Optionen:<\/strong><\/span><\/h5>\n<p><span style=\"color: #000000;\">M\u00f6chtest du eine DUAL COLOR Sonnenblende leuchte an deinem LKW, aber das ist nicht die Ausf\u00fchrung, die du suchst? Oder suchst du eine Modul, mit dem du die Farbe wechseln kannst? Dann sieh dir hier die Teile und Alternativen an, die wir neben dem MTRS DUAL COLOR schwarzen Geh\u00e4use anbieten.  <\/span><\/p>\n<ul>\n<li><span style=\"color: #000000;\"><a style=\"color: #000000;\" href=\"https:\/\/www.alldayled.com\/de\/produkt\/mtrs-zonneklep-lamp-wit-oranje-wit\/\"><strong>DUAL COLOR Lampe WEISS<\/strong><\/a><\/span><\/li>\n<li><span style=\"color: #000000;\"><a style=\"color: #000000;\" href=\"https:\/\/www.alldayled.com\/de\/produkt\/dual-color-zonneklep-lamp-adapter\/\"><strong>Lampenadapter<\/strong><\/a><\/span><\/li>\n<\/ul>\n<p><span style=\"color: #000000;\">Bist du nach dem Lesen von allem immer noch der Meinung, dass die Sonnenblende leuchte DUAL COLOR mit schwarzem Geh\u00e4use nicht das ist, was du suchst? Einfach weil die Farbe oder Spannung nicht deinen W\u00fcnschen entspricht? Dann wirf auch einen Blick auf unsere Seite <g id=\"gid_0\">LKW Beleuchtung<\/g>. Vielleicht findest du hier das Lampenmodell oder Ersatzteil, wonach du suchst.    <\/span><\/p>\n","protected":false},"excerpt":{"rendered":"<p>Sonnenblende leuchte mit DUAL COLOR Option, wei\u00df und orange! Geh\u00e4use ist schwarz. <\/p>\n","protected":false},"featured_media":31671,"comment_status":"open","ping_status":"closed","template":"","meta":{"_acf_changed":false},"product_brand":[6501],"product_cat":[5409,5346],"product_tag":[9520,9522,9521],"class_list":{"0":"post-67417","1":"product","2":"type-product","3":"status-publish","4":"has-post-thumbnail","6":"product_brand-mtrs","7":"product_cat-scania-verlichting","8":"product_cat-toplichten","9":"product_tag-scania","10":"product_tag-scania-next-gen","11":"product_tag-scania-toplampe","13":"first","14":"instock","15":"taxable","16":"shipping-taxable","17":"purchasable","18":"product-type-simple"},"acf":[],"yoast_head":"<!-- This site is optimized with the Yoast SEO Premium plugin v26.5 (Yoast SEO v27.1.1) - https:\/\/yoast.com\/product\/yoast-seo-premium-wordpress\/ -->\n<title>MTRS Sonnenblende leuchte DUAL COLOR schwarz - All Day Led - Farbe: WEISS \/ ORANGE<\/title>\n<meta name=\"description\" content=\"MTRS Sonnenblende leuchte DUAL COLOR schwarz - schaltbare LED Lampe - geeignet f\u00fcr Scania Sonnenblende mit neuen Lampen\u00f6ffnungen - WEISS und ORANGE in einer Lampe\" \/>\n<meta name=\"robots\" content=\"index, follow, max-snippet:-1, max-image-preview:large, max-video-preview:-1\" \/>\n<link rel=\"canonical\" href=\"https:\/\/www.alldayled.com\/de\/produkt\/mtrs-zonneklep-lamp-wit-oranje-zwart\/\" \/>\n<meta property=\"og:locale\" content=\"de_DE\" \/>\n<meta property=\"og:type\" content=\"article\" \/>\n<meta property=\"og:title\" content=\"MTRS Sonnenblende leuchte DUAL COLOR schwarz - All Day Led - Farbe: WEISS \/ ORANGE\" \/>\n<meta property=\"og:description\" content=\"MTRS Sonnenblende leuchte DUAL COLOR schwarz - schaltbare LED Lampe - geeignet f\u00fcr Scania Sonnenblende mit neuen Lampen\u00f6ffnungen - WEISS und ORANGE in einer Lampe\" \/>\n<meta property=\"og:url\" content=\"https:\/\/www.alldayled.com\/de\/produkt\/mtrs-zonneklep-lamp-wit-oranje-zwart\/\" \/>\n<meta property=\"og:site_name\" content=\"All Day Led\" \/>\n<meta property=\"article:publisher\" content=\"https:\/\/www.facebook.com\/alldayled\/\" \/>\n<meta property=\"article:modified_time\" content=\"2026-01-10T15:43:42+00:00\" \/>\n<meta property=\"og:image\" content=\"https:\/\/www.alldayled.com\/wp-content\/uploads\/2024\/10\/ADL40920.png\" \/>\n\t<meta property=\"og:image:width\" content=\"800\" \/>\n\t<meta property=\"og:image:height\" content=\"600\" \/>\n\t<meta property=\"og:image:type\" content=\"image\/png\" \/>\n<meta name=\"twitter:label1\" content=\"Preis\" \/>\n\t<meta name=\"twitter:data1\" content=\"&euro;&nbsp;64,95\" \/>\n\t<meta name=\"twitter:label2\" content=\"Verf\u00fcgbarkeit\" \/>\n\t<meta name=\"twitter:data2\" content=\"Auf Lager\" \/>\n<script type=\"application\/ld+json\" class=\"yoast-schema-graph\">{\"@context\":\"https:\/\/schema.org\",\"@graph\":[{\"@type\":\"WebPage\",\"@id\":\"https:\/\/www.alldayled.com\/de\/produkt\/mtrs-zonneklep-lamp-wit-oranje-zwart\/\",\"url\":\"https:\/\/www.alldayled.com\/de\/produkt\/mtrs-zonneklep-lamp-wit-oranje-zwart\/\",\"name\":\"MTRS Sonnenblende leuchte DUAL COLOR schwarz - All Day Led - Farbe: WEISS \/ ORANGE\",\"isPartOf\":{\"@id\":\"https:\/\/www.alldayled.com\/de\/#website\"},\"primaryImageOfPage\":{\"@id\":\"https:\/\/www.alldayled.com\/de\/produkt\/mtrs-zonneklep-lamp-wit-oranje-zwart\/#primaryimage\"},\"image\":{\"@id\":\"https:\/\/www.alldayled.com\/de\/produkt\/mtrs-zonneklep-lamp-wit-oranje-zwart\/#primaryimage\"},\"thumbnailUrl\":\"https:\/\/www.alldayled.com\/wp-content\/uploads\/2024\/10\/ADL40920.png\",\"datePublished\":\"2024-10-10T12:55:31+00:00\",\"dateModified\":\"2026-01-10T15:43:42+00:00\",\"description\":\"MTRS Sonnenblende leuchte DUAL COLOR schwarz - schaltbare LED Lampe - geeignet f\u00fcr Scania Sonnenblende mit neuen Lampen\u00f6ffnungen - WEISS und ORANGE in einer Lampe\",\"breadcrumb\":{\"@id\":\"https:\/\/www.alldayled.com\/de\/produkt\/mtrs-zonneklep-lamp-wit-oranje-zwart\/#breadcrumb\"},\"inLanguage\":\"de\",\"potentialAction\":[{\"@type\":\"ReadAction\",\"target\":[\"https:\/\/www.alldayled.com\/de\/produkt\/mtrs-zonneklep-lamp-wit-oranje-zwart\/\"]}]},{\"@type\":\"ImageObject\",\"inLanguage\":\"de\",\"@id\":\"https:\/\/www.alldayled.com\/de\/produkt\/mtrs-zonneklep-lamp-wit-oranje-zwart\/#primaryimage\",\"url\":\"https:\/\/www.alldayled.com\/wp-content\/uploads\/2024\/10\/ADL40920.png\",\"contentUrl\":\"https:\/\/www.alldayled.com\/wp-content\/uploads\/2024\/10\/ADL40920.png\",\"width\":800,\"height\":600,\"caption\":\"MTRS Scania Next Gen LED Sonnenblende leuchte DUAL COLOR - Sonnenblende leuchte f\u00fcr neue Lampen\u00f6ffnungen - umschaltbar zwischen ORANGE und WEISS - Geh\u00e4use ist SCHWARZ - Matronics Nummer 240920-AMCW - EAN: 7423515590553\"},{\"@type\":\"BreadcrumbList\",\"@id\":\"https:\/\/www.alldayled.com\/de\/produkt\/mtrs-zonneklep-lamp-wit-oranje-zwart\/#breadcrumb\",\"itemListElement\":[{\"@type\":\"ListItem\",\"position\":1,\"name\":\"Home\",\"item\":\"https:\/\/www.alldayled.com\/de\/\"},{\"@type\":\"ListItem\",\"position\":2,\"name\":\"Shop\",\"item\":\"https:\/\/www.alldayled.com\/de\/shop\/\"},{\"@type\":\"ListItem\",\"position\":3,\"name\":\"Beleuchtung LKW\",\"item\":\"https:\/\/www.alldayled.com\/de\/produkt-kategorie\/beleuchtungswagen\/\"},{\"@type\":\"ListItem\",\"position\":4,\"name\":\"Scania Beleuchtung\",\"item\":\"https:\/\/www.alldayled.com\/de\/produkt-kategorie\/beleuchtungswagen\/scania-verlichting\/\"},{\"@type\":\"ListItem\",\"position\":5,\"name\":\"MTRS Sonnenblende leuchte wei\u00df \/ orange &#8211; SCHWARZ\"}]},{\"@type\":\"WebSite\",\"@id\":\"https:\/\/www.alldayled.com\/de\/#website\",\"url\":\"https:\/\/www.alldayled.com\/de\/\",\"name\":\"All Day Led\",\"description\":\"Verlichting voor 12&amp;24 volt gebruik\",\"publisher\":{\"@id\":\"https:\/\/www.alldayled.com\/de\/#organization\"},\"potentialAction\":[{\"@type\":\"SearchAction\",\"target\":{\"@type\":\"EntryPoint\",\"urlTemplate\":\"https:\/\/www.alldayled.com\/de\/?s={search_term_string}\"},\"query-input\":{\"@type\":\"PropertyValueSpecification\",\"valueRequired\":true,\"valueName\":\"search_term_string\"}}],\"inLanguage\":\"de\"},{\"@type\":\"Organization\",\"@id\":\"https:\/\/www.alldayled.com\/de\/#organization\",\"name\":\"All Day Led\",\"url\":\"https:\/\/www.alldayled.com\/de\/\",\"logo\":{\"@type\":\"ImageObject\",\"inLanguage\":\"de\",\"@id\":\"https:\/\/www.alldayled.com\/de\/#\/schema\/logo\/image\/\",\"url\":\"https:\/\/www.alldayled.com\/wp-content\/uploads\/2025\/10\/Logo-ALL-DAY-LED-800x800-zwart-witte-letters.png\",\"contentUrl\":\"https:\/\/www.alldayled.com\/wp-content\/uploads\/2025\/10\/Logo-ALL-DAY-LED-800x800-zwart-witte-letters.png\",\"width\":800,\"height\":800,\"caption\":\"All Day Led\"},\"image\":{\"@id\":\"https:\/\/www.alldayled.com\/de\/#\/schema\/logo\/image\/\"},\"sameAs\":[\"https:\/\/www.facebook.com\/alldayled\/\",\"https:\/\/www.instagram.com\/alldayled\/\"],\"vatID\":\"NL863960133B01\",\"taxID\":\"86416545\"}]}<\/script>\n<meta property=\"product:brand\" content=\"MTRS\" \/>\n<meta property=\"product:price:amount\" content=\"64.95\" \/>\n<meta property=\"product:price:currency\" content=\"EUR\" \/>\n<meta property=\"og:availability\" content=\"instock\" \/>\n<meta property=\"product:availability\" content=\"instock\" \/>\n<meta property=\"product:retailer_item_id\" content=\"ADL40920\" \/>\n<meta property=\"product:condition\" content=\"new\" \/>\n<!-- \/ Yoast SEO Premium plugin. -->","yoast_head_json":{"title":"MTRS Sonnenblende leuchte DUAL COLOR schwarz - All Day Led - Farbe: WEISS \/ ORANGE","description":"MTRS Sonnenblende leuchte DUAL COLOR schwarz - schaltbare LED Lampe - geeignet f\u00fcr Scania Sonnenblende mit neuen Lampen\u00f6ffnungen - WEISS und ORANGE in einer Lampe","robots":{"index":"index","follow":"follow","max-snippet":"max-snippet:-1","max-image-preview":"max-image-preview:large","max-video-preview":"max-video-preview:-1"},"canonical":"https:\/\/www.alldayled.com\/de\/produkt\/mtrs-zonneklep-lamp-wit-oranje-zwart\/","og_locale":"de_DE","og_type":"article","og_title":"MTRS Sonnenblende leuchte DUAL COLOR schwarz - All Day Led - Farbe: WEISS \/ ORANGE","og_description":"MTRS Sonnenblende leuchte DUAL COLOR schwarz - schaltbare LED Lampe - geeignet f\u00fcr Scania Sonnenblende mit neuen Lampen\u00f6ffnungen - WEISS und ORANGE in einer Lampe","og_url":"https:\/\/www.alldayled.com\/de\/produkt\/mtrs-zonneklep-lamp-wit-oranje-zwart\/","og_site_name":"All Day Led","article_publisher":"https:\/\/www.facebook.com\/alldayled\/","article_modified_time":"2026-01-10T15:43:42+00:00","og_image":[{"width":800,"height":600,"url":"https:\/\/www.alldayled.com\/wp-content\/uploads\/2024\/10\/ADL40920.png","type":"image\/png"}],"twitter_misc":{"Preis":"&euro;&nbsp;64,95","Verf\u00fcgbarkeit":"Auf Lager"},"schema":{"@context":"https:\/\/schema.org","@graph":[{"@type":"WebPage","@id":"https:\/\/www.alldayled.com\/de\/produkt\/mtrs-zonneklep-lamp-wit-oranje-zwart\/","url":"https:\/\/www.alldayled.com\/de\/produkt\/mtrs-zonneklep-lamp-wit-oranje-zwart\/","name":"MTRS Sonnenblende leuchte DUAL COLOR schwarz - All Day Led - Farbe: WEISS \/ ORANGE","isPartOf":{"@id":"https:\/\/www.alldayled.com\/de\/#website"},"primaryImageOfPage":{"@id":"https:\/\/www.alldayled.com\/de\/produkt\/mtrs-zonneklep-lamp-wit-oranje-zwart\/#primaryimage"},"image":{"@id":"https:\/\/www.alldayled.com\/de\/produkt\/mtrs-zonneklep-lamp-wit-oranje-zwart\/#primaryimage"},"thumbnailUrl":"https:\/\/www.alldayled.com\/wp-content\/uploads\/2024\/10\/ADL40920.png","datePublished":"2024-10-10T12:55:31+00:00","dateModified":"2026-01-10T15:43:42+00:00","description":"MTRS Sonnenblende leuchte DUAL COLOR schwarz - schaltbare LED Lampe - geeignet f\u00fcr Scania Sonnenblende mit neuen Lampen\u00f6ffnungen - WEISS und ORANGE in einer Lampe","breadcrumb":{"@id":"https:\/\/www.alldayled.com\/de\/produkt\/mtrs-zonneklep-lamp-wit-oranje-zwart\/#breadcrumb"},"inLanguage":"de","potentialAction":[{"@type":"ReadAction","target":["https:\/\/www.alldayled.com\/de\/produkt\/mtrs-zonneklep-lamp-wit-oranje-zwart\/"]}]},{"@type":"ImageObject","inLanguage":"de","@id":"https:\/\/www.alldayled.com\/de\/produkt\/mtrs-zonneklep-lamp-wit-oranje-zwart\/#primaryimage","url":"https:\/\/www.alldayled.com\/wp-content\/uploads\/2024\/10\/ADL40920.png","contentUrl":"https:\/\/www.alldayled.com\/wp-content\/uploads\/2024\/10\/ADL40920.png","width":800,"height":600,"caption":"MTRS Scania Next Gen LED Sonnenblende leuchte DUAL COLOR - Sonnenblende leuchte f\u00fcr neue Lampen\u00f6ffnungen - umschaltbar zwischen ORANGE und WEISS - Geh\u00e4use ist SCHWARZ - Matronics Nummer 240920-AMCW - EAN: 7423515590553"},{"@type":"BreadcrumbList","@id":"https:\/\/www.alldayled.com\/de\/produkt\/mtrs-zonneklep-lamp-wit-oranje-zwart\/#breadcrumb","itemListElement":[{"@type":"ListItem","position":1,"name":"Home","item":"https:\/\/www.alldayled.com\/de\/"},{"@type":"ListItem","position":2,"name":"Shop","item":"https:\/\/www.alldayled.com\/de\/shop\/"},{"@type":"ListItem","position":3,"name":"Beleuchtung LKW","item":"https:\/\/www.alldayled.com\/de\/produkt-kategorie\/beleuchtungswagen\/"},{"@type":"ListItem","position":4,"name":"Scania Beleuchtung","item":"https:\/\/www.alldayled.com\/de\/produkt-kategorie\/beleuchtungswagen\/scania-verlichting\/"},{"@type":"ListItem","position":5,"name":"MTRS Sonnenblende leuchte wei\u00df \/ orange &#8211; SCHWARZ"}]},{"@type":"WebSite","@id":"https:\/\/www.alldayled.com\/de\/#website","url":"https:\/\/www.alldayled.com\/de\/","name":"All Day Led","description":"Verlichting voor 12&amp;24 volt gebruik","publisher":{"@id":"https:\/\/www.alldayled.com\/de\/#organization"},"potentialAction":[{"@type":"SearchAction","target":{"@type":"EntryPoint","urlTemplate":"https:\/\/www.alldayled.com\/de\/?s={search_term_string}"},"query-input":{"@type":"PropertyValueSpecification","valueRequired":true,"valueName":"search_term_string"}}],"inLanguage":"de"},{"@type":"Organization","@id":"https:\/\/www.alldayled.com\/de\/#organization","name":"All Day Led","url":"https:\/\/www.alldayled.com\/de\/","logo":{"@type":"ImageObject","inLanguage":"de","@id":"https:\/\/www.alldayled.com\/de\/#\/schema\/logo\/image\/","url":"https:\/\/www.alldayled.com\/wp-content\/uploads\/2025\/10\/Logo-ALL-DAY-LED-800x800-zwart-witte-letters.png","contentUrl":"https:\/\/www.alldayled.com\/wp-content\/uploads\/2025\/10\/Logo-ALL-DAY-LED-800x800-zwart-witte-letters.png","width":800,"height":800,"caption":"All Day Led"},"image":{"@id":"https:\/\/www.alldayled.com\/de\/#\/schema\/logo\/image\/"},"sameAs":["https:\/\/www.facebook.com\/alldayled\/","https:\/\/www.instagram.com\/alldayled\/"],"vatID":"NL863960133B01","taxID":"86416545"}]},"product_brand":"MTRS","product_price_amount":"64.95","product_price_currency":"EUR","og_availability":"instock","product_availability":"instock","product_retailer_item_id":"ADL40920","product_condition":"new"},"_links":{"self":[{"href":"https:\/\/www.alldayled.com\/de\/wp-json\/wp\/v2\/product\/67417","targetHints":{"allow":["GET"]}}],"collection":[{"href":"https:\/\/www.alldayled.com\/de\/wp-json\/wp\/v2\/product"}],"about":[{"href":"https:\/\/www.alldayled.com\/de\/wp-json\/wp\/v2\/types\/product"}],"replies":[{"embeddable":true,"href":"https:\/\/www.alldayled.com\/de\/wp-json\/wp\/v2\/comments?post=67417"}],"wp:featuredmedia":[{"embeddable":true,"href":"https:\/\/www.alldayled.com\/de\/wp-json\/wp\/v2\/media\/31671"}],"wp:attachment":[{"href":"https:\/\/www.alldayled.com\/de\/wp-json\/wp\/v2\/media?parent=67417"}],"wp:term":[{"taxonomy":"product_brand","embeddable":true,"href":"https:\/\/www.alldayled.com\/de\/wp-json\/wp\/v2\/product_brand?post=67417"},{"taxonomy":"product_cat","embeddable":true,"href":"https:\/\/www.alldayled.com\/de\/wp-json\/wp\/v2\/product_cat?post=67417"},{"taxonomy":"product_tag","embeddable":true,"href":"https:\/\/www.alldayled.com\/de\/wp-json\/wp\/v2\/product_tag?post=67417"}],"curies":[{"name":"wp","href":"https:\/\/api.w.org\/{rel}","templated":true}]}}