{"id":67425,"date":"2020-07-26T15:55:53","date_gmt":"2020-07-26T13:55:53","guid":{"rendered":"https:\/\/www.alldayled.com\/product\/mtrs-type-5-toplamp-oranje\/"},"modified":"2020-07-26T15:55:53","modified_gmt":"2020-07-26T13:55:53","slug":"mtrs-type-5-toplamp-oranje","status":"publish","type":"product","link":"https:\/\/www.alldayled.com\/de\/produkt\/mtrs-type-5-toplamp-oranje\/","title":{"rendered":"MTRS type 5 Topleuchte orange"},"content":{"rendered":"<p><span style=\"color: #000000;\"><strong>MTRS type 5 Topleuchte ORANGE, geeignet f\u00fcr Volvo FH LKW mit Scheinwerfern.<\/strong><\/span><\/p>\n<p><span style=\"color: #000000;\">Hast du einen Volvo FH mit integrierten Scheinwerfern im Dach und m\u00f6chtest du die Positionsleuchte daneben in einer anderen Farbe haben? Dann ist die MTRS Topleuchte Typ 5 vielleicht genau die richtige Leuchte f\u00fcr dich. Die Leuchte hat 2 LED-Punkte und leuchtet in Orange. Mit einem Set kannst du sowohl die linke als auch die rechte Seite deines LKW mit der Leuchte ausstatten. Bitte beachte: Dies ist ein ma\u00dfgefertigter Artikel, der nicht an anderen Marken montiert werden kann.    <\/span><\/p>\n<p><span style=\"color: #000000;\">Um sicherzustellen, dass die MTRS type 5 Topleuchte orange f\u00fcr deinen LKW geeignet ist, haben wir die wichtigsten Spezifikationen unten aufgelistet. Die Leuchte hat das ECE R10 Pr\u00fcfzeichen, was bedeutet, dass sie bei korrekter Installation keine St\u00f6rungen verursacht, zum Beispiel bei deinem Radiosignal. Zudem wird die Topleuchte mit einem originalen Anschlussstecker geliefert, damit du sie schnell und einfach anschlie\u00dfen kannst. So w\u00e4hlst du eine zuverl\u00e4ssige, sichere und benutzerfreundliche LED Topleuchte f\u00fcr deinen Volvo FH.   <\/span><\/p>\n<h5><span style=\"color: #000000;\"><strong>Weitere Modelle:  <\/strong><\/span><\/h5>\n<p><span style=\"color: #000000;\">Bist du auf der Suche nach einer Topleuchte, die du in deinem LKW montieren kannst? Aber ist die MTRS type 5 Topleuchte nicht das Modell, das du suchst? Wir bieten auch verschiedene andere Modelle f\u00fcr den LKW an. Unten findest du eine Liste mit den weiteren Optionen, die wir liefern k\u00f6nnen:   <\/span><\/p>\n<ul>\n<li><span style=\"color: #000000;\"><a style=\"color: #000000;\" href=\"https:\/\/www.alldayled.com\/de\/produkt\/volvo-led-toplamp-type-2-oranje\/\"><strong>Volvo Toplicht Typ 2 orange<\/strong><\/a><\/span><\/li>\n<li><span style=\"color: #000000;\"><a style=\"color: #000000;\" href=\"https:\/\/www.alldayled.com\/de\/produkt\/mtrs-type-5-toplamp-dual-color\/\"><strong>Volvo Topleuchte Typ 5 orange\/wei\u00df<\/strong><\/a><\/span><\/li>\n<li><span style=\"color: #000000;\"><a style=\"color: #000000;\" href=\"https:\/\/www.alldayled.com\/de\/produkt\/mtrs-type-5-toplamp-warm-wit\/\"><strong>Volvo Toplicht Typ 5 w-wei\u00df<\/strong><\/a><\/span><\/li>\n<\/ul>\n<p><span style=\"color: #000000;\">Bist du nach dem Lesen der Meinung, dass die MTRS type 5 Topleuchte ORANGE nicht das ist, was du suchst? Einfach weil die Farbe oder Spannung nicht deinen W\u00fcnschen entspricht? Dann schau doch mal auf unserer Seite <a style=\"color: #000000;\" href=\"https:\/\/www.alldayled.com\/de\/produkt-kategorie\/beleuchtungswagen\/\">LKW-Beleuchtung<\/a> vorbei. Vielleicht findest du hier das Modell der Leuchte oder das Ersatzteil, wonach du suchst.    <\/span><\/p>\n","protected":false},"excerpt":{"rendered":"<p>Typ 5 Topleuchte orange, geeignet f\u00fcr Volvo FH mit integrierten Scheinwerfern.<\/p>\n","protected":false},"featured_media":16272,"comment_status":"open","ping_status":"closed","template":"","meta":{"_acf_changed":false},"product_brand":[6501],"product_cat":[5346,5413],"product_tag":[9535,9536],"class_list":{"0":"post-67425","1":"product","2":"type-product","3":"status-publish","4":"has-post-thumbnail","6":"product_brand-mtrs","7":"product_cat-toplichten","8":"product_cat-volvo-beleuchtung","9":"product_tag-volvo-fh16","10":"product_tag-volvo-fh4","12":"first","13":"instock","14":"taxable","15":"shipping-taxable","16":"purchasable","17":"product-type-simple"},"acf":[],"yoast_head":"<!-- This site is optimized with the Yoast SEO Premium plugin v26.5 (Yoast SEO v27.1.1) - https:\/\/yoast.com\/product\/yoast-seo-premium-wordpress\/ -->\n<title>MTRS type 5 Topleuchte ORANGE - All Day Led - geeignet f\u00fcr Volvo FH LKW<\/title>\n<meta name=\"description\" content=\"MTRS type 5 Topleuchte ORANGE - LED Positionsleuchte f\u00fcr neben dem Scheinwerfer- geeignet f\u00fcr Volvo FH LKW mit Scheinwerfern - Set f\u00fcr links und rechts\" \/>\n<meta name=\"robots\" content=\"index, follow, max-snippet:-1, max-image-preview:large, max-video-preview:-1\" \/>\n<link rel=\"canonical\" href=\"https:\/\/www.alldayled.com\/de\/produkt\/mtrs-type-5-toplamp-oranje\/\" \/>\n<meta property=\"og:locale\" content=\"de_DE\" \/>\n<meta property=\"og:type\" content=\"article\" \/>\n<meta property=\"og:title\" content=\"MTRS type 5 Topleuchte ORANGE - All Day Led - geeignet f\u00fcr Volvo FH LKW\" \/>\n<meta property=\"og:description\" content=\"MTRS type 5 Topleuchte ORANGE - LED Positionsleuchte f\u00fcr neben dem Scheinwerfer- geeignet f\u00fcr Volvo FH LKW mit Scheinwerfern - Set f\u00fcr links und rechts\" \/>\n<meta property=\"og:url\" content=\"https:\/\/www.alldayled.com\/de\/produkt\/mtrs-type-5-toplamp-oranje\/\" \/>\n<meta property=\"og:site_name\" content=\"All Day Led\" \/>\n<meta property=\"article:publisher\" content=\"https:\/\/www.facebook.com\/alldayled\/\" \/>\n<meta property=\"og:image\" content=\"https:\/\/www.alldayled.com\/wp-content\/uploads\/2020\/07\/ADL00770-.O-1.png\" \/>\n<meta name=\"twitter:label1\" content=\"Preis\" \/>\n\t<meta name=\"twitter:data1\" content=\"&euro;&nbsp;29,95\" \/>\n\t<meta name=\"twitter:label2\" content=\"Verf\u00fcgbarkeit\" \/>\n\t<meta name=\"twitter:data2\" content=\"Auf Lager\" \/>\n<script type=\"application\/ld+json\" class=\"yoast-schema-graph\">{\"@context\":\"https:\/\/schema.org\",\"@graph\":[{\"@type\":\"WebPage\",\"@id\":\"https:\/\/www.alldayled.com\/de\/produkt\/mtrs-type-5-toplamp-oranje\/\",\"url\":\"https:\/\/www.alldayled.com\/de\/produkt\/mtrs-type-5-toplamp-oranje\/\",\"name\":\"MTRS type 5 Topleuchte ORANGE - All Day Led - geeignet f\u00fcr Volvo FH LKW\",\"isPartOf\":{\"@id\":\"https:\/\/www.alldayled.com\/de\/#website\"},\"primaryImageOfPage\":{\"@id\":\"https:\/\/www.alldayled.com\/de\/produkt\/mtrs-type-5-toplamp-oranje\/#primaryimage\"},\"image\":{\"@id\":\"https:\/\/www.alldayled.com\/de\/produkt\/mtrs-type-5-toplamp-oranje\/#primaryimage\"},\"thumbnailUrl\":\"https:\/\/www.alldayled.com\/wp-content\/uploads\/2020\/07\/ADL00770-.O.png\",\"datePublished\":\"2020-07-26T13:55:53+00:00\",\"description\":\"MTRS type 5 Topleuchte ORANGE - LED Positionsleuchte f\u00fcr neben dem Scheinwerfer- geeignet f\u00fcr Volvo FH LKW mit Scheinwerfern - Set f\u00fcr links und rechts\",\"breadcrumb\":{\"@id\":\"https:\/\/www.alldayled.com\/de\/produkt\/mtrs-type-5-toplamp-oranje\/#breadcrumb\"},\"inLanguage\":\"de\",\"potentialAction\":[{\"@type\":\"ReadAction\",\"target\":[\"https:\/\/www.alldayled.com\/de\/produkt\/mtrs-type-5-toplamp-oranje\/\"]}]},{\"@type\":\"ImageObject\",\"inLanguage\":\"de\",\"@id\":\"https:\/\/www.alldayled.com\/de\/produkt\/mtrs-type-5-toplamp-oranje\/#primaryimage\",\"url\":\"https:\/\/www.alldayled.com\/wp-content\/uploads\/2020\/07\/ADL00770-.O.png\",\"contentUrl\":\"https:\/\/www.alldayled.com\/wp-content\/uploads\/2020\/07\/ADL00770-.O.png\",\"width\":800,\"height\":600,\"caption\":\"MTRS type 5 Topleuchte ORANGE - Leuchte f\u00fcr Volvo LKW mit integriertem Scheinwerfer in den Dach-Lampen\u00f6ffnungen - Set aus zwei St\u00fcck - Matronics Nummer 240770-AM - EAN:\"},{\"@type\":\"BreadcrumbList\",\"@id\":\"https:\/\/www.alldayled.com\/de\/produkt\/mtrs-type-5-toplamp-oranje\/#breadcrumb\",\"itemListElement\":[{\"@type\":\"ListItem\",\"position\":1,\"name\":\"Home\",\"item\":\"https:\/\/www.alldayled.com\/de\/\"},{\"@type\":\"ListItem\",\"position\":2,\"name\":\"Shop\",\"item\":\"https:\/\/www.alldayled.com\/de\/shop\/\"},{\"@type\":\"ListItem\",\"position\":3,\"name\":\"Andere\",\"item\":\"https:\/\/www.alldayled.com\/de\/produkt-kategorie\/andere-produkte\/\"},{\"@type\":\"ListItem\",\"position\":4,\"name\":\"Top leuchten\",\"item\":\"https:\/\/www.alldayled.com\/de\/produkt-kategorie\/andere-produkte\/toplichten\/\"},{\"@type\":\"ListItem\",\"position\":5,\"name\":\"MTRS type 5 Topleuchte orange\"}]},{\"@type\":\"WebSite\",\"@id\":\"https:\/\/www.alldayled.com\/de\/#website\",\"url\":\"https:\/\/www.alldayled.com\/de\/\",\"name\":\"All Day Led\",\"description\":\"Verlichting voor 12&amp;24 volt gebruik\",\"publisher\":{\"@id\":\"https:\/\/www.alldayled.com\/de\/#organization\"},\"potentialAction\":[{\"@type\":\"SearchAction\",\"target\":{\"@type\":\"EntryPoint\",\"urlTemplate\":\"https:\/\/www.alldayled.com\/de\/?s={search_term_string}\"},\"query-input\":{\"@type\":\"PropertyValueSpecification\",\"valueRequired\":true,\"valueName\":\"search_term_string\"}}],\"inLanguage\":\"de\"},{\"@type\":\"Organization\",\"@id\":\"https:\/\/www.alldayled.com\/de\/#organization\",\"name\":\"All Day Led\",\"url\":\"https:\/\/www.alldayled.com\/de\/\",\"logo\":{\"@type\":\"ImageObject\",\"inLanguage\":\"de\",\"@id\":\"https:\/\/www.alldayled.com\/de\/#\/schema\/logo\/image\/\",\"url\":\"https:\/\/www.alldayled.com\/wp-content\/uploads\/2025\/10\/Logo-ALL-DAY-LED-800x800-zwart-witte-letters.png\",\"contentUrl\":\"https:\/\/www.alldayled.com\/wp-content\/uploads\/2025\/10\/Logo-ALL-DAY-LED-800x800-zwart-witte-letters.png\",\"width\":800,\"height\":800,\"caption\":\"All Day Led\"},\"image\":{\"@id\":\"https:\/\/www.alldayled.com\/de\/#\/schema\/logo\/image\/\"},\"sameAs\":[\"https:\/\/www.facebook.com\/alldayled\/\",\"https:\/\/www.instagram.com\/alldayled\/\"],\"vatID\":\"NL863960133B01\",\"taxID\":\"86416545\"}]}<\/script>\n<meta property=\"product:brand\" content=\"MTRS\" \/>\n<meta property=\"product:price:amount\" content=\"29.95\" \/>\n<meta property=\"product:price:currency\" content=\"EUR\" \/>\n<meta property=\"og:availability\" content=\"instock\" \/>\n<meta property=\"product:availability\" content=\"instock\" \/>\n<meta property=\"product:retailer_item_id\" content=\"ADL00770-O\" \/>\n<meta property=\"product:condition\" content=\"new\" \/>\n<!-- \/ Yoast SEO Premium plugin. -->","yoast_head_json":{"title":"MTRS type 5 Topleuchte ORANGE - All Day Led - geeignet f\u00fcr Volvo FH LKW","description":"MTRS type 5 Topleuchte ORANGE - LED Positionsleuchte f\u00fcr neben dem Scheinwerfer- geeignet f\u00fcr Volvo FH LKW mit Scheinwerfern - Set f\u00fcr links und rechts","robots":{"index":"index","follow":"follow","max-snippet":"max-snippet:-1","max-image-preview":"max-image-preview:large","max-video-preview":"max-video-preview:-1"},"canonical":"https:\/\/www.alldayled.com\/de\/produkt\/mtrs-type-5-toplamp-oranje\/","og_locale":"de_DE","og_type":"article","og_title":"MTRS type 5 Topleuchte ORANGE - All Day Led - geeignet f\u00fcr Volvo FH LKW","og_description":"MTRS type 5 Topleuchte ORANGE - LED Positionsleuchte f\u00fcr neben dem Scheinwerfer- geeignet f\u00fcr Volvo FH LKW mit Scheinwerfern - Set f\u00fcr links und rechts","og_url":"https:\/\/www.alldayled.com\/de\/produkt\/mtrs-type-5-toplamp-oranje\/","og_site_name":"All Day Led","article_publisher":"https:\/\/www.facebook.com\/alldayled\/","og_image":[{"url":"https:\/\/www.alldayled.com\/wp-content\/uploads\/2020\/07\/ADL00770-.O-1.png","type":"","width":"","height":""}],"twitter_misc":{"Preis":"&euro;&nbsp;29,95","Verf\u00fcgbarkeit":"Auf Lager"},"schema":{"@context":"https:\/\/schema.org","@graph":[{"@type":"WebPage","@id":"https:\/\/www.alldayled.com\/de\/produkt\/mtrs-type-5-toplamp-oranje\/","url":"https:\/\/www.alldayled.com\/de\/produkt\/mtrs-type-5-toplamp-oranje\/","name":"MTRS type 5 Topleuchte ORANGE - All Day Led - geeignet f\u00fcr Volvo FH LKW","isPartOf":{"@id":"https:\/\/www.alldayled.com\/de\/#website"},"primaryImageOfPage":{"@id":"https:\/\/www.alldayled.com\/de\/produkt\/mtrs-type-5-toplamp-oranje\/#primaryimage"},"image":{"@id":"https:\/\/www.alldayled.com\/de\/produkt\/mtrs-type-5-toplamp-oranje\/#primaryimage"},"thumbnailUrl":"https:\/\/www.alldayled.com\/wp-content\/uploads\/2020\/07\/ADL00770-.O.png","datePublished":"2020-07-26T13:55:53+00:00","description":"MTRS type 5 Topleuchte ORANGE - LED Positionsleuchte f\u00fcr neben dem Scheinwerfer- geeignet f\u00fcr Volvo FH LKW mit Scheinwerfern - Set f\u00fcr links und rechts","breadcrumb":{"@id":"https:\/\/www.alldayled.com\/de\/produkt\/mtrs-type-5-toplamp-oranje\/#breadcrumb"},"inLanguage":"de","potentialAction":[{"@type":"ReadAction","target":["https:\/\/www.alldayled.com\/de\/produkt\/mtrs-type-5-toplamp-oranje\/"]}]},{"@type":"ImageObject","inLanguage":"de","@id":"https:\/\/www.alldayled.com\/de\/produkt\/mtrs-type-5-toplamp-oranje\/#primaryimage","url":"https:\/\/www.alldayled.com\/wp-content\/uploads\/2020\/07\/ADL00770-.O.png","contentUrl":"https:\/\/www.alldayled.com\/wp-content\/uploads\/2020\/07\/ADL00770-.O.png","width":800,"height":600,"caption":"MTRS type 5 Topleuchte ORANGE - Leuchte f\u00fcr Volvo LKW mit integriertem Scheinwerfer in den Dach-Lampen\u00f6ffnungen - Set aus zwei St\u00fcck - Matronics Nummer 240770-AM - EAN:"},{"@type":"BreadcrumbList","@id":"https:\/\/www.alldayled.com\/de\/produkt\/mtrs-type-5-toplamp-oranje\/#breadcrumb","itemListElement":[{"@type":"ListItem","position":1,"name":"Home","item":"https:\/\/www.alldayled.com\/de\/"},{"@type":"ListItem","position":2,"name":"Shop","item":"https:\/\/www.alldayled.com\/de\/shop\/"},{"@type":"ListItem","position":3,"name":"Andere","item":"https:\/\/www.alldayled.com\/de\/produkt-kategorie\/andere-produkte\/"},{"@type":"ListItem","position":4,"name":"Top leuchten","item":"https:\/\/www.alldayled.com\/de\/produkt-kategorie\/andere-produkte\/toplichten\/"},{"@type":"ListItem","position":5,"name":"MTRS type 5 Topleuchte orange"}]},{"@type":"WebSite","@id":"https:\/\/www.alldayled.com\/de\/#website","url":"https:\/\/www.alldayled.com\/de\/","name":"All Day Led","description":"Verlichting voor 12&amp;24 volt gebruik","publisher":{"@id":"https:\/\/www.alldayled.com\/de\/#organization"},"potentialAction":[{"@type":"SearchAction","target":{"@type":"EntryPoint","urlTemplate":"https:\/\/www.alldayled.com\/de\/?s={search_term_string}"},"query-input":{"@type":"PropertyValueSpecification","valueRequired":true,"valueName":"search_term_string"}}],"inLanguage":"de"},{"@type":"Organization","@id":"https:\/\/www.alldayled.com\/de\/#organization","name":"All Day Led","url":"https:\/\/www.alldayled.com\/de\/","logo":{"@type":"ImageObject","inLanguage":"de","@id":"https:\/\/www.alldayled.com\/de\/#\/schema\/logo\/image\/","url":"https:\/\/www.alldayled.com\/wp-content\/uploads\/2025\/10\/Logo-ALL-DAY-LED-800x800-zwart-witte-letters.png","contentUrl":"https:\/\/www.alldayled.com\/wp-content\/uploads\/2025\/10\/Logo-ALL-DAY-LED-800x800-zwart-witte-letters.png","width":800,"height":800,"caption":"All Day Led"},"image":{"@id":"https:\/\/www.alldayled.com\/de\/#\/schema\/logo\/image\/"},"sameAs":["https:\/\/www.facebook.com\/alldayled\/","https:\/\/www.instagram.com\/alldayled\/"],"vatID":"NL863960133B01","taxID":"86416545"}]},"product_brand":"MTRS","product_price_amount":"29.95","product_price_currency":"EUR","og_availability":"instock","product_availability":"instock","product_retailer_item_id":"ADL00770-O","product_condition":"new"},"_links":{"self":[{"href":"https:\/\/www.alldayled.com\/de\/wp-json\/wp\/v2\/product\/67425","targetHints":{"allow":["GET"]}}],"collection":[{"href":"https:\/\/www.alldayled.com\/de\/wp-json\/wp\/v2\/product"}],"about":[{"href":"https:\/\/www.alldayled.com\/de\/wp-json\/wp\/v2\/types\/product"}],"replies":[{"embeddable":true,"href":"https:\/\/www.alldayled.com\/de\/wp-json\/wp\/v2\/comments?post=67425"}],"wp:featuredmedia":[{"embeddable":true,"href":"https:\/\/www.alldayled.com\/de\/wp-json\/wp\/v2\/media\/16272"}],"wp:attachment":[{"href":"https:\/\/www.alldayled.com\/de\/wp-json\/wp\/v2\/media?parent=67425"}],"wp:term":[{"taxonomy":"product_brand","embeddable":true,"href":"https:\/\/www.alldayled.com\/de\/wp-json\/wp\/v2\/product_brand?post=67425"},{"taxonomy":"product_cat","embeddable":true,"href":"https:\/\/www.alldayled.com\/de\/wp-json\/wp\/v2\/product_cat?post=67425"},{"taxonomy":"product_tag","embeddable":true,"href":"https:\/\/www.alldayled.com\/de\/wp-json\/wp\/v2\/product_tag?post=67425"}],"curies":[{"name":"wp","href":"https:\/\/api.w.org\/{rel}","templated":true}]}}