{"id":67427,"date":"2020-07-26T16:00:58","date_gmt":"2020-07-26T14:00:58","guid":{"rendered":"https:\/\/www.alldayled.com\/product\/volvo-led-toplamp-type-2-oranje\/"},"modified":"2020-07-26T16:00:58","modified_gmt":"2020-07-26T14:00:58","slug":"volvo-led-toplamp-type-2-oranje","status":"publish","type":"product","link":"https:\/\/www.alldayled.com\/de\/produkt\/volvo-led-toplamp-type-2-oranje\/","title":{"rendered":"Volvo LED Topleuchte type 2 &#8211; orange"},"content":{"rendered":"<p><span style=\"color: #000000;\"><strong>Volvo LED Topleuchte type 2 &#8211; orange (Modell mit Lichtkasten). <\/strong><\/span><\/p>\n<p><span style=\"color: #000000;\">Bist du auf der Suche nach einer Volvo LED Topleuchte type 2, um sie an der Kabine deines LKWs zu montieren? Dann ist dies vielleicht die Lampe f\u00fcr dich. Die Lampe ist mit 2 hellen LED&#8217;s ausgestattet, die orange leuchten. Dadurch leuchtet die Lampe im originalen Lichtkasten sch\u00f6n in derselben Farbe auf. Bitte beachte: Dieses Typ 2 Toplicht passt nur in einen Volvo mit eingebautem Lichtkasten und ist nicht f\u00fcr andere LKWs geeignet.    <\/span><\/p>\n<p><span style=\"color: #000000;\">Um sicherzustellen, dass diese orange Volvo LED Topleuchte type 2 auf deinen Truck oder Trailer passt, haben wir die wichtigsten Spezifikationen unten aufgelistet. Die Lampe hat das ECE R10 Pr\u00fcfzeichen, was bedeutet, dass sie keine St\u00f6rungen, zum Beispiel deines Radiosignals, verursacht. Zudem wird die Topleuchte mit einem originalen Anschlussstecker geliefert, sodass du sie schnell und einfach anschlie\u00dfen kannst. So w\u00e4hlst du eine zuverl\u00e4ssige, sichere und benutzerfreundliche LED Topleuchte f\u00fcr deinen Volvo.   <\/span><\/p>\n<h5><span style=\"color: #000000;\">Weitere Modelle:  <\/span><\/h5>\n<p><span style=\"color: #000000;\">Bist du auf der Suche nach einer Topleuchte oder Markierungsleuchte f\u00fcr deinen Volvo LKW, aber Typ 2 f\u00fcr den Lichtkasten ist nicht das, was du suchst? Dann wisse, dass wir auch noch diverse andere Arten von Lampen f\u00fcr den Volvo in unserem Sortiment haben. Alle Ausf\u00fchrungen k\u00f6nnen f\u00fcr den Volvo FM, FH4, FH4B, FH5 und Volvo FH16 Globetrotter verwendet werden.   <\/span><\/p>\n<ul>\n<li><span style=\"color: #000000;\"><a style=\"color: #000000;\" href=\"https:\/\/www.alldayled.com\/product\/volvo-led-toplamp-type-5-oranje\/\"><strong>Volvo Toplicht Typ 5 &#8211; orange <\/strong><\/a><\/span><\/li>\n<li><span style=\"color: #000000;\"><a style=\"color: #000000;\" href=\"https:\/\/www.alldayled.com\/product\/volvo-led-toplamp-type-5-warm-wit\/\"><strong>Volvo Topleuchte Typ 5 &#8211; warm wei\u00df<\/strong><\/a><\/span><\/li>\n<li><span style=\"color: #000000;\"><a style=\"color: #000000;\" href=\"https:\/\/www.alldayled.com\/product\/volvo-led-toplamp-type-5-oranje-wit\/\"><strong>Volvo Topleuchte Typ 5 orange\/wei\u00df<\/strong><\/a><\/span><\/li>\n<\/ul>\n<p><span style=\"color: #000000;\">Bist du dennoch der Meinung, dass die Volvo LED Topleuchte type 2 in der Farbe Orange nicht das ist, was du suchst? Einfach weil das Modell oder die Farbe nicht deinen W\u00fcnschen entspricht? Wirf dann auch einen Blick auf unsere Seite <a style=\"color: #000000;\" href=\"https:\/\/www.alldayled.com\/de\/produkt-kategorie\/beleuchtungswagen\/\">LKW-Beleuchtung<\/a>. Vielleicht findest du hier das Lampenmodell, wonach du suchst.    <\/span><\/p>\n","protected":false},"excerpt":{"rendered":"<p>Diese Volvo LED Topleuchte type 2 ist geeignet f\u00fcr die Montage an der Kabine.<\/p>\n","protected":false},"featured_media":16380,"comment_status":"open","ping_status":"closed","template":"","meta":{"_acf_changed":false},"product_brand":[6501],"product_cat":[5346,5413],"product_tag":[9535,9536],"class_list":{"0":"post-67427","1":"product","2":"type-product","3":"status-publish","4":"has-post-thumbnail","6":"product_brand-mtrs","7":"product_cat-toplichten","8":"product_cat-volvo-beleuchtung","9":"product_tag-volvo-fh16","10":"product_tag-volvo-fh4","12":"first","13":"instock","14":"taxable","15":"shipping-taxable","16":"purchasable","17":"product-type-simple"},"acf":[],"yoast_head":"<!-- This site is optimized with the Yoast SEO Premium plugin v26.5 (Yoast SEO v27.1.1) - https:\/\/yoast.com\/product\/yoast-seo-premium-wordpress\/ -->\n<title>Volvo Topleuchte type 2 - ORANGE - All Day Led - f\u00fcr 24 Volt<\/title>\n<meta name=\"description\" content=\"Volvo LED Topleuchte type 2 - ORANGE - Volvo FH4, FH5, FH16, FM - helle orange LED&#039;s - originaler Anschluss - Volvo Topleuchten-Lichtkasten\" \/>\n<meta name=\"robots\" content=\"index, follow, max-snippet:-1, max-image-preview:large, max-video-preview:-1\" \/>\n<link rel=\"canonical\" href=\"https:\/\/www.alldayled.com\/de\/produkt\/volvo-led-toplamp-type-2-oranje\/\" \/>\n<meta property=\"og:locale\" content=\"de_DE\" \/>\n<meta property=\"og:type\" content=\"article\" \/>\n<meta property=\"og:title\" content=\"Volvo Topleuchte type 2 - ORANGE - All Day Led - f\u00fcr 24 Volt Betrieb\" \/>\n<meta property=\"og:description\" content=\"Volvo LED Topleuchte type 2 - ORANGE - Volvo FH4, FH5, FH16, FM - helle orange LED&#039;s - originaler Anschluss - Volvo Topleuchten-Lichtkasten\" \/>\n<meta property=\"og:url\" content=\"https:\/\/www.alldayled.com\/de\/produkt\/volvo-led-toplamp-type-2-oranje\/\" \/>\n<meta property=\"og:site_name\" content=\"All Day Led\" \/>\n<meta property=\"article:publisher\" content=\"https:\/\/www.facebook.com\/alldayled\/\" \/>\n<meta property=\"og:image\" content=\"https:\/\/www.alldayled.com\/wp-content\/uploads\/2020\/07\/ADL02493-2.png\" \/>\n<meta name=\"twitter:label1\" content=\"Preis\" \/>\n\t<meta name=\"twitter:data1\" content=\"&euro;&nbsp;60,00\" \/>\n\t<meta name=\"twitter:label2\" content=\"Verf\u00fcgbarkeit\" \/>\n\t<meta name=\"twitter:data2\" content=\"Auf Lager\" \/>\n<script type=\"application\/ld+json\" class=\"yoast-schema-graph\">{\"@context\":\"https:\/\/schema.org\",\"@graph\":[{\"@type\":\"WebPage\",\"@id\":\"https:\/\/www.alldayled.com\/de\/produkt\/volvo-led-toplamp-type-2-oranje\/\",\"url\":\"https:\/\/www.alldayled.com\/de\/produkt\/volvo-led-toplamp-type-2-oranje\/\",\"name\":\"Volvo Topleuchte type 2 - ORANGE - All Day Led - f\u00fcr 24 Volt\",\"isPartOf\":{\"@id\":\"https:\/\/www.alldayled.com\/de\/#website\"},\"primaryImageOfPage\":{\"@id\":\"https:\/\/www.alldayled.com\/de\/produkt\/volvo-led-toplamp-type-2-oranje\/#primaryimage\"},\"image\":{\"@id\":\"https:\/\/www.alldayled.com\/de\/produkt\/volvo-led-toplamp-type-2-oranje\/#primaryimage\"},\"thumbnailUrl\":\"https:\/\/www.alldayled.com\/wp-content\/uploads\/2020\/07\/ADL02493.png\",\"datePublished\":\"2020-07-26T14:00:58+00:00\",\"description\":\"Volvo LED Topleuchte type 2 - ORANGE - Volvo FH4, FH5, FH16, FM - helle orange LED's - originaler Anschluss - Volvo Topleuchten-Lichtkasten\",\"breadcrumb\":{\"@id\":\"https:\/\/www.alldayled.com\/de\/produkt\/volvo-led-toplamp-type-2-oranje\/#breadcrumb\"},\"inLanguage\":\"de\",\"potentialAction\":[{\"@type\":\"ReadAction\",\"target\":[\"https:\/\/www.alldayled.com\/de\/produkt\/volvo-led-toplamp-type-2-oranje\/\"]}]},{\"@type\":\"ImageObject\",\"inLanguage\":\"de\",\"@id\":\"https:\/\/www.alldayled.com\/de\/produkt\/volvo-led-toplamp-type-2-oranje\/#primaryimage\",\"url\":\"https:\/\/www.alldayled.com\/wp-content\/uploads\/2020\/07\/ADL02493.png\",\"contentUrl\":\"https:\/\/www.alldayled.com\/wp-content\/uploads\/2020\/07\/ADL02493.png\",\"width\":800,\"height\":600,\"caption\":\"Volvo LED Topleuchte type 2 - geeignet f\u00fcr Lichtkastenmontage - Volvo FM, FH4, FH4B, FH5 und Volvo FH16 Globetrotter - 24 Volt LED Beleuchtung\"},{\"@type\":\"BreadcrumbList\",\"@id\":\"https:\/\/www.alldayled.com\/de\/produkt\/volvo-led-toplamp-type-2-oranje\/#breadcrumb\",\"itemListElement\":[{\"@type\":\"ListItem\",\"position\":1,\"name\":\"Home\",\"item\":\"https:\/\/www.alldayled.com\/de\/\"},{\"@type\":\"ListItem\",\"position\":2,\"name\":\"Shop\",\"item\":\"https:\/\/www.alldayled.com\/de\/shop\/\"},{\"@type\":\"ListItem\",\"position\":3,\"name\":\"Andere\",\"item\":\"https:\/\/www.alldayled.com\/de\/produkt-kategorie\/andere-produkte\/\"},{\"@type\":\"ListItem\",\"position\":4,\"name\":\"Top leuchten\",\"item\":\"https:\/\/www.alldayled.com\/de\/produkt-kategorie\/andere-produkte\/toplichten\/\"},{\"@type\":\"ListItem\",\"position\":5,\"name\":\"Volvo LED Topleuchte type 2 &#8211; orange\"}]},{\"@type\":\"WebSite\",\"@id\":\"https:\/\/www.alldayled.com\/de\/#website\",\"url\":\"https:\/\/www.alldayled.com\/de\/\",\"name\":\"All Day Led\",\"description\":\"Verlichting voor 12&amp;24 volt gebruik\",\"publisher\":{\"@id\":\"https:\/\/www.alldayled.com\/de\/#organization\"},\"potentialAction\":[{\"@type\":\"SearchAction\",\"target\":{\"@type\":\"EntryPoint\",\"urlTemplate\":\"https:\/\/www.alldayled.com\/de\/?s={search_term_string}\"},\"query-input\":{\"@type\":\"PropertyValueSpecification\",\"valueRequired\":true,\"valueName\":\"search_term_string\"}}],\"inLanguage\":\"de\"},{\"@type\":\"Organization\",\"@id\":\"https:\/\/www.alldayled.com\/de\/#organization\",\"name\":\"All Day Led\",\"url\":\"https:\/\/www.alldayled.com\/de\/\",\"logo\":{\"@type\":\"ImageObject\",\"inLanguage\":\"de\",\"@id\":\"https:\/\/www.alldayled.com\/de\/#\/schema\/logo\/image\/\",\"url\":\"https:\/\/www.alldayled.com\/wp-content\/uploads\/2025\/10\/Logo-ALL-DAY-LED-800x800-zwart-witte-letters.png\",\"contentUrl\":\"https:\/\/www.alldayled.com\/wp-content\/uploads\/2025\/10\/Logo-ALL-DAY-LED-800x800-zwart-witte-letters.png\",\"width\":800,\"height\":800,\"caption\":\"All Day Led\"},\"image\":{\"@id\":\"https:\/\/www.alldayled.com\/de\/#\/schema\/logo\/image\/\"},\"sameAs\":[\"https:\/\/www.facebook.com\/alldayled\/\",\"https:\/\/www.instagram.com\/alldayled\/\"],\"vatID\":\"NL863960133B01\",\"taxID\":\"86416545\"}]}<\/script>\n<meta property=\"product:brand\" content=\"Volvo\" \/>\n<meta property=\"product:price:amount\" content=\"60.00\" \/>\n<meta property=\"product:price:currency\" content=\"EUR\" \/>\n<meta property=\"og:availability\" content=\"instock\" \/>\n<meta property=\"product:availability\" content=\"instock\" \/>\n<meta property=\"product:retailer_item_id\" content=\"ADL02493\" \/>\n<meta property=\"product:condition\" content=\"new\" \/>\n<!-- \/ Yoast SEO Premium plugin. -->","yoast_head_json":{"title":"Volvo Topleuchte type 2 - ORANGE - All Day Led - f\u00fcr 24 Volt","description":"Volvo LED Topleuchte type 2 - ORANGE - Volvo FH4, FH5, FH16, FM - helle orange LED's - originaler Anschluss - Volvo Topleuchten-Lichtkasten","robots":{"index":"index","follow":"follow","max-snippet":"max-snippet:-1","max-image-preview":"max-image-preview:large","max-video-preview":"max-video-preview:-1"},"canonical":"https:\/\/www.alldayled.com\/de\/produkt\/volvo-led-toplamp-type-2-oranje\/","og_locale":"de_DE","og_type":"article","og_title":"Volvo Topleuchte type 2 - ORANGE - All Day Led - f\u00fcr 24 Volt Betrieb","og_description":"Volvo LED Topleuchte type 2 - ORANGE - Volvo FH4, FH5, FH16, FM - helle orange LED's - originaler Anschluss - Volvo Topleuchten-Lichtkasten","og_url":"https:\/\/www.alldayled.com\/de\/produkt\/volvo-led-toplamp-type-2-oranje\/","og_site_name":"All Day Led","article_publisher":"https:\/\/www.facebook.com\/alldayled\/","og_image":[{"url":"https:\/\/www.alldayled.com\/wp-content\/uploads\/2020\/07\/ADL02493-2.png","type":"","width":"","height":""}],"twitter_misc":{"Preis":"&euro;&nbsp;60,00","Verf\u00fcgbarkeit":"Auf Lager"},"schema":{"@context":"https:\/\/schema.org","@graph":[{"@type":"WebPage","@id":"https:\/\/www.alldayled.com\/de\/produkt\/volvo-led-toplamp-type-2-oranje\/","url":"https:\/\/www.alldayled.com\/de\/produkt\/volvo-led-toplamp-type-2-oranje\/","name":"Volvo Topleuchte type 2 - ORANGE - All Day Led - f\u00fcr 24 Volt","isPartOf":{"@id":"https:\/\/www.alldayled.com\/de\/#website"},"primaryImageOfPage":{"@id":"https:\/\/www.alldayled.com\/de\/produkt\/volvo-led-toplamp-type-2-oranje\/#primaryimage"},"image":{"@id":"https:\/\/www.alldayled.com\/de\/produkt\/volvo-led-toplamp-type-2-oranje\/#primaryimage"},"thumbnailUrl":"https:\/\/www.alldayled.com\/wp-content\/uploads\/2020\/07\/ADL02493.png","datePublished":"2020-07-26T14:00:58+00:00","description":"Volvo LED Topleuchte type 2 - ORANGE - Volvo FH4, FH5, FH16, FM - helle orange LED's - originaler Anschluss - Volvo Topleuchten-Lichtkasten","breadcrumb":{"@id":"https:\/\/www.alldayled.com\/de\/produkt\/volvo-led-toplamp-type-2-oranje\/#breadcrumb"},"inLanguage":"de","potentialAction":[{"@type":"ReadAction","target":["https:\/\/www.alldayled.com\/de\/produkt\/volvo-led-toplamp-type-2-oranje\/"]}]},{"@type":"ImageObject","inLanguage":"de","@id":"https:\/\/www.alldayled.com\/de\/produkt\/volvo-led-toplamp-type-2-oranje\/#primaryimage","url":"https:\/\/www.alldayled.com\/wp-content\/uploads\/2020\/07\/ADL02493.png","contentUrl":"https:\/\/www.alldayled.com\/wp-content\/uploads\/2020\/07\/ADL02493.png","width":800,"height":600,"caption":"Volvo LED Topleuchte type 2 - geeignet f\u00fcr Lichtkastenmontage - Volvo FM, FH4, FH4B, FH5 und Volvo FH16 Globetrotter - 24 Volt LED Beleuchtung"},{"@type":"BreadcrumbList","@id":"https:\/\/www.alldayled.com\/de\/produkt\/volvo-led-toplamp-type-2-oranje\/#breadcrumb","itemListElement":[{"@type":"ListItem","position":1,"name":"Home","item":"https:\/\/www.alldayled.com\/de\/"},{"@type":"ListItem","position":2,"name":"Shop","item":"https:\/\/www.alldayled.com\/de\/shop\/"},{"@type":"ListItem","position":3,"name":"Andere","item":"https:\/\/www.alldayled.com\/de\/produkt-kategorie\/andere-produkte\/"},{"@type":"ListItem","position":4,"name":"Top leuchten","item":"https:\/\/www.alldayled.com\/de\/produkt-kategorie\/andere-produkte\/toplichten\/"},{"@type":"ListItem","position":5,"name":"Volvo LED Topleuchte type 2 &#8211; orange"}]},{"@type":"WebSite","@id":"https:\/\/www.alldayled.com\/de\/#website","url":"https:\/\/www.alldayled.com\/de\/","name":"All Day Led","description":"Verlichting voor 12&amp;24 volt gebruik","publisher":{"@id":"https:\/\/www.alldayled.com\/de\/#organization"},"potentialAction":[{"@type":"SearchAction","target":{"@type":"EntryPoint","urlTemplate":"https:\/\/www.alldayled.com\/de\/?s={search_term_string}"},"query-input":{"@type":"PropertyValueSpecification","valueRequired":true,"valueName":"search_term_string"}}],"inLanguage":"de"},{"@type":"Organization","@id":"https:\/\/www.alldayled.com\/de\/#organization","name":"All Day Led","url":"https:\/\/www.alldayled.com\/de\/","logo":{"@type":"ImageObject","inLanguage":"de","@id":"https:\/\/www.alldayled.com\/de\/#\/schema\/logo\/image\/","url":"https:\/\/www.alldayled.com\/wp-content\/uploads\/2025\/10\/Logo-ALL-DAY-LED-800x800-zwart-witte-letters.png","contentUrl":"https:\/\/www.alldayled.com\/wp-content\/uploads\/2025\/10\/Logo-ALL-DAY-LED-800x800-zwart-witte-letters.png","width":800,"height":800,"caption":"All Day Led"},"image":{"@id":"https:\/\/www.alldayled.com\/de\/#\/schema\/logo\/image\/"},"sameAs":["https:\/\/www.facebook.com\/alldayled\/","https:\/\/www.instagram.com\/alldayled\/"],"vatID":"NL863960133B01","taxID":"86416545"}]},"product_brand":"Volvo","product_price_amount":"60.00","product_price_currency":"EUR","og_availability":"instock","product_availability":"instock","product_retailer_item_id":"ADL02493","product_condition":"new"},"_links":{"self":[{"href":"https:\/\/www.alldayled.com\/de\/wp-json\/wp\/v2\/product\/67427","targetHints":{"allow":["GET"]}}],"collection":[{"href":"https:\/\/www.alldayled.com\/de\/wp-json\/wp\/v2\/product"}],"about":[{"href":"https:\/\/www.alldayled.com\/de\/wp-json\/wp\/v2\/types\/product"}],"replies":[{"embeddable":true,"href":"https:\/\/www.alldayled.com\/de\/wp-json\/wp\/v2\/comments?post=67427"}],"wp:featuredmedia":[{"embeddable":true,"href":"https:\/\/www.alldayled.com\/de\/wp-json\/wp\/v2\/media\/16380"}],"wp:attachment":[{"href":"https:\/\/www.alldayled.com\/de\/wp-json\/wp\/v2\/media?parent=67427"}],"wp:term":[{"taxonomy":"product_brand","embeddable":true,"href":"https:\/\/www.alldayled.com\/de\/wp-json\/wp\/v2\/product_brand?post=67427"},{"taxonomy":"product_cat","embeddable":true,"href":"https:\/\/www.alldayled.com\/de\/wp-json\/wp\/v2\/product_cat?post=67427"},{"taxonomy":"product_tag","embeddable":true,"href":"https:\/\/www.alldayled.com\/de\/wp-json\/wp\/v2\/product_tag?post=67427"}],"curies":[{"name":"wp","href":"https:\/\/api.w.org\/{rel}","templated":true}]}}