{"id":67428,"date":"2023-04-14T10:13:37","date_gmt":"2023-04-14T08:13:37","guid":{"rendered":"https:\/\/www.alldayled.com\/product\/dubbelbrander-oranje-compleet\/"},"modified":"2026-04-17T16:54:37","modified_gmt":"2026-04-17T14:54:37","slug":"dubbelbrander-oranje-compleet","status":"publish","type":"product","link":"https:\/\/www.alldayled.com\/de\/produkt\/dubbelbrander-oranje-compleet\/","title":{"rendered":"Doppelbrenner orange"},"content":{"rendered":"<p><span style=\"color: #000000;\"><strong>Doppelbrenner mit orangem Glas, f\u00fcr 12 &amp; 24 Volt.<\/strong><\/span><\/p>\n<p><span style=\"color: #000000;\">Suchst du einen guten Doppelbrenner mit orangem Lampenglas? Dann k\u00f6nnte dies genau der Doppelbrenner sein, den du suchst. Die Lampe ist aus hochwertigem Material gefertigt und daf\u00fcr bekannt, dass sie ihre Farbe nicht so schnell verliert. Praktisch! Der Doppelbrenner mit oranger Linse und Gummifu\u00df funktioniert mit 12 und 24 Volt. Dadurch kannst du ihn an einem Auto, Wohnmobil, LKW oder anderen Fahrzeugen verwenden.     <\/span><\/p>\n<p><span style=\"color: #000000;\">Um sicherzugehen, dass dieser Doppelbrenner orange zu deinem Fahrzeug oder Anh\u00e4nger passt, haben wir unten die wichtigsten Punkte f\u00fcr dich zusammengefasst. So wei\u00dft du sofort, ob dies die richtige Wahl f\u00fcr dich ist. Der Doppelbrenner mit doppelter BA15S-Fassung wird ohne Kabel und Leuchtmittel geliefert. Hinweis: M\u00f6chtest du eine Halogenlampe verwenden? W\u00e4hle maximal eine R5W-Lampe, damit das Glas nicht zu hei\u00df wird und sich verformen kann. Entscheidest du dich f\u00fcr eine LED-Lampe? Dann brauchst du dir dar\u00fcber keine Sorgen zu machen.      <\/span><\/p>\n<h5><span style=\"color: #000000;\"><strong>Abmessungen:<\/strong><\/span><\/h5>\n<p><span style=\"color: #000000;\">M\u00f6chtest du sichergehen, dass du den Doppelbrenner an der gew\u00fcnschten Stelle montieren kannst? Dann sind die Abmessungen nat\u00fcrlich wichtig. Deshalb haben wir sie unten f\u00fcr dich notiert. Die Abmessungen des Doppelbrenners mit orangem Lampenglas sind wie folgt:   <\/span><\/p>\n<ul>\n<li><span style=\"color: #000000;\">H\u00f6he: 60 mm<\/span><\/li>\n<li><span style=\"color: #000000;\">Breite: 130 mm<\/span><\/li>\n<li><span style=\"color: #000000;\">Dicke: 40 mm<\/span><\/li>\n<\/ul>\n<h5><span style=\"color: #000000;\"><strong>Andere Farben:<\/strong><\/span><\/h5>\n<p><span style=\"color: #000000;\">Suchst du einen Doppelbrenner, aber orange ist nicht deine Farbe? Keine Sorge! Die zweipolige Lampe ist auch in den folgenden Farben erh\u00e4ltlich:  <\/span><\/p>\n<ul>\n<li><span style=\"color: #000000;\"><a style=\"color: #000000;\" href=\"https:\/\/www.alldayled.com\/de\/produkt\/dubbelbrander-met-led-verlichting-24v\/\" target=\"_blank\" rel=\"noopener\"><strong>Klar mit LED 24V<\/strong><\/a><\/span><\/li>\n<li><span style=\"color: #000000;\"><a style=\"color: #000000;\" href=\"https:\/\/www.alldayled.com\/de\/produkt\/dubbelbrander-helder-rood-compleet\/\" target=\"_blank\" rel=\"noopener\"><strong>Klar\/Rot<\/strong><\/a><\/span><\/li>\n<li><span style=\"color: #000000;\"><strong><a style=\"color: #000000;\" href=\"https:\/\/www.alldayled.com\/de\/produkt\/dubbelbrander-oranje-rood-compleet\/\" target=\"_blank\" rel=\"noopener\">Orange\/Rot<\/a> <\/strong><\/span><\/li>\n<li><span style=\"color: #000000;\"><a style=\"color: #000000;\" href=\"https:\/\/www.alldayled.com\/de\/produkt\/dubbelbrander-helder-compleet\/\"><strong>Klar<\/strong><\/a><\/span><\/li>\n<\/ul>\n<p><span style=\"color: #000000;\">Bist du doch der Meinung, dass der Nedking Doppelbrenner orange nicht das ist, was du suchst? Einfach, weil die Form oder Farbe nicht deinen W\u00fcnschen entspricht? Dann schau dir unbedingt unsere Seite <a style=\"color: #000000;\" href=\"https:\/\/www.alldayled.com\/product-categorie\/overige-producten\/dubbelbranders\/\" target=\"_blank\" rel=\"noopener\">Doppelbrenner<\/a> an. Vielleicht findest du dort das Lampenmodell, nach dem du suchst.   <\/span><\/p>\n","protected":false},"excerpt":{"rendered":"<p>Doppelbrenner mit orangefarbener Linse und zwei BA15S-Fassungen, perfekt f\u00fcr den Grill.<\/p>\n","protected":false},"featured_media":62839,"comment_status":"open","ping_status":"closed","template":"","meta":{"_acf_changed":false},"product_brand":[6505],"product_cat":[5115],"product_tag":[9241,9242,9243],"class_list":{"0":"post-67428","1":"product","2":"type-product","3":"status-publish","4":"has-post-thumbnail","6":"product_brand-product-nedking","7":"product_cat-dubbelbranders","8":"product_tag-doppelbrenner","9":"product_tag-doppelbrenner-anhanger","10":"product_tag-doppelbrenner-lkw","12":"first","13":"instock","14":"taxable","15":"shipping-taxable","16":"purchasable","17":"product-type-simple"},"acf":[],"yoast_head":"<!-- This site is optimized with the Yoast SEO Premium plugin v26.5 (Yoast SEO v27.1.1) - https:\/\/yoast.com\/product\/yoast-seo-premium-wordpress\/ -->\n<title>Doppelbrenner orange - All Day Led - Beleuchtung f\u00fcr 12&amp;24 Volt<\/title>\n<meta name=\"description\" content=\"Doppelbrenner orange Lampenglas - zweipolige BA15S-Lampenfassung - f\u00fcr LKW, Anh\u00e4nger und mehr - geeignet f\u00fcr 12 und 24 Volt\" \/>\n<meta name=\"robots\" content=\"index, follow, max-snippet:-1, max-image-preview:large, max-video-preview:-1\" \/>\n<link rel=\"canonical\" href=\"https:\/\/www.alldayled.com\/de\/produkt\/dubbelbrander-oranje-compleet\/\" \/>\n<meta property=\"og:locale\" content=\"de_DE\" \/>\n<meta property=\"og:type\" content=\"article\" \/>\n<meta property=\"og:title\" content=\"Doppelbrenner orange - All Day Led - Beleuchtung f\u00fcr 12&amp;24 Volt\" \/>\n<meta property=\"og:description\" content=\"Doppelbrenner orange Lampenglas - zweipolige BA15S-Lampenfassung - f\u00fcr LKW, Anh\u00e4nger und mehr - geeignet f\u00fcr 12 und 24 Volt\" \/>\n<meta property=\"og:url\" content=\"https:\/\/www.alldayled.com\/de\/produkt\/dubbelbrander-oranje-compleet\/\" \/>\n<meta property=\"og:site_name\" content=\"All Day Led\" \/>\n<meta property=\"article:publisher\" content=\"https:\/\/www.facebook.com\/alldayled\/\" \/>\n<meta property=\"article:modified_time\" content=\"2026-04-17T14:54:37+00:00\" \/>\n<meta property=\"og:image\" content=\"https:\/\/www.alldayled.com\/wp-content\/uploads\/2023\/04\/ADL50274-SM-3-300x300.png\" \/>\n<meta name=\"twitter:label1\" content=\"Preis\" \/>\n\t<meta name=\"twitter:data1\" content=\"&euro;&nbsp;12,95\" \/>\n\t<meta name=\"twitter:label2\" content=\"Verf\u00fcgbarkeit\" \/>\n\t<meta name=\"twitter:data2\" content=\"Auf Lager\" \/>\n<script type=\"application\/ld+json\" class=\"yoast-schema-graph\">{\"@context\":\"https:\/\/schema.org\",\"@graph\":[{\"@type\":\"WebPage\",\"@id\":\"https:\/\/www.alldayled.com\/de\/produkt\/dubbelbrander-oranje-compleet\/\",\"url\":\"https:\/\/www.alldayled.com\/de\/produkt\/dubbelbrander-oranje-compleet\/\",\"name\":\"Doppelbrenner orange - All Day Led - Beleuchtung f\u00fcr 12&24 Volt\",\"isPartOf\":{\"@id\":\"https:\/\/www.alldayled.com\/de\/#website\"},\"primaryImageOfPage\":{\"@id\":\"https:\/\/www.alldayled.com\/de\/produkt\/dubbelbrander-oranje-compleet\/#primaryimage\"},\"image\":{\"@id\":\"https:\/\/www.alldayled.com\/de\/produkt\/dubbelbrander-oranje-compleet\/#primaryimage\"},\"thumbnailUrl\":\"https:\/\/www.alldayled.com\/wp-content\/uploads\/2020\/03\/ADL50274..png\",\"datePublished\":\"2023-04-14T08:13:37+00:00\",\"dateModified\":\"2026-04-17T14:54:37+00:00\",\"description\":\"Doppelbrenner orange Lampenglas - zweipolige BA15S-Lampenfassung - f\u00fcr LKW, Anh\u00e4nger und mehr - geeignet f\u00fcr 12 und 24 Volt\",\"breadcrumb\":{\"@id\":\"https:\/\/www.alldayled.com\/de\/produkt\/dubbelbrander-oranje-compleet\/#breadcrumb\"},\"inLanguage\":\"de\",\"potentialAction\":[{\"@type\":\"ReadAction\",\"target\":[\"https:\/\/www.alldayled.com\/de\/produkt\/dubbelbrander-oranje-compleet\/\"]}]},{\"@type\":\"ImageObject\",\"inLanguage\":\"de\",\"@id\":\"https:\/\/www.alldayled.com\/de\/produkt\/dubbelbrander-oranje-compleet\/#primaryimage\",\"url\":\"https:\/\/www.alldayled.com\/wp-content\/uploads\/2020\/03\/ADL50274..png\",\"contentUrl\":\"https:\/\/www.alldayled.com\/wp-content\/uploads\/2020\/03\/ADL50274..png\",\"width\":800,\"height\":600,\"caption\":\"Doppelbrenner mit orangem Lampenglas - zweipolig f\u00fcr 12- und 24-Volt-Betrieb - EAN: 6090441519531\"},{\"@type\":\"BreadcrumbList\",\"@id\":\"https:\/\/www.alldayled.com\/de\/produkt\/dubbelbrander-oranje-compleet\/#breadcrumb\",\"itemListElement\":[{\"@type\":\"ListItem\",\"position\":1,\"name\":\"Home\",\"item\":\"https:\/\/www.alldayled.com\/de\/\"},{\"@type\":\"ListItem\",\"position\":2,\"name\":\"Shop\",\"item\":\"https:\/\/www.alldayled.com\/de\/shop\/\"},{\"@type\":\"ListItem\",\"position\":3,\"name\":\"Andere\",\"item\":\"https:\/\/www.alldayled.com\/de\/produkt-kategorie\/andere-produkte\/\"},{\"@type\":\"ListItem\",\"position\":4,\"name\":\"Doppelbrenner\",\"item\":\"https:\/\/www.alldayled.com\/de\/produkt-kategorie\/andere-produkte\/dubbelbranders\/\"},{\"@type\":\"ListItem\",\"position\":5,\"name\":\"Doppelbrenner orange\"}]},{\"@type\":\"WebSite\",\"@id\":\"https:\/\/www.alldayled.com\/de\/#website\",\"url\":\"https:\/\/www.alldayled.com\/de\/\",\"name\":\"All Day Led\",\"description\":\"Verlichting voor 12&amp;24 volt gebruik\",\"publisher\":{\"@id\":\"https:\/\/www.alldayled.com\/de\/#organization\"},\"potentialAction\":[{\"@type\":\"SearchAction\",\"target\":{\"@type\":\"EntryPoint\",\"urlTemplate\":\"https:\/\/www.alldayled.com\/de\/?s={search_term_string}\"},\"query-input\":{\"@type\":\"PropertyValueSpecification\",\"valueRequired\":true,\"valueName\":\"search_term_string\"}}],\"inLanguage\":\"de\"},{\"@type\":\"Organization\",\"@id\":\"https:\/\/www.alldayled.com\/de\/#organization\",\"name\":\"All Day Led\",\"url\":\"https:\/\/www.alldayled.com\/de\/\",\"logo\":{\"@type\":\"ImageObject\",\"inLanguage\":\"de\",\"@id\":\"https:\/\/www.alldayled.com\/de\/#\/schema\/logo\/image\/\",\"url\":\"https:\/\/www.alldayled.com\/wp-content\/uploads\/2025\/10\/Logo-ALL-DAY-LED-800x800-zwart-witte-letters.png\",\"contentUrl\":\"https:\/\/www.alldayled.com\/wp-content\/uploads\/2025\/10\/Logo-ALL-DAY-LED-800x800-zwart-witte-letters.png\",\"width\":800,\"height\":800,\"caption\":\"All Day Led\"},\"image\":{\"@id\":\"https:\/\/www.alldayled.com\/de\/#\/schema\/logo\/image\/\"},\"sameAs\":[\"https:\/\/www.facebook.com\/alldayled\/\",\"https:\/\/www.instagram.com\/alldayled\/\"],\"vatID\":\"NL863960133B01\",\"taxID\":\"86416545\"}]}<\/script>\n<meta property=\"product:brand\" content=\"Nedking\" \/>\n<meta property=\"product:price:amount\" content=\"12.95\" \/>\n<meta property=\"product:price:currency\" content=\"EUR\" \/>\n<meta property=\"og:availability\" content=\"instock\" \/>\n<meta property=\"product:availability\" content=\"instock\" \/>\n<meta property=\"product:retailer_item_id\" content=\"ADL50274\" \/>\n<meta property=\"product:condition\" content=\"new\" \/>\n<!-- \/ Yoast SEO Premium plugin. -->","yoast_head_json":{"title":"Doppelbrenner orange - All Day Led - Beleuchtung f\u00fcr 12&24 Volt","description":"Doppelbrenner orange Lampenglas - zweipolige BA15S-Lampenfassung - f\u00fcr LKW, Anh\u00e4nger und mehr - geeignet f\u00fcr 12 und 24 Volt","robots":{"index":"index","follow":"follow","max-snippet":"max-snippet:-1","max-image-preview":"max-image-preview:large","max-video-preview":"max-video-preview:-1"},"canonical":"https:\/\/www.alldayled.com\/de\/produkt\/dubbelbrander-oranje-compleet\/","og_locale":"de_DE","og_type":"article","og_title":"Doppelbrenner orange - All Day Led - Beleuchtung f\u00fcr 12&24 Volt","og_description":"Doppelbrenner orange Lampenglas - zweipolige BA15S-Lampenfassung - f\u00fcr LKW, Anh\u00e4nger und mehr - geeignet f\u00fcr 12 und 24 Volt","og_url":"https:\/\/www.alldayled.com\/de\/produkt\/dubbelbrander-oranje-compleet\/","og_site_name":"All Day Led","article_publisher":"https:\/\/www.facebook.com\/alldayled\/","article_modified_time":"2026-04-17T14:54:37+00:00","og_image":[{"url":"https:\/\/www.alldayled.com\/wp-content\/uploads\/2023\/04\/ADL50274-SM-3-300x300.png","type":"","width":"","height":""}],"twitter_misc":{"Preis":"&euro;&nbsp;12,95","Verf\u00fcgbarkeit":"Auf Lager"},"schema":{"@context":"https:\/\/schema.org","@graph":[{"@type":"WebPage","@id":"https:\/\/www.alldayled.com\/de\/produkt\/dubbelbrander-oranje-compleet\/","url":"https:\/\/www.alldayled.com\/de\/produkt\/dubbelbrander-oranje-compleet\/","name":"Doppelbrenner orange - All Day Led - Beleuchtung f\u00fcr 12&24 Volt","isPartOf":{"@id":"https:\/\/www.alldayled.com\/de\/#website"},"primaryImageOfPage":{"@id":"https:\/\/www.alldayled.com\/de\/produkt\/dubbelbrander-oranje-compleet\/#primaryimage"},"image":{"@id":"https:\/\/www.alldayled.com\/de\/produkt\/dubbelbrander-oranje-compleet\/#primaryimage"},"thumbnailUrl":"https:\/\/www.alldayled.com\/wp-content\/uploads\/2020\/03\/ADL50274..png","datePublished":"2023-04-14T08:13:37+00:00","dateModified":"2026-04-17T14:54:37+00:00","description":"Doppelbrenner orange Lampenglas - zweipolige BA15S-Lampenfassung - f\u00fcr LKW, Anh\u00e4nger und mehr - geeignet f\u00fcr 12 und 24 Volt","breadcrumb":{"@id":"https:\/\/www.alldayled.com\/de\/produkt\/dubbelbrander-oranje-compleet\/#breadcrumb"},"inLanguage":"de","potentialAction":[{"@type":"ReadAction","target":["https:\/\/www.alldayled.com\/de\/produkt\/dubbelbrander-oranje-compleet\/"]}]},{"@type":"ImageObject","inLanguage":"de","@id":"https:\/\/www.alldayled.com\/de\/produkt\/dubbelbrander-oranje-compleet\/#primaryimage","url":"https:\/\/www.alldayled.com\/wp-content\/uploads\/2020\/03\/ADL50274..png","contentUrl":"https:\/\/www.alldayled.com\/wp-content\/uploads\/2020\/03\/ADL50274..png","width":800,"height":600,"caption":"Doppelbrenner mit orangem Lampenglas - zweipolig f\u00fcr 12- und 24-Volt-Betrieb - EAN: 6090441519531"},{"@type":"BreadcrumbList","@id":"https:\/\/www.alldayled.com\/de\/produkt\/dubbelbrander-oranje-compleet\/#breadcrumb","itemListElement":[{"@type":"ListItem","position":1,"name":"Home","item":"https:\/\/www.alldayled.com\/de\/"},{"@type":"ListItem","position":2,"name":"Shop","item":"https:\/\/www.alldayled.com\/de\/shop\/"},{"@type":"ListItem","position":3,"name":"Andere","item":"https:\/\/www.alldayled.com\/de\/produkt-kategorie\/andere-produkte\/"},{"@type":"ListItem","position":4,"name":"Doppelbrenner","item":"https:\/\/www.alldayled.com\/de\/produkt-kategorie\/andere-produkte\/dubbelbranders\/"},{"@type":"ListItem","position":5,"name":"Doppelbrenner orange"}]},{"@type":"WebSite","@id":"https:\/\/www.alldayled.com\/de\/#website","url":"https:\/\/www.alldayled.com\/de\/","name":"All Day Led","description":"Verlichting voor 12&amp;24 volt gebruik","publisher":{"@id":"https:\/\/www.alldayled.com\/de\/#organization"},"potentialAction":[{"@type":"SearchAction","target":{"@type":"EntryPoint","urlTemplate":"https:\/\/www.alldayled.com\/de\/?s={search_term_string}"},"query-input":{"@type":"PropertyValueSpecification","valueRequired":true,"valueName":"search_term_string"}}],"inLanguage":"de"},{"@type":"Organization","@id":"https:\/\/www.alldayled.com\/de\/#organization","name":"All Day Led","url":"https:\/\/www.alldayled.com\/de\/","logo":{"@type":"ImageObject","inLanguage":"de","@id":"https:\/\/www.alldayled.com\/de\/#\/schema\/logo\/image\/","url":"https:\/\/www.alldayled.com\/wp-content\/uploads\/2025\/10\/Logo-ALL-DAY-LED-800x800-zwart-witte-letters.png","contentUrl":"https:\/\/www.alldayled.com\/wp-content\/uploads\/2025\/10\/Logo-ALL-DAY-LED-800x800-zwart-witte-letters.png","width":800,"height":800,"caption":"All Day Led"},"image":{"@id":"https:\/\/www.alldayled.com\/de\/#\/schema\/logo\/image\/"},"sameAs":["https:\/\/www.facebook.com\/alldayled\/","https:\/\/www.instagram.com\/alldayled\/"],"vatID":"NL863960133B01","taxID":"86416545"}]},"product_brand":"Nedking","product_price_amount":"12.95","product_price_currency":"EUR","og_availability":"instock","product_availability":"instock","product_retailer_item_id":"ADL50274","product_condition":"new"},"_links":{"self":[{"href":"https:\/\/www.alldayled.com\/de\/wp-json\/wp\/v2\/product\/67428","targetHints":{"allow":["GET"]}}],"collection":[{"href":"https:\/\/www.alldayled.com\/de\/wp-json\/wp\/v2\/product"}],"about":[{"href":"https:\/\/www.alldayled.com\/de\/wp-json\/wp\/v2\/types\/product"}],"replies":[{"embeddable":true,"href":"https:\/\/www.alldayled.com\/de\/wp-json\/wp\/v2\/comments?post=67428"}],"wp:featuredmedia":[{"embeddable":true,"href":"https:\/\/www.alldayled.com\/de\/wp-json\/wp\/v2\/media\/62839"}],"wp:attachment":[{"href":"https:\/\/www.alldayled.com\/de\/wp-json\/wp\/v2\/media?parent=67428"}],"wp:term":[{"taxonomy":"product_brand","embeddable":true,"href":"https:\/\/www.alldayled.com\/de\/wp-json\/wp\/v2\/product_brand?post=67428"},{"taxonomy":"product_cat","embeddable":true,"href":"https:\/\/www.alldayled.com\/de\/wp-json\/wp\/v2\/product_cat?post=67428"},{"taxonomy":"product_tag","embeddable":true,"href":"https:\/\/www.alldayled.com\/de\/wp-json\/wp\/v2\/product_tag?post=67428"}],"curies":[{"name":"wp","href":"https:\/\/api.w.org\/{rel}","templated":true}]}}