{"id":67439,"date":"2023-04-14T10:13:50","date_gmt":"2023-04-14T08:13:50","guid":{"rendered":"https:\/\/www.alldayled.com\/product\/dubbelbrander-geel-compleet\/"},"modified":"2023-04-14T10:13:50","modified_gmt":"2023-04-14T08:13:50","slug":"dubbelbrander-geel-compleet","status":"publish","type":"product","link":"https:\/\/www.alldayled.com\/de\/produkt\/dubbelbrander-geel-compleet\/","title":{"rendered":"Doppelbrenner gelb"},"content":{"rendered":"<p><span style=\"color: #000000;\"><strong>Doppelbrenner mit gelbem Glas, f\u00fcr 12 &amp; 24 Volt.<\/strong><\/span><\/p>\n<p><span style=\"color: #000000;\">Suchst du einen guten Doppelbrenner mit gelbem Glas? Dann ist dieser Doppelbrenner vielleicht genau das Richtige f\u00fcr dich. Er ist aus hochwertigem Material gefertigt und beh\u00e4lt seine Farbe sehr gut. Dank der dunkel get\u00f6nten Linse und des Gummisockels kannst du ihn mit 12 und 24 Volt betreiben. So montierst du die Lampe einfach an einem Auto, Wohnmobil, LKW oder einem anderen Fahrzeug.    <\/span><\/p>\n<p><span style=\"color: #000000;\">Um sicherzustellen, dass dieser Doppelbrenner mit gelbem Glas f\u00fcr dein Fahrzeug oder deinen Anh\u00e4nger geeignet ist, haben wir die wichtigsten Punkte unten f\u00fcr dich aufgelistet. Der Doppelbrenner hat eine doppelte BA15S Fassung und wird ohne Leuchtmittel geliefert, aber mit einem 15 Zentimeter langen Stromkabel. M\u00f6chtest du eine Halogenlampe einsetzen? Dann verwende maximal eine R5W-Lampe, damit das Glas nicht zu hei\u00df wird und sich verformt. Handelt es sich um eine LED-Lampe? Dann brauchst du dir dar\u00fcber keine Sorgen zu machen.     <\/span><\/p>\n<h5><span style=\"color: #000000;\"><strong>Abmessungen:<\/strong><\/span><\/h5>\n<p><span style=\"color: #000000;\">M\u00f6chtest du sicherstellen, dass du den Doppelbrenner an der von dir gew\u00fcnschten Stelle montieren kannst? Dann sind die Abmessungen nat\u00fcrlich wichtig. Deshalb haben wir sie unten f\u00fcr dich notiert. Die Abmessungen des Doppelbrenners mit gelbem Glas sind wie folgt:   <\/span><\/p>\n<ul>\n<li><span style=\"color: #000000;\">H\u00f6he: 60 mm<\/span><\/li>\n<li><span style=\"color: #000000;\">Breite: 130 mm<\/span><\/li>\n<li><span style=\"color: #000000;\">Dicke: 40 mm<\/span><\/li>\n<\/ul>\n<h5><span style=\"color: #000000;\"><strong>Andere Farben:<\/strong><\/span><\/h5>\n<p><span style=\"color: #000000;\">Suchst du einen Doppelbrenner, aber Gelb ist nicht deine Farbe? Keine Sorge! Die Nedking zweipolige Lampe ist auch in den folgenden Farben erh\u00e4ltlich:  <\/span><\/p>\n<ul>\n<li><span style=\"color: #000000;\"><a style=\"color: #000000;\" href=\"https:\/\/www.alldayled.com\/de\/produkt\/dubbelbrander-oranje-donker-glas\/\" target=\"_blank\" rel=\"noopener\"><strong>Orange &#8211; dunkles Glas <\/strong><\/a><\/span><\/li>\n<li><span style=\"color: #000000;\"><a style=\"color: #000000;\" href=\"https:\/\/www.alldayled.com\/de\/produkt\/dubbelbrander-helder-donker-glas\/\" target=\"_blank\" rel=\"noopener\"><strong>Klar &#8211; dunkles Glas <\/strong><\/a><\/span><\/li>\n<li><span style=\"color: #000000;\"><a style=\"color: #000000;\" href=\"https:\/\/www.alldayled.com\/de\/produkt\/dubbelbrander-rood-compleet\/\" target=\"_blank\" rel=\"noopener\"><strong>Rot <\/strong><\/a><\/span><\/li>\n<\/ul>\n<p><span style=\"color: #000000;\">Bist du dennoch der Meinung, dass der Nedking Doppelbrenner Gelb nicht das ist, was du suchst? Einfach weil Form oder Farbe nicht deinen W\u00fcnschen entsprechen? Dann schau doch auch mal auf unserer Seite <g id=\"gid_0\">Doppelbrenner<\/g> vorbei. Vielleicht findest du hier das Lampenmodell, wonach du suchst.   <\/span><\/p>\n","protected":false},"excerpt":{"rendered":"<p>Doppelbrenner mit gelb gef\u00e4rbter Linse und zwei BA15S Fassungen, perfekt f\u00fcr den K\u00fchlergrill.<\/p>\n","protected":false},"featured_media":24948,"comment_status":"open","ping_status":"closed","template":"","meta":{"_acf_changed":false},"product_brand":[6505],"product_cat":[5115],"product_tag":[9241,9242,9243],"class_list":{"0":"post-67439","1":"product","2":"type-product","3":"status-publish","4":"has-post-thumbnail","6":"product_brand-product-nedking","7":"product_cat-dubbelbranders","8":"product_tag-doppelbrenner","9":"product_tag-doppelbrenner-anhanger","10":"product_tag-doppelbrenner-lkw","12":"first","13":"instock","14":"taxable","15":"shipping-taxable","16":"purchasable","17":"product-type-simple"},"acf":[],"yoast_head":"<!-- This site is optimized with the Yoast SEO Premium plugin v26.5 (Yoast SEO v27.1.1) - https:\/\/yoast.com\/product\/yoast-seo-premium-wordpress\/ -->\n<title>Doppelbrenner gelb - All Day Led - mit BA15S Fassung - 12&amp;24V<\/title>\n<meta name=\"description\" content=\"Doppelbrenner gelbes Lampenglas - zweipolig mit BA15S Lampenfassung - f\u00fcr LKW, Anh\u00e4nger und mehr - f\u00fcr 12 und 24 Volt Betrieb - KEINE E-Pr\u00fcfung\" \/>\n<meta name=\"robots\" content=\"index, follow, max-snippet:-1, max-image-preview:large, max-video-preview:-1\" \/>\n<link rel=\"canonical\" href=\"https:\/\/www.alldayled.com\/de\/produkt\/dubbelbrander-geel-compleet\/\" \/>\n<meta property=\"og:locale\" content=\"de_DE\" \/>\n<meta property=\"og:type\" content=\"article\" \/>\n<meta property=\"og:title\" content=\"Doppelbrenner gelb - All Day Led - mit BA15S Fassung - 12&amp;24V\" \/>\n<meta property=\"og:description\" content=\"Doppelbrenner gelbes Lampenglas - zweipolig mit BA15S Lampenfassung - f\u00fcr LKW, Anh\u00e4nger und mehr - f\u00fcr 12 und 24 Volt Betrieb - KEINE E-Pr\u00fcfung\" \/>\n<meta property=\"og:url\" content=\"https:\/\/www.alldayled.com\/de\/produkt\/dubbelbrander-geel-compleet\/\" \/>\n<meta property=\"og:site_name\" content=\"All Day Led\" \/>\n<meta property=\"article:publisher\" content=\"https:\/\/www.facebook.com\/alldayled\/\" \/>\n<meta property=\"og:image\" content=\"https:\/\/www.alldayled.com\/wp-content\/uploads\/2023\/04\/ADL60269-SM-3-300x300.png\" \/>\n<meta name=\"twitter:label1\" content=\"Preis\" \/>\n\t<meta name=\"twitter:data1\" content=\"&euro;&nbsp;16,50\" \/>\n\t<meta name=\"twitter:label2\" content=\"Verf\u00fcgbarkeit\" \/>\n\t<meta name=\"twitter:data2\" content=\"Auf Lager\" \/>\n<script type=\"application\/ld+json\" class=\"yoast-schema-graph\">{\"@context\":\"https:\/\/schema.org\",\"@graph\":[{\"@type\":\"WebPage\",\"@id\":\"https:\/\/www.alldayled.com\/de\/produkt\/dubbelbrander-geel-compleet\/\",\"url\":\"https:\/\/www.alldayled.com\/de\/produkt\/dubbelbrander-geel-compleet\/\",\"name\":\"Doppelbrenner gelb - All Day Led - mit BA15S Fassung - 12&24V\",\"isPartOf\":{\"@id\":\"https:\/\/www.alldayled.com\/de\/#website\"},\"primaryImageOfPage\":{\"@id\":\"https:\/\/www.alldayled.com\/de\/produkt\/dubbelbrander-geel-compleet\/#primaryimage\"},\"image\":{\"@id\":\"https:\/\/www.alldayled.com\/de\/produkt\/dubbelbrander-geel-compleet\/#primaryimage\"},\"thumbnailUrl\":\"https:\/\/www.alldayled.com\/wp-content\/uploads\/2023\/04\/ADL60269.png\",\"datePublished\":\"2023-04-14T08:13:50+00:00\",\"description\":\"Doppelbrenner gelbes Lampenglas - zweipolig mit BA15S Lampenfassung - f\u00fcr LKW, Anh\u00e4nger und mehr - f\u00fcr 12 und 24 Volt Betrieb - KEINE E-Pr\u00fcfung\",\"breadcrumb\":{\"@id\":\"https:\/\/www.alldayled.com\/de\/produkt\/dubbelbrander-geel-compleet\/#breadcrumb\"},\"inLanguage\":\"de\",\"potentialAction\":[{\"@type\":\"ReadAction\",\"target\":[\"https:\/\/www.alldayled.com\/de\/produkt\/dubbelbrander-geel-compleet\/\"]}]},{\"@type\":\"ImageObject\",\"inLanguage\":\"de\",\"@id\":\"https:\/\/www.alldayled.com\/de\/produkt\/dubbelbrander-geel-compleet\/#primaryimage\",\"url\":\"https:\/\/www.alldayled.com\/wp-content\/uploads\/2023\/04\/ADL60269.png\",\"contentUrl\":\"https:\/\/www.alldayled.com\/wp-content\/uploads\/2023\/04\/ADL60269.png\",\"width\":800,\"height\":600,\"caption\":\"Doppelbrenner mit GELBEM Glas - Nedking Doppelbrenner mit doppelter BA15S Lampenfassung - f\u00fcr 12 &amp; 24 Volt - EAN: 6090539619655\"},{\"@type\":\"BreadcrumbList\",\"@id\":\"https:\/\/www.alldayled.com\/de\/produkt\/dubbelbrander-geel-compleet\/#breadcrumb\",\"itemListElement\":[{\"@type\":\"ListItem\",\"position\":1,\"name\":\"Home\",\"item\":\"https:\/\/www.alldayled.com\/de\/\"},{\"@type\":\"ListItem\",\"position\":2,\"name\":\"Shop\",\"item\":\"https:\/\/www.alldayled.com\/de\/shop\/\"},{\"@type\":\"ListItem\",\"position\":3,\"name\":\"Andere\",\"item\":\"https:\/\/www.alldayled.com\/de\/produkt-kategorie\/andere-produkte\/\"},{\"@type\":\"ListItem\",\"position\":4,\"name\":\"Doppelbrenner\",\"item\":\"https:\/\/www.alldayled.com\/de\/produkt-kategorie\/andere-produkte\/dubbelbranders\/\"},{\"@type\":\"ListItem\",\"position\":5,\"name\":\"Doppelbrenner gelb\"}]},{\"@type\":\"WebSite\",\"@id\":\"https:\/\/www.alldayled.com\/de\/#website\",\"url\":\"https:\/\/www.alldayled.com\/de\/\",\"name\":\"All Day Led\",\"description\":\"Verlichting voor 12&amp;24 volt gebruik\",\"publisher\":{\"@id\":\"https:\/\/www.alldayled.com\/de\/#organization\"},\"potentialAction\":[{\"@type\":\"SearchAction\",\"target\":{\"@type\":\"EntryPoint\",\"urlTemplate\":\"https:\/\/www.alldayled.com\/de\/?s={search_term_string}\"},\"query-input\":{\"@type\":\"PropertyValueSpecification\",\"valueRequired\":true,\"valueName\":\"search_term_string\"}}],\"inLanguage\":\"de\"},{\"@type\":\"Organization\",\"@id\":\"https:\/\/www.alldayled.com\/de\/#organization\",\"name\":\"All Day Led\",\"url\":\"https:\/\/www.alldayled.com\/de\/\",\"logo\":{\"@type\":\"ImageObject\",\"inLanguage\":\"de\",\"@id\":\"https:\/\/www.alldayled.com\/de\/#\/schema\/logo\/image\/\",\"url\":\"https:\/\/www.alldayled.com\/wp-content\/uploads\/2025\/10\/Logo-ALL-DAY-LED-800x800-zwart-witte-letters.png\",\"contentUrl\":\"https:\/\/www.alldayled.com\/wp-content\/uploads\/2025\/10\/Logo-ALL-DAY-LED-800x800-zwart-witte-letters.png\",\"width\":800,\"height\":800,\"caption\":\"All Day Led\"},\"image\":{\"@id\":\"https:\/\/www.alldayled.com\/de\/#\/schema\/logo\/image\/\"},\"sameAs\":[\"https:\/\/www.facebook.com\/alldayled\/\",\"https:\/\/www.instagram.com\/alldayled\/\"],\"vatID\":\"NL863960133B01\",\"taxID\":\"86416545\"}]}<\/script>\n<meta property=\"product:brand\" content=\"Nedking\" \/>\n<meta property=\"product:price:amount\" content=\"16.50\" \/>\n<meta property=\"product:price:currency\" content=\"EUR\" \/>\n<meta property=\"og:availability\" content=\"instock\" \/>\n<meta property=\"product:availability\" content=\"instock\" \/>\n<meta property=\"product:retailer_item_id\" content=\"ADL60269\" \/>\n<meta property=\"product:condition\" content=\"new\" \/>\n<!-- \/ Yoast SEO Premium plugin. -->","yoast_head_json":{"title":"Doppelbrenner gelb - All Day Led - mit BA15S Fassung - 12&24V","description":"Doppelbrenner gelbes Lampenglas - zweipolig mit BA15S Lampenfassung - f\u00fcr LKW, Anh\u00e4nger und mehr - f\u00fcr 12 und 24 Volt Betrieb - KEINE E-Pr\u00fcfung","robots":{"index":"index","follow":"follow","max-snippet":"max-snippet:-1","max-image-preview":"max-image-preview:large","max-video-preview":"max-video-preview:-1"},"canonical":"https:\/\/www.alldayled.com\/de\/produkt\/dubbelbrander-geel-compleet\/","og_locale":"de_DE","og_type":"article","og_title":"Doppelbrenner gelb - All Day Led - mit BA15S Fassung - 12&24V","og_description":"Doppelbrenner gelbes Lampenglas - zweipolig mit BA15S Lampenfassung - f\u00fcr LKW, Anh\u00e4nger und mehr - f\u00fcr 12 und 24 Volt Betrieb - KEINE E-Pr\u00fcfung","og_url":"https:\/\/www.alldayled.com\/de\/produkt\/dubbelbrander-geel-compleet\/","og_site_name":"All Day Led","article_publisher":"https:\/\/www.facebook.com\/alldayled\/","og_image":[{"url":"https:\/\/www.alldayled.com\/wp-content\/uploads\/2023\/04\/ADL60269-SM-3-300x300.png","type":"","width":"","height":""}],"twitter_misc":{"Preis":"&euro;&nbsp;16,50","Verf\u00fcgbarkeit":"Auf Lager"},"schema":{"@context":"https:\/\/schema.org","@graph":[{"@type":"WebPage","@id":"https:\/\/www.alldayled.com\/de\/produkt\/dubbelbrander-geel-compleet\/","url":"https:\/\/www.alldayled.com\/de\/produkt\/dubbelbrander-geel-compleet\/","name":"Doppelbrenner gelb - All Day Led - mit BA15S Fassung - 12&24V","isPartOf":{"@id":"https:\/\/www.alldayled.com\/de\/#website"},"primaryImageOfPage":{"@id":"https:\/\/www.alldayled.com\/de\/produkt\/dubbelbrander-geel-compleet\/#primaryimage"},"image":{"@id":"https:\/\/www.alldayled.com\/de\/produkt\/dubbelbrander-geel-compleet\/#primaryimage"},"thumbnailUrl":"https:\/\/www.alldayled.com\/wp-content\/uploads\/2023\/04\/ADL60269.png","datePublished":"2023-04-14T08:13:50+00:00","description":"Doppelbrenner gelbes Lampenglas - zweipolig mit BA15S Lampenfassung - f\u00fcr LKW, Anh\u00e4nger und mehr - f\u00fcr 12 und 24 Volt Betrieb - KEINE E-Pr\u00fcfung","breadcrumb":{"@id":"https:\/\/www.alldayled.com\/de\/produkt\/dubbelbrander-geel-compleet\/#breadcrumb"},"inLanguage":"de","potentialAction":[{"@type":"ReadAction","target":["https:\/\/www.alldayled.com\/de\/produkt\/dubbelbrander-geel-compleet\/"]}]},{"@type":"ImageObject","inLanguage":"de","@id":"https:\/\/www.alldayled.com\/de\/produkt\/dubbelbrander-geel-compleet\/#primaryimage","url":"https:\/\/www.alldayled.com\/wp-content\/uploads\/2023\/04\/ADL60269.png","contentUrl":"https:\/\/www.alldayled.com\/wp-content\/uploads\/2023\/04\/ADL60269.png","width":800,"height":600,"caption":"Doppelbrenner mit GELBEM Glas - Nedking Doppelbrenner mit doppelter BA15S Lampenfassung - f\u00fcr 12 &amp; 24 Volt - EAN: 6090539619655"},{"@type":"BreadcrumbList","@id":"https:\/\/www.alldayled.com\/de\/produkt\/dubbelbrander-geel-compleet\/#breadcrumb","itemListElement":[{"@type":"ListItem","position":1,"name":"Home","item":"https:\/\/www.alldayled.com\/de\/"},{"@type":"ListItem","position":2,"name":"Shop","item":"https:\/\/www.alldayled.com\/de\/shop\/"},{"@type":"ListItem","position":3,"name":"Andere","item":"https:\/\/www.alldayled.com\/de\/produkt-kategorie\/andere-produkte\/"},{"@type":"ListItem","position":4,"name":"Doppelbrenner","item":"https:\/\/www.alldayled.com\/de\/produkt-kategorie\/andere-produkte\/dubbelbranders\/"},{"@type":"ListItem","position":5,"name":"Doppelbrenner gelb"}]},{"@type":"WebSite","@id":"https:\/\/www.alldayled.com\/de\/#website","url":"https:\/\/www.alldayled.com\/de\/","name":"All Day Led","description":"Verlichting voor 12&amp;24 volt gebruik","publisher":{"@id":"https:\/\/www.alldayled.com\/de\/#organization"},"potentialAction":[{"@type":"SearchAction","target":{"@type":"EntryPoint","urlTemplate":"https:\/\/www.alldayled.com\/de\/?s={search_term_string}"},"query-input":{"@type":"PropertyValueSpecification","valueRequired":true,"valueName":"search_term_string"}}],"inLanguage":"de"},{"@type":"Organization","@id":"https:\/\/www.alldayled.com\/de\/#organization","name":"All Day Led","url":"https:\/\/www.alldayled.com\/de\/","logo":{"@type":"ImageObject","inLanguage":"de","@id":"https:\/\/www.alldayled.com\/de\/#\/schema\/logo\/image\/","url":"https:\/\/www.alldayled.com\/wp-content\/uploads\/2025\/10\/Logo-ALL-DAY-LED-800x800-zwart-witte-letters.png","contentUrl":"https:\/\/www.alldayled.com\/wp-content\/uploads\/2025\/10\/Logo-ALL-DAY-LED-800x800-zwart-witte-letters.png","width":800,"height":800,"caption":"All Day Led"},"image":{"@id":"https:\/\/www.alldayled.com\/de\/#\/schema\/logo\/image\/"},"sameAs":["https:\/\/www.facebook.com\/alldayled\/","https:\/\/www.instagram.com\/alldayled\/"],"vatID":"NL863960133B01","taxID":"86416545"}]},"product_brand":"Nedking","product_price_amount":"16.50","product_price_currency":"EUR","og_availability":"instock","product_availability":"instock","product_retailer_item_id":"ADL60269","product_condition":"new"},"_links":{"self":[{"href":"https:\/\/www.alldayled.com\/de\/wp-json\/wp\/v2\/product\/67439","targetHints":{"allow":["GET"]}}],"collection":[{"href":"https:\/\/www.alldayled.com\/de\/wp-json\/wp\/v2\/product"}],"about":[{"href":"https:\/\/www.alldayled.com\/de\/wp-json\/wp\/v2\/types\/product"}],"replies":[{"embeddable":true,"href":"https:\/\/www.alldayled.com\/de\/wp-json\/wp\/v2\/comments?post=67439"}],"wp:featuredmedia":[{"embeddable":true,"href":"https:\/\/www.alldayled.com\/de\/wp-json\/wp\/v2\/media\/24948"}],"wp:attachment":[{"href":"https:\/\/www.alldayled.com\/de\/wp-json\/wp\/v2\/media?parent=67439"}],"wp:term":[{"taxonomy":"product_brand","embeddable":true,"href":"https:\/\/www.alldayled.com\/de\/wp-json\/wp\/v2\/product_brand?post=67439"},{"taxonomy":"product_cat","embeddable":true,"href":"https:\/\/www.alldayled.com\/de\/wp-json\/wp\/v2\/product_cat?post=67439"},{"taxonomy":"product_tag","embeddable":true,"href":"https:\/\/www.alldayled.com\/de\/wp-json\/wp\/v2\/product_tag?post=67439"}],"curies":[{"name":"wp","href":"https:\/\/api.w.org\/{rel}","templated":true}]}}