{"id":67441,"date":"2023-04-14T10:13:33","date_gmt":"2023-04-14T08:13:33","guid":{"rendered":"https:\/\/www.alldayled.com\/product\/dubbelbrander-rood-compleet\/"},"modified":"2026-04-07T15:39:13","modified_gmt":"2026-04-07T13:39:13","slug":"dubbelbrander-rood-compleet","status":"publish","type":"product","link":"https:\/\/www.alldayled.com\/de\/produkt\/dubbelbrander-rood-compleet\/","title":{"rendered":"Doppelbrenner rot"},"content":{"rendered":"<p><span style=\"color: #000000;\"><strong>Doppelbrenner mit rotem Glas, f\u00fcr 12 &amp; 24 Volt.<\/strong><\/span><\/p>\n<p><span style=\"color: #000000;\">Bist du auf der Suche nach einem guten Doppelbrenner mit rotem Lampenglas? Dann k\u00f6nnte dies genau der Doppelbrenner sein, den du suchst. Die Lampe ist aus hochwertigem Material gefertigt und daf\u00fcr bekannt, dass sie ihre Farbe nicht schnell verliert. Praktisch! Der Doppelbrenner mit roter Linse und Gummiunterlage funktioniert mit 12 und 24 Volt. Dadurch kannst du ihn in einem Auto, Wohnmobil, LKW oder einem anderen Fahrzeug verwenden.     <\/span><\/p>\n<p><span style=\"color: #000000;\">Um sicherzugehen, dass dieser Doppelbrenner in Rot zu deinem Fahrzeug oder Anh\u00e4nger passt, haben wir unten die wichtigsten Punkte f\u00fcr dich aufgelistet. So wei\u00dft du sofort, ob dies die richtige Wahl f\u00fcr dich ist. Der Doppelbrenner mit doppelter BA15S-Fassung wird ohne Kabel und Leuchtmittel geliefert. Hinweis: M\u00f6chtest du eine Halogenlampe verwenden? W\u00e4hle dann maximal eine R5W-Lampe, damit das Glas nicht zu hei\u00df wird und sich verformen kann. Entscheidest du dich f\u00fcr eine LED-Lampe? Dann brauchst du dir dar\u00fcber keine Sorgen zu machen.      <\/span><\/p>\n<h5><span style=\"color: #000000;\"><strong>Abmessungen:<\/strong><\/span><\/h5>\n<p><span style=\"color: #000000;\">M\u00f6chtest du sicherstellen, dass du den Doppelbrenner an der von dir gew\u00fcnschten Stelle montieren kannst? Dann sind die Abmessungen nat\u00fcrlich wichtig. Deshalb haben wir sie unten f\u00fcr dich notiert. Die Abmessungen des Doppelbrenners mit rotem Glas sind wie folgt:   <\/span><\/p>\n<ul>\n<li><span style=\"color: #000000;\">H\u00f6he: 60 mm<\/span><\/li>\n<li><span style=\"color: #000000;\">Breite: 130 mm<\/span><\/li>\n<li><span style=\"color: #000000;\">Dicke: 40 mm<\/span><\/li>\n<\/ul>\n<h5><span style=\"color: #000000;\"><strong>Andere Farben:<\/strong><\/span><\/h5>\n<p><span style=\"color: #000000;\">Bist du auf der Suche nach einem Doppelbrenner, aber Rot ist nicht deine Farbe? Keine Sorge! Die doppelpolige Lampe ist auch in den folgenden Farben erh\u00e4ltlich:  <\/span><\/p>\n<ul>\n<li><span style=\"color: #000000;\"><a style=\"color: #000000;\" href=\"https:\/\/www.alldayled.com\/de\/produkt\/dubbelbrander-oranje-donker-glas\/\" target=\"_blank\" rel=\"noopener\"><strong>Orange &#8211; dunkles Glas <\/strong><\/a><\/span><\/li>\n<li><span style=\"color: #000000;\"><a style=\"color: #000000;\" href=\"https:\/\/www.alldayled.com\/de\/produkt\/dubbelbrander-helder-donker-glas\/\" target=\"_blank\" rel=\"noopener\"><strong>Klar &#8211; dunkles Glas <\/strong><\/a><\/span><\/li>\n<li><span style=\"color: #000000;\"><a style=\"color: #000000;\" href=\"https:\/\/www.alldayled.com\/de\/produkt\/dubbelbrander-geel-compleet\/\" target=\"_blank\" rel=\"noopener\"><strong>Gelb <\/strong><\/a><\/span><\/li>\n<\/ul>\n<p><span style=\"color: #000000;\">Bist du dennoch der Meinung, dass der rote Nedking Doppelbrenner nicht das ist, was du suchst? Einfach weil die Form oder Farbe nicht deinen W\u00fcnschen entspricht? Dann schau dir auch unbedingt unsere Seite <a style=\"color: #000000;\" href=\"https:\/\/www.alldayled.com\/product-categorie\/overige-producten\/dubbelbranders\/\" target=\"_blank\" rel=\"noopener\">Doppelbrenner<\/a> an. Vielleicht findest du hier das Lampenmodell, wonach du suchst.   <\/span><\/p>\n","protected":false},"excerpt":{"rendered":"<p>Doppelbrenner mit rot gef\u00e4rbter Linse und zwei BA15S Fassungen, perfekt f\u00fcr die R\u00fcckseite.<\/p>\n","protected":false},"featured_media":24918,"comment_status":"open","ping_status":"closed","template":"","meta":{"_acf_changed":false},"product_brand":[6505],"product_cat":[5115],"product_tag":[9241,9242,9243],"class_list":{"0":"post-67441","1":"product","2":"type-product","3":"status-publish","4":"has-post-thumbnail","6":"product_brand-product-nedking","7":"product_cat-dubbelbranders","8":"product_tag-doppelbrenner","9":"product_tag-doppelbrenner-anhanger","10":"product_tag-doppelbrenner-lkw","12":"first","13":"instock","14":"taxable","15":"shipping-taxable","16":"purchasable","17":"product-type-simple"},"acf":[],"yoast_head":"<!-- This site is optimized with the Yoast SEO Premium plugin v26.5 (Yoast SEO v27.1.1) - https:\/\/yoast.com\/product\/yoast-seo-premium-wordpress\/ -->\n<title>Doppelbrenner rot - All Day Led - f\u00fcr 12&amp;24 Volt<\/title>\n<meta name=\"description\" content=\"Doppelbrenner rotes Lampenglas - doppelpolig mit BA15S Lampenfassung - f\u00fcr LKW, Anh\u00e4nger und mehr - f\u00fcr 12 und 24 Volt Betrieb - KEINE E-Pr\u00fcfzeichen\" \/>\n<meta name=\"robots\" content=\"index, follow, max-snippet:-1, max-image-preview:large, max-video-preview:-1\" \/>\n<link rel=\"canonical\" href=\"https:\/\/www.alldayled.com\/de\/produkt\/dubbelbrander-rood-compleet\/\" \/>\n<meta property=\"og:locale\" content=\"de_DE\" \/>\n<meta property=\"og:type\" content=\"article\" \/>\n<meta property=\"og:title\" content=\"Doppelbrenner rot - All Day Led - f\u00fcr 12&amp;24 Volt\" \/>\n<meta property=\"og:description\" content=\"Doppelbrenner rotes Lampenglas - doppelpolig mit BA15S Lampenfassung - f\u00fcr LKW, Anh\u00e4nger und mehr - f\u00fcr 12 und 24 Volt Betrieb - KEINE E-Pr\u00fcfzeichen\" \/>\n<meta property=\"og:url\" content=\"https:\/\/www.alldayled.com\/de\/produkt\/dubbelbrander-rood-compleet\/\" \/>\n<meta property=\"og:site_name\" content=\"All Day Led\" \/>\n<meta property=\"article:publisher\" content=\"https:\/\/www.facebook.com\/alldayled\/\" \/>\n<meta property=\"article:modified_time\" content=\"2026-04-07T13:39:13+00:00\" \/>\n<meta property=\"og:image\" content=\"https:\/\/www.alldayled.com\/wp-content\/uploads\/2023\/04\/ADL50270-SM-3-300x300.png\" \/>\n<meta name=\"twitter:label1\" content=\"Preis\" \/>\n\t<meta name=\"twitter:data1\" content=\"&euro;&nbsp;12,95\" \/>\n\t<meta name=\"twitter:label2\" content=\"Verf\u00fcgbarkeit\" \/>\n\t<meta name=\"twitter:data2\" content=\"Auf Lager\" \/>\n<script type=\"application\/ld+json\" class=\"yoast-schema-graph\">{\"@context\":\"https:\/\/schema.org\",\"@graph\":[{\"@type\":\"WebPage\",\"@id\":\"https:\/\/www.alldayled.com\/de\/produkt\/dubbelbrander-rood-compleet\/\",\"url\":\"https:\/\/www.alldayled.com\/de\/produkt\/dubbelbrander-rood-compleet\/\",\"name\":\"Doppelbrenner rot - All Day Led - f\u00fcr 12&24 Volt\",\"isPartOf\":{\"@id\":\"https:\/\/www.alldayled.com\/de\/#website\"},\"primaryImageOfPage\":{\"@id\":\"https:\/\/www.alldayled.com\/de\/produkt\/dubbelbrander-rood-compleet\/#primaryimage\"},\"image\":{\"@id\":\"https:\/\/www.alldayled.com\/de\/produkt\/dubbelbrander-rood-compleet\/#primaryimage\"},\"thumbnailUrl\":\"https:\/\/www.alldayled.com\/wp-content\/uploads\/2023\/04\/ADL50270.png\",\"datePublished\":\"2023-04-14T08:13:33+00:00\",\"dateModified\":\"2026-04-07T13:39:13+00:00\",\"description\":\"Doppelbrenner rotes Lampenglas - doppelpolig mit BA15S Lampenfassung - f\u00fcr LKW, Anh\u00e4nger und mehr - f\u00fcr 12 und 24 Volt Betrieb - KEINE E-Pr\u00fcfzeichen\",\"breadcrumb\":{\"@id\":\"https:\/\/www.alldayled.com\/de\/produkt\/dubbelbrander-rood-compleet\/#breadcrumb\"},\"inLanguage\":\"de\",\"potentialAction\":[{\"@type\":\"ReadAction\",\"target\":[\"https:\/\/www.alldayled.com\/de\/produkt\/dubbelbrander-rood-compleet\/\"]}]},{\"@type\":\"ImageObject\",\"inLanguage\":\"de\",\"@id\":\"https:\/\/www.alldayled.com\/de\/produkt\/dubbelbrander-rood-compleet\/#primaryimage\",\"url\":\"https:\/\/www.alldayled.com\/wp-content\/uploads\/2023\/04\/ADL50270.png\",\"contentUrl\":\"https:\/\/www.alldayled.com\/wp-content\/uploads\/2023\/04\/ADL50270.png\",\"width\":800,\"height\":600,\"caption\":\"Doppelbrenner mit ROTEM Glas - Nedking Doppelbrenner mit doppelter BA15S Lampenfassung - f\u00fcr 12 &amp; 24 Volt - EAN: 6090441493466\"},{\"@type\":\"BreadcrumbList\",\"@id\":\"https:\/\/www.alldayled.com\/de\/produkt\/dubbelbrander-rood-compleet\/#breadcrumb\",\"itemListElement\":[{\"@type\":\"ListItem\",\"position\":1,\"name\":\"Home\",\"item\":\"https:\/\/www.alldayled.com\/de\/\"},{\"@type\":\"ListItem\",\"position\":2,\"name\":\"Shop\",\"item\":\"https:\/\/www.alldayled.com\/de\/shop\/\"},{\"@type\":\"ListItem\",\"position\":3,\"name\":\"Andere\",\"item\":\"https:\/\/www.alldayled.com\/de\/produkt-kategorie\/andere-produkte\/\"},{\"@type\":\"ListItem\",\"position\":4,\"name\":\"Doppelbrenner\",\"item\":\"https:\/\/www.alldayled.com\/de\/produkt-kategorie\/andere-produkte\/dubbelbranders\/\"},{\"@type\":\"ListItem\",\"position\":5,\"name\":\"Doppelbrenner rot\"}]},{\"@type\":\"WebSite\",\"@id\":\"https:\/\/www.alldayled.com\/de\/#website\",\"url\":\"https:\/\/www.alldayled.com\/de\/\",\"name\":\"All Day Led\",\"description\":\"Verlichting voor 12&amp;24 volt gebruik\",\"publisher\":{\"@id\":\"https:\/\/www.alldayled.com\/de\/#organization\"},\"potentialAction\":[{\"@type\":\"SearchAction\",\"target\":{\"@type\":\"EntryPoint\",\"urlTemplate\":\"https:\/\/www.alldayled.com\/de\/?s={search_term_string}\"},\"query-input\":{\"@type\":\"PropertyValueSpecification\",\"valueRequired\":true,\"valueName\":\"search_term_string\"}}],\"inLanguage\":\"de\"},{\"@type\":\"Organization\",\"@id\":\"https:\/\/www.alldayled.com\/de\/#organization\",\"name\":\"All Day Led\",\"url\":\"https:\/\/www.alldayled.com\/de\/\",\"logo\":{\"@type\":\"ImageObject\",\"inLanguage\":\"de\",\"@id\":\"https:\/\/www.alldayled.com\/de\/#\/schema\/logo\/image\/\",\"url\":\"https:\/\/www.alldayled.com\/wp-content\/uploads\/2025\/10\/Logo-ALL-DAY-LED-800x800-zwart-witte-letters.png\",\"contentUrl\":\"https:\/\/www.alldayled.com\/wp-content\/uploads\/2025\/10\/Logo-ALL-DAY-LED-800x800-zwart-witte-letters.png\",\"width\":800,\"height\":800,\"caption\":\"All Day Led\"},\"image\":{\"@id\":\"https:\/\/www.alldayled.com\/de\/#\/schema\/logo\/image\/\"},\"sameAs\":[\"https:\/\/www.facebook.com\/alldayled\/\",\"https:\/\/www.instagram.com\/alldayled\/\"],\"vatID\":\"NL863960133B01\",\"taxID\":\"86416545\"}]}<\/script>\n<meta property=\"product:brand\" content=\"Nedking\" \/>\n<meta property=\"product:price:amount\" content=\"12.95\" \/>\n<meta property=\"product:price:currency\" content=\"EUR\" \/>\n<meta property=\"og:availability\" content=\"instock\" \/>\n<meta property=\"product:availability\" content=\"instock\" \/>\n<meta property=\"product:retailer_item_id\" content=\"ADL50270\" \/>\n<meta property=\"product:condition\" content=\"new\" \/>\n<!-- \/ Yoast SEO Premium plugin. -->","yoast_head_json":{"title":"Doppelbrenner rot - All Day Led - f\u00fcr 12&24 Volt","description":"Doppelbrenner rotes Lampenglas - doppelpolig mit BA15S Lampenfassung - f\u00fcr LKW, Anh\u00e4nger und mehr - f\u00fcr 12 und 24 Volt Betrieb - KEINE E-Pr\u00fcfzeichen","robots":{"index":"index","follow":"follow","max-snippet":"max-snippet:-1","max-image-preview":"max-image-preview:large","max-video-preview":"max-video-preview:-1"},"canonical":"https:\/\/www.alldayled.com\/de\/produkt\/dubbelbrander-rood-compleet\/","og_locale":"de_DE","og_type":"article","og_title":"Doppelbrenner rot - All Day Led - f\u00fcr 12&24 Volt","og_description":"Doppelbrenner rotes Lampenglas - doppelpolig mit BA15S Lampenfassung - f\u00fcr LKW, Anh\u00e4nger und mehr - f\u00fcr 12 und 24 Volt Betrieb - KEINE E-Pr\u00fcfzeichen","og_url":"https:\/\/www.alldayled.com\/de\/produkt\/dubbelbrander-rood-compleet\/","og_site_name":"All Day Led","article_publisher":"https:\/\/www.facebook.com\/alldayled\/","article_modified_time":"2026-04-07T13:39:13+00:00","og_image":[{"url":"https:\/\/www.alldayled.com\/wp-content\/uploads\/2023\/04\/ADL50270-SM-3-300x300.png","type":"","width":"","height":""}],"twitter_misc":{"Preis":"&euro;&nbsp;12,95","Verf\u00fcgbarkeit":"Auf Lager"},"schema":{"@context":"https:\/\/schema.org","@graph":[{"@type":"WebPage","@id":"https:\/\/www.alldayled.com\/de\/produkt\/dubbelbrander-rood-compleet\/","url":"https:\/\/www.alldayled.com\/de\/produkt\/dubbelbrander-rood-compleet\/","name":"Doppelbrenner rot - All Day Led - f\u00fcr 12&24 Volt","isPartOf":{"@id":"https:\/\/www.alldayled.com\/de\/#website"},"primaryImageOfPage":{"@id":"https:\/\/www.alldayled.com\/de\/produkt\/dubbelbrander-rood-compleet\/#primaryimage"},"image":{"@id":"https:\/\/www.alldayled.com\/de\/produkt\/dubbelbrander-rood-compleet\/#primaryimage"},"thumbnailUrl":"https:\/\/www.alldayled.com\/wp-content\/uploads\/2023\/04\/ADL50270.png","datePublished":"2023-04-14T08:13:33+00:00","dateModified":"2026-04-07T13:39:13+00:00","description":"Doppelbrenner rotes Lampenglas - doppelpolig mit BA15S Lampenfassung - f\u00fcr LKW, Anh\u00e4nger und mehr - f\u00fcr 12 und 24 Volt Betrieb - KEINE E-Pr\u00fcfzeichen","breadcrumb":{"@id":"https:\/\/www.alldayled.com\/de\/produkt\/dubbelbrander-rood-compleet\/#breadcrumb"},"inLanguage":"de","potentialAction":[{"@type":"ReadAction","target":["https:\/\/www.alldayled.com\/de\/produkt\/dubbelbrander-rood-compleet\/"]}]},{"@type":"ImageObject","inLanguage":"de","@id":"https:\/\/www.alldayled.com\/de\/produkt\/dubbelbrander-rood-compleet\/#primaryimage","url":"https:\/\/www.alldayled.com\/wp-content\/uploads\/2023\/04\/ADL50270.png","contentUrl":"https:\/\/www.alldayled.com\/wp-content\/uploads\/2023\/04\/ADL50270.png","width":800,"height":600,"caption":"Doppelbrenner mit ROTEM Glas - Nedking Doppelbrenner mit doppelter BA15S Lampenfassung - f\u00fcr 12 &amp; 24 Volt - EAN: 6090441493466"},{"@type":"BreadcrumbList","@id":"https:\/\/www.alldayled.com\/de\/produkt\/dubbelbrander-rood-compleet\/#breadcrumb","itemListElement":[{"@type":"ListItem","position":1,"name":"Home","item":"https:\/\/www.alldayled.com\/de\/"},{"@type":"ListItem","position":2,"name":"Shop","item":"https:\/\/www.alldayled.com\/de\/shop\/"},{"@type":"ListItem","position":3,"name":"Andere","item":"https:\/\/www.alldayled.com\/de\/produkt-kategorie\/andere-produkte\/"},{"@type":"ListItem","position":4,"name":"Doppelbrenner","item":"https:\/\/www.alldayled.com\/de\/produkt-kategorie\/andere-produkte\/dubbelbranders\/"},{"@type":"ListItem","position":5,"name":"Doppelbrenner rot"}]},{"@type":"WebSite","@id":"https:\/\/www.alldayled.com\/de\/#website","url":"https:\/\/www.alldayled.com\/de\/","name":"All Day Led","description":"Verlichting voor 12&amp;24 volt gebruik","publisher":{"@id":"https:\/\/www.alldayled.com\/de\/#organization"},"potentialAction":[{"@type":"SearchAction","target":{"@type":"EntryPoint","urlTemplate":"https:\/\/www.alldayled.com\/de\/?s={search_term_string}"},"query-input":{"@type":"PropertyValueSpecification","valueRequired":true,"valueName":"search_term_string"}}],"inLanguage":"de"},{"@type":"Organization","@id":"https:\/\/www.alldayled.com\/de\/#organization","name":"All Day Led","url":"https:\/\/www.alldayled.com\/de\/","logo":{"@type":"ImageObject","inLanguage":"de","@id":"https:\/\/www.alldayled.com\/de\/#\/schema\/logo\/image\/","url":"https:\/\/www.alldayled.com\/wp-content\/uploads\/2025\/10\/Logo-ALL-DAY-LED-800x800-zwart-witte-letters.png","contentUrl":"https:\/\/www.alldayled.com\/wp-content\/uploads\/2025\/10\/Logo-ALL-DAY-LED-800x800-zwart-witte-letters.png","width":800,"height":800,"caption":"All Day Led"},"image":{"@id":"https:\/\/www.alldayled.com\/de\/#\/schema\/logo\/image\/"},"sameAs":["https:\/\/www.facebook.com\/alldayled\/","https:\/\/www.instagram.com\/alldayled\/"],"vatID":"NL863960133B01","taxID":"86416545"}]},"product_brand":"Nedking","product_price_amount":"12.95","product_price_currency":"EUR","og_availability":"instock","product_availability":"instock","product_retailer_item_id":"ADL50270","product_condition":"new"},"_links":{"self":[{"href":"https:\/\/www.alldayled.com\/de\/wp-json\/wp\/v2\/product\/67441","targetHints":{"allow":["GET"]}}],"collection":[{"href":"https:\/\/www.alldayled.com\/de\/wp-json\/wp\/v2\/product"}],"about":[{"href":"https:\/\/www.alldayled.com\/de\/wp-json\/wp\/v2\/types\/product"}],"replies":[{"embeddable":true,"href":"https:\/\/www.alldayled.com\/de\/wp-json\/wp\/v2\/comments?post=67441"}],"wp:featuredmedia":[{"embeddable":true,"href":"https:\/\/www.alldayled.com\/de\/wp-json\/wp\/v2\/media\/24918"}],"wp:attachment":[{"href":"https:\/\/www.alldayled.com\/de\/wp-json\/wp\/v2\/media?parent=67441"}],"wp:term":[{"taxonomy":"product_brand","embeddable":true,"href":"https:\/\/www.alldayled.com\/de\/wp-json\/wp\/v2\/product_brand?post=67441"},{"taxonomy":"product_cat","embeddable":true,"href":"https:\/\/www.alldayled.com\/de\/wp-json\/wp\/v2\/product_cat?post=67441"},{"taxonomy":"product_tag","embeddable":true,"href":"https:\/\/www.alldayled.com\/de\/wp-json\/wp\/v2\/product_tag?post=67441"}],"curies":[{"name":"wp","href":"https:\/\/api.w.org\/{rel}","templated":true}]}}