{"id":67450,"date":"2021-06-16T14:11:16","date_gmt":"2021-06-16T12:11:16","guid":{"rendered":"https:\/\/www.alldayled.com\/product\/nedking-led-dubbelbrander-wit-24-volt\/"},"modified":"2026-04-16T18:31:23","modified_gmt":"2026-04-16T16:31:23","slug":"nedking-led-dubbelbrander-wit-24-volt","status":"publish","type":"product","link":"https:\/\/www.alldayled.com\/de\/produkt\/nedking-led-dubbelbrander-wit-24-volt\/","title":{"rendered":"Nedking LED Doppelbrenner wei\u00df &#8211; 24V"},"content":{"rendered":"<p><span style=\"color: #000000;\"><strong>Nedking LED Doppelbrenner wei\u00df mit klarem Glas, geeignet f\u00fcr 24 Volt Betrieb. <\/strong><\/span><\/p>\n<p><span style=\"color: #000000;\">Sind Sie auf der Suche nach einem Full-LED-Doppelbrenner? Dann ist dieser LED Doppelbrenner wei\u00df von der Marke Nedking vielleicht die Lampe, die Sie suchen. Die LED Lampe ist mit 8 LED&#8217;s ausgestattet. Durch die 8 LED&#8217;s k\u00f6nnen Sie sicher sein, dass Sie mit einem geringen Stromverbrauch gut beleuchtet unterwegs sind. Dadurch sind Sie sicher, dass Sie sowohl tags\u00fcber als auch abends gut sichtbar sind. Der LED Doppelbrenner wei\u00df der Marke Nedking ist nur f\u00fcr 24 Volt geeignet. Das bedeutet, dass Sie diese LED Beleuchtung nur f\u00fcr beispielsweise Ihren LKW oder Anh\u00e4nger verwenden k\u00f6nnen.      <\/span><\/p>\n<p><span style=\"color: #000000;\">Um sicherzustellen, dass der Full-LED-Doppelbrenner wei\u00df der Marke Nedking f\u00fcr Ihren LKW oder Anh\u00e4nger geeignet ist, haben wir im Folgenden einige Spezifikationen aufgef\u00fchrt. All dies, um deutlich zu machen, warum dies vielleicht die LED Lampe ist, die Sie suchen. Der LED Doppelbrenner ist unter anderem mit dem ECE R10-Pr\u00fcfzeichen versehen. Dieses Pr\u00fcfzeichen bedeutet, dass die Lampe w\u00e4hrend der Aktivierung keine St\u00f6rungen verursacht, beispielsweise auf dem Funksignal. Auch diese orangefarbene LED Markierungsleuchte ist mit dem ECE R7-Pr\u00fcfzeichen versehen. Dieses Pr\u00fcfzeichen gibt an, dass die LED Lampe als Positionsleuchte verwendet werden darf. Um das Ganze abzurunden, wird diese LED Lampe mit einem 50 cm langen Kabel geliefert.       <\/span><\/p>\n<h5><span style=\"color: #000000;\"><strong>Abmessungen:<\/strong><\/span><\/h5>\n<p><span style=\"color: #000000;\">Um sicherzustellen, dass Sie den LED Doppelbrenner dort montieren k\u00f6nnen, wo Sie m\u00f6chten, haben wir im Folgenden die Abmessungen notiert. Die Abmessungen des Full-LED-Doppelbrenners wei\u00df der Marke Nedking sind wie folgt: <\/span><\/p>\n<ul>\n<li><span style=\"color: #000000;\">H\u00f6he: 55,1 mm<\/span><\/li>\n<li><span style=\"color: #000000;\">Breite: 126,6 mm<\/span><\/li>\n<li><span style=\"color: #000000;\">Dicke: 39,2 mm<\/span><\/li>\n<\/ul>\n<h5><span style=\"color: #000000;\"><strong>Andere Farben:<\/strong><\/span><\/h5>\n<p><span style=\"color: #000000;\">Sind Sie auf der Suche nach einem LED Doppelbrenner, aber nicht nach der Ausf\u00fchrung mit klarem Glas? Dann wissen Sie, dass der Nedking Full-LED-Doppelbrenner wei\u00df auch mit orangefarbenem Glas erh\u00e4ltlich ist. Die Ausf\u00fchrung mit orangefarbenem Glas finden Sie hier:   <\/span><\/p>\n<ul>\n<li><span style=\"color: #000000;\"><a style=\"color: #000000;\" href=\"https:\/\/www.alldayled.com\/de\/produkt\/nedking-led-dubbelbrander-oranje-24-volt\/\"><strong>Nedking Full-LED-Doppelbrenner &#8211; orange<\/strong><\/a><\/span><\/li>\n<\/ul>\n<p><span style=\"color: #000000;\">Sind Sie der Meinung, dass der LED Doppelbrenner nicht das ist, was Sie suchen? Einfach, weil die Farbe oder Spannung nicht Ihren W\u00fcnschen entspricht? Dann werfen Sie einen Blick auf unsere Seite <g id=\"gid_0\">Doppelbrenner<\/g>. Vielleicht finden Sie hier das Lampenmodell, das Sie suchen.    <\/span><\/p>\n","protected":false},"excerpt":{"rendered":"<p>Nedking LED Doppelbrenner wei\u00df, geeignet f\u00fcr 24V. Mit E-Pr\u00fcfzeichen (R10 + R91). <\/p>\n","protected":false},"featured_media":19377,"comment_status":"open","ping_status":"closed","template":"","meta":{"_acf_changed":false},"product_brand":[6505],"product_cat":[5115],"product_tag":[9241,9242,9243,9184],"class_list":{"0":"post-67450","1":"product","2":"type-product","3":"status-publish","4":"has-post-thumbnail","6":"product_brand-product-nedking","7":"product_cat-dubbelbranders","8":"product_tag-doppelbrenner","9":"product_tag-doppelbrenner-anhanger","10":"product_tag-doppelbrenner-lkw","11":"product_tag-nedking-beleuchtung","13":"first","14":"instock","15":"taxable","16":"shipping-taxable","17":"purchasable","18":"product-type-simple"},"acf":[],"yoast_head":"<!-- This site is optimized with the Yoast SEO Premium plugin v26.5 (Yoast SEO v27.1.1) - https:\/\/yoast.com\/product\/yoast-seo-premium-wordpress\/ -->\n<title>Nedking LED Doppelbrenner wei\u00df - All Day Led - f\u00fcr 24 Volt<\/title>\n<meta name=\"description\" content=\"Nedking LED Doppelbrenner wei\u00df - f\u00fcr LKW, Anh\u00e4nger und mehr - f\u00fcr 24 Volt Betrieb - mit 8 LED&#039;s - mit Anschlusskabel - ECE R7\" \/>\n<meta name=\"robots\" content=\"index, follow, max-snippet:-1, max-image-preview:large, max-video-preview:-1\" \/>\n<link rel=\"canonical\" href=\"https:\/\/www.alldayled.com\/de\/produkt\/nedking-led-dubbelbrander-wit-24-volt\/\" \/>\n<meta property=\"og:locale\" content=\"de_DE\" \/>\n<meta property=\"og:type\" content=\"article\" \/>\n<meta property=\"og:title\" content=\"Nedking LED Doppelbrenner wei\u00df - All Day Led - f\u00fcr 24 Volt\" \/>\n<meta property=\"og:description\" content=\"Nedking LED Doppelbrenner wei\u00df - f\u00fcr LKW, Anh\u00e4nger und mehr - f\u00fcr 24 Volt Betrieb - mit 8 LED&#039;s - mit Anschlusskabel - ECE R7\" \/>\n<meta property=\"og:url\" content=\"https:\/\/www.alldayled.com\/de\/produkt\/nedking-led-dubbelbrander-wit-24-volt\/\" \/>\n<meta property=\"og:site_name\" content=\"All Day Led\" \/>\n<meta property=\"article:publisher\" content=\"https:\/\/www.facebook.com\/alldayled\/\" \/>\n<meta property=\"article:modified_time\" content=\"2026-04-16T16:31:23+00:00\" \/>\n<meta property=\"og:image\" content=\"https:\/\/www.alldayled.com\/wp-content\/uploads\/2024\/06\/ADL35273-LED-300x300.png\" \/>\n<meta name=\"twitter:label1\" content=\"Preis\" \/>\n\t<meta name=\"twitter:data1\" content=\"&euro;&nbsp;25,00\" \/>\n\t<meta name=\"twitter:label2\" content=\"Verf\u00fcgbarkeit\" \/>\n\t<meta name=\"twitter:data2\" content=\"Auf Lager\" \/>\n<script type=\"application\/ld+json\" class=\"yoast-schema-graph\">{\"@context\":\"https:\/\/schema.org\",\"@graph\":[{\"@type\":\"WebPage\",\"@id\":\"https:\/\/www.alldayled.com\/de\/produkt\/nedking-led-dubbelbrander-wit-24-volt\/\",\"url\":\"https:\/\/www.alldayled.com\/de\/produkt\/nedking-led-dubbelbrander-wit-24-volt\/\",\"name\":\"Nedking LED Doppelbrenner wei\u00df - All Day Led - f\u00fcr 24 Volt\",\"isPartOf\":{\"@id\":\"https:\/\/www.alldayled.com\/de\/#website\"},\"primaryImageOfPage\":{\"@id\":\"https:\/\/www.alldayled.com\/de\/produkt\/nedking-led-dubbelbrander-wit-24-volt\/#primaryimage\"},\"image\":{\"@id\":\"https:\/\/www.alldayled.com\/de\/produkt\/nedking-led-dubbelbrander-wit-24-volt\/#primaryimage\"},\"thumbnailUrl\":\"https:\/\/www.alldayled.com\/wp-content\/uploads\/2021\/06\/ADL35273.-LED.png\",\"datePublished\":\"2021-06-16T12:11:16+00:00\",\"dateModified\":\"2026-04-16T16:31:23+00:00\",\"description\":\"Nedking LED Doppelbrenner wei\u00df - f\u00fcr LKW, Anh\u00e4nger und mehr - f\u00fcr 24 Volt Betrieb - mit 8 LED's - mit Anschlusskabel - ECE R7\",\"breadcrumb\":{\"@id\":\"https:\/\/www.alldayled.com\/de\/produkt\/nedking-led-dubbelbrander-wit-24-volt\/#breadcrumb\"},\"inLanguage\":\"de\",\"potentialAction\":[{\"@type\":\"ReadAction\",\"target\":[\"https:\/\/www.alldayled.com\/de\/produkt\/nedking-led-dubbelbrander-wit-24-volt\/\"]}]},{\"@type\":\"ImageObject\",\"inLanguage\":\"de\",\"@id\":\"https:\/\/www.alldayled.com\/de\/produkt\/nedking-led-dubbelbrander-wit-24-volt\/#primaryimage\",\"url\":\"https:\/\/www.alldayled.com\/wp-content\/uploads\/2021\/06\/ADL35273.-LED.png\",\"contentUrl\":\"https:\/\/www.alldayled.com\/wp-content\/uploads\/2021\/06\/ADL35273.-LED.png\",\"width\":800,\"height\":600,\"caption\":\"Nedking LED Doppelbrenner wei\u00df - mit 8 LED's - nur geeignet f\u00fcr 24 Volt Betrieb - LKW- und Anh\u00e4ngerbeleuchtung - EAN: 6090428693605\"},{\"@type\":\"BreadcrumbList\",\"@id\":\"https:\/\/www.alldayled.com\/de\/produkt\/nedking-led-dubbelbrander-wit-24-volt\/#breadcrumb\",\"itemListElement\":[{\"@type\":\"ListItem\",\"position\":1,\"name\":\"Home\",\"item\":\"https:\/\/www.alldayled.com\/de\/\"},{\"@type\":\"ListItem\",\"position\":2,\"name\":\"Shop\",\"item\":\"https:\/\/www.alldayled.com\/de\/shop\/\"},{\"@type\":\"ListItem\",\"position\":3,\"name\":\"Andere\",\"item\":\"https:\/\/www.alldayled.com\/de\/produkt-kategorie\/andere-produkte\/\"},{\"@type\":\"ListItem\",\"position\":4,\"name\":\"Doppelbrenner\",\"item\":\"https:\/\/www.alldayled.com\/de\/produkt-kategorie\/andere-produkte\/dubbelbranders\/\"},{\"@type\":\"ListItem\",\"position\":5,\"name\":\"Nedking LED Doppelbrenner wei\u00df &#8211; 24V\"}]},{\"@type\":\"WebSite\",\"@id\":\"https:\/\/www.alldayled.com\/de\/#website\",\"url\":\"https:\/\/www.alldayled.com\/de\/\",\"name\":\"All Day Led\",\"description\":\"Verlichting voor 12&amp;24 volt gebruik\",\"publisher\":{\"@id\":\"https:\/\/www.alldayled.com\/de\/#organization\"},\"potentialAction\":[{\"@type\":\"SearchAction\",\"target\":{\"@type\":\"EntryPoint\",\"urlTemplate\":\"https:\/\/www.alldayled.com\/de\/?s={search_term_string}\"},\"query-input\":{\"@type\":\"PropertyValueSpecification\",\"valueRequired\":true,\"valueName\":\"search_term_string\"}}],\"inLanguage\":\"de\"},{\"@type\":\"Organization\",\"@id\":\"https:\/\/www.alldayled.com\/de\/#organization\",\"name\":\"All Day Led\",\"url\":\"https:\/\/www.alldayled.com\/de\/\",\"logo\":{\"@type\":\"ImageObject\",\"inLanguage\":\"de\",\"@id\":\"https:\/\/www.alldayled.com\/de\/#\/schema\/logo\/image\/\",\"url\":\"https:\/\/www.alldayled.com\/wp-content\/uploads\/2025\/10\/Logo-ALL-DAY-LED-800x800-zwart-witte-letters.png\",\"contentUrl\":\"https:\/\/www.alldayled.com\/wp-content\/uploads\/2025\/10\/Logo-ALL-DAY-LED-800x800-zwart-witte-letters.png\",\"width\":800,\"height\":800,\"caption\":\"All Day Led\"},\"image\":{\"@id\":\"https:\/\/www.alldayled.com\/de\/#\/schema\/logo\/image\/\"},\"sameAs\":[\"https:\/\/www.facebook.com\/alldayled\/\",\"https:\/\/www.instagram.com\/alldayled\/\"],\"vatID\":\"NL863960133B01\",\"taxID\":\"86416545\"}]}<\/script>\n<meta property=\"product:brand\" content=\"Nedking\" \/>\n<meta property=\"product:price:amount\" content=\"25.00\" \/>\n<meta property=\"product:price:currency\" content=\"EUR\" \/>\n<meta property=\"og:availability\" content=\"instock\" \/>\n<meta property=\"product:availability\" content=\"instock\" \/>\n<meta property=\"product:retailer_item_id\" content=\"ADL35273-LED\" \/>\n<meta property=\"product:condition\" content=\"new\" \/>\n<!-- \/ Yoast SEO Premium plugin. -->","yoast_head_json":{"title":"Nedking LED Doppelbrenner wei\u00df - All Day Led - f\u00fcr 24 Volt","description":"Nedking LED Doppelbrenner wei\u00df - f\u00fcr LKW, Anh\u00e4nger und mehr - f\u00fcr 24 Volt Betrieb - mit 8 LED's - mit Anschlusskabel - ECE R7","robots":{"index":"index","follow":"follow","max-snippet":"max-snippet:-1","max-image-preview":"max-image-preview:large","max-video-preview":"max-video-preview:-1"},"canonical":"https:\/\/www.alldayled.com\/de\/produkt\/nedking-led-dubbelbrander-wit-24-volt\/","og_locale":"de_DE","og_type":"article","og_title":"Nedking LED Doppelbrenner wei\u00df - All Day Led - f\u00fcr 24 Volt","og_description":"Nedking LED Doppelbrenner wei\u00df - f\u00fcr LKW, Anh\u00e4nger und mehr - f\u00fcr 24 Volt Betrieb - mit 8 LED's - mit Anschlusskabel - ECE R7","og_url":"https:\/\/www.alldayled.com\/de\/produkt\/nedking-led-dubbelbrander-wit-24-volt\/","og_site_name":"All Day Led","article_publisher":"https:\/\/www.facebook.com\/alldayled\/","article_modified_time":"2026-04-16T16:31:23+00:00","og_image":[{"url":"https:\/\/www.alldayled.com\/wp-content\/uploads\/2024\/06\/ADL35273-LED-300x300.png","type":"","width":"","height":""}],"twitter_misc":{"Preis":"&euro;&nbsp;25,00","Verf\u00fcgbarkeit":"Auf Lager"},"schema":{"@context":"https:\/\/schema.org","@graph":[{"@type":"WebPage","@id":"https:\/\/www.alldayled.com\/de\/produkt\/nedking-led-dubbelbrander-wit-24-volt\/","url":"https:\/\/www.alldayled.com\/de\/produkt\/nedking-led-dubbelbrander-wit-24-volt\/","name":"Nedking LED Doppelbrenner wei\u00df - All Day Led - f\u00fcr 24 Volt","isPartOf":{"@id":"https:\/\/www.alldayled.com\/de\/#website"},"primaryImageOfPage":{"@id":"https:\/\/www.alldayled.com\/de\/produkt\/nedking-led-dubbelbrander-wit-24-volt\/#primaryimage"},"image":{"@id":"https:\/\/www.alldayled.com\/de\/produkt\/nedking-led-dubbelbrander-wit-24-volt\/#primaryimage"},"thumbnailUrl":"https:\/\/www.alldayled.com\/wp-content\/uploads\/2021\/06\/ADL35273.-LED.png","datePublished":"2021-06-16T12:11:16+00:00","dateModified":"2026-04-16T16:31:23+00:00","description":"Nedking LED Doppelbrenner wei\u00df - f\u00fcr LKW, Anh\u00e4nger und mehr - f\u00fcr 24 Volt Betrieb - mit 8 LED's - mit Anschlusskabel - ECE R7","breadcrumb":{"@id":"https:\/\/www.alldayled.com\/de\/produkt\/nedking-led-dubbelbrander-wit-24-volt\/#breadcrumb"},"inLanguage":"de","potentialAction":[{"@type":"ReadAction","target":["https:\/\/www.alldayled.com\/de\/produkt\/nedking-led-dubbelbrander-wit-24-volt\/"]}]},{"@type":"ImageObject","inLanguage":"de","@id":"https:\/\/www.alldayled.com\/de\/produkt\/nedking-led-dubbelbrander-wit-24-volt\/#primaryimage","url":"https:\/\/www.alldayled.com\/wp-content\/uploads\/2021\/06\/ADL35273.-LED.png","contentUrl":"https:\/\/www.alldayled.com\/wp-content\/uploads\/2021\/06\/ADL35273.-LED.png","width":800,"height":600,"caption":"Nedking LED Doppelbrenner wei\u00df - mit 8 LED's - nur geeignet f\u00fcr 24 Volt Betrieb - LKW- und Anh\u00e4ngerbeleuchtung - EAN: 6090428693605"},{"@type":"BreadcrumbList","@id":"https:\/\/www.alldayled.com\/de\/produkt\/nedking-led-dubbelbrander-wit-24-volt\/#breadcrumb","itemListElement":[{"@type":"ListItem","position":1,"name":"Home","item":"https:\/\/www.alldayled.com\/de\/"},{"@type":"ListItem","position":2,"name":"Shop","item":"https:\/\/www.alldayled.com\/de\/shop\/"},{"@type":"ListItem","position":3,"name":"Andere","item":"https:\/\/www.alldayled.com\/de\/produkt-kategorie\/andere-produkte\/"},{"@type":"ListItem","position":4,"name":"Doppelbrenner","item":"https:\/\/www.alldayled.com\/de\/produkt-kategorie\/andere-produkte\/dubbelbranders\/"},{"@type":"ListItem","position":5,"name":"Nedking LED Doppelbrenner wei\u00df &#8211; 24V"}]},{"@type":"WebSite","@id":"https:\/\/www.alldayled.com\/de\/#website","url":"https:\/\/www.alldayled.com\/de\/","name":"All Day Led","description":"Verlichting voor 12&amp;24 volt gebruik","publisher":{"@id":"https:\/\/www.alldayled.com\/de\/#organization"},"potentialAction":[{"@type":"SearchAction","target":{"@type":"EntryPoint","urlTemplate":"https:\/\/www.alldayled.com\/de\/?s={search_term_string}"},"query-input":{"@type":"PropertyValueSpecification","valueRequired":true,"valueName":"search_term_string"}}],"inLanguage":"de"},{"@type":"Organization","@id":"https:\/\/www.alldayled.com\/de\/#organization","name":"All Day Led","url":"https:\/\/www.alldayled.com\/de\/","logo":{"@type":"ImageObject","inLanguage":"de","@id":"https:\/\/www.alldayled.com\/de\/#\/schema\/logo\/image\/","url":"https:\/\/www.alldayled.com\/wp-content\/uploads\/2025\/10\/Logo-ALL-DAY-LED-800x800-zwart-witte-letters.png","contentUrl":"https:\/\/www.alldayled.com\/wp-content\/uploads\/2025\/10\/Logo-ALL-DAY-LED-800x800-zwart-witte-letters.png","width":800,"height":800,"caption":"All Day Led"},"image":{"@id":"https:\/\/www.alldayled.com\/de\/#\/schema\/logo\/image\/"},"sameAs":["https:\/\/www.facebook.com\/alldayled\/","https:\/\/www.instagram.com\/alldayled\/"],"vatID":"NL863960133B01","taxID":"86416545"}]},"product_brand":"Nedking","product_price_amount":"25.00","product_price_currency":"EUR","og_availability":"instock","product_availability":"instock","product_retailer_item_id":"ADL35273-LED","product_condition":"new"},"_links":{"self":[{"href":"https:\/\/www.alldayled.com\/de\/wp-json\/wp\/v2\/product\/67450","targetHints":{"allow":["GET"]}}],"collection":[{"href":"https:\/\/www.alldayled.com\/de\/wp-json\/wp\/v2\/product"}],"about":[{"href":"https:\/\/www.alldayled.com\/de\/wp-json\/wp\/v2\/types\/product"}],"replies":[{"embeddable":true,"href":"https:\/\/www.alldayled.com\/de\/wp-json\/wp\/v2\/comments?post=67450"}],"wp:featuredmedia":[{"embeddable":true,"href":"https:\/\/www.alldayled.com\/de\/wp-json\/wp\/v2\/media\/19377"}],"wp:attachment":[{"href":"https:\/\/www.alldayled.com\/de\/wp-json\/wp\/v2\/media?parent=67450"}],"wp:term":[{"taxonomy":"product_brand","embeddable":true,"href":"https:\/\/www.alldayled.com\/de\/wp-json\/wp\/v2\/product_brand?post=67450"},{"taxonomy":"product_cat","embeddable":true,"href":"https:\/\/www.alldayled.com\/de\/wp-json\/wp\/v2\/product_cat?post=67450"},{"taxonomy":"product_tag","embeddable":true,"href":"https:\/\/www.alldayled.com\/de\/wp-json\/wp\/v2\/product_tag?post=67450"}],"curies":[{"name":"wp","href":"https:\/\/api.w.org\/{rel}","templated":true}]}}