{"id":67457,"date":"2024-03-04T11:30:15","date_gmt":"2024-03-04T10:30:15","guid":{"rendered":"https:\/\/www.alldayled.com\/product\/m-led-dubbelbrander-smoke\/"},"modified":"2026-03-06T19:18:06","modified_gmt":"2026-03-06T18:18:06","slug":"m-led-dubbelbrander-smoke","status":"publish","type":"product","link":"https:\/\/www.alldayled.com\/de\/produkt\/m-led-dubbelbrander-smoke\/","title":{"rendered":"M-LED Doppelbrenner smoke"},"content":{"rendered":"<p><span style=\"color: #000000;\"><strong>M-LED Doppelbrenner SMOKE mit Dual Color Standlicht und Blitz. <\/strong><\/span><\/p>\n<p><span style=\"color: #000000;\">Sind Sie auf der Suche nach einem LED Doppelbrenner? Und m\u00f6chten Sie, dass dieser die Farbe zwischen ORANGE und WEISS wechseln kann und \u00fcber eine eingebaute Blitzmodul verf\u00fcgt? Dann ist der M-LED Doppelbrenner mit Warnleuchte vielleicht die Lampe, die Sie suchen. Die Markierungsleuchte hat 4 helle LED\u2019s und eine eingebaute Strobofunktion. Die Blitzfunktion hat 20 verschiedene Muster und kann sogar mit anderen Lampen synchronisiert werden. Der M-LED Doppelbrenner funktioniert mit 12 und 24 Volt. Das bedeutet, dass Sie ihn einfach an Ihrem Auto, Camper, LKW, Anh\u00e4nger oder einem anderen Fahrzeug montieren k\u00f6nnen.      <\/span><\/p>\n<p><span style=\"color: #000000;\">Um sicherzustellen, dass dieser M-LED Doppelbrenner mit Smoke Glas und zweifarbigen Licht f\u00fcr Ihr Fahrzeug oder Ihren Anh\u00e4nger geeignet ist, haben wir die wichtigsten Eigenschaften im Folgenden aufgelistet. Der Doppelbrenner mit dunkler Linse ist mit dem ECE R10-Pr\u00fcfzeichen versehen. Dar\u00fcber hinaus verf\u00fcgt die WEISS-ORANGE Version auch \u00fcber das ECE R65- und ECE R148-Pr\u00fcfzeichen. Diese Pr\u00fcfzeichen garantieren, dass Sie die Lampe als Markierungs- und Signalisationslampe verwenden d\u00fcrfen. Au\u00dferdem wird die Lampe mit einem 2 Meter langen Anschlusskabel geliefert, sodass die Installation schnell und einfach verl\u00e4uft.    <\/span><\/p>\n<h5><span style=\"color: #000000;\"><strong>Abmessungen:<\/strong><\/span><\/h5>\n<p><span style=\"color: #000000;\">Da Sie vor dem Kauf sicher sein m\u00f6chten, dass die Lampe genau dort passt, wo Sie sie montieren m\u00f6chten, haben wir im Folgenden die Abmessungen des LED Doppelbrenners notiert. Die Abmessungen des M-LED Doppelbrenner SMOKE mit Warnleuchte sind wie folgt: <\/span><\/p>\n<ul>\n<li><span style=\"color: #000000;\">Breite: 125 mm<\/span><\/li>\n<li><span style=\"color: #000000;\">H\u00f6he: 54 mm<\/span><\/li>\n<li><span style=\"color: #000000;\">Dicke: 33 mm<\/span><\/li>\n<\/ul>\n<h5><span style=\"color: #000000;\"><strong>Andere Farben:<\/strong><\/span><\/h5>\n<p><span style=\"color: #000000;\">Sind Sie zwar auf der Suche nach einem M-LED Doppelbrenner, aber die SMOKE-Ausf\u00fchrung ist nicht das, was Sie suchen? Kein Problem! Der Full LED Doppelbrenner mit Warnleuchte ist n\u00e4mlich auch in den folgenden Ausf\u00fchrungen erh\u00e4ltlich:<\/span><\/p>\n<ul>\n<li><span style=\"color: #000000;\"><a style=\"color: #000000;\" href=\"https:\/\/www.alldayled.com\/de\/produkt\/m-led-dubbelbrander-helder\/\" target=\"_blank\" rel=\"noopener\"><strong>Doppelbrenner HELLE <\/strong><\/a><\/span><\/li>\n<li><span style=\"color: #000000;\"><a style=\"color: #000000;\" href=\"https:\/\/www.alldayled.com\/de\/produkt\/m-led-dubbelbrander-oranje\/\" target=\"_blank\" rel=\"noopener\"><strong>Doppelbrenner ORANGE <\/strong><\/a><\/span><\/li>\n<\/ul>\n<p><span style=\"color: #000000;\">Sind Sie doch der Meinung, dass der M-LED Doppelbrenner SMOKE nicht das ist, was Sie suchen? Einfach, weil die Farbe oder Spannung nicht Ihren W\u00fcnschen entspricht? Dann werfen Sie doch einmal einen Blick auf unsere Seite <g id=\"gid_0\">Doppelbrenner<\/g>. Vielleicht finden Sie hier das Lampenmodell, das Sie suchen.    <\/span><\/p>\n","protected":false},"excerpt":{"rendered":"<p>M-LED Doppelbrenner mit orangefarbenem Blitz, geeignet f\u00fcr 12 und 24 Volt.<\/p>\n","protected":false},"featured_media":26775,"comment_status":"open","ping_status":"closed","template":"","meta":{"_acf_changed":false},"product_brand":[6499],"product_cat":[5115],"product_tag":[9241,9242,9243],"class_list":{"0":"post-67457","1":"product","2":"type-product","3":"status-publish","4":"has-post-thumbnail","6":"product_brand-product-m-led","7":"product_cat-dubbelbranders","8":"product_tag-doppelbrenner","9":"product_tag-doppelbrenner-anhanger","10":"product_tag-doppelbrenner-lkw","12":"first","13":"instock","14":"taxable","15":"shipping-taxable","16":"purchasable","17":"product-type-simple"},"acf":[],"yoast_head":"<!-- This site is optimized with the Yoast SEO Premium plugin v26.5 (Yoast SEO v27.1.1) - https:\/\/yoast.com\/product\/yoast-seo-premium-wordpress\/ -->\n<title>M-LED Doppelbrenner SMOKE mit Blitzlampe - All Day Led - f\u00fcr 12&amp;24V<\/title>\n<meta name=\"description\" content=\"M-LED Doppelbrenner SMOKE - f\u00fcr Auto, LKW, Camper, Anh\u00e4nger und mehr - mit ECE R65 + ECE R148 - ORANGE \/ WEISS LED und Blitz - f\u00fcr 12&amp;24V\" \/>\n<meta name=\"robots\" content=\"index, follow, max-snippet:-1, max-image-preview:large, max-video-preview:-1\" \/>\n<link rel=\"canonical\" href=\"https:\/\/www.alldayled.com\/de\/produkt\/m-led-dubbelbrander-smoke\/\" \/>\n<meta property=\"og:locale\" content=\"de_DE\" \/>\n<meta property=\"og:type\" content=\"article\" \/>\n<meta property=\"og:title\" content=\"M-LED Doppelbrenner SMOKE mit Blitzlampe - All Day Led - f\u00fcr 12&amp;24V\" \/>\n<meta property=\"og:description\" content=\"M-LED Doppelbrenner SMOKE - f\u00fcr Auto, LKW, Camper, Anh\u00e4nger und mehr - mit ECE R65 + ECE R148 - ORANGE \/ WEISS LED und Blitz - f\u00fcr 12&amp;24V\" \/>\n<meta property=\"og:url\" content=\"https:\/\/www.alldayled.com\/de\/produkt\/m-led-dubbelbrander-smoke\/\" \/>\n<meta property=\"og:site_name\" content=\"All Day Led\" \/>\n<meta property=\"article:publisher\" content=\"https:\/\/www.facebook.com\/alldayled\/\" \/>\n<meta property=\"article:modified_time\" content=\"2026-03-06T18:18:06+00:00\" \/>\n<meta property=\"og:image\" content=\"https:\/\/www.alldayled.com\/wp-content\/uploads\/2024\/06\/ADL20340-300x300.png\" \/>\n<meta name=\"twitter:label1\" content=\"Preis\" \/>\n\t<meta name=\"twitter:data1\" content=\"&euro;&nbsp;49,95\" \/>\n\t<meta name=\"twitter:label2\" content=\"Verf\u00fcgbarkeit\" \/>\n\t<meta name=\"twitter:data2\" content=\"Auf Lager\" \/>\n<script type=\"application\/ld+json\" class=\"yoast-schema-graph\">{\"@context\":\"https:\/\/schema.org\",\"@graph\":[{\"@type\":\"WebPage\",\"@id\":\"https:\/\/www.alldayled.com\/de\/produkt\/m-led-dubbelbrander-smoke\/\",\"url\":\"https:\/\/www.alldayled.com\/de\/produkt\/m-led-dubbelbrander-smoke\/\",\"name\":\"M-LED Doppelbrenner SMOKE mit Blitzlampe - All Day Led - f\u00fcr 12&24V\",\"isPartOf\":{\"@id\":\"https:\/\/www.alldayled.com\/de\/#website\"},\"primaryImageOfPage\":{\"@id\":\"https:\/\/www.alldayled.com\/de\/produkt\/m-led-dubbelbrander-smoke\/#primaryimage\"},\"image\":{\"@id\":\"https:\/\/www.alldayled.com\/de\/produkt\/m-led-dubbelbrander-smoke\/#primaryimage\"},\"thumbnailUrl\":\"https:\/\/www.alldayled.com\/wp-content\/uploads\/2024\/01\/ADL20340.png\",\"datePublished\":\"2024-03-04T10:30:15+00:00\",\"dateModified\":\"2026-03-06T18:18:06+00:00\",\"description\":\"M-LED Doppelbrenner SMOKE - f\u00fcr Auto, LKW, Camper, Anh\u00e4nger und mehr - mit ECE R65 + ECE R148 - ORANGE \/ WEISS LED und Blitz - f\u00fcr 12&24V\",\"breadcrumb\":{\"@id\":\"https:\/\/www.alldayled.com\/de\/produkt\/m-led-dubbelbrander-smoke\/#breadcrumb\"},\"inLanguage\":\"de\",\"potentialAction\":[{\"@type\":\"ReadAction\",\"target\":[\"https:\/\/www.alldayled.com\/de\/produkt\/m-led-dubbelbrander-smoke\/\"]}]},{\"@type\":\"ImageObject\",\"inLanguage\":\"de\",\"@id\":\"https:\/\/www.alldayled.com\/de\/produkt\/m-led-dubbelbrander-smoke\/#primaryimage\",\"url\":\"https:\/\/www.alldayled.com\/wp-content\/uploads\/2024\/01\/ADL20340.png\",\"contentUrl\":\"https:\/\/www.alldayled.com\/wp-content\/uploads\/2024\/01\/ADL20340.png\",\"width\":800,\"height\":600,\"caption\":\"M-LED Doppelbrenner SMOKE - FULL LED Doppelbrenner mit ORANGE - WEISS Licht, das das ECE R148 und ECE R65-Pr\u00fcfzeichen tr\u00e4gt - Doppelbrenner mit LED Blitz f\u00fcr 12 und 24 Volt Betrieb - M-LED ZM340\"},{\"@type\":\"BreadcrumbList\",\"@id\":\"https:\/\/www.alldayled.com\/de\/produkt\/m-led-dubbelbrander-smoke\/#breadcrumb\",\"itemListElement\":[{\"@type\":\"ListItem\",\"position\":1,\"name\":\"Home\",\"item\":\"https:\/\/www.alldayled.com\/de\/\"},{\"@type\":\"ListItem\",\"position\":2,\"name\":\"Shop\",\"item\":\"https:\/\/www.alldayled.com\/de\/shop\/\"},{\"@type\":\"ListItem\",\"position\":3,\"name\":\"Andere\",\"item\":\"https:\/\/www.alldayled.com\/de\/produkt-kategorie\/andere-produkte\/\"},{\"@type\":\"ListItem\",\"position\":4,\"name\":\"Doppelbrenner\",\"item\":\"https:\/\/www.alldayled.com\/de\/produkt-kategorie\/andere-produkte\/dubbelbranders\/\"},{\"@type\":\"ListItem\",\"position\":5,\"name\":\"M-LED Doppelbrenner smoke\"}]},{\"@type\":\"WebSite\",\"@id\":\"https:\/\/www.alldayled.com\/de\/#website\",\"url\":\"https:\/\/www.alldayled.com\/de\/\",\"name\":\"All Day Led\",\"description\":\"Verlichting voor 12&amp;24 volt gebruik\",\"publisher\":{\"@id\":\"https:\/\/www.alldayled.com\/de\/#organization\"},\"potentialAction\":[{\"@type\":\"SearchAction\",\"target\":{\"@type\":\"EntryPoint\",\"urlTemplate\":\"https:\/\/www.alldayled.com\/de\/?s={search_term_string}\"},\"query-input\":{\"@type\":\"PropertyValueSpecification\",\"valueRequired\":true,\"valueName\":\"search_term_string\"}}],\"inLanguage\":\"de\"},{\"@type\":\"Organization\",\"@id\":\"https:\/\/www.alldayled.com\/de\/#organization\",\"name\":\"All Day Led\",\"url\":\"https:\/\/www.alldayled.com\/de\/\",\"logo\":{\"@type\":\"ImageObject\",\"inLanguage\":\"de\",\"@id\":\"https:\/\/www.alldayled.com\/de\/#\/schema\/logo\/image\/\",\"url\":\"https:\/\/www.alldayled.com\/wp-content\/uploads\/2025\/10\/Logo-ALL-DAY-LED-800x800-zwart-witte-letters.png\",\"contentUrl\":\"https:\/\/www.alldayled.com\/wp-content\/uploads\/2025\/10\/Logo-ALL-DAY-LED-800x800-zwart-witte-letters.png\",\"width\":800,\"height\":800,\"caption\":\"All Day Led\"},\"image\":{\"@id\":\"https:\/\/www.alldayled.com\/de\/#\/schema\/logo\/image\/\"},\"sameAs\":[\"https:\/\/www.facebook.com\/alldayled\/\",\"https:\/\/www.instagram.com\/alldayled\/\"],\"vatID\":\"NL863960133B01\",\"taxID\":\"86416545\"}]}<\/script>\n<meta property=\"product:brand\" content=\"M-LED\" \/>\n<meta property=\"product:price:amount\" content=\"49.95\" \/>\n<meta property=\"product:price:currency\" content=\"EUR\" \/>\n<meta property=\"og:availability\" content=\"instock\" \/>\n<meta property=\"product:availability\" content=\"instock\" \/>\n<meta property=\"product:retailer_item_id\" content=\"ADL20340\" \/>\n<meta property=\"product:condition\" content=\"new\" \/>\n<!-- \/ Yoast SEO Premium plugin. -->","yoast_head_json":{"title":"M-LED Doppelbrenner SMOKE mit Blitzlampe - All Day Led - f\u00fcr 12&24V","description":"M-LED Doppelbrenner SMOKE - f\u00fcr Auto, LKW, Camper, Anh\u00e4nger und mehr - mit ECE R65 + ECE R148 - ORANGE \/ WEISS LED und Blitz - f\u00fcr 12&24V","robots":{"index":"index","follow":"follow","max-snippet":"max-snippet:-1","max-image-preview":"max-image-preview:large","max-video-preview":"max-video-preview:-1"},"canonical":"https:\/\/www.alldayled.com\/de\/produkt\/m-led-dubbelbrander-smoke\/","og_locale":"de_DE","og_type":"article","og_title":"M-LED Doppelbrenner SMOKE mit Blitzlampe - All Day Led - f\u00fcr 12&24V","og_description":"M-LED Doppelbrenner SMOKE - f\u00fcr Auto, LKW, Camper, Anh\u00e4nger und mehr - mit ECE R65 + ECE R148 - ORANGE \/ WEISS LED und Blitz - f\u00fcr 12&24V","og_url":"https:\/\/www.alldayled.com\/de\/produkt\/m-led-dubbelbrander-smoke\/","og_site_name":"All Day Led","article_publisher":"https:\/\/www.facebook.com\/alldayled\/","article_modified_time":"2026-03-06T18:18:06+00:00","og_image":[{"url":"https:\/\/www.alldayled.com\/wp-content\/uploads\/2024\/06\/ADL20340-300x300.png","type":"","width":"","height":""}],"twitter_misc":{"Preis":"&euro;&nbsp;49,95","Verf\u00fcgbarkeit":"Auf Lager"},"schema":{"@context":"https:\/\/schema.org","@graph":[{"@type":"WebPage","@id":"https:\/\/www.alldayled.com\/de\/produkt\/m-led-dubbelbrander-smoke\/","url":"https:\/\/www.alldayled.com\/de\/produkt\/m-led-dubbelbrander-smoke\/","name":"M-LED Doppelbrenner SMOKE mit Blitzlampe - All Day Led - f\u00fcr 12&24V","isPartOf":{"@id":"https:\/\/www.alldayled.com\/de\/#website"},"primaryImageOfPage":{"@id":"https:\/\/www.alldayled.com\/de\/produkt\/m-led-dubbelbrander-smoke\/#primaryimage"},"image":{"@id":"https:\/\/www.alldayled.com\/de\/produkt\/m-led-dubbelbrander-smoke\/#primaryimage"},"thumbnailUrl":"https:\/\/www.alldayled.com\/wp-content\/uploads\/2024\/01\/ADL20340.png","datePublished":"2024-03-04T10:30:15+00:00","dateModified":"2026-03-06T18:18:06+00:00","description":"M-LED Doppelbrenner SMOKE - f\u00fcr Auto, LKW, Camper, Anh\u00e4nger und mehr - mit ECE R65 + ECE R148 - ORANGE \/ WEISS LED und Blitz - f\u00fcr 12&24V","breadcrumb":{"@id":"https:\/\/www.alldayled.com\/de\/produkt\/m-led-dubbelbrander-smoke\/#breadcrumb"},"inLanguage":"de","potentialAction":[{"@type":"ReadAction","target":["https:\/\/www.alldayled.com\/de\/produkt\/m-led-dubbelbrander-smoke\/"]}]},{"@type":"ImageObject","inLanguage":"de","@id":"https:\/\/www.alldayled.com\/de\/produkt\/m-led-dubbelbrander-smoke\/#primaryimage","url":"https:\/\/www.alldayled.com\/wp-content\/uploads\/2024\/01\/ADL20340.png","contentUrl":"https:\/\/www.alldayled.com\/wp-content\/uploads\/2024\/01\/ADL20340.png","width":800,"height":600,"caption":"M-LED Doppelbrenner SMOKE - FULL LED Doppelbrenner mit ORANGE - WEISS Licht, das das ECE R148 und ECE R65-Pr\u00fcfzeichen tr\u00e4gt - Doppelbrenner mit LED Blitz f\u00fcr 12 und 24 Volt Betrieb - M-LED ZM340"},{"@type":"BreadcrumbList","@id":"https:\/\/www.alldayled.com\/de\/produkt\/m-led-dubbelbrander-smoke\/#breadcrumb","itemListElement":[{"@type":"ListItem","position":1,"name":"Home","item":"https:\/\/www.alldayled.com\/de\/"},{"@type":"ListItem","position":2,"name":"Shop","item":"https:\/\/www.alldayled.com\/de\/shop\/"},{"@type":"ListItem","position":3,"name":"Andere","item":"https:\/\/www.alldayled.com\/de\/produkt-kategorie\/andere-produkte\/"},{"@type":"ListItem","position":4,"name":"Doppelbrenner","item":"https:\/\/www.alldayled.com\/de\/produkt-kategorie\/andere-produkte\/dubbelbranders\/"},{"@type":"ListItem","position":5,"name":"M-LED Doppelbrenner smoke"}]},{"@type":"WebSite","@id":"https:\/\/www.alldayled.com\/de\/#website","url":"https:\/\/www.alldayled.com\/de\/","name":"All Day Led","description":"Verlichting voor 12&amp;24 volt gebruik","publisher":{"@id":"https:\/\/www.alldayled.com\/de\/#organization"},"potentialAction":[{"@type":"SearchAction","target":{"@type":"EntryPoint","urlTemplate":"https:\/\/www.alldayled.com\/de\/?s={search_term_string}"},"query-input":{"@type":"PropertyValueSpecification","valueRequired":true,"valueName":"search_term_string"}}],"inLanguage":"de"},{"@type":"Organization","@id":"https:\/\/www.alldayled.com\/de\/#organization","name":"All Day Led","url":"https:\/\/www.alldayled.com\/de\/","logo":{"@type":"ImageObject","inLanguage":"de","@id":"https:\/\/www.alldayled.com\/de\/#\/schema\/logo\/image\/","url":"https:\/\/www.alldayled.com\/wp-content\/uploads\/2025\/10\/Logo-ALL-DAY-LED-800x800-zwart-witte-letters.png","contentUrl":"https:\/\/www.alldayled.com\/wp-content\/uploads\/2025\/10\/Logo-ALL-DAY-LED-800x800-zwart-witte-letters.png","width":800,"height":800,"caption":"All Day Led"},"image":{"@id":"https:\/\/www.alldayled.com\/de\/#\/schema\/logo\/image\/"},"sameAs":["https:\/\/www.facebook.com\/alldayled\/","https:\/\/www.instagram.com\/alldayled\/"],"vatID":"NL863960133B01","taxID":"86416545"}]},"product_brand":"M-LED","product_price_amount":"49.95","product_price_currency":"EUR","og_availability":"instock","product_availability":"instock","product_retailer_item_id":"ADL20340","product_condition":"new"},"_links":{"self":[{"href":"https:\/\/www.alldayled.com\/de\/wp-json\/wp\/v2\/product\/67457","targetHints":{"allow":["GET"]}}],"collection":[{"href":"https:\/\/www.alldayled.com\/de\/wp-json\/wp\/v2\/product"}],"about":[{"href":"https:\/\/www.alldayled.com\/de\/wp-json\/wp\/v2\/types\/product"}],"replies":[{"embeddable":true,"href":"https:\/\/www.alldayled.com\/de\/wp-json\/wp\/v2\/comments?post=67457"}],"wp:featuredmedia":[{"embeddable":true,"href":"https:\/\/www.alldayled.com\/de\/wp-json\/wp\/v2\/media\/26775"}],"wp:attachment":[{"href":"https:\/\/www.alldayled.com\/de\/wp-json\/wp\/v2\/media?parent=67457"}],"wp:term":[{"taxonomy":"product_brand","embeddable":true,"href":"https:\/\/www.alldayled.com\/de\/wp-json\/wp\/v2\/product_brand?post=67457"},{"taxonomy":"product_cat","embeddable":true,"href":"https:\/\/www.alldayled.com\/de\/wp-json\/wp\/v2\/product_cat?post=67457"},{"taxonomy":"product_tag","embeddable":true,"href":"https:\/\/www.alldayled.com\/de\/wp-json\/wp\/v2\/product_tag?post=67457"}],"curies":[{"name":"wp","href":"https:\/\/api.w.org\/{rel}","templated":true}]}}