{"id":67617,"date":"2020-11-01T16:05:41","date_gmt":"2020-11-01T15:05:41","guid":{"rendered":"https:\/\/www.alldayled.com\/product\/truckled-mini-led-flitser-oranje-12-24-volt\/"},"modified":"2025-12-14T18:26:35","modified_gmt":"2025-12-14T17:26:35","slug":"truckled-mini-led-flitser-oranje-12-24-volt","status":"publish","type":"product","link":"https:\/\/www.alldayled.com\/de\/produkt\/truckled-mini-led-flitser-oranje-12-24-volt\/","title":{"rendered":"TruckLED Mini LED Blitz orange"},"content":{"rendered":"<p><span style=\"color: #000000;\"><strong>TruckLED Mini LED Blitz orange, geeignet f\u00fcr 12 und 24 Volt Betrieb.<\/strong><\/span><\/p>\n<p><span style=\"color: #000000;\">M\u00f6chten Sie w\u00e4hrend der Arbeiten gesehen werden, aber keine gro\u00dfe Warnleuchte an Ihrem Fahrzeug oder Anh\u00e4nger montieren? Dann ist dies vielleicht die L\u00f6sung. Der Blitz ist mit 4 LED&#8217;s ausgestattet und hat eine Lichtst\u00e4rke von 10W. Der LED Blitz ist mit einem St\u00e4nder versehen und arbeitet mit 12 und 24 Volt. Dadurch k\u00f6nnen Sie den LED Blitz beispielsweise an einem Auto, LKW, Anh\u00e4nger, Traktor oder einem anderen Fahrzeug montieren. Der Mini LED Blitz ist mit dem ECE R65-Pr\u00fcfzeichen versehen. Das bedeutet, dass Sie       <\/span><span style=\"color: #000000;\">die LED Lampe als Warnleuchte w\u00e4hrend der Arbeiten auf \u00f6ffentlichen Stra\u00dfen verwenden d\u00fcrfen. Der LED Blitz ist mit einem transparenten Glas versehen, sobald die Lampe eingeschaltet wird, leuchtet diese orange\/gelb auf. <\/span><\/p>\n<p><span style=\"color: #000000;\">Da dieser Blitz aus hochwertigem Material gefertigt ist, ist eine lange Lebensdauer garantiert. Da eine lange Lebensdauer garantiert ist, vermeiden Sie unn\u00f6tige Wartung an Ihrem Fahrzeug oder Anh\u00e4nger. Wenn Sie sich f\u00fcr diesen Mini LED Blitz der Marke TruckLED entscheiden, vermeiden Sie unn\u00f6tige Kosten und sind w\u00e4hrend der Arbeiten gut sichtbar. Kurzum, dies ist ein prima LED Blitz f\u00fcr Auto, LKW oder Anh\u00e4nger.   <\/span><\/p>\n<h5><span style=\"color: #000000;\"><strong>Abmessungen:<\/strong><\/span><\/h5>\n<p><span style=\"color: #000000;\">Um sicherzustellen, dass Sie den Mini LED Blitz dort montieren k\u00f6nnen, wo Sie m\u00f6chten, haben wir die Abmessungen unten notiert. Die Abmessungen des Mini LED Blitz der Marke TruckLED sind wie folgt: <\/span><\/p>\n<ul>\n<li><span style=\"color: #000000;\">L\u00e4nge: 73 mm<\/span><\/li>\n<li><span style=\"color: #000000;\">H\u00f6he: 55 mm<\/span><\/li>\n<li><span style=\"color: #000000;\">Dicke: 14 mm<\/span><\/li>\n<\/ul>\n<h5><span style=\"color: #000000;\"><strong>Andere Versionen: <\/strong><\/span><\/h5>\n<p><span style=\"color: #000000;\">M\u00f6chten Sie einen LED Blitz kaufen, aber der Mini-Blitz ist nicht das, was Sie suchen? Wissen Sie, dass TruckLED auch verschiedene andere Modelle hat: <\/span><\/p>\n<ul>\n<li><span style=\"color: #000000;\"><a style=\"color: #000000;\" href=\"https:\/\/www.alldayled.com\/de\/produkt\/3-led-flitser-oranje-12-24v\/\"><b>TruckLED 3 LED Blitz 30cm Kabel <\/b><\/a><\/span><\/li>\n<li><span style=\"color: #000000;\"><a style=\"color: #000000;\" href=\"https:\/\/www.alldayled.com\/de\/produkt\/3-led-flitser-oranje-5m-kabel-12-24v\/\"><strong>TruckLED 3 LED Blitz 5m Kabel <\/strong><\/a><\/span><\/li>\n<\/ul>\n<p><span style=\"color: #000000;\">Sind Sie der Meinung, dass der Mini LED Blitz der Marke TruckLED nicht das ist, was Sie<\/span><span style=\"color: #000000;\"> suchen? Einfach weil die Lichtleistung oder Wattzahl nicht hoch genug oder sogar zu hoch ist? Dann werfen Sie auch einen Blick auf unsere Seite <a style=\"color: #000000;\" href=\"https:\/\/www.alldayled.com\/de\/produkt-kategorie\/blitzlichter\/\"><strong>Blitzer und Rundumleuchten<\/strong><\/a>. Vielleicht finden Sie hier das Warnleuchtenmodell, das Sie suchen.<\/span><\/p>\n","protected":false},"excerpt":{"rendered":"<p>Kleiner 3 LED Blitz von Truckled orange mit ECE R65-Pr\u00fcfzeichen.<\/p>\n","protected":false},"featured_media":18048,"comment_status":"open","ping_status":"closed","template":"","meta":{"_acf_changed":false},"product_brand":[6605],"product_cat":[5304],"product_tag":[9088,9093,9094,9099,9095,9097,9089,9090,9091,9092,9542],"class_list":{"0":"post-67617","1":"product","2":"type-product","3":"status-publish","4":"has-post-thumbnail","6":"product_brand-product-truckled","7":"product_cat-flitser","8":"product_tag-led-blitz","9":"product_tag-led-blitz-anhanger","10":"product_tag-led-blitz-auto","11":"product_tag-led-blitz-lkw","12":"product_tag-led-blitz-orange","13":"product_tag-led-blitz-traktor","14":"product_tag-led-taschenlampe-12-volt","15":"product_tag-led-taschenlampe-12v","16":"product_tag-led-taschenlampe-24-volt","17":"product_tag-led-taschenlampe-24v","18":"product_tag-truckled-led-blitz","20":"first","21":"instock","22":"taxable","23":"shipping-taxable","24":"purchasable","25":"product-type-simple"},"acf":[],"yoast_head":"<!-- This site is optimized with the Yoast SEO Premium plugin v26.5 (Yoast SEO v27.1.1) - https:\/\/yoast.com\/product\/yoast-seo-premium-wordpress\/ -->\n<title>TruckLED Mini LED Blitz - All Day Led - ECE R65 - f\u00fcr 12&amp;24V<\/title>\n<meta name=\"description\" content=\"TruckLED Mini LED Blitz - mit ECE R65 - extra hell - geeignet f\u00fcr Auto, Anh\u00e4nger, Traktor, Camper, LKW und mehr - 12&amp;24V\" \/>\n<meta name=\"robots\" content=\"index, follow, max-snippet:-1, max-image-preview:large, max-video-preview:-1\" \/>\n<link rel=\"canonical\" href=\"https:\/\/www.alldayled.com\/de\/produkt\/truckled-mini-led-flitser-oranje-12-24-volt\/\" \/>\n<meta property=\"og:locale\" content=\"de_DE\" \/>\n<meta property=\"og:type\" content=\"article\" \/>\n<meta property=\"og:title\" content=\"TruckLED Mini LED Blitz - All Day Led - ECE R65 - f\u00fcr 12&amp;24V\" \/>\n<meta property=\"og:description\" content=\"TruckLED Mini LED Blitz - mit ECE R65 - St\u00e4rke von 10W - geeignet f\u00fcr Auto, Anh\u00e4nger, Traktor, Camper, LKW und mehr - 12&amp;24V\" \/>\n<meta property=\"og:url\" content=\"https:\/\/www.alldayled.com\/de\/produkt\/truckled-mini-led-flitser-oranje-12-24-volt\/\" \/>\n<meta property=\"og:site_name\" content=\"All Day Led\" \/>\n<meta property=\"article:publisher\" content=\"https:\/\/www.facebook.com\/alldayled\/\" \/>\n<meta property=\"article:modified_time\" content=\"2025-12-14T17:26:35+00:00\" \/>\n<meta property=\"og:image\" content=\"https:\/\/www.alldayled.com\/wp-content\/uploads\/2020\/11\/ADL77043..png\" \/>\n\t<meta property=\"og:image:width\" content=\"800\" \/>\n\t<meta property=\"og:image:height\" content=\"600\" \/>\n\t<meta property=\"og:image:type\" content=\"image\/png\" \/>\n<meta name=\"twitter:label1\" content=\"Preis\" \/>\n\t<meta name=\"twitter:data1\" content=\"&euro;&nbsp;19,95\" \/>\n\t<meta name=\"twitter:label2\" content=\"Verf\u00fcgbarkeit\" \/>\n\t<meta name=\"twitter:data2\" content=\"Auf Lager\" \/>\n<script type=\"application\/ld+json\" class=\"yoast-schema-graph\">{\"@context\":\"https:\/\/schema.org\",\"@graph\":[{\"@type\":\"WebPage\",\"@id\":\"https:\/\/www.alldayled.com\/de\/produkt\/truckled-mini-led-flitser-oranje-12-24-volt\/\",\"url\":\"https:\/\/www.alldayled.com\/de\/produkt\/truckled-mini-led-flitser-oranje-12-24-volt\/\",\"name\":\"TruckLED Mini LED Blitz - All Day Led - ECE R65 - f\u00fcr 12&24V\",\"isPartOf\":{\"@id\":\"https:\/\/www.alldayled.com\/de\/#website\"},\"primaryImageOfPage\":{\"@id\":\"https:\/\/www.alldayled.com\/de\/produkt\/truckled-mini-led-flitser-oranje-12-24-volt\/#primaryimage\"},\"image\":{\"@id\":\"https:\/\/www.alldayled.com\/de\/produkt\/truckled-mini-led-flitser-oranje-12-24-volt\/#primaryimage\"},\"thumbnailUrl\":\"https:\/\/www.alldayled.com\/wp-content\/uploads\/2020\/11\/ADL77043..png\",\"datePublished\":\"2020-11-01T15:05:41+00:00\",\"dateModified\":\"2025-12-14T17:26:35+00:00\",\"description\":\"TruckLED Mini LED Blitz - mit ECE R65 - extra hell - geeignet f\u00fcr Auto, Anh\u00e4nger, Traktor, Camper, LKW und mehr - 12&24V\",\"breadcrumb\":{\"@id\":\"https:\/\/www.alldayled.com\/de\/produkt\/truckled-mini-led-flitser-oranje-12-24-volt\/#breadcrumb\"},\"inLanguage\":\"de\",\"potentialAction\":[{\"@type\":\"ReadAction\",\"target\":[\"https:\/\/www.alldayled.com\/de\/produkt\/truckled-mini-led-flitser-oranje-12-24-volt\/\"]}]},{\"@type\":\"ImageObject\",\"inLanguage\":\"de\",\"@id\":\"https:\/\/www.alldayled.com\/de\/produkt\/truckled-mini-led-flitser-oranje-12-24-volt\/#primaryimage\",\"url\":\"https:\/\/www.alldayled.com\/wp-content\/uploads\/2020\/11\/ADL77043..png\",\"contentUrl\":\"https:\/\/www.alldayled.com\/wp-content\/uploads\/2020\/11\/ADL77043..png\",\"width\":800,\"height\":600,\"caption\":\"TruckLED Mini LED Blitz - geeignet f\u00fcr 12 und 24 Volt - Auto, LKW, Anh\u00e4nger, Traktor und mehr - EAN: 2000010066469\"},{\"@type\":\"BreadcrumbList\",\"@id\":\"https:\/\/www.alldayled.com\/de\/produkt\/truckled-mini-led-flitser-oranje-12-24-volt\/#breadcrumb\",\"itemListElement\":[{\"@type\":\"ListItem\",\"position\":1,\"name\":\"Home\",\"item\":\"https:\/\/www.alldayled.com\/de\/\"},{\"@type\":\"ListItem\",\"position\":2,\"name\":\"Shop\",\"item\":\"https:\/\/www.alldayled.com\/de\/shop\/\"},{\"@type\":\"ListItem\",\"position\":3,\"name\":\"Warnleuchten\",\"item\":\"https:\/\/www.alldayled.com\/de\/produkt-kategorie\/blitzlichter\/\"},{\"@type\":\"ListItem\",\"position\":4,\"name\":\"Blitzer\",\"item\":\"https:\/\/www.alldayled.com\/de\/produkt-kategorie\/blitzlichter\/flitser\/\"},{\"@type\":\"ListItem\",\"position\":5,\"name\":\"TruckLED Mini LED Blitz orange\"}]},{\"@type\":\"WebSite\",\"@id\":\"https:\/\/www.alldayled.com\/de\/#website\",\"url\":\"https:\/\/www.alldayled.com\/de\/\",\"name\":\"All Day Led\",\"description\":\"Verlichting voor 12&amp;24 volt gebruik\",\"publisher\":{\"@id\":\"https:\/\/www.alldayled.com\/de\/#organization\"},\"potentialAction\":[{\"@type\":\"SearchAction\",\"target\":{\"@type\":\"EntryPoint\",\"urlTemplate\":\"https:\/\/www.alldayled.com\/de\/?s={search_term_string}\"},\"query-input\":{\"@type\":\"PropertyValueSpecification\",\"valueRequired\":true,\"valueName\":\"search_term_string\"}}],\"inLanguage\":\"de\"},{\"@type\":\"Organization\",\"@id\":\"https:\/\/www.alldayled.com\/de\/#organization\",\"name\":\"All Day Led\",\"url\":\"https:\/\/www.alldayled.com\/de\/\",\"logo\":{\"@type\":\"ImageObject\",\"inLanguage\":\"de\",\"@id\":\"https:\/\/www.alldayled.com\/de\/#\/schema\/logo\/image\/\",\"url\":\"https:\/\/www.alldayled.com\/wp-content\/uploads\/2025\/10\/Logo-ALL-DAY-LED-800x800-zwart-witte-letters.png\",\"contentUrl\":\"https:\/\/www.alldayled.com\/wp-content\/uploads\/2025\/10\/Logo-ALL-DAY-LED-800x800-zwart-witte-letters.png\",\"width\":800,\"height\":800,\"caption\":\"All Day Led\"},\"image\":{\"@id\":\"https:\/\/www.alldayled.com\/de\/#\/schema\/logo\/image\/\"},\"sameAs\":[\"https:\/\/www.facebook.com\/alldayled\/\",\"https:\/\/www.instagram.com\/alldayled\/\"],\"vatID\":\"NL863960133B01\",\"taxID\":\"86416545\"}]}<\/script>\n<meta property=\"product:brand\" content=\"TruckLED\" \/>\n<meta property=\"product:price:amount\" content=\"19.95\" \/>\n<meta property=\"product:price:currency\" content=\"EUR\" \/>\n<meta property=\"og:availability\" content=\"instock\" \/>\n<meta property=\"product:availability\" content=\"instock\" \/>\n<meta property=\"product:retailer_item_id\" content=\"ADL77043\" \/>\n<meta property=\"product:condition\" content=\"new\" \/>\n<!-- \/ Yoast SEO Premium plugin. -->","yoast_head_json":{"title":"TruckLED Mini LED Blitz - All Day Led - ECE R65 - f\u00fcr 12&24V","description":"TruckLED Mini LED Blitz - mit ECE R65 - extra hell - geeignet f\u00fcr Auto, Anh\u00e4nger, Traktor, Camper, LKW und mehr - 12&24V","robots":{"index":"index","follow":"follow","max-snippet":"max-snippet:-1","max-image-preview":"max-image-preview:large","max-video-preview":"max-video-preview:-1"},"canonical":"https:\/\/www.alldayled.com\/de\/produkt\/truckled-mini-led-flitser-oranje-12-24-volt\/","og_locale":"de_DE","og_type":"article","og_title":"TruckLED Mini LED Blitz - All Day Led - ECE R65 - f\u00fcr 12&24V","og_description":"TruckLED Mini LED Blitz - mit ECE R65 - St\u00e4rke von 10W - geeignet f\u00fcr Auto, Anh\u00e4nger, Traktor, Camper, LKW und mehr - 12&24V","og_url":"https:\/\/www.alldayled.com\/de\/produkt\/truckled-mini-led-flitser-oranje-12-24-volt\/","og_site_name":"All Day Led","article_publisher":"https:\/\/www.facebook.com\/alldayled\/","article_modified_time":"2025-12-14T17:26:35+00:00","og_image":[{"width":800,"height":600,"url":"https:\/\/www.alldayled.com\/wp-content\/uploads\/2020\/11\/ADL77043..png","type":"image\/png"}],"twitter_misc":{"Preis":"&euro;&nbsp;19,95","Verf\u00fcgbarkeit":"Auf Lager"},"schema":{"@context":"https:\/\/schema.org","@graph":[{"@type":"WebPage","@id":"https:\/\/www.alldayled.com\/de\/produkt\/truckled-mini-led-flitser-oranje-12-24-volt\/","url":"https:\/\/www.alldayled.com\/de\/produkt\/truckled-mini-led-flitser-oranje-12-24-volt\/","name":"TruckLED Mini LED Blitz - All Day Led - ECE R65 - f\u00fcr 12&24V","isPartOf":{"@id":"https:\/\/www.alldayled.com\/de\/#website"},"primaryImageOfPage":{"@id":"https:\/\/www.alldayled.com\/de\/produkt\/truckled-mini-led-flitser-oranje-12-24-volt\/#primaryimage"},"image":{"@id":"https:\/\/www.alldayled.com\/de\/produkt\/truckled-mini-led-flitser-oranje-12-24-volt\/#primaryimage"},"thumbnailUrl":"https:\/\/www.alldayled.com\/wp-content\/uploads\/2020\/11\/ADL77043..png","datePublished":"2020-11-01T15:05:41+00:00","dateModified":"2025-12-14T17:26:35+00:00","description":"TruckLED Mini LED Blitz - mit ECE R65 - extra hell - geeignet f\u00fcr Auto, Anh\u00e4nger, Traktor, Camper, LKW und mehr - 12&24V","breadcrumb":{"@id":"https:\/\/www.alldayled.com\/de\/produkt\/truckled-mini-led-flitser-oranje-12-24-volt\/#breadcrumb"},"inLanguage":"de","potentialAction":[{"@type":"ReadAction","target":["https:\/\/www.alldayled.com\/de\/produkt\/truckled-mini-led-flitser-oranje-12-24-volt\/"]}]},{"@type":"ImageObject","inLanguage":"de","@id":"https:\/\/www.alldayled.com\/de\/produkt\/truckled-mini-led-flitser-oranje-12-24-volt\/#primaryimage","url":"https:\/\/www.alldayled.com\/wp-content\/uploads\/2020\/11\/ADL77043..png","contentUrl":"https:\/\/www.alldayled.com\/wp-content\/uploads\/2020\/11\/ADL77043..png","width":800,"height":600,"caption":"TruckLED Mini LED Blitz - geeignet f\u00fcr 12 und 24 Volt - Auto, LKW, Anh\u00e4nger, Traktor und mehr - EAN: 2000010066469"},{"@type":"BreadcrumbList","@id":"https:\/\/www.alldayled.com\/de\/produkt\/truckled-mini-led-flitser-oranje-12-24-volt\/#breadcrumb","itemListElement":[{"@type":"ListItem","position":1,"name":"Home","item":"https:\/\/www.alldayled.com\/de\/"},{"@type":"ListItem","position":2,"name":"Shop","item":"https:\/\/www.alldayled.com\/de\/shop\/"},{"@type":"ListItem","position":3,"name":"Warnleuchten","item":"https:\/\/www.alldayled.com\/de\/produkt-kategorie\/blitzlichter\/"},{"@type":"ListItem","position":4,"name":"Blitzer","item":"https:\/\/www.alldayled.com\/de\/produkt-kategorie\/blitzlichter\/flitser\/"},{"@type":"ListItem","position":5,"name":"TruckLED Mini LED Blitz orange"}]},{"@type":"WebSite","@id":"https:\/\/www.alldayled.com\/de\/#website","url":"https:\/\/www.alldayled.com\/de\/","name":"All Day Led","description":"Verlichting voor 12&amp;24 volt gebruik","publisher":{"@id":"https:\/\/www.alldayled.com\/de\/#organization"},"potentialAction":[{"@type":"SearchAction","target":{"@type":"EntryPoint","urlTemplate":"https:\/\/www.alldayled.com\/de\/?s={search_term_string}"},"query-input":{"@type":"PropertyValueSpecification","valueRequired":true,"valueName":"search_term_string"}}],"inLanguage":"de"},{"@type":"Organization","@id":"https:\/\/www.alldayled.com\/de\/#organization","name":"All Day Led","url":"https:\/\/www.alldayled.com\/de\/","logo":{"@type":"ImageObject","inLanguage":"de","@id":"https:\/\/www.alldayled.com\/de\/#\/schema\/logo\/image\/","url":"https:\/\/www.alldayled.com\/wp-content\/uploads\/2025\/10\/Logo-ALL-DAY-LED-800x800-zwart-witte-letters.png","contentUrl":"https:\/\/www.alldayled.com\/wp-content\/uploads\/2025\/10\/Logo-ALL-DAY-LED-800x800-zwart-witte-letters.png","width":800,"height":800,"caption":"All Day Led"},"image":{"@id":"https:\/\/www.alldayled.com\/de\/#\/schema\/logo\/image\/"},"sameAs":["https:\/\/www.facebook.com\/alldayled\/","https:\/\/www.instagram.com\/alldayled\/"],"vatID":"NL863960133B01","taxID":"86416545"}]},"product_brand":"TruckLED","product_price_amount":"19.95","product_price_currency":"EUR","og_availability":"instock","product_availability":"instock","product_retailer_item_id":"ADL77043","product_condition":"new"},"_links":{"self":[{"href":"https:\/\/www.alldayled.com\/de\/wp-json\/wp\/v2\/product\/67617","targetHints":{"allow":["GET"]}}],"collection":[{"href":"https:\/\/www.alldayled.com\/de\/wp-json\/wp\/v2\/product"}],"about":[{"href":"https:\/\/www.alldayled.com\/de\/wp-json\/wp\/v2\/types\/product"}],"replies":[{"embeddable":true,"href":"https:\/\/www.alldayled.com\/de\/wp-json\/wp\/v2\/comments?post=67617"}],"wp:featuredmedia":[{"embeddable":true,"href":"https:\/\/www.alldayled.com\/de\/wp-json\/wp\/v2\/media\/18048"}],"wp:attachment":[{"href":"https:\/\/www.alldayled.com\/de\/wp-json\/wp\/v2\/media?parent=67617"}],"wp:term":[{"taxonomy":"product_brand","embeddable":true,"href":"https:\/\/www.alldayled.com\/de\/wp-json\/wp\/v2\/product_brand?post=67617"},{"taxonomy":"product_cat","embeddable":true,"href":"https:\/\/www.alldayled.com\/de\/wp-json\/wp\/v2\/product_cat?post=67617"},{"taxonomy":"product_tag","embeddable":true,"href":"https:\/\/www.alldayled.com\/de\/wp-json\/wp\/v2\/product_tag?post=67617"}],"curies":[{"name":"wp","href":"https:\/\/api.w.org\/{rel}","templated":true}]}}