{"id":67620,"date":"2020-11-01T15:55:22","date_gmt":"2020-11-01T14:55:22","guid":{"rendered":"https:\/\/www.alldayled.com\/product\/3-led-flitser-oranje-5m-kabel-12-24v\/"},"modified":"2020-11-01T15:55:22","modified_gmt":"2020-11-01T14:55:22","slug":"3-led-flitser-oranje-5m-kabel-12-24v","status":"publish","type":"product","link":"https:\/\/www.alldayled.com\/de\/produkt\/3-led-flitser-oranje-5m-kabel-12-24v\/","title":{"rendered":"TruckLED 3 LED Blitz orange &#8211; 5m Kabel"},"content":{"rendered":"<p><span style=\"color: #000000;\"><strong>TruckLED 3 LED Blitz orange mit 5m Kabel, geeignet f\u00fcr 12 und 24 Volt Betrieb. <\/strong><\/span><\/p>\n<p><span style=\"color: #000000;\">Bist du auf der Suche nach einem kleinen 3 LED Blitz, der in der Farbe Orange leuchtet? Und der auch noch ein 5 Meter langes Anschlusskabel hat? Dann ist dieser LED Blitz mit klarem Glas der Marke TruckLED vielleicht genau die Lampe, die du suchst. Die LED-Lampe ist mit 3 LED&#8217;s ausgestattet und hat eine Leistung von 9 Watt. Mit den 3 eingebauten LED&#8217;s ist sichergestellt, dass du mit geringem Stromverbrauch gut beleuchtet unterwegs sein kannst. Dadurch bist du sicher, dass du sowohl tags\u00fcber als auch abends gut sichtbar bist. Der 3 LED Blitz der Marke TruckLED ist mit 12 und 24 Volt verwendbar. Das bedeutet, dass du den LED Blitz zum Beispiel f\u00fcr dein Auto, deinen LKW, Anh\u00e4nger oder eine andere Art von Fahrzeug verwenden kannst.        <\/span><\/p>\n<p><span style=\"color: #000000;\">Um sicherzustellen, dass dieser 3 LED Blitz orange der Marke TruckLED f\u00fcr dein Fahrzeug oder deinen Anh\u00e4nger geeignet ist, haben wir unten einige Eigenschaften aufgef\u00fchrt. All dies, um deutlich zu machen, warum dies vielleicht genau die LED-Lampe ist, nach der du suchst. Diese LED-Lampe mit Blitzfunktion ist unter anderem mit dem ECE R10 Pr\u00fcfzeichen versehen. Das Pr\u00fcfzeichen ECE R10 bedeutet, dass die Lampe w\u00e4hrend der Aktivierung keine St\u00f6rungen verursacht, zum Beispiel am Radiosignal. Der Blitz ist auch mit dem IP68 Pr\u00fcfzeichen versehen. Dieses Pr\u00fcfzeichen besagt, dass die LED-Lampe staub- und wasserdicht ist. Kurz gesagt, dies ist ein ausgezeichneter LED Blitz f\u00fcr LKW oder andere Arten von Fahrzeugen.       <\/span><\/p>\n<h5><span style=\"color: #000000;\"><strong>Abmessungen:<\/strong><\/span><\/h5>\n<p><span style=\"color: #000000;\">Um sicherzustellen, dass du den TruckLED 3 LED Blitz mit 5m Kabel montieren kannst, wo du m\u00f6chtest, haben wir unten die Abmessungen notiert. Die Abmessungen dieses kleinen LED Blitzes der Marke TruckLED sind wie folgt: <\/span><\/p>\n<ul>\n<li><span style=\"color: #000000;\">L\u00e4nge: 80 mm<\/span><\/li>\n<li><span style=\"color: #000000;\">H\u00f6he: 28 mm<\/span><\/li>\n<li><span style=\"color: #000000;\">Dicke: 19 mm<\/span><\/li>\n<\/ul>\n<h5><span style=\"color: #000000;\"><strong>Andere Versionen: <\/strong><\/span><\/h5>\n<p><span style=\"color: #000000;\">M\u00f6chtest du<\/span><span style=\"color: #000000;\"> einen LED Blitz kaufen, aber der Mini Blitz ist nicht das, was du suchst? Dann wisse, dass TruckLED auch noch verschiedene andere Modelle hat:<\/span><\/p>\n<ul>\n<li><a href=\"https:\/\/www.alldayled.com\/de\/produkt\/3-led-flitser-oranje-12-24v\/\"><span style=\"color: #000000;\"><b>TruckLED 3 LED Blitz 30cm Kabel<\/b><\/span><\/a><\/li>\n<li><a href=\"https:\/\/www.alldayled.com\/de\/produkt\/truckled-mini-led-flitser-oranje-12-24-volt\/\"><span style=\"color: #000000;\"><strong>TruckLED Mini LED Blitz<\/strong><\/span><\/a><\/li>\n<\/ul>\n<p><span style=\"color: #000000;\">Bist du trotzdem der Meinung, dass der TruckLED 3 LED Blitz nicht das ist, was du suchst? Einfach weil die Lichtleistung oder Wattzahl nicht hoch genug oder sogar zu hoch ist? Wirf dann auch unbedingt einen Blick auf unsere Seite <g id=\"gid_0\"><g id=\"gid_1\">Blitzer und Rundumleuchten<\/g><\/g>. Vielleicht findest du hier genau das Warnleuchtenmodell, nach dem du suchst.   <\/span><\/p>\n","protected":false},"excerpt":{"rendered":"<p>Kleiner 3 LED Blitz von TruckLED mit sage und schreibe 5 Metern Anschlusskabel!<\/p>\n","protected":false},"featured_media":18018,"comment_status":"open","ping_status":"closed","template":"","meta":{"_acf_changed":false},"product_brand":[6605],"product_cat":[5304],"product_tag":[9088,9093,9094,9099,9095,9097,9089,9090,9091,9092,9542],"class_list":{"0":"post-67620","1":"product","2":"type-product","3":"status-publish","4":"has-post-thumbnail","6":"product_brand-product-truckled","7":"product_cat-flitser","8":"product_tag-led-blitz","9":"product_tag-led-blitz-anhanger","10":"product_tag-led-blitz-auto","11":"product_tag-led-blitz-lkw","12":"product_tag-led-blitz-orange","13":"product_tag-led-blitz-traktor","14":"product_tag-led-taschenlampe-12-volt","15":"product_tag-led-taschenlampe-12v","16":"product_tag-led-taschenlampe-24-volt","17":"product_tag-led-taschenlampe-24v","18":"product_tag-truckled-led-blitz","20":"first","21":"instock","22":"taxable","23":"shipping-taxable","24":"purchasable","25":"product-type-simple"},"acf":[],"yoast_head":"<!-- This site is optimized with the Yoast SEO Premium plugin v26.5 (Yoast SEO v27.1.1) - https:\/\/yoast.com\/product\/yoast-seo-premium-wordpress\/ -->\n<title>TruckLED 3 LED Blitz orange - 5m Kabel - All Day Led - 12&amp;24V<\/title>\n<meta name=\"description\" content=\"TruckLED 3 LED Blitz orange - 9W - f\u00fcr 12&amp;24 Volt Betrieb - mit 5 Meter Kabel - LED Warnleuchte - LKW, Auto, Traktor\" \/>\n<meta name=\"robots\" content=\"index, follow, max-snippet:-1, max-image-preview:large, max-video-preview:-1\" \/>\n<link rel=\"canonical\" href=\"https:\/\/www.alldayled.com\/de\/produkt\/3-led-flitser-oranje-5m-kabel-12-24v\/\" \/>\n<meta property=\"og:locale\" content=\"de_DE\" \/>\n<meta property=\"og:type\" content=\"article\" \/>\n<meta property=\"og:title\" content=\"TruckLED 3 LED Blitz orange - 5m Kabel - All Day Led - 12&amp;24V\" \/>\n<meta property=\"og:description\" content=\"TruckLED 3 LED Blitz orange - 9W - f\u00fcr 12&amp;24 Volt Betrieb - mit 5 Meter Kabel - LED Warnleuchte - LKW, Auto, Traktor\" \/>\n<meta property=\"og:url\" content=\"https:\/\/www.alldayled.com\/de\/produkt\/3-led-flitser-oranje-5m-kabel-12-24v\/\" \/>\n<meta property=\"og:site_name\" content=\"All Day Led\" \/>\n<meta property=\"article:publisher\" content=\"https:\/\/www.facebook.com\/alldayled\/\" \/>\n<meta property=\"og:image\" content=\"https:\/\/www.alldayled.com\/wp-content\/uploads\/2020\/11\/ADL50102.-O.png\" \/>\n\t<meta property=\"og:image:width\" content=\"800\" \/>\n\t<meta property=\"og:image:height\" content=\"600\" \/>\n\t<meta property=\"og:image:type\" content=\"image\/png\" \/>\n<meta name=\"twitter:label1\" content=\"Preis\" \/>\n\t<meta name=\"twitter:data1\" content=\"&euro;&nbsp;24,95\" \/>\n\t<meta name=\"twitter:label2\" content=\"Verf\u00fcgbarkeit\" \/>\n\t<meta name=\"twitter:data2\" content=\"Auf Lager\" \/>\n<script type=\"application\/ld+json\" class=\"yoast-schema-graph\">{\"@context\":\"https:\/\/schema.org\",\"@graph\":[{\"@type\":\"WebPage\",\"@id\":\"https:\/\/www.alldayled.com\/de\/produkt\/3-led-flitser-oranje-5m-kabel-12-24v\/\",\"url\":\"https:\/\/www.alldayled.com\/de\/produkt\/3-led-flitser-oranje-5m-kabel-12-24v\/\",\"name\":\"TruckLED 3 LED Blitz orange - 5m Kabel - All Day Led - 12&24V\",\"isPartOf\":{\"@id\":\"https:\/\/www.alldayled.com\/de\/#website\"},\"primaryImageOfPage\":{\"@id\":\"https:\/\/www.alldayled.com\/de\/produkt\/3-led-flitser-oranje-5m-kabel-12-24v\/#primaryimage\"},\"image\":{\"@id\":\"https:\/\/www.alldayled.com\/de\/produkt\/3-led-flitser-oranje-5m-kabel-12-24v\/#primaryimage\"},\"thumbnailUrl\":\"https:\/\/www.alldayled.com\/wp-content\/uploads\/2020\/11\/ADL50102.-O.png\",\"datePublished\":\"2020-11-01T14:55:22+00:00\",\"description\":\"TruckLED 3 LED Blitz orange - 9W - f\u00fcr 12&24 Volt Betrieb - mit 5 Meter Kabel - LED Warnleuchte - LKW, Auto, Traktor\",\"breadcrumb\":{\"@id\":\"https:\/\/www.alldayled.com\/de\/produkt\/3-led-flitser-oranje-5m-kabel-12-24v\/#breadcrumb\"},\"inLanguage\":\"de\",\"potentialAction\":[{\"@type\":\"ReadAction\",\"target\":[\"https:\/\/www.alldayled.com\/de\/produkt\/3-led-flitser-oranje-5m-kabel-12-24v\/\"]}]},{\"@type\":\"ImageObject\",\"inLanguage\":\"de\",\"@id\":\"https:\/\/www.alldayled.com\/de\/produkt\/3-led-flitser-oranje-5m-kabel-12-24v\/#primaryimage\",\"url\":\"https:\/\/www.alldayled.com\/wp-content\/uploads\/2020\/11\/ADL50102.-O.png\",\"contentUrl\":\"https:\/\/www.alldayled.com\/wp-content\/uploads\/2020\/11\/ADL50102.-O.png\",\"width\":800,\"height\":600,\"caption\":\"TruckLED LED Blitz mit 3 LED's - Farbe: ORANGE - LED Warnleuchte mit 5 Meter Anschlusskabel - EAN: 2000019063455\"},{\"@type\":\"BreadcrumbList\",\"@id\":\"https:\/\/www.alldayled.com\/de\/produkt\/3-led-flitser-oranje-5m-kabel-12-24v\/#breadcrumb\",\"itemListElement\":[{\"@type\":\"ListItem\",\"position\":1,\"name\":\"Home\",\"item\":\"https:\/\/www.alldayled.com\/de\/\"},{\"@type\":\"ListItem\",\"position\":2,\"name\":\"Shop\",\"item\":\"https:\/\/www.alldayled.com\/de\/shop\/\"},{\"@type\":\"ListItem\",\"position\":3,\"name\":\"Warnleuchten\",\"item\":\"https:\/\/www.alldayled.com\/de\/produkt-kategorie\/blitzlichter\/\"},{\"@type\":\"ListItem\",\"position\":4,\"name\":\"Blitzer\",\"item\":\"https:\/\/www.alldayled.com\/de\/produkt-kategorie\/blitzlichter\/flitser\/\"},{\"@type\":\"ListItem\",\"position\":5,\"name\":\"TruckLED 3 LED Blitz orange &#8211; 5m Kabel\"}]},{\"@type\":\"WebSite\",\"@id\":\"https:\/\/www.alldayled.com\/de\/#website\",\"url\":\"https:\/\/www.alldayled.com\/de\/\",\"name\":\"All Day Led\",\"description\":\"Verlichting voor 12&amp;24 volt gebruik\",\"publisher\":{\"@id\":\"https:\/\/www.alldayled.com\/de\/#organization\"},\"potentialAction\":[{\"@type\":\"SearchAction\",\"target\":{\"@type\":\"EntryPoint\",\"urlTemplate\":\"https:\/\/www.alldayled.com\/de\/?s={search_term_string}\"},\"query-input\":{\"@type\":\"PropertyValueSpecification\",\"valueRequired\":true,\"valueName\":\"search_term_string\"}}],\"inLanguage\":\"de\"},{\"@type\":\"Organization\",\"@id\":\"https:\/\/www.alldayled.com\/de\/#organization\",\"name\":\"All Day Led\",\"url\":\"https:\/\/www.alldayled.com\/de\/\",\"logo\":{\"@type\":\"ImageObject\",\"inLanguage\":\"de\",\"@id\":\"https:\/\/www.alldayled.com\/de\/#\/schema\/logo\/image\/\",\"url\":\"https:\/\/www.alldayled.com\/wp-content\/uploads\/2025\/10\/Logo-ALL-DAY-LED-800x800-zwart-witte-letters.png\",\"contentUrl\":\"https:\/\/www.alldayled.com\/wp-content\/uploads\/2025\/10\/Logo-ALL-DAY-LED-800x800-zwart-witte-letters.png\",\"width\":800,\"height\":800,\"caption\":\"All Day Led\"},\"image\":{\"@id\":\"https:\/\/www.alldayled.com\/de\/#\/schema\/logo\/image\/\"},\"sameAs\":[\"https:\/\/www.facebook.com\/alldayled\/\",\"https:\/\/www.instagram.com\/alldayled\/\"],\"vatID\":\"NL863960133B01\",\"taxID\":\"86416545\"}]}<\/script>\n<meta property=\"product:brand\" content=\"TruckLED\" \/>\n<meta property=\"product:price:amount\" content=\"24.95\" \/>\n<meta property=\"product:price:currency\" content=\"EUR\" \/>\n<meta property=\"og:availability\" content=\"instock\" \/>\n<meta property=\"product:availability\" content=\"instock\" \/>\n<meta property=\"product:retailer_item_id\" content=\"ADL50102-O\" \/>\n<meta property=\"product:condition\" content=\"new\" \/>\n<!-- \/ Yoast SEO Premium plugin. -->","yoast_head_json":{"title":"TruckLED 3 LED Blitz orange - 5m Kabel - All Day Led - 12&24V","description":"TruckLED 3 LED Blitz orange - 9W - f\u00fcr 12&24 Volt Betrieb - mit 5 Meter Kabel - LED Warnleuchte - LKW, Auto, Traktor","robots":{"index":"index","follow":"follow","max-snippet":"max-snippet:-1","max-image-preview":"max-image-preview:large","max-video-preview":"max-video-preview:-1"},"canonical":"https:\/\/www.alldayled.com\/de\/produkt\/3-led-flitser-oranje-5m-kabel-12-24v\/","og_locale":"de_DE","og_type":"article","og_title":"TruckLED 3 LED Blitz orange - 5m Kabel - All Day Led - 12&24V","og_description":"TruckLED 3 LED Blitz orange - 9W - f\u00fcr 12&24 Volt Betrieb - mit 5 Meter Kabel - LED Warnleuchte - LKW, Auto, Traktor","og_url":"https:\/\/www.alldayled.com\/de\/produkt\/3-led-flitser-oranje-5m-kabel-12-24v\/","og_site_name":"All Day Led","article_publisher":"https:\/\/www.facebook.com\/alldayled\/","og_image":[{"width":800,"height":600,"url":"https:\/\/www.alldayled.com\/wp-content\/uploads\/2020\/11\/ADL50102.-O.png","type":"image\/png"}],"twitter_misc":{"Preis":"&euro;&nbsp;24,95","Verf\u00fcgbarkeit":"Auf Lager"},"schema":{"@context":"https:\/\/schema.org","@graph":[{"@type":"WebPage","@id":"https:\/\/www.alldayled.com\/de\/produkt\/3-led-flitser-oranje-5m-kabel-12-24v\/","url":"https:\/\/www.alldayled.com\/de\/produkt\/3-led-flitser-oranje-5m-kabel-12-24v\/","name":"TruckLED 3 LED Blitz orange - 5m Kabel - All Day Led - 12&24V","isPartOf":{"@id":"https:\/\/www.alldayled.com\/de\/#website"},"primaryImageOfPage":{"@id":"https:\/\/www.alldayled.com\/de\/produkt\/3-led-flitser-oranje-5m-kabel-12-24v\/#primaryimage"},"image":{"@id":"https:\/\/www.alldayled.com\/de\/produkt\/3-led-flitser-oranje-5m-kabel-12-24v\/#primaryimage"},"thumbnailUrl":"https:\/\/www.alldayled.com\/wp-content\/uploads\/2020\/11\/ADL50102.-O.png","datePublished":"2020-11-01T14:55:22+00:00","description":"TruckLED 3 LED Blitz orange - 9W - f\u00fcr 12&24 Volt Betrieb - mit 5 Meter Kabel - LED Warnleuchte - LKW, Auto, Traktor","breadcrumb":{"@id":"https:\/\/www.alldayled.com\/de\/produkt\/3-led-flitser-oranje-5m-kabel-12-24v\/#breadcrumb"},"inLanguage":"de","potentialAction":[{"@type":"ReadAction","target":["https:\/\/www.alldayled.com\/de\/produkt\/3-led-flitser-oranje-5m-kabel-12-24v\/"]}]},{"@type":"ImageObject","inLanguage":"de","@id":"https:\/\/www.alldayled.com\/de\/produkt\/3-led-flitser-oranje-5m-kabel-12-24v\/#primaryimage","url":"https:\/\/www.alldayled.com\/wp-content\/uploads\/2020\/11\/ADL50102.-O.png","contentUrl":"https:\/\/www.alldayled.com\/wp-content\/uploads\/2020\/11\/ADL50102.-O.png","width":800,"height":600,"caption":"TruckLED LED Blitz mit 3 LED's - Farbe: ORANGE - LED Warnleuchte mit 5 Meter Anschlusskabel - EAN: 2000019063455"},{"@type":"BreadcrumbList","@id":"https:\/\/www.alldayled.com\/de\/produkt\/3-led-flitser-oranje-5m-kabel-12-24v\/#breadcrumb","itemListElement":[{"@type":"ListItem","position":1,"name":"Home","item":"https:\/\/www.alldayled.com\/de\/"},{"@type":"ListItem","position":2,"name":"Shop","item":"https:\/\/www.alldayled.com\/de\/shop\/"},{"@type":"ListItem","position":3,"name":"Warnleuchten","item":"https:\/\/www.alldayled.com\/de\/produkt-kategorie\/blitzlichter\/"},{"@type":"ListItem","position":4,"name":"Blitzer","item":"https:\/\/www.alldayled.com\/de\/produkt-kategorie\/blitzlichter\/flitser\/"},{"@type":"ListItem","position":5,"name":"TruckLED 3 LED Blitz orange &#8211; 5m Kabel"}]},{"@type":"WebSite","@id":"https:\/\/www.alldayled.com\/de\/#website","url":"https:\/\/www.alldayled.com\/de\/","name":"All Day Led","description":"Verlichting voor 12&amp;24 volt gebruik","publisher":{"@id":"https:\/\/www.alldayled.com\/de\/#organization"},"potentialAction":[{"@type":"SearchAction","target":{"@type":"EntryPoint","urlTemplate":"https:\/\/www.alldayled.com\/de\/?s={search_term_string}"},"query-input":{"@type":"PropertyValueSpecification","valueRequired":true,"valueName":"search_term_string"}}],"inLanguage":"de"},{"@type":"Organization","@id":"https:\/\/www.alldayled.com\/de\/#organization","name":"All Day Led","url":"https:\/\/www.alldayled.com\/de\/","logo":{"@type":"ImageObject","inLanguage":"de","@id":"https:\/\/www.alldayled.com\/de\/#\/schema\/logo\/image\/","url":"https:\/\/www.alldayled.com\/wp-content\/uploads\/2025\/10\/Logo-ALL-DAY-LED-800x800-zwart-witte-letters.png","contentUrl":"https:\/\/www.alldayled.com\/wp-content\/uploads\/2025\/10\/Logo-ALL-DAY-LED-800x800-zwart-witte-letters.png","width":800,"height":800,"caption":"All Day Led"},"image":{"@id":"https:\/\/www.alldayled.com\/de\/#\/schema\/logo\/image\/"},"sameAs":["https:\/\/www.facebook.com\/alldayled\/","https:\/\/www.instagram.com\/alldayled\/"],"vatID":"NL863960133B01","taxID":"86416545"}]},"product_brand":"TruckLED","product_price_amount":"24.95","product_price_currency":"EUR","og_availability":"instock","product_availability":"instock","product_retailer_item_id":"ADL50102-O","product_condition":"new"},"_links":{"self":[{"href":"https:\/\/www.alldayled.com\/de\/wp-json\/wp\/v2\/product\/67620","targetHints":{"allow":["GET"]}}],"collection":[{"href":"https:\/\/www.alldayled.com\/de\/wp-json\/wp\/v2\/product"}],"about":[{"href":"https:\/\/www.alldayled.com\/de\/wp-json\/wp\/v2\/types\/product"}],"replies":[{"embeddable":true,"href":"https:\/\/www.alldayled.com\/de\/wp-json\/wp\/v2\/comments?post=67620"}],"wp:featuredmedia":[{"embeddable":true,"href":"https:\/\/www.alldayled.com\/de\/wp-json\/wp\/v2\/media\/18018"}],"wp:attachment":[{"href":"https:\/\/www.alldayled.com\/de\/wp-json\/wp\/v2\/media?parent=67620"}],"wp:term":[{"taxonomy":"product_brand","embeddable":true,"href":"https:\/\/www.alldayled.com\/de\/wp-json\/wp\/v2\/product_brand?post=67620"},{"taxonomy":"product_cat","embeddable":true,"href":"https:\/\/www.alldayled.com\/de\/wp-json\/wp\/v2\/product_cat?post=67620"},{"taxonomy":"product_tag","embeddable":true,"href":"https:\/\/www.alldayled.com\/de\/wp-json\/wp\/v2\/product_tag?post=67620"}],"curies":[{"name":"wp","href":"https:\/\/api.w.org\/{rel}","templated":true}]}}