{"id":67626,"date":"2020-01-25T15:05:58","date_gmt":"2020-01-25T14:05:58","guid":{"rendered":"https:\/\/www.alldayled.com\/product\/talmu-dagrijlamp-helder-led\/"},"modified":"2026-05-01T08:42:14","modified_gmt":"2026-05-01T06:42:14","slug":"talmu-dagrijlamp-helder-led","status":"publish","type":"product","link":"https:\/\/www.alldayled.com\/de\/produkt\/talmu-dagrijlamp-helder-led\/","title":{"rendered":"Talmu Tagfahrlicht mit LED Lampe 24 Volt"},"content":{"rendered":"<p><span style=\"color: #000000;\"><strong>Talmu Tagfahrlicht mit klarem Glas und LED Lampe, f\u00fcr 24 Volt Betrieb. <\/strong><\/span><\/p>\n<p><span style=\"color: #000000;\">Sind Sie auf der Suche nach dem bekannten Talmu Tagfahrlicht mit klarem Glas und LED-Beleuchtung? Dann ist diese TALMU Lampe vielleicht genau das, was Sie suchen. Das Tagfahrlicht ist aus hochwertigem Material gefertigt und h\u00e4lt einiges aus. Das geh\u00e4rtete Kunststoffglas bietet zus\u00e4tzlichen Schutz vor Steinschlag. Die Lampe wird mit einer BA15S LED-Lampe geliefert, die Sie einfach in die montierte Fassung einsetzen. Achtung: Die mitgelieferte wei\u00dfe LED funktioniert nur mit 24 Volt, was bedeutet, dass Sie das Tagfahrlicht beispielsweise an einem LKW montieren k\u00f6nnen.     <\/span><\/p>\n<p><span style=\"color: #000000;\">Um sicherzustellen, dass das Talmu Tagfahrlicht mit klarem Glas an Ihr Fahrzeug passt, haben wir die wichtigsten Spezifikationen unten aufgef\u00fchrt. Die Lampe ist staub- und wasserdicht (IP67) und wird mit Edelstahl-Befestigungsmaterial geliefert, sodass Sie sie stabil und sicher montieren k\u00f6nnen. <\/span><\/p>\n<h5><span style=\"color: #000000;\"><strong>Abmessungen:<\/strong><\/span><\/h5>\n<p><span style=\"color: #000000;\">Um zu \u00fcberpr\u00fcfen, ob das Tagfahrlicht dort passt, wo Sie es montieren m\u00f6chten, haben wir die Abmessungen unten notiert. Die Abmessungen des Talmu Tagfahrlichts mit klarem Glas und LED-Beleuchtung sind wie folgt: <\/span><\/p>\n<ul>\n<li><span style=\"color: #000000;\">H\u00f6he: 68,3 mm (70,5 mm inkl. Befestigung)<\/span><\/li>\n<li><span style=\"color: #000000;\">Breite: 143,5 mm<\/span><\/li>\n<li><span style=\"color: #000000;\">Tiefe: 78 mm<\/span><\/li>\n<\/ul>\n<h5><span style=\"color: #000000;\"><strong>Andere Versionen:<\/strong><\/span><\/h5>\n<p><span style=\"color: #000000;\">M\u00f6chten Sie zwar ein Talmu Tagfahrlicht, aber diese Ausf\u00fchrung mit klarem Glas und LED ist nicht das, was Sie suchen? Kein Problem, das Hella Talmu Tagfahrlicht ist auch in anderen Ausf\u00fchrungen erh\u00e4ltlich. <\/span><\/p>\n<ul>\n<li><span style=\"color: #000000;\"><a style=\"color: #000000;\" href=\"https:\/\/www.alldayled.com\/de\/produkt\/talmu-dagrijlamp-helder\/\"><strong>Talmu Tagfahrlicht &#8211; klares Glas<\/strong><\/a><\/span><\/li>\n<li><span style=\"color: #000000;\"><a style=\"color: #000000;\" href=\"https:\/\/www.alldayled.com\/de\/produkt\/talmu-dagrijlamp-geel\/\"><strong>Talmu Tagfahrlicht &#8211; gelbes Glas<\/strong><\/a><\/span><\/li>\n<\/ul>\n<p><span style=\"color: #000000;\">Doch nicht ganz das, was Sie suchen? Vielleicht stimmt die Form oder Farbe nicht ganz. Dann schauen Sie doch mal auf unserer Seite <a style=\"color: #000000;\" href=\"https:\/\/www.alldayled.com\/de\/produkt-kategorie\/andere-produkte\/dagrijlampen\/\">Tagfahrlicht<\/a> vorbei. Die Wahrscheinlichkeit ist gro\u00df, dass Sie dort das Modell finden, das perfekt zu Ihrem Fahrzeug passt.   <\/span><\/p>\n","protected":false},"excerpt":{"rendered":"<p>W\u00e4hlen Sie einen Old-School-Look? Dann darf dieses Talmu Tagfahrlicht mit LED auf keinen Fall fehlen! <\/p>\n","protected":false},"featured_media":38328,"comment_status":"open","ping_status":"closed","template":"","meta":{"_acf_changed":false},"product_brand":[5577,6294],"product_cat":[5395,5398,5406,5411,5408,5409,5328,5413],"product_tag":[9414,9415,9384,9419,9413,9383,9417,9418],"class_list":{"0":"post-67626","1":"product","2":"type-product","3":"status-publish","4":"has-post-thumbnail","6":"product_brand-product-all-day-led","7":"product_brand-product-hella","8":"product_cat-beleuchtungswagen","9":"product_cat-daf-verlichting","10":"product_cat-iveco-verlichting","11":"product_cat-man-verlichting","12":"product_cat-mercedes-verlichting","13":"product_cat-scania-verlichting","14":"product_cat-dagrijlampen","15":"product_cat-volvo-beleuchtung","16":"product_tag-danisches-tagfahrlicht","17":"product_tag-finnisches-tagfahrlicht","18":"product_tag-led-tagfahrlicht","19":"product_tag-schwedische-lampe","20":"product_tag-tagfahrlampen-lkw","21":"product_tag-tagfahrlicht-lkw","22":"product_tag-talmu-tagfahrlampen","23":"product_tag-talmu-tagfahrlicht","25":"first","26":"instock","27":"taxable","28":"shipping-taxable","29":"purchasable","30":"product-type-simple"},"acf":[],"yoast_head":"<!-- This site is optimized with the Yoast SEO Premium plugin v26.5 (Yoast SEO v27.1.1) - https:\/\/yoast.com\/product\/yoast-seo-premium-wordpress\/ -->\n<title>Talmu Tagfahrlicht mit LED Lampe - All Day Led - f\u00fcr 24 Volt<\/title>\n<meta name=\"description\" content=\"Talmu Tagfahrlicht mit LED Beleuchtung - LED Tagfahrlicht f\u00fcr 24 Volt - mit BA15S LED Lampe WEISS - D\u00e4nisches LED Tagfahrlicht\" \/>\n<meta name=\"robots\" content=\"index, follow, max-snippet:-1, max-image-preview:large, max-video-preview:-1\" \/>\n<link rel=\"canonical\" href=\"https:\/\/www.alldayled.com\/de\/produkt\/talmu-dagrijlamp-helder-led\/\" \/>\n<meta property=\"og:locale\" content=\"de_DE\" \/>\n<meta property=\"og:type\" content=\"article\" \/>\n<meta property=\"og:title\" content=\"Talmu Tagfahrlicht mit LED Lampe 24 Volt\" \/>\n<meta property=\"og:description\" content=\"W\u00e4hlen Sie einen Old-School-Look? Dann darf dieses Talmu Tagfahrlicht mit LED auf keinen Fall fehlen!\" \/>\n<meta property=\"og:url\" content=\"https:\/\/www.alldayled.com\/de\/produkt\/talmu-dagrijlamp-helder-led\/\" \/>\n<meta property=\"og:site_name\" content=\"All Day Led\" \/>\n<meta property=\"article:publisher\" content=\"https:\/\/www.facebook.com\/alldayled\/\" \/>\n<meta property=\"article:modified_time\" content=\"2026-05-01T06:42:14+00:00\" \/>\n<meta property=\"og:image\" content=\"https:\/\/www.alldayled.com\/wp-content\/uploads\/2020\/03\/ADL51075-LED-2.jpg\" \/>\n<meta name=\"twitter:label1\" content=\"Preis\" \/>\n\t<meta name=\"twitter:data1\" content=\"&euro;&nbsp;16,95\" \/>\n\t<meta name=\"twitter:label2\" content=\"Verf\u00fcgbarkeit\" \/>\n\t<meta name=\"twitter:data2\" content=\"Auf Lager\" \/>\n<script type=\"application\/ld+json\" class=\"yoast-schema-graph\">{\"@context\":\"https:\/\/schema.org\",\"@graph\":[{\"@type\":\"WebPage\",\"@id\":\"https:\/\/www.alldayled.com\/de\/produkt\/talmu-dagrijlamp-helder-led\/\",\"url\":\"https:\/\/www.alldayled.com\/de\/produkt\/talmu-dagrijlamp-helder-led\/\",\"name\":\"Talmu Tagfahrlicht mit LED Lampe - All Day Led - f\u00fcr 24 Volt\",\"isPartOf\":{\"@id\":\"https:\/\/www.alldayled.com\/de\/#website\"},\"primaryImageOfPage\":{\"@id\":\"https:\/\/www.alldayled.com\/de\/produkt\/talmu-dagrijlamp-helder-led\/#primaryimage\"},\"image\":{\"@id\":\"https:\/\/www.alldayled.com\/de\/produkt\/talmu-dagrijlamp-helder-led\/#primaryimage\"},\"thumbnailUrl\":\"https:\/\/www.alldayled.com\/wp-content\/uploads\/2025\/10\/ADL51075-LED.jpg\",\"datePublished\":\"2020-01-25T14:05:58+00:00\",\"dateModified\":\"2026-05-01T06:42:14+00:00\",\"description\":\"Talmu Tagfahrlicht mit LED Beleuchtung - LED Tagfahrlicht f\u00fcr 24 Volt - mit BA15S LED Lampe WEISS - D\u00e4nisches LED Tagfahrlicht\",\"breadcrumb\":{\"@id\":\"https:\/\/www.alldayled.com\/de\/produkt\/talmu-dagrijlamp-helder-led\/#breadcrumb\"},\"inLanguage\":\"de\",\"potentialAction\":[{\"@type\":\"ReadAction\",\"target\":[\"https:\/\/www.alldayled.com\/de\/produkt\/talmu-dagrijlamp-helder-led\/\"]}]},{\"@type\":\"ImageObject\",\"inLanguage\":\"de\",\"@id\":\"https:\/\/www.alldayled.com\/de\/produkt\/talmu-dagrijlamp-helder-led\/#primaryimage\",\"url\":\"https:\/\/www.alldayled.com\/wp-content\/uploads\/2025\/10\/ADL51075-LED.jpg\",\"contentUrl\":\"https:\/\/www.alldayled.com\/wp-content\/uploads\/2025\/10\/ADL51075-LED.jpg\",\"width\":800,\"height\":600},{\"@type\":\"BreadcrumbList\",\"@id\":\"https:\/\/www.alldayled.com\/de\/produkt\/talmu-dagrijlamp-helder-led\/#breadcrumb\",\"itemListElement\":[{\"@type\":\"ListItem\",\"position\":1,\"name\":\"Home\",\"item\":\"https:\/\/www.alldayled.com\/de\/\"},{\"@type\":\"ListItem\",\"position\":2,\"name\":\"Shop\",\"item\":\"https:\/\/www.alldayled.com\/de\/shop\/\"},{\"@type\":\"ListItem\",\"position\":3,\"name\":\"Beleuchtung LKW\",\"item\":\"https:\/\/www.alldayled.com\/de\/produkt-kategorie\/beleuchtungswagen\/\"},{\"@type\":\"ListItem\",\"position\":4,\"name\":\"DAF Beleuchtung\",\"item\":\"https:\/\/www.alldayled.com\/de\/produkt-kategorie\/beleuchtungswagen\/daf-verlichting\/\"},{\"@type\":\"ListItem\",\"position\":5,\"name\":\"Talmu Tagfahrlicht mit LED Lampe 24 Volt\"}]},{\"@type\":\"WebSite\",\"@id\":\"https:\/\/www.alldayled.com\/de\/#website\",\"url\":\"https:\/\/www.alldayled.com\/de\/\",\"name\":\"All Day Led\",\"description\":\"Verlichting voor 12&amp;24 volt gebruik\",\"publisher\":{\"@id\":\"https:\/\/www.alldayled.com\/de\/#organization\"},\"potentialAction\":[{\"@type\":\"SearchAction\",\"target\":{\"@type\":\"EntryPoint\",\"urlTemplate\":\"https:\/\/www.alldayled.com\/de\/?s={search_term_string}\"},\"query-input\":{\"@type\":\"PropertyValueSpecification\",\"valueRequired\":true,\"valueName\":\"search_term_string\"}}],\"inLanguage\":\"de\"},{\"@type\":\"Organization\",\"@id\":\"https:\/\/www.alldayled.com\/de\/#organization\",\"name\":\"All Day Led\",\"url\":\"https:\/\/www.alldayled.com\/de\/\",\"logo\":{\"@type\":\"ImageObject\",\"inLanguage\":\"de\",\"@id\":\"https:\/\/www.alldayled.com\/de\/#\/schema\/logo\/image\/\",\"url\":\"https:\/\/www.alldayled.com\/wp-content\/uploads\/2025\/10\/Logo-ALL-DAY-LED-800x800-zwart-witte-letters.png\",\"contentUrl\":\"https:\/\/www.alldayled.com\/wp-content\/uploads\/2025\/10\/Logo-ALL-DAY-LED-800x800-zwart-witte-letters.png\",\"width\":800,\"height\":800,\"caption\":\"All Day Led\"},\"image\":{\"@id\":\"https:\/\/www.alldayled.com\/de\/#\/schema\/logo\/image\/\"},\"sameAs\":[\"https:\/\/www.facebook.com\/alldayled\/\",\"https:\/\/www.instagram.com\/alldayled\/\"],\"vatID\":\"NL863960133B01\",\"taxID\":\"86416545\"}]}<\/script>\n<meta property=\"product:brand\" content=\"All Day Led\" \/>\n<meta property=\"product:price:amount\" content=\"16.95\" \/>\n<meta property=\"product:price:currency\" content=\"EUR\" \/>\n<meta property=\"og:availability\" content=\"instock\" \/>\n<meta property=\"product:availability\" content=\"instock\" \/>\n<meta property=\"product:retailer_item_id\" content=\"ADL51075-LED\" \/>\n<meta property=\"product:condition\" content=\"new\" \/>\n<!-- \/ Yoast SEO Premium plugin. -->","yoast_head_json":{"title":"Talmu Tagfahrlicht mit LED Lampe - All Day Led - f\u00fcr 24 Volt","description":"Talmu Tagfahrlicht mit LED Beleuchtung - LED Tagfahrlicht f\u00fcr 24 Volt - mit BA15S LED Lampe WEISS - D\u00e4nisches LED Tagfahrlicht","robots":{"index":"index","follow":"follow","max-snippet":"max-snippet:-1","max-image-preview":"max-image-preview:large","max-video-preview":"max-video-preview:-1"},"canonical":"https:\/\/www.alldayled.com\/de\/produkt\/talmu-dagrijlamp-helder-led\/","og_locale":"de_DE","og_type":"article","og_title":"Talmu Tagfahrlicht mit LED Lampe 24 Volt","og_description":"W\u00e4hlen Sie einen Old-School-Look? Dann darf dieses Talmu Tagfahrlicht mit LED auf keinen Fall fehlen!","og_url":"https:\/\/www.alldayled.com\/de\/produkt\/talmu-dagrijlamp-helder-led\/","og_site_name":"All Day Led","article_publisher":"https:\/\/www.facebook.com\/alldayled\/","article_modified_time":"2026-05-01T06:42:14+00:00","og_image":[{"url":"https:\/\/www.alldayled.com\/wp-content\/uploads\/2020\/03\/ADL51075-LED-2.jpg","type":"","width":"","height":""}],"twitter_misc":{"Preis":"&euro;&nbsp;16,95","Verf\u00fcgbarkeit":"Auf Lager"},"schema":{"@context":"https:\/\/schema.org","@graph":[{"@type":"WebPage","@id":"https:\/\/www.alldayled.com\/de\/produkt\/talmu-dagrijlamp-helder-led\/","url":"https:\/\/www.alldayled.com\/de\/produkt\/talmu-dagrijlamp-helder-led\/","name":"Talmu Tagfahrlicht mit LED Lampe - All Day Led - f\u00fcr 24 Volt","isPartOf":{"@id":"https:\/\/www.alldayled.com\/de\/#website"},"primaryImageOfPage":{"@id":"https:\/\/www.alldayled.com\/de\/produkt\/talmu-dagrijlamp-helder-led\/#primaryimage"},"image":{"@id":"https:\/\/www.alldayled.com\/de\/produkt\/talmu-dagrijlamp-helder-led\/#primaryimage"},"thumbnailUrl":"https:\/\/www.alldayled.com\/wp-content\/uploads\/2025\/10\/ADL51075-LED.jpg","datePublished":"2020-01-25T14:05:58+00:00","dateModified":"2026-05-01T06:42:14+00:00","description":"Talmu Tagfahrlicht mit LED Beleuchtung - LED Tagfahrlicht f\u00fcr 24 Volt - mit BA15S LED Lampe WEISS - D\u00e4nisches LED Tagfahrlicht","breadcrumb":{"@id":"https:\/\/www.alldayled.com\/de\/produkt\/talmu-dagrijlamp-helder-led\/#breadcrumb"},"inLanguage":"de","potentialAction":[{"@type":"ReadAction","target":["https:\/\/www.alldayled.com\/de\/produkt\/talmu-dagrijlamp-helder-led\/"]}]},{"@type":"ImageObject","inLanguage":"de","@id":"https:\/\/www.alldayled.com\/de\/produkt\/talmu-dagrijlamp-helder-led\/#primaryimage","url":"https:\/\/www.alldayled.com\/wp-content\/uploads\/2025\/10\/ADL51075-LED.jpg","contentUrl":"https:\/\/www.alldayled.com\/wp-content\/uploads\/2025\/10\/ADL51075-LED.jpg","width":800,"height":600},{"@type":"BreadcrumbList","@id":"https:\/\/www.alldayled.com\/de\/produkt\/talmu-dagrijlamp-helder-led\/#breadcrumb","itemListElement":[{"@type":"ListItem","position":1,"name":"Home","item":"https:\/\/www.alldayled.com\/de\/"},{"@type":"ListItem","position":2,"name":"Shop","item":"https:\/\/www.alldayled.com\/de\/shop\/"},{"@type":"ListItem","position":3,"name":"Beleuchtung LKW","item":"https:\/\/www.alldayled.com\/de\/produkt-kategorie\/beleuchtungswagen\/"},{"@type":"ListItem","position":4,"name":"DAF Beleuchtung","item":"https:\/\/www.alldayled.com\/de\/produkt-kategorie\/beleuchtungswagen\/daf-verlichting\/"},{"@type":"ListItem","position":5,"name":"Talmu Tagfahrlicht mit LED Lampe 24 Volt"}]},{"@type":"WebSite","@id":"https:\/\/www.alldayled.com\/de\/#website","url":"https:\/\/www.alldayled.com\/de\/","name":"All Day Led","description":"Verlichting voor 12&amp;24 volt gebruik","publisher":{"@id":"https:\/\/www.alldayled.com\/de\/#organization"},"potentialAction":[{"@type":"SearchAction","target":{"@type":"EntryPoint","urlTemplate":"https:\/\/www.alldayled.com\/de\/?s={search_term_string}"},"query-input":{"@type":"PropertyValueSpecification","valueRequired":true,"valueName":"search_term_string"}}],"inLanguage":"de"},{"@type":"Organization","@id":"https:\/\/www.alldayled.com\/de\/#organization","name":"All Day Led","url":"https:\/\/www.alldayled.com\/de\/","logo":{"@type":"ImageObject","inLanguage":"de","@id":"https:\/\/www.alldayled.com\/de\/#\/schema\/logo\/image\/","url":"https:\/\/www.alldayled.com\/wp-content\/uploads\/2025\/10\/Logo-ALL-DAY-LED-800x800-zwart-witte-letters.png","contentUrl":"https:\/\/www.alldayled.com\/wp-content\/uploads\/2025\/10\/Logo-ALL-DAY-LED-800x800-zwart-witte-letters.png","width":800,"height":800,"caption":"All Day Led"},"image":{"@id":"https:\/\/www.alldayled.com\/de\/#\/schema\/logo\/image\/"},"sameAs":["https:\/\/www.facebook.com\/alldayled\/","https:\/\/www.instagram.com\/alldayled\/"],"vatID":"NL863960133B01","taxID":"86416545"}]},"product_brand":"All Day Led","product_price_amount":"16.95","product_price_currency":"EUR","og_availability":"instock","product_availability":"instock","product_retailer_item_id":"ADL51075-LED","product_condition":"new"},"_links":{"self":[{"href":"https:\/\/www.alldayled.com\/de\/wp-json\/wp\/v2\/product\/67626","targetHints":{"allow":["GET"]}}],"collection":[{"href":"https:\/\/www.alldayled.com\/de\/wp-json\/wp\/v2\/product"}],"about":[{"href":"https:\/\/www.alldayled.com\/de\/wp-json\/wp\/v2\/types\/product"}],"replies":[{"embeddable":true,"href":"https:\/\/www.alldayled.com\/de\/wp-json\/wp\/v2\/comments?post=67626"}],"wp:featuredmedia":[{"embeddable":true,"href":"https:\/\/www.alldayled.com\/de\/wp-json\/wp\/v2\/media\/38328"}],"wp:attachment":[{"href":"https:\/\/www.alldayled.com\/de\/wp-json\/wp\/v2\/media?parent=67626"}],"wp:term":[{"taxonomy":"product_brand","embeddable":true,"href":"https:\/\/www.alldayled.com\/de\/wp-json\/wp\/v2\/product_brand?post=67626"},{"taxonomy":"product_cat","embeddable":true,"href":"https:\/\/www.alldayled.com\/de\/wp-json\/wp\/v2\/product_cat?post=67626"},{"taxonomy":"product_tag","embeddable":true,"href":"https:\/\/www.alldayled.com\/de\/wp-json\/wp\/v2\/product_tag?post=67626"}],"curies":[{"name":"wp","href":"https:\/\/api.w.org\/{rel}","templated":true}]}}