{"id":67665,"date":"2024-01-27T14:03:45","date_gmt":"2024-01-27T13:03:45","guid":{"rendered":"https:\/\/www.alldayled.com\/product\/tralert-led-werklamp-12w\/"},"modified":"2025-12-02T15:31:40","modified_gmt":"2025-12-02T14:31:40","slug":"tralert-led-werklamp-12w","status":"publish","type":"product","link":"https:\/\/www.alldayled.com\/de\/produkt\/tralert-led-werklamp-12w\/","title":{"rendered":"Tralert ONIX LED Lampe 12W"},"content":{"rendered":"<p><span style=\"color: #000000;\"><strong>Tralert LED Arbeitsscheinwerfer 12W Mini, f\u00fcr 12 &amp; 24 Volt. <\/strong><\/span><\/p>\n<p><span style=\"color: #000000;\">Bist du auf der Suche nach einer budgetfreundlichen Mini-LED-Arbeitsleuchte, die dennoch viel Licht spendet? Dann ist die Tralert Onix-Serie Arbeitsleuchte vielleicht genau das Richtige f\u00fcr dich. Die Leuchte verf\u00fcgt \u00fcber 8 leistungsstarke LED-Punkte und liefert eine beeindruckende Lichtausbeute von 1136 Lumen. Die wei\u00dfen LEDs funktionieren mit 12 und 24 Volt, wodurch du die Leuchte einfach an deinem Auto, LKW, Traktor, Anh\u00e4nger oder einem anderen Fahrzeug verwenden kannst. So hast du immer klare Sicht, sowohl tags\u00fcber als auch abends.    <\/span><\/p>\n<p><span style=\"color: #000000;\">Um sicherzustellen, dass die Tralert LED Arbeitsleuchte 12W Mini f\u00fcr dich geeignet ist, haben wir die wichtigsten Spezifikationen aufgelistet. Die Leuchte ist mit dem ECE R10 Pr\u00fcfzeichen versehen, was bedeutet, dass sie beispielsweise keine St\u00f6rungen an deinem Radio verursacht. Zudem verf\u00fcgt sie \u00fcber das IP68 Pr\u00fcfzeichen, wodurch die Arbeitsleuchte vollst\u00e4ndig staub- und wasserdicht ist. Die Leuchte wird mit Edelstahl-Befestigungsmaterial geliefert, damit du sie direkt stabil und sicher montieren kannst. Dank ihrer kompakten Gr\u00f6\u00dfe ist dies eine ideale Leuchte f\u00fcr jeden Ort, an dem du zus\u00e4tzliche Beleuchtung ben\u00f6tigst.    <\/span><\/p>\n<p><span style=\"color: #000000;\"><strong>Abmessungen:<\/strong><\/span><\/p>\n<p><span style=\"color: #000000;\">Da du sicherstellen m\u00f6chtest, dass die LED Arbeitsleuchte an den Ort passt, wo du sie montieren m\u00f6chtest, haben wir die Abmessungen der Tralert LED Arbeitsscheinwerfer 12W Mini unten aufgelistet:<\/span><\/p>\n<ul>\n<li><span style=\"color: #000000;\">H\u00f6he: 64 mm (89 mm inkl. Befestigung)<\/span><\/li>\n<li><span style=\"color: #000000;\">Breite: 128 mm<\/span><\/li>\n<li><span style=\"color: #000000;\">Tiefe: 47,5 mm<\/span><\/li>\n<\/ul>\n<h5><span style=\"color: #000000;\"><strong>Andere Versionen: <\/strong><\/span><\/h5>\n<p><span style=\"color: #000000;\">Bist du auf der Suche nach einer Tralert Arbeitsleuchte, aber die 12W Mini ist nicht ganz das, was du suchst? Keine Sorge! Die Tralert Arbeitsleuchte ist auch in verschiedenen anderen Modellen erh\u00e4ltlich. Unten findest du eine \u00dcbersicht der verschiedenen Optionen, die wir in unserem Sortiment haben. So kannst du immer die perfekte Leuchte f\u00fcr dein Fahrzeug finden.    <\/span><\/p>\n<ul>\n<li><span style=\"color: #000000;\"><a style=\"color: #000000;\" href=\"https:\/\/www.alldayled.com\/de\/produkt\/tralert-led-werklamp-24w-vierkant\/\" target=\"_blank\" rel=\"noopener\"><strong>Onix Arbeitsscheinwerfer 24W quadratisch<\/strong><\/a><\/span><\/li>\n<li><span style=\"color: #000000;\"><a style=\"color: #000000;\" href=\"https:\/\/www.alldayled.com\/de\/produkt\/tralert-led-werklamp-24w-rond\/\" target=\"_blank\" rel=\"noopener\"><strong>Onix Arbeitsscheinwerfer 24W rund<\/strong><\/a><\/span><\/li>\n<\/ul>\n<div class=\"truncated\">\n<p><span style=\"color: #000000;\">Bist du der Meinung, dass die Tralert LED Arbeitsleuchte 12W Mini nicht das ist, wonach du suchst? Einfach weil die Lichtausbeute, Wattzahl oder Form nicht deinen W\u00fcnschen entspricht? Dann schau dir hier das komplette Angebot von <a style=\"color: #000000;\" href=\"https:\/\/www.alldayled.com\/de\/marke\/product-tralert\/\" target=\"_blank\" rel=\"noopener\">Tralert<\/a> an.  <\/span><\/p>\n<\/div>\n","protected":false},"excerpt":{"rendered":"<p>Kompakte Mini-Arbeitsleuchte von Tralert aus der Onix-Serie mit 1136 Lumen und 12W.<\/p>\n","protected":false},"featured_media":26013,"comment_status":"open","ping_status":"closed","template":"","meta":{"_acf_changed":false},"product_brand":[6607],"product_cat":[5340],"product_tag":[9060,9062,9059,9058,9063,9057,9061],"class_list":{"0":"post-67665","1":"product","2":"type-product","3":"status-publish","4":"has-post-thumbnail","6":"product_brand-product-tralert","7":"product_cat-werklamp-overig","8":"product_tag-arbeitsleuchte-kafiganhanger","9":"product_tag-arbeitsscheinwerfer-anhanger","10":"product_tag-arbeitsscheinwerfer-gabelstapler","12":"product_tag-arbeitstransporter","13":"product_tag-led-arbeitsleuchte","14":"product_tag-traktor-arbeitsleuchte","16":"first","17":"instock","18":"taxable","19":"shipping-taxable","20":"purchasable","21":"product-type-simple"},"acf":[],"yoast_head":"<!-- This site is optimized with the Yoast SEO Premium plugin v26.5 (Yoast SEO v27.1.1) - https:\/\/yoast.com\/product\/yoast-seo-premium-wordpress\/ -->\n<title>Tralert LED Arbeitsscheinwerfer 12W Mini-Variante - All Day Led - funktioniert mit 12&amp;24 Volt<\/title>\n<meta name=\"description\" content=\"Tralert LED Arbeitsscheinwerfer 12W MINI - TRSW12274FB mit Deutsch-Stecker - ECE-R10 - Onix Serie mit Philips LED-Chips - 1136 Lumen - Auto, LKW und mehr\" \/>\n<meta name=\"robots\" content=\"index, follow, max-snippet:-1, max-image-preview:large, max-video-preview:-1\" \/>\n<link rel=\"canonical\" href=\"https:\/\/www.alldayled.com\/de\/produkt\/tralert-led-werklamp-12w\/\" \/>\n<meta property=\"og:locale\" content=\"de_DE\" \/>\n<meta property=\"og:type\" content=\"article\" \/>\n<meta property=\"og:title\" content=\"Tralert LED Arbeitsscheinwerfer 12W Mini-Variante - All Day Led - funktioniert mit 12&amp;24 Volt\" \/>\n<meta property=\"og:description\" content=\"Tralert LED Arbeitsscheinwerfer 12W MINI - TRSW12274FB mit Deutsch-Stecker - ECE-R10 - Onix Serie mit Philips LED-Chips - 1136 Lumen - Auto, LKW und mehr\" \/>\n<meta property=\"og:url\" content=\"https:\/\/www.alldayled.com\/de\/produkt\/tralert-led-werklamp-12w\/\" \/>\n<meta property=\"og:site_name\" content=\"All Day Led\" \/>\n<meta property=\"article:publisher\" content=\"https:\/\/www.facebook.com\/alldayled\/\" \/>\n<meta property=\"article:modified_time\" content=\"2025-12-02T14:31:40+00:00\" \/>\n<meta property=\"og:image\" content=\"https:\/\/www.alldayled.com\/wp-content\/uploads\/2024\/10\/ADL12274.01-300x300.png\" \/>\n<meta name=\"twitter:label1\" content=\"Preis\" \/>\n\t<meta name=\"twitter:data1\" content=\"&euro;&nbsp;26,95\" \/>\n\t<meta name=\"twitter:label2\" content=\"Verf\u00fcgbarkeit\" \/>\n\t<meta name=\"twitter:data2\" content=\"Auf Lager\" \/>\n<script type=\"application\/ld+json\" class=\"yoast-schema-graph\">{\"@context\":\"https:\/\/schema.org\",\"@graph\":[{\"@type\":\"WebPage\",\"@id\":\"https:\/\/www.alldayled.com\/de\/produkt\/tralert-led-werklamp-12w\/\",\"url\":\"https:\/\/www.alldayled.com\/de\/produkt\/tralert-led-werklamp-12w\/\",\"name\":\"Tralert LED Arbeitsscheinwerfer 12W Mini-Variante - All Day Led - funktioniert mit 12&24 Volt\",\"isPartOf\":{\"@id\":\"https:\/\/www.alldayled.com\/de\/#website\"},\"primaryImageOfPage\":{\"@id\":\"https:\/\/www.alldayled.com\/de\/produkt\/tralert-led-werklamp-12w\/#primaryimage\"},\"image\":{\"@id\":\"https:\/\/www.alldayled.com\/de\/produkt\/tralert-led-werklamp-12w\/#primaryimage\"},\"thumbnailUrl\":\"https:\/\/www.alldayled.com\/wp-content\/uploads\/2023\/10\/ADL12274.png\",\"datePublished\":\"2024-01-27T13:03:45+00:00\",\"dateModified\":\"2025-12-02T14:31:40+00:00\",\"description\":\"Tralert LED Arbeitsscheinwerfer 12W MINI - TRSW12274FB mit Deutsch-Stecker - ECE-R10 - Onix Serie mit Philips LED-Chips - 1136 Lumen - Auto, LKW und mehr\",\"breadcrumb\":{\"@id\":\"https:\/\/www.alldayled.com\/de\/produkt\/tralert-led-werklamp-12w\/#breadcrumb\"},\"inLanguage\":\"de\",\"potentialAction\":[{\"@type\":\"ReadAction\",\"target\":[\"https:\/\/www.alldayled.com\/de\/produkt\/tralert-led-werklamp-12w\/\"]}]},{\"@type\":\"ImageObject\",\"inLanguage\":\"de\",\"@id\":\"https:\/\/www.alldayled.com\/de\/produkt\/tralert-led-werklamp-12w\/#primaryimage\",\"url\":\"https:\/\/www.alldayled.com\/wp-content\/uploads\/2023\/10\/ADL12274.png\",\"contentUrl\":\"https:\/\/www.alldayled.com\/wp-content\/uploads\/2023\/10\/ADL12274.png\",\"width\":800,\"height\":600,\"caption\":\"Tralert LED Arbeitsleuchte 24W quadratisch - Arbeitsleuchte geeignet f\u00fcr 12 und 24 Volt Betrieb - Tralert Nummer: TRSW12275FB - EAN: 8720364580247\"},{\"@type\":\"BreadcrumbList\",\"@id\":\"https:\/\/www.alldayled.com\/de\/produkt\/tralert-led-werklamp-12w\/#breadcrumb\",\"itemListElement\":[{\"@type\":\"ListItem\",\"position\":1,\"name\":\"Home\",\"item\":\"https:\/\/www.alldayled.com\/de\/\"},{\"@type\":\"ListItem\",\"position\":2,\"name\":\"Shop\",\"item\":\"https:\/\/www.alldayled.com\/de\/shop\/\"},{\"@type\":\"ListItem\",\"position\":3,\"name\":\"Arbeitsscheinwerfer\",\"item\":\"https:\/\/www.alldayled.com\/de\/produkt-kategorie\/arbeitsscheinwerfer\/\"},{\"@type\":\"ListItem\",\"position\":4,\"name\":\"Arbeitsscheinwerfer sonstig\",\"item\":\"https:\/\/www.alldayled.com\/de\/produkt-kategorie\/arbeitsscheinwerfer\/werklamp-overig\/\"},{\"@type\":\"ListItem\",\"position\":5,\"name\":\"Tralert ONIX LED Lampe 12W\"}]},{\"@type\":\"WebSite\",\"@id\":\"https:\/\/www.alldayled.com\/de\/#website\",\"url\":\"https:\/\/www.alldayled.com\/de\/\",\"name\":\"All Day Led\",\"description\":\"Verlichting voor 12&amp;24 volt gebruik\",\"publisher\":{\"@id\":\"https:\/\/www.alldayled.com\/de\/#organization\"},\"potentialAction\":[{\"@type\":\"SearchAction\",\"target\":{\"@type\":\"EntryPoint\",\"urlTemplate\":\"https:\/\/www.alldayled.com\/de\/?s={search_term_string}\"},\"query-input\":{\"@type\":\"PropertyValueSpecification\",\"valueRequired\":true,\"valueName\":\"search_term_string\"}}],\"inLanguage\":\"de\"},{\"@type\":\"Organization\",\"@id\":\"https:\/\/www.alldayled.com\/de\/#organization\",\"name\":\"All Day Led\",\"url\":\"https:\/\/www.alldayled.com\/de\/\",\"logo\":{\"@type\":\"ImageObject\",\"inLanguage\":\"de\",\"@id\":\"https:\/\/www.alldayled.com\/de\/#\/schema\/logo\/image\/\",\"url\":\"https:\/\/www.alldayled.com\/wp-content\/uploads\/2025\/10\/Logo-ALL-DAY-LED-800x800-zwart-witte-letters.png\",\"contentUrl\":\"https:\/\/www.alldayled.com\/wp-content\/uploads\/2025\/10\/Logo-ALL-DAY-LED-800x800-zwart-witte-letters.png\",\"width\":800,\"height\":800,\"caption\":\"All Day Led\"},\"image\":{\"@id\":\"https:\/\/www.alldayled.com\/de\/#\/schema\/logo\/image\/\"},\"sameAs\":[\"https:\/\/www.facebook.com\/alldayled\/\",\"https:\/\/www.instagram.com\/alldayled\/\"],\"vatID\":\"NL863960133B01\",\"taxID\":\"86416545\"}]}<\/script>\n<meta property=\"product:brand\" content=\"Tralert \u00ae\" \/>\n<meta property=\"product:price:amount\" content=\"26.95\" \/>\n<meta property=\"product:price:currency\" content=\"EUR\" \/>\n<meta property=\"og:availability\" content=\"instock\" \/>\n<meta property=\"product:availability\" content=\"instock\" \/>\n<meta property=\"product:retailer_item_id\" content=\"ADL12274\" \/>\n<meta property=\"product:condition\" content=\"new\" \/>\n<!-- \/ Yoast SEO Premium plugin. -->","yoast_head_json":{"title":"Tralert LED Arbeitsscheinwerfer 12W Mini-Variante - All Day Led - funktioniert mit 12&24 Volt","description":"Tralert LED Arbeitsscheinwerfer 12W MINI - TRSW12274FB mit Deutsch-Stecker - ECE-R10 - Onix Serie mit Philips LED-Chips - 1136 Lumen - Auto, LKW und mehr","robots":{"index":"index","follow":"follow","max-snippet":"max-snippet:-1","max-image-preview":"max-image-preview:large","max-video-preview":"max-video-preview:-1"},"canonical":"https:\/\/www.alldayled.com\/de\/produkt\/tralert-led-werklamp-12w\/","og_locale":"de_DE","og_type":"article","og_title":"Tralert LED Arbeitsscheinwerfer 12W Mini-Variante - All Day Led - funktioniert mit 12&24 Volt","og_description":"Tralert LED Arbeitsscheinwerfer 12W MINI - TRSW12274FB mit Deutsch-Stecker - ECE-R10 - Onix Serie mit Philips LED-Chips - 1136 Lumen - Auto, LKW und mehr","og_url":"https:\/\/www.alldayled.com\/de\/produkt\/tralert-led-werklamp-12w\/","og_site_name":"All Day Led","article_publisher":"https:\/\/www.facebook.com\/alldayled\/","article_modified_time":"2025-12-02T14:31:40+00:00","og_image":[{"url":"https:\/\/www.alldayled.com\/wp-content\/uploads\/2024\/10\/ADL12274.01-300x300.png","type":"","width":"","height":""}],"twitter_misc":{"Preis":"&euro;&nbsp;26,95","Verf\u00fcgbarkeit":"Auf Lager"},"schema":{"@context":"https:\/\/schema.org","@graph":[{"@type":"WebPage","@id":"https:\/\/www.alldayled.com\/de\/produkt\/tralert-led-werklamp-12w\/","url":"https:\/\/www.alldayled.com\/de\/produkt\/tralert-led-werklamp-12w\/","name":"Tralert LED Arbeitsscheinwerfer 12W Mini-Variante - All Day Led - funktioniert mit 12&24 Volt","isPartOf":{"@id":"https:\/\/www.alldayled.com\/de\/#website"},"primaryImageOfPage":{"@id":"https:\/\/www.alldayled.com\/de\/produkt\/tralert-led-werklamp-12w\/#primaryimage"},"image":{"@id":"https:\/\/www.alldayled.com\/de\/produkt\/tralert-led-werklamp-12w\/#primaryimage"},"thumbnailUrl":"https:\/\/www.alldayled.com\/wp-content\/uploads\/2023\/10\/ADL12274.png","datePublished":"2024-01-27T13:03:45+00:00","dateModified":"2025-12-02T14:31:40+00:00","description":"Tralert LED Arbeitsscheinwerfer 12W MINI - TRSW12274FB mit Deutsch-Stecker - ECE-R10 - Onix Serie mit Philips LED-Chips - 1136 Lumen - Auto, LKW und mehr","breadcrumb":{"@id":"https:\/\/www.alldayled.com\/de\/produkt\/tralert-led-werklamp-12w\/#breadcrumb"},"inLanguage":"de","potentialAction":[{"@type":"ReadAction","target":["https:\/\/www.alldayled.com\/de\/produkt\/tralert-led-werklamp-12w\/"]}]},{"@type":"ImageObject","inLanguage":"de","@id":"https:\/\/www.alldayled.com\/de\/produkt\/tralert-led-werklamp-12w\/#primaryimage","url":"https:\/\/www.alldayled.com\/wp-content\/uploads\/2023\/10\/ADL12274.png","contentUrl":"https:\/\/www.alldayled.com\/wp-content\/uploads\/2023\/10\/ADL12274.png","width":800,"height":600,"caption":"Tralert LED Arbeitsleuchte 24W quadratisch - Arbeitsleuchte geeignet f\u00fcr 12 und 24 Volt Betrieb - Tralert Nummer: TRSW12275FB - EAN: 8720364580247"},{"@type":"BreadcrumbList","@id":"https:\/\/www.alldayled.com\/de\/produkt\/tralert-led-werklamp-12w\/#breadcrumb","itemListElement":[{"@type":"ListItem","position":1,"name":"Home","item":"https:\/\/www.alldayled.com\/de\/"},{"@type":"ListItem","position":2,"name":"Shop","item":"https:\/\/www.alldayled.com\/de\/shop\/"},{"@type":"ListItem","position":3,"name":"Arbeitsscheinwerfer","item":"https:\/\/www.alldayled.com\/de\/produkt-kategorie\/arbeitsscheinwerfer\/"},{"@type":"ListItem","position":4,"name":"Arbeitsscheinwerfer sonstig","item":"https:\/\/www.alldayled.com\/de\/produkt-kategorie\/arbeitsscheinwerfer\/werklamp-overig\/"},{"@type":"ListItem","position":5,"name":"Tralert ONIX LED Lampe 12W"}]},{"@type":"WebSite","@id":"https:\/\/www.alldayled.com\/de\/#website","url":"https:\/\/www.alldayled.com\/de\/","name":"All Day Led","description":"Verlichting voor 12&amp;24 volt gebruik","publisher":{"@id":"https:\/\/www.alldayled.com\/de\/#organization"},"potentialAction":[{"@type":"SearchAction","target":{"@type":"EntryPoint","urlTemplate":"https:\/\/www.alldayled.com\/de\/?s={search_term_string}"},"query-input":{"@type":"PropertyValueSpecification","valueRequired":true,"valueName":"search_term_string"}}],"inLanguage":"de"},{"@type":"Organization","@id":"https:\/\/www.alldayled.com\/de\/#organization","name":"All Day Led","url":"https:\/\/www.alldayled.com\/de\/","logo":{"@type":"ImageObject","inLanguage":"de","@id":"https:\/\/www.alldayled.com\/de\/#\/schema\/logo\/image\/","url":"https:\/\/www.alldayled.com\/wp-content\/uploads\/2025\/10\/Logo-ALL-DAY-LED-800x800-zwart-witte-letters.png","contentUrl":"https:\/\/www.alldayled.com\/wp-content\/uploads\/2025\/10\/Logo-ALL-DAY-LED-800x800-zwart-witte-letters.png","width":800,"height":800,"caption":"All Day Led"},"image":{"@id":"https:\/\/www.alldayled.com\/de\/#\/schema\/logo\/image\/"},"sameAs":["https:\/\/www.facebook.com\/alldayled\/","https:\/\/www.instagram.com\/alldayled\/"],"vatID":"NL863960133B01","taxID":"86416545"}]},"product_brand":"Tralert \u00ae","product_price_amount":"26.95","product_price_currency":"EUR","og_availability":"instock","product_availability":"instock","product_retailer_item_id":"ADL12274","product_condition":"new"},"_links":{"self":[{"href":"https:\/\/www.alldayled.com\/de\/wp-json\/wp\/v2\/product\/67665","targetHints":{"allow":["GET"]}}],"collection":[{"href":"https:\/\/www.alldayled.com\/de\/wp-json\/wp\/v2\/product"}],"about":[{"href":"https:\/\/www.alldayled.com\/de\/wp-json\/wp\/v2\/types\/product"}],"replies":[{"embeddable":true,"href":"https:\/\/www.alldayled.com\/de\/wp-json\/wp\/v2\/comments?post=67665"}],"wp:featuredmedia":[{"embeddable":true,"href":"https:\/\/www.alldayled.com\/de\/wp-json\/wp\/v2\/media\/26013"}],"wp:attachment":[{"href":"https:\/\/www.alldayled.com\/de\/wp-json\/wp\/v2\/media?parent=67665"}],"wp:term":[{"taxonomy":"product_brand","embeddable":true,"href":"https:\/\/www.alldayled.com\/de\/wp-json\/wp\/v2\/product_brand?post=67665"},{"taxonomy":"product_cat","embeddable":true,"href":"https:\/\/www.alldayled.com\/de\/wp-json\/wp\/v2\/product_cat?post=67665"},{"taxonomy":"product_tag","embeddable":true,"href":"https:\/\/www.alldayled.com\/de\/wp-json\/wp\/v2\/product_tag?post=67665"}],"curies":[{"name":"wp","href":"https:\/\/api.w.org\/{rel}","templated":true}]}}