{"id":67690,"date":"2024-07-14T05:17:52","date_gmt":"2024-07-14T03:17:52","guid":{"rendered":"https:\/\/www.alldayled.com\/product\/m-led-edge-werklamp-30w\/"},"modified":"2026-02-11T19:47:41","modified_gmt":"2026-02-11T18:47:41","slug":"m-led-edge-werklamp-30w","status":"publish","type":"product","link":"https:\/\/www.alldayled.com\/de\/produkt\/m-led-edge-werklamp-30w\/","title":{"rendered":"M-LED EDGE Lampe 30W"},"content":{"rendered":"<p><span style=\"color: #000000;\"><strong>M-LED EDGE Lampe 30w Black-Serie, f\u00fcr 12 &amp; 24 Volt.<\/strong><\/span><\/p>\n<p><span style=\"color: #000000;\">Bist du auf der Suche nach einem neuen LED-Arbeitsscheinwerfer mit einer schlichten, dunklen Optik? Dann ist die M-LED EDGE Lampe wahrscheinlich genau das, was du suchst. Die Lampe ist mit 4 leistungsstarken LED-Punkten ausgestattet und bietet eine beeindruckende Lichtleistung von 3790 Lumen. Sie funktioniert mit 12 und 24 Volt, sodass du sie problemlos an deinem Auto, LKW, Traktor, Anh\u00e4nger oder einem anderen Fahrzeug verwenden kannst. Dank des kompakten und leichten Designs kannst du sie einfach montieren, wo immer du willst.    <\/span><\/p>\n<p><span style=\"color: #000000;\">Um sicherzustellen, dass die M-LED EDGE 30W die richtige Wahl ist, haben wir die wichtigsten Spezifikationen aufgelistet. Die Lampe ist mit den Pr\u00fcfzeichen ECE R10 und CISPR25 Klasse 5 versehen, was bedeutet, dass sie keine St\u00f6rungen beispielsweise an deinem Radio oder anderer Elektronik verursacht. Au\u00dferdem verf\u00fcgt sie \u00fcber das IP67- und IP69K-Pr\u00fcfzeichen, wodurch die Lampe vollst\u00e4ndig staub- und wasserdicht ist und sogar Hochdruckreinigung problemlos standh\u00e4lt. Der Arbeitsscheinwerfer wird mit Edelstahl-Befestigungsmaterial geliefert, wodurch er stabil und direkt montagebereit ist.   <\/span><\/p>\n<h5><span style=\"color: #000000;\"><strong>Abmessungen:<\/strong><\/span><\/h5>\n<p><span style=\"color: #000000;\">Da du vor dem Kauf sicherstellen m\u00f6chtest, dass diese LED-Lampe an die Stelle passt, an der du sie montieren m\u00f6chtest, m\u00f6chtest du nat\u00fcrlich die genauen Abmessungen haben. Die Abmessungen der M-LED EDGE Lampe 30W mit 4 LED-Punkten sind wie folgt: <\/span><\/p>\n<ul>\n<li><span style=\"color: #000000;\">H\u00f6he: 76 mm (110 mm inkl. Befestigung)<\/span><\/li>\n<li><span style=\"color: #000000;\">Breite: 76 mm<\/span><\/li>\n<li><span style=\"color: #000000;\">Dicke: 40 mm<\/span><\/li>\n<\/ul>\n<h5><span style=\"color: #000000;\"><strong>Andere Versionen:<\/strong><\/span><\/h5>\n<p><span style=\"color: #000000;\">Bist du zwar auf der Suche nach einem EDGE-Arbeitsscheinwerfer von M-LED, aber die Black Series 30W ist nicht ganz das, was du suchst? Dann hast du Gl\u00fcck, denn der Mobiled WL356-Arbeitsscheinwerfer ist auch in mehreren Varianten erh\u00e4ltlich. Sieh dir unten alle Modelle an, die wir in unser Sortiment aufgenommen haben.  <\/span><\/p>\n<ul>\n<li><span style=\"color: #000000;\"><a style=\"color: #000000;\" href=\"https:\/\/www.alldayled.com\/de\/produkt\/m-led-edge-werklamp-40w\/\"><strong>M-LED Arbeitsscheinwerfer 40w<\/strong><\/a><\/span><\/li>\n<li><span style=\"color: #000000;\"><a style=\"color: #000000;\" href=\"https:\/\/www.alldayled.com\/de\/produkt\/m-led-edge-werklamp-65w\/\"><strong>M-LED Arbeitsscheinwerfer 65W<\/strong><\/a><\/span><\/li>\n<li><a href=\"https:\/\/www.alldayled.com\/de\/produkt\/m-led-edge-30w-werklamp\/\"><span style=\"color: #000000;\"><strong>M-LED Arbeitsscheinwerfer 30W (flach)<\/strong><\/span><\/a><\/li>\n<\/ul>\n<div class=\"truncated\">\n<p><span style=\"color: #000000;\">Bist du dennoch der Meinung, dass der M-LED EDGE Arbeitsscheinwerfer 30w nicht das ist, wonach du suchst? Einfach, weil die Lichtleistung, Wattzahl oder Form nicht deinen W\u00fcnschen entspricht? Dann schau dir hier das komplette Angebot von <a style=\"color: #000000;\" href=\"https:\/\/www.alldayled.com\/de\/marke\/product-m-led\/\" target=\"_blank\" rel=\"noopener\">M-LED\/Mobiled<\/a> an. Vielleicht findest du hier die LED-Lampe, die du suchst.   <\/span><\/p>\n<\/div>\n","protected":false},"excerpt":{"rendered":"<p>Kleiner LED Arbeitsscheinwerfer mit 4 LED-Punkten und schr\u00e4gem Winkel f\u00fcr ein breiteres Lichtbild!<\/p>\n","protected":false},"featured_media":30390,"comment_status":"open","ping_status":"closed","template":"","meta":{"_acf_changed":false},"product_brand":[6499],"product_cat":[5334],"product_tag":[9060,9062,9059,9058,9063,9057,9061],"class_list":{"0":"post-67690","1":"product","2":"type-product","3":"status-publish","4":"has-post-thumbnail","6":"product_brand-product-m-led","7":"product_cat-werklamp-vierkant","8":"product_tag-arbeitsleuchte-kafiganhanger","9":"product_tag-arbeitsscheinwerfer-anhanger","10":"product_tag-arbeitsscheinwerfer-gabelstapler","12":"product_tag-arbeitstransporter","13":"product_tag-led-arbeitsleuchte","14":"product_tag-traktor-arbeitsleuchte","16":"first","17":"instock","18":"taxable","19":"shipping-taxable","20":"purchasable","21":"product-type-simple"},"acf":[],"yoast_head":"<!-- This site is optimized with the Yoast SEO Premium plugin v26.5 (Yoast SEO v27.1.1) - https:\/\/yoast.com\/product\/yoast-seo-premium-wordpress\/ -->\n<title>M-LED EDGE Lampe 30W - All Day Led - geeignet f\u00fcr 12&amp;24 Volt<\/title>\n<meta name=\"description\" content=\"M-LED EDGE Lampe 30W - f\u00fcr Auto, LKW, Anh\u00e4nger und mehr - leichter LED Arbeitsscheinwerfer f\u00fcr 12 &amp; 24 Volt - mit DT2-Anschluss - 3740 Lumen\" \/>\n<meta name=\"robots\" content=\"index, follow, max-snippet:-1, max-image-preview:large, max-video-preview:-1\" \/>\n<link rel=\"canonical\" href=\"https:\/\/www.alldayled.com\/de\/produkt\/m-led-edge-werklamp-30w\/\" \/>\n<meta property=\"og:locale\" content=\"de_DE\" \/>\n<meta property=\"og:type\" content=\"article\" \/>\n<meta property=\"og:title\" content=\"M-LED EDGE Lampe 30W - All Day Led - geeignet f\u00fcr 12&amp;24 Volt\" \/>\n<meta property=\"og:description\" content=\"M-LED EDGE Lampe 30W - f\u00fcr Auto, LKW, Anh\u00e4nger und mehr - leichter LED Arbeitsscheinwerfer f\u00fcr 12 &amp; 24 Volt - mit DT2-Anschluss - 3740 Lumen\" \/>\n<meta property=\"og:url\" content=\"https:\/\/www.alldayled.com\/de\/produkt\/m-led-edge-werklamp-30w\/\" \/>\n<meta property=\"og:site_name\" content=\"All Day Led\" \/>\n<meta property=\"article:publisher\" content=\"https:\/\/www.facebook.com\/alldayled\/\" \/>\n<meta property=\"article:modified_time\" content=\"2026-02-11T18:47:41+00:00\" \/>\n<meta property=\"og:image\" content=\"https:\/\/www.alldayled.com\/wp-content\/uploads\/2024\/09\/ADL20356.01-300x300.png\" \/>\n<meta name=\"twitter:label1\" content=\"Preis\" \/>\n\t<meta name=\"twitter:data1\" content=\"&euro;&nbsp;39,95\" \/>\n\t<meta name=\"twitter:label2\" content=\"Verf\u00fcgbarkeit\" \/>\n\t<meta name=\"twitter:data2\" content=\"Auf Lager\" \/>\n<script type=\"application\/ld+json\" class=\"yoast-schema-graph\">{\"@context\":\"https:\/\/schema.org\",\"@graph\":[{\"@type\":\"WebPage\",\"@id\":\"https:\/\/www.alldayled.com\/de\/produkt\/m-led-edge-werklamp-30w\/\",\"url\":\"https:\/\/www.alldayled.com\/de\/produkt\/m-led-edge-werklamp-30w\/\",\"name\":\"M-LED EDGE Lampe 30W - All Day Led - geeignet f\u00fcr 12&24 Volt\",\"isPartOf\":{\"@id\":\"https:\/\/www.alldayled.com\/de\/#website\"},\"primaryImageOfPage\":{\"@id\":\"https:\/\/www.alldayled.com\/de\/produkt\/m-led-edge-werklamp-30w\/#primaryimage\"},\"image\":{\"@id\":\"https:\/\/www.alldayled.com\/de\/produkt\/m-led-edge-werklamp-30w\/#primaryimage\"},\"thumbnailUrl\":\"https:\/\/www.alldayled.com\/wp-content\/uploads\/2024\/08\/ADL20356.png\",\"datePublished\":\"2024-07-14T03:17:52+00:00\",\"dateModified\":\"2026-02-11T18:47:41+00:00\",\"description\":\"M-LED EDGE Lampe 30W - f\u00fcr Auto, LKW, Anh\u00e4nger und mehr - leichter LED Arbeitsscheinwerfer f\u00fcr 12 & 24 Volt - mit DT2-Anschluss - 3740 Lumen\",\"breadcrumb\":{\"@id\":\"https:\/\/www.alldayled.com\/de\/produkt\/m-led-edge-werklamp-30w\/#breadcrumb\"},\"inLanguage\":\"de\",\"potentialAction\":[{\"@type\":\"ReadAction\",\"target\":[\"https:\/\/www.alldayled.com\/de\/produkt\/m-led-edge-werklamp-30w\/\"]}]},{\"@type\":\"ImageObject\",\"inLanguage\":\"de\",\"@id\":\"https:\/\/www.alldayled.com\/de\/produkt\/m-led-edge-werklamp-30w\/#primaryimage\",\"url\":\"https:\/\/www.alldayled.com\/wp-content\/uploads\/2024\/08\/ADL20356.png\",\"contentUrl\":\"https:\/\/www.alldayled.com\/wp-content\/uploads\/2024\/08\/ADL20356.png\",\"width\":800,\"height\":600,\"caption\":\"M-LED EDGE Lampe 30W - LED Lampe f\u00fcr beispielsweise ein Auto, LKW, Anh\u00e4nger, Bootstrailer, Pferdeanh\u00e4nger, Schaufel, Bagger, Wohnmobil oder eine andere Art von Fahrzeug - mit DT2-Anschlusskabel - mit EMC CISPR25 Klasse 5 Pr\u00fcfzeichen - kleiner LED Arbeitsscheinwerfer f\u00fcr 12 und 24 Volt Betrieb - Mobiled \/ M-LED WL356\"},{\"@type\":\"BreadcrumbList\",\"@id\":\"https:\/\/www.alldayled.com\/de\/produkt\/m-led-edge-werklamp-30w\/#breadcrumb\",\"itemListElement\":[{\"@type\":\"ListItem\",\"position\":1,\"name\":\"Home\",\"item\":\"https:\/\/www.alldayled.com\/de\/\"},{\"@type\":\"ListItem\",\"position\":2,\"name\":\"Shop\",\"item\":\"https:\/\/www.alldayled.com\/de\/shop\/\"},{\"@type\":\"ListItem\",\"position\":3,\"name\":\"Arbeitsscheinwerfer\",\"item\":\"https:\/\/www.alldayled.com\/de\/produkt-kategorie\/arbeitsscheinwerfer\/\"},{\"@type\":\"ListItem\",\"position\":4,\"name\":\"Arbeitsscheinwerfer Quadratisch\",\"item\":\"https:\/\/www.alldayled.com\/de\/produkt-kategorie\/arbeitsscheinwerfer\/werklamp-vierkant\/\"},{\"@type\":\"ListItem\",\"position\":5,\"name\":\"M-LED EDGE Lampe 30W\"}]},{\"@type\":\"WebSite\",\"@id\":\"https:\/\/www.alldayled.com\/de\/#website\",\"url\":\"https:\/\/www.alldayled.com\/de\/\",\"name\":\"All Day Led\",\"description\":\"Verlichting voor 12&amp;24 volt gebruik\",\"publisher\":{\"@id\":\"https:\/\/www.alldayled.com\/de\/#organization\"},\"potentialAction\":[{\"@type\":\"SearchAction\",\"target\":{\"@type\":\"EntryPoint\",\"urlTemplate\":\"https:\/\/www.alldayled.com\/de\/?s={search_term_string}\"},\"query-input\":{\"@type\":\"PropertyValueSpecification\",\"valueRequired\":true,\"valueName\":\"search_term_string\"}}],\"inLanguage\":\"de\"},{\"@type\":\"Organization\",\"@id\":\"https:\/\/www.alldayled.com\/de\/#organization\",\"name\":\"All Day Led\",\"url\":\"https:\/\/www.alldayled.com\/de\/\",\"logo\":{\"@type\":\"ImageObject\",\"inLanguage\":\"de\",\"@id\":\"https:\/\/www.alldayled.com\/de\/#\/schema\/logo\/image\/\",\"url\":\"https:\/\/www.alldayled.com\/wp-content\/uploads\/2025\/10\/Logo-ALL-DAY-LED-800x800-zwart-witte-letters.png\",\"contentUrl\":\"https:\/\/www.alldayled.com\/wp-content\/uploads\/2025\/10\/Logo-ALL-DAY-LED-800x800-zwart-witte-letters.png\",\"width\":800,\"height\":800,\"caption\":\"All Day Led\"},\"image\":{\"@id\":\"https:\/\/www.alldayled.com\/de\/#\/schema\/logo\/image\/\"},\"sameAs\":[\"https:\/\/www.facebook.com\/alldayled\/\",\"https:\/\/www.instagram.com\/alldayled\/\"],\"vatID\":\"NL863960133B01\",\"taxID\":\"86416545\"}]}<\/script>\n<meta property=\"product:brand\" content=\"M-LED\" \/>\n<meta property=\"product:price:amount\" content=\"39.95\" \/>\n<meta property=\"product:price:currency\" content=\"EUR\" \/>\n<meta property=\"og:availability\" content=\"instock\" \/>\n<meta property=\"product:availability\" content=\"instock\" \/>\n<meta property=\"product:retailer_item_id\" content=\"ADL20356\" \/>\n<meta property=\"product:condition\" content=\"new\" \/>\n<!-- \/ Yoast SEO Premium plugin. -->","yoast_head_json":{"title":"M-LED EDGE Lampe 30W - All Day Led - geeignet f\u00fcr 12&24 Volt","description":"M-LED EDGE Lampe 30W - f\u00fcr Auto, LKW, Anh\u00e4nger und mehr - leichter LED Arbeitsscheinwerfer f\u00fcr 12 & 24 Volt - mit DT2-Anschluss - 3740 Lumen","robots":{"index":"index","follow":"follow","max-snippet":"max-snippet:-1","max-image-preview":"max-image-preview:large","max-video-preview":"max-video-preview:-1"},"canonical":"https:\/\/www.alldayled.com\/de\/produkt\/m-led-edge-werklamp-30w\/","og_locale":"de_DE","og_type":"article","og_title":"M-LED EDGE Lampe 30W - All Day Led - geeignet f\u00fcr 12&24 Volt","og_description":"M-LED EDGE Lampe 30W - f\u00fcr Auto, LKW, Anh\u00e4nger und mehr - leichter LED Arbeitsscheinwerfer f\u00fcr 12 & 24 Volt - mit DT2-Anschluss - 3740 Lumen","og_url":"https:\/\/www.alldayled.com\/de\/produkt\/m-led-edge-werklamp-30w\/","og_site_name":"All Day Led","article_publisher":"https:\/\/www.facebook.com\/alldayled\/","article_modified_time":"2026-02-11T18:47:41+00:00","og_image":[{"url":"https:\/\/www.alldayled.com\/wp-content\/uploads\/2024\/09\/ADL20356.01-300x300.png","type":"","width":"","height":""}],"twitter_misc":{"Preis":"&euro;&nbsp;39,95","Verf\u00fcgbarkeit":"Auf Lager"},"schema":{"@context":"https:\/\/schema.org","@graph":[{"@type":"WebPage","@id":"https:\/\/www.alldayled.com\/de\/produkt\/m-led-edge-werklamp-30w\/","url":"https:\/\/www.alldayled.com\/de\/produkt\/m-led-edge-werklamp-30w\/","name":"M-LED EDGE Lampe 30W - All Day Led - geeignet f\u00fcr 12&24 Volt","isPartOf":{"@id":"https:\/\/www.alldayled.com\/de\/#website"},"primaryImageOfPage":{"@id":"https:\/\/www.alldayled.com\/de\/produkt\/m-led-edge-werklamp-30w\/#primaryimage"},"image":{"@id":"https:\/\/www.alldayled.com\/de\/produkt\/m-led-edge-werklamp-30w\/#primaryimage"},"thumbnailUrl":"https:\/\/www.alldayled.com\/wp-content\/uploads\/2024\/08\/ADL20356.png","datePublished":"2024-07-14T03:17:52+00:00","dateModified":"2026-02-11T18:47:41+00:00","description":"M-LED EDGE Lampe 30W - f\u00fcr Auto, LKW, Anh\u00e4nger und mehr - leichter LED Arbeitsscheinwerfer f\u00fcr 12 & 24 Volt - mit DT2-Anschluss - 3740 Lumen","breadcrumb":{"@id":"https:\/\/www.alldayled.com\/de\/produkt\/m-led-edge-werklamp-30w\/#breadcrumb"},"inLanguage":"de","potentialAction":[{"@type":"ReadAction","target":["https:\/\/www.alldayled.com\/de\/produkt\/m-led-edge-werklamp-30w\/"]}]},{"@type":"ImageObject","inLanguage":"de","@id":"https:\/\/www.alldayled.com\/de\/produkt\/m-led-edge-werklamp-30w\/#primaryimage","url":"https:\/\/www.alldayled.com\/wp-content\/uploads\/2024\/08\/ADL20356.png","contentUrl":"https:\/\/www.alldayled.com\/wp-content\/uploads\/2024\/08\/ADL20356.png","width":800,"height":600,"caption":"M-LED EDGE Lampe 30W - LED Lampe f\u00fcr beispielsweise ein Auto, LKW, Anh\u00e4nger, Bootstrailer, Pferdeanh\u00e4nger, Schaufel, Bagger, Wohnmobil oder eine andere Art von Fahrzeug - mit DT2-Anschlusskabel - mit EMC CISPR25 Klasse 5 Pr\u00fcfzeichen - kleiner LED Arbeitsscheinwerfer f\u00fcr 12 und 24 Volt Betrieb - Mobiled \/ M-LED WL356"},{"@type":"BreadcrumbList","@id":"https:\/\/www.alldayled.com\/de\/produkt\/m-led-edge-werklamp-30w\/#breadcrumb","itemListElement":[{"@type":"ListItem","position":1,"name":"Home","item":"https:\/\/www.alldayled.com\/de\/"},{"@type":"ListItem","position":2,"name":"Shop","item":"https:\/\/www.alldayled.com\/de\/shop\/"},{"@type":"ListItem","position":3,"name":"Arbeitsscheinwerfer","item":"https:\/\/www.alldayled.com\/de\/produkt-kategorie\/arbeitsscheinwerfer\/"},{"@type":"ListItem","position":4,"name":"Arbeitsscheinwerfer Quadratisch","item":"https:\/\/www.alldayled.com\/de\/produkt-kategorie\/arbeitsscheinwerfer\/werklamp-vierkant\/"},{"@type":"ListItem","position":5,"name":"M-LED EDGE Lampe 30W"}]},{"@type":"WebSite","@id":"https:\/\/www.alldayled.com\/de\/#website","url":"https:\/\/www.alldayled.com\/de\/","name":"All Day Led","description":"Verlichting voor 12&amp;24 volt gebruik","publisher":{"@id":"https:\/\/www.alldayled.com\/de\/#organization"},"potentialAction":[{"@type":"SearchAction","target":{"@type":"EntryPoint","urlTemplate":"https:\/\/www.alldayled.com\/de\/?s={search_term_string}"},"query-input":{"@type":"PropertyValueSpecification","valueRequired":true,"valueName":"search_term_string"}}],"inLanguage":"de"},{"@type":"Organization","@id":"https:\/\/www.alldayled.com\/de\/#organization","name":"All Day Led","url":"https:\/\/www.alldayled.com\/de\/","logo":{"@type":"ImageObject","inLanguage":"de","@id":"https:\/\/www.alldayled.com\/de\/#\/schema\/logo\/image\/","url":"https:\/\/www.alldayled.com\/wp-content\/uploads\/2025\/10\/Logo-ALL-DAY-LED-800x800-zwart-witte-letters.png","contentUrl":"https:\/\/www.alldayled.com\/wp-content\/uploads\/2025\/10\/Logo-ALL-DAY-LED-800x800-zwart-witte-letters.png","width":800,"height":800,"caption":"All Day Led"},"image":{"@id":"https:\/\/www.alldayled.com\/de\/#\/schema\/logo\/image\/"},"sameAs":["https:\/\/www.facebook.com\/alldayled\/","https:\/\/www.instagram.com\/alldayled\/"],"vatID":"NL863960133B01","taxID":"86416545"}]},"product_brand":"M-LED","product_price_amount":"39.95","product_price_currency":"EUR","og_availability":"instock","product_availability":"instock","product_retailer_item_id":"ADL20356","product_condition":"new"},"_links":{"self":[{"href":"https:\/\/www.alldayled.com\/de\/wp-json\/wp\/v2\/product\/67690","targetHints":{"allow":["GET"]}}],"collection":[{"href":"https:\/\/www.alldayled.com\/de\/wp-json\/wp\/v2\/product"}],"about":[{"href":"https:\/\/www.alldayled.com\/de\/wp-json\/wp\/v2\/types\/product"}],"replies":[{"embeddable":true,"href":"https:\/\/www.alldayled.com\/de\/wp-json\/wp\/v2\/comments?post=67690"}],"wp:featuredmedia":[{"embeddable":true,"href":"https:\/\/www.alldayled.com\/de\/wp-json\/wp\/v2\/media\/30390"}],"wp:attachment":[{"href":"https:\/\/www.alldayled.com\/de\/wp-json\/wp\/v2\/media?parent=67690"}],"wp:term":[{"taxonomy":"product_brand","embeddable":true,"href":"https:\/\/www.alldayled.com\/de\/wp-json\/wp\/v2\/product_brand?post=67690"},{"taxonomy":"product_cat","embeddable":true,"href":"https:\/\/www.alldayled.com\/de\/wp-json\/wp\/v2\/product_cat?post=67690"},{"taxonomy":"product_tag","embeddable":true,"href":"https:\/\/www.alldayled.com\/de\/wp-json\/wp\/v2\/product_tag?post=67690"}],"curies":[{"name":"wp","href":"https:\/\/api.w.org\/{rel}","templated":true}]}}