{"id":67726,"date":"2024-12-27T15:59:17","date_gmt":"2024-12-27T14:59:17","guid":{"rendered":"https:\/\/www.alldayled.com\/product\/strands-unity-edge-werklamp-20w\/"},"modified":"2024-12-27T15:59:17","modified_gmt":"2024-12-27T14:59:17","slug":"strands-unity-edge-werklamp-20w","status":"publish","type":"product","link":"https:\/\/www.alldayled.com\/de\/produkt\/strands-unity-edge-werklamp-20w\/","title":{"rendered":"Strands Unity EDGE Lampe 20W"},"content":{"rendered":"<p><span style=\"color: #000000;\"><strong>Strands Unity EDGE Lampe 20W, f\u00fcr 12 &amp; 24 Volt.<\/strong><\/span><\/p>\n<p><span style=\"color: #000000;\">Bist du auf der Suche nach einem kompakten LED Arbeitsscheinwerfer der Marke Strands, wei\u00dft aber nicht genau, was du suchst? Dann ist die Strands Unity EDGE Lampe 20 Watt vielleicht genau das Modell, das du suchst. Der kleine Arbeitsscheinwerfer ist mit 4 LED-Punkten ausgestattet und hat eine theoretische Lichtleistung von 2280 Lumen. Dieser kleine Arbeitsscheinwerfer, der wei\u00df leuchtet, wird mit 12 und 24 Volt betrieben. Das bedeutet, dass du den leichten LED Arbeitsscheinwerfer zum Beispiel f\u00fcr dein Auto, deinen LKW, Traktor, Anh\u00e4nger oder ein anderes Fahrzeug verwenden kannst.    <\/span><\/p>\n<p><span style=\"color: #000000;\">Da du vor dem Kauf sicher sein m\u00f6chtest, dass der kleine LED Arbeitsscheinwerfer von Strands die Lampe ist, die du suchst, haben wir hier einige Eigenschaften der Lampe aufgef\u00fchrt. Die Strands Unity EDGE Lampe 20W ist zum Beispiel mit den Pr\u00fcfzeichen ECE R10 und CISPR25 CLASS 3 ausgestattet. Die Pr\u00fcfzeichen weisen darauf hin, dass die Lampe w\u00e4hrend des Betriebs keine St\u00f6rungen verursachen wird, zum Beispiel bei deinem Radiosignal. Der LED Arbeitsscheinwerfer ist auch mit den Pr\u00fcfzeichen IP68 und IP69K versehen. Dieses Pr\u00fcfzeichen gibt an, dass der Arbeitsscheinwerfer vollst\u00e4ndig staub- und wasserdicht ist. Um das Ganze abzurunden, wird der LED Arbeitsscheinwerfer mit Befestigungsmaterial aus Edelstahl geliefert.      <\/span><\/p>\n<h5><span style=\"color: #000000;\"><strong>Abmessungen:<\/strong><\/span><\/h5>\n<p><span style=\"color: #000000;\">Da du vor dem Kauf auch sicher sein m\u00f6chtest, dass die LED-Lampe passt, wo du sie montieren m\u00f6chtest, m\u00f6chtest du nat\u00fcrlich die Abmessungen des Arbeitsscheinwerfers mit 4 LED-Punkten wissen. Die Abmessungen der Strands Unity EDGE Lampe 20W sind wie folgt:  <\/span><\/p>\n<ul>\n<li><span style=\"color: #000000;\">H\u00f6he: 75,7 mm (89 mm inkl. Befestigung)<\/span><\/li>\n<li><span style=\"color: #000000;\">Breite: 76,4 mm<\/span><\/li>\n<li><span style=\"color: #000000;\">Tiefe: 39,3 mm<\/span><\/li>\n<\/ul>\n<h5><span style=\"color: #000000;\"><strong>Andere Versionen:<\/strong><\/span><\/h5>\n<p><span style=\"color: #000000;\">M\u00f6chtest du einen EDGE-ausgef\u00fchrten LED Arbeitsscheinwerfer der Marke Strands montieren, aber die 20W-Ausf\u00fchrung ist nicht die Ausf\u00fchrung, die du suchst? Dann wisse, dass Strands diesen Arbeitsscheinwerfer auch noch in verschiedenen anderen Lichtst\u00e4rken anbietet. Sieh dir unten die verschiedenen M\u00f6glichkeiten an, die wir in unserem Sortiment haben.   <\/span><\/p>\n<ul>\n<li><span style=\"color: #000000;\"><a style=\"color: #000000;\" href=\"https:\/\/www.alldayled.com\/nl\/product\/strands-unity-edge-werklamp-37w\/\"><strong>Strands Arbeitsscheinwerfer 37W<\/strong><\/a><\/span><\/li>\n<\/ul>\n<p><span style=\"color: #000000;\">Bist du nach dem Lesen aller Spezifikationen und dem Betrachten der Fotos immer noch nicht \u00fcberzeugt? Einfach weil die Form, Lichtleistung oder Farbe der Strands Unity EDGE Lampe 20W nicht deinen W\u00fcnschen entspricht? Dann sieh dir hier das komplette Angebot von <g id=\"gid_0\">Strands<\/g> an. Vielleicht findest du hier das Lampenmodell, wonach du suchst.   <\/span><\/p>\n","protected":false},"excerpt":{"rendered":"<p>Kleiner Strands LED Arbeitsscheinwerfer mit 4 LED-Punkten und schr\u00e4ger Kante f\u00fcr ein besseres Lichtbild!<\/p>\n","protected":false},"featured_media":32718,"comment_status":"open","ping_status":"closed","template":"","meta":{"_acf_changed":false},"product_brand":[5114],"product_cat":[5334],"product_tag":[9060,9062,9059,9058,9063,9057,9066,9064,9065,9061],"class_list":{"0":"post-67726","1":"product","2":"type-product","3":"status-publish","4":"has-post-thumbnail","6":"product_brand-product-strands-lighting-division","7":"product_cat-werklamp-vierkant","8":"product_tag-arbeitsleuchte-kafiganhanger","9":"product_tag-arbeitsscheinwerfer-anhanger","10":"product_tag-arbeitsscheinwerfer-gabelstapler","12":"product_tag-arbeitstransporter","13":"product_tag-led-arbeitsleuchte","14":"product_tag-strands-led-arbeitsleuchte","15":"product_tag-strands-led-beleuchtung","16":"product_tag-strands-lighting-division","17":"product_tag-traktor-arbeitsleuchte","19":"first","20":"instock","21":"taxable","22":"shipping-taxable","23":"purchasable","24":"product-type-simple"},"acf":[],"yoast_head":"<!-- This site is optimized with the Yoast SEO Premium plugin v26.5 (Yoast SEO v27.1.1) - https:\/\/yoast.com\/product\/yoast-seo-premium-wordpress\/ -->\n<title>Strands Unity EDGE 20W Lampe - All Day Led - Aluminiumlampe f\u00fcr 12&amp;24V<\/title>\n<meta name=\"description\" content=\"Strands Unity EDGE 20W Lampe - Arbeitsscheinwerfer mit DT2-Anschluss - ECE R10 CISPR25 Klasse 3 - 2010 Lumen mit Breitstrahler-Effekt - von -30\u00b0C bis +65\u00b0C\" \/>\n<meta name=\"robots\" content=\"index, follow, max-snippet:-1, max-image-preview:large, max-video-preview:-1\" \/>\n<link rel=\"canonical\" href=\"https:\/\/www.alldayled.com\/de\/produkt\/strands-unity-edge-werklamp-20w\/\" \/>\n<meta property=\"og:locale\" content=\"de_DE\" \/>\n<meta property=\"og:type\" content=\"article\" \/>\n<meta property=\"og:title\" content=\"Strands Unity EDGE 20W Lampe - All Day Led - Aluminiumlampe f\u00fcr 12&amp;24V\" \/>\n<meta property=\"og:description\" content=\"Strands Unity EDGE 20W Lampe - Arbeitsscheinwerfer mit DT2-Anschluss - ECE R10 CISPR25 Klasse 3 - 2010 Lumen mit Breitstrahler-Effekt - von -30\u00b0C bis +65\u00b0C\" \/>\n<meta property=\"og:url\" content=\"https:\/\/www.alldayled.com\/de\/produkt\/strands-unity-edge-werklamp-20w\/\" \/>\n<meta property=\"og:site_name\" content=\"All Day Led\" \/>\n<meta property=\"article:publisher\" content=\"https:\/\/www.facebook.com\/alldayled\/\" \/>\n<meta property=\"og:image\" content=\"https:\/\/www.alldayled.com\/wp-content\/uploads\/2025\/01\/ADL809275.01-300x300.png\" \/>\n<meta name=\"twitter:label1\" content=\"Preis\" \/>\n\t<meta name=\"twitter:data1\" content=\"&euro;&nbsp;39,00\" \/>\n\t<meta name=\"twitter:label2\" content=\"Verf\u00fcgbarkeit\" \/>\n\t<meta name=\"twitter:data2\" content=\"Auf Lager\" \/>\n<script type=\"application\/ld+json\" class=\"yoast-schema-graph\">{\"@context\":\"https:\/\/schema.org\",\"@graph\":[{\"@type\":\"WebPage\",\"@id\":\"https:\/\/www.alldayled.com\/de\/produkt\/strands-unity-edge-werklamp-20w\/\",\"url\":\"https:\/\/www.alldayled.com\/de\/produkt\/strands-unity-edge-werklamp-20w\/\",\"name\":\"Strands Unity EDGE 20W Lampe - All Day Led - Aluminiumlampe f\u00fcr 12&24V\",\"isPartOf\":{\"@id\":\"https:\/\/www.alldayled.com\/de\/#website\"},\"primaryImageOfPage\":{\"@id\":\"https:\/\/www.alldayled.com\/de\/produkt\/strands-unity-edge-werklamp-20w\/#primaryimage\"},\"image\":{\"@id\":\"https:\/\/www.alldayled.com\/de\/produkt\/strands-unity-edge-werklamp-20w\/#primaryimage\"},\"thumbnailUrl\":\"https:\/\/www.alldayled.com\/wp-content\/uploads\/2024\/12\/ADL809275.png\",\"datePublished\":\"2024-12-27T14:59:17+00:00\",\"description\":\"Strands Unity EDGE 20W Lampe - Arbeitsscheinwerfer mit DT2-Anschluss - ECE R10 CISPR25 Klasse 3 - 2010 Lumen mit Breitstrahler-Effekt - von -30\u00b0C bis +65\u00b0C\",\"breadcrumb\":{\"@id\":\"https:\/\/www.alldayled.com\/de\/produkt\/strands-unity-edge-werklamp-20w\/#breadcrumb\"},\"inLanguage\":\"de\",\"potentialAction\":[{\"@type\":\"ReadAction\",\"target\":[\"https:\/\/www.alldayled.com\/de\/produkt\/strands-unity-edge-werklamp-20w\/\"]}]},{\"@type\":\"ImageObject\",\"inLanguage\":\"de\",\"@id\":\"https:\/\/www.alldayled.com\/de\/produkt\/strands-unity-edge-werklamp-20w\/#primaryimage\",\"url\":\"https:\/\/www.alldayled.com\/wp-content\/uploads\/2024\/12\/ADL809275.png\",\"contentUrl\":\"https:\/\/www.alldayled.com\/wp-content\/uploads\/2024\/12\/ADL809275.png\",\"width\":800,\"height\":600,\"caption\":\"Strands Unity EDGE Lampe 20W - Arbeitsscheinwerfer mit 4 LED-Punkten, der f\u00fcr 12 und \/ oder 24 Volt geeignet ist - Strands 809275 - Strands UNITY EDGE WORK LIGHT 20W - EAN: 7323030191801\"},{\"@type\":\"BreadcrumbList\",\"@id\":\"https:\/\/www.alldayled.com\/de\/produkt\/strands-unity-edge-werklamp-20w\/#breadcrumb\",\"itemListElement\":[{\"@type\":\"ListItem\",\"position\":1,\"name\":\"Home\",\"item\":\"https:\/\/www.alldayled.com\/de\/\"},{\"@type\":\"ListItem\",\"position\":2,\"name\":\"Shop\",\"item\":\"https:\/\/www.alldayled.com\/de\/shop\/\"},{\"@type\":\"ListItem\",\"position\":3,\"name\":\"Arbeitsscheinwerfer\",\"item\":\"https:\/\/www.alldayled.com\/de\/produkt-kategorie\/arbeitsscheinwerfer\/\"},{\"@type\":\"ListItem\",\"position\":4,\"name\":\"Arbeitsscheinwerfer Quadratisch\",\"item\":\"https:\/\/www.alldayled.com\/de\/produkt-kategorie\/arbeitsscheinwerfer\/werklamp-vierkant\/\"},{\"@type\":\"ListItem\",\"position\":5,\"name\":\"Strands Unity EDGE Lampe 20W\"}]},{\"@type\":\"WebSite\",\"@id\":\"https:\/\/www.alldayled.com\/de\/#website\",\"url\":\"https:\/\/www.alldayled.com\/de\/\",\"name\":\"All Day Led\",\"description\":\"Verlichting voor 12&amp;24 volt gebruik\",\"publisher\":{\"@id\":\"https:\/\/www.alldayled.com\/de\/#organization\"},\"potentialAction\":[{\"@type\":\"SearchAction\",\"target\":{\"@type\":\"EntryPoint\",\"urlTemplate\":\"https:\/\/www.alldayled.com\/de\/?s={search_term_string}\"},\"query-input\":{\"@type\":\"PropertyValueSpecification\",\"valueRequired\":true,\"valueName\":\"search_term_string\"}}],\"inLanguage\":\"de\"},{\"@type\":\"Organization\",\"@id\":\"https:\/\/www.alldayled.com\/de\/#organization\",\"name\":\"All Day Led\",\"url\":\"https:\/\/www.alldayled.com\/de\/\",\"logo\":{\"@type\":\"ImageObject\",\"inLanguage\":\"de\",\"@id\":\"https:\/\/www.alldayled.com\/de\/#\/schema\/logo\/image\/\",\"url\":\"https:\/\/www.alldayled.com\/wp-content\/uploads\/2025\/10\/Logo-ALL-DAY-LED-800x800-zwart-witte-letters.png\",\"contentUrl\":\"https:\/\/www.alldayled.com\/wp-content\/uploads\/2025\/10\/Logo-ALL-DAY-LED-800x800-zwart-witte-letters.png\",\"width\":800,\"height\":800,\"caption\":\"All Day Led\"},\"image\":{\"@id\":\"https:\/\/www.alldayled.com\/de\/#\/schema\/logo\/image\/\"},\"sameAs\":[\"https:\/\/www.facebook.com\/alldayled\/\",\"https:\/\/www.instagram.com\/alldayled\/\"],\"vatID\":\"NL863960133B01\",\"taxID\":\"86416545\"}]}<\/script>\n<meta property=\"product:brand\" content=\"Strands\" \/>\n<meta property=\"product:price:amount\" content=\"39.00\" \/>\n<meta property=\"product:price:currency\" content=\"EUR\" \/>\n<meta property=\"og:availability\" content=\"instock\" \/>\n<meta property=\"product:availability\" content=\"instock\" \/>\n<meta property=\"product:retailer_item_id\" content=\"ADL809275\" \/>\n<meta property=\"product:condition\" content=\"new\" \/>\n<!-- \/ Yoast SEO Premium plugin. -->","yoast_head_json":{"title":"Strands Unity EDGE 20W Lampe - All Day Led - Aluminiumlampe f\u00fcr 12&24V","description":"Strands Unity EDGE 20W Lampe - Arbeitsscheinwerfer mit DT2-Anschluss - ECE R10 CISPR25 Klasse 3 - 2010 Lumen mit Breitstrahler-Effekt - von -30\u00b0C bis +65\u00b0C","robots":{"index":"index","follow":"follow","max-snippet":"max-snippet:-1","max-image-preview":"max-image-preview:large","max-video-preview":"max-video-preview:-1"},"canonical":"https:\/\/www.alldayled.com\/de\/produkt\/strands-unity-edge-werklamp-20w\/","og_locale":"de_DE","og_type":"article","og_title":"Strands Unity EDGE 20W Lampe - All Day Led - Aluminiumlampe f\u00fcr 12&24V","og_description":"Strands Unity EDGE 20W Lampe - Arbeitsscheinwerfer mit DT2-Anschluss - ECE R10 CISPR25 Klasse 3 - 2010 Lumen mit Breitstrahler-Effekt - von -30\u00b0C bis +65\u00b0C","og_url":"https:\/\/www.alldayled.com\/de\/produkt\/strands-unity-edge-werklamp-20w\/","og_site_name":"All Day Led","article_publisher":"https:\/\/www.facebook.com\/alldayled\/","og_image":[{"url":"https:\/\/www.alldayled.com\/wp-content\/uploads\/2025\/01\/ADL809275.01-300x300.png","type":"","width":"","height":""}],"twitter_misc":{"Preis":"&euro;&nbsp;39,00","Verf\u00fcgbarkeit":"Auf Lager"},"schema":{"@context":"https:\/\/schema.org","@graph":[{"@type":"WebPage","@id":"https:\/\/www.alldayled.com\/de\/produkt\/strands-unity-edge-werklamp-20w\/","url":"https:\/\/www.alldayled.com\/de\/produkt\/strands-unity-edge-werklamp-20w\/","name":"Strands Unity EDGE 20W Lampe - All Day Led - Aluminiumlampe f\u00fcr 12&24V","isPartOf":{"@id":"https:\/\/www.alldayled.com\/de\/#website"},"primaryImageOfPage":{"@id":"https:\/\/www.alldayled.com\/de\/produkt\/strands-unity-edge-werklamp-20w\/#primaryimage"},"image":{"@id":"https:\/\/www.alldayled.com\/de\/produkt\/strands-unity-edge-werklamp-20w\/#primaryimage"},"thumbnailUrl":"https:\/\/www.alldayled.com\/wp-content\/uploads\/2024\/12\/ADL809275.png","datePublished":"2024-12-27T14:59:17+00:00","description":"Strands Unity EDGE 20W Lampe - Arbeitsscheinwerfer mit DT2-Anschluss - ECE R10 CISPR25 Klasse 3 - 2010 Lumen mit Breitstrahler-Effekt - von -30\u00b0C bis +65\u00b0C","breadcrumb":{"@id":"https:\/\/www.alldayled.com\/de\/produkt\/strands-unity-edge-werklamp-20w\/#breadcrumb"},"inLanguage":"de","potentialAction":[{"@type":"ReadAction","target":["https:\/\/www.alldayled.com\/de\/produkt\/strands-unity-edge-werklamp-20w\/"]}]},{"@type":"ImageObject","inLanguage":"de","@id":"https:\/\/www.alldayled.com\/de\/produkt\/strands-unity-edge-werklamp-20w\/#primaryimage","url":"https:\/\/www.alldayled.com\/wp-content\/uploads\/2024\/12\/ADL809275.png","contentUrl":"https:\/\/www.alldayled.com\/wp-content\/uploads\/2024\/12\/ADL809275.png","width":800,"height":600,"caption":"Strands Unity EDGE Lampe 20W - Arbeitsscheinwerfer mit 4 LED-Punkten, der f\u00fcr 12 und \/ oder 24 Volt geeignet ist - Strands 809275 - Strands UNITY EDGE WORK LIGHT 20W - EAN: 7323030191801"},{"@type":"BreadcrumbList","@id":"https:\/\/www.alldayled.com\/de\/produkt\/strands-unity-edge-werklamp-20w\/#breadcrumb","itemListElement":[{"@type":"ListItem","position":1,"name":"Home","item":"https:\/\/www.alldayled.com\/de\/"},{"@type":"ListItem","position":2,"name":"Shop","item":"https:\/\/www.alldayled.com\/de\/shop\/"},{"@type":"ListItem","position":3,"name":"Arbeitsscheinwerfer","item":"https:\/\/www.alldayled.com\/de\/produkt-kategorie\/arbeitsscheinwerfer\/"},{"@type":"ListItem","position":4,"name":"Arbeitsscheinwerfer Quadratisch","item":"https:\/\/www.alldayled.com\/de\/produkt-kategorie\/arbeitsscheinwerfer\/werklamp-vierkant\/"},{"@type":"ListItem","position":5,"name":"Strands Unity EDGE Lampe 20W"}]},{"@type":"WebSite","@id":"https:\/\/www.alldayled.com\/de\/#website","url":"https:\/\/www.alldayled.com\/de\/","name":"All Day Led","description":"Verlichting voor 12&amp;24 volt gebruik","publisher":{"@id":"https:\/\/www.alldayled.com\/de\/#organization"},"potentialAction":[{"@type":"SearchAction","target":{"@type":"EntryPoint","urlTemplate":"https:\/\/www.alldayled.com\/de\/?s={search_term_string}"},"query-input":{"@type":"PropertyValueSpecification","valueRequired":true,"valueName":"search_term_string"}}],"inLanguage":"de"},{"@type":"Organization","@id":"https:\/\/www.alldayled.com\/de\/#organization","name":"All Day Led","url":"https:\/\/www.alldayled.com\/de\/","logo":{"@type":"ImageObject","inLanguage":"de","@id":"https:\/\/www.alldayled.com\/de\/#\/schema\/logo\/image\/","url":"https:\/\/www.alldayled.com\/wp-content\/uploads\/2025\/10\/Logo-ALL-DAY-LED-800x800-zwart-witte-letters.png","contentUrl":"https:\/\/www.alldayled.com\/wp-content\/uploads\/2025\/10\/Logo-ALL-DAY-LED-800x800-zwart-witte-letters.png","width":800,"height":800,"caption":"All Day Led"},"image":{"@id":"https:\/\/www.alldayled.com\/de\/#\/schema\/logo\/image\/"},"sameAs":["https:\/\/www.facebook.com\/alldayled\/","https:\/\/www.instagram.com\/alldayled\/"],"vatID":"NL863960133B01","taxID":"86416545"}]},"product_brand":"Strands","product_price_amount":"39.00","product_price_currency":"EUR","og_availability":"instock","product_availability":"instock","product_retailer_item_id":"ADL809275","product_condition":"new"},"_links":{"self":[{"href":"https:\/\/www.alldayled.com\/de\/wp-json\/wp\/v2\/product\/67726","targetHints":{"allow":["GET"]}}],"collection":[{"href":"https:\/\/www.alldayled.com\/de\/wp-json\/wp\/v2\/product"}],"about":[{"href":"https:\/\/www.alldayled.com\/de\/wp-json\/wp\/v2\/types\/product"}],"replies":[{"embeddable":true,"href":"https:\/\/www.alldayled.com\/de\/wp-json\/wp\/v2\/comments?post=67726"}],"wp:featuredmedia":[{"embeddable":true,"href":"https:\/\/www.alldayled.com\/de\/wp-json\/wp\/v2\/media\/32718"}],"wp:attachment":[{"href":"https:\/\/www.alldayled.com\/de\/wp-json\/wp\/v2\/media?parent=67726"}],"wp:term":[{"taxonomy":"product_brand","embeddable":true,"href":"https:\/\/www.alldayled.com\/de\/wp-json\/wp\/v2\/product_brand?post=67726"},{"taxonomy":"product_cat","embeddable":true,"href":"https:\/\/www.alldayled.com\/de\/wp-json\/wp\/v2\/product_cat?post=67726"},{"taxonomy":"product_tag","embeddable":true,"href":"https:\/\/www.alldayled.com\/de\/wp-json\/wp\/v2\/product_tag?post=67726"}],"curies":[{"name":"wp","href":"https:\/\/api.w.org\/{rel}","templated":true}]}}