{"id":67728,"date":"2024-12-27T15:59:19","date_gmt":"2024-12-27T14:59:19","guid":{"rendered":"https:\/\/www.alldayled.com\/product\/strands-unity-edge-werklamp-37w\/"},"modified":"2026-04-17T06:21:25","modified_gmt":"2026-04-17T04:21:25","slug":"strands-unity-edge-werklamp-37w","status":"publish","type":"product","link":"https:\/\/www.alldayled.com\/de\/produkt\/strands-unity-edge-werklamp-37w\/","title":{"rendered":"Strands Unity EDGE Lampe 37W"},"content":{"rendered":"<p><span style=\"color: #000000;\"><strong>Strands Unity EDGE Lampe 37W, f\u00fcr 12 &amp; 24 Volt.<\/strong><\/span><\/p>\n<p><span style=\"color: #000000;\">Sind Sie auf der Suche nach einem LED Arbeitsscheinwerfer von Strands in einem sch\u00f6nen Format, wissen aber nicht genau, was Sie suchen? Dann ist die Strands Unity EDGE Lampe 37 Watt vielleicht das Modell, das Sie suchen. Der kleine Arbeitsscheinwerfer ist mit 6 LED-Punkten ausgestattet und hat eine theoretische Lichtleistung von 5670 Lumen. Dieser kleine, wei\u00df leuchtende LED Arbeitsscheinwerfer arbeitet mit 12 und 24 Volt. Das bedeutet, dass Sie den leichten LED Arbeitsscheinwerfer beispielsweise f\u00fcr Ihr Auto, Ihren LKW, Ihren Traktor, Ihren Anh\u00e4nger oder ein anderes Fahrzeug verwenden k\u00f6nnen.    <\/span><\/p>\n<p><span style=\"color: #000000;\">Da Sie vor dem Kauf sicher sein wollen, dass der kompakte LED Arbeitsscheinwerfer von Strands die richtige Lampe f\u00fcr Sie ist, haben wir hier einige Eigenschaften der Lampe aufgelistet. Die Strands Unity EDGE Lampe 37W ist beispielsweise mit den Pr\u00fcfzeichen ECE R10 und CISPR25 CLASS 3 versehen. Die Pr\u00fcfzeichen geben an, dass die Lampe w\u00e4hrend der Aktivierung keine St\u00f6rungen verursacht, beispielsweise auf Ihrem Funksignal. Au\u00dferdem ist der LED Arbeitsscheinwerfer mit den Pr\u00fcfzeichen IP68 und IP69K versehen. Dieses Pr\u00fcfzeichen gibt an, dass der Arbeitsscheinwerfer vollst\u00e4ndig staub- und wasserdicht ist. Um das Ganze abzurunden, wird der LED Arbeitsscheinwerfer mit Edelstahl-Befestigungsmaterial geliefert.      <\/span><\/p>\n<h5><span style=\"color: #000000;\"><strong>Abmessungen:<\/strong><\/span><\/h5>\n<p><span style=\"color: #000000;\">Da Sie vor dem Kauf auch sicher sein wollen, dass die LED Lampe dort passt, wo Sie sie montieren m\u00f6chten, wollen Sie nat\u00fcrlich die Abmessungen des Arbeitsscheinwerfers mit 6 LED-Punkten wissen. Die Abmessungen der Strands Unity EDGE Lampe 37W sind wie folgt:  <\/span><\/p>\n<ul>\n<li><span style=\"color: #000000;\">H\u00f6he: 92 mm (109,5 mm inkl. Befestigung)<\/span><\/li>\n<li><span style=\"color: #000000;\">Breite: 92,6 mm<\/span><\/li>\n<li><span style=\"color: #000000;\">Dicke: 48,1 mm<\/span><\/li>\n<\/ul>\n<h5><span style=\"color: #000000;\"><strong>Andere Versionen:<\/strong><\/span><\/h5>\n<p><span style=\"color: #000000;\">M\u00f6chten Sie zwar einen EDGE LED Arbeitsscheinwerfer der Marke Strands montieren, aber die 37W-Version ist nicht die, die Sie suchen? Dann wissen Sie, dass Strands diesen Arbeitsscheinwerfer auch in verschiedenen anderen Lichtst\u00e4rken anbietet. Sehen Sie sich unten die verschiedenen M\u00f6glichkeiten an, die wir in unser Sortiment aufgenommen haben.   <\/span><\/p>\n<ul>\n<li><span style=\"color: #000000;\"><a style=\"color: #000000;\" href=\"https:\/\/www.alldayled.com\/de\/produkt\/strands-unity-edge-werklamp-20w\/\"><strong>Strands Arbeitsscheinwerfer 20W<\/strong><\/a><\/span><\/li>\n<\/ul>\n<p><span style=\"color: #000000;\">Sind Sie nach dem Lesen aller Spezifikationen und dem Betrachten der Fotos noch nicht \u00fcberzeugt? Einfach weil die Form, die Lichtleistung oder die Farbe der Strands Unity EDGE Lampe 37W nicht Ihren W\u00fcnschen entspricht? Dann sehen Sie sich hier das komplette Angebot von <g id=\"gid_0\">Strands<\/g> an. Vielleicht finden Sie hier das Lampenmodell, das Sie suchen.   <\/span><\/p>\n","protected":false},"excerpt":{"rendered":"<p>Kompakter Strands LED Arbeitsscheinwerfer mit 6 LED-Punkten und schr\u00e4ger Kante f\u00fcr ein besseres Lichtbild!<\/p>\n","protected":false},"featured_media":32766,"comment_status":"open","ping_status":"closed","template":"","meta":{"_acf_changed":false},"product_brand":[5114],"product_cat":[5334],"product_tag":[9060,9062,9059,9058,9063,9057,9066,9064,9065,9061],"class_list":{"0":"post-67728","1":"product","2":"type-product","3":"status-publish","4":"has-post-thumbnail","6":"product_brand-product-strands-lighting-division","7":"product_cat-werklamp-vierkant","8":"product_tag-arbeitsleuchte-kafiganhanger","9":"product_tag-arbeitsscheinwerfer-anhanger","10":"product_tag-arbeitsscheinwerfer-gabelstapler","12":"product_tag-arbeitstransporter","13":"product_tag-led-arbeitsleuchte","14":"product_tag-strands-led-arbeitsleuchte","15":"product_tag-strands-led-beleuchtung","16":"product_tag-strands-lighting-division","17":"product_tag-traktor-arbeitsleuchte","19":"first","20":"instock","21":"taxable","22":"shipping-taxable","23":"purchasable","24":"product-type-simple"},"acf":[],"yoast_head":"<!-- This site is optimized with the Yoast SEO Premium plugin v26.5 (Yoast SEO v27.1.1) - https:\/\/yoast.com\/product\/yoast-seo-premium-wordpress\/ -->\n<title>Strands Unity EDGE 37W Lampe - All Day Led - Aluminium Lampe f\u00fcr 12&amp;24V<\/title>\n<meta name=\"description\" content=\"Strands Unity EDGE 37W Lampe - Arbeitsscheinwerfer mit DT2-Anschluss - ECE R10 CISPR25 Klasse 3 - 5670 Lumen mit Breitstrahler-Effekt - von -30\u00b0C bis +65\u00b0C\" \/>\n<meta name=\"robots\" content=\"index, follow, max-snippet:-1, max-image-preview:large, max-video-preview:-1\" \/>\n<link rel=\"canonical\" href=\"https:\/\/www.alldayled.com\/de\/produkt\/strands-unity-edge-werklamp-37w\/\" \/>\n<meta property=\"og:locale\" content=\"de_DE\" \/>\n<meta property=\"og:type\" content=\"article\" \/>\n<meta property=\"og:title\" content=\"Strands Unity EDGE 37W Lampe - All Day Led - Aluminium Lampe f\u00fcr 12&amp;24V\" \/>\n<meta property=\"og:description\" content=\"Strands Unity EDGE 37W Lampe - Arbeitsscheinwerfer mit DT2-Anschluss - ECE R10 CISPR25 Klasse 3 - 5670 Lumen mit Breitstrahler-Effekt - von -30\u00b0C bis +65\u00b0C\" \/>\n<meta property=\"og:url\" content=\"https:\/\/www.alldayled.com\/de\/produkt\/strands-unity-edge-werklamp-37w\/\" \/>\n<meta property=\"og:site_name\" content=\"All Day Led\" \/>\n<meta property=\"article:publisher\" content=\"https:\/\/www.facebook.com\/alldayled\/\" \/>\n<meta property=\"article:modified_time\" content=\"2026-04-17T04:21:25+00:00\" \/>\n<meta property=\"og:image\" content=\"https:\/\/www.alldayled.com\/wp-content\/uploads\/2025\/01\/ADL809276.01-300x300.png\" \/>\n<meta name=\"twitter:label1\" content=\"Preis\" \/>\n\t<meta name=\"twitter:data1\" content=\"&euro;&nbsp;49,00\" \/>\n\t<meta name=\"twitter:label2\" content=\"Verf\u00fcgbarkeit\" \/>\n\t<meta name=\"twitter:data2\" content=\"Auf Lager\" \/>\n<script type=\"application\/ld+json\" class=\"yoast-schema-graph\">{\"@context\":\"https:\/\/schema.org\",\"@graph\":[{\"@type\":\"WebPage\",\"@id\":\"https:\/\/www.alldayled.com\/de\/produkt\/strands-unity-edge-werklamp-37w\/\",\"url\":\"https:\/\/www.alldayled.com\/de\/produkt\/strands-unity-edge-werklamp-37w\/\",\"name\":\"Strands Unity EDGE 37W Lampe - All Day Led - Aluminium Lampe f\u00fcr 12&24V\",\"isPartOf\":{\"@id\":\"https:\/\/www.alldayled.com\/de\/#website\"},\"primaryImageOfPage\":{\"@id\":\"https:\/\/www.alldayled.com\/de\/produkt\/strands-unity-edge-werklamp-37w\/#primaryimage\"},\"image\":{\"@id\":\"https:\/\/www.alldayled.com\/de\/produkt\/strands-unity-edge-werklamp-37w\/#primaryimage\"},\"thumbnailUrl\":\"https:\/\/www.alldayled.com\/wp-content\/uploads\/2024\/12\/ADL809276.png\",\"datePublished\":\"2024-12-27T14:59:19+00:00\",\"dateModified\":\"2026-04-17T04:21:25+00:00\",\"description\":\"Strands Unity EDGE 37W Lampe - Arbeitsscheinwerfer mit DT2-Anschluss - ECE R10 CISPR25 Klasse 3 - 5670 Lumen mit Breitstrahler-Effekt - von -30\u00b0C bis +65\u00b0C\",\"breadcrumb\":{\"@id\":\"https:\/\/www.alldayled.com\/de\/produkt\/strands-unity-edge-werklamp-37w\/#breadcrumb\"},\"inLanguage\":\"de\",\"potentialAction\":[{\"@type\":\"ReadAction\",\"target\":[\"https:\/\/www.alldayled.com\/de\/produkt\/strands-unity-edge-werklamp-37w\/\"]}]},{\"@type\":\"ImageObject\",\"inLanguage\":\"de\",\"@id\":\"https:\/\/www.alldayled.com\/de\/produkt\/strands-unity-edge-werklamp-37w\/#primaryimage\",\"url\":\"https:\/\/www.alldayled.com\/wp-content\/uploads\/2024\/12\/ADL809276.png\",\"contentUrl\":\"https:\/\/www.alldayled.com\/wp-content\/uploads\/2024\/12\/ADL809276.png\",\"width\":800,\"height\":600,\"caption\":\"Strands Unity EDGE Lampe 37W - Arbeitsscheinwerfer mit 6 LED-Punkten, der f\u00fcr 12- und\/oder 24-Volt-Betrieb geeignet ist - Strands 809276 - Strands UNITY EDGE WORK LIGHT 37W - EAN: 7323030190170\"},{\"@type\":\"BreadcrumbList\",\"@id\":\"https:\/\/www.alldayled.com\/de\/produkt\/strands-unity-edge-werklamp-37w\/#breadcrumb\",\"itemListElement\":[{\"@type\":\"ListItem\",\"position\":1,\"name\":\"Home\",\"item\":\"https:\/\/www.alldayled.com\/de\/\"},{\"@type\":\"ListItem\",\"position\":2,\"name\":\"Shop\",\"item\":\"https:\/\/www.alldayled.com\/de\/shop\/\"},{\"@type\":\"ListItem\",\"position\":3,\"name\":\"Arbeitsscheinwerfer\",\"item\":\"https:\/\/www.alldayled.com\/de\/produkt-kategorie\/arbeitsscheinwerfer\/\"},{\"@type\":\"ListItem\",\"position\":4,\"name\":\"Arbeitsscheinwerfer Quadratisch\",\"item\":\"https:\/\/www.alldayled.com\/de\/produkt-kategorie\/arbeitsscheinwerfer\/werklamp-vierkant\/\"},{\"@type\":\"ListItem\",\"position\":5,\"name\":\"Strands Unity EDGE Lampe 37W\"}]},{\"@type\":\"WebSite\",\"@id\":\"https:\/\/www.alldayled.com\/de\/#website\",\"url\":\"https:\/\/www.alldayled.com\/de\/\",\"name\":\"All Day Led\",\"description\":\"Verlichting voor 12&amp;24 volt gebruik\",\"publisher\":{\"@id\":\"https:\/\/www.alldayled.com\/de\/#organization\"},\"potentialAction\":[{\"@type\":\"SearchAction\",\"target\":{\"@type\":\"EntryPoint\",\"urlTemplate\":\"https:\/\/www.alldayled.com\/de\/?s={search_term_string}\"},\"query-input\":{\"@type\":\"PropertyValueSpecification\",\"valueRequired\":true,\"valueName\":\"search_term_string\"}}],\"inLanguage\":\"de\"},{\"@type\":\"Organization\",\"@id\":\"https:\/\/www.alldayled.com\/de\/#organization\",\"name\":\"All Day Led\",\"url\":\"https:\/\/www.alldayled.com\/de\/\",\"logo\":{\"@type\":\"ImageObject\",\"inLanguage\":\"de\",\"@id\":\"https:\/\/www.alldayled.com\/de\/#\/schema\/logo\/image\/\",\"url\":\"https:\/\/www.alldayled.com\/wp-content\/uploads\/2025\/10\/Logo-ALL-DAY-LED-800x800-zwart-witte-letters.png\",\"contentUrl\":\"https:\/\/www.alldayled.com\/wp-content\/uploads\/2025\/10\/Logo-ALL-DAY-LED-800x800-zwart-witte-letters.png\",\"width\":800,\"height\":800,\"caption\":\"All Day Led\"},\"image\":{\"@id\":\"https:\/\/www.alldayled.com\/de\/#\/schema\/logo\/image\/\"},\"sameAs\":[\"https:\/\/www.facebook.com\/alldayled\/\",\"https:\/\/www.instagram.com\/alldayled\/\"],\"vatID\":\"NL863960133B01\",\"taxID\":\"86416545\"}]}<\/script>\n<meta property=\"product:brand\" content=\"Strands\" \/>\n<meta property=\"product:price:amount\" content=\"49.00\" \/>\n<meta property=\"product:price:currency\" content=\"EUR\" \/>\n<meta property=\"og:availability\" content=\"instock\" \/>\n<meta property=\"product:availability\" content=\"instock\" \/>\n<meta property=\"product:retailer_item_id\" content=\"ADL809276\" \/>\n<meta property=\"product:condition\" content=\"new\" \/>\n<!-- \/ Yoast SEO Premium plugin. -->","yoast_head_json":{"title":"Strands Unity EDGE 37W Lampe - All Day Led - Aluminium Lampe f\u00fcr 12&24V","description":"Strands Unity EDGE 37W Lampe - Arbeitsscheinwerfer mit DT2-Anschluss - ECE R10 CISPR25 Klasse 3 - 5670 Lumen mit Breitstrahler-Effekt - von -30\u00b0C bis +65\u00b0C","robots":{"index":"index","follow":"follow","max-snippet":"max-snippet:-1","max-image-preview":"max-image-preview:large","max-video-preview":"max-video-preview:-1"},"canonical":"https:\/\/www.alldayled.com\/de\/produkt\/strands-unity-edge-werklamp-37w\/","og_locale":"de_DE","og_type":"article","og_title":"Strands Unity EDGE 37W Lampe - All Day Led - Aluminium Lampe f\u00fcr 12&24V","og_description":"Strands Unity EDGE 37W Lampe - Arbeitsscheinwerfer mit DT2-Anschluss - ECE R10 CISPR25 Klasse 3 - 5670 Lumen mit Breitstrahler-Effekt - von -30\u00b0C bis +65\u00b0C","og_url":"https:\/\/www.alldayled.com\/de\/produkt\/strands-unity-edge-werklamp-37w\/","og_site_name":"All Day Led","article_publisher":"https:\/\/www.facebook.com\/alldayled\/","article_modified_time":"2026-04-17T04:21:25+00:00","og_image":[{"url":"https:\/\/www.alldayled.com\/wp-content\/uploads\/2025\/01\/ADL809276.01-300x300.png","type":"","width":"","height":""}],"twitter_misc":{"Preis":"&euro;&nbsp;49,00","Verf\u00fcgbarkeit":"Auf Lager"},"schema":{"@context":"https:\/\/schema.org","@graph":[{"@type":"WebPage","@id":"https:\/\/www.alldayled.com\/de\/produkt\/strands-unity-edge-werklamp-37w\/","url":"https:\/\/www.alldayled.com\/de\/produkt\/strands-unity-edge-werklamp-37w\/","name":"Strands Unity EDGE 37W Lampe - All Day Led - Aluminium Lampe f\u00fcr 12&24V","isPartOf":{"@id":"https:\/\/www.alldayled.com\/de\/#website"},"primaryImageOfPage":{"@id":"https:\/\/www.alldayled.com\/de\/produkt\/strands-unity-edge-werklamp-37w\/#primaryimage"},"image":{"@id":"https:\/\/www.alldayled.com\/de\/produkt\/strands-unity-edge-werklamp-37w\/#primaryimage"},"thumbnailUrl":"https:\/\/www.alldayled.com\/wp-content\/uploads\/2024\/12\/ADL809276.png","datePublished":"2024-12-27T14:59:19+00:00","dateModified":"2026-04-17T04:21:25+00:00","description":"Strands Unity EDGE 37W Lampe - Arbeitsscheinwerfer mit DT2-Anschluss - ECE R10 CISPR25 Klasse 3 - 5670 Lumen mit Breitstrahler-Effekt - von -30\u00b0C bis +65\u00b0C","breadcrumb":{"@id":"https:\/\/www.alldayled.com\/de\/produkt\/strands-unity-edge-werklamp-37w\/#breadcrumb"},"inLanguage":"de","potentialAction":[{"@type":"ReadAction","target":["https:\/\/www.alldayled.com\/de\/produkt\/strands-unity-edge-werklamp-37w\/"]}]},{"@type":"ImageObject","inLanguage":"de","@id":"https:\/\/www.alldayled.com\/de\/produkt\/strands-unity-edge-werklamp-37w\/#primaryimage","url":"https:\/\/www.alldayled.com\/wp-content\/uploads\/2024\/12\/ADL809276.png","contentUrl":"https:\/\/www.alldayled.com\/wp-content\/uploads\/2024\/12\/ADL809276.png","width":800,"height":600,"caption":"Strands Unity EDGE Lampe 37W - Arbeitsscheinwerfer mit 6 LED-Punkten, der f\u00fcr 12- und\/oder 24-Volt-Betrieb geeignet ist - Strands 809276 - Strands UNITY EDGE WORK LIGHT 37W - EAN: 7323030190170"},{"@type":"BreadcrumbList","@id":"https:\/\/www.alldayled.com\/de\/produkt\/strands-unity-edge-werklamp-37w\/#breadcrumb","itemListElement":[{"@type":"ListItem","position":1,"name":"Home","item":"https:\/\/www.alldayled.com\/de\/"},{"@type":"ListItem","position":2,"name":"Shop","item":"https:\/\/www.alldayled.com\/de\/shop\/"},{"@type":"ListItem","position":3,"name":"Arbeitsscheinwerfer","item":"https:\/\/www.alldayled.com\/de\/produkt-kategorie\/arbeitsscheinwerfer\/"},{"@type":"ListItem","position":4,"name":"Arbeitsscheinwerfer Quadratisch","item":"https:\/\/www.alldayled.com\/de\/produkt-kategorie\/arbeitsscheinwerfer\/werklamp-vierkant\/"},{"@type":"ListItem","position":5,"name":"Strands Unity EDGE Lampe 37W"}]},{"@type":"WebSite","@id":"https:\/\/www.alldayled.com\/de\/#website","url":"https:\/\/www.alldayled.com\/de\/","name":"All Day Led","description":"Verlichting voor 12&amp;24 volt gebruik","publisher":{"@id":"https:\/\/www.alldayled.com\/de\/#organization"},"potentialAction":[{"@type":"SearchAction","target":{"@type":"EntryPoint","urlTemplate":"https:\/\/www.alldayled.com\/de\/?s={search_term_string}"},"query-input":{"@type":"PropertyValueSpecification","valueRequired":true,"valueName":"search_term_string"}}],"inLanguage":"de"},{"@type":"Organization","@id":"https:\/\/www.alldayled.com\/de\/#organization","name":"All Day Led","url":"https:\/\/www.alldayled.com\/de\/","logo":{"@type":"ImageObject","inLanguage":"de","@id":"https:\/\/www.alldayled.com\/de\/#\/schema\/logo\/image\/","url":"https:\/\/www.alldayled.com\/wp-content\/uploads\/2025\/10\/Logo-ALL-DAY-LED-800x800-zwart-witte-letters.png","contentUrl":"https:\/\/www.alldayled.com\/wp-content\/uploads\/2025\/10\/Logo-ALL-DAY-LED-800x800-zwart-witte-letters.png","width":800,"height":800,"caption":"All Day Led"},"image":{"@id":"https:\/\/www.alldayled.com\/de\/#\/schema\/logo\/image\/"},"sameAs":["https:\/\/www.facebook.com\/alldayled\/","https:\/\/www.instagram.com\/alldayled\/"],"vatID":"NL863960133B01","taxID":"86416545"}]},"product_brand":"Strands","product_price_amount":"49.00","product_price_currency":"EUR","og_availability":"instock","product_availability":"instock","product_retailer_item_id":"ADL809276","product_condition":"new"},"_links":{"self":[{"href":"https:\/\/www.alldayled.com\/de\/wp-json\/wp\/v2\/product\/67728","targetHints":{"allow":["GET"]}}],"collection":[{"href":"https:\/\/www.alldayled.com\/de\/wp-json\/wp\/v2\/product"}],"about":[{"href":"https:\/\/www.alldayled.com\/de\/wp-json\/wp\/v2\/types\/product"}],"replies":[{"embeddable":true,"href":"https:\/\/www.alldayled.com\/de\/wp-json\/wp\/v2\/comments?post=67728"}],"wp:featuredmedia":[{"embeddable":true,"href":"https:\/\/www.alldayled.com\/de\/wp-json\/wp\/v2\/media\/32766"}],"wp:attachment":[{"href":"https:\/\/www.alldayled.com\/de\/wp-json\/wp\/v2\/media?parent=67728"}],"wp:term":[{"taxonomy":"product_brand","embeddable":true,"href":"https:\/\/www.alldayled.com\/de\/wp-json\/wp\/v2\/product_brand?post=67728"},{"taxonomy":"product_cat","embeddable":true,"href":"https:\/\/www.alldayled.com\/de\/wp-json\/wp\/v2\/product_cat?post=67728"},{"taxonomy":"product_tag","embeddable":true,"href":"https:\/\/www.alldayled.com\/de\/wp-json\/wp\/v2\/product_tag?post=67728"}],"curies":[{"name":"wp","href":"https:\/\/api.w.org\/{rel}","templated":true}]}}