{"id":67737,"date":"2022-11-17T11:50:32","date_gmt":"2022-11-17T10:50:32","guid":{"rendered":"https:\/\/www.alldayled.com\/product\/strands-led-werklamp-15w\/"},"modified":"2022-11-17T11:50:32","modified_gmt":"2022-11-17T10:50:32","slug":"strands-led-werklamp-15w","status":"publish","type":"product","link":"https:\/\/www.alldayled.com\/de\/produkt\/strands-led-werklamp-15w\/","title":{"rendered":"Strands LED Arbeitsscheinwerfer 15W"},"content":{"rendered":"<p><span style=\"color: #000000;\"><strong>Strands LED Arbeitsscheinwerfer 15W, f\u00fcr 12 &amp; 24 Volt Betrieb.<\/strong><\/span><\/p>\n<p><span style=\"color: #000000;\">Sind Sie auf der Suche nach einem hochwertigen LED Arbeitsscheinwerfer, der viel Licht liefert? Und m\u00f6chten Sie einen, den Sie aufgrund des ECE R23-Pr\u00fcfzeichens als geschaltete R\u00fcckfahrleuchte verwenden d\u00fcrfen? Dann ist der Strands LED Arbeitsscheinwerfer 15W vielleicht genau die Lampe, die Sie suchen. Die Lampe hat 12 leistungsstarke LEDs und liefert nicht weniger als 1960 Lumen. So sind Sie sowohl tags\u00fcber als auch abends auf jeden Fall gut sichtbar. Der Arbeitsscheinwerfer funktioniert mit 12 und 24 Volt, sodass Sie ihn in Ihrem Auto, LKW, Traktor, Wohnmobil oder einem anderen Fahrzeug verwenden k\u00f6nnen.     <\/span><\/p>\n<p><span style=\"color: #000000;\">Um sicherzustellen, dass der Strands LED Arbeitsscheinwerfer 15W f\u00fcr Ihr Fahrzeug oder Ihren Anh\u00e4nger geeignet ist, haben wir die wichtigsten Eigenschaften unten aufgelistet. Die Lampe ist mit den Pr\u00fcfzeichen ECE R10, IP68 und IP69K versehen. Dies bedeutet, dass sie keine St\u00f6rungen auf Funksignalen verursacht und vollst\u00e4ndig staub- und wasserdicht ist. Der Arbeitsscheinwerfer wird mit Befestigungsmaterial aus Edelstahl und DT2-Anschlusskabel geliefert. Dar\u00fcber hinaus hat er einen einzigartigen Abstrahlwinkel von 140 Grad, wodurch Sie ein breites und helles Lichtbild erhalten. Ein zuverl\u00e4ssiger Arbeitsscheinwerfer f\u00fcr jede Situation!     <\/span><\/p>\n<h5><span style=\"color: #000000;\"><strong>Abmessungen:<\/strong><\/span><\/h5>\n<p><span style=\"color: #000000;\">Um sicherzustellen, dass Sie die LED Lampe dort montieren k\u00f6nnen, wo Sie m\u00f6chten, haben wir die Abmessungen unten notiert. Die Abmessungen des LED Arbeitsscheinwerfers 15w der Marke Strands sind wie folgt: <\/span><\/p>\n<ul>\n<li><span style=\"color: #000000;\">H\u00f6he: 49,6 mm (inkl. Befestigung)<\/span><\/li>\n<li><span style=\"color: #000000;\">Breite: 144 mm<\/span><\/li>\n<li><span style=\"color: #000000;\">Tiefe: 74,5 mm<\/span><\/li>\n<\/ul>\n<h5><span style=\"color: #000000;\"><strong>Andere Versionen: <\/strong><\/span><\/h5>\n<p><span style=\"color: #000000;\">M\u00f6chten Sie einen LED Arbeitsscheinwerfer der Marke Strands? Aber ist der ovale Strands LED Arbeitsscheinwerfer nicht das Modell, das Sie suchen? Dann wissen Sie, dass der LED Arbeitsscheinwerfer von Strands auch in verschiedenen anderen Ausf\u00fchrungen erh\u00e4ltlich ist. Sehen Sie sich unten die verschiedenen M\u00f6glichkeiten an, die Strands bietet.    <\/span><\/p>\n<ul>\n<li><span style=\"color: #000000;\"><a style=\"color: #000000;\" href=\"https:\/\/www.alldayled.com\/de\/produkt\/strands-led-werklamp-12w\/\"><strong>Strands LED Arbeitsscheinwerfer 12w<\/strong><\/a><\/span><\/li>\n<li><span style=\"color: #000000;\"><a style=\"color: #000000;\" href=\"https:\/\/www.alldayled.com\/de\/produkt\/strands-led-werklamp-18w\/\"><strong>Strands LED Arbeitsscheinwerfer 18w<\/strong><\/a><\/span><\/li>\n<li><span style=\"color: #000000;\"><a style=\"color: #000000;\" href=\"https:\/\/www.alldayled.com\/de\/produkt\/strands-led-werklamp-25w\/\"><strong>Strands LED Arbeitsscheinwerfer 25W<\/strong><\/a><\/span><\/li>\n<li><span style=\"color: #000000;\"><a style=\"color: #000000;\" href=\"https:\/\/www.alldayled.com\/de\/produkt\/strands-led-werklamp-29w\/\"><strong>Strands LED Arbeitsscheinwerfer 29W<\/strong><\/a><\/span><\/li>\n<\/ul>\n<p><span style=\"color: #000000;\">Sind Sie immer noch der Meinung, dass der Strands LED Arbeitsscheinwerfer 15w nicht das ist, was Sie suchen? Einfach, weil die Lichtleistung oder Wattzahl nicht hoch genug oder sogar zu hoch ist? Dann werfen Sie auch einen Blick auf unsere Seite <a style=\"color: #000000;\" href=\"https:\/\/www.alldayled.com\/de\/produkt-kategorie\/arbeitsscheinwerfer\/\">Arbeitsscheinwerfer<\/a>. Vielleicht finden Sie hier das Modell Arbeitsscheinwerfer, das Sie suchen.    <\/span><\/p>\n","protected":false},"excerpt":{"rendered":"<p>Kompakter 15w LED Arbeitsscheinwerfer von Strands und eine Lichtleistung von 1960 Lumen &#8211; f\u00fcr 12\/24 Volt.<\/p>\n","protected":false},"featured_media":18354,"comment_status":"open","ping_status":"closed","template":"","meta":{"_acf_changed":false},"product_brand":[5114],"product_cat":[5340],"product_tag":[9060,9062,9059,9058,9063,9057,9066,9064,9065,9061],"class_list":{"0":"post-67737","1":"product","2":"type-product","3":"status-publish","4":"has-post-thumbnail","6":"product_brand-product-strands-lighting-division","7":"product_cat-werklamp-overig","8":"product_tag-arbeitsleuchte-kafiganhanger","9":"product_tag-arbeitsscheinwerfer-anhanger","10":"product_tag-arbeitsscheinwerfer-gabelstapler","12":"product_tag-arbeitstransporter","13":"product_tag-led-arbeitsleuchte","14":"product_tag-strands-led-arbeitsleuchte","15":"product_tag-strands-led-beleuchtung","16":"product_tag-strands-lighting-division","17":"product_tag-traktor-arbeitsleuchte","19":"first","20":"instock","21":"taxable","22":"shipping-taxable","23":"purchasable","24":"product-type-simple"},"acf":[],"yoast_head":"<!-- This site is optimized with the Yoast SEO Premium plugin v26.5 (Yoast SEO v27.1.1) - https:\/\/yoast.com\/product\/yoast-seo-premium-wordpress\/ -->\n<title>Strands LED Arbeitsscheinwerfer 15w - All Day Led - f\u00fcr 12&amp;24 volt<\/title>\n<meta name=\"description\" content=\"Strands LED Arbeitsscheinwerfer 15w - mit ECE R23-Pr\u00fcfzeichen - geschaltete R\u00fcckfahrleuchte - 1960 Lumen - mit DT2-Anschluss - ECE R10\" \/>\n<meta name=\"robots\" content=\"index, follow, max-snippet:-1, max-image-preview:large, max-video-preview:-1\" \/>\n<link rel=\"canonical\" href=\"https:\/\/www.alldayled.com\/de\/produkt\/strands-led-werklamp-15w\/\" \/>\n<meta property=\"og:locale\" content=\"de_DE\" \/>\n<meta property=\"og:type\" content=\"article\" \/>\n<meta property=\"og:title\" content=\"LED Arbeitsscheinwerfer Strands 15w - All Day Led - f\u00fcr 12&amp;24 volt\" \/>\n<meta property=\"og:description\" content=\"Strands LED Arbeitsscheinwerfer 15w - mit ECE R23-Pr\u00fcfzeichen - geschaltete R\u00fcckfahrleuchte - 1960 Lumen - mit DT2-Anschluss - ECE R10\" \/>\n<meta property=\"og:url\" content=\"https:\/\/www.alldayled.com\/de\/produkt\/strands-led-werklamp-15w\/\" \/>\n<meta property=\"og:site_name\" content=\"All Day Led\" \/>\n<meta property=\"article:publisher\" content=\"https:\/\/www.facebook.com\/alldayled\/\" \/>\n<meta property=\"og:image\" content=\"https:\/\/www.alldayled.com\/wp-content\/uploads\/2020\/12\/ADL89030-3..png\" \/>\n<meta name=\"twitter:label1\" content=\"Preis\" \/>\n\t<meta name=\"twitter:data1\" content=\"&euro;&nbsp;69,00\" \/>\n\t<meta name=\"twitter:label2\" content=\"Verf\u00fcgbarkeit\" \/>\n\t<meta name=\"twitter:data2\" content=\"Auf Lager\" \/>\n<script type=\"application\/ld+json\" class=\"yoast-schema-graph\">{\"@context\":\"https:\/\/schema.org\",\"@graph\":[{\"@type\":\"WebPage\",\"@id\":\"https:\/\/www.alldayled.com\/de\/produkt\/strands-led-werklamp-15w\/\",\"url\":\"https:\/\/www.alldayled.com\/de\/produkt\/strands-led-werklamp-15w\/\",\"name\":\"Strands LED Arbeitsscheinwerfer 15w - All Day Led - f\u00fcr 12&24 volt\",\"isPartOf\":{\"@id\":\"https:\/\/www.alldayled.com\/de\/#website\"},\"primaryImageOfPage\":{\"@id\":\"https:\/\/www.alldayled.com\/de\/produkt\/strands-led-werklamp-15w\/#primaryimage\"},\"image\":{\"@id\":\"https:\/\/www.alldayled.com\/de\/produkt\/strands-led-werklamp-15w\/#primaryimage\"},\"thumbnailUrl\":\"https:\/\/www.alldayled.com\/wp-content\/uploads\/2020\/12\/ADL89030.png\",\"datePublished\":\"2022-11-17T10:50:32+00:00\",\"description\":\"Strands LED Arbeitsscheinwerfer 15w - mit ECE R23-Pr\u00fcfzeichen - geschaltete R\u00fcckfahrleuchte - 1960 Lumen - mit DT2-Anschluss - ECE R10\",\"breadcrumb\":{\"@id\":\"https:\/\/www.alldayled.com\/de\/produkt\/strands-led-werklamp-15w\/#breadcrumb\"},\"inLanguage\":\"de\",\"potentialAction\":[{\"@type\":\"ReadAction\",\"target\":[\"https:\/\/www.alldayled.com\/de\/produkt\/strands-led-werklamp-15w\/\"]}]},{\"@type\":\"ImageObject\",\"inLanguage\":\"de\",\"@id\":\"https:\/\/www.alldayled.com\/de\/produkt\/strands-led-werklamp-15w\/#primaryimage\",\"url\":\"https:\/\/www.alldayled.com\/wp-content\/uploads\/2020\/12\/ADL89030.png\",\"contentUrl\":\"https:\/\/www.alldayled.com\/wp-content\/uploads\/2020\/12\/ADL89030.png\",\"width\":800,\"height\":600,\"caption\":\"Strands LED Arbeitsscheinwerfer 15w mit ECE R23 - geeignet als geschaltete R\u00fcckfahrleuchte - f\u00fcr 12&amp;24 Volt - Auto, LKW, Anh\u00e4nger, Wohnmobil und mehr - EAN: 7323030173234\"},{\"@type\":\"BreadcrumbList\",\"@id\":\"https:\/\/www.alldayled.com\/de\/produkt\/strands-led-werklamp-15w\/#breadcrumb\",\"itemListElement\":[{\"@type\":\"ListItem\",\"position\":1,\"name\":\"Home\",\"item\":\"https:\/\/www.alldayled.com\/de\/\"},{\"@type\":\"ListItem\",\"position\":2,\"name\":\"Shop\",\"item\":\"https:\/\/www.alldayled.com\/de\/shop\/\"},{\"@type\":\"ListItem\",\"position\":3,\"name\":\"Arbeitsscheinwerfer\",\"item\":\"https:\/\/www.alldayled.com\/de\/produkt-kategorie\/arbeitsscheinwerfer\/\"},{\"@type\":\"ListItem\",\"position\":4,\"name\":\"Arbeitsscheinwerfer sonstig\",\"item\":\"https:\/\/www.alldayled.com\/de\/produkt-kategorie\/arbeitsscheinwerfer\/werklamp-overig\/\"},{\"@type\":\"ListItem\",\"position\":5,\"name\":\"Strands LED Arbeitsscheinwerfer 15W\"}]},{\"@type\":\"WebSite\",\"@id\":\"https:\/\/www.alldayled.com\/de\/#website\",\"url\":\"https:\/\/www.alldayled.com\/de\/\",\"name\":\"All Day Led\",\"description\":\"Verlichting voor 12&amp;24 volt gebruik\",\"publisher\":{\"@id\":\"https:\/\/www.alldayled.com\/de\/#organization\"},\"potentialAction\":[{\"@type\":\"SearchAction\",\"target\":{\"@type\":\"EntryPoint\",\"urlTemplate\":\"https:\/\/www.alldayled.com\/de\/?s={search_term_string}\"},\"query-input\":{\"@type\":\"PropertyValueSpecification\",\"valueRequired\":true,\"valueName\":\"search_term_string\"}}],\"inLanguage\":\"de\"},{\"@type\":\"Organization\",\"@id\":\"https:\/\/www.alldayled.com\/de\/#organization\",\"name\":\"All Day Led\",\"url\":\"https:\/\/www.alldayled.com\/de\/\",\"logo\":{\"@type\":\"ImageObject\",\"inLanguage\":\"de\",\"@id\":\"https:\/\/www.alldayled.com\/de\/#\/schema\/logo\/image\/\",\"url\":\"https:\/\/www.alldayled.com\/wp-content\/uploads\/2025\/10\/Logo-ALL-DAY-LED-800x800-zwart-witte-letters.png\",\"contentUrl\":\"https:\/\/www.alldayled.com\/wp-content\/uploads\/2025\/10\/Logo-ALL-DAY-LED-800x800-zwart-witte-letters.png\",\"width\":800,\"height\":800,\"caption\":\"All Day Led\"},\"image\":{\"@id\":\"https:\/\/www.alldayled.com\/de\/#\/schema\/logo\/image\/\"},\"sameAs\":[\"https:\/\/www.facebook.com\/alldayled\/\",\"https:\/\/www.instagram.com\/alldayled\/\"],\"vatID\":\"NL863960133B01\",\"taxID\":\"86416545\"}]}<\/script>\n<meta property=\"product:brand\" content=\"Strands\" \/>\n<meta property=\"product:price:amount\" content=\"69.00\" \/>\n<meta property=\"product:price:currency\" content=\"EUR\" \/>\n<meta property=\"og:availability\" content=\"instock\" \/>\n<meta property=\"product:availability\" content=\"instock\" \/>\n<meta property=\"product:retailer_item_id\" content=\"ADL809030\" \/>\n<meta property=\"product:condition\" content=\"new\" \/>\n<!-- \/ Yoast SEO Premium plugin. -->","yoast_head_json":{"title":"Strands LED Arbeitsscheinwerfer 15w - All Day Led - f\u00fcr 12&24 volt","description":"Strands LED Arbeitsscheinwerfer 15w - mit ECE R23-Pr\u00fcfzeichen - geschaltete R\u00fcckfahrleuchte - 1960 Lumen - mit DT2-Anschluss - ECE R10","robots":{"index":"index","follow":"follow","max-snippet":"max-snippet:-1","max-image-preview":"max-image-preview:large","max-video-preview":"max-video-preview:-1"},"canonical":"https:\/\/www.alldayled.com\/de\/produkt\/strands-led-werklamp-15w\/","og_locale":"de_DE","og_type":"article","og_title":"LED Arbeitsscheinwerfer Strands 15w - All Day Led - f\u00fcr 12&24 volt","og_description":"Strands LED Arbeitsscheinwerfer 15w - mit ECE R23-Pr\u00fcfzeichen - geschaltete R\u00fcckfahrleuchte - 1960 Lumen - mit DT2-Anschluss - ECE R10","og_url":"https:\/\/www.alldayled.com\/de\/produkt\/strands-led-werklamp-15w\/","og_site_name":"All Day Led","article_publisher":"https:\/\/www.facebook.com\/alldayled\/","og_image":[{"url":"https:\/\/www.alldayled.com\/wp-content\/uploads\/2020\/12\/ADL89030-3..png","type":"","width":"","height":""}],"twitter_misc":{"Preis":"&euro;&nbsp;69,00","Verf\u00fcgbarkeit":"Auf Lager"},"schema":{"@context":"https:\/\/schema.org","@graph":[{"@type":"WebPage","@id":"https:\/\/www.alldayled.com\/de\/produkt\/strands-led-werklamp-15w\/","url":"https:\/\/www.alldayled.com\/de\/produkt\/strands-led-werklamp-15w\/","name":"Strands LED Arbeitsscheinwerfer 15w - All Day Led - f\u00fcr 12&24 volt","isPartOf":{"@id":"https:\/\/www.alldayled.com\/de\/#website"},"primaryImageOfPage":{"@id":"https:\/\/www.alldayled.com\/de\/produkt\/strands-led-werklamp-15w\/#primaryimage"},"image":{"@id":"https:\/\/www.alldayled.com\/de\/produkt\/strands-led-werklamp-15w\/#primaryimage"},"thumbnailUrl":"https:\/\/www.alldayled.com\/wp-content\/uploads\/2020\/12\/ADL89030.png","datePublished":"2022-11-17T10:50:32+00:00","description":"Strands LED Arbeitsscheinwerfer 15w - mit ECE R23-Pr\u00fcfzeichen - geschaltete R\u00fcckfahrleuchte - 1960 Lumen - mit DT2-Anschluss - ECE R10","breadcrumb":{"@id":"https:\/\/www.alldayled.com\/de\/produkt\/strands-led-werklamp-15w\/#breadcrumb"},"inLanguage":"de","potentialAction":[{"@type":"ReadAction","target":["https:\/\/www.alldayled.com\/de\/produkt\/strands-led-werklamp-15w\/"]}]},{"@type":"ImageObject","inLanguage":"de","@id":"https:\/\/www.alldayled.com\/de\/produkt\/strands-led-werklamp-15w\/#primaryimage","url":"https:\/\/www.alldayled.com\/wp-content\/uploads\/2020\/12\/ADL89030.png","contentUrl":"https:\/\/www.alldayled.com\/wp-content\/uploads\/2020\/12\/ADL89030.png","width":800,"height":600,"caption":"Strands LED Arbeitsscheinwerfer 15w mit ECE R23 - geeignet als geschaltete R\u00fcckfahrleuchte - f\u00fcr 12&amp;24 Volt - Auto, LKW, Anh\u00e4nger, Wohnmobil und mehr - EAN: 7323030173234"},{"@type":"BreadcrumbList","@id":"https:\/\/www.alldayled.com\/de\/produkt\/strands-led-werklamp-15w\/#breadcrumb","itemListElement":[{"@type":"ListItem","position":1,"name":"Home","item":"https:\/\/www.alldayled.com\/de\/"},{"@type":"ListItem","position":2,"name":"Shop","item":"https:\/\/www.alldayled.com\/de\/shop\/"},{"@type":"ListItem","position":3,"name":"Arbeitsscheinwerfer","item":"https:\/\/www.alldayled.com\/de\/produkt-kategorie\/arbeitsscheinwerfer\/"},{"@type":"ListItem","position":4,"name":"Arbeitsscheinwerfer sonstig","item":"https:\/\/www.alldayled.com\/de\/produkt-kategorie\/arbeitsscheinwerfer\/werklamp-overig\/"},{"@type":"ListItem","position":5,"name":"Strands LED Arbeitsscheinwerfer 15W"}]},{"@type":"WebSite","@id":"https:\/\/www.alldayled.com\/de\/#website","url":"https:\/\/www.alldayled.com\/de\/","name":"All Day Led","description":"Verlichting voor 12&amp;24 volt gebruik","publisher":{"@id":"https:\/\/www.alldayled.com\/de\/#organization"},"potentialAction":[{"@type":"SearchAction","target":{"@type":"EntryPoint","urlTemplate":"https:\/\/www.alldayled.com\/de\/?s={search_term_string}"},"query-input":{"@type":"PropertyValueSpecification","valueRequired":true,"valueName":"search_term_string"}}],"inLanguage":"de"},{"@type":"Organization","@id":"https:\/\/www.alldayled.com\/de\/#organization","name":"All Day Led","url":"https:\/\/www.alldayled.com\/de\/","logo":{"@type":"ImageObject","inLanguage":"de","@id":"https:\/\/www.alldayled.com\/de\/#\/schema\/logo\/image\/","url":"https:\/\/www.alldayled.com\/wp-content\/uploads\/2025\/10\/Logo-ALL-DAY-LED-800x800-zwart-witte-letters.png","contentUrl":"https:\/\/www.alldayled.com\/wp-content\/uploads\/2025\/10\/Logo-ALL-DAY-LED-800x800-zwart-witte-letters.png","width":800,"height":800,"caption":"All Day Led"},"image":{"@id":"https:\/\/www.alldayled.com\/de\/#\/schema\/logo\/image\/"},"sameAs":["https:\/\/www.facebook.com\/alldayled\/","https:\/\/www.instagram.com\/alldayled\/"],"vatID":"NL863960133B01","taxID":"86416545"}]},"product_brand":"Strands","product_price_amount":"69.00","product_price_currency":"EUR","og_availability":"instock","product_availability":"instock","product_retailer_item_id":"ADL809030","product_condition":"new"},"_links":{"self":[{"href":"https:\/\/www.alldayled.com\/de\/wp-json\/wp\/v2\/product\/67737","targetHints":{"allow":["GET"]}}],"collection":[{"href":"https:\/\/www.alldayled.com\/de\/wp-json\/wp\/v2\/product"}],"about":[{"href":"https:\/\/www.alldayled.com\/de\/wp-json\/wp\/v2\/types\/product"}],"replies":[{"embeddable":true,"href":"https:\/\/www.alldayled.com\/de\/wp-json\/wp\/v2\/comments?post=67737"}],"wp:featuredmedia":[{"embeddable":true,"href":"https:\/\/www.alldayled.com\/de\/wp-json\/wp\/v2\/media\/18354"}],"wp:attachment":[{"href":"https:\/\/www.alldayled.com\/de\/wp-json\/wp\/v2\/media?parent=67737"}],"wp:term":[{"taxonomy":"product_brand","embeddable":true,"href":"https:\/\/www.alldayled.com\/de\/wp-json\/wp\/v2\/product_brand?post=67737"},{"taxonomy":"product_cat","embeddable":true,"href":"https:\/\/www.alldayled.com\/de\/wp-json\/wp\/v2\/product_cat?post=67737"},{"taxonomy":"product_tag","embeddable":true,"href":"https:\/\/www.alldayled.com\/de\/wp-json\/wp\/v2\/product_tag?post=67737"}],"curies":[{"name":"wp","href":"https:\/\/api.w.org\/{rel}","templated":true}]}}