{"id":67739,"date":"2022-11-17T11:50:50","date_gmt":"2022-11-17T10:50:50","guid":{"rendered":"https:\/\/www.alldayled.com\/product\/strands-led-werklamp-25w\/"},"modified":"2022-11-17T11:50:50","modified_gmt":"2022-11-17T10:50:50","slug":"strands-led-werklamp-25w","status":"publish","type":"product","link":"https:\/\/www.alldayled.com\/de\/produkt\/strands-led-werklamp-25w\/","title":{"rendered":"Strands LED Arbeitsscheinwerfer 25W"},"content":{"rendered":"<p><span style=\"color: #000000;\"><strong>Strands LED Arbeitsscheinwerfer 25W, f\u00fcr 12 &amp; 24 Volt Betrieb.<\/strong><\/span><\/p>\n<p><span style=\"color: #000000;\">Sind Sie auf der Suche nach einem hochwertigen LED Arbeitsscheinwerfer, der viel Licht liefert? Und m\u00f6chten Sie einen, den Sie dank des ECE R23-Pr\u00fcfzeichens auch als geschaltete R\u00fcckfahrscheinwerfer verwenden d\u00fcrfen? Dann ist der Strands LED Arbeitsscheinwerfer 25W vielleicht genau die Lampe, die Sie suchen. Die Lampe ist mit 16 leistungsstarken LEDs ausgestattet und liefert nicht weniger als 3040 Lumen. So ist maximale Sichtbarkeit gew\u00e4hrleistet, sowohl tags\u00fcber als auch abends. Der Arbeitsscheinwerfer funktioniert mit 12 und 24 Volt, sodass Sie ihn problemlos an Ihrem Auto, LKW, Traktor, Wohnmobil oder einem anderen Fahrzeug verwenden k\u00f6nnen.     <\/span><\/p>\n<p><span style=\"color: #000000;\">Um sicherzustellen, dass der Strands LED Arbeitsscheinwerfer 25W f\u00fcr Ihr Fahrzeug oder Ihren Anh\u00e4nger geeignet ist, haben wir die wichtigsten Eigenschaften im Folgenden aufgelistet. Die Lampe ist mit den Pr\u00fcfzeichen ECE R10, IP68 und IP69K versehen. Das bedeutet, dass die Lampe keine St\u00f6rungen auf Funksignalen verursacht und vollst\u00e4ndig staub- und wasserdicht ist. Dar\u00fcber hinaus wird der Arbeitsscheinwerfer mit Edelstahl-Befestigungsmaterial und einem 5 Meter langen Anschlusskabel geliefert, sodass die Montage und der Anschluss schnell und einfach vonstattengehen. Kurzum, ein leistungsstarker, zuverl\u00e4ssiger und vielseitiger LED Arbeitsscheinwerfer, der sich perfekt f\u00fcr den professionellen Einsatz eignet.    <\/span><\/p>\n<h5><span style=\"color: #000000;\"><strong>Abmessungen:<\/strong><\/span><\/h5>\n<p><span style=\"color: #000000;\">Um sicherzustellen, dass Sie die LED Lampe dort montieren k\u00f6nnen, wo Sie m\u00f6chten, haben wir die Abmessungen unten notiert. Die Abmessungen des LED Arbeitsscheinwerfers 25W der Marke Strands sind wie folgt: <\/span><\/p>\n<ul>\n<li><span style=\"color: #000000;\">H\u00f6he: 108 mm (138 mm inkl. Befestigung)<\/span><\/li>\n<li><span style=\"color: #000000;\">Breite: 108 mm<\/span><\/li>\n<li><span style=\"color: #000000;\">Dicke: 48 mm<\/span><\/li>\n<\/ul>\n<h5><span style=\"color: #000000;\"><strong>Andere Versionen: <\/strong><\/span><\/h5>\n<p><span style=\"color: #000000;\">M\u00f6chten Sie einen LED Arbeitsscheinwerfer der Marke Strands? Aber ist der Strands LED Arbeitsscheinwerfer 25W nicht das Modell, das Sie suchen? Dann wissen Sie, dass der LED Arbeitsscheinwerfer von Strands auch in verschiedenen anderen Ausf\u00fchrungen erh\u00e4ltlich ist. Sehen Sie sich unten die verschiedenen M\u00f6glichkeiten an, die Strands bietet.    <\/span><\/p>\n<ul>\n<li><span style=\"color: #000000;\"><a style=\"color: #000000;\" href=\"https:\/\/www.alldayled.com\/de\/produkt\/strands-led-werklamp-12w\/\"><strong>Strands LED Arbeitsscheinwerfer 12W<\/strong><\/a><\/span><\/li>\n<li><span style=\"color: #000000;\"><a style=\"color: #000000;\" href=\"https:\/\/www.alldayled.com\/de\/produkt\/strands-led-werklamp-15w\/\"><strong>Strands LED Arbeitsscheinwerfer 15W <\/strong><\/a><\/span><\/li>\n<li><span style=\"color: #000000;\"><a style=\"color: #000000;\" href=\"https:\/\/www.alldayled.com\/de\/produkt\/strands-led-werklamp-18w\/\"><strong>Strands LED Arbeitsscheinwerfer 18W <\/strong><\/a><\/span><\/li>\n<li><span style=\"color: #000000;\"><a style=\"color: #000000;\" href=\"https:\/\/www.alldayled.com\/de\/produkt\/strands-led-werklamp-29w\/\"><strong>Strands LED Arbeitsscheinwerfer 29W<\/strong><\/a><\/span><\/li>\n<\/ul>\n<p><span style=\"color: #000000;\">Sind Sie immer noch der Meinung, dass der Strands LED Arbeitsscheinwerfer 25W nicht das ist, was Sie suchen? Einfach, weil die Lichtleistung oder die Wattleistung nicht hoch genug oder sogar zu hoch ist? Dann werfen Sie einen Blick auf unsere Seite <g id=\"gid_0\">Arbeitsscheinwerfer<\/g>. Vielleicht finden Sie hier das Modell Arbeitsscheinwerfer, das Sie suchen.    <\/span><\/p>\n","protected":false},"excerpt":{"rendered":"<p>LED Arbeitsscheinwerfer 25W von Strands und eine Lichtleistung von 3040 Lumen &#8211; f\u00fcr 12\/24 Volt.<\/p>\n","protected":false},"featured_media":22935,"comment_status":"open","ping_status":"closed","template":"","meta":{"_acf_changed":false},"product_brand":[5114],"product_cat":[5334],"product_tag":[9060,9062,9059,9058,9063,9057,9066,9064,9065,9061],"class_list":{"0":"post-67739","1":"product","2":"type-product","3":"status-publish","4":"has-post-thumbnail","6":"product_brand-product-strands-lighting-division","7":"product_cat-werklamp-vierkant","8":"product_tag-arbeitsleuchte-kafiganhanger","9":"product_tag-arbeitsscheinwerfer-anhanger","10":"product_tag-arbeitsscheinwerfer-gabelstapler","12":"product_tag-arbeitstransporter","13":"product_tag-led-arbeitsleuchte","14":"product_tag-strands-led-arbeitsleuchte","15":"product_tag-strands-led-beleuchtung","16":"product_tag-strands-lighting-division","17":"product_tag-traktor-arbeitsleuchte","19":"first","20":"instock","21":"taxable","22":"shipping-taxable","23":"purchasable","24":"product-type-simple"},"acf":[],"yoast_head":"<!-- This site is optimized with the Yoast SEO Premium plugin v26.5 (Yoast SEO v27.1.1) - https:\/\/yoast.com\/product\/yoast-seo-premium-wordpress\/ -->\n<title>Strands LED Arbeitsscheinwerfer 25W - All Day Led - f\u00fcr 12&amp;24 Volt<\/title>\n<meta name=\"description\" content=\"Strands LED Arbeitsscheinwerfer 25W - hochwertiges Material - mit ECE R23 - robuster LED Arbeitsscheinwerfer - 3040 Lumen - LKW, Anh\u00e4nger und mehr\" \/>\n<meta name=\"robots\" content=\"index, follow, max-snippet:-1, max-image-preview:large, max-video-preview:-1\" \/>\n<link rel=\"canonical\" href=\"https:\/\/www.alldayled.com\/de\/produkt\/strands-led-werklamp-25w\/\" \/>\n<meta property=\"og:locale\" content=\"de_DE\" \/>\n<meta property=\"og:type\" content=\"article\" \/>\n<meta property=\"og:title\" content=\"Strands LED Arbeitsscheinwerfer 25W - All Day Led - f\u00fcr 12&amp;24 Volt\" \/>\n<meta property=\"og:description\" content=\"Strands LED Arbeitsscheinwerfer 25W - hochwertiges Material - mit ECE R23 - robuster LED Arbeitsscheinwerfer - 3040 Lumen - LKW, Anh\u00e4nger und mehr\" \/>\n<meta property=\"og:url\" content=\"https:\/\/www.alldayled.com\/de\/produkt\/strands-led-werklamp-25w\/\" \/>\n<meta property=\"og:site_name\" content=\"All Day Led\" \/>\n<meta property=\"article:publisher\" content=\"https:\/\/www.facebook.com\/alldayled\/\" \/>\n<meta property=\"og:image\" content=\"https:\/\/www.alldayled.com\/wp-content\/uploads\/2022\/11\/ADL89517-5M-6.png\" \/>\n<meta name=\"twitter:label1\" content=\"Preis\" \/>\n\t<meta name=\"twitter:data1\" content=\"&euro;&nbsp;69,00\" \/>\n\t<meta name=\"twitter:label2\" content=\"Verf\u00fcgbarkeit\" \/>\n\t<meta name=\"twitter:data2\" content=\"Auf Lager\" \/>\n<script type=\"application\/ld+json\" class=\"yoast-schema-graph\">{\"@context\":\"https:\/\/schema.org\",\"@graph\":[{\"@type\":\"WebPage\",\"@id\":\"https:\/\/www.alldayled.com\/de\/produkt\/strands-led-werklamp-25w\/\",\"url\":\"https:\/\/www.alldayled.com\/de\/produkt\/strands-led-werklamp-25w\/\",\"name\":\"Strands LED Arbeitsscheinwerfer 25W - All Day Led - f\u00fcr 12&24 Volt\",\"isPartOf\":{\"@id\":\"https:\/\/www.alldayled.com\/de\/#website\"},\"primaryImageOfPage\":{\"@id\":\"https:\/\/www.alldayled.com\/de\/produkt\/strands-led-werklamp-25w\/#primaryimage\"},\"image\":{\"@id\":\"https:\/\/www.alldayled.com\/de\/produkt\/strands-led-werklamp-25w\/#primaryimage\"},\"thumbnailUrl\":\"https:\/\/www.alldayled.com\/wp-content\/uploads\/2022\/11\/ADL89517-5M.png\",\"datePublished\":\"2022-11-17T10:50:50+00:00\",\"description\":\"Strands LED Arbeitsscheinwerfer 25W - hochwertiges Material - mit ECE R23 - robuster LED Arbeitsscheinwerfer - 3040 Lumen - LKW, Anh\u00e4nger und mehr\",\"breadcrumb\":{\"@id\":\"https:\/\/www.alldayled.com\/de\/produkt\/strands-led-werklamp-25w\/#breadcrumb\"},\"inLanguage\":\"de\",\"potentialAction\":[{\"@type\":\"ReadAction\",\"target\":[\"https:\/\/www.alldayled.com\/de\/produkt\/strands-led-werklamp-25w\/\"]}]},{\"@type\":\"ImageObject\",\"inLanguage\":\"de\",\"@id\":\"https:\/\/www.alldayled.com\/de\/produkt\/strands-led-werklamp-25w\/#primaryimage\",\"url\":\"https:\/\/www.alldayled.com\/wp-content\/uploads\/2022\/11\/ADL89517-5M.png\",\"contentUrl\":\"https:\/\/www.alldayled.com\/wp-content\/uploads\/2022\/11\/ADL89517-5M.png\",\"width\":800,\"height\":600,\"caption\":\"Strands LED Arbeitsscheinwerfer 25W Lichtleistung von LED Arbeitsscheinwerfer 48W - LED Arbeitsscheinwerfer f\u00fcr 12 &amp; 24 Volt Betrieb - EAN: 7323030171834\"},{\"@type\":\"BreadcrumbList\",\"@id\":\"https:\/\/www.alldayled.com\/de\/produkt\/strands-led-werklamp-25w\/#breadcrumb\",\"itemListElement\":[{\"@type\":\"ListItem\",\"position\":1,\"name\":\"Home\",\"item\":\"https:\/\/www.alldayled.com\/de\/\"},{\"@type\":\"ListItem\",\"position\":2,\"name\":\"Shop\",\"item\":\"https:\/\/www.alldayled.com\/de\/shop\/\"},{\"@type\":\"ListItem\",\"position\":3,\"name\":\"Arbeitsscheinwerfer\",\"item\":\"https:\/\/www.alldayled.com\/de\/produkt-kategorie\/arbeitsscheinwerfer\/\"},{\"@type\":\"ListItem\",\"position\":4,\"name\":\"Arbeitsscheinwerfer Quadratisch\",\"item\":\"https:\/\/www.alldayled.com\/de\/produkt-kategorie\/arbeitsscheinwerfer\/werklamp-vierkant\/\"},{\"@type\":\"ListItem\",\"position\":5,\"name\":\"Strands LED Arbeitsscheinwerfer 25W\"}]},{\"@type\":\"WebSite\",\"@id\":\"https:\/\/www.alldayled.com\/de\/#website\",\"url\":\"https:\/\/www.alldayled.com\/de\/\",\"name\":\"All Day Led\",\"description\":\"Verlichting voor 12&amp;24 volt gebruik\",\"publisher\":{\"@id\":\"https:\/\/www.alldayled.com\/de\/#organization\"},\"potentialAction\":[{\"@type\":\"SearchAction\",\"target\":{\"@type\":\"EntryPoint\",\"urlTemplate\":\"https:\/\/www.alldayled.com\/de\/?s={search_term_string}\"},\"query-input\":{\"@type\":\"PropertyValueSpecification\",\"valueRequired\":true,\"valueName\":\"search_term_string\"}}],\"inLanguage\":\"de\"},{\"@type\":\"Organization\",\"@id\":\"https:\/\/www.alldayled.com\/de\/#organization\",\"name\":\"All Day Led\",\"url\":\"https:\/\/www.alldayled.com\/de\/\",\"logo\":{\"@type\":\"ImageObject\",\"inLanguage\":\"de\",\"@id\":\"https:\/\/www.alldayled.com\/de\/#\/schema\/logo\/image\/\",\"url\":\"https:\/\/www.alldayled.com\/wp-content\/uploads\/2025\/10\/Logo-ALL-DAY-LED-800x800-zwart-witte-letters.png\",\"contentUrl\":\"https:\/\/www.alldayled.com\/wp-content\/uploads\/2025\/10\/Logo-ALL-DAY-LED-800x800-zwart-witte-letters.png\",\"width\":800,\"height\":800,\"caption\":\"All Day Led\"},\"image\":{\"@id\":\"https:\/\/www.alldayled.com\/de\/#\/schema\/logo\/image\/\"},\"sameAs\":[\"https:\/\/www.facebook.com\/alldayled\/\",\"https:\/\/www.instagram.com\/alldayled\/\"],\"vatID\":\"NL863960133B01\",\"taxID\":\"86416545\"}]}<\/script>\n<meta property=\"product:brand\" content=\"Strands\" \/>\n<meta property=\"product:price:amount\" content=\"69.00\" \/>\n<meta property=\"product:price:currency\" content=\"EUR\" \/>\n<meta property=\"og:availability\" content=\"instock\" \/>\n<meta property=\"product:availability\" content=\"instock\" \/>\n<meta property=\"product:retailer_item_id\" content=\"ADL809517-5M\" \/>\n<meta property=\"product:condition\" content=\"new\" \/>\n<!-- \/ Yoast SEO Premium plugin. -->","yoast_head_json":{"title":"Strands LED Arbeitsscheinwerfer 25W - All Day Led - f\u00fcr 12&24 Volt","description":"Strands LED Arbeitsscheinwerfer 25W - hochwertiges Material - mit ECE R23 - robuster LED Arbeitsscheinwerfer - 3040 Lumen - LKW, Anh\u00e4nger und mehr","robots":{"index":"index","follow":"follow","max-snippet":"max-snippet:-1","max-image-preview":"max-image-preview:large","max-video-preview":"max-video-preview:-1"},"canonical":"https:\/\/www.alldayled.com\/de\/produkt\/strands-led-werklamp-25w\/","og_locale":"de_DE","og_type":"article","og_title":"Strands LED Arbeitsscheinwerfer 25W - All Day Led - f\u00fcr 12&24 Volt","og_description":"Strands LED Arbeitsscheinwerfer 25W - hochwertiges Material - mit ECE R23 - robuster LED Arbeitsscheinwerfer - 3040 Lumen - LKW, Anh\u00e4nger und mehr","og_url":"https:\/\/www.alldayled.com\/de\/produkt\/strands-led-werklamp-25w\/","og_site_name":"All Day Led","article_publisher":"https:\/\/www.facebook.com\/alldayled\/","og_image":[{"url":"https:\/\/www.alldayled.com\/wp-content\/uploads\/2022\/11\/ADL89517-5M-6.png","type":"","width":"","height":""}],"twitter_misc":{"Preis":"&euro;&nbsp;69,00","Verf\u00fcgbarkeit":"Auf Lager"},"schema":{"@context":"https:\/\/schema.org","@graph":[{"@type":"WebPage","@id":"https:\/\/www.alldayled.com\/de\/produkt\/strands-led-werklamp-25w\/","url":"https:\/\/www.alldayled.com\/de\/produkt\/strands-led-werklamp-25w\/","name":"Strands LED Arbeitsscheinwerfer 25W - All Day Led - f\u00fcr 12&24 Volt","isPartOf":{"@id":"https:\/\/www.alldayled.com\/de\/#website"},"primaryImageOfPage":{"@id":"https:\/\/www.alldayled.com\/de\/produkt\/strands-led-werklamp-25w\/#primaryimage"},"image":{"@id":"https:\/\/www.alldayled.com\/de\/produkt\/strands-led-werklamp-25w\/#primaryimage"},"thumbnailUrl":"https:\/\/www.alldayled.com\/wp-content\/uploads\/2022\/11\/ADL89517-5M.png","datePublished":"2022-11-17T10:50:50+00:00","description":"Strands LED Arbeitsscheinwerfer 25W - hochwertiges Material - mit ECE R23 - robuster LED Arbeitsscheinwerfer - 3040 Lumen - LKW, Anh\u00e4nger und mehr","breadcrumb":{"@id":"https:\/\/www.alldayled.com\/de\/produkt\/strands-led-werklamp-25w\/#breadcrumb"},"inLanguage":"de","potentialAction":[{"@type":"ReadAction","target":["https:\/\/www.alldayled.com\/de\/produkt\/strands-led-werklamp-25w\/"]}]},{"@type":"ImageObject","inLanguage":"de","@id":"https:\/\/www.alldayled.com\/de\/produkt\/strands-led-werklamp-25w\/#primaryimage","url":"https:\/\/www.alldayled.com\/wp-content\/uploads\/2022\/11\/ADL89517-5M.png","contentUrl":"https:\/\/www.alldayled.com\/wp-content\/uploads\/2022\/11\/ADL89517-5M.png","width":800,"height":600,"caption":"Strands LED Arbeitsscheinwerfer 25W Lichtleistung von LED Arbeitsscheinwerfer 48W - LED Arbeitsscheinwerfer f\u00fcr 12 &amp; 24 Volt Betrieb - EAN: 7323030171834"},{"@type":"BreadcrumbList","@id":"https:\/\/www.alldayled.com\/de\/produkt\/strands-led-werklamp-25w\/#breadcrumb","itemListElement":[{"@type":"ListItem","position":1,"name":"Home","item":"https:\/\/www.alldayled.com\/de\/"},{"@type":"ListItem","position":2,"name":"Shop","item":"https:\/\/www.alldayled.com\/de\/shop\/"},{"@type":"ListItem","position":3,"name":"Arbeitsscheinwerfer","item":"https:\/\/www.alldayled.com\/de\/produkt-kategorie\/arbeitsscheinwerfer\/"},{"@type":"ListItem","position":4,"name":"Arbeitsscheinwerfer Quadratisch","item":"https:\/\/www.alldayled.com\/de\/produkt-kategorie\/arbeitsscheinwerfer\/werklamp-vierkant\/"},{"@type":"ListItem","position":5,"name":"Strands LED Arbeitsscheinwerfer 25W"}]},{"@type":"WebSite","@id":"https:\/\/www.alldayled.com\/de\/#website","url":"https:\/\/www.alldayled.com\/de\/","name":"All Day Led","description":"Verlichting voor 12&amp;24 volt gebruik","publisher":{"@id":"https:\/\/www.alldayled.com\/de\/#organization"},"potentialAction":[{"@type":"SearchAction","target":{"@type":"EntryPoint","urlTemplate":"https:\/\/www.alldayled.com\/de\/?s={search_term_string}"},"query-input":{"@type":"PropertyValueSpecification","valueRequired":true,"valueName":"search_term_string"}}],"inLanguage":"de"},{"@type":"Organization","@id":"https:\/\/www.alldayled.com\/de\/#organization","name":"All Day Led","url":"https:\/\/www.alldayled.com\/de\/","logo":{"@type":"ImageObject","inLanguage":"de","@id":"https:\/\/www.alldayled.com\/de\/#\/schema\/logo\/image\/","url":"https:\/\/www.alldayled.com\/wp-content\/uploads\/2025\/10\/Logo-ALL-DAY-LED-800x800-zwart-witte-letters.png","contentUrl":"https:\/\/www.alldayled.com\/wp-content\/uploads\/2025\/10\/Logo-ALL-DAY-LED-800x800-zwart-witte-letters.png","width":800,"height":800,"caption":"All Day Led"},"image":{"@id":"https:\/\/www.alldayled.com\/de\/#\/schema\/logo\/image\/"},"sameAs":["https:\/\/www.facebook.com\/alldayled\/","https:\/\/www.instagram.com\/alldayled\/"],"vatID":"NL863960133B01","taxID":"86416545"}]},"product_brand":"Strands","product_price_amount":"69.00","product_price_currency":"EUR","og_availability":"instock","product_availability":"instock","product_retailer_item_id":"ADL809517-5M","product_condition":"new"},"_links":{"self":[{"href":"https:\/\/www.alldayled.com\/de\/wp-json\/wp\/v2\/product\/67739","targetHints":{"allow":["GET"]}}],"collection":[{"href":"https:\/\/www.alldayled.com\/de\/wp-json\/wp\/v2\/product"}],"about":[{"href":"https:\/\/www.alldayled.com\/de\/wp-json\/wp\/v2\/types\/product"}],"replies":[{"embeddable":true,"href":"https:\/\/www.alldayled.com\/de\/wp-json\/wp\/v2\/comments?post=67739"}],"wp:featuredmedia":[{"embeddable":true,"href":"https:\/\/www.alldayled.com\/de\/wp-json\/wp\/v2\/media\/22935"}],"wp:attachment":[{"href":"https:\/\/www.alldayled.com\/de\/wp-json\/wp\/v2\/media?parent=67739"}],"wp:term":[{"taxonomy":"product_brand","embeddable":true,"href":"https:\/\/www.alldayled.com\/de\/wp-json\/wp\/v2\/product_brand?post=67739"},{"taxonomy":"product_cat","embeddable":true,"href":"https:\/\/www.alldayled.com\/de\/wp-json\/wp\/v2\/product_cat?post=67739"},{"taxonomy":"product_tag","embeddable":true,"href":"https:\/\/www.alldayled.com\/de\/wp-json\/wp\/v2\/product_tag?post=67739"}],"curies":[{"name":"wp","href":"https:\/\/api.w.org\/{rel}","templated":true}]}}