{"id":67744,"date":"2024-10-12T14:30:15","date_gmt":"2024-10-12T12:30:15","guid":{"rendered":"https:\/\/www.alldayled.com\/product\/strands-for9t-no-glare-werklamp-78w\/"},"modified":"2026-03-18T17:14:04","modified_gmt":"2026-03-18T16:14:04","slug":"strands-for9t-no-glare-werklamp-78w","status":"publish","type":"product","link":"https:\/\/www.alldayled.com\/de\/produkt\/strands-for9t-no-glare-werklamp-78w\/","title":{"rendered":"Strands FOR9T No-Glare 78w"},"content":{"rendered":"<p><span style=\"color: #000000;\"><strong>Strands FOR9T NO-GLARE LED Arbeitsscheinwerfer 78w, f\u00fcr 12 und 24 Volt. <\/strong><\/span><\/p>\n<p><span style=\"color: #000000;\">M\u00f6chten Sie einen LED Arbeitsscheinwerfer montieren, finden es aber auch so \u00e4rgerlich, dass Sie beim Blick in die Lampe v\u00f6llig geblendet werden? Dann ist der Strands FOR9T No-Glare LED Arbeitsscheinwerfer 78w vielleicht die Lampe, die Sie suchen. Der LED Arbeitsscheinwerfer ist mit einer speziellen Linse ausgestattet, die das bekannte blendende Bild beseitigt. Dieser LED Arbeitsscheinwerfer ist mit 4 LED-Punkten ausgestattet und hat einen theoretischen Lichtstrom von 7200 Lumen. Au\u00dferdem arbeitet die FOR9T Lampe mit 12 und 24 Volt. Das bedeutet, dass Sie den LED Arbeitsscheinwerfer zum Beispiel an Ihrem Auto, Camper, LKW, Anh\u00e4nger oder einer anderen Art von Fahrzeug montieren k\u00f6nnen.     <\/span><\/p>\n<p><span style=\"color: #000000;\">Damit Sie vor dem Kauf sicher sein k\u00f6nnen, dass dies die Lampe ist, die Sie suchen, haben wir im Folgenden einige Eigenschaften dieser LED Lampe aufgef\u00fchrt. Der No-Glare LED Arbeitsscheinwerfer 78w mit speziell entwickelter Linse ist unter anderem mit der ECE R10 ausgestattet. Au\u00dferdem hat der LED Arbeitsscheinwerfer auch ein zweifarbiges Standlicht. Dieses Standlicht kann in den Farben oranje oder rot eingestellt werden. Um das Ganze abzurunden, wird der LED Arbeitsscheinwerfer mit einem DT4-Anschlussstecker geliefert, was die Installation erheblich vereinfacht.      <\/span><\/p>\n<div class=\"truncated\">\n<h5><span style=\"color: #000000;\"><strong>Abmessungen:<\/strong><\/span><\/h5>\n<p><span style=\"color: #000000;\">Damit Sie vor dem Kauf sicher sein k\u00f6nnen, dass Sie den LED Arbeitsscheinwerfer mit Standlichtfunktion dort montieren k\u00f6nnen, wo Sie m\u00f6chten, haben wir im Folgenden die Abmessungen der LED Lampe notiert. Die Abmessungen des Strands For9t No-Glare LED Arbeitsscheinwerfers 78w sind wie folgt:  <\/span><\/p>\n<ul>\n<li><span style=\"color: #000000;\">H\u00f6he: 108,0 mm (116,0 mm inkl. Befestigung) <\/span><\/li>\n<li><span style=\"color: #000000;\">Breite: 108,0 mm<\/span><\/li>\n<li><span style=\"color: #000000;\">Dicke: 70,0 mm<\/span><\/li>\n<\/ul>\n<h5><span style=\"color: #000000;\"><strong>Andere Versionen:<\/strong><\/span><\/h5>\n<p><span style=\"color: #000000;\">M\u00f6chten Sie eine LED Lampe von Strands aus der For9t-Linie kaufen? Aber ist der Strands For9t No-Glare LED Arbeitsscheinwerfer 78w nicht die Lampe, die Sie suchen? Dann wissen Sie, dass die FOR9T-Linie der Marke Strands auch noch diverse andere Lampenarten kennt. Nachfolgend finden Sie eine Aufstellung der \u00fcbrigen Modelle, die Strands anbietet.   <\/span><\/p>\n<\/div>\n<ul>\n<li><span style=\"color: #000000;\"><a style=\"color: #000000;\" href=\"https:\/\/www.alldayled.com\/product\/strands-for9t-no-glare-werklamp-31w\/\"><strong>For9t LED Arbeitsscheinwerfer 31w<\/strong><\/a><\/span><\/li>\n<li><span style=\"color: #000000;\"><a style=\"color: #000000;\" href=\"https:\/\/www.alldayled.com\/de\/produkt\/strands-for9t-pod-led-lamp-4\/\"><strong>FOR9T POD LED Lampe 4 Zoll<\/strong><\/a><\/span><\/li>\n<\/ul>\n<p><span style=\"color: #000000;\">Sind Sie nach dem Lesen aller Spezifikationen und dem Betrachten der Fotos noch nicht \u00fcberzeugt? Einfach weil die Form, der Lichtstrom oder die Farbe nicht Ihren W\u00fcnschen entsprechen? Dann sehen Sie sich hier das komplette Angebot von <a style=\"color: #000000;\" href=\"https:\/\/www.alldayled.com\/de\/marke\/product-strands-lighting-division\/\" target=\"_blank\" rel=\"noopener\">Strands<\/a> an. Vielleicht finden Sie hier das Lampenmodell, das Sie suchen.   <\/span><\/p>\n","protected":false},"excerpt":{"rendered":"<p>Strands No-Glare LED Arbeitsscheinwerfer 78w mit oranje und rotem Standlicht, f\u00fcr 12 &amp; 24 Volt.<\/p>\n","protected":false},"featured_media":31182,"comment_status":"open","ping_status":"closed","template":"","meta":{"_acf_changed":false},"product_brand":[5114],"product_cat":[5334,5361],"product_tag":[9060,9062,9059,9058,9063,9057,9066,9064,9065,9061],"class_list":{"0":"post-67744","1":"product","2":"type-product","3":"status-publish","4":"has-post-thumbnail","6":"product_brand-product-strands-lighting-division","7":"product_cat-werklamp-vierkant","8":"product_cat-strands-for9t","9":"product_tag-arbeitsleuchte-kafiganhanger","10":"product_tag-arbeitsscheinwerfer-anhanger","11":"product_tag-arbeitsscheinwerfer-gabelstapler","13":"product_tag-arbeitstransporter","14":"product_tag-led-arbeitsleuchte","15":"product_tag-strands-led-arbeitsleuchte","16":"product_tag-strands-led-beleuchtung","17":"product_tag-strands-lighting-division","18":"product_tag-traktor-arbeitsleuchte","20":"first","21":"instock","22":"taxable","23":"shipping-taxable","24":"purchasable","25":"product-type-simple"},"acf":[],"yoast_head":"<!-- This site is optimized with the Yoast SEO Premium plugin v26.5 (Yoast SEO v27.1.1) - https:\/\/yoast.com\/product\/yoast-seo-premium-wordpress\/ -->\n<title>Strands FOR9T No-Glare 78W LED Arbeitsscheinwerfer - All Day Led - f\u00fcr 12&amp;24V<\/title>\n<meta name=\"description\" content=\"Strands FOR9T No-Glare 78W LED Arbeitsscheinwerfer - mit oranje und roter Positionsleuchte - super schlankes Design - 7200 Lumen - mit DT-4 Stecker - 1 Lux @ 65 Meter\" \/>\n<meta name=\"robots\" content=\"index, follow, max-snippet:-1, max-image-preview:large, max-video-preview:-1\" \/>\n<link rel=\"canonical\" href=\"https:\/\/www.alldayled.com\/de\/produkt\/strands-for9t-no-glare-werklamp-78w\/\" \/>\n<meta property=\"og:locale\" content=\"de_DE\" \/>\n<meta property=\"og:type\" content=\"article\" \/>\n<meta property=\"og:title\" content=\"Strands FOR9T No-Glare 78W LED Arbeitsscheinwerfer - All Day Led - f\u00fcr 12&amp;24V\" \/>\n<meta property=\"og:description\" content=\"Strands FOR9T No-Glare 78W LED Arbeitsscheinwerfer - mit oranje und roter Positionsleuchte - super schlankes Design - 7200 Lumen - mit DT-4 Stecker - 1 Lux @ 65 Meter\" \/>\n<meta property=\"og:url\" content=\"https:\/\/www.alldayled.com\/de\/produkt\/strands-for9t-no-glare-werklamp-78w\/\" \/>\n<meta property=\"og:site_name\" content=\"All Day Led\" \/>\n<meta property=\"article:publisher\" content=\"https:\/\/www.facebook.com\/alldayled\/\" \/>\n<meta property=\"article:modified_time\" content=\"2026-03-18T16:14:04+00:00\" \/>\n<meta property=\"og:image\" content=\"https:\/\/www.alldayled.com\/wp-content\/uploads\/2024\/09\/ADL809260.01-300x300.png\" \/>\n<meta name=\"twitter:label1\" content=\"Preis\" \/>\n\t<meta name=\"twitter:data1\" content=\"&euro;&nbsp;119,00\" \/>\n\t<meta name=\"twitter:label2\" content=\"Verf\u00fcgbarkeit\" \/>\n\t<meta name=\"twitter:data2\" content=\"Auf Lager\" \/>\n<script type=\"application\/ld+json\" class=\"yoast-schema-graph\">{\"@context\":\"https:\/\/schema.org\",\"@graph\":[{\"@type\":\"WebPage\",\"@id\":\"https:\/\/www.alldayled.com\/de\/produkt\/strands-for9t-no-glare-werklamp-78w\/\",\"url\":\"https:\/\/www.alldayled.com\/de\/produkt\/strands-for9t-no-glare-werklamp-78w\/\",\"name\":\"Strands FOR9T No-Glare 78W LED Arbeitsscheinwerfer - All Day Led - f\u00fcr 12&24V\",\"isPartOf\":{\"@id\":\"https:\/\/www.alldayled.com\/de\/#website\"},\"primaryImageOfPage\":{\"@id\":\"https:\/\/www.alldayled.com\/de\/produkt\/strands-for9t-no-glare-werklamp-78w\/#primaryimage\"},\"image\":{\"@id\":\"https:\/\/www.alldayled.com\/de\/produkt\/strands-for9t-no-glare-werklamp-78w\/#primaryimage\"},\"thumbnailUrl\":\"https:\/\/www.alldayled.com\/wp-content\/uploads\/2024\/09\/ADL809260.png\",\"datePublished\":\"2024-10-12T12:30:15+00:00\",\"dateModified\":\"2026-03-18T16:14:04+00:00\",\"description\":\"Strands FOR9T No-Glare 78W LED Arbeitsscheinwerfer - mit oranje und roter Positionsleuchte - super schlankes Design - 7200 Lumen - mit DT-4 Stecker - 1 Lux @ 65 Meter\",\"breadcrumb\":{\"@id\":\"https:\/\/www.alldayled.com\/de\/produkt\/strands-for9t-no-glare-werklamp-78w\/#breadcrumb\"},\"inLanguage\":\"de\",\"potentialAction\":[{\"@type\":\"ReadAction\",\"target\":[\"https:\/\/www.alldayled.com\/de\/produkt\/strands-for9t-no-glare-werklamp-78w\/\"]}]},{\"@type\":\"ImageObject\",\"inLanguage\":\"de\",\"@id\":\"https:\/\/www.alldayled.com\/de\/produkt\/strands-for9t-no-glare-werklamp-78w\/#primaryimage\",\"url\":\"https:\/\/www.alldayled.com\/wp-content\/uploads\/2024\/09\/ADL809260.png\",\"contentUrl\":\"https:\/\/www.alldayled.com\/wp-content\/uploads\/2024\/09\/ADL809260.png\",\"width\":800,\"height\":600,\"caption\":\"Strands FOR9T No-Glare LED Arbeitsscheinwerfer 78W - LED Arbeitsscheinwerfer mit Standlicht in den Farben ROT und ORANJE - geeignet f\u00fcr 12 und 24 Volt Betrieb - Lichtstrom 3220 Lumen - f\u00fcr Auto, LKW, Camper, Anh\u00e4nger und mehr - Strands 809260 - EAN: 7350133816911\"},{\"@type\":\"BreadcrumbList\",\"@id\":\"https:\/\/www.alldayled.com\/de\/produkt\/strands-for9t-no-glare-werklamp-78w\/#breadcrumb\",\"itemListElement\":[{\"@type\":\"ListItem\",\"position\":1,\"name\":\"Home\",\"item\":\"https:\/\/www.alldayled.com\/de\/\"},{\"@type\":\"ListItem\",\"position\":2,\"name\":\"Shop\",\"item\":\"https:\/\/www.alldayled.com\/de\/shop\/\"},{\"@type\":\"ListItem\",\"position\":3,\"name\":\"Arbeitsscheinwerfer\",\"item\":\"https:\/\/www.alldayled.com\/de\/produkt-kategorie\/arbeitsscheinwerfer\/\"},{\"@type\":\"ListItem\",\"position\":4,\"name\":\"Arbeitsscheinwerfer Quadratisch\",\"item\":\"https:\/\/www.alldayled.com\/de\/produkt-kategorie\/arbeitsscheinwerfer\/werklamp-vierkant\/\"},{\"@type\":\"ListItem\",\"position\":5,\"name\":\"Strands FOR9T No-Glare 78w\"}]},{\"@type\":\"WebSite\",\"@id\":\"https:\/\/www.alldayled.com\/de\/#website\",\"url\":\"https:\/\/www.alldayled.com\/de\/\",\"name\":\"All Day Led\",\"description\":\"Verlichting voor 12&amp;24 volt gebruik\",\"publisher\":{\"@id\":\"https:\/\/www.alldayled.com\/de\/#organization\"},\"potentialAction\":[{\"@type\":\"SearchAction\",\"target\":{\"@type\":\"EntryPoint\",\"urlTemplate\":\"https:\/\/www.alldayled.com\/de\/?s={search_term_string}\"},\"query-input\":{\"@type\":\"PropertyValueSpecification\",\"valueRequired\":true,\"valueName\":\"search_term_string\"}}],\"inLanguage\":\"de\"},{\"@type\":\"Organization\",\"@id\":\"https:\/\/www.alldayled.com\/de\/#organization\",\"name\":\"All Day Led\",\"url\":\"https:\/\/www.alldayled.com\/de\/\",\"logo\":{\"@type\":\"ImageObject\",\"inLanguage\":\"de\",\"@id\":\"https:\/\/www.alldayled.com\/de\/#\/schema\/logo\/image\/\",\"url\":\"https:\/\/www.alldayled.com\/wp-content\/uploads\/2025\/10\/Logo-ALL-DAY-LED-800x800-zwart-witte-letters.png\",\"contentUrl\":\"https:\/\/www.alldayled.com\/wp-content\/uploads\/2025\/10\/Logo-ALL-DAY-LED-800x800-zwart-witte-letters.png\",\"width\":800,\"height\":800,\"caption\":\"All Day Led\"},\"image\":{\"@id\":\"https:\/\/www.alldayled.com\/de\/#\/schema\/logo\/image\/\"},\"sameAs\":[\"https:\/\/www.facebook.com\/alldayled\/\",\"https:\/\/www.instagram.com\/alldayled\/\"],\"vatID\":\"NL863960133B01\",\"taxID\":\"86416545\"}]}<\/script>\n<meta property=\"product:brand\" content=\"Strands\" \/>\n<meta property=\"product:price:amount\" content=\"119.00\" \/>\n<meta property=\"product:price:currency\" content=\"EUR\" \/>\n<meta property=\"og:availability\" content=\"instock\" \/>\n<meta property=\"product:availability\" content=\"instock\" \/>\n<meta property=\"product:retailer_item_id\" content=\"ADL809260\" \/>\n<meta property=\"product:condition\" content=\"new\" \/>\n<!-- \/ Yoast SEO Premium plugin. -->","yoast_head_json":{"title":"Strands FOR9T No-Glare 78W LED Arbeitsscheinwerfer - All Day Led - f\u00fcr 12&24V","description":"Strands FOR9T No-Glare 78W LED Arbeitsscheinwerfer - mit oranje und roter Positionsleuchte - super schlankes Design - 7200 Lumen - mit DT-4 Stecker - 1 Lux @ 65 Meter","robots":{"index":"index","follow":"follow","max-snippet":"max-snippet:-1","max-image-preview":"max-image-preview:large","max-video-preview":"max-video-preview:-1"},"canonical":"https:\/\/www.alldayled.com\/de\/produkt\/strands-for9t-no-glare-werklamp-78w\/","og_locale":"de_DE","og_type":"article","og_title":"Strands FOR9T No-Glare 78W LED Arbeitsscheinwerfer - All Day Led - f\u00fcr 12&24V","og_description":"Strands FOR9T No-Glare 78W LED Arbeitsscheinwerfer - mit oranje und roter Positionsleuchte - super schlankes Design - 7200 Lumen - mit DT-4 Stecker - 1 Lux @ 65 Meter","og_url":"https:\/\/www.alldayled.com\/de\/produkt\/strands-for9t-no-glare-werklamp-78w\/","og_site_name":"All Day Led","article_publisher":"https:\/\/www.facebook.com\/alldayled\/","article_modified_time":"2026-03-18T16:14:04+00:00","og_image":[{"url":"https:\/\/www.alldayled.com\/wp-content\/uploads\/2024\/09\/ADL809260.01-300x300.png","type":"","width":"","height":""}],"twitter_misc":{"Preis":"&euro;&nbsp;119,00","Verf\u00fcgbarkeit":"Auf Lager"},"schema":{"@context":"https:\/\/schema.org","@graph":[{"@type":"WebPage","@id":"https:\/\/www.alldayled.com\/de\/produkt\/strands-for9t-no-glare-werklamp-78w\/","url":"https:\/\/www.alldayled.com\/de\/produkt\/strands-for9t-no-glare-werklamp-78w\/","name":"Strands FOR9T No-Glare 78W LED Arbeitsscheinwerfer - All Day Led - f\u00fcr 12&24V","isPartOf":{"@id":"https:\/\/www.alldayled.com\/de\/#website"},"primaryImageOfPage":{"@id":"https:\/\/www.alldayled.com\/de\/produkt\/strands-for9t-no-glare-werklamp-78w\/#primaryimage"},"image":{"@id":"https:\/\/www.alldayled.com\/de\/produkt\/strands-for9t-no-glare-werklamp-78w\/#primaryimage"},"thumbnailUrl":"https:\/\/www.alldayled.com\/wp-content\/uploads\/2024\/09\/ADL809260.png","datePublished":"2024-10-12T12:30:15+00:00","dateModified":"2026-03-18T16:14:04+00:00","description":"Strands FOR9T No-Glare 78W LED Arbeitsscheinwerfer - mit oranje und roter Positionsleuchte - super schlankes Design - 7200 Lumen - mit DT-4 Stecker - 1 Lux @ 65 Meter","breadcrumb":{"@id":"https:\/\/www.alldayled.com\/de\/produkt\/strands-for9t-no-glare-werklamp-78w\/#breadcrumb"},"inLanguage":"de","potentialAction":[{"@type":"ReadAction","target":["https:\/\/www.alldayled.com\/de\/produkt\/strands-for9t-no-glare-werklamp-78w\/"]}]},{"@type":"ImageObject","inLanguage":"de","@id":"https:\/\/www.alldayled.com\/de\/produkt\/strands-for9t-no-glare-werklamp-78w\/#primaryimage","url":"https:\/\/www.alldayled.com\/wp-content\/uploads\/2024\/09\/ADL809260.png","contentUrl":"https:\/\/www.alldayled.com\/wp-content\/uploads\/2024\/09\/ADL809260.png","width":800,"height":600,"caption":"Strands FOR9T No-Glare LED Arbeitsscheinwerfer 78W - LED Arbeitsscheinwerfer mit Standlicht in den Farben ROT und ORANJE - geeignet f\u00fcr 12 und 24 Volt Betrieb - Lichtstrom 3220 Lumen - f\u00fcr Auto, LKW, Camper, Anh\u00e4nger und mehr - Strands 809260 - EAN: 7350133816911"},{"@type":"BreadcrumbList","@id":"https:\/\/www.alldayled.com\/de\/produkt\/strands-for9t-no-glare-werklamp-78w\/#breadcrumb","itemListElement":[{"@type":"ListItem","position":1,"name":"Home","item":"https:\/\/www.alldayled.com\/de\/"},{"@type":"ListItem","position":2,"name":"Shop","item":"https:\/\/www.alldayled.com\/de\/shop\/"},{"@type":"ListItem","position":3,"name":"Arbeitsscheinwerfer","item":"https:\/\/www.alldayled.com\/de\/produkt-kategorie\/arbeitsscheinwerfer\/"},{"@type":"ListItem","position":4,"name":"Arbeitsscheinwerfer Quadratisch","item":"https:\/\/www.alldayled.com\/de\/produkt-kategorie\/arbeitsscheinwerfer\/werklamp-vierkant\/"},{"@type":"ListItem","position":5,"name":"Strands FOR9T No-Glare 78w"}]},{"@type":"WebSite","@id":"https:\/\/www.alldayled.com\/de\/#website","url":"https:\/\/www.alldayled.com\/de\/","name":"All Day Led","description":"Verlichting voor 12&amp;24 volt gebruik","publisher":{"@id":"https:\/\/www.alldayled.com\/de\/#organization"},"potentialAction":[{"@type":"SearchAction","target":{"@type":"EntryPoint","urlTemplate":"https:\/\/www.alldayled.com\/de\/?s={search_term_string}"},"query-input":{"@type":"PropertyValueSpecification","valueRequired":true,"valueName":"search_term_string"}}],"inLanguage":"de"},{"@type":"Organization","@id":"https:\/\/www.alldayled.com\/de\/#organization","name":"All Day Led","url":"https:\/\/www.alldayled.com\/de\/","logo":{"@type":"ImageObject","inLanguage":"de","@id":"https:\/\/www.alldayled.com\/de\/#\/schema\/logo\/image\/","url":"https:\/\/www.alldayled.com\/wp-content\/uploads\/2025\/10\/Logo-ALL-DAY-LED-800x800-zwart-witte-letters.png","contentUrl":"https:\/\/www.alldayled.com\/wp-content\/uploads\/2025\/10\/Logo-ALL-DAY-LED-800x800-zwart-witte-letters.png","width":800,"height":800,"caption":"All Day Led"},"image":{"@id":"https:\/\/www.alldayled.com\/de\/#\/schema\/logo\/image\/"},"sameAs":["https:\/\/www.facebook.com\/alldayled\/","https:\/\/www.instagram.com\/alldayled\/"],"vatID":"NL863960133B01","taxID":"86416545"}]},"product_brand":"Strands","product_price_amount":"119.00","product_price_currency":"EUR","og_availability":"instock","product_availability":"instock","product_retailer_item_id":"ADL809260","product_condition":"new"},"_links":{"self":[{"href":"https:\/\/www.alldayled.com\/de\/wp-json\/wp\/v2\/product\/67744","targetHints":{"allow":["GET"]}}],"collection":[{"href":"https:\/\/www.alldayled.com\/de\/wp-json\/wp\/v2\/product"}],"about":[{"href":"https:\/\/www.alldayled.com\/de\/wp-json\/wp\/v2\/types\/product"}],"replies":[{"embeddable":true,"href":"https:\/\/www.alldayled.com\/de\/wp-json\/wp\/v2\/comments?post=67744"}],"wp:featuredmedia":[{"embeddable":true,"href":"https:\/\/www.alldayled.com\/de\/wp-json\/wp\/v2\/media\/31182"}],"wp:attachment":[{"href":"https:\/\/www.alldayled.com\/de\/wp-json\/wp\/v2\/media?parent=67744"}],"wp:term":[{"taxonomy":"product_brand","embeddable":true,"href":"https:\/\/www.alldayled.com\/de\/wp-json\/wp\/v2\/product_brand?post=67744"},{"taxonomy":"product_cat","embeddable":true,"href":"https:\/\/www.alldayled.com\/de\/wp-json\/wp\/v2\/product_cat?post=67744"},{"taxonomy":"product_tag","embeddable":true,"href":"https:\/\/www.alldayled.com\/de\/wp-json\/wp\/v2\/product_tag?post=67744"}],"curies":[{"name":"wp","href":"https:\/\/api.w.org\/{rel}","templated":true}]}}