{"id":67746,"date":"2024-12-30T15:42:58","date_gmt":"2024-12-30T14:42:58","guid":{"rendered":"https:\/\/www.alldayled.com\/product\/strands-unity-ultra-flat-duo\/"},"modified":"2026-01-15T18:44:11","modified_gmt":"2026-01-15T17:44:11","slug":"strands-unity-ultra-flat-duo","status":"publish","type":"product","link":"https:\/\/www.alldayled.com\/de\/produkt\/strands-unity-ultra-flat-duo\/","title":{"rendered":"Strands Unity Ultra Flat DUO"},"content":{"rendered":"<p><span style=\"color: #000000;\"><strong>Strands Unity Ultra Flat DUO mit Blitz, f\u00fcr 12 und 24 Volt.<\/strong><\/span><\/p>\n<p><span style=\"color: #000000;\">Sind Sie auf der Suche nach einem kompakten R\u00fcckfahrlicht der Marke Strands, das aber auch einen Blitz haben soll? Dann ist die Strands Unity Ultra Flat DUO vielleicht das Modell, das Sie suchen. Der kleine LED Arbeitsscheinwerfer ist mit diversen kleinen LED Punkten versehen und hat eine theoretische Lichtleistung von 1100 Lumen. Dieser kleine LED Arbeitsscheinwerfer ist ein ECE R23-gepr\u00fcfter Arbeitsscheinwerfer mit ECE R65-gepr\u00fcftem Blitz und funktioniert mit 12 und 24 Volt. Das bedeutet, dass Sie den flachen LED Arbeitsscheinwerfer beispielsweise f\u00fcr Ihr Auto, Ihren LKW, Ihren Traktor, Ihren Anh\u00e4nger oder ein anderes Fahrzeug verwenden k\u00f6nnen.    <\/span><\/p>\n<p><span style=\"color: #000000;\">Da Sie vor dem Kauf sicher sein wollen, dass das kleine LED R\u00fcckfahrlicht von Strands die Lampe ist, die Sie suchen, haben wir hier einige Eigenschaften der Lampe aufgeschrieben. Die Strands Unity Ultra Flat DUO ist beispielsweise mit den Pr\u00fcfzeichen ECE R10, ECE R23 und ECE R65 versehen. Die Pr\u00fcfzeichen geben an, dass die Lampe bei korrekter Installation w\u00e4hrend der Aktivierung keine St\u00f6rungen verursacht, beispielsweise auf Ihrem Funksignal. Au\u00dferdem ist die Lampe als R\u00fcckfahrlicht, aber auch als Warnleuchte zugelassen. Die kleine Lampe ist au\u00dferdem mit dem IP68- und IP69K-Pr\u00fcfzeichen versehen. Diese Pr\u00fcfzeichen geben an, dass der LED Arbeitsscheinwerfer vollst\u00e4ndig staub- und wasserdicht ist.       <\/span><\/p>\n<h5><span style=\"color: #000000;\"><strong>Abmessungen:<\/strong><\/span><\/h5>\n<p><span style=\"color: #000000;\">Da Sie vor dem Kauf auch sicher sein wollen, dass die LED Lampe dort passt, wo Sie sie montieren m\u00f6chten, wollen Sie nat\u00fcrlich die Abmessungen des R\u00fcckfahrlichts mit Blitz wissen. Die Abmessungen der Strands Unity Ultra Flat DUO sind wie folgt:  <\/span><\/p>\n<ul>\n<li><span style=\"color: #000000;\">H\u00f6he: 15 mm (22,4 mm inkl. Halterung)<\/span><\/li>\n<li><span style=\"color: #000000;\">Breite: 90 mm<\/span><\/li>\n<li><span style=\"color: #000000;\">Tiefe: 40,1 mm<\/span><\/li>\n<\/ul>\n<h5><span style=\"color: #000000;\"><strong>Andere Versionen:<\/strong><\/span><\/h5>\n<p><span style=\"color: #000000;\">M\u00f6chten Sie zwar einen Mini-LED Arbeitsscheinwerfer der Marke Strands montieren, aber die Unity Ultra Flat DUO ist nicht die Ausf\u00fchrung, die Sie suchen? Dann wissen Sie, dass Strands diesen LED Arbeitsscheinwerfer auch in verschiedenen anderen Lichtst\u00e4rken anbietet. Sehen Sie sich hier die verschiedenen M\u00f6glichkeiten an, die wir in unser Sortiment aufgenommen haben.   <\/span><\/p>\n<ul>\n<li><span style=\"color: #000000;\"><strong><a style=\"color: #000000;\" href=\"https:\/\/www.alldayled.com\/de\/produkt\/strands-unity-ultra-flat-werklamp\/\">Strands Unity UF Arbeitsscheinwerfer<\/a> <\/strong><\/span><\/li>\n<li><span style=\"color: #000000;\"><a style=\"color: #000000;\" href=\"https:\/\/www.alldayled.com\/de\/produkt\/strands-unity-scene-light\/\"><strong>Strands Unity SL Lampe<\/strong><\/a><\/span><\/li>\n<\/ul>\n<p><span style=\"color: #000000;\">Sind Sie nach dem Lesen aller Spezifikationen und dem Betrachten der Fotos noch nicht \u00fcberzeugt? Einfach, weil die Form, die Lichtleistung oder die Farbe der Strands Unity Ultra Flat Lampe nicht Ihren W\u00fcnschen entspricht? Dann sehen Sie sich hier das komplette Angebot von <g id=\"gid_0\">Strands<\/g> an. Vielleicht finden Sie hier das Lampenmodell, das Sie suchen.   <\/span><\/p>\n","protected":false},"excerpt":{"rendered":"<p>Ultra kleiner LED Arbeitsscheinwerfer mit einer gigantischen Menge an Licht und Blitz!<\/p>\n","protected":false},"featured_media":32592,"comment_status":"open","ping_status":"closed","template":"","meta":{"_acf_changed":false},"product_brand":[5114],"product_cat":[5340],"product_tag":[9060,9062,9059,9058,9063,9057,9066,9064,9065,9080,9061],"class_list":{"0":"post-67746","1":"product","2":"type-product","3":"status-publish","4":"has-post-thumbnail","6":"product_brand-product-strands-lighting-division","7":"product_cat-werklamp-overig","8":"product_tag-arbeitsleuchte-kafiganhanger","9":"product_tag-arbeitsscheinwerfer-anhanger","10":"product_tag-arbeitsscheinwerfer-gabelstapler","12":"product_tag-arbeitstransporter","13":"product_tag-led-arbeitsleuchte","14":"product_tag-strands-led-arbeitsleuchte","15":"product_tag-strands-led-beleuchtung","16":"product_tag-strands-lighting-division","17":"product_tag-strands-siberia-scheinwerfer","18":"product_tag-traktor-arbeitsleuchte","20":"first","21":"instock","22":"taxable","23":"shipping-taxable","24":"purchasable","25":"product-type-simple"},"acf":[],"yoast_head":"<!-- This site is optimized with the Yoast SEO Premium plugin v26.5 (Yoast SEO v27.1.1) - https:\/\/yoast.com\/product\/yoast-seo-premium-wordpress\/ -->\n<title>Strands Unity Ultra Flat DUO - All Day Led - Mini-Lampe von Strands<\/title>\n<meta name=\"description\" content=\"Strands Unity Ultra Flat DUO - kompaktes R\u00fcckfahrlicht mit LED Blitz - ECE R23 und ECE R65-Pr\u00fcfzeichen - 1 Lux @ 24 Meter - IP68 und IP69K wasserdicht\" \/>\n<meta name=\"robots\" content=\"index, follow, max-snippet:-1, max-image-preview:large, max-video-preview:-1\" \/>\n<link rel=\"canonical\" href=\"https:\/\/www.alldayled.com\/de\/produkt\/strands-unity-ultra-flat-duo\/\" \/>\n<meta property=\"og:locale\" content=\"de_DE\" \/>\n<meta property=\"og:type\" content=\"article\" \/>\n<meta property=\"og:title\" content=\"Strands Unity Ultra Flat DUO - All Day Led - Mini-Lampe von Strands\" \/>\n<meta property=\"og:description\" content=\"Strands Unity Ultra Flat DUO - kompaktes R\u00fcckfahrlicht mit LED Blitz - ECE R23 und ECE R65-Pr\u00fcfzeichen - 1 Lux @ 24 Meter - IP68 und IP69K wasserdicht\" \/>\n<meta property=\"og:url\" content=\"https:\/\/www.alldayled.com\/de\/produkt\/strands-unity-ultra-flat-duo\/\" \/>\n<meta property=\"og:site_name\" content=\"All Day Led\" \/>\n<meta property=\"article:publisher\" content=\"https:\/\/www.facebook.com\/alldayled\/\" \/>\n<meta property=\"article:modified_time\" content=\"2026-01-15T17:44:11+00:00\" \/>\n<meta property=\"og:image\" content=\"https:\/\/www.alldayled.com\/wp-content\/uploads\/2025\/02\/ADL800552.01-1-300x300.png\" \/>\n<meta name=\"twitter:label1\" content=\"Preis\" \/>\n\t<meta name=\"twitter:data1\" content=\"&euro;&nbsp;59,00\" \/>\n\t<meta name=\"twitter:label2\" content=\"Verf\u00fcgbarkeit\" \/>\n\t<meta name=\"twitter:data2\" content=\"Auf Lager\" \/>\n<script type=\"application\/ld+json\" class=\"yoast-schema-graph\">{\"@context\":\"https:\/\/schema.org\",\"@graph\":[{\"@type\":\"WebPage\",\"@id\":\"https:\/\/www.alldayled.com\/de\/produkt\/strands-unity-ultra-flat-duo\/\",\"url\":\"https:\/\/www.alldayled.com\/de\/produkt\/strands-unity-ultra-flat-duo\/\",\"name\":\"Strands Unity Ultra Flat DUO - All Day Led - Mini-Lampe von Strands\",\"isPartOf\":{\"@id\":\"https:\/\/www.alldayled.com\/de\/#website\"},\"primaryImageOfPage\":{\"@id\":\"https:\/\/www.alldayled.com\/de\/produkt\/strands-unity-ultra-flat-duo\/#primaryimage\"},\"image\":{\"@id\":\"https:\/\/www.alldayled.com\/de\/produkt\/strands-unity-ultra-flat-duo\/#primaryimage\"},\"thumbnailUrl\":\"https:\/\/www.alldayled.com\/wp-content\/uploads\/2024\/12\/ADL800551.png\",\"datePublished\":\"2024-12-30T14:42:58+00:00\",\"dateModified\":\"2026-01-15T17:44:11+00:00\",\"description\":\"Strands Unity Ultra Flat DUO - kompaktes R\u00fcckfahrlicht mit LED Blitz - ECE R23 und ECE R65-Pr\u00fcfzeichen - 1 Lux @ 24 Meter - IP68 und IP69K wasserdicht\",\"breadcrumb\":{\"@id\":\"https:\/\/www.alldayled.com\/de\/produkt\/strands-unity-ultra-flat-duo\/#breadcrumb\"},\"inLanguage\":\"de\",\"potentialAction\":[{\"@type\":\"ReadAction\",\"target\":[\"https:\/\/www.alldayled.com\/de\/produkt\/strands-unity-ultra-flat-duo\/\"]}]},{\"@type\":\"ImageObject\",\"inLanguage\":\"de\",\"@id\":\"https:\/\/www.alldayled.com\/de\/produkt\/strands-unity-ultra-flat-duo\/#primaryimage\",\"url\":\"https:\/\/www.alldayled.com\/wp-content\/uploads\/2024\/12\/ADL800551.png\",\"contentUrl\":\"https:\/\/www.alldayled.com\/wp-content\/uploads\/2024\/12\/ADL800551.png\",\"width\":800,\"height\":600,\"caption\":\"Strands Unity Ultra Flat DUO - LED Arbeitsscheinwerfer mit LED Blitz, der f\u00fcr 12 und \/ oder 24 Volt geeignet ist - Strands 800551 - UNITY ULTRA FLAT DUO - EAN: 7350133816959\"},{\"@type\":\"BreadcrumbList\",\"@id\":\"https:\/\/www.alldayled.com\/de\/produkt\/strands-unity-ultra-flat-duo\/#breadcrumb\",\"itemListElement\":[{\"@type\":\"ListItem\",\"position\":1,\"name\":\"Home\",\"item\":\"https:\/\/www.alldayled.com\/de\/\"},{\"@type\":\"ListItem\",\"position\":2,\"name\":\"Shop\",\"item\":\"https:\/\/www.alldayled.com\/de\/shop\/\"},{\"@type\":\"ListItem\",\"position\":3,\"name\":\"Arbeitsscheinwerfer\",\"item\":\"https:\/\/www.alldayled.com\/de\/produkt-kategorie\/arbeitsscheinwerfer\/\"},{\"@type\":\"ListItem\",\"position\":4,\"name\":\"Arbeitsscheinwerfer sonstig\",\"item\":\"https:\/\/www.alldayled.com\/de\/produkt-kategorie\/arbeitsscheinwerfer\/werklamp-overig\/\"},{\"@type\":\"ListItem\",\"position\":5,\"name\":\"Strands Unity Ultra Flat DUO\"}]},{\"@type\":\"WebSite\",\"@id\":\"https:\/\/www.alldayled.com\/de\/#website\",\"url\":\"https:\/\/www.alldayled.com\/de\/\",\"name\":\"All Day Led\",\"description\":\"Verlichting voor 12&amp;24 volt gebruik\",\"publisher\":{\"@id\":\"https:\/\/www.alldayled.com\/de\/#organization\"},\"potentialAction\":[{\"@type\":\"SearchAction\",\"target\":{\"@type\":\"EntryPoint\",\"urlTemplate\":\"https:\/\/www.alldayled.com\/de\/?s={search_term_string}\"},\"query-input\":{\"@type\":\"PropertyValueSpecification\",\"valueRequired\":true,\"valueName\":\"search_term_string\"}}],\"inLanguage\":\"de\"},{\"@type\":\"Organization\",\"@id\":\"https:\/\/www.alldayled.com\/de\/#organization\",\"name\":\"All Day Led\",\"url\":\"https:\/\/www.alldayled.com\/de\/\",\"logo\":{\"@type\":\"ImageObject\",\"inLanguage\":\"de\",\"@id\":\"https:\/\/www.alldayled.com\/de\/#\/schema\/logo\/image\/\",\"url\":\"https:\/\/www.alldayled.com\/wp-content\/uploads\/2025\/10\/Logo-ALL-DAY-LED-800x800-zwart-witte-letters.png\",\"contentUrl\":\"https:\/\/www.alldayled.com\/wp-content\/uploads\/2025\/10\/Logo-ALL-DAY-LED-800x800-zwart-witte-letters.png\",\"width\":800,\"height\":800,\"caption\":\"All Day Led\"},\"image\":{\"@id\":\"https:\/\/www.alldayled.com\/de\/#\/schema\/logo\/image\/\"},\"sameAs\":[\"https:\/\/www.facebook.com\/alldayled\/\",\"https:\/\/www.instagram.com\/alldayled\/\"],\"vatID\":\"NL863960133B01\",\"taxID\":\"86416545\"}]}<\/script>\n<meta property=\"product:brand\" content=\"Strands\" \/>\n<meta property=\"product:price:amount\" content=\"59.00\" \/>\n<meta property=\"product:price:currency\" content=\"EUR\" \/>\n<meta property=\"og:availability\" content=\"instock\" \/>\n<meta property=\"product:availability\" content=\"instock\" \/>\n<meta property=\"product:retailer_item_id\" content=\"ADL800551\" \/>\n<meta property=\"product:condition\" content=\"new\" \/>\n<!-- \/ Yoast SEO Premium plugin. -->","yoast_head_json":{"title":"Strands Unity Ultra Flat DUO - All Day Led - Mini-Lampe von Strands","description":"Strands Unity Ultra Flat DUO - kompaktes R\u00fcckfahrlicht mit LED Blitz - ECE R23 und ECE R65-Pr\u00fcfzeichen - 1 Lux @ 24 Meter - IP68 und IP69K wasserdicht","robots":{"index":"index","follow":"follow","max-snippet":"max-snippet:-1","max-image-preview":"max-image-preview:large","max-video-preview":"max-video-preview:-1"},"canonical":"https:\/\/www.alldayled.com\/de\/produkt\/strands-unity-ultra-flat-duo\/","og_locale":"de_DE","og_type":"article","og_title":"Strands Unity Ultra Flat DUO - All Day Led - Mini-Lampe von Strands","og_description":"Strands Unity Ultra Flat DUO - kompaktes R\u00fcckfahrlicht mit LED Blitz - ECE R23 und ECE R65-Pr\u00fcfzeichen - 1 Lux @ 24 Meter - IP68 und IP69K wasserdicht","og_url":"https:\/\/www.alldayled.com\/de\/produkt\/strands-unity-ultra-flat-duo\/","og_site_name":"All Day Led","article_publisher":"https:\/\/www.facebook.com\/alldayled\/","article_modified_time":"2026-01-15T17:44:11+00:00","og_image":[{"url":"https:\/\/www.alldayled.com\/wp-content\/uploads\/2025\/02\/ADL800552.01-1-300x300.png","type":"","width":"","height":""}],"twitter_misc":{"Preis":"&euro;&nbsp;59,00","Verf\u00fcgbarkeit":"Auf Lager"},"schema":{"@context":"https:\/\/schema.org","@graph":[{"@type":"WebPage","@id":"https:\/\/www.alldayled.com\/de\/produkt\/strands-unity-ultra-flat-duo\/","url":"https:\/\/www.alldayled.com\/de\/produkt\/strands-unity-ultra-flat-duo\/","name":"Strands Unity Ultra Flat DUO - All Day Led - Mini-Lampe von Strands","isPartOf":{"@id":"https:\/\/www.alldayled.com\/de\/#website"},"primaryImageOfPage":{"@id":"https:\/\/www.alldayled.com\/de\/produkt\/strands-unity-ultra-flat-duo\/#primaryimage"},"image":{"@id":"https:\/\/www.alldayled.com\/de\/produkt\/strands-unity-ultra-flat-duo\/#primaryimage"},"thumbnailUrl":"https:\/\/www.alldayled.com\/wp-content\/uploads\/2024\/12\/ADL800551.png","datePublished":"2024-12-30T14:42:58+00:00","dateModified":"2026-01-15T17:44:11+00:00","description":"Strands Unity Ultra Flat DUO - kompaktes R\u00fcckfahrlicht mit LED Blitz - ECE R23 und ECE R65-Pr\u00fcfzeichen - 1 Lux @ 24 Meter - IP68 und IP69K wasserdicht","breadcrumb":{"@id":"https:\/\/www.alldayled.com\/de\/produkt\/strands-unity-ultra-flat-duo\/#breadcrumb"},"inLanguage":"de","potentialAction":[{"@type":"ReadAction","target":["https:\/\/www.alldayled.com\/de\/produkt\/strands-unity-ultra-flat-duo\/"]}]},{"@type":"ImageObject","inLanguage":"de","@id":"https:\/\/www.alldayled.com\/de\/produkt\/strands-unity-ultra-flat-duo\/#primaryimage","url":"https:\/\/www.alldayled.com\/wp-content\/uploads\/2024\/12\/ADL800551.png","contentUrl":"https:\/\/www.alldayled.com\/wp-content\/uploads\/2024\/12\/ADL800551.png","width":800,"height":600,"caption":"Strands Unity Ultra Flat DUO - LED Arbeitsscheinwerfer mit LED Blitz, der f\u00fcr 12 und \/ oder 24 Volt geeignet ist - Strands 800551 - UNITY ULTRA FLAT DUO - EAN: 7350133816959"},{"@type":"BreadcrumbList","@id":"https:\/\/www.alldayled.com\/de\/produkt\/strands-unity-ultra-flat-duo\/#breadcrumb","itemListElement":[{"@type":"ListItem","position":1,"name":"Home","item":"https:\/\/www.alldayled.com\/de\/"},{"@type":"ListItem","position":2,"name":"Shop","item":"https:\/\/www.alldayled.com\/de\/shop\/"},{"@type":"ListItem","position":3,"name":"Arbeitsscheinwerfer","item":"https:\/\/www.alldayled.com\/de\/produkt-kategorie\/arbeitsscheinwerfer\/"},{"@type":"ListItem","position":4,"name":"Arbeitsscheinwerfer sonstig","item":"https:\/\/www.alldayled.com\/de\/produkt-kategorie\/arbeitsscheinwerfer\/werklamp-overig\/"},{"@type":"ListItem","position":5,"name":"Strands Unity Ultra Flat DUO"}]},{"@type":"WebSite","@id":"https:\/\/www.alldayled.com\/de\/#website","url":"https:\/\/www.alldayled.com\/de\/","name":"All Day Led","description":"Verlichting voor 12&amp;24 volt gebruik","publisher":{"@id":"https:\/\/www.alldayled.com\/de\/#organization"},"potentialAction":[{"@type":"SearchAction","target":{"@type":"EntryPoint","urlTemplate":"https:\/\/www.alldayled.com\/de\/?s={search_term_string}"},"query-input":{"@type":"PropertyValueSpecification","valueRequired":true,"valueName":"search_term_string"}}],"inLanguage":"de"},{"@type":"Organization","@id":"https:\/\/www.alldayled.com\/de\/#organization","name":"All Day Led","url":"https:\/\/www.alldayled.com\/de\/","logo":{"@type":"ImageObject","inLanguage":"de","@id":"https:\/\/www.alldayled.com\/de\/#\/schema\/logo\/image\/","url":"https:\/\/www.alldayled.com\/wp-content\/uploads\/2025\/10\/Logo-ALL-DAY-LED-800x800-zwart-witte-letters.png","contentUrl":"https:\/\/www.alldayled.com\/wp-content\/uploads\/2025\/10\/Logo-ALL-DAY-LED-800x800-zwart-witte-letters.png","width":800,"height":800,"caption":"All Day Led"},"image":{"@id":"https:\/\/www.alldayled.com\/de\/#\/schema\/logo\/image\/"},"sameAs":["https:\/\/www.facebook.com\/alldayled\/","https:\/\/www.instagram.com\/alldayled\/"],"vatID":"NL863960133B01","taxID":"86416545"}]},"product_brand":"Strands","product_price_amount":"59.00","product_price_currency":"EUR","og_availability":"instock","product_availability":"instock","product_retailer_item_id":"ADL800551","product_condition":"new"},"_links":{"self":[{"href":"https:\/\/www.alldayled.com\/de\/wp-json\/wp\/v2\/product\/67746","targetHints":{"allow":["GET"]}}],"collection":[{"href":"https:\/\/www.alldayled.com\/de\/wp-json\/wp\/v2\/product"}],"about":[{"href":"https:\/\/www.alldayled.com\/de\/wp-json\/wp\/v2\/types\/product"}],"replies":[{"embeddable":true,"href":"https:\/\/www.alldayled.com\/de\/wp-json\/wp\/v2\/comments?post=67746"}],"wp:featuredmedia":[{"embeddable":true,"href":"https:\/\/www.alldayled.com\/de\/wp-json\/wp\/v2\/media\/32592"}],"wp:attachment":[{"href":"https:\/\/www.alldayled.com\/de\/wp-json\/wp\/v2\/media?parent=67746"}],"wp:term":[{"taxonomy":"product_brand","embeddable":true,"href":"https:\/\/www.alldayled.com\/de\/wp-json\/wp\/v2\/product_brand?post=67746"},{"taxonomy":"product_cat","embeddable":true,"href":"https:\/\/www.alldayled.com\/de\/wp-json\/wp\/v2\/product_cat?post=67746"},{"taxonomy":"product_tag","embeddable":true,"href":"https:\/\/www.alldayled.com\/de\/wp-json\/wp\/v2\/product_tag?post=67746"}],"curies":[{"name":"wp","href":"https:\/\/api.w.org\/{rel}","templated":true}]}}