{"id":67747,"date":"2024-07-19T04:15:59","date_gmt":"2024-07-19T02:15:59","guid":{"rendered":"https:\/\/www.alldayled.com\/product\/strands-firefly-best-view-led-lamp\/"},"modified":"2026-04-26T13:01:14","modified_gmt":"2026-04-26T11:01:14","slug":"strands-firefly-best-view-led-lamp","status":"publish","type":"product","link":"https:\/\/www.alldayled.com\/de\/produkt\/strands-firefly-best-view-led-lamp\/","title":{"rendered":"Strands Firefly Best View LED Lampe"},"content":{"rendered":"<p><span style=\"color: #000000;\"><strong>Strands Firefly Best View LED Lampe 30W, f\u00fcr 12 und 24 volt. <\/strong><\/span><\/p>\n<p>M\u00f6chten Sie Ihr Auto, Ihren LKW, Ihr Nutzfahrzeug, Ihren Anh\u00e4nger oder ein anderes Fahrzeug mit einem neuen LED Arbeitsscheinwerfer ausstatten, wissen aber nicht genau, was Sie suchen? Dann ist der Firefly Best View LED Arbeitsscheinwerfer 30W vielleicht die Lampe f\u00fcr Sie. Dieser flache LED Arbeitsscheinwerfer hat 8 LED-Punkte und einen theoretischen Lichtstrom von 2400 Lumen. Die Lampe arbeitet mit 12 und 24 volt und wird mit einem DT2-Anschlusskabel geliefert, sodass Sie sie einfach installieren k\u00f6nnen.   <\/p>\n<p>Um sicherzustellen, dass die Firefly Best View LED Lampe f\u00fcr Ihr Fahrzeug geeignet ist, haben wir im Folgenden einige wichtige Spezifikationen aufgelistet. Die Lampe ist mit dem ECE R10-Pr\u00fcfzeichen versehen, was bedeutet, dass sie beispielsweise Ihr Funksignal nicht st\u00f6rt. Au\u00dferdem hat sie das IP69K-Pr\u00fcfzeichen, wodurch sie vollst\u00e4ndig staub- und wasserdicht ist. So k\u00f6nnen Sie sicher sein, dass Sie einen langlebigen, zuverl\u00e4ssigen LED Arbeitsscheinwerfer erhalten, der Ihnen immer gute Sicht bietet.   <\/p>\n<h5><span style=\"color: #000000;\"><strong>Abmessungen:<\/strong><\/span><\/h5>\n<p><span style=\"color: #000000;\">Um sicherzustellen, dass Sie die Strands Firefly Best View LED Lampe dort montieren k\u00f6nnen, wo Sie m\u00f6chten, haben wir im Folgenden die Abmessungen notiert. Die Abmessungen des Firefly LED Arbeitsscheinwerfers der Marke Strands sind wie folgt: <\/span><\/p>\n<ul>\n<li><span style=\"color: #000000;\">H\u00f6he: 25 mm (35 mm inkl. Befestigung)<\/span><\/li>\n<li><span style=\"color: #000000;\">Breite: 150 mm<\/span><\/li>\n<li><span style=\"color: #000000;\">Dicke: 41 mm<\/span><\/li>\n<\/ul>\n<h5><span style=\"color: #000000;\"><strong>Andere Versionen:<\/strong><\/span><\/h5>\n<p><span style=\"color: #000000;\">Suchen Sie eine LED Lampe aus der Strands Firefly-Linie? Aber ist die Firefly Best View LED Lampe nicht die Lampe, die Sie suchen? Dann wissen Sie, dass die Firefly-Linie der Marke Strands auch verschiedene andere Lampentypen kennt. Nachfolgend finden Sie eine Auflistung der \u00fcbrigen Modelle, die Strands anbietet.   <\/span><\/p>\n<ul>\n<li><span style=\"color: #000000;\"><a style=\"color: #000000;\" href=\"https:\/\/www.alldayled.com\/de\/produkt\/strands-firefly-verstraler-9inch-zwart\/\"><strong>Firefly Scheinwerfer 9&#8220; schwarz<\/strong><\/a><\/span><\/li>\n<li><span style=\"color: #000000;\"><a style=\"color: #000000;\" href=\"https:\/\/www.alldayled.com\/de\/produkt\/strands-firefly-verstraler-9inch-wit\/\"><strong>Firefly Scheinwerfer 9&#8220; wei\u00df<\/strong><\/a><\/span><\/li>\n<li><span style=\"color: #000000;\"><a style=\"color: #000000;\" href=\"https:\/\/www.alldayled.com\/de\/produkt\/strands-firefly-one-verstraler\/\"><strong>Firefly Scheinwerfer oval<\/strong><\/a><\/span><\/li>\n<li><span style=\"color: #000000;\"><strong><a style=\"color: #000000;\" href=\"https:\/\/www.alldayled.com\/de\/produkt\/strands-firefly-led-bar-20-inch\/\">Firefly LED bar 20&#8220;<\/a><\/strong><\/span><\/li>\n<li><span style=\"color: #000000;\"><a style=\"color: #000000;\" href=\"https:\/\/www.alldayled.com\/de\/produkt\/strands-firefly-led-bar-10-inch\/\"><strong>Firefly LED bar 10&#8220;<\/strong><\/a><\/span><\/li>\n<\/ul>\n<p><span style=\"color: #000000;\">Sind Sie immer noch nicht davon \u00fcberzeugt, dass die Strands Firefly Best View LED Lampe das ist, wonach Sie suchen? Einfach, weil die Lichtleistung, die Wattleistung oder die Form nicht Ihren W\u00fcnschen entsprechen? Dann sehen Sie sich hier das komplette Angebot von <a style=\"color: #000000;\" href=\"https:\/\/www.alldayled.com\/de\/marke\/product-strands-lighting-division\/\" target=\"_blank\" rel=\"noopener\">Strands<\/a> an. Vielleicht finden Sie hier die Lampe oder das Zubeh\u00f6r, das Sie suchen.  <\/span><\/p>\n","protected":false},"excerpt":{"rendered":"<p>Kompakter LED Arbeitsscheinwerfer mit 8 LED-Punkten und 2400 Lumen, f\u00fcr 12 und 24 volt.<\/p>\n","protected":false},"featured_media":30159,"comment_status":"open","ping_status":"closed","template":"","meta":{"_acf_changed":false},"product_brand":[5114],"product_cat":[5340],"product_tag":[9161,9162,9163,9164,9075,9079,9077,9078,9076,9057,9066,9064,9065],"class_list":{"0":"post-67747","1":"product","2":"type-product","3":"status-publish","4":"has-post-thumbnail","6":"product_brand-product-strands-lighting-division","7":"product_cat-werklamp-overig","8":"product_tag-led-bar","9":"product_tag-led-bar-auto","10":"product_tag-led-bar-lkw","11":"product_tag-led-scheinwerfer","12":"product_tag-led-scheinwerfer-auto","13":"product_tag-led-scheinwerfer-lkw","14":"product_tag-led-scheinwerfer-tonabnehmer","15":"product_tag-led-scheinwerfer-traktor","16":"product_tag-led-scheinwerfer-wohnmobil","17":"product_tag-led-arbeitsleuchte","18":"product_tag-strands-led-arbeitsleuchte","19":"product_tag-strands-led-beleuchtung","20":"product_tag-strands-lighting-division","22":"first","23":"instock","24":"taxable","25":"shipping-taxable","26":"purchasable","27":"product-type-simple"},"acf":[],"yoast_head":"<!-- This site is optimized with the Yoast SEO Premium plugin v26.5 (Yoast SEO v27.1.1) - https:\/\/yoast.com\/product\/yoast-seo-premium-wordpress\/ -->\n<title>Strands Firefly Best View LED Lampe - All Day Led - geeignet f\u00fcr 12&amp;24 volt<\/title>\n<meta name=\"description\" content=\"Strands Firefly Best View LED Lampe - STRANDS - f\u00fcr 12&amp;24 volt - Auto, LKW und mehr - mit DT2 Stecker - 2400 Lumen - 1 LUX @50m\" \/>\n<meta name=\"robots\" content=\"index, follow, max-snippet:-1, max-image-preview:large, max-video-preview:-1\" \/>\n<link rel=\"canonical\" href=\"https:\/\/www.alldayled.com\/de\/produkt\/strands-firefly-best-view-led-lamp\/\" \/>\n<meta property=\"og:locale\" content=\"de_DE\" \/>\n<meta property=\"og:type\" content=\"article\" \/>\n<meta property=\"og:title\" content=\"Strands Firefly Best View LED Lampe - All Day Led - geeignet f\u00fcr 12&amp;24 volt\" \/>\n<meta property=\"og:description\" content=\"Strands Firefly Best View LED Lampe - STRANDS - f\u00fcr 12&amp;24 volt - Auto, LKW und mehr - mit DT2 Stecker - 2400 Lumen - 1 LUX @50m\" \/>\n<meta property=\"og:url\" content=\"https:\/\/www.alldayled.com\/de\/produkt\/strands-firefly-best-view-led-lamp\/\" \/>\n<meta property=\"og:site_name\" content=\"All Day Led\" \/>\n<meta property=\"article:publisher\" content=\"https:\/\/www.facebook.com\/alldayled\/\" \/>\n<meta property=\"article:modified_time\" content=\"2026-04-26T11:01:14+00:00\" \/>\n<meta property=\"og:image\" content=\"https:\/\/www.alldayled.com\/wp-content\/uploads\/2024\/07\/809271-300x300.png\" \/>\n<meta name=\"twitter:label1\" content=\"Preis\" \/>\n\t<meta name=\"twitter:data1\" content=\"&euro;&nbsp;69,00\" \/>\n\t<meta name=\"twitter:label2\" content=\"Verf\u00fcgbarkeit\" \/>\n\t<meta name=\"twitter:data2\" content=\"Auf Lager\" \/>\n<script type=\"application\/ld+json\" class=\"yoast-schema-graph\">{\"@context\":\"https:\/\/schema.org\",\"@graph\":[{\"@type\":\"WebPage\",\"@id\":\"https:\/\/www.alldayled.com\/de\/produkt\/strands-firefly-best-view-led-lamp\/\",\"url\":\"https:\/\/www.alldayled.com\/de\/produkt\/strands-firefly-best-view-led-lamp\/\",\"name\":\"Strands Firefly Best View LED Lampe - All Day Led - geeignet f\u00fcr 12&24 volt\",\"isPartOf\":{\"@id\":\"https:\/\/www.alldayled.com\/de\/#website\"},\"primaryImageOfPage\":{\"@id\":\"https:\/\/www.alldayled.com\/de\/produkt\/strands-firefly-best-view-led-lamp\/#primaryimage\"},\"image\":{\"@id\":\"https:\/\/www.alldayled.com\/de\/produkt\/strands-firefly-best-view-led-lamp\/#primaryimage\"},\"thumbnailUrl\":\"https:\/\/www.alldayled.com\/wp-content\/uploads\/2024\/07\/ALD809271.001.png\",\"datePublished\":\"2024-07-19T02:15:59+00:00\",\"dateModified\":\"2026-04-26T11:01:14+00:00\",\"description\":\"Strands Firefly Best View LED Lampe - STRANDS - f\u00fcr 12&24 volt - Auto, LKW und mehr - mit DT2 Stecker - 2400 Lumen - 1 LUX @50m\",\"breadcrumb\":{\"@id\":\"https:\/\/www.alldayled.com\/de\/produkt\/strands-firefly-best-view-led-lamp\/#breadcrumb\"},\"inLanguage\":\"de\",\"potentialAction\":[{\"@type\":\"ReadAction\",\"target\":[\"https:\/\/www.alldayled.com\/de\/produkt\/strands-firefly-best-view-led-lamp\/\"]}]},{\"@type\":\"ImageObject\",\"inLanguage\":\"de\",\"@id\":\"https:\/\/www.alldayled.com\/de\/produkt\/strands-firefly-best-view-led-lamp\/#primaryimage\",\"url\":\"https:\/\/www.alldayled.com\/wp-content\/uploads\/2024\/07\/ALD809271.001.png\",\"contentUrl\":\"https:\/\/www.alldayled.com\/wp-content\/uploads\/2024\/07\/ALD809271.001.png\",\"width\":800,\"height\":600},{\"@type\":\"BreadcrumbList\",\"@id\":\"https:\/\/www.alldayled.com\/de\/produkt\/strands-firefly-best-view-led-lamp\/#breadcrumb\",\"itemListElement\":[{\"@type\":\"ListItem\",\"position\":1,\"name\":\"Home\",\"item\":\"https:\/\/www.alldayled.com\/de\/\"},{\"@type\":\"ListItem\",\"position\":2,\"name\":\"Shop\",\"item\":\"https:\/\/www.alldayled.com\/de\/shop\/\"},{\"@type\":\"ListItem\",\"position\":3,\"name\":\"Arbeitsscheinwerfer\",\"item\":\"https:\/\/www.alldayled.com\/de\/produkt-kategorie\/arbeitsscheinwerfer\/\"},{\"@type\":\"ListItem\",\"position\":4,\"name\":\"Arbeitsscheinwerfer sonstig\",\"item\":\"https:\/\/www.alldayled.com\/de\/produkt-kategorie\/arbeitsscheinwerfer\/werklamp-overig\/\"},{\"@type\":\"ListItem\",\"position\":5,\"name\":\"Strands Firefly Best View LED Lampe\"}]},{\"@type\":\"WebSite\",\"@id\":\"https:\/\/www.alldayled.com\/de\/#website\",\"url\":\"https:\/\/www.alldayled.com\/de\/\",\"name\":\"All Day Led\",\"description\":\"Verlichting voor 12&amp;24 volt gebruik\",\"publisher\":{\"@id\":\"https:\/\/www.alldayled.com\/de\/#organization\"},\"potentialAction\":[{\"@type\":\"SearchAction\",\"target\":{\"@type\":\"EntryPoint\",\"urlTemplate\":\"https:\/\/www.alldayled.com\/de\/?s={search_term_string}\"},\"query-input\":{\"@type\":\"PropertyValueSpecification\",\"valueRequired\":true,\"valueName\":\"search_term_string\"}}],\"inLanguage\":\"de\"},{\"@type\":\"Organization\",\"@id\":\"https:\/\/www.alldayled.com\/de\/#organization\",\"name\":\"All Day Led\",\"url\":\"https:\/\/www.alldayled.com\/de\/\",\"logo\":{\"@type\":\"ImageObject\",\"inLanguage\":\"de\",\"@id\":\"https:\/\/www.alldayled.com\/de\/#\/schema\/logo\/image\/\",\"url\":\"https:\/\/www.alldayled.com\/wp-content\/uploads\/2025\/10\/Logo-ALL-DAY-LED-800x800-zwart-witte-letters.png\",\"contentUrl\":\"https:\/\/www.alldayled.com\/wp-content\/uploads\/2025\/10\/Logo-ALL-DAY-LED-800x800-zwart-witte-letters.png\",\"width\":800,\"height\":800,\"caption\":\"All Day Led\"},\"image\":{\"@id\":\"https:\/\/www.alldayled.com\/de\/#\/schema\/logo\/image\/\"},\"sameAs\":[\"https:\/\/www.facebook.com\/alldayled\/\",\"https:\/\/www.instagram.com\/alldayled\/\"],\"vatID\":\"NL863960133B01\",\"taxID\":\"86416545\"}]}<\/script>\n<meta property=\"product:brand\" content=\"Strands\" \/>\n<meta property=\"product:price:amount\" content=\"69.00\" \/>\n<meta property=\"product:price:currency\" content=\"EUR\" \/>\n<meta property=\"og:availability\" content=\"instock\" \/>\n<meta property=\"product:availability\" content=\"instock\" \/>\n<meta property=\"product:retailer_item_id\" content=\"ADL809271\" \/>\n<meta property=\"product:condition\" content=\"new\" \/>\n<!-- \/ Yoast SEO Premium plugin. -->","yoast_head_json":{"title":"Strands Firefly Best View LED Lampe - All Day Led - geeignet f\u00fcr 12&24 volt","description":"Strands Firefly Best View LED Lampe - STRANDS - f\u00fcr 12&24 volt - Auto, LKW und mehr - mit DT2 Stecker - 2400 Lumen - 1 LUX @50m","robots":{"index":"index","follow":"follow","max-snippet":"max-snippet:-1","max-image-preview":"max-image-preview:large","max-video-preview":"max-video-preview:-1"},"canonical":"https:\/\/www.alldayled.com\/de\/produkt\/strands-firefly-best-view-led-lamp\/","og_locale":"de_DE","og_type":"article","og_title":"Strands Firefly Best View LED Lampe - All Day Led - geeignet f\u00fcr 12&24 volt","og_description":"Strands Firefly Best View LED Lampe - STRANDS - f\u00fcr 12&24 volt - Auto, LKW und mehr - mit DT2 Stecker - 2400 Lumen - 1 LUX @50m","og_url":"https:\/\/www.alldayled.com\/de\/produkt\/strands-firefly-best-view-led-lamp\/","og_site_name":"All Day Led","article_publisher":"https:\/\/www.facebook.com\/alldayled\/","article_modified_time":"2026-04-26T11:01:14+00:00","og_image":[{"url":"https:\/\/www.alldayled.com\/wp-content\/uploads\/2024\/07\/809271-300x300.png","type":"","width":"","height":""}],"twitter_misc":{"Preis":"&euro;&nbsp;69,00","Verf\u00fcgbarkeit":"Auf Lager"},"schema":{"@context":"https:\/\/schema.org","@graph":[{"@type":"WebPage","@id":"https:\/\/www.alldayled.com\/de\/produkt\/strands-firefly-best-view-led-lamp\/","url":"https:\/\/www.alldayled.com\/de\/produkt\/strands-firefly-best-view-led-lamp\/","name":"Strands Firefly Best View LED Lampe - All Day Led - geeignet f\u00fcr 12&24 volt","isPartOf":{"@id":"https:\/\/www.alldayled.com\/de\/#website"},"primaryImageOfPage":{"@id":"https:\/\/www.alldayled.com\/de\/produkt\/strands-firefly-best-view-led-lamp\/#primaryimage"},"image":{"@id":"https:\/\/www.alldayled.com\/de\/produkt\/strands-firefly-best-view-led-lamp\/#primaryimage"},"thumbnailUrl":"https:\/\/www.alldayled.com\/wp-content\/uploads\/2024\/07\/ALD809271.001.png","datePublished":"2024-07-19T02:15:59+00:00","dateModified":"2026-04-26T11:01:14+00:00","description":"Strands Firefly Best View LED Lampe - STRANDS - f\u00fcr 12&24 volt - Auto, LKW und mehr - mit DT2 Stecker - 2400 Lumen - 1 LUX @50m","breadcrumb":{"@id":"https:\/\/www.alldayled.com\/de\/produkt\/strands-firefly-best-view-led-lamp\/#breadcrumb"},"inLanguage":"de","potentialAction":[{"@type":"ReadAction","target":["https:\/\/www.alldayled.com\/de\/produkt\/strands-firefly-best-view-led-lamp\/"]}]},{"@type":"ImageObject","inLanguage":"de","@id":"https:\/\/www.alldayled.com\/de\/produkt\/strands-firefly-best-view-led-lamp\/#primaryimage","url":"https:\/\/www.alldayled.com\/wp-content\/uploads\/2024\/07\/ALD809271.001.png","contentUrl":"https:\/\/www.alldayled.com\/wp-content\/uploads\/2024\/07\/ALD809271.001.png","width":800,"height":600},{"@type":"BreadcrumbList","@id":"https:\/\/www.alldayled.com\/de\/produkt\/strands-firefly-best-view-led-lamp\/#breadcrumb","itemListElement":[{"@type":"ListItem","position":1,"name":"Home","item":"https:\/\/www.alldayled.com\/de\/"},{"@type":"ListItem","position":2,"name":"Shop","item":"https:\/\/www.alldayled.com\/de\/shop\/"},{"@type":"ListItem","position":3,"name":"Arbeitsscheinwerfer","item":"https:\/\/www.alldayled.com\/de\/produkt-kategorie\/arbeitsscheinwerfer\/"},{"@type":"ListItem","position":4,"name":"Arbeitsscheinwerfer sonstig","item":"https:\/\/www.alldayled.com\/de\/produkt-kategorie\/arbeitsscheinwerfer\/werklamp-overig\/"},{"@type":"ListItem","position":5,"name":"Strands Firefly Best View LED Lampe"}]},{"@type":"WebSite","@id":"https:\/\/www.alldayled.com\/de\/#website","url":"https:\/\/www.alldayled.com\/de\/","name":"All Day Led","description":"Verlichting voor 12&amp;24 volt gebruik","publisher":{"@id":"https:\/\/www.alldayled.com\/de\/#organization"},"potentialAction":[{"@type":"SearchAction","target":{"@type":"EntryPoint","urlTemplate":"https:\/\/www.alldayled.com\/de\/?s={search_term_string}"},"query-input":{"@type":"PropertyValueSpecification","valueRequired":true,"valueName":"search_term_string"}}],"inLanguage":"de"},{"@type":"Organization","@id":"https:\/\/www.alldayled.com\/de\/#organization","name":"All Day Led","url":"https:\/\/www.alldayled.com\/de\/","logo":{"@type":"ImageObject","inLanguage":"de","@id":"https:\/\/www.alldayled.com\/de\/#\/schema\/logo\/image\/","url":"https:\/\/www.alldayled.com\/wp-content\/uploads\/2025\/10\/Logo-ALL-DAY-LED-800x800-zwart-witte-letters.png","contentUrl":"https:\/\/www.alldayled.com\/wp-content\/uploads\/2025\/10\/Logo-ALL-DAY-LED-800x800-zwart-witte-letters.png","width":800,"height":800,"caption":"All Day Led"},"image":{"@id":"https:\/\/www.alldayled.com\/de\/#\/schema\/logo\/image\/"},"sameAs":["https:\/\/www.facebook.com\/alldayled\/","https:\/\/www.instagram.com\/alldayled\/"],"vatID":"NL863960133B01","taxID":"86416545"}]},"product_brand":"Strands","product_price_amount":"69.00","product_price_currency":"EUR","og_availability":"instock","product_availability":"instock","product_retailer_item_id":"ADL809271","product_condition":"new"},"_links":{"self":[{"href":"https:\/\/www.alldayled.com\/de\/wp-json\/wp\/v2\/product\/67747","targetHints":{"allow":["GET"]}}],"collection":[{"href":"https:\/\/www.alldayled.com\/de\/wp-json\/wp\/v2\/product"}],"about":[{"href":"https:\/\/www.alldayled.com\/de\/wp-json\/wp\/v2\/types\/product"}],"replies":[{"embeddable":true,"href":"https:\/\/www.alldayled.com\/de\/wp-json\/wp\/v2\/comments?post=67747"}],"wp:featuredmedia":[{"embeddable":true,"href":"https:\/\/www.alldayled.com\/de\/wp-json\/wp\/v2\/media\/30159"}],"wp:attachment":[{"href":"https:\/\/www.alldayled.com\/de\/wp-json\/wp\/v2\/media?parent=67747"}],"wp:term":[{"taxonomy":"product_brand","embeddable":true,"href":"https:\/\/www.alldayled.com\/de\/wp-json\/wp\/v2\/product_brand?post=67747"},{"taxonomy":"product_cat","embeddable":true,"href":"https:\/\/www.alldayled.com\/de\/wp-json\/wp\/v2\/product_cat?post=67747"},{"taxonomy":"product_tag","embeddable":true,"href":"https:\/\/www.alldayled.com\/de\/wp-json\/wp\/v2\/product_tag?post=67747"}],"curies":[{"name":"wp","href":"https:\/\/api.w.org\/{rel}","templated":true}]}}