{"id":67749,"date":"2021-08-27T13:08:58","date_gmt":"2021-08-27T11:08:58","guid":{"rendered":"https:\/\/www.alldayled.com\/product\/strands-siberia-rv-led-werklamp\/"},"modified":"2026-04-22T16:37:53","modified_gmt":"2026-04-22T14:37:53","slug":"strands-siberia-rv-led-werklamp","status":"publish","type":"product","link":"https:\/\/www.alldayled.com\/de\/produkt\/strands-siberia-rv-led-werklamp\/","title":{"rendered":"Strands Siberia RV LED Lampe"},"content":{"rendered":"<p><span style=\"color: #000000;\"><strong>Strands Siberia Right View LED Lampe 30W, f\u00fcr 12 und 24 Volt Betrieb.<\/strong><\/span><\/p>\n<p><span style=\"color: #000000;\">Sind Sie auf der Suche nach einem LED Arbeitsscheinwerfer aus der Siberia-Reihe? Und ben\u00f6tigt die Lampe kein farbwechselndes Standlicht? Dann ist der Siberia Right View LED Arbeitsscheinwerfer der Marke Strands vielleicht die Lampe, die Sie suchen. Die LED Lampe ist mit 6 LEDs ausgestattet, die zusammen f\u00fcr eine Lichtleistung von 2880 Lumen sorgen. Durch die Montage der LED Lampe an Ihrem Fahrzeug oder Anh\u00e4nger k\u00f6nnen Sie sicher sein, dass Sie mit einem geringen Stromverbrauch eine hohe Lichtleistung erzielen. So k\u00f6nnen Sie sicher sein, dass Sie nicht im Dunkeln stehen. Die LED Lampe kann mit 12 und 24 Volt betrieben werden. Das bedeutet, dass Sie diese LED Lampe beispielsweise an Ihrem Auto, LKW, Anh\u00e4nger oder einer anderen Art von Fahrzeug verwenden k\u00f6nnen.        <\/span><\/p>\n<p><span style=\"color: #000000;\">Um sicherzustellen, dass der Strands Siberia Right View LED Arbeitsscheinwerfer f\u00fcr Ihr Fahrzeug oder Ihren Anh\u00e4nger geeignet ist, haben wir im Folgenden eine Reihe von Spezifikationen aufgef\u00fchrt. All dies, um deutlich zu machen, warum dies vielleicht der LED Arbeitsscheinwerfer ist, den Sie suchen. Der LED Arbeitsscheinwerfer ist beispielsweise mit dem ECE R10-Pr\u00fcfzeichen versehen. Dieses Pr\u00fcfzeichen gibt an, dass die Lampe w\u00e4hrend der Aktivierung keine St\u00f6rungen beispielsweise des Funksignals verursacht. Au\u00dferdem ist der LED Arbeitsscheinwerfer mit dem IP67- und IP69K-Pr\u00fcfzeichen versehen. Diese Pr\u00fcfzeichen geben an, dass der Siberia LED Arbeitsscheinwerfer vollst\u00e4ndig staub- und wasserdicht ist. Um das Ganze abzurunden, wird der LED Arbeitsscheinwerfer mit Edelstahl-Befestigungsmaterial geliefert und hat einen DT-Stecker. Sehen Sie sich <a style=\"color: #000000;\" href=\"https:\/\/youtu.be\/amYkL2AYzmg\">hier<\/a> das Einf\u00fchrungsvideo von Strands an.       <\/span><\/p>\n<h5><span style=\"color: #000000;\"><strong>Abmessungen:<\/strong><\/span><\/h5>\n<p><span style=\"color: #000000;\">Um sicherzustellen, dass Sie den Strands Siberia RV LED Arbeitsscheinwerfer dort montieren k\u00f6nnen, wo Sie m\u00f6chten, haben wir im Folgenden die Abmessungen notiert. Die Abmessungen der Siberia Right View LED Lampe der Marke Strands sind wie folgt: <\/span><\/p>\n<ul>\n<li><span style=\"color: #000000;\">H\u00f6he: 43,7 mm (49,7 mm inkl. Befestigung)<\/span><\/li>\n<li><span style=\"color: #000000;\">Breite: 157 mm<\/span><\/li>\n<li><span style=\"color: #000000;\">Dicke: 60 mm<\/span><\/li>\n<\/ul>\n<h5><span style=\"color: #000000;\"><strong>Andere Versionen: <\/strong><\/span><\/h5>\n<p><span style=\"color: #000000;\">M\u00f6chten Sie eine Siberia LED Lampe der Marke Strands? Aber ist die Strands Siberia Right View LED Lampe nicht das Modell, das Sie suchen? Dann wissen Sie, dass die Siberia Lampe von Strands auch in verschiedenen anderen Ausf\u00fchrungen erh\u00e4ltlich ist. Sehen Sie sich im Folgenden die verschiedenen M\u00f6glichkeiten an, die Strands bietet:   <\/span><\/p>\n<ul>\n<li><span style=\"color: #000000;\"><a style=\"color: #000000;\" href=\"https:\/\/www.alldayled.com\/product\/strands-siberia-red-panda-lamp\/\" target=\"_blank\" rel=\"noopener\"><strong>Siberia Red Panda Lampe<\/strong><\/a><\/span><\/li>\n<li><span style=\"color: #000000;\"><a style=\"color: #000000;\" href=\"https:\/\/www.alldayled.com\/product\/strands-siberia-red-fox-lamp\/\" target=\"_blank\" rel=\"noopener\"><strong>Siberia Red Fox Lampe<\/strong><\/a><\/span><\/li>\n<li><span style=\"color: #000000;\"><a style=\"color: #000000;\" href=\"https:\/\/www.alldayled.com\/product\/strands-siberia-qube-lamp\/\" target=\"_blank\" rel=\"noopener\"><strong>Siberia Qube Lampe<\/strong><\/a><\/span><\/li>\n<li><span style=\"color: #000000;\"><a style=\"color: #000000;\" href=\"https:\/\/www.alldayled.com\/de\/produkt\/strands-siberia-sl-led-lamp\/\"><strong>Siberia SL Lampe<\/strong><\/a><\/span><\/li>\n<\/ul>\n<p><span style=\"color: #000000;\">Sind Sie immer noch der Meinung, dass der Siberia Right View LED Arbeitsscheinwerfer nicht das ist, was Sie suchen? Einfach, weil die Lichtleistung oder Wattzahl nicht hoch genug oder sogar zu hoch ist? Dann werfen Sie einen Blick auf unsere Seite <a style=\"color: #000000;\" href=\"https:\/\/www.alldayled.com\/product-categorie\/werklampen\/\">Arbeitsscheinwerfer<\/a>. Vielleicht finden Sie hier das Lampenmodell, das Sie suchen.    <\/span><\/p>\n","protected":false},"excerpt":{"rendered":"<p>Robuster und starker Arbeitsscheinwerfer mit einer Leistung von 2880 Lumen &#8211; geeignet f\u00fcr 12\/24V.<\/p>\n","protected":false},"featured_media":19893,"comment_status":"open","ping_status":"closed","template":"","meta":{"_acf_changed":false},"product_brand":[5114],"product_cat":[5340,5359],"product_tag":[9060,9062,9059,9058,9063,9057,9066,9064,9065,9080,9061],"class_list":{"0":"post-67749","1":"product","2":"type-product","3":"status-publish","4":"has-post-thumbnail","6":"product_brand-product-strands-lighting-division","7":"product_cat-werklamp-overig","8":"product_cat-strands-siberia","9":"product_tag-arbeitsleuchte-kafiganhanger","10":"product_tag-arbeitsscheinwerfer-anhanger","11":"product_tag-arbeitsscheinwerfer-gabelstapler","13":"product_tag-arbeitstransporter","14":"product_tag-led-arbeitsleuchte","15":"product_tag-strands-led-arbeitsleuchte","16":"product_tag-strands-led-beleuchtung","17":"product_tag-strands-lighting-division","18":"product_tag-strands-siberia-scheinwerfer","19":"product_tag-traktor-arbeitsleuchte","21":"first","22":"instock","23":"taxable","24":"shipping-taxable","25":"purchasable","26":"product-type-simple"},"acf":[],"yoast_head":"<!-- This site is optimized with the Yoast SEO Premium plugin v26.5 (Yoast SEO v27.1.1) - https:\/\/yoast.com\/product\/yoast-seo-premium-wordpress\/ -->\n<title>Strands Siberia Right View LED Lampe - 30W - All Day Led - 12&amp;24V<\/title>\n<meta name=\"description\" content=\"Strands Siberia Right View LED Lampe - 12&amp;24 volt - mit DT-Stecker - Auto, LKW und mehr - 2880 Lumen - 1 LUX auf 256 Meter!\" \/>\n<meta name=\"robots\" content=\"index, follow, max-snippet:-1, max-image-preview:large, max-video-preview:-1\" \/>\n<link rel=\"canonical\" href=\"https:\/\/www.alldayled.com\/de\/produkt\/strands-siberia-rv-led-werklamp\/\" \/>\n<meta property=\"og:locale\" content=\"de_DE\" \/>\n<meta property=\"og:type\" content=\"article\" \/>\n<meta property=\"og:title\" content=\"Strands Siberia Right View LED Lampe - 30W - All Day Led - 12&amp;24V\" \/>\n<meta property=\"og:description\" content=\"Strands Siberia Right View LED Arbeitsscheinwerfer - 12&amp;24 volt - mit DT-Stecker - Auto, LKW und mehr - 2880 Lumen - 1 LUX auf 256 Meter!\" \/>\n<meta property=\"og:url\" content=\"https:\/\/www.alldayled.com\/de\/produkt\/strands-siberia-rv-led-werklamp\/\" \/>\n<meta property=\"og:site_name\" content=\"All Day Led\" \/>\n<meta property=\"article:publisher\" content=\"https:\/\/www.facebook.com\/alldayled\/\" \/>\n<meta property=\"article:modified_time\" content=\"2026-04-22T14:37:53+00:00\" \/>\n<meta property=\"og:image\" content=\"https:\/\/www.alldayled.com\/wp-content\/uploads\/2024\/04\/ADL809124-300x300.png\" \/>\n<meta name=\"twitter:label1\" content=\"Preis\" \/>\n\t<meta name=\"twitter:data1\" content=\"&euro;&nbsp;49,00\" \/>\n\t<meta name=\"twitter:label2\" content=\"Verf\u00fcgbarkeit\" \/>\n\t<meta name=\"twitter:data2\" content=\"Auf Lager\" \/>\n<script type=\"application\/ld+json\" class=\"yoast-schema-graph\">{\"@context\":\"https:\/\/schema.org\",\"@graph\":[{\"@type\":\"WebPage\",\"@id\":\"https:\/\/www.alldayled.com\/de\/produkt\/strands-siberia-rv-led-werklamp\/\",\"url\":\"https:\/\/www.alldayled.com\/de\/produkt\/strands-siberia-rv-led-werklamp\/\",\"name\":\"Strands Siberia Right View LED Lampe - 30W - All Day Led - 12&24V\",\"isPartOf\":{\"@id\":\"https:\/\/www.alldayled.com\/de\/#website\"},\"primaryImageOfPage\":{\"@id\":\"https:\/\/www.alldayled.com\/de\/produkt\/strands-siberia-rv-led-werklamp\/#primaryimage\"},\"image\":{\"@id\":\"https:\/\/www.alldayled.com\/de\/produkt\/strands-siberia-rv-led-werklamp\/#primaryimage\"},\"thumbnailUrl\":\"https:\/\/www.alldayled.com\/wp-content\/uploads\/2021\/08\/ADL89124.-Siberia-RV.png\",\"datePublished\":\"2021-08-27T11:08:58+00:00\",\"dateModified\":\"2026-04-22T14:37:53+00:00\",\"description\":\"Strands Siberia Right View LED Lampe - 12&24 volt - mit DT-Stecker - Auto, LKW und mehr - 2880 Lumen - 1 LUX auf 256 Meter!\",\"breadcrumb\":{\"@id\":\"https:\/\/www.alldayled.com\/de\/produkt\/strands-siberia-rv-led-werklamp\/#breadcrumb\"},\"inLanguage\":\"de\",\"potentialAction\":[{\"@type\":\"ReadAction\",\"target\":[\"https:\/\/www.alldayled.com\/de\/produkt\/strands-siberia-rv-led-werklamp\/\"]}]},{\"@type\":\"ImageObject\",\"inLanguage\":\"de\",\"@id\":\"https:\/\/www.alldayled.com\/de\/produkt\/strands-siberia-rv-led-werklamp\/#primaryimage\",\"url\":\"https:\/\/www.alldayled.com\/wp-content\/uploads\/2021\/08\/ADL89124.-Siberia-RV.png\",\"contentUrl\":\"https:\/\/www.alldayled.com\/wp-content\/uploads\/2021\/08\/ADL89124.-Siberia-RV.png\",\"width\":800,\"height\":600,\"caption\":\"Strands Siberia RV LED Arbeitsscheinwerfer - f\u00fcr 12 &amp; 24 Volt Betrieb - EAN: 7323030185176\"},{\"@type\":\"BreadcrumbList\",\"@id\":\"https:\/\/www.alldayled.com\/de\/produkt\/strands-siberia-rv-led-werklamp\/#breadcrumb\",\"itemListElement\":[{\"@type\":\"ListItem\",\"position\":1,\"name\":\"Home\",\"item\":\"https:\/\/www.alldayled.com\/de\/\"},{\"@type\":\"ListItem\",\"position\":2,\"name\":\"Shop\",\"item\":\"https:\/\/www.alldayled.com\/de\/shop\/\"},{\"@type\":\"ListItem\",\"position\":3,\"name\":\"Arbeitsscheinwerfer\",\"item\":\"https:\/\/www.alldayled.com\/de\/produkt-kategorie\/arbeitsscheinwerfer\/\"},{\"@type\":\"ListItem\",\"position\":4,\"name\":\"Arbeitsscheinwerfer sonstig\",\"item\":\"https:\/\/www.alldayled.com\/de\/produkt-kategorie\/arbeitsscheinwerfer\/werklamp-overig\/\"},{\"@type\":\"ListItem\",\"position\":5,\"name\":\"Strands Siberia RV LED Lampe\"}]},{\"@type\":\"WebSite\",\"@id\":\"https:\/\/www.alldayled.com\/de\/#website\",\"url\":\"https:\/\/www.alldayled.com\/de\/\",\"name\":\"All Day Led\",\"description\":\"Verlichting voor 12&amp;24 volt gebruik\",\"publisher\":{\"@id\":\"https:\/\/www.alldayled.com\/de\/#organization\"},\"potentialAction\":[{\"@type\":\"SearchAction\",\"target\":{\"@type\":\"EntryPoint\",\"urlTemplate\":\"https:\/\/www.alldayled.com\/de\/?s={search_term_string}\"},\"query-input\":{\"@type\":\"PropertyValueSpecification\",\"valueRequired\":true,\"valueName\":\"search_term_string\"}}],\"inLanguage\":\"de\"},{\"@type\":\"Organization\",\"@id\":\"https:\/\/www.alldayled.com\/de\/#organization\",\"name\":\"All Day Led\",\"url\":\"https:\/\/www.alldayled.com\/de\/\",\"logo\":{\"@type\":\"ImageObject\",\"inLanguage\":\"de\",\"@id\":\"https:\/\/www.alldayled.com\/de\/#\/schema\/logo\/image\/\",\"url\":\"https:\/\/www.alldayled.com\/wp-content\/uploads\/2025\/10\/Logo-ALL-DAY-LED-800x800-zwart-witte-letters.png\",\"contentUrl\":\"https:\/\/www.alldayled.com\/wp-content\/uploads\/2025\/10\/Logo-ALL-DAY-LED-800x800-zwart-witte-letters.png\",\"width\":800,\"height\":800,\"caption\":\"All Day Led\"},\"image\":{\"@id\":\"https:\/\/www.alldayled.com\/de\/#\/schema\/logo\/image\/\"},\"sameAs\":[\"https:\/\/www.facebook.com\/alldayled\/\",\"https:\/\/www.instagram.com\/alldayled\/\"],\"vatID\":\"NL863960133B01\",\"taxID\":\"86416545\"}]}<\/script>\n<meta property=\"product:brand\" content=\"Strands\" \/>\n<meta property=\"product:price:amount\" content=\"49.00\" \/>\n<meta property=\"product:price:currency\" content=\"EUR\" \/>\n<meta property=\"og:availability\" content=\"instock\" \/>\n<meta property=\"product:availability\" content=\"instock\" \/>\n<meta property=\"product:retailer_item_id\" content=\"ADL809124\" \/>\n<meta property=\"product:condition\" content=\"new\" \/>\n<!-- \/ Yoast SEO Premium plugin. -->","yoast_head_json":{"title":"Strands Siberia Right View LED Lampe - 30W - All Day Led - 12&24V","description":"Strands Siberia Right View LED Lampe - 12&24 volt - mit DT-Stecker - Auto, LKW und mehr - 2880 Lumen - 1 LUX auf 256 Meter!","robots":{"index":"index","follow":"follow","max-snippet":"max-snippet:-1","max-image-preview":"max-image-preview:large","max-video-preview":"max-video-preview:-1"},"canonical":"https:\/\/www.alldayled.com\/de\/produkt\/strands-siberia-rv-led-werklamp\/","og_locale":"de_DE","og_type":"article","og_title":"Strands Siberia Right View LED Lampe - 30W - All Day Led - 12&24V","og_description":"Strands Siberia Right View LED Arbeitsscheinwerfer - 12&24 volt - mit DT-Stecker - Auto, LKW und mehr - 2880 Lumen - 1 LUX auf 256 Meter!","og_url":"https:\/\/www.alldayled.com\/de\/produkt\/strands-siberia-rv-led-werklamp\/","og_site_name":"All Day Led","article_publisher":"https:\/\/www.facebook.com\/alldayled\/","article_modified_time":"2026-04-22T14:37:53+00:00","og_image":[{"url":"https:\/\/www.alldayled.com\/wp-content\/uploads\/2024\/04\/ADL809124-300x300.png","type":"","width":"","height":""}],"twitter_misc":{"Preis":"&euro;&nbsp;49,00","Verf\u00fcgbarkeit":"Auf Lager"},"schema":{"@context":"https:\/\/schema.org","@graph":[{"@type":"WebPage","@id":"https:\/\/www.alldayled.com\/de\/produkt\/strands-siberia-rv-led-werklamp\/","url":"https:\/\/www.alldayled.com\/de\/produkt\/strands-siberia-rv-led-werklamp\/","name":"Strands Siberia Right View LED Lampe - 30W - All Day Led - 12&24V","isPartOf":{"@id":"https:\/\/www.alldayled.com\/de\/#website"},"primaryImageOfPage":{"@id":"https:\/\/www.alldayled.com\/de\/produkt\/strands-siberia-rv-led-werklamp\/#primaryimage"},"image":{"@id":"https:\/\/www.alldayled.com\/de\/produkt\/strands-siberia-rv-led-werklamp\/#primaryimage"},"thumbnailUrl":"https:\/\/www.alldayled.com\/wp-content\/uploads\/2021\/08\/ADL89124.-Siberia-RV.png","datePublished":"2021-08-27T11:08:58+00:00","dateModified":"2026-04-22T14:37:53+00:00","description":"Strands Siberia Right View LED Lampe - 12&24 volt - mit DT-Stecker - Auto, LKW und mehr - 2880 Lumen - 1 LUX auf 256 Meter!","breadcrumb":{"@id":"https:\/\/www.alldayled.com\/de\/produkt\/strands-siberia-rv-led-werklamp\/#breadcrumb"},"inLanguage":"de","potentialAction":[{"@type":"ReadAction","target":["https:\/\/www.alldayled.com\/de\/produkt\/strands-siberia-rv-led-werklamp\/"]}]},{"@type":"ImageObject","inLanguage":"de","@id":"https:\/\/www.alldayled.com\/de\/produkt\/strands-siberia-rv-led-werklamp\/#primaryimage","url":"https:\/\/www.alldayled.com\/wp-content\/uploads\/2021\/08\/ADL89124.-Siberia-RV.png","contentUrl":"https:\/\/www.alldayled.com\/wp-content\/uploads\/2021\/08\/ADL89124.-Siberia-RV.png","width":800,"height":600,"caption":"Strands Siberia RV LED Arbeitsscheinwerfer - f\u00fcr 12 &amp; 24 Volt Betrieb - EAN: 7323030185176"},{"@type":"BreadcrumbList","@id":"https:\/\/www.alldayled.com\/de\/produkt\/strands-siberia-rv-led-werklamp\/#breadcrumb","itemListElement":[{"@type":"ListItem","position":1,"name":"Home","item":"https:\/\/www.alldayled.com\/de\/"},{"@type":"ListItem","position":2,"name":"Shop","item":"https:\/\/www.alldayled.com\/de\/shop\/"},{"@type":"ListItem","position":3,"name":"Arbeitsscheinwerfer","item":"https:\/\/www.alldayled.com\/de\/produkt-kategorie\/arbeitsscheinwerfer\/"},{"@type":"ListItem","position":4,"name":"Arbeitsscheinwerfer sonstig","item":"https:\/\/www.alldayled.com\/de\/produkt-kategorie\/arbeitsscheinwerfer\/werklamp-overig\/"},{"@type":"ListItem","position":5,"name":"Strands Siberia RV LED Lampe"}]},{"@type":"WebSite","@id":"https:\/\/www.alldayled.com\/de\/#website","url":"https:\/\/www.alldayled.com\/de\/","name":"All Day Led","description":"Verlichting voor 12&amp;24 volt gebruik","publisher":{"@id":"https:\/\/www.alldayled.com\/de\/#organization"},"potentialAction":[{"@type":"SearchAction","target":{"@type":"EntryPoint","urlTemplate":"https:\/\/www.alldayled.com\/de\/?s={search_term_string}"},"query-input":{"@type":"PropertyValueSpecification","valueRequired":true,"valueName":"search_term_string"}}],"inLanguage":"de"},{"@type":"Organization","@id":"https:\/\/www.alldayled.com\/de\/#organization","name":"All Day Led","url":"https:\/\/www.alldayled.com\/de\/","logo":{"@type":"ImageObject","inLanguage":"de","@id":"https:\/\/www.alldayled.com\/de\/#\/schema\/logo\/image\/","url":"https:\/\/www.alldayled.com\/wp-content\/uploads\/2025\/10\/Logo-ALL-DAY-LED-800x800-zwart-witte-letters.png","contentUrl":"https:\/\/www.alldayled.com\/wp-content\/uploads\/2025\/10\/Logo-ALL-DAY-LED-800x800-zwart-witte-letters.png","width":800,"height":800,"caption":"All Day Led"},"image":{"@id":"https:\/\/www.alldayled.com\/de\/#\/schema\/logo\/image\/"},"sameAs":["https:\/\/www.facebook.com\/alldayled\/","https:\/\/www.instagram.com\/alldayled\/"],"vatID":"NL863960133B01","taxID":"86416545"}]},"product_brand":"Strands","product_price_amount":"49.00","product_price_currency":"EUR","og_availability":"instock","product_availability":"instock","product_retailer_item_id":"ADL809124","product_condition":"new"},"_links":{"self":[{"href":"https:\/\/www.alldayled.com\/de\/wp-json\/wp\/v2\/product\/67749","targetHints":{"allow":["GET"]}}],"collection":[{"href":"https:\/\/www.alldayled.com\/de\/wp-json\/wp\/v2\/product"}],"about":[{"href":"https:\/\/www.alldayled.com\/de\/wp-json\/wp\/v2\/types\/product"}],"replies":[{"embeddable":true,"href":"https:\/\/www.alldayled.com\/de\/wp-json\/wp\/v2\/comments?post=67749"}],"wp:featuredmedia":[{"embeddable":true,"href":"https:\/\/www.alldayled.com\/de\/wp-json\/wp\/v2\/media\/19893"}],"wp:attachment":[{"href":"https:\/\/www.alldayled.com\/de\/wp-json\/wp\/v2\/media?parent=67749"}],"wp:term":[{"taxonomy":"product_brand","embeddable":true,"href":"https:\/\/www.alldayled.com\/de\/wp-json\/wp\/v2\/product_brand?post=67749"},{"taxonomy":"product_cat","embeddable":true,"href":"https:\/\/www.alldayled.com\/de\/wp-json\/wp\/v2\/product_cat?post=67749"},{"taxonomy":"product_tag","embeddable":true,"href":"https:\/\/www.alldayled.com\/de\/wp-json\/wp\/v2\/product_tag?post=67749"}],"curies":[{"name":"wp","href":"https:\/\/api.w.org\/{rel}","templated":true}]}}