{"id":67756,"date":"2022-07-11T13:20:54","date_gmt":"2022-07-11T11:20:54","guid":{"rendered":"https:\/\/www.alldayled.com\/product\/boreman-led-lamp-groen-helder-glas\/"},"modified":"2022-07-11T13:20:54","modified_gmt":"2022-07-11T11:20:54","slug":"boreman-led-lamp-groen-helder-glas","status":"publish","type":"product","link":"https:\/\/www.alldayled.com\/de\/produkt\/boreman-led-lamp-groen-helder-glas\/","title":{"rendered":"Boreman LED Lampe klar &#8211; gr\u00fcn"},"content":{"rendered":"<p><span style=\"color: #000000;\"><strong>Boreman LED Lampe gr\u00fcn Easy Fit mit klarem Glas, f\u00fcr 12 und 24 Volt Betrieb. <\/strong><\/span><\/p>\n<p><span style=\"color: #000000;\">Sind Sie auf der Suche nach einer LED-Markierungsleuchte mit klarem Glas? Und m\u00f6chten Sie, dass die Lampe gr\u00fcn leuchtet? Dann ist die Boreman LED-Markierungsleuchte Easy Fit gr\u00fcn vielleicht genau das, was Sie suchen. Diese Markierungsleuchte hat 2 LED-Punkte und wird mit Montagegummi geliefert. Die Easy Fit Lampe arbeitet mit 12 und 24 Volt, wodurch Sie sie einfach an Ihrem Auto, Camper, LKW, Anh\u00e4nger oder anderem Fahrzeug montieren k\u00f6nnen. Dank des klaren Glases erh\u00e4lt die Lampe einen schlichten Look und bleibt Ihr Fahrzeug gut sichtbar.     <\/span><\/p>\n<p><span style=\"color: #000000;\">Um sicherzustellen, dass diese Boreman 1001-4500-G LED Lampe f\u00fcr Ihr Fahrzeug geeignet ist, haben wir im Folgenden die wichtigsten Eigenschaften aufgelistet. Die Konturbeleuchtung mit klarem Glas ist mit dem ECE R10-Pr\u00fcfzeichen versehen. Dar\u00fcber hinaus hat die Lampe das ECE R7-Pr\u00fcfzeichen, sodass Sie sie offiziell als Markierungsleuchte verwenden k\u00f6nnen. Weiterhin wird die Lampe mit 50 cm Anschlusskabel und zwei Arten von Montagegummis geliefert, sodass Sie sie einfach an der gew\u00fcnschten Stelle installieren k\u00f6nnen.   <\/span><\/p>\n<h5><span style=\"color: #000000;\"><strong>Abmessungen:<\/strong><\/span><\/h5>\n<p><span style=\"color: #000000;\">Um sicherzustellen, dass die Lampe dort passt, wo Sie sie montieren m\u00f6chten, haben wir im Folgenden die Abmessungen notiert. Die Abmessungen der Boreman LED-Markierungsleuchte gr\u00fcn in klarer Ausf\u00fchrung sind wie folgt: <\/span><\/p>\n<ul>\n<li><span style=\"color: #000000;\">L\u00e4nge: 77 mm<\/span><\/li>\n<li><span style=\"color: #000000;\">H\u00f6he: 24 mm<\/span><\/li>\n<li><span style=\"color: #000000;\">Dicke: 9 mm<\/span><\/li>\n<li><span style=\"color: #000000;\">H.o.H: 58 mm<\/span><\/li>\n<\/ul>\n<h5><span style=\"color: #000000;\"><strong>Andere Farben:<\/strong><\/span><\/h5>\n<p><span style=\"color: #000000;\">M\u00f6chten Sie zwar eine Boreman Easy Fit Markierungsleuchte, aber die gr\u00fcne Ausf\u00fchrung spricht Sie nicht an? Dann wissen Sie, dass die LED-Konturbeleuchtung auch in anderen Farben und Ausf\u00fchrungen erh\u00e4ltlich ist. <\/span><\/p>\n<ul>\n<li><span style=\"color: #000000;\"><a style=\"color: #000000;\" href=\"https:\/\/www.alldayled.com\/de\/produkt\/boreman-led-markeringslamp-oranje-helder-glas\/\"><strong>Easy Fit LED Markierungsleuchte orange <\/strong><\/a><\/span><\/li>\n<li><span style=\"color: #000000;\"><a style=\"color: #000000;\" href=\"https:\/\/www.alldayled.com\/de\/produkt\/boreman-led-markeringslamp-rood-helder-glas\/\"><strong>Easy Fit LED Markierungsleuchte rot<\/strong><\/a><\/span><\/li>\n<li><span style=\"color: #000000;\"><a style=\"color: #000000;\" href=\"https:\/\/www.alldayled.com\/de\/produkt\/boreman-led-markeringslamp-wit-helder-glas\/\"><strong>Easy Fit LED Markierungsleuchte wei\u00df<\/strong><\/a><\/span><\/li>\n<li><span style=\"color: #000000;\"><a style=\"color: #000000;\" href=\"https:\/\/www.alldayled.com\/product\/boreman-led-lamp-blauw-helder-glas-kopie\/\"><strong>Easy Fit LED Lampe blau <\/strong><\/a><\/span><\/li>\n<\/ul>\n<p><span style=\"color: #000000;\">Sind Sie nach dem Ansehen der Spezifikationen noch nicht \u00fcberzeugt? Vielleicht, weil die Farbe, Form oder Spannung nicht ganz passt, oder weil Sie eine Lampe m\u00f6chten, die nicht an der R\u00fcckseite montiert werden muss. Sehen Sie sich dann das komplette <g id=\"gid_0\">Boreman<\/g> Beleuchtungsangebot an. So finden Sie immer die Lampe, die zu Ihrem Fahrzeug passt.   <\/span><\/p>\n","protected":false},"excerpt":{"rendered":"<p>Boreman Easy Fit LED Lampe klar gr\u00fcn, f\u00fcr 12 und 24 Volt Betrieb.<\/p>\n","protected":false},"featured_media":79242,"comment_status":"open","ping_status":"closed","template":"","meta":{"_acf_changed":false},"product_brand":[5588],"product_cat":[5371,5389,5196],"product_tag":[9186,9118],"class_list":{"0":"post-67756","1":"product","2":"type-product","3":"status-publish","4":"has-post-thumbnail","6":"product_brand-product-boreman","7":"product_cat-inbouw-verlichting-12-volt","8":"product_cat-inbouw-verlichting-24-volt","9":"product_cat-markeringslampen","10":"product_tag-innenraumbeleuchtung","11":"product_tag-kabinenbeleuchtung","13":"first","14":"instock","15":"taxable","16":"shipping-taxable","17":"purchasable","18":"product-type-simple"},"acf":[],"yoast_head":"<!-- This site is optimized with the Yoast SEO Premium plugin v26.5 (Yoast SEO v27.1.1) - https:\/\/yoast.com\/product\/yoast-seo-premium-wordpress\/ -->\n<title>Boreman LED Lampe gr\u00fcn - klares Glas - All Day Led - 12&amp;24 Volt<\/title>\n<meta name=\"description\" content=\"Boreman LED Lampe gr\u00fcn - f\u00fcr 12 &amp; 24 Volt - Innenraumlampe Aufbau - Easy Fit Flush - Auto, LKW, Traktor und mehr - Boreman 1001-4500-G\" \/>\n<meta name=\"robots\" content=\"index, follow, max-snippet:-1, max-image-preview:large, max-video-preview:-1\" \/>\n<link rel=\"canonical\" href=\"https:\/\/www.alldayled.com\/de\/produkt\/boreman-led-lamp-groen-helder-glas\/\" \/>\n<meta property=\"og:locale\" content=\"de_DE\" \/>\n<meta property=\"og:type\" content=\"article\" \/>\n<meta property=\"og:title\" content=\"Boreman LED Lampe gr\u00fcn - klares Glas - All Day Led - 12&amp;24 Volt\" \/>\n<meta property=\"og:description\" content=\"Boreman LED Lampe gr\u00fcn - f\u00fcr 12 &amp; 24 Volt - Innenraumlampe Aufbau - Easy Fit Flush - Auto, LKW, Traktor und mehr - Boreman 1001-4500-G\" \/>\n<meta property=\"og:url\" content=\"https:\/\/www.alldayled.com\/de\/produkt\/boreman-led-lamp-groen-helder-glas\/\" \/>\n<meta property=\"og:site_name\" content=\"All Day Led\" \/>\n<meta property=\"article:publisher\" content=\"https:\/\/www.facebook.com\/alldayled\/\" \/>\n<meta property=\"og:image\" content=\"https:\/\/www.alldayled.com\/wp-content\/uploads\/2022\/07\/ADL35500-G-5.png\" \/>\n<meta name=\"twitter:label1\" content=\"Preis\" \/>\n\t<meta name=\"twitter:data1\" content=\"&euro;&nbsp;14,75\" \/>\n\t<meta name=\"twitter:label2\" content=\"Verf\u00fcgbarkeit\" \/>\n\t<meta name=\"twitter:data2\" content=\"Auf Lager\" \/>\n<script type=\"application\/ld+json\" class=\"yoast-schema-graph\">{\"@context\":\"https:\/\/schema.org\",\"@graph\":[{\"@type\":\"WebPage\",\"@id\":\"https:\/\/www.alldayled.com\/de\/produkt\/boreman-led-lamp-groen-helder-glas\/\",\"url\":\"https:\/\/www.alldayled.com\/de\/produkt\/boreman-led-lamp-groen-helder-glas\/\",\"name\":\"Boreman LED Lampe gr\u00fcn - klares Glas - All Day Led - 12&24 Volt\",\"isPartOf\":{\"@id\":\"https:\/\/www.alldayled.com\/de\/#website\"},\"primaryImageOfPage\":{\"@id\":\"https:\/\/www.alldayled.com\/de\/produkt\/boreman-led-lamp-groen-helder-glas\/#primaryimage\"},\"image\":{\"@id\":\"https:\/\/www.alldayled.com\/de\/produkt\/boreman-led-lamp-groen-helder-glas\/#primaryimage\"},\"thumbnailUrl\":\"https:\/\/www.alldayled.com\/wp-content\/uploads\/2022\/07\/ADL35500-G-10.png\",\"datePublished\":\"2022-07-11T11:20:54+00:00\",\"description\":\"Boreman LED Lampe gr\u00fcn - f\u00fcr 12 & 24 Volt - Innenraumlampe Aufbau - Easy Fit Flush - Auto, LKW, Traktor und mehr - Boreman 1001-4500-G\",\"breadcrumb\":{\"@id\":\"https:\/\/www.alldayled.com\/de\/produkt\/boreman-led-lamp-groen-helder-glas\/#breadcrumb\"},\"inLanguage\":\"de\",\"potentialAction\":[{\"@type\":\"ReadAction\",\"target\":[\"https:\/\/www.alldayled.com\/de\/produkt\/boreman-led-lamp-groen-helder-glas\/\"]}]},{\"@type\":\"ImageObject\",\"inLanguage\":\"de\",\"@id\":\"https:\/\/www.alldayled.com\/de\/produkt\/boreman-led-lamp-groen-helder-glas\/#primaryimage\",\"url\":\"https:\/\/www.alldayled.com\/wp-content\/uploads\/2022\/07\/ADL35500-G-10.png\",\"contentUrl\":\"https:\/\/www.alldayled.com\/wp-content\/uploads\/2022\/07\/ADL35500-G-10.png\",\"width\":800,\"height\":600,\"caption\":\"ADL35500-G\"},{\"@type\":\"BreadcrumbList\",\"@id\":\"https:\/\/www.alldayled.com\/de\/produkt\/boreman-led-lamp-groen-helder-glas\/#breadcrumb\",\"itemListElement\":[{\"@type\":\"ListItem\",\"position\":1,\"name\":\"Home\",\"item\":\"https:\/\/www.alldayled.com\/de\/\"},{\"@type\":\"ListItem\",\"position\":2,\"name\":\"Shop\",\"item\":\"https:\/\/www.alldayled.com\/de\/shop\/\"},{\"@type\":\"ListItem\",\"position\":3,\"name\":\"Beleuchtung\",\"item\":\"https:\/\/www.alldayled.com\/de\/produkt-kategorie\/beleuchtung\/\"},{\"@type\":\"ListItem\",\"position\":4,\"name\":\"Beleuchtung 12 Volt\",\"item\":\"https:\/\/www.alldayled.com\/de\/produkt-kategorie\/beleuchtung\/verlichting-12-volt\/\"},{\"@type\":\"ListItem\",\"position\":5,\"name\":\"Einbauleuchten\",\"item\":\"https:\/\/www.alldayled.com\/de\/produkt-kategorie\/beleuchtung\/verlichting-12-volt\/inbouw-verlichting-12-volt\/\"},{\"@type\":\"ListItem\",\"position\":6,\"name\":\"Boreman LED Lampe klar &#8211; gr\u00fcn\"}]},{\"@type\":\"WebSite\",\"@id\":\"https:\/\/www.alldayled.com\/de\/#website\",\"url\":\"https:\/\/www.alldayled.com\/de\/\",\"name\":\"All Day Led\",\"description\":\"Verlichting voor 12&amp;24 volt gebruik\",\"publisher\":{\"@id\":\"https:\/\/www.alldayled.com\/de\/#organization\"},\"potentialAction\":[{\"@type\":\"SearchAction\",\"target\":{\"@type\":\"EntryPoint\",\"urlTemplate\":\"https:\/\/www.alldayled.com\/de\/?s={search_term_string}\"},\"query-input\":{\"@type\":\"PropertyValueSpecification\",\"valueRequired\":true,\"valueName\":\"search_term_string\"}}],\"inLanguage\":\"de\"},{\"@type\":\"Organization\",\"@id\":\"https:\/\/www.alldayled.com\/de\/#organization\",\"name\":\"All Day Led\",\"url\":\"https:\/\/www.alldayled.com\/de\/\",\"logo\":{\"@type\":\"ImageObject\",\"inLanguage\":\"de\",\"@id\":\"https:\/\/www.alldayled.com\/de\/#\/schema\/logo\/image\/\",\"url\":\"https:\/\/www.alldayled.com\/wp-content\/uploads\/2025\/10\/Logo-ALL-DAY-LED-800x800-zwart-witte-letters.png\",\"contentUrl\":\"https:\/\/www.alldayled.com\/wp-content\/uploads\/2025\/10\/Logo-ALL-DAY-LED-800x800-zwart-witte-letters.png\",\"width\":800,\"height\":800,\"caption\":\"All Day Led\"},\"image\":{\"@id\":\"https:\/\/www.alldayled.com\/de\/#\/schema\/logo\/image\/\"},\"sameAs\":[\"https:\/\/www.facebook.com\/alldayled\/\",\"https:\/\/www.instagram.com\/alldayled\/\"],\"vatID\":\"NL863960133B01\",\"taxID\":\"86416545\"}]}<\/script>\n<meta property=\"product:brand\" content=\"Boreman\" \/>\n<meta property=\"product:price:amount\" content=\"14.75\" \/>\n<meta property=\"product:price:currency\" content=\"EUR\" \/>\n<meta property=\"og:availability\" content=\"instock\" \/>\n<meta property=\"product:availability\" content=\"instock\" \/>\n<meta property=\"product:retailer_item_id\" content=\"ADL35500-G\" \/>\n<meta property=\"product:condition\" content=\"new\" \/>\n<!-- \/ Yoast SEO Premium plugin. -->","yoast_head_json":{"title":"Boreman LED Lampe gr\u00fcn - klares Glas - All Day Led - 12&24 Volt","description":"Boreman LED Lampe gr\u00fcn - f\u00fcr 12 & 24 Volt - Innenraumlampe Aufbau - Easy Fit Flush - Auto, LKW, Traktor und mehr - Boreman 1001-4500-G","robots":{"index":"index","follow":"follow","max-snippet":"max-snippet:-1","max-image-preview":"max-image-preview:large","max-video-preview":"max-video-preview:-1"},"canonical":"https:\/\/www.alldayled.com\/de\/produkt\/boreman-led-lamp-groen-helder-glas\/","og_locale":"de_DE","og_type":"article","og_title":"Boreman LED Lampe gr\u00fcn - klares Glas - All Day Led - 12&24 Volt","og_description":"Boreman LED Lampe gr\u00fcn - f\u00fcr 12 & 24 Volt - Innenraumlampe Aufbau - Easy Fit Flush - Auto, LKW, Traktor und mehr - Boreman 1001-4500-G","og_url":"https:\/\/www.alldayled.com\/de\/produkt\/boreman-led-lamp-groen-helder-glas\/","og_site_name":"All Day Led","article_publisher":"https:\/\/www.facebook.com\/alldayled\/","og_image":[{"url":"https:\/\/www.alldayled.com\/wp-content\/uploads\/2022\/07\/ADL35500-G-5.png","type":"","width":"","height":""}],"twitter_misc":{"Preis":"&euro;&nbsp;14,75","Verf\u00fcgbarkeit":"Auf Lager"},"schema":{"@context":"https:\/\/schema.org","@graph":[{"@type":"WebPage","@id":"https:\/\/www.alldayled.com\/de\/produkt\/boreman-led-lamp-groen-helder-glas\/","url":"https:\/\/www.alldayled.com\/de\/produkt\/boreman-led-lamp-groen-helder-glas\/","name":"Boreman LED Lampe gr\u00fcn - klares Glas - All Day Led - 12&24 Volt","isPartOf":{"@id":"https:\/\/www.alldayled.com\/de\/#website"},"primaryImageOfPage":{"@id":"https:\/\/www.alldayled.com\/de\/produkt\/boreman-led-lamp-groen-helder-glas\/#primaryimage"},"image":{"@id":"https:\/\/www.alldayled.com\/de\/produkt\/boreman-led-lamp-groen-helder-glas\/#primaryimage"},"thumbnailUrl":"https:\/\/www.alldayled.com\/wp-content\/uploads\/2022\/07\/ADL35500-G-10.png","datePublished":"2022-07-11T11:20:54+00:00","description":"Boreman LED Lampe gr\u00fcn - f\u00fcr 12 & 24 Volt - Innenraumlampe Aufbau - Easy Fit Flush - Auto, LKW, Traktor und mehr - Boreman 1001-4500-G","breadcrumb":{"@id":"https:\/\/www.alldayled.com\/de\/produkt\/boreman-led-lamp-groen-helder-glas\/#breadcrumb"},"inLanguage":"de","potentialAction":[{"@type":"ReadAction","target":["https:\/\/www.alldayled.com\/de\/produkt\/boreman-led-lamp-groen-helder-glas\/"]}]},{"@type":"ImageObject","inLanguage":"de","@id":"https:\/\/www.alldayled.com\/de\/produkt\/boreman-led-lamp-groen-helder-glas\/#primaryimage","url":"https:\/\/www.alldayled.com\/wp-content\/uploads\/2022\/07\/ADL35500-G-10.png","contentUrl":"https:\/\/www.alldayled.com\/wp-content\/uploads\/2022\/07\/ADL35500-G-10.png","width":800,"height":600,"caption":"ADL35500-G"},{"@type":"BreadcrumbList","@id":"https:\/\/www.alldayled.com\/de\/produkt\/boreman-led-lamp-groen-helder-glas\/#breadcrumb","itemListElement":[{"@type":"ListItem","position":1,"name":"Home","item":"https:\/\/www.alldayled.com\/de\/"},{"@type":"ListItem","position":2,"name":"Shop","item":"https:\/\/www.alldayled.com\/de\/shop\/"},{"@type":"ListItem","position":3,"name":"Beleuchtung","item":"https:\/\/www.alldayled.com\/de\/produkt-kategorie\/beleuchtung\/"},{"@type":"ListItem","position":4,"name":"Beleuchtung 12 Volt","item":"https:\/\/www.alldayled.com\/de\/produkt-kategorie\/beleuchtung\/verlichting-12-volt\/"},{"@type":"ListItem","position":5,"name":"Einbauleuchten","item":"https:\/\/www.alldayled.com\/de\/produkt-kategorie\/beleuchtung\/verlichting-12-volt\/inbouw-verlichting-12-volt\/"},{"@type":"ListItem","position":6,"name":"Boreman LED Lampe klar &#8211; gr\u00fcn"}]},{"@type":"WebSite","@id":"https:\/\/www.alldayled.com\/de\/#website","url":"https:\/\/www.alldayled.com\/de\/","name":"All Day Led","description":"Verlichting voor 12&amp;24 volt gebruik","publisher":{"@id":"https:\/\/www.alldayled.com\/de\/#organization"},"potentialAction":[{"@type":"SearchAction","target":{"@type":"EntryPoint","urlTemplate":"https:\/\/www.alldayled.com\/de\/?s={search_term_string}"},"query-input":{"@type":"PropertyValueSpecification","valueRequired":true,"valueName":"search_term_string"}}],"inLanguage":"de"},{"@type":"Organization","@id":"https:\/\/www.alldayled.com\/de\/#organization","name":"All Day Led","url":"https:\/\/www.alldayled.com\/de\/","logo":{"@type":"ImageObject","inLanguage":"de","@id":"https:\/\/www.alldayled.com\/de\/#\/schema\/logo\/image\/","url":"https:\/\/www.alldayled.com\/wp-content\/uploads\/2025\/10\/Logo-ALL-DAY-LED-800x800-zwart-witte-letters.png","contentUrl":"https:\/\/www.alldayled.com\/wp-content\/uploads\/2025\/10\/Logo-ALL-DAY-LED-800x800-zwart-witte-letters.png","width":800,"height":800,"caption":"All Day Led"},"image":{"@id":"https:\/\/www.alldayled.com\/de\/#\/schema\/logo\/image\/"},"sameAs":["https:\/\/www.facebook.com\/alldayled\/","https:\/\/www.instagram.com\/alldayled\/"],"vatID":"NL863960133B01","taxID":"86416545"}]},"product_brand":"Boreman","product_price_amount":"14.75","product_price_currency":"EUR","og_availability":"instock","product_availability":"instock","product_retailer_item_id":"ADL35500-G","product_condition":"new"},"_links":{"self":[{"href":"https:\/\/www.alldayled.com\/de\/wp-json\/wp\/v2\/product\/67756","targetHints":{"allow":["GET"]}}],"collection":[{"href":"https:\/\/www.alldayled.com\/de\/wp-json\/wp\/v2\/product"}],"about":[{"href":"https:\/\/www.alldayled.com\/de\/wp-json\/wp\/v2\/types\/product"}],"replies":[{"embeddable":true,"href":"https:\/\/www.alldayled.com\/de\/wp-json\/wp\/v2\/comments?post=67756"}],"wp:featuredmedia":[{"embeddable":true,"href":"https:\/\/www.alldayled.com\/de\/wp-json\/wp\/v2\/media\/79242"}],"wp:attachment":[{"href":"https:\/\/www.alldayled.com\/de\/wp-json\/wp\/v2\/media?parent=67756"}],"wp:term":[{"taxonomy":"product_brand","embeddable":true,"href":"https:\/\/www.alldayled.com\/de\/wp-json\/wp\/v2\/product_brand?post=67756"},{"taxonomy":"product_cat","embeddable":true,"href":"https:\/\/www.alldayled.com\/de\/wp-json\/wp\/v2\/product_cat?post=67756"},{"taxonomy":"product_tag","embeddable":true,"href":"https:\/\/www.alldayled.com\/de\/wp-json\/wp\/v2\/product_tag?post=67756"}],"curies":[{"name":"wp","href":"https:\/\/api.w.org\/{rel}","templated":true}]}}