{"id":67760,"date":"2022-12-27T19:15:42","date_gmt":"2022-12-27T18:15:42","guid":{"rendered":"https:\/\/www.alldayled.com\/product\/strands-dt2-splitter-kabel\/"},"modified":"2026-02-27T12:29:53","modified_gmt":"2026-02-27T11:29:53","slug":"strands-dt2-splitter-kabel","status":"publish","type":"product","link":"https:\/\/www.alldayled.com\/de\/produkt\/strands-dt2-splitter-kabel\/","title":{"rendered":"Strands DT2 Splitter"},"content":{"rendered":"<p><span style=\"color: #000000;\"><strong>Strands DT2 Splitterkabel, geeignet f\u00fcr 12 &amp; 24 Volt. <\/strong><\/span><\/p>\n<p><span style=\"color: #000000;\">Hast du mehrere LED-Lampen mit einem DT2-Anschluss gekauft und m\u00f6chtest nur ein Verl\u00e4ngerungskabel verwenden? Dann ist der DT2 Splitter vielleicht das Verbindungskabel, das du suchst. Das VDE-Kabel hat eine L\u00e4nge von 50 cm und verf\u00fcgt an allen 3 Enden \u00fcber einen DT2-Stecker. Der vollst\u00e4ndig wasserdichte Splitter mit Deutsch DT2 Stecker kann mit 12 und 24 Volt verwendet werden. Das bedeutet, dass du das Stromkabel zum Beispiel f\u00fcr dein Auto, deinen LKW, Anh\u00e4nger, Traktor oder andere Fahrzeugtypen nutzen kannst.     <\/span><\/p>\n<p><span style=\"color: #000000;\">Um sicherzugehen, dass das Strands DT2 Splitterkabel f\u00fcr dein Fahrzeug oder deinen Anh\u00e4nger geeignet ist, haben wir unten einige Spezifikationen aufgelistet. All dies, um zu verdeutlichen, warum dies vielleicht genau das Stromkabel ist, das du suchst. Das Anschlusskabel ist unter anderem mit einem 2 x 1,5 mm\u00b2 Kabel ausgestattet. Die Kabeldicke sorgt daf\u00fcr, dass du eine Lampe mit einem maximalen Verbrauch von 74 W anschlie\u00dfen kannst.   <\/span><\/p>\n<h5><span style=\"color: #000000;\"><strong>Sonstige Kabel: <\/strong><\/span><\/h5>\n<p><span style=\"color: #000000;\">Ist der Strands DT2 Splitter nicht der richtige Splitter f\u00fcr dich? Schau dir dann hier den DT4 Splitter von Strands an:  <\/span><\/p>\n<ul>\n<li><a href=\"https:\/\/www.alldayled.com\/de\/produkt\/strands-pro-dt4-splitter\/\"><span style=\"color: #000000;\"><strong>Strands DT4 Splitterkabel<\/strong><\/span><\/a><\/li>\n<\/ul>\n<p><span style=\"color: #000000;\">Bist du der Meinung, dass das Strands DT2 Splitterkabel doch nicht das ist, was du suchst? Einfach, weil der Stecker oder die Kabell\u00e4nge nicht passt? Dann wirf unbedingt einen Blick auf unsere Seite <a style=\"color: #000000;\" href=\"https:\/\/www.alldayled.com\/de\/produkt-kategorie\/andere-produkte\/fittingen-en-kabels\/\">Fassungen und Kabel<\/a>. Vielleicht findest du dort die Fassung oder das Kabel, das du suchst.    <\/span><\/p>\n","protected":false},"excerpt":{"rendered":"<p>M\u00f6chtest du nur 1 Verl\u00e4ngerungskabel f\u00fcr mehrere Lampen verwenden? Dann w\u00e4hle diesen DT2 Splitter. <\/p>\n","protected":false},"featured_media":23013,"comment_status":"open","ping_status":"closed","template":"","meta":{"_acf_changed":false},"product_brand":[5114],"product_cat":[5336,5330],"product_tag":[9065],"class_list":{"0":"post-67760","1":"product","2":"type-product","3":"status-publish","4":"has-post-thumbnail","6":"product_brand-product-strands-lighting-division","7":"product_cat-werklamp-toebehoren","8":"product_cat-fittingen-en-kabels","9":"product_tag-strands-lighting-division","11":"first","12":"instock","13":"taxable","14":"shipping-taxable","15":"purchasable","16":"product-type-simple"},"acf":[],"yoast_head":"<!-- This site is optimized with the Yoast SEO Premium plugin v26.5 (Yoast SEO v27.1.1) - https:\/\/yoast.com\/product\/yoast-seo-premium-wordpress\/ -->\n<title>Strands DT2 Splitter - All Day Led - geeignet f\u00fcr 12 &amp; 24 V<\/title>\n<meta name=\"description\" content=\"Strands DT2 Splitter - Stecker\/Buchse-Anschluss - Deutsch DT2 Stecker - 2 x 1,5 mm\u00b2 Kabel - geeignet f\u00fcr 12 &amp; 24 V - 50 cm Kabel\" \/>\n<meta name=\"robots\" content=\"index, follow, max-snippet:-1, max-image-preview:large, max-video-preview:-1\" \/>\n<link rel=\"canonical\" href=\"https:\/\/www.alldayled.com\/de\/produkt\/strands-dt2-splitter-kabel\/\" \/>\n<meta property=\"og:locale\" content=\"de_DE\" \/>\n<meta property=\"og:type\" content=\"article\" \/>\n<meta property=\"og:title\" content=\"Strands DT2 Splitter - All Day Led - geeignet f\u00fcr 12 &amp; 24 V\" \/>\n<meta property=\"og:description\" content=\"Strands DT2 Splitter - Stecker\/Buchse-Anschluss - Deutsch DT2 Stecker - 2 x 1,5 mm\u00b2 Kabel - geeignet f\u00fcr 12 &amp; 24 V - 50 cm Kabel\" \/>\n<meta property=\"og:url\" content=\"https:\/\/www.alldayled.com\/de\/produkt\/strands-dt2-splitter-kabel\/\" \/>\n<meta property=\"og:site_name\" content=\"All Day Led\" \/>\n<meta property=\"article:publisher\" content=\"https:\/\/www.facebook.com\/alldayled\/\" \/>\n<meta property=\"article:modified_time\" content=\"2026-02-27T11:29:53+00:00\" \/>\n<meta property=\"og:image\" content=\"https:\/\/www.alldayled.com\/wp-content\/uploads\/2024\/11\/ADL270442.01-300x300.png\" \/>\n<meta name=\"twitter:label1\" content=\"Preis\" \/>\n\t<meta name=\"twitter:data1\" content=\"&euro;&nbsp;24,95\" \/>\n\t<meta name=\"twitter:label2\" content=\"Verf\u00fcgbarkeit\" \/>\n\t<meta name=\"twitter:data2\" content=\"Auf Lager\" \/>\n<script type=\"application\/ld+json\" class=\"yoast-schema-graph\">{\"@context\":\"https:\/\/schema.org\",\"@graph\":[{\"@type\":\"WebPage\",\"@id\":\"https:\/\/www.alldayled.com\/de\/produkt\/strands-dt2-splitter-kabel\/\",\"url\":\"https:\/\/www.alldayled.com\/de\/produkt\/strands-dt2-splitter-kabel\/\",\"name\":\"Strands DT2 Splitter - All Day Led - geeignet f\u00fcr 12 & 24 V\",\"isPartOf\":{\"@id\":\"https:\/\/www.alldayled.com\/de\/#website\"},\"primaryImageOfPage\":{\"@id\":\"https:\/\/www.alldayled.com\/de\/produkt\/strands-dt2-splitter-kabel\/#primaryimage\"},\"image\":{\"@id\":\"https:\/\/www.alldayled.com\/de\/produkt\/strands-dt2-splitter-kabel\/#primaryimage\"},\"thumbnailUrl\":\"https:\/\/www.alldayled.com\/wp-content\/uploads\/2022\/12\/ADL70442.png\",\"datePublished\":\"2022-12-27T18:15:42+00:00\",\"dateModified\":\"2026-02-27T11:29:53+00:00\",\"description\":\"Strands DT2 Splitter - Stecker\/Buchse-Anschluss - Deutsch DT2 Stecker - 2 x 1,5 mm\u00b2 Kabel - geeignet f\u00fcr 12 & 24 V - 50 cm Kabel\",\"breadcrumb\":{\"@id\":\"https:\/\/www.alldayled.com\/de\/produkt\/strands-dt2-splitter-kabel\/#breadcrumb\"},\"inLanguage\":\"de\",\"potentialAction\":[{\"@type\":\"ReadAction\",\"target\":[\"https:\/\/www.alldayled.com\/de\/produkt\/strands-dt2-splitter-kabel\/\"]}]},{\"@type\":\"ImageObject\",\"inLanguage\":\"de\",\"@id\":\"https:\/\/www.alldayled.com\/de\/produkt\/strands-dt2-splitter-kabel\/#primaryimage\",\"url\":\"https:\/\/www.alldayled.com\/wp-content\/uploads\/2022\/12\/ADL70442.png\",\"contentUrl\":\"https:\/\/www.alldayled.com\/wp-content\/uploads\/2022\/12\/ADL70442.png\",\"width\":800,\"height\":600,\"caption\":\"Strands DT2 Splitterkabel - ein Kabel mit 2x DT2-Buchsen und 1 Stecker - f\u00fcr 12 &amp; 24 Volt - EAN: 7323030180102\"},{\"@type\":\"BreadcrumbList\",\"@id\":\"https:\/\/www.alldayled.com\/de\/produkt\/strands-dt2-splitter-kabel\/#breadcrumb\",\"itemListElement\":[{\"@type\":\"ListItem\",\"position\":1,\"name\":\"Home\",\"item\":\"https:\/\/www.alldayled.com\/de\/\"},{\"@type\":\"ListItem\",\"position\":2,\"name\":\"Shop\",\"item\":\"https:\/\/www.alldayled.com\/de\/shop\/\"},{\"@type\":\"ListItem\",\"position\":3,\"name\":\"Arbeitsscheinwerfer\",\"item\":\"https:\/\/www.alldayled.com\/de\/produkt-kategorie\/arbeitsscheinwerfer\/\"},{\"@type\":\"ListItem\",\"position\":4,\"name\":\"Arbeitsscheinwerfer Zubeh\u00f6r\",\"item\":\"https:\/\/www.alldayled.com\/de\/produkt-kategorie\/arbeitsscheinwerfer\/werklamp-toebehoren\/\"},{\"@type\":\"ListItem\",\"position\":5,\"name\":\"Strands DT2 Splitter\"}]},{\"@type\":\"WebSite\",\"@id\":\"https:\/\/www.alldayled.com\/de\/#website\",\"url\":\"https:\/\/www.alldayled.com\/de\/\",\"name\":\"All Day Led\",\"description\":\"Verlichting voor 12&amp;24 volt gebruik\",\"publisher\":{\"@id\":\"https:\/\/www.alldayled.com\/de\/#organization\"},\"potentialAction\":[{\"@type\":\"SearchAction\",\"target\":{\"@type\":\"EntryPoint\",\"urlTemplate\":\"https:\/\/www.alldayled.com\/de\/?s={search_term_string}\"},\"query-input\":{\"@type\":\"PropertyValueSpecification\",\"valueRequired\":true,\"valueName\":\"search_term_string\"}}],\"inLanguage\":\"de\"},{\"@type\":\"Organization\",\"@id\":\"https:\/\/www.alldayled.com\/de\/#organization\",\"name\":\"All Day Led\",\"url\":\"https:\/\/www.alldayled.com\/de\/\",\"logo\":{\"@type\":\"ImageObject\",\"inLanguage\":\"de\",\"@id\":\"https:\/\/www.alldayled.com\/de\/#\/schema\/logo\/image\/\",\"url\":\"https:\/\/www.alldayled.com\/wp-content\/uploads\/2025\/10\/Logo-ALL-DAY-LED-800x800-zwart-witte-letters.png\",\"contentUrl\":\"https:\/\/www.alldayled.com\/wp-content\/uploads\/2025\/10\/Logo-ALL-DAY-LED-800x800-zwart-witte-letters.png\",\"width\":800,\"height\":800,\"caption\":\"All Day Led\"},\"image\":{\"@id\":\"https:\/\/www.alldayled.com\/de\/#\/schema\/logo\/image\/\"},\"sameAs\":[\"https:\/\/www.facebook.com\/alldayled\/\",\"https:\/\/www.instagram.com\/alldayled\/\"],\"vatID\":\"NL863960133B01\",\"taxID\":\"86416545\"}]}<\/script>\n<meta property=\"product:brand\" content=\"Strands\" \/>\n<meta property=\"product:price:amount\" content=\"24.95\" \/>\n<meta property=\"product:price:currency\" content=\"EUR\" \/>\n<meta property=\"og:availability\" content=\"instock\" \/>\n<meta property=\"product:availability\" content=\"instock\" \/>\n<meta property=\"product:retailer_item_id\" content=\"ADL270442\" \/>\n<meta property=\"product:condition\" content=\"new\" \/>\n<!-- \/ Yoast SEO Premium plugin. -->","yoast_head_json":{"title":"Strands DT2 Splitter - All Day Led - geeignet f\u00fcr 12 & 24 V","description":"Strands DT2 Splitter - Stecker\/Buchse-Anschluss - Deutsch DT2 Stecker - 2 x 1,5 mm\u00b2 Kabel - geeignet f\u00fcr 12 & 24 V - 50 cm Kabel","robots":{"index":"index","follow":"follow","max-snippet":"max-snippet:-1","max-image-preview":"max-image-preview:large","max-video-preview":"max-video-preview:-1"},"canonical":"https:\/\/www.alldayled.com\/de\/produkt\/strands-dt2-splitter-kabel\/","og_locale":"de_DE","og_type":"article","og_title":"Strands DT2 Splitter - All Day Led - geeignet f\u00fcr 12 & 24 V","og_description":"Strands DT2 Splitter - Stecker\/Buchse-Anschluss - Deutsch DT2 Stecker - 2 x 1,5 mm\u00b2 Kabel - geeignet f\u00fcr 12 & 24 V - 50 cm Kabel","og_url":"https:\/\/www.alldayled.com\/de\/produkt\/strands-dt2-splitter-kabel\/","og_site_name":"All Day Led","article_publisher":"https:\/\/www.facebook.com\/alldayled\/","article_modified_time":"2026-02-27T11:29:53+00:00","og_image":[{"url":"https:\/\/www.alldayled.com\/wp-content\/uploads\/2024\/11\/ADL270442.01-300x300.png","type":"","width":"","height":""}],"twitter_misc":{"Preis":"&euro;&nbsp;24,95","Verf\u00fcgbarkeit":"Auf Lager"},"schema":{"@context":"https:\/\/schema.org","@graph":[{"@type":"WebPage","@id":"https:\/\/www.alldayled.com\/de\/produkt\/strands-dt2-splitter-kabel\/","url":"https:\/\/www.alldayled.com\/de\/produkt\/strands-dt2-splitter-kabel\/","name":"Strands DT2 Splitter - All Day Led - geeignet f\u00fcr 12 & 24 V","isPartOf":{"@id":"https:\/\/www.alldayled.com\/de\/#website"},"primaryImageOfPage":{"@id":"https:\/\/www.alldayled.com\/de\/produkt\/strands-dt2-splitter-kabel\/#primaryimage"},"image":{"@id":"https:\/\/www.alldayled.com\/de\/produkt\/strands-dt2-splitter-kabel\/#primaryimage"},"thumbnailUrl":"https:\/\/www.alldayled.com\/wp-content\/uploads\/2022\/12\/ADL70442.png","datePublished":"2022-12-27T18:15:42+00:00","dateModified":"2026-02-27T11:29:53+00:00","description":"Strands DT2 Splitter - Stecker\/Buchse-Anschluss - Deutsch DT2 Stecker - 2 x 1,5 mm\u00b2 Kabel - geeignet f\u00fcr 12 & 24 V - 50 cm Kabel","breadcrumb":{"@id":"https:\/\/www.alldayled.com\/de\/produkt\/strands-dt2-splitter-kabel\/#breadcrumb"},"inLanguage":"de","potentialAction":[{"@type":"ReadAction","target":["https:\/\/www.alldayled.com\/de\/produkt\/strands-dt2-splitter-kabel\/"]}]},{"@type":"ImageObject","inLanguage":"de","@id":"https:\/\/www.alldayled.com\/de\/produkt\/strands-dt2-splitter-kabel\/#primaryimage","url":"https:\/\/www.alldayled.com\/wp-content\/uploads\/2022\/12\/ADL70442.png","contentUrl":"https:\/\/www.alldayled.com\/wp-content\/uploads\/2022\/12\/ADL70442.png","width":800,"height":600,"caption":"Strands DT2 Splitterkabel - ein Kabel mit 2x DT2-Buchsen und 1 Stecker - f\u00fcr 12 &amp; 24 Volt - EAN: 7323030180102"},{"@type":"BreadcrumbList","@id":"https:\/\/www.alldayled.com\/de\/produkt\/strands-dt2-splitter-kabel\/#breadcrumb","itemListElement":[{"@type":"ListItem","position":1,"name":"Home","item":"https:\/\/www.alldayled.com\/de\/"},{"@type":"ListItem","position":2,"name":"Shop","item":"https:\/\/www.alldayled.com\/de\/shop\/"},{"@type":"ListItem","position":3,"name":"Arbeitsscheinwerfer","item":"https:\/\/www.alldayled.com\/de\/produkt-kategorie\/arbeitsscheinwerfer\/"},{"@type":"ListItem","position":4,"name":"Arbeitsscheinwerfer Zubeh\u00f6r","item":"https:\/\/www.alldayled.com\/de\/produkt-kategorie\/arbeitsscheinwerfer\/werklamp-toebehoren\/"},{"@type":"ListItem","position":5,"name":"Strands DT2 Splitter"}]},{"@type":"WebSite","@id":"https:\/\/www.alldayled.com\/de\/#website","url":"https:\/\/www.alldayled.com\/de\/","name":"All Day Led","description":"Verlichting voor 12&amp;24 volt gebruik","publisher":{"@id":"https:\/\/www.alldayled.com\/de\/#organization"},"potentialAction":[{"@type":"SearchAction","target":{"@type":"EntryPoint","urlTemplate":"https:\/\/www.alldayled.com\/de\/?s={search_term_string}"},"query-input":{"@type":"PropertyValueSpecification","valueRequired":true,"valueName":"search_term_string"}}],"inLanguage":"de"},{"@type":"Organization","@id":"https:\/\/www.alldayled.com\/de\/#organization","name":"All Day Led","url":"https:\/\/www.alldayled.com\/de\/","logo":{"@type":"ImageObject","inLanguage":"de","@id":"https:\/\/www.alldayled.com\/de\/#\/schema\/logo\/image\/","url":"https:\/\/www.alldayled.com\/wp-content\/uploads\/2025\/10\/Logo-ALL-DAY-LED-800x800-zwart-witte-letters.png","contentUrl":"https:\/\/www.alldayled.com\/wp-content\/uploads\/2025\/10\/Logo-ALL-DAY-LED-800x800-zwart-witte-letters.png","width":800,"height":800,"caption":"All Day Led"},"image":{"@id":"https:\/\/www.alldayled.com\/de\/#\/schema\/logo\/image\/"},"sameAs":["https:\/\/www.facebook.com\/alldayled\/","https:\/\/www.instagram.com\/alldayled\/"],"vatID":"NL863960133B01","taxID":"86416545"}]},"product_brand":"Strands","product_price_amount":"24.95","product_price_currency":"EUR","og_availability":"instock","product_availability":"instock","product_retailer_item_id":"ADL270442","product_condition":"new"},"_links":{"self":[{"href":"https:\/\/www.alldayled.com\/de\/wp-json\/wp\/v2\/product\/67760","targetHints":{"allow":["GET"]}}],"collection":[{"href":"https:\/\/www.alldayled.com\/de\/wp-json\/wp\/v2\/product"}],"about":[{"href":"https:\/\/www.alldayled.com\/de\/wp-json\/wp\/v2\/types\/product"}],"replies":[{"embeddable":true,"href":"https:\/\/www.alldayled.com\/de\/wp-json\/wp\/v2\/comments?post=67760"}],"wp:featuredmedia":[{"embeddable":true,"href":"https:\/\/www.alldayled.com\/de\/wp-json\/wp\/v2\/media\/23013"}],"wp:attachment":[{"href":"https:\/\/www.alldayled.com\/de\/wp-json\/wp\/v2\/media?parent=67760"}],"wp:term":[{"taxonomy":"product_brand","embeddable":true,"href":"https:\/\/www.alldayled.com\/de\/wp-json\/wp\/v2\/product_brand?post=67760"},{"taxonomy":"product_cat","embeddable":true,"href":"https:\/\/www.alldayled.com\/de\/wp-json\/wp\/v2\/product_cat?post=67760"},{"taxonomy":"product_tag","embeddable":true,"href":"https:\/\/www.alldayled.com\/de\/wp-json\/wp\/v2\/product_tag?post=67760"}],"curies":[{"name":"wp","href":"https:\/\/api.w.org\/{rel}","templated":true}]}}