{"id":67764,"date":"2022-12-27T20:10:07","date_gmt":"2022-12-27T19:10:07","guid":{"rendered":"https:\/\/www.alldayled.com\/product\/strands-siberia-kabel-kit-met-3x-dt4-stekker-12v\/"},"modified":"2026-03-31T08:51:47","modified_gmt":"2026-03-31T06:51:47","slug":"strands-siberia-kabel-kit-met-3x-dt4-stekker-12v","status":"publish","type":"product","link":"https:\/\/www.alldayled.com\/de\/produkt\/strands-siberia-kabel-kit-met-3x-dt4-stekker-12v\/","title":{"rendered":"Strands Siberia Kabelsatz mit 3x DT4 Stecker 12V"},"content":{"rendered":"<p><span style=\"color: #000000;\"><strong>Strands Siberia Kabelsatz mit 3x DT4 Stecker, f\u00fcr 12 Volt. <\/strong><\/span><\/p>\n<p><span style=\"color: #000000;\">Haben Sie drei Lampen mit einem DT4-Anschluss gekauft und m\u00f6chten Sie diese \u00fcber einen vorverdrahteten Schalter verwenden? Dann ist der Strands Kabelsatz mit 3x DT4-Stecker vielleicht genau das, was Sie suchen. Das VDE-Kabel ist 2,5 Meter lang und mit einem DT4-Stecker am Ende versehen. Der vollst\u00e4ndig wasserdichte Strands Kabelsatz enth\u00e4lt ein 12V &#8211; 30A Relais und ist daher f\u00fcr 12 Volt geeignet. Das bedeutet, dass Sie den Kabelsatz in Ihrem Auto, Anh\u00e4nger, Traktor oder einem anderen Fahrzeug verwenden k\u00f6nnen. Achtung: Wenn Sie das Relais durch eine 24V-Variante ersetzen, k\u00f6nnen Sie den Kabelsatz auch f\u00fcr beispielsweise Ihren LKW verwenden.     <\/span><\/p>\n<p><span style=\"color: #000000;\">Um sicherzustellen, dass der Strands Kabelsatz mit 3x DT4-Stecker f\u00fcr Ihr Fahrzeug oder Ihren Anh\u00e4nger geeignet ist, haben wir die wichtigsten Spezifikationen unten aufgelistet. So sehen Sie direkt, warum dies vielleicht der Kabelsatz ist, den Sie suchen. Das Anschlusskabel ist mit einem Kabel von 1,5 mm\u00b2 Dicke ausgestattet. Dadurch k\u00f6nnen Sie eine Lampe bis maximal 145W anschlie\u00dfen. Wenn Sie den DT4-Stecker entfernen, k\u00f6nnen Sie sogar bis maximal 550W anschlie\u00dfen.    <\/span><\/p>\n<h5><span style=\"color: #000000;\"><strong>Sonstige Kabel: <\/strong><\/span><\/h5>\n<p><span style=\"color: #000000;\">Sind Sie auf der Suche nach einem Anschlusskabel von Strands, aber der Kabelsatz mit 3x DT4-Stecker ist nicht das, was Sie suchen? Dann schauen Sie sich hier die \u00fcbrigen Kabel an, die Strands anbietet: <\/span><\/p>\n<ul>\n<li><span style=\"color: #000000;\"><a style=\"color: #000000;\" href=\"https:\/\/www.alldayled.com\/de\/produkt\/strands-siberia-kabel-kit-met-1x-dt4-stekker-12v\/\" target=\"_blank\" rel=\"noopener\"><strong>Kabelsatz mit 1* DT Stecker<\/strong><\/a><\/span><\/li>\n<\/ul>\n<p><span style=\"color: #000000;\">Sind Sie dennoch der Meinung, dass der Strands Siberia Kabelsatz mit 3x DT4 Stecker nicht das ist, was Sie suchen? Einfach weil der Stecker, die Spannung oder die Kabell\u00e4nge nicht Ihren W\u00fcnschen entspricht? Dann werfen Sie auch einen Blick auf unsere Seite <g id=\"gid_0\">Fassungen und Kabel<\/g>. Vielleicht finden Sie hier die Fassung oder das Kabel, das Sie suchen.    <\/span><\/p>\n","protected":false},"excerpt":{"rendered":"<p>Siberia Kabelsatz mit 3x DT4 Stecker, f\u00fcr 12 Volt. Ausgestattet mit 2,5 Meter Kabel. <\/p>\n","protected":false},"featured_media":26601,"comment_status":"open","ping_status":"closed","template":"","meta":{"_acf_changed":false},"product_brand":[5114],"product_cat":[5336,5330],"product_tag":[9065],"class_list":{"0":"post-67764","1":"product","2":"type-product","3":"status-publish","4":"has-post-thumbnail","6":"product_brand-product-strands-lighting-division","7":"product_cat-werklamp-toebehoren","8":"product_cat-fittingen-en-kabels","9":"product_tag-strands-lighting-division","11":"first","12":"instock","13":"taxable","14":"shipping-taxable","15":"purchasable","16":"product-type-simple"},"acf":[],"yoast_head":"<!-- This site is optimized with the Yoast SEO Premium plugin v26.5 (Yoast SEO v27.1.1) - https:\/\/yoast.com\/product\/yoast-seo-premium-wordpress\/ -->\n<title>Strands Siberia Kabelsatz 3x DT4 Stecker - All Day Led - f\u00fcr 12 Volt<\/title>\n<meta name=\"description\" content=\"Strands Siberia Kabelsatz 3x DT4 Stecker - weiblicher Anschluss - mit Ein\/Aus-Schalter - 2 x 1,5MM\u00b2 Kabel - f\u00fcr 12 Volt Relais - 3 Meter Kabel\" \/>\n<meta name=\"robots\" content=\"index, follow, max-snippet:-1, max-image-preview:large, max-video-preview:-1\" \/>\n<link rel=\"canonical\" href=\"https:\/\/www.alldayled.com\/de\/produkt\/strands-siberia-kabel-kit-met-3x-dt4-stekker-12v\/\" \/>\n<meta property=\"og:locale\" content=\"de_DE\" \/>\n<meta property=\"og:type\" content=\"article\" \/>\n<meta property=\"og:title\" content=\"Strands Siberia Kabelsatz 3x DT4 Stecker - All Day Led - f\u00fcr 12 Volt\" \/>\n<meta property=\"og:description\" content=\"Strands Siberia Kabelsatz 3x DT4 Stecker - weiblicher Anschluss - mit Ein\/Aus-Schalter - 2 x 1,5MM\u00b2 Kabel - f\u00fcr 12 Volt Relais - 3 Meter Kabel\" \/>\n<meta property=\"og:url\" content=\"https:\/\/www.alldayled.com\/de\/produkt\/strands-siberia-kabel-kit-met-3x-dt4-stekker-12v\/\" \/>\n<meta property=\"og:site_name\" content=\"All Day Led\" \/>\n<meta property=\"article:publisher\" content=\"https:\/\/www.facebook.com\/alldayled\/\" \/>\n<meta property=\"article:modified_time\" content=\"2026-03-31T06:51:47+00:00\" \/>\n<meta property=\"og:image\" content=\"https:\/\/www.alldayled.com\/wp-content\/uploads\/2024\/11\/ADL270479.01-300x300.png\" \/>\n<meta name=\"twitter:label1\" content=\"Preis\" \/>\n\t<meta name=\"twitter:data1\" content=\"&euro;&nbsp;64,95\" \/>\n\t<meta name=\"twitter:label2\" content=\"Verf\u00fcgbarkeit\" \/>\n\t<meta name=\"twitter:data2\" content=\"Auf Lager\" \/>\n<script type=\"application\/ld+json\" class=\"yoast-schema-graph\">{\"@context\":\"https:\/\/schema.org\",\"@graph\":[{\"@type\":\"WebPage\",\"@id\":\"https:\/\/www.alldayled.com\/de\/produkt\/strands-siberia-kabel-kit-met-3x-dt4-stekker-12v\/\",\"url\":\"https:\/\/www.alldayled.com\/de\/produkt\/strands-siberia-kabel-kit-met-3x-dt4-stekker-12v\/\",\"name\":\"Strands Siberia Kabelsatz 3x DT4 Stecker - All Day Led - f\u00fcr 12 Volt\",\"isPartOf\":{\"@id\":\"https:\/\/www.alldayled.com\/de\/#website\"},\"primaryImageOfPage\":{\"@id\":\"https:\/\/www.alldayled.com\/de\/produkt\/strands-siberia-kabel-kit-met-3x-dt4-stekker-12v\/#primaryimage\"},\"image\":{\"@id\":\"https:\/\/www.alldayled.com\/de\/produkt\/strands-siberia-kabel-kit-met-3x-dt4-stekker-12v\/#primaryimage\"},\"thumbnailUrl\":\"https:\/\/www.alldayled.com\/wp-content\/uploads\/2023\/12\/ADL70479.png\",\"datePublished\":\"2022-12-27T19:10:07+00:00\",\"dateModified\":\"2026-03-31T06:51:47+00:00\",\"description\":\"Strands Siberia Kabelsatz 3x DT4 Stecker - weiblicher Anschluss - mit Ein\/Aus-Schalter - 2 x 1,5MM\u00b2 Kabel - f\u00fcr 12 Volt Relais - 3 Meter Kabel\",\"breadcrumb\":{\"@id\":\"https:\/\/www.alldayled.com\/de\/produkt\/strands-siberia-kabel-kit-met-3x-dt4-stekker-12v\/#breadcrumb\"},\"inLanguage\":\"de\",\"potentialAction\":[{\"@type\":\"ReadAction\",\"target\":[\"https:\/\/www.alldayled.com\/de\/produkt\/strands-siberia-kabel-kit-met-3x-dt4-stekker-12v\/\"]}]},{\"@type\":\"ImageObject\",\"inLanguage\":\"de\",\"@id\":\"https:\/\/www.alldayled.com\/de\/produkt\/strands-siberia-kabel-kit-met-3x-dt4-stekker-12v\/#primaryimage\",\"url\":\"https:\/\/www.alldayled.com\/wp-content\/uploads\/2023\/12\/ADL70479.png\",\"contentUrl\":\"https:\/\/www.alldayled.com\/wp-content\/uploads\/2023\/12\/ADL70479.png\",\"width\":800,\"height\":600,\"caption\":\"Strands Siberia Kabelsatz mit 3x DT4 Anschluss - Anschlussset LED Beleuchtung f\u00fcr 12 Volt - EAN: 7350133811718\"},{\"@type\":\"BreadcrumbList\",\"@id\":\"https:\/\/www.alldayled.com\/de\/produkt\/strands-siberia-kabel-kit-met-3x-dt4-stekker-12v\/#breadcrumb\",\"itemListElement\":[{\"@type\":\"ListItem\",\"position\":1,\"name\":\"Home\",\"item\":\"https:\/\/www.alldayled.com\/de\/\"},{\"@type\":\"ListItem\",\"position\":2,\"name\":\"Shop\",\"item\":\"https:\/\/www.alldayled.com\/de\/shop\/\"},{\"@type\":\"ListItem\",\"position\":3,\"name\":\"Arbeitsscheinwerfer\",\"item\":\"https:\/\/www.alldayled.com\/de\/produkt-kategorie\/arbeitsscheinwerfer\/\"},{\"@type\":\"ListItem\",\"position\":4,\"name\":\"Arbeitsscheinwerfer Zubeh\u00f6r\",\"item\":\"https:\/\/www.alldayled.com\/de\/produkt-kategorie\/arbeitsscheinwerfer\/werklamp-toebehoren\/\"},{\"@type\":\"ListItem\",\"position\":5,\"name\":\"Strands Siberia Kabelsatz mit 3x DT4 Stecker 12V\"}]},{\"@type\":\"WebSite\",\"@id\":\"https:\/\/www.alldayled.com\/de\/#website\",\"url\":\"https:\/\/www.alldayled.com\/de\/\",\"name\":\"All Day Led\",\"description\":\"Verlichting voor 12&amp;24 volt gebruik\",\"publisher\":{\"@id\":\"https:\/\/www.alldayled.com\/de\/#organization\"},\"potentialAction\":[{\"@type\":\"SearchAction\",\"target\":{\"@type\":\"EntryPoint\",\"urlTemplate\":\"https:\/\/www.alldayled.com\/de\/?s={search_term_string}\"},\"query-input\":{\"@type\":\"PropertyValueSpecification\",\"valueRequired\":true,\"valueName\":\"search_term_string\"}}],\"inLanguage\":\"de\"},{\"@type\":\"Organization\",\"@id\":\"https:\/\/www.alldayled.com\/de\/#organization\",\"name\":\"All Day Led\",\"url\":\"https:\/\/www.alldayled.com\/de\/\",\"logo\":{\"@type\":\"ImageObject\",\"inLanguage\":\"de\",\"@id\":\"https:\/\/www.alldayled.com\/de\/#\/schema\/logo\/image\/\",\"url\":\"https:\/\/www.alldayled.com\/wp-content\/uploads\/2025\/10\/Logo-ALL-DAY-LED-800x800-zwart-witte-letters.png\",\"contentUrl\":\"https:\/\/www.alldayled.com\/wp-content\/uploads\/2025\/10\/Logo-ALL-DAY-LED-800x800-zwart-witte-letters.png\",\"width\":800,\"height\":800,\"caption\":\"All Day Led\"},\"image\":{\"@id\":\"https:\/\/www.alldayled.com\/de\/#\/schema\/logo\/image\/\"},\"sameAs\":[\"https:\/\/www.facebook.com\/alldayled\/\",\"https:\/\/www.instagram.com\/alldayled\/\"],\"vatID\":\"NL863960133B01\",\"taxID\":\"86416545\"}]}<\/script>\n<meta property=\"product:brand\" content=\"Strands\" \/>\n<meta property=\"product:price:amount\" content=\"64.95\" \/>\n<meta property=\"product:price:currency\" content=\"EUR\" \/>\n<meta property=\"og:availability\" content=\"instock\" \/>\n<meta property=\"product:availability\" content=\"instock\" \/>\n<meta property=\"product:retailer_item_id\" content=\"ADL270479\" \/>\n<meta property=\"product:condition\" content=\"new\" \/>\n<!-- \/ Yoast SEO Premium plugin. -->","yoast_head_json":{"title":"Strands Siberia Kabelsatz 3x DT4 Stecker - All Day Led - f\u00fcr 12 Volt","description":"Strands Siberia Kabelsatz 3x DT4 Stecker - weiblicher Anschluss - mit Ein\/Aus-Schalter - 2 x 1,5MM\u00b2 Kabel - f\u00fcr 12 Volt Relais - 3 Meter Kabel","robots":{"index":"index","follow":"follow","max-snippet":"max-snippet:-1","max-image-preview":"max-image-preview:large","max-video-preview":"max-video-preview:-1"},"canonical":"https:\/\/www.alldayled.com\/de\/produkt\/strands-siberia-kabel-kit-met-3x-dt4-stekker-12v\/","og_locale":"de_DE","og_type":"article","og_title":"Strands Siberia Kabelsatz 3x DT4 Stecker - All Day Led - f\u00fcr 12 Volt","og_description":"Strands Siberia Kabelsatz 3x DT4 Stecker - weiblicher Anschluss - mit Ein\/Aus-Schalter - 2 x 1,5MM\u00b2 Kabel - f\u00fcr 12 Volt Relais - 3 Meter Kabel","og_url":"https:\/\/www.alldayled.com\/de\/produkt\/strands-siberia-kabel-kit-met-3x-dt4-stekker-12v\/","og_site_name":"All Day Led","article_publisher":"https:\/\/www.facebook.com\/alldayled\/","article_modified_time":"2026-03-31T06:51:47+00:00","og_image":[{"url":"https:\/\/www.alldayled.com\/wp-content\/uploads\/2024\/11\/ADL270479.01-300x300.png","type":"","width":"","height":""}],"twitter_misc":{"Preis":"&euro;&nbsp;64,95","Verf\u00fcgbarkeit":"Auf Lager"},"schema":{"@context":"https:\/\/schema.org","@graph":[{"@type":"WebPage","@id":"https:\/\/www.alldayled.com\/de\/produkt\/strands-siberia-kabel-kit-met-3x-dt4-stekker-12v\/","url":"https:\/\/www.alldayled.com\/de\/produkt\/strands-siberia-kabel-kit-met-3x-dt4-stekker-12v\/","name":"Strands Siberia Kabelsatz 3x DT4 Stecker - All Day Led - f\u00fcr 12 Volt","isPartOf":{"@id":"https:\/\/www.alldayled.com\/de\/#website"},"primaryImageOfPage":{"@id":"https:\/\/www.alldayled.com\/de\/produkt\/strands-siberia-kabel-kit-met-3x-dt4-stekker-12v\/#primaryimage"},"image":{"@id":"https:\/\/www.alldayled.com\/de\/produkt\/strands-siberia-kabel-kit-met-3x-dt4-stekker-12v\/#primaryimage"},"thumbnailUrl":"https:\/\/www.alldayled.com\/wp-content\/uploads\/2023\/12\/ADL70479.png","datePublished":"2022-12-27T19:10:07+00:00","dateModified":"2026-03-31T06:51:47+00:00","description":"Strands Siberia Kabelsatz 3x DT4 Stecker - weiblicher Anschluss - mit Ein\/Aus-Schalter - 2 x 1,5MM\u00b2 Kabel - f\u00fcr 12 Volt Relais - 3 Meter Kabel","breadcrumb":{"@id":"https:\/\/www.alldayled.com\/de\/produkt\/strands-siberia-kabel-kit-met-3x-dt4-stekker-12v\/#breadcrumb"},"inLanguage":"de","potentialAction":[{"@type":"ReadAction","target":["https:\/\/www.alldayled.com\/de\/produkt\/strands-siberia-kabel-kit-met-3x-dt4-stekker-12v\/"]}]},{"@type":"ImageObject","inLanguage":"de","@id":"https:\/\/www.alldayled.com\/de\/produkt\/strands-siberia-kabel-kit-met-3x-dt4-stekker-12v\/#primaryimage","url":"https:\/\/www.alldayled.com\/wp-content\/uploads\/2023\/12\/ADL70479.png","contentUrl":"https:\/\/www.alldayled.com\/wp-content\/uploads\/2023\/12\/ADL70479.png","width":800,"height":600,"caption":"Strands Siberia Kabelsatz mit 3x DT4 Anschluss - Anschlussset LED Beleuchtung f\u00fcr 12 Volt - EAN: 7350133811718"},{"@type":"BreadcrumbList","@id":"https:\/\/www.alldayled.com\/de\/produkt\/strands-siberia-kabel-kit-met-3x-dt4-stekker-12v\/#breadcrumb","itemListElement":[{"@type":"ListItem","position":1,"name":"Home","item":"https:\/\/www.alldayled.com\/de\/"},{"@type":"ListItem","position":2,"name":"Shop","item":"https:\/\/www.alldayled.com\/de\/shop\/"},{"@type":"ListItem","position":3,"name":"Arbeitsscheinwerfer","item":"https:\/\/www.alldayled.com\/de\/produkt-kategorie\/arbeitsscheinwerfer\/"},{"@type":"ListItem","position":4,"name":"Arbeitsscheinwerfer Zubeh\u00f6r","item":"https:\/\/www.alldayled.com\/de\/produkt-kategorie\/arbeitsscheinwerfer\/werklamp-toebehoren\/"},{"@type":"ListItem","position":5,"name":"Strands Siberia Kabelsatz mit 3x DT4 Stecker 12V"}]},{"@type":"WebSite","@id":"https:\/\/www.alldayled.com\/de\/#website","url":"https:\/\/www.alldayled.com\/de\/","name":"All Day Led","description":"Verlichting voor 12&amp;24 volt gebruik","publisher":{"@id":"https:\/\/www.alldayled.com\/de\/#organization"},"potentialAction":[{"@type":"SearchAction","target":{"@type":"EntryPoint","urlTemplate":"https:\/\/www.alldayled.com\/de\/?s={search_term_string}"},"query-input":{"@type":"PropertyValueSpecification","valueRequired":true,"valueName":"search_term_string"}}],"inLanguage":"de"},{"@type":"Organization","@id":"https:\/\/www.alldayled.com\/de\/#organization","name":"All Day Led","url":"https:\/\/www.alldayled.com\/de\/","logo":{"@type":"ImageObject","inLanguage":"de","@id":"https:\/\/www.alldayled.com\/de\/#\/schema\/logo\/image\/","url":"https:\/\/www.alldayled.com\/wp-content\/uploads\/2025\/10\/Logo-ALL-DAY-LED-800x800-zwart-witte-letters.png","contentUrl":"https:\/\/www.alldayled.com\/wp-content\/uploads\/2025\/10\/Logo-ALL-DAY-LED-800x800-zwart-witte-letters.png","width":800,"height":800,"caption":"All Day Led"},"image":{"@id":"https:\/\/www.alldayled.com\/de\/#\/schema\/logo\/image\/"},"sameAs":["https:\/\/www.facebook.com\/alldayled\/","https:\/\/www.instagram.com\/alldayled\/"],"vatID":"NL863960133B01","taxID":"86416545"}]},"product_brand":"Strands","product_price_amount":"64.95","product_price_currency":"EUR","og_availability":"instock","product_availability":"instock","product_retailer_item_id":"ADL270479","product_condition":"new"},"_links":{"self":[{"href":"https:\/\/www.alldayled.com\/de\/wp-json\/wp\/v2\/product\/67764","targetHints":{"allow":["GET"]}}],"collection":[{"href":"https:\/\/www.alldayled.com\/de\/wp-json\/wp\/v2\/product"}],"about":[{"href":"https:\/\/www.alldayled.com\/de\/wp-json\/wp\/v2\/types\/product"}],"replies":[{"embeddable":true,"href":"https:\/\/www.alldayled.com\/de\/wp-json\/wp\/v2\/comments?post=67764"}],"wp:featuredmedia":[{"embeddable":true,"href":"https:\/\/www.alldayled.com\/de\/wp-json\/wp\/v2\/media\/26601"}],"wp:attachment":[{"href":"https:\/\/www.alldayled.com\/de\/wp-json\/wp\/v2\/media?parent=67764"}],"wp:term":[{"taxonomy":"product_brand","embeddable":true,"href":"https:\/\/www.alldayled.com\/de\/wp-json\/wp\/v2\/product_brand?post=67764"},{"taxonomy":"product_cat","embeddable":true,"href":"https:\/\/www.alldayled.com\/de\/wp-json\/wp\/v2\/product_cat?post=67764"},{"taxonomy":"product_tag","embeddable":true,"href":"https:\/\/www.alldayled.com\/de\/wp-json\/wp\/v2\/product_tag?post=67764"}],"curies":[{"name":"wp","href":"https:\/\/api.w.org\/{rel}","templated":true}]}}