{"id":67766,"date":"2024-07-19T07:14:44","date_gmt":"2024-07-19T05:14:44","guid":{"rendered":"https:\/\/www.alldayled.com\/product\/strands-firefly-one-verstraler\/"},"modified":"2024-07-19T07:14:44","modified_gmt":"2024-07-19T05:14:44","slug":"strands-firefly-one-verstraler","status":"publish","type":"product","link":"https:\/\/www.alldayled.com\/de\/produkt\/strands-firefly-one-verstraler\/","title":{"rendered":"Strands Firefly One Scheinwerfer"},"content":{"rendered":"<p><span style=\"color: #000000;\"><strong>Strands Firefly One Scheinwerfer mit Blitzlampe, f\u00fcr 12 und 24 Volt.<\/strong> <\/span><\/p>\n<p><span style=\"color: #000000;\">M\u00f6chten Sie Ihr Auto, Ihren LKW, Ihren Transporter oder ein anderes Fahrzeug mit einem neuen Typ Scheinwerfer ausstatten, wissen aber nicht genau, was Sie suchen? Dann ist der Firefly ONE full LED Scheinwerfer mit zweifarbigem Standlicht vielleicht die Lampe, die Sie <\/span><span style=\"color: #000000;\">suchen. Der vollst\u00e4ndig ECE-gepr\u00fcfte Scheinwerfer ist mit 22 LED-Punkten ausgestattet und hat eine theoretische Lichtleistung von 15.400 Lumen. Au\u00dferdem ist der Strands Firefly Scheinwerfer mit 12 und 24 Volt kompatibel und wird mit einem 2,5 Meter langen Anschlusskabel geliefert.<\/span><\/p>\n<p><span style=\"color: #000000;\">Da Sie vor dem Kauf sicher sein wollen, dass der Strands Firefly One Scheinwerfer SCHWARZ f\u00fcr Ihr Fahrzeug geeignet ist, haben wir unten eine Reihe von Spezifikationen aufgef\u00fchrt. All dies, um deutlich zu machen, warum dies vielleicht die Lampe ist, die Sie suchen. Die full LED ist mit dem ECE R10-Pr\u00fcfzeichen versehen. Dieses Pr\u00fcfzeichen gibt an, dass die Lampe w\u00e4hrend der Aktivierung keine St\u00f6rungen verursacht, z. B. des Funksignals. Schlie\u00dflich ist der full LED Scheinwerfer mit dem ECE R65 ECE R148 und R149-Pr\u00fcfzeichen versehen. Diese Pr\u00fcfzeichen zeigen an, dass der Strands full LED Scheinwerfer vollst\u00e4ndig f\u00fcr den \u00f6ffentlichen Stra\u00dfenverkehr zugelassen ist.     <\/span><\/p>\n<h5><span style=\"color: #000000;\"><strong>Abmessungen:<\/strong><\/span><\/h5>\n<p><span style=\"color: #000000;\">Um sicherzustellen, dass Sie die LED Lampe an Ihrem Fahrzeug montieren k\u00f6nnen, wo Sie m\u00f6chten, haben wir unten die Abmessungen der Lampe aufgef\u00fchrt. Die Abmessungen des Strands Firefly One Scheinwerfers sind wie folgt: <\/span><\/p>\n<ul>\n<li><span style=\"color: #000000;\">H\u00f6he: 154,5 (172 mm inkl. Halterung)<\/span><\/li>\n<li><span style=\"color: #000000;\">Breite: 245 mm<\/span><\/li>\n<li><span style=\"color: #000000;\">Dicke: 79,5 mm<\/span><\/li>\n<\/ul>\n<h5><span style=\"color: #000000;\"><strong>Andere Versionen:<\/strong><\/span><\/h5>\n<p><span style=\"color: #000000;\">Sind Sie auf der Suche nach einer LED Lampe aus der Strands Firefly-Linie? Aber ist der Strands Firefly One Scheinwerfer SCHWARZ nicht die Lampe, die Sie suchen? Dann wissen Sie, dass die Firefly-Linie der Marke Strands auch noch diverse andere Lampenarten kennt. Nachfolgend finden Sie eine Aufstellung der \u00fcbrigen Modelle, die Strands anbietet:   <\/span><\/p>\n<ul>\n<li><span style=\"color: #000000;\"><a style=\"color: #000000;\" href=\"https:\/\/www.alldayled.com\/de\/produkt\/strands-firefly-verstraler-9inch-zwart\/\"><strong>Firefly Scheinwerfer 9&#8220; schwarz<\/strong><\/a><\/span><\/li>\n<li><span style=\"color: #000000;\"><a style=\"color: #000000;\" href=\"https:\/\/www.alldayled.com\/de\/produkt\/strands-firefly-verstraler-9inch-wit\/\"><strong>Firefly Scheinwerfer 9&#8220; wei\u00df<\/strong><\/a><\/span><\/li>\n<li><span style=\"color: #000000;\"><strong><a style=\"color: #000000;\" href=\"https:\/\/www.alldayled.com\/de\/produkt\/strands-firefly-led-bar-20-inch\/\">Firefly LED bar 20&#8220;<\/a><\/strong><\/span><\/li>\n<li><span style=\"color: #000000;\"><a style=\"color: #000000;\" href=\"https:\/\/www.alldayled.com\/de\/produkt\/strands-firefly-led-bar-10-inch\/\"><strong>Firefly LED bar 10&#8220;<\/strong><\/a><\/span><\/li>\n<li><span style=\"color: #000000;\"><a style=\"color: #000000;\" href=\"https:\/\/www.alldayled.com\/de\/produkt\/strands-firefly-best-view-led-lamp\/\"><strong>Firefly best view<\/strong><\/a><\/span><\/li>\n<\/ul>\n<p><span style=\"color: #000000;\">Sind Sie immer noch nicht davon \u00fcberzeugt, dass der Strands Firefly One Scheinwerfer die LED Lampe ist, die Sie suchen? Einfach, weil die Form, die Lichtleistung oder die Wattzahl nicht Ihren W\u00fcnschen entsprechen? Dann sehen Sie sich hier das komplette Angebot von <a style=\"color: #000000;\" href=\"https:\/\/www.alldayled.com\/de\/marke\/product-strands-lighting-division\/\" target=\"_blank\" rel=\"noopener\">Strands<\/a> an. Vielleicht finden Sie hier die Lampe oder das Zubeh\u00f6r, das Sie suchen.  <\/span><\/p>\n","protected":false},"excerpt":{"rendered":"<p>Strands Firefly One LED Scheinwerfer 12\/24V mit Blitzlampe und Dual Color Standlicht.<\/p>\n","protected":false},"featured_media":29427,"comment_status":"open","ping_status":"closed","template":"","meta":{"_acf_changed":false},"product_brand":[5114],"product_cat":[5382],"product_tag":[9075,9079,9077,9078,9076,9074,9064,9065],"class_list":{"0":"post-67766","1":"product","2":"type-product","3":"status-publish","4":"has-post-thumbnail","6":"product_brand-product-strands-lighting-division","7":"product_cat-verstraler-ovaal","8":"product_tag-led-scheinwerfer-auto","9":"product_tag-led-scheinwerfer-lkw","10":"product_tag-led-scheinwerfer-tonabnehmer","11":"product_tag-led-scheinwerfer-traktor","12":"product_tag-led-scheinwerfer-wohnmobil","13":"product_tag-scheinwerfer-mit-stadtlicht","14":"product_tag-strands-led-beleuchtung","15":"product_tag-strands-lighting-division","17":"first","18":"instock","19":"taxable","20":"shipping-taxable","21":"purchasable","22":"product-type-simple"},"acf":[],"yoast_head":"<!-- This site is optimized with the Yoast SEO Premium plugin v26.5 (Yoast SEO v27.1.1) - https:\/\/yoast.com\/product\/yoast-seo-premium-wordpress\/ -->\n<title>Strands Firefly One Scheinwerfer - FULL LED LAMP - All Day Led - 12&amp;24V<\/title>\n<meta name=\"description\" content=\"Strands Firefly One Scheinwerfer - Strands - f\u00fcr 12&amp;24V - 15.400 Lumen! - mit orange - wei\u00dfem Standlicht - 1 Lux auf 502 Meter! - ECE R148 und R149 Pr\u00fcfzeichen\" \/>\n<meta name=\"robots\" content=\"index, follow, max-snippet:-1, max-image-preview:large, max-video-preview:-1\" \/>\n<link rel=\"canonical\" href=\"https:\/\/www.alldayled.com\/de\/produkt\/strands-firefly-one-verstraler\/\" \/>\n<meta property=\"og:locale\" content=\"de_DE\" \/>\n<meta property=\"og:type\" content=\"article\" \/>\n<meta property=\"og:title\" content=\"Strands Firefly One Scheinwerfer - FULL LED LAMP - All Day Led - 12&amp;24V\" \/>\n<meta property=\"og:description\" content=\"Strands Firefly One Scheinwerfer - Strands - f\u00fcr 12&amp;24V - 15.400 Lumen! - mit orange - wei\u00dfem Standlicht - 1 Lux auf 502 Meter! - ECE R148 und R149 Pr\u00fcfzeichen\" \/>\n<meta property=\"og:url\" content=\"https:\/\/www.alldayled.com\/de\/produkt\/strands-firefly-one-verstraler\/\" \/>\n<meta property=\"og:site_name\" content=\"All Day Led\" \/>\n<meta property=\"article:publisher\" content=\"https:\/\/www.facebook.com\/alldayled\/\" \/>\n<meta property=\"og:image\" content=\"https:\/\/www.alldayled.com\/wp-content\/uploads\/2024\/08\/ADL270953.01-300x300.png\" \/>\n<meta name=\"twitter:label1\" content=\"Preis\" \/>\n\t<meta name=\"twitter:data1\" content=\"&euro;&nbsp;309,00\" \/>\n\t<meta name=\"twitter:label2\" content=\"Verf\u00fcgbarkeit\" \/>\n\t<meta name=\"twitter:data2\" content=\"Auf Lager\" \/>\n<script type=\"application\/ld+json\" class=\"yoast-schema-graph\">{\"@context\":\"https:\/\/schema.org\",\"@graph\":[{\"@type\":\"WebPage\",\"@id\":\"https:\/\/www.alldayled.com\/de\/produkt\/strands-firefly-one-verstraler\/\",\"url\":\"https:\/\/www.alldayled.com\/de\/produkt\/strands-firefly-one-verstraler\/\",\"name\":\"Strands Firefly One Scheinwerfer - FULL LED LAMP - All Day Led - 12&24V\",\"isPartOf\":{\"@id\":\"https:\/\/www.alldayled.com\/de\/#website\"},\"primaryImageOfPage\":{\"@id\":\"https:\/\/www.alldayled.com\/de\/produkt\/strands-firefly-one-verstraler\/#primaryimage\"},\"image\":{\"@id\":\"https:\/\/www.alldayled.com\/de\/produkt\/strands-firefly-one-verstraler\/#primaryimage\"},\"thumbnailUrl\":\"https:\/\/www.alldayled.com\/wp-content\/uploads\/2024\/07\/ADL270953.png\",\"datePublished\":\"2024-07-19T05:14:44+00:00\",\"description\":\"Strands Firefly One Scheinwerfer - Strands - f\u00fcr 12&24V - 15.400 Lumen! - mit orange - wei\u00dfem Standlicht - 1 Lux auf 502 Meter! - ECE R148 und R149 Pr\u00fcfzeichen\",\"breadcrumb\":{\"@id\":\"https:\/\/www.alldayled.com\/de\/produkt\/strands-firefly-one-verstraler\/#breadcrumb\"},\"inLanguage\":\"de\",\"potentialAction\":[{\"@type\":\"ReadAction\",\"target\":[\"https:\/\/www.alldayled.com\/de\/produkt\/strands-firefly-one-verstraler\/\"]}]},{\"@type\":\"ImageObject\",\"inLanguage\":\"de\",\"@id\":\"https:\/\/www.alldayled.com\/de\/produkt\/strands-firefly-one-verstraler\/#primaryimage\",\"url\":\"https:\/\/www.alldayled.com\/wp-content\/uploads\/2024\/07\/ADL270953.png\",\"contentUrl\":\"https:\/\/www.alldayled.com\/wp-content\/uploads\/2024\/07\/ADL270953.png\",\"width\":800,\"height\":600,\"caption\":\"Strands Firefly One Scheinwerfer - eine revolution\u00e4re Lampe, die mit einem zweifarbigen Standlicht ausgestattet ist, aber die LED Lampe hat auch eine Blitzfunktion - die Lampe ist vollst\u00e4ndig ECE R148 und R149 gepr\u00fcft und die Blitzfunktion ist mit dem ECE R65 Klasse 2 Pr\u00fcfzeichen versehen - Strands 270953 - geeignet f\u00fcr 12 und 24 Volt - EAN: 7350133816355\"},{\"@type\":\"BreadcrumbList\",\"@id\":\"https:\/\/www.alldayled.com\/de\/produkt\/strands-firefly-one-verstraler\/#breadcrumb\",\"itemListElement\":[{\"@type\":\"ListItem\",\"position\":1,\"name\":\"Home\",\"item\":\"https:\/\/www.alldayled.com\/de\/\"},{\"@type\":\"ListItem\",\"position\":2,\"name\":\"Shop\",\"item\":\"https:\/\/www.alldayled.com\/de\/shop\/\"},{\"@type\":\"ListItem\",\"position\":3,\"name\":\"Scheinwerfer\",\"item\":\"https:\/\/www.alldayled.com\/de\/produkt-kategorie\/scheinwerfer\/\"},{\"@type\":\"ListItem\",\"position\":4,\"name\":\"Scheinwerfer oval\",\"item\":\"https:\/\/www.alldayled.com\/de\/produkt-kategorie\/scheinwerfer\/verstraler-ovaal\/\"},{\"@type\":\"ListItem\",\"position\":5,\"name\":\"Strands Firefly One Scheinwerfer\"}]},{\"@type\":\"WebSite\",\"@id\":\"https:\/\/www.alldayled.com\/de\/#website\",\"url\":\"https:\/\/www.alldayled.com\/de\/\",\"name\":\"All Day Led\",\"description\":\"Verlichting voor 12&amp;24 volt gebruik\",\"publisher\":{\"@id\":\"https:\/\/www.alldayled.com\/de\/#organization\"},\"potentialAction\":[{\"@type\":\"SearchAction\",\"target\":{\"@type\":\"EntryPoint\",\"urlTemplate\":\"https:\/\/www.alldayled.com\/de\/?s={search_term_string}\"},\"query-input\":{\"@type\":\"PropertyValueSpecification\",\"valueRequired\":true,\"valueName\":\"search_term_string\"}}],\"inLanguage\":\"de\"},{\"@type\":\"Organization\",\"@id\":\"https:\/\/www.alldayled.com\/de\/#organization\",\"name\":\"All Day Led\",\"url\":\"https:\/\/www.alldayled.com\/de\/\",\"logo\":{\"@type\":\"ImageObject\",\"inLanguage\":\"de\",\"@id\":\"https:\/\/www.alldayled.com\/de\/#\/schema\/logo\/image\/\",\"url\":\"https:\/\/www.alldayled.com\/wp-content\/uploads\/2025\/10\/Logo-ALL-DAY-LED-800x800-zwart-witte-letters.png\",\"contentUrl\":\"https:\/\/www.alldayled.com\/wp-content\/uploads\/2025\/10\/Logo-ALL-DAY-LED-800x800-zwart-witte-letters.png\",\"width\":800,\"height\":800,\"caption\":\"All Day Led\"},\"image\":{\"@id\":\"https:\/\/www.alldayled.com\/de\/#\/schema\/logo\/image\/\"},\"sameAs\":[\"https:\/\/www.facebook.com\/alldayled\/\",\"https:\/\/www.instagram.com\/alldayled\/\"],\"vatID\":\"NL863960133B01\",\"taxID\":\"86416545\"}]}<\/script>\n<meta property=\"product:brand\" content=\"Strands\" \/>\n<meta property=\"product:price:amount\" content=\"309.00\" \/>\n<meta property=\"product:price:currency\" content=\"EUR\" \/>\n<meta property=\"og:availability\" content=\"instock\" \/>\n<meta property=\"product:availability\" content=\"instock\" \/>\n<meta property=\"product:retailer_item_id\" content=\"ADL270953\" \/>\n<meta property=\"product:condition\" content=\"new\" \/>\n<!-- \/ Yoast SEO Premium plugin. -->","yoast_head_json":{"title":"Strands Firefly One Scheinwerfer - FULL LED LAMP - All Day Led - 12&24V","description":"Strands Firefly One Scheinwerfer - Strands - f\u00fcr 12&24V - 15.400 Lumen! - mit orange - wei\u00dfem Standlicht - 1 Lux auf 502 Meter! - ECE R148 und R149 Pr\u00fcfzeichen","robots":{"index":"index","follow":"follow","max-snippet":"max-snippet:-1","max-image-preview":"max-image-preview:large","max-video-preview":"max-video-preview:-1"},"canonical":"https:\/\/www.alldayled.com\/de\/produkt\/strands-firefly-one-verstraler\/","og_locale":"de_DE","og_type":"article","og_title":"Strands Firefly One Scheinwerfer - FULL LED LAMP - All Day Led - 12&24V","og_description":"Strands Firefly One Scheinwerfer - Strands - f\u00fcr 12&24V - 15.400 Lumen! - mit orange - wei\u00dfem Standlicht - 1 Lux auf 502 Meter! - ECE R148 und R149 Pr\u00fcfzeichen","og_url":"https:\/\/www.alldayled.com\/de\/produkt\/strands-firefly-one-verstraler\/","og_site_name":"All Day Led","article_publisher":"https:\/\/www.facebook.com\/alldayled\/","og_image":[{"url":"https:\/\/www.alldayled.com\/wp-content\/uploads\/2024\/08\/ADL270953.01-300x300.png","type":"","width":"","height":""}],"twitter_misc":{"Preis":"&euro;&nbsp;309,00","Verf\u00fcgbarkeit":"Auf Lager"},"schema":{"@context":"https:\/\/schema.org","@graph":[{"@type":"WebPage","@id":"https:\/\/www.alldayled.com\/de\/produkt\/strands-firefly-one-verstraler\/","url":"https:\/\/www.alldayled.com\/de\/produkt\/strands-firefly-one-verstraler\/","name":"Strands Firefly One Scheinwerfer - FULL LED LAMP - All Day Led - 12&24V","isPartOf":{"@id":"https:\/\/www.alldayled.com\/de\/#website"},"primaryImageOfPage":{"@id":"https:\/\/www.alldayled.com\/de\/produkt\/strands-firefly-one-verstraler\/#primaryimage"},"image":{"@id":"https:\/\/www.alldayled.com\/de\/produkt\/strands-firefly-one-verstraler\/#primaryimage"},"thumbnailUrl":"https:\/\/www.alldayled.com\/wp-content\/uploads\/2024\/07\/ADL270953.png","datePublished":"2024-07-19T05:14:44+00:00","description":"Strands Firefly One Scheinwerfer - Strands - f\u00fcr 12&24V - 15.400 Lumen! - mit orange - wei\u00dfem Standlicht - 1 Lux auf 502 Meter! - ECE R148 und R149 Pr\u00fcfzeichen","breadcrumb":{"@id":"https:\/\/www.alldayled.com\/de\/produkt\/strands-firefly-one-verstraler\/#breadcrumb"},"inLanguage":"de","potentialAction":[{"@type":"ReadAction","target":["https:\/\/www.alldayled.com\/de\/produkt\/strands-firefly-one-verstraler\/"]}]},{"@type":"ImageObject","inLanguage":"de","@id":"https:\/\/www.alldayled.com\/de\/produkt\/strands-firefly-one-verstraler\/#primaryimage","url":"https:\/\/www.alldayled.com\/wp-content\/uploads\/2024\/07\/ADL270953.png","contentUrl":"https:\/\/www.alldayled.com\/wp-content\/uploads\/2024\/07\/ADL270953.png","width":800,"height":600,"caption":"Strands Firefly One Scheinwerfer - eine revolution\u00e4re Lampe, die mit einem zweifarbigen Standlicht ausgestattet ist, aber die LED Lampe hat auch eine Blitzfunktion - die Lampe ist vollst\u00e4ndig ECE R148 und R149 gepr\u00fcft und die Blitzfunktion ist mit dem ECE R65 Klasse 2 Pr\u00fcfzeichen versehen - Strands 270953 - geeignet f\u00fcr 12 und 24 Volt - EAN: 7350133816355"},{"@type":"BreadcrumbList","@id":"https:\/\/www.alldayled.com\/de\/produkt\/strands-firefly-one-verstraler\/#breadcrumb","itemListElement":[{"@type":"ListItem","position":1,"name":"Home","item":"https:\/\/www.alldayled.com\/de\/"},{"@type":"ListItem","position":2,"name":"Shop","item":"https:\/\/www.alldayled.com\/de\/shop\/"},{"@type":"ListItem","position":3,"name":"Scheinwerfer","item":"https:\/\/www.alldayled.com\/de\/produkt-kategorie\/scheinwerfer\/"},{"@type":"ListItem","position":4,"name":"Scheinwerfer oval","item":"https:\/\/www.alldayled.com\/de\/produkt-kategorie\/scheinwerfer\/verstraler-ovaal\/"},{"@type":"ListItem","position":5,"name":"Strands Firefly One Scheinwerfer"}]},{"@type":"WebSite","@id":"https:\/\/www.alldayled.com\/de\/#website","url":"https:\/\/www.alldayled.com\/de\/","name":"All Day Led","description":"Verlichting voor 12&amp;24 volt gebruik","publisher":{"@id":"https:\/\/www.alldayled.com\/de\/#organization"},"potentialAction":[{"@type":"SearchAction","target":{"@type":"EntryPoint","urlTemplate":"https:\/\/www.alldayled.com\/de\/?s={search_term_string}"},"query-input":{"@type":"PropertyValueSpecification","valueRequired":true,"valueName":"search_term_string"}}],"inLanguage":"de"},{"@type":"Organization","@id":"https:\/\/www.alldayled.com\/de\/#organization","name":"All Day Led","url":"https:\/\/www.alldayled.com\/de\/","logo":{"@type":"ImageObject","inLanguage":"de","@id":"https:\/\/www.alldayled.com\/de\/#\/schema\/logo\/image\/","url":"https:\/\/www.alldayled.com\/wp-content\/uploads\/2025\/10\/Logo-ALL-DAY-LED-800x800-zwart-witte-letters.png","contentUrl":"https:\/\/www.alldayled.com\/wp-content\/uploads\/2025\/10\/Logo-ALL-DAY-LED-800x800-zwart-witte-letters.png","width":800,"height":800,"caption":"All Day Led"},"image":{"@id":"https:\/\/www.alldayled.com\/de\/#\/schema\/logo\/image\/"},"sameAs":["https:\/\/www.facebook.com\/alldayled\/","https:\/\/www.instagram.com\/alldayled\/"],"vatID":"NL863960133B01","taxID":"86416545"}]},"product_brand":"Strands","product_price_amount":"309.00","product_price_currency":"EUR","og_availability":"instock","product_availability":"instock","product_retailer_item_id":"ADL270953","product_condition":"new"},"_links":{"self":[{"href":"https:\/\/www.alldayled.com\/de\/wp-json\/wp\/v2\/product\/67766","targetHints":{"allow":["GET"]}}],"collection":[{"href":"https:\/\/www.alldayled.com\/de\/wp-json\/wp\/v2\/product"}],"about":[{"href":"https:\/\/www.alldayled.com\/de\/wp-json\/wp\/v2\/types\/product"}],"replies":[{"embeddable":true,"href":"https:\/\/www.alldayled.com\/de\/wp-json\/wp\/v2\/comments?post=67766"}],"wp:featuredmedia":[{"embeddable":true,"href":"https:\/\/www.alldayled.com\/de\/wp-json\/wp\/v2\/media\/29427"}],"wp:attachment":[{"href":"https:\/\/www.alldayled.com\/de\/wp-json\/wp\/v2\/media?parent=67766"}],"wp:term":[{"taxonomy":"product_brand","embeddable":true,"href":"https:\/\/www.alldayled.com\/de\/wp-json\/wp\/v2\/product_brand?post=67766"},{"taxonomy":"product_cat","embeddable":true,"href":"https:\/\/www.alldayled.com\/de\/wp-json\/wp\/v2\/product_cat?post=67766"},{"taxonomy":"product_tag","embeddable":true,"href":"https:\/\/www.alldayled.com\/de\/wp-json\/wp\/v2\/product_tag?post=67766"}],"curies":[{"name":"wp","href":"https:\/\/api.w.org\/{rel}","templated":true}]}}