{"id":67771,"date":"2023-05-09T11:45:19","date_gmt":"2023-05-09T09:45:19","guid":{"rendered":"https:\/\/www.alldayled.com\/product\/strands-delta-verstraler\/"},"modified":"2026-01-27T00:47:51","modified_gmt":"2026-01-26T23:47:51","slug":"strands-delta-verstraler","status":"publish","type":"product","link":"https:\/\/www.alldayled.com\/de\/produkt\/strands-delta-verstraler\/","title":{"rendered":"Strands Delta Scheinwerfer"},"content":{"rendered":"<p><span style=\"color: #000000;\"><strong>Strands Delta LED Scheinwerfer, f\u00fcr 12 und 24 Volt.<\/strong><\/span><\/p>\n<p><span style=\"color: #000000;\">Bist du auf der Suche nach einem ovalen Full LED Scheinwerfer, der auch ein farbwechselndes Standlicht hat? Dann ist der Strands Delta Full LED Scheinwerfer mit klarem Glas vielleicht genau die LED Lampe, die du suchst. Der Scheinwerfer hat 8 helle LEDs und liefert eine Lichtleistung von 8416 Lumen. So kannst du sicher sein, dass du nie im Dunkeln stehst. Der Delta funktioniert mit 12 &amp; 24 Volt, wodurch du ihn an allen m\u00f6glichen Fahrzeugen montieren kannst, wie einem Auto, Camper, LKW oder einem anderen Fahrzeugtyp.    <\/span><\/p>\n<p><span style=\"color: #000000;\">Um sicherzustellen, dass der Strands Delta Scheinwerfer f\u00fcr dein Fahrzeug geeignet ist, haben wir unten einige wichtige Eigenschaften aufgelistet. Der Full LED Scheinwerfer mit farbwechselndem Standlicht ist mit dem ECE R10 Pr\u00fcfzeichen versehen, damit er w\u00e4hrend des Betriebs keine St\u00f6rungen verursacht, zum Beispiel an deinem Radiosignal. Zudem hat die Lampe das IP67 Pr\u00fcfzeichen, wodurch sie vollst\u00e4ndig staub- und wasserdicht ist. Das Ganze wird mit Edelstahl-Befestigungsmaterial geliefert, damit die Montage einfach und stabil ist.   <\/span><\/p>\n<h5><span style=\"color: #000000;\"><strong>Abmessungen:<\/strong><\/span><\/h5>\n<p><span style=\"color: #000000;\">Um sicherzustellen, dass du den Strands Delta Scheinwerfer mit klarem Glas montieren kannst, wo du m\u00f6chtest, haben wir unten die Abmessungen notiert. Die Abmessungen dieser 9 Zoll ovalen LED Lampe der Marke Strands sind wie folgt: <\/span><\/p>\n<ul>\n<li><span style=\"color: #000000;\">H\u00f6he: 140 mm (160 mm inkl. Halterung)<\/span><\/li>\n<li><span style=\"color: #000000;\">Breite: 245 mm<\/span><\/li>\n<li><span style=\"color: #000000;\">Tiefe: 90 mm<\/span><\/li>\n<\/ul>\n<h5><span style=\"color: #000000;\"><strong>Andere Versionen: <\/strong><\/span><\/h5>\n<p><span style=\"color: #000000;\">M\u00f6chtest du einen LED Scheinwerfer von Strands kaufen? Aber ist die ovale Ausf\u00fchrung mit klarem Glas nicht das Modell, das du suchst? Dann wisse, dass der Strands Delta Scheinwerfer auch in verschiedenen anderen Ausf\u00fchrungen erh\u00e4ltlich ist. Sieh dir unten die verschiedenen M\u00f6glichkeiten an, die Strands bietet:   <\/span><\/p>\n<ul>\n<li><span style=\"color: #000000;\"><a style=\"color: #000000;\" href=\"https:\/\/www.alldayled.com\/de\/produkt\/strands-ambassador-verstraler-donker\/\" target=\"_blank\" rel=\"noopener\"><strong>Ambassador &#8211; DUNKEL <\/strong><\/a><\/span><\/li>\n<li><span style=\"color: #000000;\"><a style=\"color: #000000;\" href=\"https:\/\/www.alldayled.com\/de\/produkt\/strands-ambassador-helder\/\" target=\"_blank\" rel=\"noopener\"><strong>Ambassador &#8211; KLAR<\/strong><\/a><\/span><\/li>\n<li><span style=\"color: #000000;\"><a style=\"color: #000000;\" href=\"https:\/\/www.alldayled.com\/de\/produkt\/strands-ambassador-geel\/\" target=\"_blank\" rel=\"noopener\"><strong>Ambassador &#8211; GELB<\/strong><\/a><\/span><\/li>\n<\/ul>\n<p><span style=\"color: #000000;\">Bist du immer noch nicht \u00fcberzeugt, dass der Strands Delta Scheinwerfer 9 Zoll oval mit klarem Glas das ist, wonach du suchst? Einfach weil die Lichtleistung, Wattzahl oder Form nicht deinen W\u00fcnschen entspricht? Dann sieh dir hier das komplette Angebot von <a style=\"color: #000000;\" href=\"https:\/\/www.alldayled.com\/de\/marke\/product-strands-lighting-division\/\" target=\"_blank\" rel=\"noopener\">Strands<\/a> an. Vielleicht findest du hier das richtige Lampenmodell.   <\/span><\/p>\n","protected":false},"excerpt":{"rendered":"<p>Full LED Scheinwerfer mit 8 LED-Punkten und wei\u00df &#8211; orangefarbenem Standlicht, 1 Lux auf 411 Meter!<\/p>\n","protected":false},"featured_media":17442,"comment_status":"open","ping_status":"closed","template":"","meta":{"_acf_changed":false},"product_brand":[5114],"product_cat":[5382],"product_tag":[9075,9079,9077,9078,9076,9074,9064,9065],"class_list":{"0":"post-67771","1":"product","2":"type-product","3":"status-publish","4":"has-post-thumbnail","6":"product_brand-product-strands-lighting-division","7":"product_cat-verstraler-ovaal","8":"product_tag-led-scheinwerfer-auto","9":"product_tag-led-scheinwerfer-lkw","10":"product_tag-led-scheinwerfer-tonabnehmer","11":"product_tag-led-scheinwerfer-traktor","12":"product_tag-led-scheinwerfer-wohnmobil","13":"product_tag-scheinwerfer-mit-stadtlicht","14":"product_tag-strands-led-beleuchtung","15":"product_tag-strands-lighting-division","17":"first","18":"instock","19":"taxable","20":"shipping-taxable","21":"purchasable","22":"product-type-simple"},"acf":[],"yoast_head":"<!-- This site is optimized with the Yoast SEO Premium plugin v26.5 (Yoast SEO v27.1.1) - https:\/\/yoast.com\/product\/yoast-seo-premium-wordpress\/ -->\n<title>Strands Delta Scheinwerfer oval - All Day Led - f\u00fcr 12&amp;24V<\/title>\n<meta name=\"description\" content=\"Strands Delta Scheinwerfer - ECE R112 Pr\u00fcfzeichen - 8416 Lumen - 1 LUX auf 430 Meter!! - IP68 &amp; IP69K - orange - wei\u00dfes Standlicht\" \/>\n<meta name=\"robots\" content=\"index, follow, max-snippet:-1, max-image-preview:large, max-video-preview:-1\" \/>\n<link rel=\"canonical\" href=\"https:\/\/www.alldayled.com\/de\/produkt\/strands-delta-verstraler\/\" \/>\n<meta property=\"og:locale\" content=\"de_DE\" \/>\n<meta property=\"og:type\" content=\"article\" \/>\n<meta property=\"og:title\" content=\"Strands Delta Scheinwerfer oval - All Day Led - f\u00fcr 12&amp;24V\" \/>\n<meta property=\"og:description\" content=\"Strands Delta Scheinwerfer - ECE R112 Pr\u00fcfzeichen - 8416 Lumen - 1 LUX auf 430 Meter!! - IP68 &amp; IP69K - orange - wei\u00dfes Standlicht\" \/>\n<meta property=\"og:url\" content=\"https:\/\/www.alldayled.com\/de\/produkt\/strands-delta-verstraler\/\" \/>\n<meta property=\"og:site_name\" content=\"All Day Led\" \/>\n<meta property=\"article:publisher\" content=\"https:\/\/www.facebook.com\/alldayled\/\" \/>\n<meta property=\"article:modified_time\" content=\"2026-01-26T23:47:51+00:00\" \/>\n<meta property=\"og:image\" content=\"https:\/\/www.alldayled.com\/wp-content\/uploads\/2024\/03\/ADL270699-300x300.png\" \/>\n<meta name=\"twitter:label1\" content=\"Preis\" \/>\n\t<meta name=\"twitter:data1\" content=\"&euro;&nbsp;199,00\" \/>\n\t<meta name=\"twitter:label2\" content=\"Verf\u00fcgbarkeit\" \/>\n\t<meta name=\"twitter:data2\" content=\"Auf Lager\" \/>\n<script type=\"application\/ld+json\" class=\"yoast-schema-graph\">{\"@context\":\"https:\/\/schema.org\",\"@graph\":[{\"@type\":\"WebPage\",\"@id\":\"https:\/\/www.alldayled.com\/de\/produkt\/strands-delta-verstraler\/\",\"url\":\"https:\/\/www.alldayled.com\/de\/produkt\/strands-delta-verstraler\/\",\"name\":\"Strands Delta Scheinwerfer oval - All Day Led - f\u00fcr 12&24V\",\"isPartOf\":{\"@id\":\"https:\/\/www.alldayled.com\/de\/#website\"},\"primaryImageOfPage\":{\"@id\":\"https:\/\/www.alldayled.com\/de\/produkt\/strands-delta-verstraler\/#primaryimage\"},\"image\":{\"@id\":\"https:\/\/www.alldayled.com\/de\/produkt\/strands-delta-verstraler\/#primaryimage\"},\"thumbnailUrl\":\"https:\/\/www.alldayled.com\/wp-content\/uploads\/2020\/10\/ADL70699..png\",\"datePublished\":\"2023-05-09T09:45:19+00:00\",\"dateModified\":\"2026-01-26T23:47:51+00:00\",\"description\":\"Strands Delta Scheinwerfer - ECE R112 Pr\u00fcfzeichen - 8416 Lumen - 1 LUX auf 430 Meter!! - IP68 & IP69K - orange - wei\u00dfes Standlicht\",\"breadcrumb\":{\"@id\":\"https:\/\/www.alldayled.com\/de\/produkt\/strands-delta-verstraler\/#breadcrumb\"},\"inLanguage\":\"de\",\"potentialAction\":[{\"@type\":\"ReadAction\",\"target\":[\"https:\/\/www.alldayled.com\/de\/produkt\/strands-delta-verstraler\/\"]}]},{\"@type\":\"ImageObject\",\"inLanguage\":\"de\",\"@id\":\"https:\/\/www.alldayled.com\/de\/produkt\/strands-delta-verstraler\/#primaryimage\",\"url\":\"https:\/\/www.alldayled.com\/wp-content\/uploads\/2020\/10\/ADL70699..png\",\"contentUrl\":\"https:\/\/www.alldayled.com\/wp-content\/uploads\/2020\/10\/ADL70699..png\",\"width\":800,\"height\":600,\"caption\":\"Strands Delta Full LED Scheinwerfer mit farbwechselndem Standlicht - f\u00fcr 12 und 24 Volt Betrieb - EAN: 7323030183721\"},{\"@type\":\"BreadcrumbList\",\"@id\":\"https:\/\/www.alldayled.com\/de\/produkt\/strands-delta-verstraler\/#breadcrumb\",\"itemListElement\":[{\"@type\":\"ListItem\",\"position\":1,\"name\":\"Home\",\"item\":\"https:\/\/www.alldayled.com\/de\/\"},{\"@type\":\"ListItem\",\"position\":2,\"name\":\"Shop\",\"item\":\"https:\/\/www.alldayled.com\/de\/shop\/\"},{\"@type\":\"ListItem\",\"position\":3,\"name\":\"Scheinwerfer\",\"item\":\"https:\/\/www.alldayled.com\/de\/produkt-kategorie\/scheinwerfer\/\"},{\"@type\":\"ListItem\",\"position\":4,\"name\":\"Scheinwerfer oval\",\"item\":\"https:\/\/www.alldayled.com\/de\/produkt-kategorie\/scheinwerfer\/verstraler-ovaal\/\"},{\"@type\":\"ListItem\",\"position\":5,\"name\":\"Strands Delta Scheinwerfer\"}]},{\"@type\":\"WebSite\",\"@id\":\"https:\/\/www.alldayled.com\/de\/#website\",\"url\":\"https:\/\/www.alldayled.com\/de\/\",\"name\":\"All Day Led\",\"description\":\"Verlichting voor 12&amp;24 volt gebruik\",\"publisher\":{\"@id\":\"https:\/\/www.alldayled.com\/de\/#organization\"},\"potentialAction\":[{\"@type\":\"SearchAction\",\"target\":{\"@type\":\"EntryPoint\",\"urlTemplate\":\"https:\/\/www.alldayled.com\/de\/?s={search_term_string}\"},\"query-input\":{\"@type\":\"PropertyValueSpecification\",\"valueRequired\":true,\"valueName\":\"search_term_string\"}}],\"inLanguage\":\"de\"},{\"@type\":\"Organization\",\"@id\":\"https:\/\/www.alldayled.com\/de\/#organization\",\"name\":\"All Day Led\",\"url\":\"https:\/\/www.alldayled.com\/de\/\",\"logo\":{\"@type\":\"ImageObject\",\"inLanguage\":\"de\",\"@id\":\"https:\/\/www.alldayled.com\/de\/#\/schema\/logo\/image\/\",\"url\":\"https:\/\/www.alldayled.com\/wp-content\/uploads\/2025\/10\/Logo-ALL-DAY-LED-800x800-zwart-witte-letters.png\",\"contentUrl\":\"https:\/\/www.alldayled.com\/wp-content\/uploads\/2025\/10\/Logo-ALL-DAY-LED-800x800-zwart-witte-letters.png\",\"width\":800,\"height\":800,\"caption\":\"All Day Led\"},\"image\":{\"@id\":\"https:\/\/www.alldayled.com\/de\/#\/schema\/logo\/image\/\"},\"sameAs\":[\"https:\/\/www.facebook.com\/alldayled\/\",\"https:\/\/www.instagram.com\/alldayled\/\"],\"vatID\":\"NL863960133B01\",\"taxID\":\"86416545\"}]}<\/script>\n<meta property=\"product:brand\" content=\"Strands\" \/>\n<meta property=\"product:price:amount\" content=\"199.00\" \/>\n<meta property=\"product:price:currency\" content=\"EUR\" \/>\n<meta property=\"og:availability\" content=\"instock\" \/>\n<meta property=\"product:availability\" content=\"instock\" \/>\n<meta property=\"product:retailer_item_id\" content=\"ADL270699\" \/>\n<meta property=\"product:condition\" content=\"new\" \/>\n<!-- \/ Yoast SEO Premium plugin. -->","yoast_head_json":{"title":"Strands Delta Scheinwerfer oval - All Day Led - f\u00fcr 12&24V","description":"Strands Delta Scheinwerfer - ECE R112 Pr\u00fcfzeichen - 8416 Lumen - 1 LUX auf 430 Meter!! - IP68 & IP69K - orange - wei\u00dfes Standlicht","robots":{"index":"index","follow":"follow","max-snippet":"max-snippet:-1","max-image-preview":"max-image-preview:large","max-video-preview":"max-video-preview:-1"},"canonical":"https:\/\/www.alldayled.com\/de\/produkt\/strands-delta-verstraler\/","og_locale":"de_DE","og_type":"article","og_title":"Strands Delta Scheinwerfer oval - All Day Led - f\u00fcr 12&24V","og_description":"Strands Delta Scheinwerfer - ECE R112 Pr\u00fcfzeichen - 8416 Lumen - 1 LUX auf 430 Meter!! - IP68 & IP69K - orange - wei\u00dfes Standlicht","og_url":"https:\/\/www.alldayled.com\/de\/produkt\/strands-delta-verstraler\/","og_site_name":"All Day Led","article_publisher":"https:\/\/www.facebook.com\/alldayled\/","article_modified_time":"2026-01-26T23:47:51+00:00","og_image":[{"url":"https:\/\/www.alldayled.com\/wp-content\/uploads\/2024\/03\/ADL270699-300x300.png","type":"","width":"","height":""}],"twitter_misc":{"Preis":"&euro;&nbsp;199,00","Verf\u00fcgbarkeit":"Auf Lager"},"schema":{"@context":"https:\/\/schema.org","@graph":[{"@type":"WebPage","@id":"https:\/\/www.alldayled.com\/de\/produkt\/strands-delta-verstraler\/","url":"https:\/\/www.alldayled.com\/de\/produkt\/strands-delta-verstraler\/","name":"Strands Delta Scheinwerfer oval - All Day Led - f\u00fcr 12&24V","isPartOf":{"@id":"https:\/\/www.alldayled.com\/de\/#website"},"primaryImageOfPage":{"@id":"https:\/\/www.alldayled.com\/de\/produkt\/strands-delta-verstraler\/#primaryimage"},"image":{"@id":"https:\/\/www.alldayled.com\/de\/produkt\/strands-delta-verstraler\/#primaryimage"},"thumbnailUrl":"https:\/\/www.alldayled.com\/wp-content\/uploads\/2020\/10\/ADL70699..png","datePublished":"2023-05-09T09:45:19+00:00","dateModified":"2026-01-26T23:47:51+00:00","description":"Strands Delta Scheinwerfer - ECE R112 Pr\u00fcfzeichen - 8416 Lumen - 1 LUX auf 430 Meter!! - IP68 & IP69K - orange - wei\u00dfes Standlicht","breadcrumb":{"@id":"https:\/\/www.alldayled.com\/de\/produkt\/strands-delta-verstraler\/#breadcrumb"},"inLanguage":"de","potentialAction":[{"@type":"ReadAction","target":["https:\/\/www.alldayled.com\/de\/produkt\/strands-delta-verstraler\/"]}]},{"@type":"ImageObject","inLanguage":"de","@id":"https:\/\/www.alldayled.com\/de\/produkt\/strands-delta-verstraler\/#primaryimage","url":"https:\/\/www.alldayled.com\/wp-content\/uploads\/2020\/10\/ADL70699..png","contentUrl":"https:\/\/www.alldayled.com\/wp-content\/uploads\/2020\/10\/ADL70699..png","width":800,"height":600,"caption":"Strands Delta Full LED Scheinwerfer mit farbwechselndem Standlicht - f\u00fcr 12 und 24 Volt Betrieb - EAN: 7323030183721"},{"@type":"BreadcrumbList","@id":"https:\/\/www.alldayled.com\/de\/produkt\/strands-delta-verstraler\/#breadcrumb","itemListElement":[{"@type":"ListItem","position":1,"name":"Home","item":"https:\/\/www.alldayled.com\/de\/"},{"@type":"ListItem","position":2,"name":"Shop","item":"https:\/\/www.alldayled.com\/de\/shop\/"},{"@type":"ListItem","position":3,"name":"Scheinwerfer","item":"https:\/\/www.alldayled.com\/de\/produkt-kategorie\/scheinwerfer\/"},{"@type":"ListItem","position":4,"name":"Scheinwerfer oval","item":"https:\/\/www.alldayled.com\/de\/produkt-kategorie\/scheinwerfer\/verstraler-ovaal\/"},{"@type":"ListItem","position":5,"name":"Strands Delta Scheinwerfer"}]},{"@type":"WebSite","@id":"https:\/\/www.alldayled.com\/de\/#website","url":"https:\/\/www.alldayled.com\/de\/","name":"All Day Led","description":"Verlichting voor 12&amp;24 volt gebruik","publisher":{"@id":"https:\/\/www.alldayled.com\/de\/#organization"},"potentialAction":[{"@type":"SearchAction","target":{"@type":"EntryPoint","urlTemplate":"https:\/\/www.alldayled.com\/de\/?s={search_term_string}"},"query-input":{"@type":"PropertyValueSpecification","valueRequired":true,"valueName":"search_term_string"}}],"inLanguage":"de"},{"@type":"Organization","@id":"https:\/\/www.alldayled.com\/de\/#organization","name":"All Day Led","url":"https:\/\/www.alldayled.com\/de\/","logo":{"@type":"ImageObject","inLanguage":"de","@id":"https:\/\/www.alldayled.com\/de\/#\/schema\/logo\/image\/","url":"https:\/\/www.alldayled.com\/wp-content\/uploads\/2025\/10\/Logo-ALL-DAY-LED-800x800-zwart-witte-letters.png","contentUrl":"https:\/\/www.alldayled.com\/wp-content\/uploads\/2025\/10\/Logo-ALL-DAY-LED-800x800-zwart-witte-letters.png","width":800,"height":800,"caption":"All Day Led"},"image":{"@id":"https:\/\/www.alldayled.com\/de\/#\/schema\/logo\/image\/"},"sameAs":["https:\/\/www.facebook.com\/alldayled\/","https:\/\/www.instagram.com\/alldayled\/"],"vatID":"NL863960133B01","taxID":"86416545"}]},"product_brand":"Strands","product_price_amount":"199.00","product_price_currency":"EUR","og_availability":"instock","product_availability":"instock","product_retailer_item_id":"ADL270699","product_condition":"new"},"_links":{"self":[{"href":"https:\/\/www.alldayled.com\/de\/wp-json\/wp\/v2\/product\/67771","targetHints":{"allow":["GET"]}}],"collection":[{"href":"https:\/\/www.alldayled.com\/de\/wp-json\/wp\/v2\/product"}],"about":[{"href":"https:\/\/www.alldayled.com\/de\/wp-json\/wp\/v2\/types\/product"}],"replies":[{"embeddable":true,"href":"https:\/\/www.alldayled.com\/de\/wp-json\/wp\/v2\/comments?post=67771"}],"wp:featuredmedia":[{"embeddable":true,"href":"https:\/\/www.alldayled.com\/de\/wp-json\/wp\/v2\/media\/17442"}],"wp:attachment":[{"href":"https:\/\/www.alldayled.com\/de\/wp-json\/wp\/v2\/media?parent=67771"}],"wp:term":[{"taxonomy":"product_brand","embeddable":true,"href":"https:\/\/www.alldayled.com\/de\/wp-json\/wp\/v2\/product_brand?post=67771"},{"taxonomy":"product_cat","embeddable":true,"href":"https:\/\/www.alldayled.com\/de\/wp-json\/wp\/v2\/product_cat?post=67771"},{"taxonomy":"product_tag","embeddable":true,"href":"https:\/\/www.alldayled.com\/de\/wp-json\/wp\/v2\/product_tag?post=67771"}],"curies":[{"name":"wp","href":"https:\/\/api.w.org\/{rel}","templated":true}]}}