{"id":67774,"date":"2025-02-19T13:06:25","date_gmt":"2025-02-19T12:06:25","guid":{"rendered":"https:\/\/www.alldayled.com\/product\/hella-jumbo-full-led-verstraler-staand\/"},"modified":"2025-02-19T13:06:25","modified_gmt":"2025-02-19T12:06:25","slug":"hella-jumbo-full-led-verstraler-staand","status":"publish","type":"product","link":"https:\/\/www.alldayled.com\/de\/produkt\/hella-jumbo-full-led-verstraler-staand\/","title":{"rendered":"Hella Jumbo full LED Fernscheinwerfer &#8211; STEHEND"},"content":{"rendered":"<p><span style=\"color: #000000;\"><strong>Hella Jumbo full LED Fernscheinwerfer STEHEND, f\u00fcr 12 und 24 volt. <\/strong><\/span><\/p>\n<p><span style=\"color: #000000;\">Suchst du einen leistungsstarken Scheinwerfer, der deinen LKW nicht nur sicherer macht, sondern ihm auch ein professionelles und robustes Aussehen verleiht? Dann ist der Hella Jumbo LED Scheinwerfer genau das Richtige f\u00fcr dich. Dieser full LED Fernscheinwerfer ist sowohl f\u00fcr 12 als auch 24 volt geeignet und f\u00fcr stehende Montage konzipiert und bietet zuverl\u00e4ssige Leistung unter allen Bedingungen. Dank der 100%igen LED-Technik und der charakteristischen Edge-Light-Positionsbeleuchtung bleibst du immer gut sichtbar, sowohl tags\u00fcber als auch nachts. Die einzigartige streetsmile Lichtsignatur verleiht der Lampe einen wiedererkennbaren und modernen Look, mit dem dein LKW sofort auff\u00e4llt.    <\/span><\/p>\n<p><span style=\"color: #000000;\">Eingeschaltet zeigt der Hella Jumbo LED Scheinwerfer stehend sofort seine volle Leistung: Das helle Licht ist vergleichbar mit Tageslicht. Das bedeutet hervorragende Sicht, weniger Erm\u00fcdung und mehr Sicherheit unterwegs, besonders bei schlechtem Wetter oder im Dunkeln. Das verz\u00f6gerungsfreie Lichtsignal sorgt zudem f\u00fcr eine auff\u00e4llige Signalfunktion. Das robuste Kunststoffgeh\u00e4use ist leicht, aber extra stark, und dank des geringen Energieverbrauchs kannst du dich darauf verlassen, dass deine Batterie nicht unn\u00f6tig belastet wird. Nat\u00fcrlich ist dieser Scheinwerfer vollst\u00e4ndig ECE-gepr\u00fcft. Kurz gesagt: maximale Sichtbarkeit, modernes Design und zuverl\u00e4ssige Technik in einer leistungsstarken LED-Lampe.     <\/span><\/p>\n<h5><span style=\"color: #000000;\"><strong>Abmessungen:<\/strong><\/span><\/h5>\n<p><span style=\"color: #000000;\">Um sicherzustellen, dass du diesen stehenden full LED Fernscheinwerfer der Marke Hella an deinem Auto oder LKW montieren kannst, haben wir unten die Abmessungen aufgef\u00fchrt:<\/span><\/p>\n<ul>\n<li><span style=\"color: #000000;\">H\u00f6he: 132 mm (141 mm inkl. Halterung)<\/span><\/li>\n<li><span style=\"color: #000000;\">L\u00e4nge: 238 mm<\/span><\/li>\n<li><span style=\"color: #000000;\">Tiefe: 113 mm<\/span><\/li>\n<\/ul>\n<p><span style=\"color: #000000;\"><em>Hella Artikelnummer: 1FE 016 773-001<\/em><\/span><\/p>\n<h5><span style=\"color: #000000;\"><strong>Andere Versionen: <\/strong><\/span><\/h5>\n<p><span style=\"color: #000000;\">Ist dies genau das Modell, das du suchst, aber brauchst du eine h\u00e4ngende Variante? Schau dir dann auch den Hella Jumbo LED Scheinwerfer f\u00fcr h\u00e4ngende Montage an, die gleiche leistungsstarke Performance, aber f\u00fcr eine andere Befestigung geeignet. <\/span><\/p>\n<ul>\n<li><a href=\"https:\/\/www.alldayled.com\/de\/produkt\/hella-jumbo-full-led-verstraler-hangend\/\"><span style=\"color: #000000;\"><strong>Hella Jumbo full LED Fernscheinwerfer H\u00c4NGEND<\/strong><\/span><\/a><\/li>\n<\/ul>\n<p><span style=\"color: #000000;\">Zweifelst du, ob dieses Modell wirklich zu dir passt? Vielleicht ist die Form, Technik oder Verarbeitung doch nicht das, was du suchst. Klicke dann unbedingt auf unsere \u00dcbersichtsseite mit allen <g id=\"gid_0\">Scheinwerfern<\/g>. Dort findest du noch viele weitere Modelle von gro\u00df bis klein, klassisch oder modern, bestimmt ist eines dabei, das perfekt zu deinen W\u00fcnschen passt.<br \/>\n<\/span><\/p>\n","protected":false},"excerpt":{"rendered":"<p>Hella Jumbo full LED Fernscheinwerfer mit streetsmile Effekt, stehendes Modell!<\/p>\n","protected":false},"featured_media":35385,"comment_status":"open","ping_status":"closed","template":"","meta":{"_acf_changed":false},"product_brand":[6294],"product_cat":[5382],"product_tag":[9432,9543,9164,9075,9079,9077,9078,9076,9074],"class_list":{"0":"post-67774","1":"product","2":"type-product","3":"status-publish","4":"has-post-thumbnail","6":"product_brand-product-hella","7":"product_cat-verstraler-ovaal","8":"product_tag-hella","9":"product_tag-hella-scheinwerfer","10":"product_tag-led-scheinwerfer","11":"product_tag-led-scheinwerfer-auto","12":"product_tag-led-scheinwerfer-lkw","13":"product_tag-led-scheinwerfer-tonabnehmer","14":"product_tag-led-scheinwerfer-traktor","15":"product_tag-led-scheinwerfer-wohnmobil","16":"product_tag-scheinwerfer-mit-stadtlicht","18":"first","19":"instock","20":"taxable","21":"shipping-taxable","22":"purchasable","23":"product-type-simple"},"acf":[],"yoast_head":"<!-- This site is optimized with the Yoast SEO Premium plugin v26.5 (Yoast SEO v27.1.1) - https:\/\/yoast.com\/product\/yoast-seo-premium-wordpress\/ -->\n<title>Hella Jumbo LED Scheinwerfer stehend - LED Scheinwerfer - All Day Led - 12&amp;24v<\/title>\n<meta name=\"description\" content=\"Hella Jumbo LED Scheinwerfer - f\u00fcr 12&amp;24 volt - 1FE 016 773-001 - full LED Fernscheinwerfer - stehendes Modell - mit ECE R10 Pr\u00fcfzeichen - f\u00fcr LKW und mehr\" \/>\n<meta name=\"robots\" content=\"index, follow, max-snippet:-1, max-image-preview:large, max-video-preview:-1\" \/>\n<link rel=\"canonical\" href=\"https:\/\/www.alldayled.com\/de\/produkt\/hella-jumbo-full-led-verstraler-staand\/\" \/>\n<meta property=\"og:locale\" content=\"de_DE\" \/>\n<meta property=\"og:type\" content=\"article\" \/>\n<meta property=\"og:title\" content=\"Hella Jumbo LED Scheinwerfer stehend - LED Scheinwerfer - All Day Led - 12&amp;24v\" \/>\n<meta property=\"og:description\" content=\"Hella Jumbo LED Scheinwerfer - f\u00fcr 12&amp;24 volt - 1FE 016 773-001 - full LED Fernscheinwerfer - stehendes Modell - mit ECE R10 Pr\u00fcfzeichen - f\u00fcr LKW und mehr\" \/>\n<meta property=\"og:url\" content=\"https:\/\/www.alldayled.com\/de\/produkt\/hella-jumbo-full-led-verstraler-staand\/\" \/>\n<meta property=\"og:site_name\" content=\"All Day Led\" \/>\n<meta property=\"article:publisher\" content=\"https:\/\/www.facebook.com\/alldayled\/\" \/>\n<meta property=\"og:image\" content=\"https:\/\/www.alldayled.com\/wp-content\/uploads\/2025\/02\/ADL773001-SM-2-300x300.png\" \/>\n<meta name=\"twitter:label1\" content=\"Preis\" \/>\n\t<meta name=\"twitter:data1\" content=\"&euro;&nbsp;169,00\" \/>\n\t<meta name=\"twitter:label2\" content=\"Verf\u00fcgbarkeit\" \/>\n\t<meta name=\"twitter:data2\" content=\"Auf Lager\" \/>\n<script type=\"application\/ld+json\" class=\"yoast-schema-graph\">{\"@context\":\"https:\/\/schema.org\",\"@graph\":[{\"@type\":\"WebPage\",\"@id\":\"https:\/\/www.alldayled.com\/de\/produkt\/hella-jumbo-full-led-verstraler-staand\/\",\"url\":\"https:\/\/www.alldayled.com\/de\/produkt\/hella-jumbo-full-led-verstraler-staand\/\",\"name\":\"Hella Jumbo LED Scheinwerfer stehend - LED Scheinwerfer - All Day Led - 12&24v\",\"isPartOf\":{\"@id\":\"https:\/\/www.alldayled.com\/de\/#website\"},\"primaryImageOfPage\":{\"@id\":\"https:\/\/www.alldayled.com\/de\/produkt\/hella-jumbo-full-led-verstraler-staand\/#primaryimage\"},\"image\":{\"@id\":\"https:\/\/www.alldayled.com\/de\/produkt\/hella-jumbo-full-led-verstraler-staand\/#primaryimage\"},\"thumbnailUrl\":\"https:\/\/www.alldayled.com\/wp-content\/uploads\/2025\/04\/ADL773001.png\",\"datePublished\":\"2025-02-19T12:06:25+00:00\",\"description\":\"Hella Jumbo LED Scheinwerfer - f\u00fcr 12&24 volt - 1FE 016 773-001 - full LED Fernscheinwerfer - stehendes Modell - mit ECE R10 Pr\u00fcfzeichen - f\u00fcr LKW und mehr\",\"breadcrumb\":{\"@id\":\"https:\/\/www.alldayled.com\/de\/produkt\/hella-jumbo-full-led-verstraler-staand\/#breadcrumb\"},\"inLanguage\":\"de\",\"potentialAction\":[{\"@type\":\"ReadAction\",\"target\":[\"https:\/\/www.alldayled.com\/de\/produkt\/hella-jumbo-full-led-verstraler-staand\/\"]}]},{\"@type\":\"ImageObject\",\"inLanguage\":\"de\",\"@id\":\"https:\/\/www.alldayled.com\/de\/produkt\/hella-jumbo-full-led-verstraler-staand\/#primaryimage\",\"url\":\"https:\/\/www.alldayled.com\/wp-content\/uploads\/2025\/04\/ADL773001.png\",\"contentUrl\":\"https:\/\/www.alldayled.com\/wp-content\/uploads\/2025\/04\/ADL773001.png\",\"width\":800,\"height\":600,\"caption\":\"Hella Jumbo full LED Fernscheinwerfer stehend - geeignet f\u00fcr 12 und \/ oder 24 volt Betrieb - 1FE 016 773-001 - Edge Light\"},{\"@type\":\"BreadcrumbList\",\"@id\":\"https:\/\/www.alldayled.com\/de\/produkt\/hella-jumbo-full-led-verstraler-staand\/#breadcrumb\",\"itemListElement\":[{\"@type\":\"ListItem\",\"position\":1,\"name\":\"Home\",\"item\":\"https:\/\/www.alldayled.com\/de\/\"},{\"@type\":\"ListItem\",\"position\":2,\"name\":\"Shop\",\"item\":\"https:\/\/www.alldayled.com\/de\/shop\/\"},{\"@type\":\"ListItem\",\"position\":3,\"name\":\"Scheinwerfer\",\"item\":\"https:\/\/www.alldayled.com\/de\/produkt-kategorie\/scheinwerfer\/\"},{\"@type\":\"ListItem\",\"position\":4,\"name\":\"Scheinwerfer oval\",\"item\":\"https:\/\/www.alldayled.com\/de\/produkt-kategorie\/scheinwerfer\/verstraler-ovaal\/\"},{\"@type\":\"ListItem\",\"position\":5,\"name\":\"Hella Jumbo full LED Fernscheinwerfer &#8211; STEHEND\"}]},{\"@type\":\"WebSite\",\"@id\":\"https:\/\/www.alldayled.com\/de\/#website\",\"url\":\"https:\/\/www.alldayled.com\/de\/\",\"name\":\"All Day Led\",\"description\":\"Verlichting voor 12&amp;24 volt gebruik\",\"publisher\":{\"@id\":\"https:\/\/www.alldayled.com\/de\/#organization\"},\"potentialAction\":[{\"@type\":\"SearchAction\",\"target\":{\"@type\":\"EntryPoint\",\"urlTemplate\":\"https:\/\/www.alldayled.com\/de\/?s={search_term_string}\"},\"query-input\":{\"@type\":\"PropertyValueSpecification\",\"valueRequired\":true,\"valueName\":\"search_term_string\"}}],\"inLanguage\":\"de\"},{\"@type\":\"Organization\",\"@id\":\"https:\/\/www.alldayled.com\/de\/#organization\",\"name\":\"All Day Led\",\"url\":\"https:\/\/www.alldayled.com\/de\/\",\"logo\":{\"@type\":\"ImageObject\",\"inLanguage\":\"de\",\"@id\":\"https:\/\/www.alldayled.com\/de\/#\/schema\/logo\/image\/\",\"url\":\"https:\/\/www.alldayled.com\/wp-content\/uploads\/2025\/10\/Logo-ALL-DAY-LED-800x800-zwart-witte-letters.png\",\"contentUrl\":\"https:\/\/www.alldayled.com\/wp-content\/uploads\/2025\/10\/Logo-ALL-DAY-LED-800x800-zwart-witte-letters.png\",\"width\":800,\"height\":800,\"caption\":\"All Day Led\"},\"image\":{\"@id\":\"https:\/\/www.alldayled.com\/de\/#\/schema\/logo\/image\/\"},\"sameAs\":[\"https:\/\/www.facebook.com\/alldayled\/\",\"https:\/\/www.instagram.com\/alldayled\/\"],\"vatID\":\"NL863960133B01\",\"taxID\":\"86416545\"}]}<\/script>\n<meta property=\"product:brand\" content=\"Hella\" \/>\n<meta property=\"product:price:amount\" content=\"169.00\" \/>\n<meta property=\"product:price:currency\" content=\"EUR\" \/>\n<meta property=\"og:availability\" content=\"instock\" \/>\n<meta property=\"product:availability\" content=\"instock\" \/>\n<meta property=\"product:retailer_item_id\" content=\"ADL773001\" \/>\n<meta property=\"product:condition\" content=\"new\" \/>\n<!-- \/ Yoast SEO Premium plugin. -->","yoast_head_json":{"title":"Hella Jumbo LED Scheinwerfer stehend - LED Scheinwerfer - All Day Led - 12&24v","description":"Hella Jumbo LED Scheinwerfer - f\u00fcr 12&24 volt - 1FE 016 773-001 - full LED Fernscheinwerfer - stehendes Modell - mit ECE R10 Pr\u00fcfzeichen - f\u00fcr LKW und mehr","robots":{"index":"index","follow":"follow","max-snippet":"max-snippet:-1","max-image-preview":"max-image-preview:large","max-video-preview":"max-video-preview:-1"},"canonical":"https:\/\/www.alldayled.com\/de\/produkt\/hella-jumbo-full-led-verstraler-staand\/","og_locale":"de_DE","og_type":"article","og_title":"Hella Jumbo LED Scheinwerfer stehend - LED Scheinwerfer - All Day Led - 12&24v","og_description":"Hella Jumbo LED Scheinwerfer - f\u00fcr 12&24 volt - 1FE 016 773-001 - full LED Fernscheinwerfer - stehendes Modell - mit ECE R10 Pr\u00fcfzeichen - f\u00fcr LKW und mehr","og_url":"https:\/\/www.alldayled.com\/de\/produkt\/hella-jumbo-full-led-verstraler-staand\/","og_site_name":"All Day Led","article_publisher":"https:\/\/www.facebook.com\/alldayled\/","og_image":[{"url":"https:\/\/www.alldayled.com\/wp-content\/uploads\/2025\/02\/ADL773001-SM-2-300x300.png","type":"","width":"","height":""}],"twitter_misc":{"Preis":"&euro;&nbsp;169,00","Verf\u00fcgbarkeit":"Auf Lager"},"schema":{"@context":"https:\/\/schema.org","@graph":[{"@type":"WebPage","@id":"https:\/\/www.alldayled.com\/de\/produkt\/hella-jumbo-full-led-verstraler-staand\/","url":"https:\/\/www.alldayled.com\/de\/produkt\/hella-jumbo-full-led-verstraler-staand\/","name":"Hella Jumbo LED Scheinwerfer stehend - LED Scheinwerfer - All Day Led - 12&24v","isPartOf":{"@id":"https:\/\/www.alldayled.com\/de\/#website"},"primaryImageOfPage":{"@id":"https:\/\/www.alldayled.com\/de\/produkt\/hella-jumbo-full-led-verstraler-staand\/#primaryimage"},"image":{"@id":"https:\/\/www.alldayled.com\/de\/produkt\/hella-jumbo-full-led-verstraler-staand\/#primaryimage"},"thumbnailUrl":"https:\/\/www.alldayled.com\/wp-content\/uploads\/2025\/04\/ADL773001.png","datePublished":"2025-02-19T12:06:25+00:00","description":"Hella Jumbo LED Scheinwerfer - f\u00fcr 12&24 volt - 1FE 016 773-001 - full LED Fernscheinwerfer - stehendes Modell - mit ECE R10 Pr\u00fcfzeichen - f\u00fcr LKW und mehr","breadcrumb":{"@id":"https:\/\/www.alldayled.com\/de\/produkt\/hella-jumbo-full-led-verstraler-staand\/#breadcrumb"},"inLanguage":"de","potentialAction":[{"@type":"ReadAction","target":["https:\/\/www.alldayled.com\/de\/produkt\/hella-jumbo-full-led-verstraler-staand\/"]}]},{"@type":"ImageObject","inLanguage":"de","@id":"https:\/\/www.alldayled.com\/de\/produkt\/hella-jumbo-full-led-verstraler-staand\/#primaryimage","url":"https:\/\/www.alldayled.com\/wp-content\/uploads\/2025\/04\/ADL773001.png","contentUrl":"https:\/\/www.alldayled.com\/wp-content\/uploads\/2025\/04\/ADL773001.png","width":800,"height":600,"caption":"Hella Jumbo full LED Fernscheinwerfer stehend - geeignet f\u00fcr 12 und \/ oder 24 volt Betrieb - 1FE 016 773-001 - Edge Light"},{"@type":"BreadcrumbList","@id":"https:\/\/www.alldayled.com\/de\/produkt\/hella-jumbo-full-led-verstraler-staand\/#breadcrumb","itemListElement":[{"@type":"ListItem","position":1,"name":"Home","item":"https:\/\/www.alldayled.com\/de\/"},{"@type":"ListItem","position":2,"name":"Shop","item":"https:\/\/www.alldayled.com\/de\/shop\/"},{"@type":"ListItem","position":3,"name":"Scheinwerfer","item":"https:\/\/www.alldayled.com\/de\/produkt-kategorie\/scheinwerfer\/"},{"@type":"ListItem","position":4,"name":"Scheinwerfer oval","item":"https:\/\/www.alldayled.com\/de\/produkt-kategorie\/scheinwerfer\/verstraler-ovaal\/"},{"@type":"ListItem","position":5,"name":"Hella Jumbo full LED Fernscheinwerfer &#8211; STEHEND"}]},{"@type":"WebSite","@id":"https:\/\/www.alldayled.com\/de\/#website","url":"https:\/\/www.alldayled.com\/de\/","name":"All Day Led","description":"Verlichting voor 12&amp;24 volt gebruik","publisher":{"@id":"https:\/\/www.alldayled.com\/de\/#organization"},"potentialAction":[{"@type":"SearchAction","target":{"@type":"EntryPoint","urlTemplate":"https:\/\/www.alldayled.com\/de\/?s={search_term_string}"},"query-input":{"@type":"PropertyValueSpecification","valueRequired":true,"valueName":"search_term_string"}}],"inLanguage":"de"},{"@type":"Organization","@id":"https:\/\/www.alldayled.com\/de\/#organization","name":"All Day Led","url":"https:\/\/www.alldayled.com\/de\/","logo":{"@type":"ImageObject","inLanguage":"de","@id":"https:\/\/www.alldayled.com\/de\/#\/schema\/logo\/image\/","url":"https:\/\/www.alldayled.com\/wp-content\/uploads\/2025\/10\/Logo-ALL-DAY-LED-800x800-zwart-witte-letters.png","contentUrl":"https:\/\/www.alldayled.com\/wp-content\/uploads\/2025\/10\/Logo-ALL-DAY-LED-800x800-zwart-witte-letters.png","width":800,"height":800,"caption":"All Day Led"},"image":{"@id":"https:\/\/www.alldayled.com\/de\/#\/schema\/logo\/image\/"},"sameAs":["https:\/\/www.facebook.com\/alldayled\/","https:\/\/www.instagram.com\/alldayled\/"],"vatID":"NL863960133B01","taxID":"86416545"}]},"product_brand":"Hella","product_price_amount":"169.00","product_price_currency":"EUR","og_availability":"instock","product_availability":"instock","product_retailer_item_id":"ADL773001","product_condition":"new"},"_links":{"self":[{"href":"https:\/\/www.alldayled.com\/de\/wp-json\/wp\/v2\/product\/67774","targetHints":{"allow":["GET"]}}],"collection":[{"href":"https:\/\/www.alldayled.com\/de\/wp-json\/wp\/v2\/product"}],"about":[{"href":"https:\/\/www.alldayled.com\/de\/wp-json\/wp\/v2\/types\/product"}],"replies":[{"embeddable":true,"href":"https:\/\/www.alldayled.com\/de\/wp-json\/wp\/v2\/comments?post=67774"}],"wp:featuredmedia":[{"embeddable":true,"href":"https:\/\/www.alldayled.com\/de\/wp-json\/wp\/v2\/media\/35385"}],"wp:attachment":[{"href":"https:\/\/www.alldayled.com\/de\/wp-json\/wp\/v2\/media?parent=67774"}],"wp:term":[{"taxonomy":"product_brand","embeddable":true,"href":"https:\/\/www.alldayled.com\/de\/wp-json\/wp\/v2\/product_brand?post=67774"},{"taxonomy":"product_cat","embeddable":true,"href":"https:\/\/www.alldayled.com\/de\/wp-json\/wp\/v2\/product_cat?post=67774"},{"taxonomy":"product_tag","embeddable":true,"href":"https:\/\/www.alldayled.com\/de\/wp-json\/wp\/v2\/product_tag?post=67774"}],"curies":[{"name":"wp","href":"https:\/\/api.w.org\/{rel}","templated":true}]}}