{"id":67794,"date":"2023-04-05T11:56:59","date_gmt":"2023-04-05T09:56:59","guid":{"rendered":"https:\/\/www.alldayled.com\/product\/tralert-atlas-320-plus-led-verstraler\/"},"modified":"2023-04-05T11:56:59","modified_gmt":"2023-04-05T09:56:59","slug":"tralert-atlas-320-plus-led-verstraler","status":"publish","type":"product","link":"https:\/\/www.alldayled.com\/de\/produkt\/tralert-atlas-320-plus-led-verstraler\/","title":{"rendered":"Tralert Atlas 320+ Scheinwerfer"},"content":{"rendered":"<p><span style=\"color: #000000;\"><strong>Tralert Atlas 320+ Scheinwerfer mit LED Blitz, f\u00fcr 12 und 24 Volt.<\/strong><\/span><\/p>\n<p data-start=\"89\" data-end=\"501\"><span style=\"color: #000000;\">Sind Sie auf der Suche nach einem leichten ovalen LED Scheinwerfer mit einem zweifarbigen Standlicht? Dann ist der Tralert Atlas 320+ vielleicht der Scheinwerfer, der perfekt zu Ihrem Fahrzeug passt. Dieser full LED Scheinwerfer mit 48 Watt hat 10 helle LED-Punkte und liefert einen Lichtstrom von 6000 Lumen. Dank des wei\u00dfen und orangefarbenen Standlichts und LED Blitz verleihen Sie Ihrem Fahrzeug nicht nur zus\u00e4tzliche Sichtbarkeit, sondern auch ein modernes Aussehen. Der Tralert Atlas 320 arbeitet mit 12 und 24 Volt, sodass Sie den LED Scheinwerfer einfach an einem Auto, LKW, Wohnmobil, Traktor oder einer anderen Art von Fahrzeug montieren k\u00f6nnen.    <\/span><\/p>\n<p data-start=\"672\" data-end=\"1185\"><span style=\"color: #000000;\">Der Tralert Atlas 320 full LED Scheinwerfer ist unter anderem mit ECE R148 und ECE R149 ausgestattet. Diese Pr\u00fcfzeichen geben an, dass die Lampe legal auf \u00f6ffentlichen Stra\u00dfen verwendet werden darf. Dar\u00fcber hinaus verf\u00fcgt der Scheinwerfer \u00fcber das CISPR-25 Klasse 5-Pr\u00fcfzeichen, was bedeutet, dass die LED Lampe bei korrektem Anschluss keine St\u00f6rungen beispielsweise an Ihrem Radio oder Bordcomputer verursacht. Abschlie\u00dfend wird der Tralert WD-6060A mit einem 3 Meter langen Anschlusskabel geliefert, sodass Sie eine gro\u00dfe Montagefreiheit haben.   <\/span><\/p>\n<h5><span style=\"color: #000000;\"><strong>Abmessungen:<\/strong><\/span><\/h5>\n<p><span style=\"color: #000000;\">Da Sie sicher sein wollen, dass Sie den Scheinwerfer dort montieren k\u00f6nnen, wo Sie wollen, haben wir die Abmessungen der Einheit unten f\u00fcr Sie notiert. Die Abmessungen des Tralert Atlas 320 \/ WD-6060A LED Scheinwerfers sind wie folgt: <\/span><\/p>\n<ul>\n<li><span style=\"color: #000000;\">H\u00f6he: 139,5 mm (162 inkl. Halter)<\/span><\/li>\n<li><span style=\"color: #000000;\">Breite: 244,3 mm<\/span><\/li>\n<li><span style=\"color: #000000;\">Dicke: 109,9 mm<\/span><\/li>\n<\/ul>\n<h5><span style=\"color: #000000;\"><strong>Andere Versionen: <\/strong><\/span><\/h5>\n<p><span style=\"color: #000000;\">Ist der ovale Atlas 320+ doch nicht ganz die LED Lampe, die Sie suchen, aber Sie wollen eine Lampe der Marke Tralert? Dann wissen Sie, dass Tralert ein gro\u00dfes Sortiment mit verschiedenen Arten und Formen von LED-Beleuchtung anbietet. Nachfolgend finden Sie einige alternative Modelle aus unserem Sortiment.  <\/span><\/p>\n<ul>\n<li><span style=\"color: #000000;\"><a style=\"color: #000000;\" href=\"https:\/\/www.alldayled.com\/de\/produkt\/tralert-wd-100100\/\"><strong>Tralert WD-100100<\/strong><\/a><\/span><\/li>\n<li><span style=\"color: #000000;\"><a style=\"color: #000000;\" href=\"https:\/\/www.alldayled.com\/de\/produkt\/tralert-wd-80120\/\"><strong>Tralert WD-80120<\/strong><\/a><\/span><\/li>\n<li><span style=\"color: #000000;\"><a style=\"color: #000000;\" href=\"https:\/\/www.alldayled.com\/de\/produkt\/tralert-atlas-320-led-verstraler\/\"><strong>Tralert WD-4830<\/strong><\/a><\/span><\/li>\n<\/ul>\n<p><span style=\"color: #000000;\">Sind Sie letztendlich doch der Meinung, dass der Tralert Atlas 320+ Scheinwerfer nicht das ist, wonach Sie suchen? Einfach weil die Form, die Wattleistung oder der Lichtstrom nicht Ihren W\u00fcnschen entsprechen? Dann sehen Sie sich hier das komplette Angebot von <a style=\"color: #000000;\" href=\"\/?product_brand=tralert\" target=\"_blank\" rel=\"noopener\">Tralert<\/a> an. Vielleicht finden Sie hier das Lampenmodell, das Sie suchen.    <\/span><\/p>\n","protected":false},"excerpt":{"rendered":"<p>Dieser leichte LED Scheinwerfer von Tralert ist mit wei\u00dfem\/orangem Standlicht ausgestattet &#8211; 12\/24V.<\/p>\n","protected":false},"featured_media":67640,"comment_status":"open","ping_status":"closed","template":"","meta":{"_acf_changed":false},"product_brand":[6607],"product_cat":[5382],"product_tag":[9075,9079,9077,9078,9076,9074],"class_list":{"0":"post-67794","1":"product","2":"type-product","3":"status-publish","4":"has-post-thumbnail","6":"product_brand-product-tralert","7":"product_cat-verstraler-ovaal","8":"product_tag-led-scheinwerfer-auto","9":"product_tag-led-scheinwerfer-lkw","10":"product_tag-led-scheinwerfer-tonabnehmer","11":"product_tag-led-scheinwerfer-traktor","12":"product_tag-led-scheinwerfer-wohnmobil","13":"product_tag-scheinwerfer-mit-stadtlicht","15":"first","16":"instock","17":"taxable","18":"shipping-taxable","19":"purchasable","20":"product-type-simple"},"acf":[],"yoast_head":"<!-- This site is optimized with the Yoast SEO Premium plugin v26.5 (Yoast SEO v27.1.1) - https:\/\/yoast.com\/product\/yoast-seo-premium-wordpress\/ -->\n<title>Tralert Atlas 320+ Scheinwerfer - All Day Led - mit DUAL COLOR Standlicht<\/title>\n<meta name=\"description\" content=\"Tralert Atlas 320 full LED Scheinwerfer - f\u00fcr 12&amp;24 volt - 3 Meter Anschlusskabel - WD-6060A - mit ECE R148 - R149 und R65- 1 LUX auf 340 Meter\" \/>\n<meta name=\"robots\" content=\"index, follow, max-snippet:-1, max-image-preview:large, max-video-preview:-1\" \/>\n<link rel=\"canonical\" href=\"https:\/\/www.alldayled.com\/de\/produkt\/tralert-atlas-320-plus-led-verstraler\/\" \/>\n<meta property=\"og:locale\" content=\"de_DE\" \/>\n<meta property=\"og:type\" content=\"article\" \/>\n<meta property=\"og:title\" content=\"Tralert Atlas 320+ Scheinwerfer - All Day Led - mit DUAL COLOR Standlicht\" \/>\n<meta property=\"og:description\" content=\"Tralert Atlas 320 full LED Scheinwerfer - f\u00fcr 12&amp;24 volt - 3 Meter Anschlusskabel - WD-6060A - mit ECE R148 - R149 und R65- 1 LUX auf 340 Meter\" \/>\n<meta property=\"og:url\" content=\"https:\/\/www.alldayled.com\/de\/produkt\/tralert-atlas-320-plus-led-verstraler\/\" \/>\n<meta property=\"og:site_name\" content=\"All Day Led\" \/>\n<meta property=\"article:publisher\" content=\"https:\/\/www.facebook.com\/alldayled\/\" \/>\n<meta property=\"og:image\" content=\"https:\/\/www.alldayled.com\/wp-content\/uploads\/2024\/10\/ADL06060.01-300x300.png\" \/>\n<meta name=\"twitter:label1\" content=\"Preis\" \/>\n\t<meta name=\"twitter:data1\" content=\"&euro;&nbsp;149,00\" \/>\n\t<meta name=\"twitter:label2\" content=\"Verf\u00fcgbarkeit\" \/>\n\t<meta name=\"twitter:data2\" content=\"Auf Lager\" \/>\n<script type=\"application\/ld+json\" class=\"yoast-schema-graph\">{\"@context\":\"https:\/\/schema.org\",\"@graph\":[{\"@type\":\"WebPage\",\"@id\":\"https:\/\/www.alldayled.com\/de\/produkt\/tralert-atlas-320-plus-led-verstraler\/\",\"url\":\"https:\/\/www.alldayled.com\/de\/produkt\/tralert-atlas-320-plus-led-verstraler\/\",\"name\":\"Tralert Atlas 320+ Scheinwerfer - All Day Led - mit DUAL COLOR Standlicht\",\"isPartOf\":{\"@id\":\"https:\/\/www.alldayled.com\/de\/#website\"},\"primaryImageOfPage\":{\"@id\":\"https:\/\/www.alldayled.com\/de\/produkt\/tralert-atlas-320-plus-led-verstraler\/#primaryimage\"},\"image\":{\"@id\":\"https:\/\/www.alldayled.com\/de\/produkt\/tralert-atlas-320-plus-led-verstraler\/#primaryimage\"},\"thumbnailUrl\":\"https:\/\/www.alldayled.com\/wp-content\/uploads\/2023\/04\/ADL06060-00.png\",\"datePublished\":\"2023-04-05T09:56:59+00:00\",\"description\":\"Tralert Atlas 320 full LED Scheinwerfer - f\u00fcr 12&24 volt - 3 Meter Anschlusskabel - WD-6060A - mit ECE R148 - R149 und R65- 1 LUX auf 340 Meter\",\"breadcrumb\":{\"@id\":\"https:\/\/www.alldayled.com\/de\/produkt\/tralert-atlas-320-plus-led-verstraler\/#breadcrumb\"},\"inLanguage\":\"de\",\"potentialAction\":[{\"@type\":\"ReadAction\",\"target\":[\"https:\/\/www.alldayled.com\/de\/produkt\/tralert-atlas-320-plus-led-verstraler\/\"]}]},{\"@type\":\"ImageObject\",\"inLanguage\":\"de\",\"@id\":\"https:\/\/www.alldayled.com\/de\/produkt\/tralert-atlas-320-plus-led-verstraler\/#primaryimage\",\"url\":\"https:\/\/www.alldayled.com\/wp-content\/uploads\/2023\/04\/ADL06060-00.png\",\"contentUrl\":\"https:\/\/www.alldayled.com\/wp-content\/uploads\/2023\/04\/ADL06060-00.png\",\"width\":800,\"height\":600,\"caption\":\"ADL06060 - Atlas 320+\"},{\"@type\":\"BreadcrumbList\",\"@id\":\"https:\/\/www.alldayled.com\/de\/produkt\/tralert-atlas-320-plus-led-verstraler\/#breadcrumb\",\"itemListElement\":[{\"@type\":\"ListItem\",\"position\":1,\"name\":\"Home\",\"item\":\"https:\/\/www.alldayled.com\/de\/\"},{\"@type\":\"ListItem\",\"position\":2,\"name\":\"Shop\",\"item\":\"https:\/\/www.alldayled.com\/de\/shop\/\"},{\"@type\":\"ListItem\",\"position\":3,\"name\":\"Scheinwerfer\",\"item\":\"https:\/\/www.alldayled.com\/de\/produkt-kategorie\/scheinwerfer\/\"},{\"@type\":\"ListItem\",\"position\":4,\"name\":\"Scheinwerfer oval\",\"item\":\"https:\/\/www.alldayled.com\/de\/produkt-kategorie\/scheinwerfer\/verstraler-ovaal\/\"},{\"@type\":\"ListItem\",\"position\":5,\"name\":\"Tralert Atlas 320+ Scheinwerfer\"}]},{\"@type\":\"WebSite\",\"@id\":\"https:\/\/www.alldayled.com\/de\/#website\",\"url\":\"https:\/\/www.alldayled.com\/de\/\",\"name\":\"All Day Led\",\"description\":\"Verlichting voor 12&amp;24 volt gebruik\",\"publisher\":{\"@id\":\"https:\/\/www.alldayled.com\/de\/#organization\"},\"potentialAction\":[{\"@type\":\"SearchAction\",\"target\":{\"@type\":\"EntryPoint\",\"urlTemplate\":\"https:\/\/www.alldayled.com\/de\/?s={search_term_string}\"},\"query-input\":{\"@type\":\"PropertyValueSpecification\",\"valueRequired\":true,\"valueName\":\"search_term_string\"}}],\"inLanguage\":\"de\"},{\"@type\":\"Organization\",\"@id\":\"https:\/\/www.alldayled.com\/de\/#organization\",\"name\":\"All Day Led\",\"url\":\"https:\/\/www.alldayled.com\/de\/\",\"logo\":{\"@type\":\"ImageObject\",\"inLanguage\":\"de\",\"@id\":\"https:\/\/www.alldayled.com\/de\/#\/schema\/logo\/image\/\",\"url\":\"https:\/\/www.alldayled.com\/wp-content\/uploads\/2025\/10\/Logo-ALL-DAY-LED-800x800-zwart-witte-letters.png\",\"contentUrl\":\"https:\/\/www.alldayled.com\/wp-content\/uploads\/2025\/10\/Logo-ALL-DAY-LED-800x800-zwart-witte-letters.png\",\"width\":800,\"height\":800,\"caption\":\"All Day Led\"},\"image\":{\"@id\":\"https:\/\/www.alldayled.com\/de\/#\/schema\/logo\/image\/\"},\"sameAs\":[\"https:\/\/www.facebook.com\/alldayled\/\",\"https:\/\/www.instagram.com\/alldayled\/\"],\"vatID\":\"NL863960133B01\",\"taxID\":\"86416545\"}]}<\/script>\n<meta property=\"product:brand\" content=\"Tralert \u00ae\" \/>\n<meta property=\"product:price:amount\" content=\"149.00\" \/>\n<meta property=\"product:price:currency\" content=\"EUR\" \/>\n<meta property=\"og:availability\" content=\"instock\" \/>\n<meta property=\"product:availability\" content=\"instock\" \/>\n<meta property=\"product:retailer_item_id\" content=\"ADL06060\" \/>\n<meta property=\"product:condition\" content=\"new\" \/>\n<!-- \/ Yoast SEO Premium plugin. -->","yoast_head_json":{"title":"Tralert Atlas 320+ Scheinwerfer - All Day Led - mit DUAL COLOR Standlicht","description":"Tralert Atlas 320 full LED Scheinwerfer - f\u00fcr 12&24 volt - 3 Meter Anschlusskabel - WD-6060A - mit ECE R148 - R149 und R65- 1 LUX auf 340 Meter","robots":{"index":"index","follow":"follow","max-snippet":"max-snippet:-1","max-image-preview":"max-image-preview:large","max-video-preview":"max-video-preview:-1"},"canonical":"https:\/\/www.alldayled.com\/de\/produkt\/tralert-atlas-320-plus-led-verstraler\/","og_locale":"de_DE","og_type":"article","og_title":"Tralert Atlas 320+ Scheinwerfer - All Day Led - mit DUAL COLOR Standlicht","og_description":"Tralert Atlas 320 full LED Scheinwerfer - f\u00fcr 12&24 volt - 3 Meter Anschlusskabel - WD-6060A - mit ECE R148 - R149 und R65- 1 LUX auf 340 Meter","og_url":"https:\/\/www.alldayled.com\/de\/produkt\/tralert-atlas-320-plus-led-verstraler\/","og_site_name":"All Day Led","article_publisher":"https:\/\/www.facebook.com\/alldayled\/","og_image":[{"url":"https:\/\/www.alldayled.com\/wp-content\/uploads\/2024\/10\/ADL06060.01-300x300.png","type":"","width":"","height":""}],"twitter_misc":{"Preis":"&euro;&nbsp;149,00","Verf\u00fcgbarkeit":"Auf Lager"},"schema":{"@context":"https:\/\/schema.org","@graph":[{"@type":"WebPage","@id":"https:\/\/www.alldayled.com\/de\/produkt\/tralert-atlas-320-plus-led-verstraler\/","url":"https:\/\/www.alldayled.com\/de\/produkt\/tralert-atlas-320-plus-led-verstraler\/","name":"Tralert Atlas 320+ Scheinwerfer - All Day Led - mit DUAL COLOR Standlicht","isPartOf":{"@id":"https:\/\/www.alldayled.com\/de\/#website"},"primaryImageOfPage":{"@id":"https:\/\/www.alldayled.com\/de\/produkt\/tralert-atlas-320-plus-led-verstraler\/#primaryimage"},"image":{"@id":"https:\/\/www.alldayled.com\/de\/produkt\/tralert-atlas-320-plus-led-verstraler\/#primaryimage"},"thumbnailUrl":"https:\/\/www.alldayled.com\/wp-content\/uploads\/2023\/04\/ADL06060-00.png","datePublished":"2023-04-05T09:56:59+00:00","description":"Tralert Atlas 320 full LED Scheinwerfer - f\u00fcr 12&24 volt - 3 Meter Anschlusskabel - WD-6060A - mit ECE R148 - R149 und R65- 1 LUX auf 340 Meter","breadcrumb":{"@id":"https:\/\/www.alldayled.com\/de\/produkt\/tralert-atlas-320-plus-led-verstraler\/#breadcrumb"},"inLanguage":"de","potentialAction":[{"@type":"ReadAction","target":["https:\/\/www.alldayled.com\/de\/produkt\/tralert-atlas-320-plus-led-verstraler\/"]}]},{"@type":"ImageObject","inLanguage":"de","@id":"https:\/\/www.alldayled.com\/de\/produkt\/tralert-atlas-320-plus-led-verstraler\/#primaryimage","url":"https:\/\/www.alldayled.com\/wp-content\/uploads\/2023\/04\/ADL06060-00.png","contentUrl":"https:\/\/www.alldayled.com\/wp-content\/uploads\/2023\/04\/ADL06060-00.png","width":800,"height":600,"caption":"ADL06060 - Atlas 320+"},{"@type":"BreadcrumbList","@id":"https:\/\/www.alldayled.com\/de\/produkt\/tralert-atlas-320-plus-led-verstraler\/#breadcrumb","itemListElement":[{"@type":"ListItem","position":1,"name":"Home","item":"https:\/\/www.alldayled.com\/de\/"},{"@type":"ListItem","position":2,"name":"Shop","item":"https:\/\/www.alldayled.com\/de\/shop\/"},{"@type":"ListItem","position":3,"name":"Scheinwerfer","item":"https:\/\/www.alldayled.com\/de\/produkt-kategorie\/scheinwerfer\/"},{"@type":"ListItem","position":4,"name":"Scheinwerfer oval","item":"https:\/\/www.alldayled.com\/de\/produkt-kategorie\/scheinwerfer\/verstraler-ovaal\/"},{"@type":"ListItem","position":5,"name":"Tralert Atlas 320+ Scheinwerfer"}]},{"@type":"WebSite","@id":"https:\/\/www.alldayled.com\/de\/#website","url":"https:\/\/www.alldayled.com\/de\/","name":"All Day Led","description":"Verlichting voor 12&amp;24 volt gebruik","publisher":{"@id":"https:\/\/www.alldayled.com\/de\/#organization"},"potentialAction":[{"@type":"SearchAction","target":{"@type":"EntryPoint","urlTemplate":"https:\/\/www.alldayled.com\/de\/?s={search_term_string}"},"query-input":{"@type":"PropertyValueSpecification","valueRequired":true,"valueName":"search_term_string"}}],"inLanguage":"de"},{"@type":"Organization","@id":"https:\/\/www.alldayled.com\/de\/#organization","name":"All Day Led","url":"https:\/\/www.alldayled.com\/de\/","logo":{"@type":"ImageObject","inLanguage":"de","@id":"https:\/\/www.alldayled.com\/de\/#\/schema\/logo\/image\/","url":"https:\/\/www.alldayled.com\/wp-content\/uploads\/2025\/10\/Logo-ALL-DAY-LED-800x800-zwart-witte-letters.png","contentUrl":"https:\/\/www.alldayled.com\/wp-content\/uploads\/2025\/10\/Logo-ALL-DAY-LED-800x800-zwart-witte-letters.png","width":800,"height":800,"caption":"All Day Led"},"image":{"@id":"https:\/\/www.alldayled.com\/de\/#\/schema\/logo\/image\/"},"sameAs":["https:\/\/www.facebook.com\/alldayled\/","https:\/\/www.instagram.com\/alldayled\/"],"vatID":"NL863960133B01","taxID":"86416545"}]},"product_brand":"Tralert \u00ae","product_price_amount":"149.00","product_price_currency":"EUR","og_availability":"instock","product_availability":"instock","product_retailer_item_id":"ADL06060","product_condition":"new"},"_links":{"self":[{"href":"https:\/\/www.alldayled.com\/de\/wp-json\/wp\/v2\/product\/67794","targetHints":{"allow":["GET"]}}],"collection":[{"href":"https:\/\/www.alldayled.com\/de\/wp-json\/wp\/v2\/product"}],"about":[{"href":"https:\/\/www.alldayled.com\/de\/wp-json\/wp\/v2\/types\/product"}],"replies":[{"embeddable":true,"href":"https:\/\/www.alldayled.com\/de\/wp-json\/wp\/v2\/comments?post=67794"}],"wp:featuredmedia":[{"embeddable":true,"href":"https:\/\/www.alldayled.com\/de\/wp-json\/wp\/v2\/media\/67640"}],"wp:attachment":[{"href":"https:\/\/www.alldayled.com\/de\/wp-json\/wp\/v2\/media?parent=67794"}],"wp:term":[{"taxonomy":"product_brand","embeddable":true,"href":"https:\/\/www.alldayled.com\/de\/wp-json\/wp\/v2\/product_brand?post=67794"},{"taxonomy":"product_cat","embeddable":true,"href":"https:\/\/www.alldayled.com\/de\/wp-json\/wp\/v2\/product_cat?post=67794"},{"taxonomy":"product_tag","embeddable":true,"href":"https:\/\/www.alldayled.com\/de\/wp-json\/wp\/v2\/product_tag?post=67794"}],"curies":[{"name":"wp","href":"https:\/\/api.w.org\/{rel}","templated":true}]}}