{"id":67822,"date":"2023-05-09T13:31:17","date_gmt":"2023-05-09T11:31:17","guid":{"rendered":"https:\/\/www.alldayled.com\/product\/strands-ambassador-verstraler-donker\/"},"modified":"2026-04-04T21:13:33","modified_gmt":"2026-04-04T19:13:33","slug":"strands-ambassador-verstraler-donker","status":"publish","type":"product","link":"https:\/\/www.alldayled.com\/de\/produkt\/strands-ambassador-verstraler-donker\/","title":{"rendered":"Strands Ambassador Scheinwerfer &#8211; Smoke"},"content":{"rendered":"<p><span style=\"color: #000000;\"><strong>Strands Ambassador LED Scheinwerfer mit dunklem Glas, f\u00fcr 12 und 24 Volt.<\/strong><\/span><\/p>\n<p><span style=\"color: #000000;\">Bist du auf der Suche nach dem bekannten Full LED Scheinwerfer mit einem Standlicht, das die Farbe wechseln kann? Dann ist der Strands Ambassador Full LED Scheinwerfer mit dunklem Glas vielleicht genau die Lampe, die du suchst. Der Scheinwerfer hat 8 helle LEDs und eine Lichtleistung von 5535 Lumen. So wei\u00dft du sicher, dass du nie im Dunkeln stehst. Der Ambassador funktioniert mit 12 und 24 Volt. Du kannst die LED-Lampe daher an allen m\u00f6glichen Fahrzeugen montieren, wie einem Auto, Camper, LKW oder einem anderen Fahrzeug.     <\/span><\/p>\n<p><span style=\"color: #000000;\">Um sicherzustellen, dass der Strands Ambassador Scheinwerfer mit dunklem Glas f\u00fcr dein Fahrzeug geeignet ist, haben wir die wichtigsten Eigenschaften unten aufgelistet. Der Full LED Scheinwerfer mit farbwechselndem Standlicht ist mit dem ECE R10 Pr\u00fcfzeichen versehen. Dadurch verursacht die Lampe w\u00e4hrend des Betriebs keine St\u00f6rungen, zum Beispiel an deinem Radio. Der Scheinwerfer hat auch das IP68 Pr\u00fcfzeichen, was bedeutet, dass er vollst\u00e4ndig wasserdicht ist. Der Full LED Scheinwerfer wird mit Edelstahl-Befestigungsmaterial und schwarz beschichteten Halterungen geliefert. So sieht er nach der Montage nicht nur funktional, sondern auch stilvoll aus.     <\/span><\/p>\n<h5><span style=\"color: #000000;\"><strong>Abmessungen:<\/strong><\/span><\/h5>\n<p><span style=\"color: #000000;\">Um sicherzustellen, dass du den Strands Ambassador Scheinwerfer mit dunklem Glas montieren kannst, wo du m\u00f6chtest, haben wir die Abmessungen unten f\u00fcr dich notiert. Die Abmessungen dieser 9 Zoll LED-Lampe der Marke Strands sind wie folgt: <\/span><\/p>\n<ul>\n<li><span style=\"color: #000000;\">H\u00f6he: 230,5 mm (245 mm inkl. Halterung)<\/span><\/li>\n<li><span style=\"color: #000000;\">Durchmesser: 230,5 mm<\/span><\/li>\n<li><span style=\"color: #000000;\">Dicke: 132 mm<\/span><\/li>\n<\/ul>\n<h5><span style=\"color: #000000;\"><strong>Andere Versionen: <\/strong><\/span><\/h5>\n<p><span style=\"color: #000000;\">M\u00f6chtest du einen LED Scheinwerfer von Strands, aber die 9 Zoll Ausf\u00fchrung mit dunklem Glas ist nicht das Modell, das du suchst? Keine Sorge! Der Strands Ambassador Scheinwerfer ist auch in verschiedenen anderen Ausf\u00fchrungen erh\u00e4ltlich. Sieh dir unten die verschiedenen M\u00f6glichkeiten an, die Strands anbietet.   <\/span><\/p>\n<ul>\n<li><span style=\"color: #000000;\"><a style=\"color: #000000;\" href=\"https:\/\/www.alldayled.com\/de\/produkt\/strands-ambassador-helder\/\" target=\"_blank\" rel=\"noopener\"><strong>Ambassador &#8211; KLAR<\/strong><\/a><\/span><\/li>\n<li><span style=\"color: #000000;\"><a style=\"color: #000000;\" href=\"https:\/\/www.alldayled.com\/de\/produkt\/strands-ambassador-geel\/\" target=\"_blank\" rel=\"noopener\"><strong>Ambassador &#8211; GELB<\/strong><\/a><\/span><\/li>\n<li><span style=\"color: #000000;\"><a style=\"color: #000000;\" href=\"https:\/\/www.alldayled.com\/de\/produkt\/strands-delta-verstraler\/\" target=\"_blank\" rel=\"noopener\"><strong>Delta &#8211; oval <\/strong><\/a><\/span><\/li>\n<\/ul>\n<p><span style=\"color: #000000;\">Bist du immer noch nicht \u00fcberzeugt, dass der Strands Ambassador Scheinwerfer 9&#8220; mit dunklem Glas das ist, wonach du suchst? Einfach weil die Lichtleistung, Wattzahl oder Form nicht deinen W\u00fcnschen entspricht? Sieh dir dann hier das komplette Angebot von <g id=\"gid_0\">Strands<\/g> an. Vielleicht findest du hier ja das Lampenmodell, das du suchst.   <\/span><\/p>\n","protected":false},"excerpt":{"rendered":"<p>Strands 9 Zoll LED Scheinwerfer mit wei\u00df und orange Standlicht, geeignet f\u00fcr 12 &amp; 24 Volt.<\/p>\n","protected":false},"featured_media":25086,"comment_status":"open","ping_status":"closed","template":"","meta":{"_acf_changed":false},"product_brand":[5114],"product_cat":[5384,5363],"product_tag":[9075,9079,9077,9078,9076,9074,9064,9065],"class_list":{"0":"post-67822","1":"product","2":"type-product","3":"status-publish","4":"has-post-thumbnail","6":"product_brand-product-strands-lighting-division","7":"product_cat-verstraler-rond","8":"product_cat-strands-dark-knight","9":"product_tag-led-scheinwerfer-auto","10":"product_tag-led-scheinwerfer-lkw","11":"product_tag-led-scheinwerfer-tonabnehmer","12":"product_tag-led-scheinwerfer-traktor","13":"product_tag-led-scheinwerfer-wohnmobil","14":"product_tag-scheinwerfer-mit-stadtlicht","15":"product_tag-strands-led-beleuchtung","16":"product_tag-strands-lighting-division","18":"first","19":"instock","20":"taxable","21":"shipping-taxable","22":"purchasable","23":"product-type-simple"},"acf":[],"yoast_head":"<!-- This site is optimized with the Yoast SEO Premium plugin v26.5 (Yoast SEO v27.1.1) - https:\/\/yoast.com\/product\/yoast-seo-premium-wordpress\/ -->\n<title>Strands Ambassador Scheinwerfer - Smoke - All Day Led - 12&amp;24V<\/title>\n<meta name=\"description\" content=\"Strands Ambassador Scheinwerfer - Smoke - f\u00fcr 12&amp;24 Volt - 100 % wasserdicht! - 5535 Lumen! - 1 LUX auf 381 Metern - hochglanzschwarz mit dunklem Glas - Full LED\" \/>\n<meta name=\"robots\" content=\"index, follow, max-snippet:-1, max-image-preview:large, max-video-preview:-1\" \/>\n<link rel=\"canonical\" href=\"https:\/\/www.alldayled.com\/de\/produkt\/strands-ambassador-verstraler-donker\/\" \/>\n<meta property=\"og:locale\" content=\"de_DE\" \/>\n<meta property=\"og:type\" content=\"article\" \/>\n<meta property=\"og:title\" content=\"Strands Ambassador Scheinwerfer - Smoke - All Day Led - 12&amp;24V\" \/>\n<meta property=\"og:description\" content=\"Strands Ambassador Scheinwerfer - Smoke - f\u00fcr 12&amp;24 Volt - 100 % wasserdicht! - 5535 Lumen! - 1 LUX auf 381 Metern - hochglanzschwarz mit dunklem Glas - Full LED\" \/>\n<meta property=\"og:url\" content=\"https:\/\/www.alldayled.com\/de\/produkt\/strands-ambassador-verstraler-donker\/\" \/>\n<meta property=\"og:site_name\" content=\"All Day Led\" \/>\n<meta property=\"article:publisher\" content=\"https:\/\/www.facebook.com\/alldayled\/\" \/>\n<meta property=\"article:modified_time\" content=\"2026-04-04T19:13:33+00:00\" \/>\n<meta property=\"og:image\" content=\"https:\/\/www.alldayled.com\/wp-content\/uploads\/2024\/06\/ADL270925-300x300.png\" \/>\n<meta name=\"twitter:label1\" content=\"Preis\" \/>\n\t<meta name=\"twitter:data1\" content=\"&euro;&nbsp;389,00\" \/>\n\t<meta name=\"twitter:label2\" content=\"Verf\u00fcgbarkeit\" \/>\n\t<meta name=\"twitter:data2\" content=\"Auf Lager\" \/>\n<script type=\"application\/ld+json\" class=\"yoast-schema-graph\">{\"@context\":\"https:\/\/schema.org\",\"@graph\":[{\"@type\":\"WebPage\",\"@id\":\"https:\/\/www.alldayled.com\/de\/produkt\/strands-ambassador-verstraler-donker\/\",\"url\":\"https:\/\/www.alldayled.com\/de\/produkt\/strands-ambassador-verstraler-donker\/\",\"name\":\"Strands Ambassador Scheinwerfer - Smoke - All Day Led - 12&24V\",\"isPartOf\":{\"@id\":\"https:\/\/www.alldayled.com\/de\/#website\"},\"primaryImageOfPage\":{\"@id\":\"https:\/\/www.alldayled.com\/de\/produkt\/strands-ambassador-verstraler-donker\/#primaryimage\"},\"image\":{\"@id\":\"https:\/\/www.alldayled.com\/de\/produkt\/strands-ambassador-verstraler-donker\/#primaryimage\"},\"thumbnailUrl\":\"https:\/\/www.alldayled.com\/wp-content\/uploads\/2023\/05\/ADL70925.png\",\"datePublished\":\"2023-05-09T11:31:17+00:00\",\"dateModified\":\"2026-04-04T19:13:33+00:00\",\"description\":\"Strands Ambassador Scheinwerfer - Smoke - f\u00fcr 12&24 Volt - 100 % wasserdicht! - 5535 Lumen! - 1 LUX auf 381 Metern - hochglanzschwarz mit dunklem Glas - Full LED\",\"breadcrumb\":{\"@id\":\"https:\/\/www.alldayled.com\/de\/produkt\/strands-ambassador-verstraler-donker\/#breadcrumb\"},\"inLanguage\":\"de\",\"potentialAction\":[{\"@type\":\"ReadAction\",\"target\":[\"https:\/\/www.alldayled.com\/de\/produkt\/strands-ambassador-verstraler-donker\/\"]}]},{\"@type\":\"ImageObject\",\"inLanguage\":\"de\",\"@id\":\"https:\/\/www.alldayled.com\/de\/produkt\/strands-ambassador-verstraler-donker\/#primaryimage\",\"url\":\"https:\/\/www.alldayled.com\/wp-content\/uploads\/2023\/05\/ADL70925.png\",\"contentUrl\":\"https:\/\/www.alldayled.com\/wp-content\/uploads\/2023\/05\/ADL70925.png\",\"width\":800,\"height\":600,\"caption\":\"Strands Ambassador Full LED Scheinwerfer mit dunklem Glas - Dark Knight EDITION - mit farbwechselndem LED-Standlicht - f\u00fcr 12 &amp; 24 Volt Betrieb EAN: 7323030186753\"},{\"@type\":\"BreadcrumbList\",\"@id\":\"https:\/\/www.alldayled.com\/de\/produkt\/strands-ambassador-verstraler-donker\/#breadcrumb\",\"itemListElement\":[{\"@type\":\"ListItem\",\"position\":1,\"name\":\"Home\",\"item\":\"https:\/\/www.alldayled.com\/de\/\"},{\"@type\":\"ListItem\",\"position\":2,\"name\":\"Shop\",\"item\":\"https:\/\/www.alldayled.com\/de\/shop\/\"},{\"@type\":\"ListItem\",\"position\":3,\"name\":\"Scheinwerfer\",\"item\":\"https:\/\/www.alldayled.com\/de\/produkt-kategorie\/scheinwerfer\/\"},{\"@type\":\"ListItem\",\"position\":4,\"name\":\"Scheinwerfer rund\",\"item\":\"https:\/\/www.alldayled.com\/de\/produkt-kategorie\/scheinwerfer\/verstraler-rond\/\"},{\"@type\":\"ListItem\",\"position\":5,\"name\":\"Strands Ambassador Scheinwerfer &#8211; Smoke\"}]},{\"@type\":\"WebSite\",\"@id\":\"https:\/\/www.alldayled.com\/de\/#website\",\"url\":\"https:\/\/www.alldayled.com\/de\/\",\"name\":\"All Day Led\",\"description\":\"Verlichting voor 12&amp;24 volt gebruik\",\"publisher\":{\"@id\":\"https:\/\/www.alldayled.com\/de\/#organization\"},\"potentialAction\":[{\"@type\":\"SearchAction\",\"target\":{\"@type\":\"EntryPoint\",\"urlTemplate\":\"https:\/\/www.alldayled.com\/de\/?s={search_term_string}\"},\"query-input\":{\"@type\":\"PropertyValueSpecification\",\"valueRequired\":true,\"valueName\":\"search_term_string\"}}],\"inLanguage\":\"de\"},{\"@type\":\"Organization\",\"@id\":\"https:\/\/www.alldayled.com\/de\/#organization\",\"name\":\"All Day Led\",\"url\":\"https:\/\/www.alldayled.com\/de\/\",\"logo\":{\"@type\":\"ImageObject\",\"inLanguage\":\"de\",\"@id\":\"https:\/\/www.alldayled.com\/de\/#\/schema\/logo\/image\/\",\"url\":\"https:\/\/www.alldayled.com\/wp-content\/uploads\/2025\/10\/Logo-ALL-DAY-LED-800x800-zwart-witte-letters.png\",\"contentUrl\":\"https:\/\/www.alldayled.com\/wp-content\/uploads\/2025\/10\/Logo-ALL-DAY-LED-800x800-zwart-witte-letters.png\",\"width\":800,\"height\":800,\"caption\":\"All Day Led\"},\"image\":{\"@id\":\"https:\/\/www.alldayled.com\/de\/#\/schema\/logo\/image\/\"},\"sameAs\":[\"https:\/\/www.facebook.com\/alldayled\/\",\"https:\/\/www.instagram.com\/alldayled\/\"],\"vatID\":\"NL863960133B01\",\"taxID\":\"86416545\"}]}<\/script>\n<meta property=\"product:brand\" content=\"Strands\" \/>\n<meta property=\"product:price:amount\" content=\"389.00\" \/>\n<meta property=\"product:price:currency\" content=\"EUR\" \/>\n<meta property=\"og:availability\" content=\"instock\" \/>\n<meta property=\"product:availability\" content=\"instock\" \/>\n<meta property=\"product:retailer_item_id\" content=\"ADL270925\" \/>\n<meta property=\"product:condition\" content=\"new\" \/>\n<!-- \/ Yoast SEO Premium plugin. -->","yoast_head_json":{"title":"Strands Ambassador Scheinwerfer - Smoke - All Day Led - 12&24V","description":"Strands Ambassador Scheinwerfer - Smoke - f\u00fcr 12&24 Volt - 100 % wasserdicht! - 5535 Lumen! - 1 LUX auf 381 Metern - hochglanzschwarz mit dunklem Glas - Full LED","robots":{"index":"index","follow":"follow","max-snippet":"max-snippet:-1","max-image-preview":"max-image-preview:large","max-video-preview":"max-video-preview:-1"},"canonical":"https:\/\/www.alldayled.com\/de\/produkt\/strands-ambassador-verstraler-donker\/","og_locale":"de_DE","og_type":"article","og_title":"Strands Ambassador Scheinwerfer - Smoke - All Day Led - 12&24V","og_description":"Strands Ambassador Scheinwerfer - Smoke - f\u00fcr 12&24 Volt - 100 % wasserdicht! - 5535 Lumen! - 1 LUX auf 381 Metern - hochglanzschwarz mit dunklem Glas - Full LED","og_url":"https:\/\/www.alldayled.com\/de\/produkt\/strands-ambassador-verstraler-donker\/","og_site_name":"All Day Led","article_publisher":"https:\/\/www.facebook.com\/alldayled\/","article_modified_time":"2026-04-04T19:13:33+00:00","og_image":[{"url":"https:\/\/www.alldayled.com\/wp-content\/uploads\/2024\/06\/ADL270925-300x300.png","type":"","width":"","height":""}],"twitter_misc":{"Preis":"&euro;&nbsp;389,00","Verf\u00fcgbarkeit":"Auf Lager"},"schema":{"@context":"https:\/\/schema.org","@graph":[{"@type":"WebPage","@id":"https:\/\/www.alldayled.com\/de\/produkt\/strands-ambassador-verstraler-donker\/","url":"https:\/\/www.alldayled.com\/de\/produkt\/strands-ambassador-verstraler-donker\/","name":"Strands Ambassador Scheinwerfer - Smoke - All Day Led - 12&24V","isPartOf":{"@id":"https:\/\/www.alldayled.com\/de\/#website"},"primaryImageOfPage":{"@id":"https:\/\/www.alldayled.com\/de\/produkt\/strands-ambassador-verstraler-donker\/#primaryimage"},"image":{"@id":"https:\/\/www.alldayled.com\/de\/produkt\/strands-ambassador-verstraler-donker\/#primaryimage"},"thumbnailUrl":"https:\/\/www.alldayled.com\/wp-content\/uploads\/2023\/05\/ADL70925.png","datePublished":"2023-05-09T11:31:17+00:00","dateModified":"2026-04-04T19:13:33+00:00","description":"Strands Ambassador Scheinwerfer - Smoke - f\u00fcr 12&24 Volt - 100 % wasserdicht! - 5535 Lumen! - 1 LUX auf 381 Metern - hochglanzschwarz mit dunklem Glas - Full LED","breadcrumb":{"@id":"https:\/\/www.alldayled.com\/de\/produkt\/strands-ambassador-verstraler-donker\/#breadcrumb"},"inLanguage":"de","potentialAction":[{"@type":"ReadAction","target":["https:\/\/www.alldayled.com\/de\/produkt\/strands-ambassador-verstraler-donker\/"]}]},{"@type":"ImageObject","inLanguage":"de","@id":"https:\/\/www.alldayled.com\/de\/produkt\/strands-ambassador-verstraler-donker\/#primaryimage","url":"https:\/\/www.alldayled.com\/wp-content\/uploads\/2023\/05\/ADL70925.png","contentUrl":"https:\/\/www.alldayled.com\/wp-content\/uploads\/2023\/05\/ADL70925.png","width":800,"height":600,"caption":"Strands Ambassador Full LED Scheinwerfer mit dunklem Glas - Dark Knight EDITION - mit farbwechselndem LED-Standlicht - f\u00fcr 12 &amp; 24 Volt Betrieb EAN: 7323030186753"},{"@type":"BreadcrumbList","@id":"https:\/\/www.alldayled.com\/de\/produkt\/strands-ambassador-verstraler-donker\/#breadcrumb","itemListElement":[{"@type":"ListItem","position":1,"name":"Home","item":"https:\/\/www.alldayled.com\/de\/"},{"@type":"ListItem","position":2,"name":"Shop","item":"https:\/\/www.alldayled.com\/de\/shop\/"},{"@type":"ListItem","position":3,"name":"Scheinwerfer","item":"https:\/\/www.alldayled.com\/de\/produkt-kategorie\/scheinwerfer\/"},{"@type":"ListItem","position":4,"name":"Scheinwerfer rund","item":"https:\/\/www.alldayled.com\/de\/produkt-kategorie\/scheinwerfer\/verstraler-rond\/"},{"@type":"ListItem","position":5,"name":"Strands Ambassador Scheinwerfer &#8211; Smoke"}]},{"@type":"WebSite","@id":"https:\/\/www.alldayled.com\/de\/#website","url":"https:\/\/www.alldayled.com\/de\/","name":"All Day Led","description":"Verlichting voor 12&amp;24 volt gebruik","publisher":{"@id":"https:\/\/www.alldayled.com\/de\/#organization"},"potentialAction":[{"@type":"SearchAction","target":{"@type":"EntryPoint","urlTemplate":"https:\/\/www.alldayled.com\/de\/?s={search_term_string}"},"query-input":{"@type":"PropertyValueSpecification","valueRequired":true,"valueName":"search_term_string"}}],"inLanguage":"de"},{"@type":"Organization","@id":"https:\/\/www.alldayled.com\/de\/#organization","name":"All Day Led","url":"https:\/\/www.alldayled.com\/de\/","logo":{"@type":"ImageObject","inLanguage":"de","@id":"https:\/\/www.alldayled.com\/de\/#\/schema\/logo\/image\/","url":"https:\/\/www.alldayled.com\/wp-content\/uploads\/2025\/10\/Logo-ALL-DAY-LED-800x800-zwart-witte-letters.png","contentUrl":"https:\/\/www.alldayled.com\/wp-content\/uploads\/2025\/10\/Logo-ALL-DAY-LED-800x800-zwart-witte-letters.png","width":800,"height":800,"caption":"All Day Led"},"image":{"@id":"https:\/\/www.alldayled.com\/de\/#\/schema\/logo\/image\/"},"sameAs":["https:\/\/www.facebook.com\/alldayled\/","https:\/\/www.instagram.com\/alldayled\/"],"vatID":"NL863960133B01","taxID":"86416545"}]},"product_brand":"Strands","product_price_amount":"389.00","product_price_currency":"EUR","og_availability":"instock","product_availability":"instock","product_retailer_item_id":"ADL270925","product_condition":"new"},"_links":{"self":[{"href":"https:\/\/www.alldayled.com\/de\/wp-json\/wp\/v2\/product\/67822","targetHints":{"allow":["GET"]}}],"collection":[{"href":"https:\/\/www.alldayled.com\/de\/wp-json\/wp\/v2\/product"}],"about":[{"href":"https:\/\/www.alldayled.com\/de\/wp-json\/wp\/v2\/types\/product"}],"replies":[{"embeddable":true,"href":"https:\/\/www.alldayled.com\/de\/wp-json\/wp\/v2\/comments?post=67822"}],"wp:featuredmedia":[{"embeddable":true,"href":"https:\/\/www.alldayled.com\/de\/wp-json\/wp\/v2\/media\/25086"}],"wp:attachment":[{"href":"https:\/\/www.alldayled.com\/de\/wp-json\/wp\/v2\/media?parent=67822"}],"wp:term":[{"taxonomy":"product_brand","embeddable":true,"href":"https:\/\/www.alldayled.com\/de\/wp-json\/wp\/v2\/product_brand?post=67822"},{"taxonomy":"product_cat","embeddable":true,"href":"https:\/\/www.alldayled.com\/de\/wp-json\/wp\/v2\/product_cat?post=67822"},{"taxonomy":"product_tag","embeddable":true,"href":"https:\/\/www.alldayled.com\/de\/wp-json\/wp\/v2\/product_tag?post=67822"}],"curies":[{"name":"wp","href":"https:\/\/api.w.org\/{rel}","templated":true}]}}