{"id":67825,"date":"2023-04-05T11:52:09","date_gmt":"2023-04-05T09:52:09","guid":{"rendered":"https:\/\/www.alldayled.com\/product\/tralert-wd-100100\/"},"modified":"2026-04-27T22:12:02","modified_gmt":"2026-04-27T20:12:02","slug":"tralert-wd-100100","status":"publish","type":"product","link":"https:\/\/www.alldayled.com\/de\/produkt\/tralert-wd-100100\/","title":{"rendered":"Tralert WD-100100 Scheinwerfer"},"content":{"rendered":"<p><span style=\"color: #000000;\"><strong>Tralert WD-100100 LED Scheinwerfer, f\u00fcr 12 und 24 Volt.<\/strong><\/span><\/p>\n<p><span style=\"color: #000000;\">Sind Sie auf der Suche nach einem sch\u00f6nen ovalen Full LED Scheinwerfer, der auch mit einer von Farbe wechselnden Positionsleuchte (orange &#8211; wei\u00df) ausgestattet ist? Dann ist der Tralert WD-100100 LED Scheinwerfer vielleicht die Lampe, die Sie suchen. Der Full LED Scheinwerfer ist mit 4 sehr hellen LEDs ausgestattet und hat eine Lichtleistung von 10.000 Lumen. Der Full LED Scheinwerfer mit von Farbe wechselndem Standlicht ist auf 12  24 Volt zu verwenden. Dies bedeutet, dass Sie die ECE-gepr\u00fcfte LED Lampe beispielsweise auf einem Auto, LKW, Camper oder einer anderen Art von Fahrzeug montieren k\u00f6nnen.     <\/span><\/p>\n<p><span style=\"color: #000000;\">Um sicherzustellen, dass der Tralert WD-100100 Full LED Scheinwerfer f\u00fcr Ihr Fahrzeug geeignet ist, haben wir nachfolgend eine Reihe von Spezifikationen aufgef\u00fchrt. All dies, um deutlich zu machen, warum dies vielleicht die Lampe ist, nach der Sie suchen. Die LED Lampe ist beispielsweise mit dem ECE R10-Pr\u00fcfzeichen versehen. Dieses Pr\u00fcfzeichen gibt an, dass die Lampe w\u00e4hrend der Aktivierung keine St\u00f6rungen beispielsweise auf dem Funksignal verursacht. Auch ist der Full LED Scheinwerfer mit dem IP69K-Pr\u00fcfzeichen versehen. Dieses Pr\u00fcfzeichen gibt an, dass die Lampe vollst\u00e4ndig staub- und wasserdicht ist. Um das Ganze abzurunden, wird dieser LED Scheinwerfer mit RVS-Befestigungsmaterial und einem Deutsch-Stecker geliefert.       <\/span><\/p>\n<h5><span style=\"color: #000000;\"><strong>Abmessungen:<\/strong><\/span><\/h5>\n<p><span style=\"color: #000000;\">Da Sie sicher sein wollen, dass Sie den Scheinwerfer an der gew\u00fcnschten Stelle montieren k\u00f6nnen, haben wir nachfolgend die Abmessungen der Einheit notiert. Die Abmessungen des Tralert WD-100100 LED Scheinwerfers sind wie folgt: <\/span><\/p>\n<ul>\n<li><span style=\"color: #000000;\">H\u00f6he: 141 mm (176 mm inkl. Halter)<\/span><\/li>\n<li><span style=\"color: #000000;\">Breite: 247 mm<\/span><\/li>\n<li><span style=\"color: #000000;\">Dicke: 92 mm<\/span><\/li>\n<\/ul>\n<h5><span style=\"color: #000000;\"><strong>Andere Versionen: <\/strong><\/span><\/h5>\n<p><span style=\"color: #000000;\">M\u00f6chten Sie zwar eine LED Lampe der Marke Tralert kaufen, aber ist die WD-100100 jetzt nicht die Lampe, die Sie suchen? Wissen Sie dann, dass Tralert auch noch diverse andere Arten und Formen anbietet. Sehen Sie hierunter eine Reihe von Lampen aus dem Sortiment:  <\/span><\/p>\n<ul>\n<li><span style=\"color: #000000;\"><a style=\"color: #000000;\" href=\"https:\/\/www.alldayled.com\/de\/produkt\/tralert-atlas-320-plus-led-verstraler\/\"><strong>Tralert WD-6060A<\/strong><\/a><\/span><\/li>\n<li><span style=\"color: #000000;\"><a style=\"color: #000000;\" href=\"https:\/\/www.alldayled.com\/de\/produkt\/tralert-wd-80120\/\"><strong>Tralert WD-80120<\/strong><\/a><\/span><\/li>\n<li><span style=\"color: #000000;\"><a style=\"color: #000000;\" href=\"https:\/\/www.alldayled.com\/de\/produkt\/tralert-atlas-320-led-verstraler\/\"><strong>Tralert WD-4830<\/strong><\/a><\/span><\/li>\n<\/ul>\n<p><span style=\"color: #000000;\">Sind Sie letztendlich doch der Meinung, dass der Tralert WD-100100 Scheinwerfer nicht das ist, wonach Sie suchen? Simpelweg, weil die Lichtleistung, Wattzahl oder Form nicht Ihren W\u00fcnschen entspricht? Sehen Sie sich dann hier das komplette Angebot von <a style=\"color: #000000;\" href=\"\/?product_brand=tralert\" target=\"_blank\" rel=\"noopener\">Tralert<\/a> an. Vielleicht finden Sie hier ja das Lampenmodell, das Sie suchen.   <\/span><\/p>\n","protected":false},"excerpt":{"rendered":"<p>Starker und heller Scheinwerfer von Tralert mit 10.000 Lumen &#8211; ECE R112 und ECE R7.<\/p>\n","protected":false},"featured_media":24807,"comment_status":"open","ping_status":"closed","template":"","meta":{"_acf_changed":false},"product_brand":[6607],"product_cat":[5382],"product_tag":[9075,9079,9077,9078,9076,9074],"class_list":{"0":"post-67825","1":"product","2":"type-product","3":"status-publish","4":"has-post-thumbnail","6":"product_brand-product-tralert","7":"product_cat-verstraler-ovaal","8":"product_tag-led-scheinwerfer-auto","9":"product_tag-led-scheinwerfer-lkw","10":"product_tag-led-scheinwerfer-tonabnehmer","11":"product_tag-led-scheinwerfer-traktor","12":"product_tag-led-scheinwerfer-wohnmobil","13":"product_tag-scheinwerfer-mit-stadtlicht","15":"first","16":"instock","17":"taxable","18":"shipping-taxable","19":"purchasable","20":"product-type-simple"},"acf":[],"yoast_head":"<!-- This site is optimized with the Yoast SEO Premium plugin v26.5 (Yoast SEO v27.1.1) - https:\/\/yoast.com\/product\/yoast-seo-premium-wordpress\/ -->\n<title>Tralert WD-100100 Scheinwerfer - All Day Led - f\u00fcr 12&amp;24 Volt<\/title>\n<meta name=\"description\" content=\"Tralert WD-100100 LED Scheinwerfer - f\u00fcr 1224 volt - mit ECE R112 ECE R7 - dunkles Glas - 10.000 Lumen! - mit Deutsch-Stecker\" \/>\n<meta name=\"robots\" content=\"index, follow, max-snippet:-1, max-image-preview:large, max-video-preview:-1\" \/>\n<link rel=\"canonical\" href=\"https:\/\/www.alldayled.com\/de\/produkt\/tralert-wd-100100\/\" \/>\n<meta property=\"og:locale\" content=\"de_DE\" \/>\n<meta property=\"og:type\" content=\"article\" \/>\n<meta property=\"og:title\" content=\"Tralert WD-100100 Scheinwerfer - All Day Led - f\u00fcr 1224 Volt\" \/>\n<meta property=\"og:description\" content=\"Tralert WD-100100 LED Scheinwerfer - f\u00fcr 1224 volt - mit ECE R112 ECE R7 - dunkles Glas - 10.000 Lumen! - mit Deutsch-Stecker\" \/>\n<meta property=\"og:url\" content=\"https:\/\/www.alldayled.com\/de\/produkt\/tralert-wd-100100\/\" \/>\n<meta property=\"og:site_name\" content=\"All Day Led\" \/>\n<meta property=\"article:publisher\" content=\"https:\/\/www.facebook.com\/alldayled\/\" \/>\n<meta property=\"article:modified_time\" content=\"2026-04-27T20:12:02+00:00\" \/>\n<meta property=\"og:image\" content=\"https:\/\/www.alldayled.com\/wp-content\/uploads\/2024\/10\/ADL42100.01-300x300.png\" \/>\n<meta name=\"twitter:label1\" content=\"Preis\" \/>\n\t<meta name=\"twitter:data1\" content=\"&euro;&nbsp;169,00\" \/>\n\t<meta name=\"twitter:label2\" content=\"Verf\u00fcgbarkeit\" \/>\n\t<meta name=\"twitter:data2\" content=\"Auf Lager\" \/>\n<script type=\"application\/ld+json\" class=\"yoast-schema-graph\">{\"@context\":\"https:\/\/schema.org\",\"@graph\":[{\"@type\":\"WebPage\",\"@id\":\"https:\/\/www.alldayled.com\/de\/produkt\/tralert-wd-100100\/\",\"url\":\"https:\/\/www.alldayled.com\/de\/produkt\/tralert-wd-100100\/\",\"name\":\"Tralert WD-100100 Scheinwerfer - All Day Led - f\u00fcr 12&24 Volt\",\"isPartOf\":{\"@id\":\"https:\/\/www.alldayled.com\/de\/#website\"},\"primaryImageOfPage\":{\"@id\":\"https:\/\/www.alldayled.com\/de\/produkt\/tralert-wd-100100\/#primaryimage\"},\"image\":{\"@id\":\"https:\/\/www.alldayled.com\/de\/produkt\/tralert-wd-100100\/#primaryimage\"},\"thumbnailUrl\":\"https:\/\/www.alldayled.com\/wp-content\/uploads\/2023\/04\/ADL42100.png\",\"datePublished\":\"2023-04-05T09:52:09+00:00\",\"dateModified\":\"2026-04-27T20:12:02+00:00\",\"description\":\"Tralert WD-100100 LED Scheinwerfer - f\u00fcr 1224 volt - mit ECE R112 ECE R7 - dunkles Glas - 10.000 Lumen! - mit Deutsch-Stecker\",\"breadcrumb\":{\"@id\":\"https:\/\/www.alldayled.com\/de\/produkt\/tralert-wd-100100\/#breadcrumb\"},\"inLanguage\":\"de\",\"potentialAction\":[{\"@type\":\"ReadAction\",\"target\":[\"https:\/\/www.alldayled.com\/de\/produkt\/tralert-wd-100100\/\"]}]},{\"@type\":\"ImageObject\",\"inLanguage\":\"de\",\"@id\":\"https:\/\/www.alldayled.com\/de\/produkt\/tralert-wd-100100\/#primaryimage\",\"url\":\"https:\/\/www.alldayled.com\/wp-content\/uploads\/2023\/04\/ADL42100.png\",\"contentUrl\":\"https:\/\/www.alldayled.com\/wp-content\/uploads\/2023\/04\/ADL42100.png\",\"width\":800,\"height\":600,\"caption\":\"TRALERT\u00aeWD-100100 Full LED Scheinwerfer - Scheinwerfer f\u00fcr 12 24 Volt Betrieb - EAN: 8720364580148\"},{\"@type\":\"BreadcrumbList\",\"@id\":\"https:\/\/www.alldayled.com\/de\/produkt\/tralert-wd-100100\/#breadcrumb\",\"itemListElement\":[{\"@type\":\"ListItem\",\"position\":1,\"name\":\"Home\",\"item\":\"https:\/\/www.alldayled.com\/de\/\"},{\"@type\":\"ListItem\",\"position\":2,\"name\":\"Shop\",\"item\":\"https:\/\/www.alldayled.com\/de\/shop\/\"},{\"@type\":\"ListItem\",\"position\":3,\"name\":\"Scheinwerfer\",\"item\":\"https:\/\/www.alldayled.com\/de\/produkt-kategorie\/scheinwerfer\/\"},{\"@type\":\"ListItem\",\"position\":4,\"name\":\"Scheinwerfer oval\",\"item\":\"https:\/\/www.alldayled.com\/de\/produkt-kategorie\/scheinwerfer\/verstraler-ovaal\/\"},{\"@type\":\"ListItem\",\"position\":5,\"name\":\"Tralert WD-100100 Scheinwerfer\"}]},{\"@type\":\"WebSite\",\"@id\":\"https:\/\/www.alldayled.com\/de\/#website\",\"url\":\"https:\/\/www.alldayled.com\/de\/\",\"name\":\"All Day Led\",\"description\":\"Verlichting voor 12&amp;24 volt gebruik\",\"publisher\":{\"@id\":\"https:\/\/www.alldayled.com\/de\/#organization\"},\"potentialAction\":[{\"@type\":\"SearchAction\",\"target\":{\"@type\":\"EntryPoint\",\"urlTemplate\":\"https:\/\/www.alldayled.com\/de\/?s={search_term_string}\"},\"query-input\":{\"@type\":\"PropertyValueSpecification\",\"valueRequired\":true,\"valueName\":\"search_term_string\"}}],\"inLanguage\":\"de\"},{\"@type\":\"Organization\",\"@id\":\"https:\/\/www.alldayled.com\/de\/#organization\",\"name\":\"All Day Led\",\"url\":\"https:\/\/www.alldayled.com\/de\/\",\"logo\":{\"@type\":\"ImageObject\",\"inLanguage\":\"de\",\"@id\":\"https:\/\/www.alldayled.com\/de\/#\/schema\/logo\/image\/\",\"url\":\"https:\/\/www.alldayled.com\/wp-content\/uploads\/2025\/10\/Logo-ALL-DAY-LED-800x800-zwart-witte-letters.png\",\"contentUrl\":\"https:\/\/www.alldayled.com\/wp-content\/uploads\/2025\/10\/Logo-ALL-DAY-LED-800x800-zwart-witte-letters.png\",\"width\":800,\"height\":800,\"caption\":\"All Day Led\"},\"image\":{\"@id\":\"https:\/\/www.alldayled.com\/de\/#\/schema\/logo\/image\/\"},\"sameAs\":[\"https:\/\/www.facebook.com\/alldayled\/\",\"https:\/\/www.instagram.com\/alldayled\/\"],\"vatID\":\"NL863960133B01\",\"taxID\":\"86416545\"}]}<\/script>\n<meta property=\"product:brand\" content=\"Tralert \u00ae\" \/>\n<meta property=\"product:price:amount\" content=\"169.00\" \/>\n<meta property=\"product:price:currency\" content=\"EUR\" \/>\n<meta property=\"og:availability\" content=\"instock\" \/>\n<meta property=\"product:availability\" content=\"instock\" \/>\n<meta property=\"product:retailer_item_id\" content=\"ADL42100\" \/>\n<meta property=\"product:condition\" content=\"new\" \/>\n<!-- \/ Yoast SEO Premium plugin. -->","yoast_head_json":{"title":"Tralert WD-100100 Scheinwerfer - All Day Led - f\u00fcr 12&24 Volt","description":"Tralert WD-100100 LED Scheinwerfer - f\u00fcr 1224 volt - mit ECE R112 ECE R7 - dunkles Glas - 10.000 Lumen! - mit Deutsch-Stecker","robots":{"index":"index","follow":"follow","max-snippet":"max-snippet:-1","max-image-preview":"max-image-preview:large","max-video-preview":"max-video-preview:-1"},"canonical":"https:\/\/www.alldayled.com\/de\/produkt\/tralert-wd-100100\/","og_locale":"de_DE","og_type":"article","og_title":"Tralert WD-100100 Scheinwerfer - All Day Led - f\u00fcr 1224 Volt","og_description":"Tralert WD-100100 LED Scheinwerfer - f\u00fcr 1224 volt - mit ECE R112 ECE R7 - dunkles Glas - 10.000 Lumen! - mit Deutsch-Stecker","og_url":"https:\/\/www.alldayled.com\/de\/produkt\/tralert-wd-100100\/","og_site_name":"All Day Led","article_publisher":"https:\/\/www.facebook.com\/alldayled\/","article_modified_time":"2026-04-27T20:12:02+00:00","og_image":[{"url":"https:\/\/www.alldayled.com\/wp-content\/uploads\/2024\/10\/ADL42100.01-300x300.png","type":"","width":"","height":""}],"twitter_misc":{"Preis":"&euro;&nbsp;169,00","Verf\u00fcgbarkeit":"Auf Lager"},"schema":{"@context":"https:\/\/schema.org","@graph":[{"@type":"WebPage","@id":"https:\/\/www.alldayled.com\/de\/produkt\/tralert-wd-100100\/","url":"https:\/\/www.alldayled.com\/de\/produkt\/tralert-wd-100100\/","name":"Tralert WD-100100 Scheinwerfer - All Day Led - f\u00fcr 12&24 Volt","isPartOf":{"@id":"https:\/\/www.alldayled.com\/de\/#website"},"primaryImageOfPage":{"@id":"https:\/\/www.alldayled.com\/de\/produkt\/tralert-wd-100100\/#primaryimage"},"image":{"@id":"https:\/\/www.alldayled.com\/de\/produkt\/tralert-wd-100100\/#primaryimage"},"thumbnailUrl":"https:\/\/www.alldayled.com\/wp-content\/uploads\/2023\/04\/ADL42100.png","datePublished":"2023-04-05T09:52:09+00:00","dateModified":"2026-04-27T20:12:02+00:00","description":"Tralert WD-100100 LED Scheinwerfer - f\u00fcr 1224 volt - mit ECE R112 ECE R7 - dunkles Glas - 10.000 Lumen! - mit Deutsch-Stecker","breadcrumb":{"@id":"https:\/\/www.alldayled.com\/de\/produkt\/tralert-wd-100100\/#breadcrumb"},"inLanguage":"de","potentialAction":[{"@type":"ReadAction","target":["https:\/\/www.alldayled.com\/de\/produkt\/tralert-wd-100100\/"]}]},{"@type":"ImageObject","inLanguage":"de","@id":"https:\/\/www.alldayled.com\/de\/produkt\/tralert-wd-100100\/#primaryimage","url":"https:\/\/www.alldayled.com\/wp-content\/uploads\/2023\/04\/ADL42100.png","contentUrl":"https:\/\/www.alldayled.com\/wp-content\/uploads\/2023\/04\/ADL42100.png","width":800,"height":600,"caption":"TRALERT\u00aeWD-100100 Full LED Scheinwerfer - Scheinwerfer f\u00fcr 12 24 Volt Betrieb - EAN: 8720364580148"},{"@type":"BreadcrumbList","@id":"https:\/\/www.alldayled.com\/de\/produkt\/tralert-wd-100100\/#breadcrumb","itemListElement":[{"@type":"ListItem","position":1,"name":"Home","item":"https:\/\/www.alldayled.com\/de\/"},{"@type":"ListItem","position":2,"name":"Shop","item":"https:\/\/www.alldayled.com\/de\/shop\/"},{"@type":"ListItem","position":3,"name":"Scheinwerfer","item":"https:\/\/www.alldayled.com\/de\/produkt-kategorie\/scheinwerfer\/"},{"@type":"ListItem","position":4,"name":"Scheinwerfer oval","item":"https:\/\/www.alldayled.com\/de\/produkt-kategorie\/scheinwerfer\/verstraler-ovaal\/"},{"@type":"ListItem","position":5,"name":"Tralert WD-100100 Scheinwerfer"}]},{"@type":"WebSite","@id":"https:\/\/www.alldayled.com\/de\/#website","url":"https:\/\/www.alldayled.com\/de\/","name":"All Day Led","description":"Verlichting voor 12&amp;24 volt gebruik","publisher":{"@id":"https:\/\/www.alldayled.com\/de\/#organization"},"potentialAction":[{"@type":"SearchAction","target":{"@type":"EntryPoint","urlTemplate":"https:\/\/www.alldayled.com\/de\/?s={search_term_string}"},"query-input":{"@type":"PropertyValueSpecification","valueRequired":true,"valueName":"search_term_string"}}],"inLanguage":"de"},{"@type":"Organization","@id":"https:\/\/www.alldayled.com\/de\/#organization","name":"All Day Led","url":"https:\/\/www.alldayled.com\/de\/","logo":{"@type":"ImageObject","inLanguage":"de","@id":"https:\/\/www.alldayled.com\/de\/#\/schema\/logo\/image\/","url":"https:\/\/www.alldayled.com\/wp-content\/uploads\/2025\/10\/Logo-ALL-DAY-LED-800x800-zwart-witte-letters.png","contentUrl":"https:\/\/www.alldayled.com\/wp-content\/uploads\/2025\/10\/Logo-ALL-DAY-LED-800x800-zwart-witte-letters.png","width":800,"height":800,"caption":"All Day Led"},"image":{"@id":"https:\/\/www.alldayled.com\/de\/#\/schema\/logo\/image\/"},"sameAs":["https:\/\/www.facebook.com\/alldayled\/","https:\/\/www.instagram.com\/alldayled\/"],"vatID":"NL863960133B01","taxID":"86416545"}]},"product_brand":"Tralert \u00ae","product_price_amount":"169.00","product_price_currency":"EUR","og_availability":"instock","product_availability":"instock","product_retailer_item_id":"ADL42100","product_condition":"new"},"_links":{"self":[{"href":"https:\/\/www.alldayled.com\/de\/wp-json\/wp\/v2\/product\/67825","targetHints":{"allow":["GET"]}}],"collection":[{"href":"https:\/\/www.alldayled.com\/de\/wp-json\/wp\/v2\/product"}],"about":[{"href":"https:\/\/www.alldayled.com\/de\/wp-json\/wp\/v2\/types\/product"}],"replies":[{"embeddable":true,"href":"https:\/\/www.alldayled.com\/de\/wp-json\/wp\/v2\/comments?post=67825"}],"wp:featuredmedia":[{"embeddable":true,"href":"https:\/\/www.alldayled.com\/de\/wp-json\/wp\/v2\/media\/24807"}],"wp:attachment":[{"href":"https:\/\/www.alldayled.com\/de\/wp-json\/wp\/v2\/media?parent=67825"}],"wp:term":[{"taxonomy":"product_brand","embeddable":true,"href":"https:\/\/www.alldayled.com\/de\/wp-json\/wp\/v2\/product_brand?post=67825"},{"taxonomy":"product_cat","embeddable":true,"href":"https:\/\/www.alldayled.com\/de\/wp-json\/wp\/v2\/product_cat?post=67825"},{"taxonomy":"product_tag","embeddable":true,"href":"https:\/\/www.alldayled.com\/de\/wp-json\/wp\/v2\/product_tag?post=67825"}],"curies":[{"name":"wp","href":"https:\/\/api.w.org\/{rel}","templated":true}]}}