{"id":67828,"date":"2023-04-05T11:54:57","date_gmt":"2023-04-05T09:54:57","guid":{"rendered":"https:\/\/www.alldayled.com\/product\/tralert-wd-80120\/"},"modified":"2023-04-05T11:54:57","modified_gmt":"2023-04-05T09:54:57","slug":"tralert-wd-80120","status":"publish","type":"product","link":"https:\/\/www.alldayled.com\/de\/produkt\/tralert-wd-80120\/","title":{"rendered":"Tralert WD-80120 Scheinwerfer"},"content":{"rendered":"<p><span style=\"color: #000000;\"><strong>Tralert WD-80120 LED Scheinwerfer, f\u00fcr 12 und 24 Volt.<\/strong><\/span><\/p>\n<p><span style=\"color: #000000;\">Bist du auf der Suche nach einem runden Full LED Scheinwerfer mit einem farbwechselnden Positionslicht (orange-wei\u00df)? Dann ist der Tralert WD-80120 vielleicht genau die Lampe, die du suchst. Dieser Full LED Scheinwerfer hat 8 helle LEDs und eine Lichtleistung von satten 12.000 Lumen. Dank des wechselnden Standlichts ist er perfekt sichtbar. Die Lampe funktioniert mit 12 und 24 Volt, so kannst du ihn zum Beispiel an deinem Auto, LKW, Wohnmobil oder einem anderen Fahrzeug montieren.    <\/span><\/p>\n<p><span style=\"color: #000000;\">Um sicherzustellen, dass der Tralert WD-80120 f\u00fcr dein Fahrzeug geeignet ist, haben wir dir unten die wichtigsten Spezifikationen zusammengefasst. Der LED Scheinwerfer hat das ECE R10 Pr\u00fcfzeichen, was bedeutet, dass er w\u00e4hrend des Betriebs keine St\u00f6rungen, zum Beispiel an deinem Radio, verursacht. Die Lampe ist auch mit dem IP69K Pr\u00fcfzeichen versehen, wodurch sie vollst\u00e4ndig staub- und wasserdicht ist. Der Scheinwerfer wird mit Befestigungsmaterial aus Edelstahl und einem Deutsch Connector geliefert, damit du ihn direkt montieren kannst.   <\/span><\/p>\n<h5><span style=\"color: #000000;\"><strong>Abmessungen:<\/strong><\/span><\/h5>\n<p><span style=\"color: #000000;\">Um sicherzustellen, dass du den Scheinwerfer montieren kannst, wo du m\u00f6chtest, haben wir dir unten die Abmessungen der Einheit notiert. Die Abmessungen des Tralert WD-80120 LED Scheinwerfers sind wie folgt: <\/span><\/p>\n<ul>\n<li><span style=\"color: #000000;\">H\u00f6he: 218 mm (232 mm inkl. Halterung)<\/span><\/li>\n<li><span style=\"color: #000000;\">Breite: 218 mm<\/span><\/li>\n<li><span style=\"color: #000000;\">Tiefe: 84 mm<\/span><\/li>\n<\/ul>\n<h5><span style=\"color: #000000;\"><strong>Andere Versionen: <\/strong><\/span><\/h5>\n<p><span style=\"color: #000000;\">M\u00f6chtest du eine LED Lampe von Tralert, aber der WD-80120 ist nicht ganz das, was du suchst? Keine Sorge! Tralert bietet auch verschiedene andere Arten und Formen an. Unten siehst du einige alternative Lampen aus dem Sortiment.   <\/span><\/p>\n<ul>\n<li><span style=\"color: #000000;\"><a style=\"color: #000000;\" href=\"https:\/\/www.alldayled.com\/de\/produkt\/tralert-wd-100100\/\"><strong>Tralert WD-100100<\/strong><\/a><\/span><\/li>\n<li><span style=\"color: #000000;\"><a style=\"color: #000000;\" href=\"https:\/\/www.alldayled.com\/de\/produkt\/tralert-atlas-320-plus-led-verstraler\/\"><strong>Tralert WD-6060A<\/strong><\/a><\/span><\/li>\n<li><span style=\"color: #000000;\"><a style=\"color: #000000;\" href=\"https:\/\/www.alldayled.com\/de\/produkt\/tralert-atlas-320-led-verstraler\/\"><strong>Tralert WD-4830<\/strong><\/a><\/span><\/li>\n<\/ul>\n<p><span style=\"color: #000000;\">Bist du letztendlich doch der Meinung, dass der Tralert WD-80120 Scheinwerfer nicht das ist, wonach du suchst? Einfach weil die Lichtleistung, Wattzahl oder Form nicht deinen W\u00fcnschen entspricht? Dann schau dir hier das komplette Angebot von <a style=\"color: #000000;\" href=\"\/?product_brand=tralert\" target=\"_blank\" rel=\"noopener\">Tralert<\/a> an. Vielleicht findest du hier ja das Lampenmodell, das du suchst.    <\/span><\/p>\n","protected":false},"excerpt":{"rendered":"<p>Schlanker und heller Scheinwerfer von Tralert mit 12.000 Lumen &#8211; ECE R112 und ECE R7.<\/p>\n","protected":false},"featured_media":24861,"comment_status":"open","ping_status":"closed","template":"","meta":{"_acf_changed":false},"product_brand":[6607],"product_cat":[5384],"product_tag":[9075,9079,9077,9078,9076,9074],"class_list":{"0":"post-67828","1":"product","2":"type-product","3":"status-publish","4":"has-post-thumbnail","6":"product_brand-product-tralert","7":"product_cat-verstraler-rond","8":"product_tag-led-scheinwerfer-auto","9":"product_tag-led-scheinwerfer-lkw","10":"product_tag-led-scheinwerfer-tonabnehmer","11":"product_tag-led-scheinwerfer-traktor","12":"product_tag-led-scheinwerfer-wohnmobil","13":"product_tag-scheinwerfer-mit-stadtlicht","15":"first","16":"instock","17":"taxable","18":"shipping-taxable","19":"purchasable","20":"product-type-simple"},"acf":[],"yoast_head":"<!-- This site is optimized with the Yoast SEO Premium plugin v26.5 (Yoast SEO v27.1.1) - https:\/\/yoast.com\/product\/yoast-seo-premium-wordpress\/ -->\n<title>Tralert WD-80120 Scheinwerfer - All Day Led - f\u00fcr 12&amp;24 Volt<\/title>\n<meta name=\"description\" content=\"Tralert WD-80120 LED Scheinwerfer - f\u00fcr 12&amp;24 Volt - mit ECE R112 &amp; ECE R7 - dunkles Glas - 12.000 Lumen! - mit Deutsch Connector\" \/>\n<meta name=\"robots\" content=\"index, follow, max-snippet:-1, max-image-preview:large, max-video-preview:-1\" \/>\n<link rel=\"canonical\" href=\"https:\/\/www.alldayled.com\/de\/produkt\/tralert-wd-80120\/\" \/>\n<meta property=\"og:locale\" content=\"de_DE\" \/>\n<meta property=\"og:type\" content=\"article\" \/>\n<meta property=\"og:title\" content=\"Tralert WD-80120 Scheinwerfer - All Day Led - f\u00fcr 12&amp;24 Volt\" \/>\n<meta property=\"og:description\" content=\"Tralert WD-80120 LED Scheinwerfer - f\u00fcr 12&amp;24 Volt - mit ECE R112 &amp; ECE R7 - dunkles Glas - 12.000 Lumen! - mit Deutsch Connector\" \/>\n<meta property=\"og:url\" content=\"https:\/\/www.alldayled.com\/de\/produkt\/tralert-wd-80120\/\" \/>\n<meta property=\"og:site_name\" content=\"All Day Led\" \/>\n<meta property=\"article:publisher\" content=\"https:\/\/www.facebook.com\/alldayled\/\" \/>\n<meta property=\"og:image\" content=\"https:\/\/www.alldayled.com\/wp-content\/uploads\/2024\/10\/ADL42120.01-300x300.png\" \/>\n<meta name=\"twitter:label1\" content=\"Preis\" \/>\n\t<meta name=\"twitter:data1\" content=\"&euro;&nbsp;179,00\" \/>\n\t<meta name=\"twitter:label2\" content=\"Verf\u00fcgbarkeit\" \/>\n\t<meta name=\"twitter:data2\" content=\"Auf Lager\" \/>\n<script type=\"application\/ld+json\" class=\"yoast-schema-graph\">{\"@context\":\"https:\/\/schema.org\",\"@graph\":[{\"@type\":\"WebPage\",\"@id\":\"https:\/\/www.alldayled.com\/de\/produkt\/tralert-wd-80120\/\",\"url\":\"https:\/\/www.alldayled.com\/de\/produkt\/tralert-wd-80120\/\",\"name\":\"Tralert WD-80120 Scheinwerfer - All Day Led - f\u00fcr 12&24 Volt\",\"isPartOf\":{\"@id\":\"https:\/\/www.alldayled.com\/de\/#website\"},\"primaryImageOfPage\":{\"@id\":\"https:\/\/www.alldayled.com\/de\/produkt\/tralert-wd-80120\/#primaryimage\"},\"image\":{\"@id\":\"https:\/\/www.alldayled.com\/de\/produkt\/tralert-wd-80120\/#primaryimage\"},\"thumbnailUrl\":\"https:\/\/www.alldayled.com\/wp-content\/uploads\/2023\/04\/ADL42120.png\",\"datePublished\":\"2023-04-05T09:54:57+00:00\",\"description\":\"Tralert WD-80120 LED Scheinwerfer - f\u00fcr 12&24 Volt - mit ECE R112 & ECE R7 - dunkles Glas - 12.000 Lumen! - mit Deutsch Connector\",\"breadcrumb\":{\"@id\":\"https:\/\/www.alldayled.com\/de\/produkt\/tralert-wd-80120\/#breadcrumb\"},\"inLanguage\":\"de\",\"potentialAction\":[{\"@type\":\"ReadAction\",\"target\":[\"https:\/\/www.alldayled.com\/de\/produkt\/tralert-wd-80120\/\"]}]},{\"@type\":\"ImageObject\",\"inLanguage\":\"de\",\"@id\":\"https:\/\/www.alldayled.com\/de\/produkt\/tralert-wd-80120\/#primaryimage\",\"url\":\"https:\/\/www.alldayled.com\/wp-content\/uploads\/2023\/04\/ADL42120.png\",\"contentUrl\":\"https:\/\/www.alldayled.com\/wp-content\/uploads\/2023\/04\/ADL42120.png\",\"width\":800,\"height\":600,\"caption\":\"TRALERT\u00aeWD-80120 Full LED Scheinwerfer - Scheinwerfer f\u00fcr 12 &amp; 24 Volt Betrieb - EAN: 8720364580124\"},{\"@type\":\"BreadcrumbList\",\"@id\":\"https:\/\/www.alldayled.com\/de\/produkt\/tralert-wd-80120\/#breadcrumb\",\"itemListElement\":[{\"@type\":\"ListItem\",\"position\":1,\"name\":\"Home\",\"item\":\"https:\/\/www.alldayled.com\/de\/\"},{\"@type\":\"ListItem\",\"position\":2,\"name\":\"Shop\",\"item\":\"https:\/\/www.alldayled.com\/de\/shop\/\"},{\"@type\":\"ListItem\",\"position\":3,\"name\":\"Scheinwerfer\",\"item\":\"https:\/\/www.alldayled.com\/de\/produkt-kategorie\/scheinwerfer\/\"},{\"@type\":\"ListItem\",\"position\":4,\"name\":\"Scheinwerfer rund\",\"item\":\"https:\/\/www.alldayled.com\/de\/produkt-kategorie\/scheinwerfer\/verstraler-rond\/\"},{\"@type\":\"ListItem\",\"position\":5,\"name\":\"Tralert WD-80120 Scheinwerfer\"}]},{\"@type\":\"WebSite\",\"@id\":\"https:\/\/www.alldayled.com\/de\/#website\",\"url\":\"https:\/\/www.alldayled.com\/de\/\",\"name\":\"All Day Led\",\"description\":\"Verlichting voor 12&amp;24 volt gebruik\",\"publisher\":{\"@id\":\"https:\/\/www.alldayled.com\/de\/#organization\"},\"potentialAction\":[{\"@type\":\"SearchAction\",\"target\":{\"@type\":\"EntryPoint\",\"urlTemplate\":\"https:\/\/www.alldayled.com\/de\/?s={search_term_string}\"},\"query-input\":{\"@type\":\"PropertyValueSpecification\",\"valueRequired\":true,\"valueName\":\"search_term_string\"}}],\"inLanguage\":\"de\"},{\"@type\":\"Organization\",\"@id\":\"https:\/\/www.alldayled.com\/de\/#organization\",\"name\":\"All Day Led\",\"url\":\"https:\/\/www.alldayled.com\/de\/\",\"logo\":{\"@type\":\"ImageObject\",\"inLanguage\":\"de\",\"@id\":\"https:\/\/www.alldayled.com\/de\/#\/schema\/logo\/image\/\",\"url\":\"https:\/\/www.alldayled.com\/wp-content\/uploads\/2025\/10\/Logo-ALL-DAY-LED-800x800-zwart-witte-letters.png\",\"contentUrl\":\"https:\/\/www.alldayled.com\/wp-content\/uploads\/2025\/10\/Logo-ALL-DAY-LED-800x800-zwart-witte-letters.png\",\"width\":800,\"height\":800,\"caption\":\"All Day Led\"},\"image\":{\"@id\":\"https:\/\/www.alldayled.com\/de\/#\/schema\/logo\/image\/\"},\"sameAs\":[\"https:\/\/www.facebook.com\/alldayled\/\",\"https:\/\/www.instagram.com\/alldayled\/\"],\"vatID\":\"NL863960133B01\",\"taxID\":\"86416545\"}]}<\/script>\n<meta property=\"product:brand\" content=\"Tralert \u00ae\" \/>\n<meta property=\"product:price:amount\" content=\"179.00\" \/>\n<meta property=\"product:price:currency\" content=\"EUR\" \/>\n<meta property=\"og:availability\" content=\"instock\" \/>\n<meta property=\"product:availability\" content=\"instock\" \/>\n<meta property=\"product:retailer_item_id\" content=\"ADL42120\" \/>\n<meta property=\"product:condition\" content=\"new\" \/>\n<!-- \/ Yoast SEO Premium plugin. -->","yoast_head_json":{"title":"Tralert WD-80120 Scheinwerfer - All Day Led - f\u00fcr 12&24 Volt","description":"Tralert WD-80120 LED Scheinwerfer - f\u00fcr 12&24 Volt - mit ECE R112 & ECE R7 - dunkles Glas - 12.000 Lumen! - mit Deutsch Connector","robots":{"index":"index","follow":"follow","max-snippet":"max-snippet:-1","max-image-preview":"max-image-preview:large","max-video-preview":"max-video-preview:-1"},"canonical":"https:\/\/www.alldayled.com\/de\/produkt\/tralert-wd-80120\/","og_locale":"de_DE","og_type":"article","og_title":"Tralert WD-80120 Scheinwerfer - All Day Led - f\u00fcr 12&24 Volt","og_description":"Tralert WD-80120 LED Scheinwerfer - f\u00fcr 12&24 Volt - mit ECE R112 & ECE R7 - dunkles Glas - 12.000 Lumen! - mit Deutsch Connector","og_url":"https:\/\/www.alldayled.com\/de\/produkt\/tralert-wd-80120\/","og_site_name":"All Day Led","article_publisher":"https:\/\/www.facebook.com\/alldayled\/","og_image":[{"url":"https:\/\/www.alldayled.com\/wp-content\/uploads\/2024\/10\/ADL42120.01-300x300.png","type":"","width":"","height":""}],"twitter_misc":{"Preis":"&euro;&nbsp;179,00","Verf\u00fcgbarkeit":"Auf Lager"},"schema":{"@context":"https:\/\/schema.org","@graph":[{"@type":"WebPage","@id":"https:\/\/www.alldayled.com\/de\/produkt\/tralert-wd-80120\/","url":"https:\/\/www.alldayled.com\/de\/produkt\/tralert-wd-80120\/","name":"Tralert WD-80120 Scheinwerfer - All Day Led - f\u00fcr 12&24 Volt","isPartOf":{"@id":"https:\/\/www.alldayled.com\/de\/#website"},"primaryImageOfPage":{"@id":"https:\/\/www.alldayled.com\/de\/produkt\/tralert-wd-80120\/#primaryimage"},"image":{"@id":"https:\/\/www.alldayled.com\/de\/produkt\/tralert-wd-80120\/#primaryimage"},"thumbnailUrl":"https:\/\/www.alldayled.com\/wp-content\/uploads\/2023\/04\/ADL42120.png","datePublished":"2023-04-05T09:54:57+00:00","description":"Tralert WD-80120 LED Scheinwerfer - f\u00fcr 12&24 Volt - mit ECE R112 & ECE R7 - dunkles Glas - 12.000 Lumen! - mit Deutsch Connector","breadcrumb":{"@id":"https:\/\/www.alldayled.com\/de\/produkt\/tralert-wd-80120\/#breadcrumb"},"inLanguage":"de","potentialAction":[{"@type":"ReadAction","target":["https:\/\/www.alldayled.com\/de\/produkt\/tralert-wd-80120\/"]}]},{"@type":"ImageObject","inLanguage":"de","@id":"https:\/\/www.alldayled.com\/de\/produkt\/tralert-wd-80120\/#primaryimage","url":"https:\/\/www.alldayled.com\/wp-content\/uploads\/2023\/04\/ADL42120.png","contentUrl":"https:\/\/www.alldayled.com\/wp-content\/uploads\/2023\/04\/ADL42120.png","width":800,"height":600,"caption":"TRALERT\u00aeWD-80120 Full LED Scheinwerfer - Scheinwerfer f\u00fcr 12 &amp; 24 Volt Betrieb - EAN: 8720364580124"},{"@type":"BreadcrumbList","@id":"https:\/\/www.alldayled.com\/de\/produkt\/tralert-wd-80120\/#breadcrumb","itemListElement":[{"@type":"ListItem","position":1,"name":"Home","item":"https:\/\/www.alldayled.com\/de\/"},{"@type":"ListItem","position":2,"name":"Shop","item":"https:\/\/www.alldayled.com\/de\/shop\/"},{"@type":"ListItem","position":3,"name":"Scheinwerfer","item":"https:\/\/www.alldayled.com\/de\/produkt-kategorie\/scheinwerfer\/"},{"@type":"ListItem","position":4,"name":"Scheinwerfer rund","item":"https:\/\/www.alldayled.com\/de\/produkt-kategorie\/scheinwerfer\/verstraler-rond\/"},{"@type":"ListItem","position":5,"name":"Tralert WD-80120 Scheinwerfer"}]},{"@type":"WebSite","@id":"https:\/\/www.alldayled.com\/de\/#website","url":"https:\/\/www.alldayled.com\/de\/","name":"All Day Led","description":"Verlichting voor 12&amp;24 volt gebruik","publisher":{"@id":"https:\/\/www.alldayled.com\/de\/#organization"},"potentialAction":[{"@type":"SearchAction","target":{"@type":"EntryPoint","urlTemplate":"https:\/\/www.alldayled.com\/de\/?s={search_term_string}"},"query-input":{"@type":"PropertyValueSpecification","valueRequired":true,"valueName":"search_term_string"}}],"inLanguage":"de"},{"@type":"Organization","@id":"https:\/\/www.alldayled.com\/de\/#organization","name":"All Day Led","url":"https:\/\/www.alldayled.com\/de\/","logo":{"@type":"ImageObject","inLanguage":"de","@id":"https:\/\/www.alldayled.com\/de\/#\/schema\/logo\/image\/","url":"https:\/\/www.alldayled.com\/wp-content\/uploads\/2025\/10\/Logo-ALL-DAY-LED-800x800-zwart-witte-letters.png","contentUrl":"https:\/\/www.alldayled.com\/wp-content\/uploads\/2025\/10\/Logo-ALL-DAY-LED-800x800-zwart-witte-letters.png","width":800,"height":800,"caption":"All Day Led"},"image":{"@id":"https:\/\/www.alldayled.com\/de\/#\/schema\/logo\/image\/"},"sameAs":["https:\/\/www.facebook.com\/alldayled\/","https:\/\/www.instagram.com\/alldayled\/"],"vatID":"NL863960133B01","taxID":"86416545"}]},"product_brand":"Tralert \u00ae","product_price_amount":"179.00","product_price_currency":"EUR","og_availability":"instock","product_availability":"instock","product_retailer_item_id":"ADL42120","product_condition":"new"},"_links":{"self":[{"href":"https:\/\/www.alldayled.com\/de\/wp-json\/wp\/v2\/product\/67828","targetHints":{"allow":["GET"]}}],"collection":[{"href":"https:\/\/www.alldayled.com\/de\/wp-json\/wp\/v2\/product"}],"about":[{"href":"https:\/\/www.alldayled.com\/de\/wp-json\/wp\/v2\/types\/product"}],"replies":[{"embeddable":true,"href":"https:\/\/www.alldayled.com\/de\/wp-json\/wp\/v2\/comments?post=67828"}],"wp:featuredmedia":[{"embeddable":true,"href":"https:\/\/www.alldayled.com\/de\/wp-json\/wp\/v2\/media\/24861"}],"wp:attachment":[{"href":"https:\/\/www.alldayled.com\/de\/wp-json\/wp\/v2\/media?parent=67828"}],"wp:term":[{"taxonomy":"product_brand","embeddable":true,"href":"https:\/\/www.alldayled.com\/de\/wp-json\/wp\/v2\/product_brand?post=67828"},{"taxonomy":"product_cat","embeddable":true,"href":"https:\/\/www.alldayled.com\/de\/wp-json\/wp\/v2\/product_cat?post=67828"},{"taxonomy":"product_tag","embeddable":true,"href":"https:\/\/www.alldayled.com\/de\/wp-json\/wp\/v2\/product_tag?post=67828"}],"curies":[{"name":"wp","href":"https:\/\/api.w.org\/{rel}","templated":true}]}}