{"id":67854,"date":"2020-03-26T16:23:57","date_gmt":"2020-03-26T15:23:57","guid":{"rendered":"https:\/\/www.alldayled.com\/product\/hella-jumbo-320ff-met-led-stadslicht\/"},"modified":"2020-03-26T16:23:57","modified_gmt":"2020-03-26T15:23:57","slug":"hella-jumbo-320ff-met-led-stadslicht","status":"publish","type":"product","link":"https:\/\/www.alldayled.com\/de\/produkt\/hella-jumbo-320ff-met-led-stadslicht\/","title":{"rendered":"Hella Jumbo 320FF mit LED Standlicht"},"content":{"rendered":"<p><span style=\"color: #000000;\"><strong>Hella Jumbo 320FF Scheinwerfer mit LED Standlicht, f\u00fcr 12 &amp; 24 Volt. <\/strong><\/span><\/p>\n<p><span style=\"color: #000000;\">Suchst du einen Scheinwerfer, m\u00f6chtest aber keine Voll-LED-Ausf\u00fchrung? Dann ist der Hella Jumbo 320FF vielleicht die L\u00f6sung f\u00fcr dich! Diese Lampe ist aus hochwertigem Material gefertigt und h\u00e4lt einiges aus. Das Glas ist aus geh\u00e4rtetem Glas und somit resistent gegen Steinschlag oder kleinere St\u00f6\u00dfe. Was den Scheinwerfer einzigartig macht, ist sein integriertes LED Standlicht. F\u00fcr den Fernlichtbereich kannst du eine H7-Lampe montieren (Lampen nicht im Lieferumfang enthalten). Die Lampe funktioniert mit 12 oder 24 Volt, wodurch du sie zum Beispiel an deinem Auto, LKW, Wohnmobil oder Traktor montieren kannst. Du wirst den Hella 320FF Scheinwerfer oft an den Lampenb\u00fcgeln der Marke Kelsa finden.       <\/span><\/p>\n<p><span style=\"color: #000000;\">Der Hella 320FF ist mit dem ECE R7 und ECE R112 Pr\u00fcfzeichen versehen, was bedeutet, dass du die Lampe ganz normal im Stra\u00dfenverkehr verwenden darfst. Das ECE R112 Pr\u00fcfzeichen macht das Fernlicht im Stra\u00dfenverkehr legal, und mit dem ECE R7 Pr\u00fcfzeichen darfst du das Standlicht verwenden. Dank der mitgelieferten Edelstahl-Montagehalterungen l\u00e4sst sich der Scheinwerfer einfach an deinem Fahrzeug montieren. Kurz gesagt: Der Hella Jumbo 320FF ist ein zuverl\u00e4ssiger und robuster Scheinwerfer f\u00fcr nahezu jedes Fahrzeug.   <\/span><\/p>\n<h5><span style=\"color: #000000;\"><strong>Abmessungen:<\/strong><\/span><\/h5>\n<p><span style=\"color: #000000;\">Um sicherzustellen, dass du den Hella Jumbo 320FF Scheinwerfer mit LED Standlicht an der richtigen Stelle montieren kannst, haben wir dir unten die Abmessungen der Lampe aufgelistet. So wei\u00dft du genau, wie die Lampe an dein Fahrzeug passt und erlebst keine \u00dcberraschungen: <\/span><\/p>\n<ul>\n<li><span style=\"color: #000000;\">Breite: 244,8 mm<\/span><\/li>\n<li><span style=\"color: #000000;\">H\u00f6he: 141 mm<\/span><\/li>\n<li><span style=\"color: #000000;\">Tiefe: 108,5 mm<\/span><\/li>\n<\/ul>\n<p><span style=\"color: #000000;\">Hella Artikelnummer: <em>1FE 008 773-081<\/em><\/span><\/p>\n<h5><span style=\"color: #000000;\"><strong>Andere Versionen: <\/strong><\/span><\/h5>\n<p><span style=\"color: #000000;\">Suchst du den ovalen Hella Scheinwerfer, aber nicht die Ausf\u00fchrung mit LED Standlicht? Dann sieh dir unten die Ausf\u00fchrung mit separater Lampenfassung an: <\/span><\/p>\n<ul>\n<li><span style=\"color: #000000;\"><strong><a style=\"color: #000000;\" href=\"https:\/\/www.alldayled.com\/de\/produkt\/hella-jumbo-320ff-met-stadslichthouder\/\">Hella Jumbo mit T10 Lampe<\/a><\/strong><\/span><\/li>\n<\/ul>\n<p><span style=\"color: #000000;\">Bist du der Meinung, dass der Hella Jumbo 320FF Scheinwerfer doch nicht das ist, was du suchst? Einfach weil die Form oder Ausf\u00fchrung nicht passt? Dann wirf doch einen Blick auf unsere Seite <a style=\"color: #000000;\" href=\"https:\/\/www.alldayled.com\/de\/produkt-kategorie\/scheinwerfer\/\">Scheinwerfer<\/a>. Vielleicht findest du hier das Scheinwerfermodell, das du suchst.   <\/span><\/p>\n","protected":false},"excerpt":{"rendered":"<p>Scheinwerfer von Hella mit LED Standlichthalterung und ECE R7 und ECE 112 Pr\u00fcfzeichen.<\/p>\n","protected":false},"featured_media":14328,"comment_status":"open","ping_status":"closed","template":"","meta":{"_acf_changed":false},"product_brand":[6294],"product_cat":[5382],"product_tag":[9547,9543,9074],"class_list":{"0":"post-67854","1":"product","2":"type-product","3":"status-publish","4":"has-post-thumbnail","6":"product_brand-product-hella","7":"product_cat-verstraler-ovaal","8":"product_tag-hella-jumbo-320ff","9":"product_tag-hella-scheinwerfer","10":"product_tag-scheinwerfer-mit-stadtlicht","12":"first","13":"instock","14":"taxable","15":"shipping-taxable","16":"purchasable","17":"product-type-simple"},"acf":[],"yoast_head":"<!-- This site is optimized with the Yoast SEO Premium plugin v26.5 (Yoast SEO v27.1.1) - https:\/\/yoast.com\/product\/yoast-seo-premium-wordpress\/ -->\n<title>Hella Jumbo 320FF mit LED Standlicht - All Day Led - 12&amp;24V<\/title>\n<meta name=\"description\" content=\"Hella Jumbo 320FF Scheinwerfer - geeignet f\u00fcr Kelsa B\u00fcgel - mit LED Standlicht - ECE R112 R7 Zulassung - funktioniert mit 12&amp;24 Volt\" \/>\n<meta name=\"robots\" content=\"index, follow, max-snippet:-1, max-image-preview:large, max-video-preview:-1\" \/>\n<link rel=\"canonical\" href=\"https:\/\/www.alldayled.com\/de\/produkt\/hella-jumbo-320ff-met-led-stadslicht\/\" \/>\n<meta property=\"og:locale\" content=\"de_DE\" \/>\n<meta property=\"og:type\" content=\"article\" \/>\n<meta property=\"og:title\" content=\"Hella Jumbo 320FF mit LED Standlicht - All Day Led - 12&amp;24V\" \/>\n<meta property=\"og:description\" content=\"Hella Jumbo 320FF Scheinwerfer - geeignet f\u00fcr Kelsa B\u00fcgel - mit LED Standlicht - ECE R112 R7 Zulassung - funktioniert mit 12&amp;24 Volt\" \/>\n<meta property=\"og:url\" content=\"https:\/\/www.alldayled.com\/de\/produkt\/hella-jumbo-320ff-met-led-stadslicht\/\" \/>\n<meta property=\"og:site_name\" content=\"All Day Led\" \/>\n<meta property=\"article:publisher\" content=\"https:\/\/www.facebook.com\/alldayled\/\" \/>\n<meta property=\"og:image\" content=\"https:\/\/www.alldayled.com\/wp-content\/uploads\/2020\/03\/ADL50276-SM-1-300x300.png\" \/>\n<meta name=\"twitter:label1\" content=\"Preis\" \/>\n\t<meta name=\"twitter:data1\" content=\"&euro;&nbsp;119,00\" \/>\n\t<meta name=\"twitter:label2\" content=\"Verf\u00fcgbarkeit\" \/>\n\t<meta name=\"twitter:data2\" content=\"Auf Lager\" \/>\n<script type=\"application\/ld+json\" class=\"yoast-schema-graph\">{\"@context\":\"https:\/\/schema.org\",\"@graph\":[{\"@type\":\"WebPage\",\"@id\":\"https:\/\/www.alldayled.com\/de\/produkt\/hella-jumbo-320ff-met-led-stadslicht\/\",\"url\":\"https:\/\/www.alldayled.com\/de\/produkt\/hella-jumbo-320ff-met-led-stadslicht\/\",\"name\":\"Hella Jumbo 320FF mit LED Standlicht - All Day Led - 12&24V\",\"isPartOf\":{\"@id\":\"https:\/\/www.alldayled.com\/de\/#website\"},\"primaryImageOfPage\":{\"@id\":\"https:\/\/www.alldayled.com\/de\/produkt\/hella-jumbo-320ff-met-led-stadslicht\/#primaryimage\"},\"image\":{\"@id\":\"https:\/\/www.alldayled.com\/de\/produkt\/hella-jumbo-320ff-met-led-stadslicht\/#primaryimage\"},\"thumbnailUrl\":\"https:\/\/www.alldayled.com\/wp-content\/uploads\/2020\/03\/ADL50276.png\",\"datePublished\":\"2020-03-26T15:23:57+00:00\",\"description\":\"Hella Jumbo 320FF Scheinwerfer - geeignet f\u00fcr Kelsa B\u00fcgel - mit LED Standlicht - ECE R112 R7 Zulassung - funktioniert mit 12&24 Volt\",\"breadcrumb\":{\"@id\":\"https:\/\/www.alldayled.com\/de\/produkt\/hella-jumbo-320ff-met-led-stadslicht\/#breadcrumb\"},\"inLanguage\":\"de\",\"potentialAction\":[{\"@type\":\"ReadAction\",\"target\":[\"https:\/\/www.alldayled.com\/de\/produkt\/hella-jumbo-320ff-met-led-stadslicht\/\"]}]},{\"@type\":\"ImageObject\",\"inLanguage\":\"de\",\"@id\":\"https:\/\/www.alldayled.com\/de\/produkt\/hella-jumbo-320ff-met-led-stadslicht\/#primaryimage\",\"url\":\"https:\/\/www.alldayled.com\/wp-content\/uploads\/2020\/03\/ADL50276.png\",\"contentUrl\":\"https:\/\/www.alldayled.com\/wp-content\/uploads\/2020\/03\/ADL50276.png\",\"width\":800,\"height\":600,\"caption\":\"Hella Jumbo 320FF Scheinwerfer mit LED Standlicht - f\u00fcr 12&amp;24 Volt - Artikelnummer Hella: 1FE 008 773-081 - EAN: 4082300265071\"},{\"@type\":\"BreadcrumbList\",\"@id\":\"https:\/\/www.alldayled.com\/de\/produkt\/hella-jumbo-320ff-met-led-stadslicht\/#breadcrumb\",\"itemListElement\":[{\"@type\":\"ListItem\",\"position\":1,\"name\":\"Home\",\"item\":\"https:\/\/www.alldayled.com\/de\/\"},{\"@type\":\"ListItem\",\"position\":2,\"name\":\"Shop\",\"item\":\"https:\/\/www.alldayled.com\/de\/shop\/\"},{\"@type\":\"ListItem\",\"position\":3,\"name\":\"Scheinwerfer\",\"item\":\"https:\/\/www.alldayled.com\/de\/produkt-kategorie\/scheinwerfer\/\"},{\"@type\":\"ListItem\",\"position\":4,\"name\":\"Scheinwerfer oval\",\"item\":\"https:\/\/www.alldayled.com\/de\/produkt-kategorie\/scheinwerfer\/verstraler-ovaal\/\"},{\"@type\":\"ListItem\",\"position\":5,\"name\":\"Hella Jumbo 320FF mit LED Standlicht\"}]},{\"@type\":\"WebSite\",\"@id\":\"https:\/\/www.alldayled.com\/de\/#website\",\"url\":\"https:\/\/www.alldayled.com\/de\/\",\"name\":\"All Day Led\",\"description\":\"Verlichting voor 12&amp;24 volt gebruik\",\"publisher\":{\"@id\":\"https:\/\/www.alldayled.com\/de\/#organization\"},\"potentialAction\":[{\"@type\":\"SearchAction\",\"target\":{\"@type\":\"EntryPoint\",\"urlTemplate\":\"https:\/\/www.alldayled.com\/de\/?s={search_term_string}\"},\"query-input\":{\"@type\":\"PropertyValueSpecification\",\"valueRequired\":true,\"valueName\":\"search_term_string\"}}],\"inLanguage\":\"de\"},{\"@type\":\"Organization\",\"@id\":\"https:\/\/www.alldayled.com\/de\/#organization\",\"name\":\"All Day Led\",\"url\":\"https:\/\/www.alldayled.com\/de\/\",\"logo\":{\"@type\":\"ImageObject\",\"inLanguage\":\"de\",\"@id\":\"https:\/\/www.alldayled.com\/de\/#\/schema\/logo\/image\/\",\"url\":\"https:\/\/www.alldayled.com\/wp-content\/uploads\/2025\/10\/Logo-ALL-DAY-LED-800x800-zwart-witte-letters.png\",\"contentUrl\":\"https:\/\/www.alldayled.com\/wp-content\/uploads\/2025\/10\/Logo-ALL-DAY-LED-800x800-zwart-witte-letters.png\",\"width\":800,\"height\":800,\"caption\":\"All Day Led\"},\"image\":{\"@id\":\"https:\/\/www.alldayled.com\/de\/#\/schema\/logo\/image\/\"},\"sameAs\":[\"https:\/\/www.facebook.com\/alldayled\/\",\"https:\/\/www.instagram.com\/alldayled\/\"],\"vatID\":\"NL863960133B01\",\"taxID\":\"86416545\"}]}<\/script>\n<meta property=\"product:brand\" content=\"Hella\" \/>\n<meta property=\"product:price:amount\" content=\"119.00\" \/>\n<meta property=\"product:price:currency\" content=\"EUR\" \/>\n<meta property=\"og:availability\" content=\"instock\" \/>\n<meta property=\"product:availability\" content=\"instock\" \/>\n<meta property=\"product:retailer_item_id\" content=\"ADL50276\" \/>\n<meta property=\"product:condition\" content=\"new\" \/>\n<!-- \/ Yoast SEO Premium plugin. -->","yoast_head_json":{"title":"Hella Jumbo 320FF mit LED Standlicht - All Day Led - 12&24V","description":"Hella Jumbo 320FF Scheinwerfer - geeignet f\u00fcr Kelsa B\u00fcgel - mit LED Standlicht - ECE R112 R7 Zulassung - funktioniert mit 12&24 Volt","robots":{"index":"index","follow":"follow","max-snippet":"max-snippet:-1","max-image-preview":"max-image-preview:large","max-video-preview":"max-video-preview:-1"},"canonical":"https:\/\/www.alldayled.com\/de\/produkt\/hella-jumbo-320ff-met-led-stadslicht\/","og_locale":"de_DE","og_type":"article","og_title":"Hella Jumbo 320FF mit LED Standlicht - All Day Led - 12&24V","og_description":"Hella Jumbo 320FF Scheinwerfer - geeignet f\u00fcr Kelsa B\u00fcgel - mit LED Standlicht - ECE R112 R7 Zulassung - funktioniert mit 12&24 Volt","og_url":"https:\/\/www.alldayled.com\/de\/produkt\/hella-jumbo-320ff-met-led-stadslicht\/","og_site_name":"All Day Led","article_publisher":"https:\/\/www.facebook.com\/alldayled\/","og_image":[{"url":"https:\/\/www.alldayled.com\/wp-content\/uploads\/2020\/03\/ADL50276-SM-1-300x300.png","type":"","width":"","height":""}],"twitter_misc":{"Preis":"&euro;&nbsp;119,00","Verf\u00fcgbarkeit":"Auf Lager"},"schema":{"@context":"https:\/\/schema.org","@graph":[{"@type":"WebPage","@id":"https:\/\/www.alldayled.com\/de\/produkt\/hella-jumbo-320ff-met-led-stadslicht\/","url":"https:\/\/www.alldayled.com\/de\/produkt\/hella-jumbo-320ff-met-led-stadslicht\/","name":"Hella Jumbo 320FF mit LED Standlicht - All Day Led - 12&24V","isPartOf":{"@id":"https:\/\/www.alldayled.com\/de\/#website"},"primaryImageOfPage":{"@id":"https:\/\/www.alldayled.com\/de\/produkt\/hella-jumbo-320ff-met-led-stadslicht\/#primaryimage"},"image":{"@id":"https:\/\/www.alldayled.com\/de\/produkt\/hella-jumbo-320ff-met-led-stadslicht\/#primaryimage"},"thumbnailUrl":"https:\/\/www.alldayled.com\/wp-content\/uploads\/2020\/03\/ADL50276.png","datePublished":"2020-03-26T15:23:57+00:00","description":"Hella Jumbo 320FF Scheinwerfer - geeignet f\u00fcr Kelsa B\u00fcgel - mit LED Standlicht - ECE R112 R7 Zulassung - funktioniert mit 12&24 Volt","breadcrumb":{"@id":"https:\/\/www.alldayled.com\/de\/produkt\/hella-jumbo-320ff-met-led-stadslicht\/#breadcrumb"},"inLanguage":"de","potentialAction":[{"@type":"ReadAction","target":["https:\/\/www.alldayled.com\/de\/produkt\/hella-jumbo-320ff-met-led-stadslicht\/"]}]},{"@type":"ImageObject","inLanguage":"de","@id":"https:\/\/www.alldayled.com\/de\/produkt\/hella-jumbo-320ff-met-led-stadslicht\/#primaryimage","url":"https:\/\/www.alldayled.com\/wp-content\/uploads\/2020\/03\/ADL50276.png","contentUrl":"https:\/\/www.alldayled.com\/wp-content\/uploads\/2020\/03\/ADL50276.png","width":800,"height":600,"caption":"Hella Jumbo 320FF Scheinwerfer mit LED Standlicht - f\u00fcr 12&amp;24 Volt - Artikelnummer Hella: 1FE 008 773-081 - EAN: 4082300265071"},{"@type":"BreadcrumbList","@id":"https:\/\/www.alldayled.com\/de\/produkt\/hella-jumbo-320ff-met-led-stadslicht\/#breadcrumb","itemListElement":[{"@type":"ListItem","position":1,"name":"Home","item":"https:\/\/www.alldayled.com\/de\/"},{"@type":"ListItem","position":2,"name":"Shop","item":"https:\/\/www.alldayled.com\/de\/shop\/"},{"@type":"ListItem","position":3,"name":"Scheinwerfer","item":"https:\/\/www.alldayled.com\/de\/produkt-kategorie\/scheinwerfer\/"},{"@type":"ListItem","position":4,"name":"Scheinwerfer oval","item":"https:\/\/www.alldayled.com\/de\/produkt-kategorie\/scheinwerfer\/verstraler-ovaal\/"},{"@type":"ListItem","position":5,"name":"Hella Jumbo 320FF mit LED Standlicht"}]},{"@type":"WebSite","@id":"https:\/\/www.alldayled.com\/de\/#website","url":"https:\/\/www.alldayled.com\/de\/","name":"All Day Led","description":"Verlichting voor 12&amp;24 volt gebruik","publisher":{"@id":"https:\/\/www.alldayled.com\/de\/#organization"},"potentialAction":[{"@type":"SearchAction","target":{"@type":"EntryPoint","urlTemplate":"https:\/\/www.alldayled.com\/de\/?s={search_term_string}"},"query-input":{"@type":"PropertyValueSpecification","valueRequired":true,"valueName":"search_term_string"}}],"inLanguage":"de"},{"@type":"Organization","@id":"https:\/\/www.alldayled.com\/de\/#organization","name":"All Day Led","url":"https:\/\/www.alldayled.com\/de\/","logo":{"@type":"ImageObject","inLanguage":"de","@id":"https:\/\/www.alldayled.com\/de\/#\/schema\/logo\/image\/","url":"https:\/\/www.alldayled.com\/wp-content\/uploads\/2025\/10\/Logo-ALL-DAY-LED-800x800-zwart-witte-letters.png","contentUrl":"https:\/\/www.alldayled.com\/wp-content\/uploads\/2025\/10\/Logo-ALL-DAY-LED-800x800-zwart-witte-letters.png","width":800,"height":800,"caption":"All Day Led"},"image":{"@id":"https:\/\/www.alldayled.com\/de\/#\/schema\/logo\/image\/"},"sameAs":["https:\/\/www.facebook.com\/alldayled\/","https:\/\/www.instagram.com\/alldayled\/"],"vatID":"NL863960133B01","taxID":"86416545"}]},"product_brand":"Hella","product_price_amount":"119.00","product_price_currency":"EUR","og_availability":"instock","product_availability":"instock","product_retailer_item_id":"ADL50276","product_condition":"new"},"_links":{"self":[{"href":"https:\/\/www.alldayled.com\/de\/wp-json\/wp\/v2\/product\/67854","targetHints":{"allow":["GET"]}}],"collection":[{"href":"https:\/\/www.alldayled.com\/de\/wp-json\/wp\/v2\/product"}],"about":[{"href":"https:\/\/www.alldayled.com\/de\/wp-json\/wp\/v2\/types\/product"}],"replies":[{"embeddable":true,"href":"https:\/\/www.alldayled.com\/de\/wp-json\/wp\/v2\/comments?post=67854"}],"wp:featuredmedia":[{"embeddable":true,"href":"https:\/\/www.alldayled.com\/de\/wp-json\/wp\/v2\/media\/14328"}],"wp:attachment":[{"href":"https:\/\/www.alldayled.com\/de\/wp-json\/wp\/v2\/media?parent=67854"}],"wp:term":[{"taxonomy":"product_brand","embeddable":true,"href":"https:\/\/www.alldayled.com\/de\/wp-json\/wp\/v2\/product_brand?post=67854"},{"taxonomy":"product_cat","embeddable":true,"href":"https:\/\/www.alldayled.com\/de\/wp-json\/wp\/v2\/product_cat?post=67854"},{"taxonomy":"product_tag","embeddable":true,"href":"https:\/\/www.alldayled.com\/de\/wp-json\/wp\/v2\/product_tag?post=67854"}],"curies":[{"name":"wp","href":"https:\/\/api.w.org\/{rel}","templated":true}]}}