{"id":67896,"date":"2020-03-26T16:23:54","date_gmt":"2020-03-26T15:23:54","guid":{"rendered":"https:\/\/www.alldayled.com\/product\/hella-pablo-oranje-oranje\/"},"modified":"2020-03-26T16:23:54","modified_gmt":"2020-03-26T15:23:54","slug":"hella-pablo-oranje-oranje","status":"publish","type":"product","link":"https:\/\/www.alldayled.com\/de\/produkt\/hella-pablo-oranje-oranje\/","title":{"rendered":"Hella pablo orange &#8211; orange"},"content":{"rendered":"<p><span style=\"color: #000000;\"><strong>Hella Pablo Spiegellampen Ausf\u00fchrung orange &#8211; orange. <\/strong><\/span><\/p>\n<p><span style=\"color: #000000;\">Sind Sie auf der Suche nach der bekannten orangen Spiegellampe von Hella? Dann ist diese Hella Pablo Spiegellampe vielleicht genau das, was Sie suchen. Das Zusatzblinklicht ist aus robustem, hochwertigem Material gefertigt und h\u00e4lt einiges aus. Das Glas ist aus geh\u00e4rtetem Kunststoff und best\u00e4ndig gegen Steinschlag. Dank der montierten Fassung k\u00f6nnen Sie die Lampe mit einer BA15S-Lampe (nicht im Lieferumfang enthalten) ausstatten. Die Lampe arbeitet mit 12 oder 24 Volt und ist somit f\u00fcr Ihr Auto, Ihren LKW, Ihr Wohnmobil oder Ihren Traktor geeignet.     <\/span><\/p>\n<p><span style=\"color: #000000;\">Um sicherzustellen, dass diese Hella Spiegellampe mit orangem Glas f\u00fcr Ihr Fahrzeug geeignet ist, haben wir die wichtigsten Spezifikationen unten aufgef\u00fchrt. Die Lampe ist mit dem IP67-Pr\u00fcfzeichen versehen, was bedeutet, dass sie staub- und wasserdicht ist. Sie wird auch mit RVS-Befestigungsmaterial geliefert, sodass Sie sie direkt montieren k\u00f6nnen.  <\/span><\/p>\n<h5><span style=\"color: #000000;\"><strong>Abmessungen:<\/strong><\/span><\/h5>\n<p><span style=\"color: #000000;\">Um sicherzustellen, dass Sie die Spiegellampe dort montieren k\u00f6nnen, wo Sie m\u00f6chten, haben wir die Abmessungen unten f\u00fcr Sie aufgelistet. Die Abmessungen der Hella Pablo Spiegellampe mit orangem Glas sind: <\/span><\/p>\n<ul>\n<li><span style=\"color: #000000;\">Durchmesser: 118 mm<\/span><\/li>\n<li><span style=\"color: #000000;\">Dicke: 58 mm<\/span><\/li>\n<\/ul>\n<p><span style=\"color: #000000;\"><em>Hella Artikelnummer: 2BA 003 022-021<\/em><\/span><\/p>\n<h5><span style=\"color: #000000;\"><strong>Andere Versionen:<\/strong><\/span><\/h5>\n<p><span style=\"color: #000000;\">Suchen Sie eine spanische Blinkleuchte, aber diese Ausf\u00fchrung mit orangem Glas ist nicht das, was Sie suchen? Dann gibt es auch andere Optionen: <\/span><\/p>\n<ul>\n<li><span style=\"color: #000000;\"><a style=\"color: #000000;\" href=\"https:\/\/www.alldayled.com\/de\/produkt\/nedking-spiegellamp-oranje-oranje\/\"><strong>Nedking Spiegellampe orange &#8211; orange<\/strong><\/a><\/span><\/li>\n<li><span style=\"color: #000000;\"><strong><a style=\"color: #000000;\" href=\"https:\/\/www.alldayled.com\/de\/produkt\/nedking-spiegel-lampe-orange-rot\/\">Nedking Spiegellampe orange &#8211; rot<\/a> <\/strong><\/span><\/li>\n<li><span style=\"color: #000000;\"><strong><a style=\"color: #000000;\" href=\"https:\/\/www.alldayled.com\/de\/produkt\/nedking-spiegellamp-wit-rood\/\">Nedking Spiegellampe wei\u00df &#8211; rot<\/a><\/strong><\/span><\/li>\n<\/ul>\n<p><span style=\"color: #000000;\">Zweifeln Sie noch, ob diese Lampe geeignet ist? Vielleicht ist zum Beispiel die Form oder Farbe nicht ganz das, was Sie suchen. Dann schauen Sie sich unbedingt unsere Seite mit <g id=\"gid_0\">Spiegellampen<\/g> an. Die Wahrscheinlichkeit ist gro\u00df, dass Sie dort das Modell finden, das perfekt zu Ihrem Fahrzeug passt.   <\/span><\/p>\n","protected":false},"excerpt":{"rendered":"<p>Spanische Blinkleuchte von Hella, Ausf\u00fchrung orange &#8211; orange. Geeignet f\u00fcr 12 und 24 Volt. <\/p>\n","protected":false},"featured_media":82099,"comment_status":"open","ping_status":"closed","template":"","meta":{"_acf_changed":false},"product_brand":[6294],"product_cat":[5344],"product_tag":[9432,9550,9160,9549],"class_list":{"0":"post-67896","1":"product","2":"type-product","3":"status-publish","4":"has-post-thumbnail","6":"product_brand-product-hella","7":"product_cat-spiegellampen","8":"product_tag-hella","9":"product_tag-spiegellampe","10":"product_tag-truckstyling","11":"product_tag-zusatzblinklicht","13":"first","14":"instock","15":"taxable","16":"shipping-taxable","17":"purchasable","18":"product-type-simple"},"acf":[],"yoast_head":"<!-- This site is optimized with the Yoast SEO Premium plugin v26.5 (Yoast SEO v27.1.1) - https:\/\/yoast.com\/product\/yoast-seo-premium-wordpress\/ -->\n<title>Hella pablo orange - orange - All Day Led - f\u00fcr 12 &amp; 24 Volt<\/title>\n<meta name=\"description\" content=\"Hella pablo Spiegellampe orange \/ orange - f\u00fcr Auto, LKW und mehr - Hella 2BA003022-021 - einzeln erh\u00e4ltlich - Spanische Blinkleuchte\" \/>\n<meta name=\"robots\" content=\"index, follow, max-snippet:-1, max-image-preview:large, max-video-preview:-1\" \/>\n<link rel=\"canonical\" href=\"https:\/\/www.alldayled.com\/de\/produkt\/hella-pablo-oranje-oranje\/\" \/>\n<meta property=\"og:locale\" content=\"de_DE\" \/>\n<meta property=\"og:type\" content=\"article\" \/>\n<meta property=\"og:title\" content=\"Hella pablo orange - orange - All Day Led - Spiegellampe\" \/>\n<meta property=\"og:description\" content=\"Hella pablo Spiegellampe orange \/ orange - f\u00fcr Auto, LKW und mehr - Hella 2BA003022-021 - einzeln erh\u00e4ltlich - Spanische Blinkleuchte\" \/>\n<meta property=\"og:url\" content=\"https:\/\/www.alldayled.com\/de\/produkt\/hella-pablo-oranje-oranje\/\" \/>\n<meta property=\"og:site_name\" content=\"All Day Led\" \/>\n<meta property=\"article:publisher\" content=\"https:\/\/www.facebook.com\/alldayled\/\" \/>\n<meta property=\"og:image\" content=\"https:\/\/www.alldayled.com\/wp-content\/uploads\/2020\/03\/ADL39103-3.png\" \/>\n<meta name=\"twitter:label1\" content=\"Preis\" \/>\n\t<meta name=\"twitter:data1\" content=\"&euro;&nbsp;22,95\" \/>\n\t<meta name=\"twitter:label2\" content=\"Verf\u00fcgbarkeit\" \/>\n\t<meta name=\"twitter:data2\" content=\"Auf Lager\" \/>\n<script type=\"application\/ld+json\" class=\"yoast-schema-graph\">{\"@context\":\"https:\/\/schema.org\",\"@graph\":[{\"@type\":\"WebPage\",\"@id\":\"https:\/\/www.alldayled.com\/de\/produkt\/hella-pablo-oranje-oranje\/\",\"url\":\"https:\/\/www.alldayled.com\/de\/produkt\/hella-pablo-oranje-oranje\/\",\"name\":\"Hella pablo orange - orange - All Day Led - f\u00fcr 12 & 24 Volt\",\"isPartOf\":{\"@id\":\"https:\/\/www.alldayled.com\/de\/#website\"},\"primaryImageOfPage\":{\"@id\":\"https:\/\/www.alldayled.com\/de\/produkt\/hella-pablo-oranje-oranje\/#primaryimage\"},\"image\":{\"@id\":\"https:\/\/www.alldayled.com\/de\/produkt\/hella-pablo-oranje-oranje\/#primaryimage\"},\"thumbnailUrl\":\"https:\/\/www.alldayled.com\/wp-content\/uploads\/2020\/03\/ADL39103-10.png\",\"datePublished\":\"2020-03-26T15:23:54+00:00\",\"description\":\"Hella pablo Spiegellampe orange \/ orange - f\u00fcr Auto, LKW und mehr - Hella 2BA003022-021 - einzeln erh\u00e4ltlich - Spanische Blinkleuchte\",\"breadcrumb\":{\"@id\":\"https:\/\/www.alldayled.com\/de\/produkt\/hella-pablo-oranje-oranje\/#breadcrumb\"},\"inLanguage\":\"de\",\"potentialAction\":[{\"@type\":\"ReadAction\",\"target\":[\"https:\/\/www.alldayled.com\/de\/produkt\/hella-pablo-oranje-oranje\/\"]}]},{\"@type\":\"ImageObject\",\"inLanguage\":\"de\",\"@id\":\"https:\/\/www.alldayled.com\/de\/produkt\/hella-pablo-oranje-oranje\/#primaryimage\",\"url\":\"https:\/\/www.alldayled.com\/wp-content\/uploads\/2020\/03\/ADL39103-10.png\",\"contentUrl\":\"https:\/\/www.alldayled.com\/wp-content\/uploads\/2020\/03\/ADL39103-10.png\",\"width\":800,\"height\":600,\"caption\":\"2BA 003 022-021 - EAN:\"},{\"@type\":\"BreadcrumbList\",\"@id\":\"https:\/\/www.alldayled.com\/de\/produkt\/hella-pablo-oranje-oranje\/#breadcrumb\",\"itemListElement\":[{\"@type\":\"ListItem\",\"position\":1,\"name\":\"Home\",\"item\":\"https:\/\/www.alldayled.com\/de\/\"},{\"@type\":\"ListItem\",\"position\":2,\"name\":\"Shop\",\"item\":\"https:\/\/www.alldayled.com\/de\/shop\/\"},{\"@type\":\"ListItem\",\"position\":3,\"name\":\"Andere\",\"item\":\"https:\/\/www.alldayled.com\/de\/produkt-kategorie\/andere-produkte\/\"},{\"@type\":\"ListItem\",\"position\":4,\"name\":\"Spiegellampen\",\"item\":\"https:\/\/www.alldayled.com\/de\/produkt-kategorie\/andere-produkte\/spiegellampen\/\"},{\"@type\":\"ListItem\",\"position\":5,\"name\":\"Hella pablo orange &#8211; orange\"}]},{\"@type\":\"WebSite\",\"@id\":\"https:\/\/www.alldayled.com\/de\/#website\",\"url\":\"https:\/\/www.alldayled.com\/de\/\",\"name\":\"All Day Led\",\"description\":\"Verlichting voor 12&amp;24 volt gebruik\",\"publisher\":{\"@id\":\"https:\/\/www.alldayled.com\/de\/#organization\"},\"potentialAction\":[{\"@type\":\"SearchAction\",\"target\":{\"@type\":\"EntryPoint\",\"urlTemplate\":\"https:\/\/www.alldayled.com\/de\/?s={search_term_string}\"},\"query-input\":{\"@type\":\"PropertyValueSpecification\",\"valueRequired\":true,\"valueName\":\"search_term_string\"}}],\"inLanguage\":\"de\"},{\"@type\":\"Organization\",\"@id\":\"https:\/\/www.alldayled.com\/de\/#organization\",\"name\":\"All Day Led\",\"url\":\"https:\/\/www.alldayled.com\/de\/\",\"logo\":{\"@type\":\"ImageObject\",\"inLanguage\":\"de\",\"@id\":\"https:\/\/www.alldayled.com\/de\/#\/schema\/logo\/image\/\",\"url\":\"https:\/\/www.alldayled.com\/wp-content\/uploads\/2025\/10\/Logo-ALL-DAY-LED-800x800-zwart-witte-letters.png\",\"contentUrl\":\"https:\/\/www.alldayled.com\/wp-content\/uploads\/2025\/10\/Logo-ALL-DAY-LED-800x800-zwart-witte-letters.png\",\"width\":800,\"height\":800,\"caption\":\"All Day Led\"},\"image\":{\"@id\":\"https:\/\/www.alldayled.com\/de\/#\/schema\/logo\/image\/\"},\"sameAs\":[\"https:\/\/www.facebook.com\/alldayled\/\",\"https:\/\/www.instagram.com\/alldayled\/\"],\"vatID\":\"NL863960133B01\",\"taxID\":\"86416545\"}]}<\/script>\n<meta property=\"product:brand\" content=\"Hella\" \/>\n<meta property=\"product:price:amount\" content=\"22.95\" \/>\n<meta property=\"product:price:currency\" content=\"EUR\" \/>\n<meta property=\"og:availability\" content=\"instock\" \/>\n<meta property=\"product:availability\" content=\"instock\" \/>\n<meta property=\"product:retailer_item_id\" content=\"ADL39103\" \/>\n<meta property=\"product:condition\" content=\"new\" \/>\n<!-- \/ Yoast SEO Premium plugin. -->","yoast_head_json":{"title":"Hella pablo orange - orange - All Day Led - f\u00fcr 12 & 24 Volt","description":"Hella pablo Spiegellampe orange \/ orange - f\u00fcr Auto, LKW und mehr - Hella 2BA003022-021 - einzeln erh\u00e4ltlich - Spanische Blinkleuchte","robots":{"index":"index","follow":"follow","max-snippet":"max-snippet:-1","max-image-preview":"max-image-preview:large","max-video-preview":"max-video-preview:-1"},"canonical":"https:\/\/www.alldayled.com\/de\/produkt\/hella-pablo-oranje-oranje\/","og_locale":"de_DE","og_type":"article","og_title":"Hella pablo orange - orange - All Day Led - Spiegellampe","og_description":"Hella pablo Spiegellampe orange \/ orange - f\u00fcr Auto, LKW und mehr - Hella 2BA003022-021 - einzeln erh\u00e4ltlich - Spanische Blinkleuchte","og_url":"https:\/\/www.alldayled.com\/de\/produkt\/hella-pablo-oranje-oranje\/","og_site_name":"All Day Led","article_publisher":"https:\/\/www.facebook.com\/alldayled\/","og_image":[{"url":"https:\/\/www.alldayled.com\/wp-content\/uploads\/2020\/03\/ADL39103-3.png","type":"","width":"","height":""}],"twitter_misc":{"Preis":"&euro;&nbsp;22,95","Verf\u00fcgbarkeit":"Auf Lager"},"schema":{"@context":"https:\/\/schema.org","@graph":[{"@type":"WebPage","@id":"https:\/\/www.alldayled.com\/de\/produkt\/hella-pablo-oranje-oranje\/","url":"https:\/\/www.alldayled.com\/de\/produkt\/hella-pablo-oranje-oranje\/","name":"Hella pablo orange - orange - All Day Led - f\u00fcr 12 & 24 Volt","isPartOf":{"@id":"https:\/\/www.alldayled.com\/de\/#website"},"primaryImageOfPage":{"@id":"https:\/\/www.alldayled.com\/de\/produkt\/hella-pablo-oranje-oranje\/#primaryimage"},"image":{"@id":"https:\/\/www.alldayled.com\/de\/produkt\/hella-pablo-oranje-oranje\/#primaryimage"},"thumbnailUrl":"https:\/\/www.alldayled.com\/wp-content\/uploads\/2020\/03\/ADL39103-10.png","datePublished":"2020-03-26T15:23:54+00:00","description":"Hella pablo Spiegellampe orange \/ orange - f\u00fcr Auto, LKW und mehr - Hella 2BA003022-021 - einzeln erh\u00e4ltlich - Spanische Blinkleuchte","breadcrumb":{"@id":"https:\/\/www.alldayled.com\/de\/produkt\/hella-pablo-oranje-oranje\/#breadcrumb"},"inLanguage":"de","potentialAction":[{"@type":"ReadAction","target":["https:\/\/www.alldayled.com\/de\/produkt\/hella-pablo-oranje-oranje\/"]}]},{"@type":"ImageObject","inLanguage":"de","@id":"https:\/\/www.alldayled.com\/de\/produkt\/hella-pablo-oranje-oranje\/#primaryimage","url":"https:\/\/www.alldayled.com\/wp-content\/uploads\/2020\/03\/ADL39103-10.png","contentUrl":"https:\/\/www.alldayled.com\/wp-content\/uploads\/2020\/03\/ADL39103-10.png","width":800,"height":600,"caption":"2BA 003 022-021 - EAN:"},{"@type":"BreadcrumbList","@id":"https:\/\/www.alldayled.com\/de\/produkt\/hella-pablo-oranje-oranje\/#breadcrumb","itemListElement":[{"@type":"ListItem","position":1,"name":"Home","item":"https:\/\/www.alldayled.com\/de\/"},{"@type":"ListItem","position":2,"name":"Shop","item":"https:\/\/www.alldayled.com\/de\/shop\/"},{"@type":"ListItem","position":3,"name":"Andere","item":"https:\/\/www.alldayled.com\/de\/produkt-kategorie\/andere-produkte\/"},{"@type":"ListItem","position":4,"name":"Spiegellampen","item":"https:\/\/www.alldayled.com\/de\/produkt-kategorie\/andere-produkte\/spiegellampen\/"},{"@type":"ListItem","position":5,"name":"Hella pablo orange &#8211; orange"}]},{"@type":"WebSite","@id":"https:\/\/www.alldayled.com\/de\/#website","url":"https:\/\/www.alldayled.com\/de\/","name":"All Day Led","description":"Verlichting voor 12&amp;24 volt gebruik","publisher":{"@id":"https:\/\/www.alldayled.com\/de\/#organization"},"potentialAction":[{"@type":"SearchAction","target":{"@type":"EntryPoint","urlTemplate":"https:\/\/www.alldayled.com\/de\/?s={search_term_string}"},"query-input":{"@type":"PropertyValueSpecification","valueRequired":true,"valueName":"search_term_string"}}],"inLanguage":"de"},{"@type":"Organization","@id":"https:\/\/www.alldayled.com\/de\/#organization","name":"All Day Led","url":"https:\/\/www.alldayled.com\/de\/","logo":{"@type":"ImageObject","inLanguage":"de","@id":"https:\/\/www.alldayled.com\/de\/#\/schema\/logo\/image\/","url":"https:\/\/www.alldayled.com\/wp-content\/uploads\/2025\/10\/Logo-ALL-DAY-LED-800x800-zwart-witte-letters.png","contentUrl":"https:\/\/www.alldayled.com\/wp-content\/uploads\/2025\/10\/Logo-ALL-DAY-LED-800x800-zwart-witte-letters.png","width":800,"height":800,"caption":"All Day Led"},"image":{"@id":"https:\/\/www.alldayled.com\/de\/#\/schema\/logo\/image\/"},"sameAs":["https:\/\/www.facebook.com\/alldayled\/","https:\/\/www.instagram.com\/alldayled\/"],"vatID":"NL863960133B01","taxID":"86416545"}]},"product_brand":"Hella","product_price_amount":"22.95","product_price_currency":"EUR","og_availability":"instock","product_availability":"instock","product_retailer_item_id":"ADL39103","product_condition":"new"},"_links":{"self":[{"href":"https:\/\/www.alldayled.com\/de\/wp-json\/wp\/v2\/product\/67896","targetHints":{"allow":["GET"]}}],"collection":[{"href":"https:\/\/www.alldayled.com\/de\/wp-json\/wp\/v2\/product"}],"about":[{"href":"https:\/\/www.alldayled.com\/de\/wp-json\/wp\/v2\/types\/product"}],"replies":[{"embeddable":true,"href":"https:\/\/www.alldayled.com\/de\/wp-json\/wp\/v2\/comments?post=67896"}],"wp:featuredmedia":[{"embeddable":true,"href":"https:\/\/www.alldayled.com\/de\/wp-json\/wp\/v2\/media\/82099"}],"wp:attachment":[{"href":"https:\/\/www.alldayled.com\/de\/wp-json\/wp\/v2\/media?parent=67896"}],"wp:term":[{"taxonomy":"product_brand","embeddable":true,"href":"https:\/\/www.alldayled.com\/de\/wp-json\/wp\/v2\/product_brand?post=67896"},{"taxonomy":"product_cat","embeddable":true,"href":"https:\/\/www.alldayled.com\/de\/wp-json\/wp\/v2\/product_cat?post=67896"},{"taxonomy":"product_tag","embeddable":true,"href":"https:\/\/www.alldayled.com\/de\/wp-json\/wp\/v2\/product_tag?post=67896"}],"curies":[{"name":"wp","href":"https:\/\/api.w.org\/{rel}","templated":true}]}}