{"id":67902,"date":"2020-08-03T14:44:21","date_gmt":"2020-08-03T12:44:21","guid":{"rendered":"https:\/\/www.alldayled.com\/product\/nedking-spiegellamp-wit-rood\/"},"modified":"2026-04-01T11:48:52","modified_gmt":"2026-04-01T09:48:52","slug":"nedking-spiegellamp-wit-rood","status":"publish","type":"product","link":"https:\/\/www.alldayled.com\/de\/produkt\/nedking-spiegellamp-wit-rood\/","title":{"rendered":"Nedking Spiegelleuchte wei\u00df &#8211; rot"},"content":{"rendered":"<p><span style=\"color: #000000;\"><strong>Nedking Spiegelleuchte Ausf\u00fchrung wei\u00df &#8211; rot, geeignet f\u00fcr 12 &amp; 24 Volt Betrieb. <\/strong><\/span><\/p>\n<p><span style=\"color: #000000;\">Suchst du nach der bekannten Nedking Spiegelleuchte? Dann ist diese Spiegelleuchte mit wei\u00df-rotem Glas von Nedking wahrscheinlich genau das, wonach du suchst. Das Zusatzblinklicht ist aus hochwertigem Material gefertigt und sehr robust. Das geh\u00e4rtete Kunststoffglas bietet zus\u00e4tzlichen Schutz vor Steinschlag oder leichten Ber\u00fchrungen. Du kannst die Leuchte einfach mit einer BA15S-Lampe ausstatten (Lampen nicht im Lieferumfang enthalten) und zwischen 12 oder 24 Volt w\u00e4hlen, wodurch sie f\u00fcr die Montage an deinem Auto, LKW, Wohnmobil oder Traktor geeignet ist.    <\/span><\/p>\n<p><span style=\"color: #000000;\">Um sicherzustellen, dass die Nedking Spiegelleuchte mit wei\u00df-rotem Glas gut zu deinem Fahrzeug passt, haben wir die wichtigsten Spezifikationen unten \u00fcbersichtlich aufgelistet. Die Leuchte ist mit dem ECE R10-Pr\u00fcfzeichen versehen, was garantiert, dass die Leuchte keine St\u00f6rungen, beispielsweise bei Radiosignalen, verursacht. Zus\u00e4tzlich verf\u00fcgt die Spiegelleuchte \u00fcber das IP67-Pr\u00fcfzeichen, wodurch sie vollst\u00e4ndig staub- und wasserdicht ist. Die Lieferung wird durch Edelstahl-Befestigungsmaterial komplettiert, sodass du die Leuchte sicher und fest montieren kannst.   <\/span><\/p>\n<h5><span style=\"color: #000000;\"><strong>Abmessungen:<\/strong><\/span><\/h5>\n<p><span style=\"color: #000000;\">Damit du die Spiegelleuchte genau dort platzieren kannst, wo du m\u00f6chtest, findest du unten die Abmessungen. Die Abmessungen der Nedking Spiegelleuchte mit wei\u00df-rotem Glas sind wie folgt: <\/span><\/p>\n<ul>\n<li><span style=\"color: #000000;\">Durchmesser: 107 mm<\/span><\/li>\n<li><span style=\"color: #000000;\">Dicke: 60 mm<\/span><\/li>\n<\/ul>\n<h5><span style=\"color: #000000;\"><strong>Andere Versionen:<\/strong><\/span><\/h5>\n<p><span style=\"color: #000000;\">Suchst du zwar einen spanischen Blinker, aber die Nedking Ausf\u00fchrung mit klar-rotem Lampenglas ist nicht das, wonach du suchst? Keine Sorge, diese Spiegelleuchte ist auch in verschiedenen anderen Ausf\u00fchrungen erh\u00e4ltlich. <\/span><\/p>\n<ul>\n<li><span style=\"color: #000000;\"><a style=\"color: #000000;\" href=\"https:\/\/www.alldayled.com\/de\/produkt\/nedking-spiegellamp-oranje-oranje\/\"><strong>Nedking Spiegelleuchte orange &#8211; orange <\/strong><\/a><\/span><\/li>\n<li><a href=\"https:\/\/www.alldayled.com\/de\/produkt\/nedking-spiegellamp-oranje-rood\/\"><span style=\"color: #000000;\"><strong>Nedking Spiegelleuchte orange &#8211; rot <\/strong><\/span><\/a><\/li>\n<li><span style=\"color: #000000;\"><a style=\"color: #000000;\" href=\"https:\/\/www.alldayled.com\/de\/produkt\/hella-pablo-oranje-oranje\/\"><strong>Hella Spiegelleuchte orange &#8211; orange <\/strong><\/a><\/span><\/li>\n<\/ul>\n<p><span style=\"color: #000000;\">Sind Sie noch nicht ganz \u00fcberzeugt, dass dies die Lampe ist, die Sie ben\u00f6tigen? Beispielsweise, weil Farbe, Form oder Format nicht ganz Ihren W\u00fcnschen entsprechen? Dann werfen Sie doch einmal einen Blick auf unsere Seite <g id=\"gid_0\">Spiegellampen<\/g>. Gro\u00dfe Chance, dass Sie dort das Modell finden, das perfekt zu Ihrem Fahrzeug passt.   <\/span><\/p>\n","protected":false},"excerpt":{"rendered":"<p>Nedking spanischer Blinker wei\u00df &#8211; rot, geeignet f\u00fcr 12 und 24 Volt. IP67 und ECE R10 Pr\u00fcfzeichen. <\/p>\n","protected":false},"featured_media":16680,"comment_status":"open","ping_status":"closed","template":"","meta":{"_acf_changed":false},"product_brand":[6505],"product_cat":[5344],"product_tag":[9187,9184,9551,9550],"class_list":{"0":"post-67902","1":"product","2":"type-product","3":"status-publish","4":"has-post-thumbnail","6":"product_brand-product-nedking","7":"product_cat-spiegellampen","8":"product_tag-nedking","9":"product_tag-nedking-beleuchtung","10":"product_tag-spanische-leuchte","11":"product_tag-spiegellampe","13":"first","14":"instock","15":"taxable","16":"shipping-taxable","17":"purchasable","18":"product-type-simple"},"acf":[],"yoast_head":"<!-- This site is optimized with the Yoast SEO Premium plugin v26.5 (Yoast SEO v27.1.1) - https:\/\/yoast.com\/product\/yoast-seo-premium-wordpress\/ -->\n<title>Nedking Spiegelleuchte wei\u00df rot - All Day Led - f\u00fcr 12&amp;24 Volt<\/title>\n<meta name=\"description\" content=\"Nedking Spiegelleuchte wei\u00df - rot - f\u00fcr Auto, LKW und mehr - mit BA15S Fassung - einzeln erh\u00e4ltlich - Spanische Blinkerlampe\" \/>\n<meta name=\"robots\" content=\"index, follow, max-snippet:-1, max-image-preview:large, max-video-preview:-1\" \/>\n<link rel=\"canonical\" href=\"https:\/\/www.alldayled.com\/de\/produkt\/nedking-spiegellamp-wit-rood\/\" \/>\n<meta property=\"og:locale\" content=\"de_DE\" \/>\n<meta property=\"og:type\" content=\"article\" \/>\n<meta property=\"og:title\" content=\"Nedking Spiegelleuchte wei\u00df - rot\" \/>\n<meta property=\"og:description\" content=\"Nedking spanischer Blinker wei\u00df - rot, geeignet f\u00fcr 12 und 24 Volt. IP67 und ECE R10 Pr\u00fcfzeichen.\" \/>\n<meta property=\"og:url\" content=\"https:\/\/www.alldayled.com\/de\/produkt\/nedking-spiegellamp-wit-rood\/\" \/>\n<meta property=\"og:site_name\" content=\"All Day Led\" \/>\n<meta property=\"article:publisher\" content=\"https:\/\/www.facebook.com\/alldayled\/\" \/>\n<meta property=\"article:modified_time\" content=\"2026-04-01T09:48:52+00:00\" \/>\n<meta property=\"og:image\" content=\"https:\/\/www.alldayled.com\/wp-content\/uploads\/2020\/08\/ADL03403-WR.1.jpg\" \/>\n<meta name=\"twitter:label1\" content=\"Preis\" \/>\n\t<meta name=\"twitter:data1\" content=\"&euro;&nbsp;21,95\" \/>\n\t<meta name=\"twitter:label2\" content=\"Verf\u00fcgbarkeit\" \/>\n\t<meta name=\"twitter:data2\" content=\"Auf Lager\" \/>\n<script type=\"application\/ld+json\" class=\"yoast-schema-graph\">{\"@context\":\"https:\/\/schema.org\",\"@graph\":[{\"@type\":\"WebPage\",\"@id\":\"https:\/\/www.alldayled.com\/de\/produkt\/nedking-spiegellamp-wit-rood\/\",\"url\":\"https:\/\/www.alldayled.com\/de\/produkt\/nedking-spiegellamp-wit-rood\/\",\"name\":\"Nedking Spiegelleuchte wei\u00df rot - All Day Led - f\u00fcr 12&24 Volt\",\"isPartOf\":{\"@id\":\"https:\/\/www.alldayled.com\/de\/#website\"},\"primaryImageOfPage\":{\"@id\":\"https:\/\/www.alldayled.com\/de\/produkt\/nedking-spiegellamp-wit-rood\/#primaryimage\"},\"image\":{\"@id\":\"https:\/\/www.alldayled.com\/de\/produkt\/nedking-spiegellamp-wit-rood\/#primaryimage\"},\"thumbnailUrl\":\"https:\/\/www.alldayled.com\/wp-content\/uploads\/2020\/08\/ADL03403-WR..jpg\",\"datePublished\":\"2020-08-03T12:44:21+00:00\",\"dateModified\":\"2026-04-01T09:48:52+00:00\",\"description\":\"Nedking Spiegelleuchte wei\u00df - rot - f\u00fcr Auto, LKW und mehr - mit BA15S Fassung - einzeln erh\u00e4ltlich - Spanische Blinkerlampe\",\"breadcrumb\":{\"@id\":\"https:\/\/www.alldayled.com\/de\/produkt\/nedking-spiegellamp-wit-rood\/#breadcrumb\"},\"inLanguage\":\"de\",\"potentialAction\":[{\"@type\":\"ReadAction\",\"target\":[\"https:\/\/www.alldayled.com\/de\/produkt\/nedking-spiegellamp-wit-rood\/\"]}]},{\"@type\":\"ImageObject\",\"inLanguage\":\"de\",\"@id\":\"https:\/\/www.alldayled.com\/de\/produkt\/nedking-spiegellamp-wit-rood\/#primaryimage\",\"url\":\"https:\/\/www.alldayled.com\/wp-content\/uploads\/2020\/08\/ADL03403-WR..jpg\",\"contentUrl\":\"https:\/\/www.alldayled.com\/wp-content\/uploads\/2020\/08\/ADL03403-WR..jpg\",\"width\":800,\"height\":600,\"caption\":\"Nedking Spiegelleuchte klar - rot - Hella PABLO Ausf\u00fchrung - Zusatzblinklicht - EAN: 6090431347397\"},{\"@type\":\"BreadcrumbList\",\"@id\":\"https:\/\/www.alldayled.com\/de\/produkt\/nedking-spiegellamp-wit-rood\/#breadcrumb\",\"itemListElement\":[{\"@type\":\"ListItem\",\"position\":1,\"name\":\"Home\",\"item\":\"https:\/\/www.alldayled.com\/de\/\"},{\"@type\":\"ListItem\",\"position\":2,\"name\":\"Shop\",\"item\":\"https:\/\/www.alldayled.com\/de\/shop\/\"},{\"@type\":\"ListItem\",\"position\":3,\"name\":\"Andere\",\"item\":\"https:\/\/www.alldayled.com\/de\/produkt-kategorie\/andere-produkte\/\"},{\"@type\":\"ListItem\",\"position\":4,\"name\":\"Spiegellampen\",\"item\":\"https:\/\/www.alldayled.com\/de\/produkt-kategorie\/andere-produkte\/spiegellampen\/\"},{\"@type\":\"ListItem\",\"position\":5,\"name\":\"Nedking Spiegelleuchte wei\u00df &#8211; rot\"}]},{\"@type\":\"WebSite\",\"@id\":\"https:\/\/www.alldayled.com\/de\/#website\",\"url\":\"https:\/\/www.alldayled.com\/de\/\",\"name\":\"All Day Led\",\"description\":\"Verlichting voor 12&amp;24 volt gebruik\",\"publisher\":{\"@id\":\"https:\/\/www.alldayled.com\/de\/#organization\"},\"potentialAction\":[{\"@type\":\"SearchAction\",\"target\":{\"@type\":\"EntryPoint\",\"urlTemplate\":\"https:\/\/www.alldayled.com\/de\/?s={search_term_string}\"},\"query-input\":{\"@type\":\"PropertyValueSpecification\",\"valueRequired\":true,\"valueName\":\"search_term_string\"}}],\"inLanguage\":\"de\"},{\"@type\":\"Organization\",\"@id\":\"https:\/\/www.alldayled.com\/de\/#organization\",\"name\":\"All Day Led\",\"url\":\"https:\/\/www.alldayled.com\/de\/\",\"logo\":{\"@type\":\"ImageObject\",\"inLanguage\":\"de\",\"@id\":\"https:\/\/www.alldayled.com\/de\/#\/schema\/logo\/image\/\",\"url\":\"https:\/\/www.alldayled.com\/wp-content\/uploads\/2025\/10\/Logo-ALL-DAY-LED-800x800-zwart-witte-letters.png\",\"contentUrl\":\"https:\/\/www.alldayled.com\/wp-content\/uploads\/2025\/10\/Logo-ALL-DAY-LED-800x800-zwart-witte-letters.png\",\"width\":800,\"height\":800,\"caption\":\"All Day Led\"},\"image\":{\"@id\":\"https:\/\/www.alldayled.com\/de\/#\/schema\/logo\/image\/\"},\"sameAs\":[\"https:\/\/www.facebook.com\/alldayled\/\",\"https:\/\/www.instagram.com\/alldayled\/\"],\"vatID\":\"NL863960133B01\",\"taxID\":\"86416545\"}]}<\/script>\n<meta property=\"product:brand\" content=\"Nedking\" \/>\n<meta property=\"product:price:amount\" content=\"21.95\" \/>\n<meta property=\"product:price:currency\" content=\"EUR\" \/>\n<meta property=\"og:availability\" content=\"instock\" \/>\n<meta property=\"product:availability\" content=\"instock\" \/>\n<meta property=\"product:retailer_item_id\" content=\"ADL03403-WR\" \/>\n<meta property=\"product:condition\" content=\"new\" \/>\n<!-- \/ Yoast SEO Premium plugin. -->","yoast_head_json":{"title":"Nedking Spiegelleuchte wei\u00df rot - All Day Led - f\u00fcr 12&24 Volt","description":"Nedking Spiegelleuchte wei\u00df - rot - f\u00fcr Auto, LKW und mehr - mit BA15S Fassung - einzeln erh\u00e4ltlich - Spanische Blinkerlampe","robots":{"index":"index","follow":"follow","max-snippet":"max-snippet:-1","max-image-preview":"max-image-preview:large","max-video-preview":"max-video-preview:-1"},"canonical":"https:\/\/www.alldayled.com\/de\/produkt\/nedking-spiegellamp-wit-rood\/","og_locale":"de_DE","og_type":"article","og_title":"Nedking Spiegelleuchte wei\u00df - rot","og_description":"Nedking spanischer Blinker wei\u00df - rot, geeignet f\u00fcr 12 und 24 Volt. IP67 und ECE R10 Pr\u00fcfzeichen.","og_url":"https:\/\/www.alldayled.com\/de\/produkt\/nedking-spiegellamp-wit-rood\/","og_site_name":"All Day Led","article_publisher":"https:\/\/www.facebook.com\/alldayled\/","article_modified_time":"2026-04-01T09:48:52+00:00","og_image":[{"url":"https:\/\/www.alldayled.com\/wp-content\/uploads\/2020\/08\/ADL03403-WR.1.jpg","type":"","width":"","height":""}],"twitter_misc":{"Preis":"&euro;&nbsp;21,95","Verf\u00fcgbarkeit":"Auf Lager"},"schema":{"@context":"https:\/\/schema.org","@graph":[{"@type":"WebPage","@id":"https:\/\/www.alldayled.com\/de\/produkt\/nedking-spiegellamp-wit-rood\/","url":"https:\/\/www.alldayled.com\/de\/produkt\/nedking-spiegellamp-wit-rood\/","name":"Nedking Spiegelleuchte wei\u00df rot - All Day Led - f\u00fcr 12&24 Volt","isPartOf":{"@id":"https:\/\/www.alldayled.com\/de\/#website"},"primaryImageOfPage":{"@id":"https:\/\/www.alldayled.com\/de\/produkt\/nedking-spiegellamp-wit-rood\/#primaryimage"},"image":{"@id":"https:\/\/www.alldayled.com\/de\/produkt\/nedking-spiegellamp-wit-rood\/#primaryimage"},"thumbnailUrl":"https:\/\/www.alldayled.com\/wp-content\/uploads\/2020\/08\/ADL03403-WR..jpg","datePublished":"2020-08-03T12:44:21+00:00","dateModified":"2026-04-01T09:48:52+00:00","description":"Nedking Spiegelleuchte wei\u00df - rot - f\u00fcr Auto, LKW und mehr - mit BA15S Fassung - einzeln erh\u00e4ltlich - Spanische Blinkerlampe","breadcrumb":{"@id":"https:\/\/www.alldayled.com\/de\/produkt\/nedking-spiegellamp-wit-rood\/#breadcrumb"},"inLanguage":"de","potentialAction":[{"@type":"ReadAction","target":["https:\/\/www.alldayled.com\/de\/produkt\/nedking-spiegellamp-wit-rood\/"]}]},{"@type":"ImageObject","inLanguage":"de","@id":"https:\/\/www.alldayled.com\/de\/produkt\/nedking-spiegellamp-wit-rood\/#primaryimage","url":"https:\/\/www.alldayled.com\/wp-content\/uploads\/2020\/08\/ADL03403-WR..jpg","contentUrl":"https:\/\/www.alldayled.com\/wp-content\/uploads\/2020\/08\/ADL03403-WR..jpg","width":800,"height":600,"caption":"Nedking Spiegelleuchte klar - rot - Hella PABLO Ausf\u00fchrung - Zusatzblinklicht - EAN: 6090431347397"},{"@type":"BreadcrumbList","@id":"https:\/\/www.alldayled.com\/de\/produkt\/nedking-spiegellamp-wit-rood\/#breadcrumb","itemListElement":[{"@type":"ListItem","position":1,"name":"Home","item":"https:\/\/www.alldayled.com\/de\/"},{"@type":"ListItem","position":2,"name":"Shop","item":"https:\/\/www.alldayled.com\/de\/shop\/"},{"@type":"ListItem","position":3,"name":"Andere","item":"https:\/\/www.alldayled.com\/de\/produkt-kategorie\/andere-produkte\/"},{"@type":"ListItem","position":4,"name":"Spiegellampen","item":"https:\/\/www.alldayled.com\/de\/produkt-kategorie\/andere-produkte\/spiegellampen\/"},{"@type":"ListItem","position":5,"name":"Nedking Spiegelleuchte wei\u00df &#8211; rot"}]},{"@type":"WebSite","@id":"https:\/\/www.alldayled.com\/de\/#website","url":"https:\/\/www.alldayled.com\/de\/","name":"All Day Led","description":"Verlichting voor 12&amp;24 volt gebruik","publisher":{"@id":"https:\/\/www.alldayled.com\/de\/#organization"},"potentialAction":[{"@type":"SearchAction","target":{"@type":"EntryPoint","urlTemplate":"https:\/\/www.alldayled.com\/de\/?s={search_term_string}"},"query-input":{"@type":"PropertyValueSpecification","valueRequired":true,"valueName":"search_term_string"}}],"inLanguage":"de"},{"@type":"Organization","@id":"https:\/\/www.alldayled.com\/de\/#organization","name":"All Day Led","url":"https:\/\/www.alldayled.com\/de\/","logo":{"@type":"ImageObject","inLanguage":"de","@id":"https:\/\/www.alldayled.com\/de\/#\/schema\/logo\/image\/","url":"https:\/\/www.alldayled.com\/wp-content\/uploads\/2025\/10\/Logo-ALL-DAY-LED-800x800-zwart-witte-letters.png","contentUrl":"https:\/\/www.alldayled.com\/wp-content\/uploads\/2025\/10\/Logo-ALL-DAY-LED-800x800-zwart-witte-letters.png","width":800,"height":800,"caption":"All Day Led"},"image":{"@id":"https:\/\/www.alldayled.com\/de\/#\/schema\/logo\/image\/"},"sameAs":["https:\/\/www.facebook.com\/alldayled\/","https:\/\/www.instagram.com\/alldayled\/"],"vatID":"NL863960133B01","taxID":"86416545"}]},"product_brand":"Nedking","product_price_amount":"21.95","product_price_currency":"EUR","og_availability":"instock","product_availability":"instock","product_retailer_item_id":"ADL03403-WR","product_condition":"new"},"_links":{"self":[{"href":"https:\/\/www.alldayled.com\/de\/wp-json\/wp\/v2\/product\/67902","targetHints":{"allow":["GET"]}}],"collection":[{"href":"https:\/\/www.alldayled.com\/de\/wp-json\/wp\/v2\/product"}],"about":[{"href":"https:\/\/www.alldayled.com\/de\/wp-json\/wp\/v2\/types\/product"}],"replies":[{"embeddable":true,"href":"https:\/\/www.alldayled.com\/de\/wp-json\/wp\/v2\/comments?post=67902"}],"wp:featuredmedia":[{"embeddable":true,"href":"https:\/\/www.alldayled.com\/de\/wp-json\/wp\/v2\/media\/16680"}],"wp:attachment":[{"href":"https:\/\/www.alldayled.com\/de\/wp-json\/wp\/v2\/media?parent=67902"}],"wp:term":[{"taxonomy":"product_brand","embeddable":true,"href":"https:\/\/www.alldayled.com\/de\/wp-json\/wp\/v2\/product_brand?post=67902"},{"taxonomy":"product_cat","embeddable":true,"href":"https:\/\/www.alldayled.com\/de\/wp-json\/wp\/v2\/product_cat?post=67902"},{"taxonomy":"product_tag","embeddable":true,"href":"https:\/\/www.alldayled.com\/de\/wp-json\/wp\/v2\/product_tag?post=67902"}],"curies":[{"name":"wp","href":"https:\/\/api.w.org\/{rel}","templated":true}]}}