{"id":67904,"date":"2024-12-30T15:38:47","date_gmt":"2024-12-30T14:38:47","guid":{"rendered":"https:\/\/www.alldayled.com\/product\/strands-unity-scene-light\/"},"modified":"2025-12-22T22:58:44","modified_gmt":"2025-12-22T21:58:44","slug":"strands-unity-scene-light","status":"publish","type":"product","link":"https:\/\/www.alldayled.com\/de\/produkt\/strands-unity-scene-light\/","title":{"rendered":"Strands Unity Scene Light"},"content":{"rendered":"<p><span style=\"color: #000000;\"><strong>Strands Unity Scene Light 4.5W mit Blitzfunktion, f\u00fcr 12&amp;24 volt.<\/strong><\/span><\/p>\n<p><span style=\"color: #000000;\">Sind Sie auf der Suche nach einem kompakten LED Arbeitsscheinwerfer der Marke Strands, der aber auch eine Blitzfunktion haben soll? Dann ist der Strands Unity Scene Light vielleicht das Modell, das Sie suchen. Der kleine Arbeitsscheinwerfer ist mit 6 kleinen LED Punkten ausgestattet und hat eine theoretische Lichtleistung von 880 Lumen. Dieser kleine, ECE R23-gepr\u00fcfte Arbeitsscheinwerfer mit ECE R65-gepr\u00fcfter Blitzfunktion arbeitet mit 12 und 24 Volt. Das bedeutet, dass Sie den Mini LED Arbeitsscheinwerfer beispielsweise f\u00fcr Ihr Auto, Ihren LKW, Ihren Traktor, Ihren Anh\u00e4nger oder ein anderes Fahrzeug verwenden k\u00f6nnen.    <\/span><\/p>\n<p><span style=\"color: #000000;\">Damit Sie vor dem Kauf sicher sein k\u00f6nnen, dass der kleine LED Arbeitsscheinwerfer von Strands die richtige Lampe f\u00fcr Sie ist, haben wir hier einige Eigenschaften der Lampe aufgelistet. Der Strands Unity Scene Light ist beispielsweise mit den Pr\u00fcfzeichen ECE R10, ECE R23 und ECE R65 versehen. Die Pr\u00fcfzeichen geben an, dass die Lampe bei korrekter Installation w\u00e4hrend der Aktivierung keine St\u00f6rungen verursacht, beispielsweise auf Ihrem Funksignal. Au\u00dferdem ist die Lampe als R\u00fcckfahrlicht, aber auch als Warnleuchte zugelassen. Dar\u00fcber hinaus ist die kleine Lampe mit dem IP69K-Pr\u00fcfzeichen versehen. Dieses Pr\u00fcfzeichen gibt an, dass der Arbeitsscheinwerfer vollst\u00e4ndig staub- und wasserdicht ist.       <\/span><\/p>\n<h5><span style=\"color: #000000;\"><strong>Abmessungen:<\/strong><\/span><\/h5>\n<p><span style=\"color: #000000;\">Da Sie vor dem Kauf auch sicher sein wollen, dass die LED Lampe dort passt, wo Sie sie montieren m\u00f6chten, wollen Sie nat\u00fcrlich die Abmessungen des Arbeitsscheinwerfers mit 6 LED Punkten und Warnleuchte wissen. Die Abmessungen des Strands Unity Scene Light sind wie folgt:  <\/span><\/p>\n<ul>\n<li><span style=\"color: #000000;\">H\u00f6he: 48 mm <\/span><\/li>\n<li><span style=\"color: #000000;\">Breite: 78 mm<\/span><\/li>\n<li><span style=\"color: #000000;\">Dicke: 22 mm<\/span><\/li>\n<\/ul>\n<h5><span style=\"color: #000000;\"><strong>Andere Versionen:<\/strong><\/span><\/h5>\n<p><span style=\"color: #000000;\">Sie m\u00f6chten zwar einen Mini LED Arbeitsscheinwerfer der Marke Strands montieren, aber der Unity Scene Light ist nicht die Ausf\u00fchrung, die Sie suchen? Dann wissen Sie, dass Strands diesen Arbeitsscheinwerfer auch in verschiedenen anderen Lichtst\u00e4rken anbietet. Sehen Sie sich unten die verschiedenen M\u00f6glichkeiten an, die wir in unser Sortiment aufgenommen haben.   <\/span><\/p>\n<ul>\n<li><span style=\"color: #000000;\"><strong><a style=\"color: #000000;\" href=\"https:\/\/www.alldayled.com\/de\/produkt\/strands-unity-ultra-flat-werklamp\/\">Strands Unity UF Arbeitsscheinwerfer<\/a> <\/strong><\/span><\/li>\n<li><span style=\"color: #000000;\"><a style=\"color: #000000;\" href=\"https:\/\/www.alldayled.com\/de\/produkt\/strands-unity-ultra-flat-duo\/\"><strong>Strands Unity UF DUO<\/strong><\/a><\/span><\/li>\n<\/ul>\n<p><span style=\"color: #000000;\">Sind Sie nach dem Lesen aller Spezifikationen und dem Betrachten der Fotos immer noch nicht \u00fcberzeugt? Einfach, weil die Form, die Lichtleistung oder die Farbe des Strands Unity Scene Light nicht Ihren W\u00fcnschen entspricht? Dann sehen Sie sich hier das komplette Angebot von <a style=\"color: #000000;\" href=\"https:\/\/www.alldayled.com\/de\/marke\/product-strands-lighting-division\/\">Strands<\/a> an. Vielleicht finden Sie hier das Lampenmodell, das Sie suchen.   <\/span><\/p>\n","protected":false},"excerpt":{"rendered":"<p>Dieser kompakte Arbeitsscheinwerfer mit Blitzfunktion arbeitet mit 12 und 24 Volt und hat eine Lichtleistung von 880 Lumen.<\/p>\n","protected":false},"featured_media":32832,"comment_status":"open","ping_status":"closed","template":"","meta":{"_acf_changed":false},"product_brand":[5114],"product_cat":[5340],"product_tag":[9060,9062,9059,9058,9063,9057,9066,9064,9065,9080,9061],"class_list":{"0":"post-67904","1":"product","2":"type-product","3":"status-publish","4":"has-post-thumbnail","6":"product_brand-product-strands-lighting-division","7":"product_cat-werklamp-overig","8":"product_tag-arbeitsleuchte-kafiganhanger","9":"product_tag-arbeitsscheinwerfer-anhanger","10":"product_tag-arbeitsscheinwerfer-gabelstapler","12":"product_tag-arbeitstransporter","13":"product_tag-led-arbeitsleuchte","14":"product_tag-strands-led-arbeitsleuchte","15":"product_tag-strands-led-beleuchtung","16":"product_tag-strands-lighting-division","17":"product_tag-strands-siberia-scheinwerfer","18":"product_tag-traktor-arbeitsleuchte","20":"first","21":"instock","22":"taxable","23":"shipping-taxable","24":"purchasable","25":"product-type-simple"},"acf":[],"yoast_head":"<!-- This site is optimized with the Yoast SEO Premium plugin v26.5 (Yoast SEO v27.1.1) - https:\/\/yoast.com\/product\/yoast-seo-premium-wordpress\/ -->\n<title>Strands Unity Scene Light - All Day Led Aluminiumlampe f\u00fcr 12&amp;24 Volt<\/title>\n<meta name=\"description\" content=\"Strands Unity Scene Light - kompaktes R\u00fcckfahrlicht mit Blitzfunktion - mit ECE R23- und ECE R65-Zulassung - 1 Lux @ 14m - Polycarbonat-Linse\" \/>\n<meta name=\"robots\" content=\"index, follow, max-snippet:-1, max-image-preview:large, max-video-preview:-1\" \/>\n<link rel=\"canonical\" href=\"https:\/\/www.alldayled.com\/de\/produkt\/strands-unity-scene-light\/\" \/>\n<meta property=\"og:locale\" content=\"de_DE\" \/>\n<meta property=\"og:type\" content=\"article\" \/>\n<meta property=\"og:title\" content=\"Strands Unity Scene Light - All Day Led Aluminiumlampe f\u00fcr 12&amp;24 Volt\" \/>\n<meta property=\"og:description\" content=\"Strands Unity Scene Light - kompaktes R\u00fcckfahrlicht mit Blitzfunktion - mit ECE R23- und ECE R65-Zulassung - 1 Lux @ 14m - Polycarbonat-Linse\" \/>\n<meta property=\"og:url\" content=\"https:\/\/www.alldayled.com\/de\/produkt\/strands-unity-scene-light\/\" \/>\n<meta property=\"og:site_name\" content=\"All Day Led\" \/>\n<meta property=\"article:publisher\" content=\"https:\/\/www.facebook.com\/alldayled\/\" \/>\n<meta property=\"article:modified_time\" content=\"2025-12-22T21:58:44+00:00\" \/>\n<meta property=\"og:image\" content=\"https:\/\/www.alldayled.com\/wp-content\/uploads\/2024\/12\/ADL809510.01-300x300.png\" \/>\n<meta name=\"twitter:label1\" content=\"Preis\" \/>\n\t<meta name=\"twitter:data1\" content=\"&euro;&nbsp;39,00\" \/>\n\t<meta name=\"twitter:label2\" content=\"Verf\u00fcgbarkeit\" \/>\n\t<meta name=\"twitter:data2\" content=\"Auf Lager\" \/>\n<script type=\"application\/ld+json\" class=\"yoast-schema-graph\">{\"@context\":\"https:\/\/schema.org\",\"@graph\":[{\"@type\":\"WebPage\",\"@id\":\"https:\/\/www.alldayled.com\/de\/produkt\/strands-unity-scene-light\/\",\"url\":\"https:\/\/www.alldayled.com\/de\/produkt\/strands-unity-scene-light\/\",\"name\":\"Strands Unity Scene Light - All Day Led Aluminiumlampe f\u00fcr 12&24 Volt\",\"isPartOf\":{\"@id\":\"https:\/\/www.alldayled.com\/de\/#website\"},\"primaryImageOfPage\":{\"@id\":\"https:\/\/www.alldayled.com\/de\/produkt\/strands-unity-scene-light\/#primaryimage\"},\"image\":{\"@id\":\"https:\/\/www.alldayled.com\/de\/produkt\/strands-unity-scene-light\/#primaryimage\"},\"thumbnailUrl\":\"https:\/\/www.alldayled.com\/wp-content\/uploads\/2024\/12\/ADL809510.png\",\"datePublished\":\"2024-12-30T14:38:47+00:00\",\"dateModified\":\"2025-12-22T21:58:44+00:00\",\"description\":\"Strands Unity Scene Light - kompaktes R\u00fcckfahrlicht mit Blitzfunktion - mit ECE R23- und ECE R65-Zulassung - 1 Lux @ 14m - Polycarbonat-Linse\",\"breadcrumb\":{\"@id\":\"https:\/\/www.alldayled.com\/de\/produkt\/strands-unity-scene-light\/#breadcrumb\"},\"inLanguage\":\"de\",\"potentialAction\":[{\"@type\":\"ReadAction\",\"target\":[\"https:\/\/www.alldayled.com\/de\/produkt\/strands-unity-scene-light\/\"]}]},{\"@type\":\"ImageObject\",\"inLanguage\":\"de\",\"@id\":\"https:\/\/www.alldayled.com\/de\/produkt\/strands-unity-scene-light\/#primaryimage\",\"url\":\"https:\/\/www.alldayled.com\/wp-content\/uploads\/2024\/12\/ADL809510.png\",\"contentUrl\":\"https:\/\/www.alldayled.com\/wp-content\/uploads\/2024\/12\/ADL809510.png\",\"width\":800,\"height\":600,\"caption\":\"Strands Unity Scene Light Arbeitsscheinwerfer 4.5W - Arbeitsscheinwerfer mit 6 LED Punkten, der f\u00fcr 12 und \/ oder 24 Volt geeignet ist - Strands 809510 - Strands UNITY SCENE LIGHT - EAN: 7323030192433\"},{\"@type\":\"BreadcrumbList\",\"@id\":\"https:\/\/www.alldayled.com\/de\/produkt\/strands-unity-scene-light\/#breadcrumb\",\"itemListElement\":[{\"@type\":\"ListItem\",\"position\":1,\"name\":\"Home\",\"item\":\"https:\/\/www.alldayled.com\/de\/\"},{\"@type\":\"ListItem\",\"position\":2,\"name\":\"Shop\",\"item\":\"https:\/\/www.alldayled.com\/de\/shop\/\"},{\"@type\":\"ListItem\",\"position\":3,\"name\":\"Arbeitsscheinwerfer\",\"item\":\"https:\/\/www.alldayled.com\/de\/produkt-kategorie\/arbeitsscheinwerfer\/\"},{\"@type\":\"ListItem\",\"position\":4,\"name\":\"Arbeitsscheinwerfer sonstig\",\"item\":\"https:\/\/www.alldayled.com\/de\/produkt-kategorie\/arbeitsscheinwerfer\/werklamp-overig\/\"},{\"@type\":\"ListItem\",\"position\":5,\"name\":\"Strands Unity Scene Light\"}]},{\"@type\":\"WebSite\",\"@id\":\"https:\/\/www.alldayled.com\/de\/#website\",\"url\":\"https:\/\/www.alldayled.com\/de\/\",\"name\":\"All Day Led\",\"description\":\"Verlichting voor 12&amp;24 volt gebruik\",\"publisher\":{\"@id\":\"https:\/\/www.alldayled.com\/de\/#organization\"},\"potentialAction\":[{\"@type\":\"SearchAction\",\"target\":{\"@type\":\"EntryPoint\",\"urlTemplate\":\"https:\/\/www.alldayled.com\/de\/?s={search_term_string}\"},\"query-input\":{\"@type\":\"PropertyValueSpecification\",\"valueRequired\":true,\"valueName\":\"search_term_string\"}}],\"inLanguage\":\"de\"},{\"@type\":\"Organization\",\"@id\":\"https:\/\/www.alldayled.com\/de\/#organization\",\"name\":\"All Day Led\",\"url\":\"https:\/\/www.alldayled.com\/de\/\",\"logo\":{\"@type\":\"ImageObject\",\"inLanguage\":\"de\",\"@id\":\"https:\/\/www.alldayled.com\/de\/#\/schema\/logo\/image\/\",\"url\":\"https:\/\/www.alldayled.com\/wp-content\/uploads\/2025\/10\/Logo-ALL-DAY-LED-800x800-zwart-witte-letters.png\",\"contentUrl\":\"https:\/\/www.alldayled.com\/wp-content\/uploads\/2025\/10\/Logo-ALL-DAY-LED-800x800-zwart-witte-letters.png\",\"width\":800,\"height\":800,\"caption\":\"All Day Led\"},\"image\":{\"@id\":\"https:\/\/www.alldayled.com\/de\/#\/schema\/logo\/image\/\"},\"sameAs\":[\"https:\/\/www.facebook.com\/alldayled\/\",\"https:\/\/www.instagram.com\/alldayled\/\"],\"vatID\":\"NL863960133B01\",\"taxID\":\"86416545\"}]}<\/script>\n<meta property=\"product:brand\" content=\"Strands\" \/>\n<meta property=\"product:price:amount\" content=\"39.00\" \/>\n<meta property=\"product:price:currency\" content=\"EUR\" \/>\n<meta property=\"og:availability\" content=\"instock\" \/>\n<meta property=\"product:availability\" content=\"instock\" \/>\n<meta property=\"product:retailer_item_id\" content=\"ADL809510\" \/>\n<meta property=\"product:condition\" content=\"new\" \/>\n<!-- \/ Yoast SEO Premium plugin. -->","yoast_head_json":{"title":"Strands Unity Scene Light - All Day Led Aluminiumlampe f\u00fcr 12&24 Volt","description":"Strands Unity Scene Light - kompaktes R\u00fcckfahrlicht mit Blitzfunktion - mit ECE R23- und ECE R65-Zulassung - 1 Lux @ 14m - Polycarbonat-Linse","robots":{"index":"index","follow":"follow","max-snippet":"max-snippet:-1","max-image-preview":"max-image-preview:large","max-video-preview":"max-video-preview:-1"},"canonical":"https:\/\/www.alldayled.com\/de\/produkt\/strands-unity-scene-light\/","og_locale":"de_DE","og_type":"article","og_title":"Strands Unity Scene Light - All Day Led Aluminiumlampe f\u00fcr 12&24 Volt","og_description":"Strands Unity Scene Light - kompaktes R\u00fcckfahrlicht mit Blitzfunktion - mit ECE R23- und ECE R65-Zulassung - 1 Lux @ 14m - Polycarbonat-Linse","og_url":"https:\/\/www.alldayled.com\/de\/produkt\/strands-unity-scene-light\/","og_site_name":"All Day Led","article_publisher":"https:\/\/www.facebook.com\/alldayled\/","article_modified_time":"2025-12-22T21:58:44+00:00","og_image":[{"url":"https:\/\/www.alldayled.com\/wp-content\/uploads\/2024\/12\/ADL809510.01-300x300.png","type":"","width":"","height":""}],"twitter_misc":{"Preis":"&euro;&nbsp;39,00","Verf\u00fcgbarkeit":"Auf Lager"},"schema":{"@context":"https:\/\/schema.org","@graph":[{"@type":"WebPage","@id":"https:\/\/www.alldayled.com\/de\/produkt\/strands-unity-scene-light\/","url":"https:\/\/www.alldayled.com\/de\/produkt\/strands-unity-scene-light\/","name":"Strands Unity Scene Light - All Day Led Aluminiumlampe f\u00fcr 12&24 Volt","isPartOf":{"@id":"https:\/\/www.alldayled.com\/de\/#website"},"primaryImageOfPage":{"@id":"https:\/\/www.alldayled.com\/de\/produkt\/strands-unity-scene-light\/#primaryimage"},"image":{"@id":"https:\/\/www.alldayled.com\/de\/produkt\/strands-unity-scene-light\/#primaryimage"},"thumbnailUrl":"https:\/\/www.alldayled.com\/wp-content\/uploads\/2024\/12\/ADL809510.png","datePublished":"2024-12-30T14:38:47+00:00","dateModified":"2025-12-22T21:58:44+00:00","description":"Strands Unity Scene Light - kompaktes R\u00fcckfahrlicht mit Blitzfunktion - mit ECE R23- und ECE R65-Zulassung - 1 Lux @ 14m - Polycarbonat-Linse","breadcrumb":{"@id":"https:\/\/www.alldayled.com\/de\/produkt\/strands-unity-scene-light\/#breadcrumb"},"inLanguage":"de","potentialAction":[{"@type":"ReadAction","target":["https:\/\/www.alldayled.com\/de\/produkt\/strands-unity-scene-light\/"]}]},{"@type":"ImageObject","inLanguage":"de","@id":"https:\/\/www.alldayled.com\/de\/produkt\/strands-unity-scene-light\/#primaryimage","url":"https:\/\/www.alldayled.com\/wp-content\/uploads\/2024\/12\/ADL809510.png","contentUrl":"https:\/\/www.alldayled.com\/wp-content\/uploads\/2024\/12\/ADL809510.png","width":800,"height":600,"caption":"Strands Unity Scene Light Arbeitsscheinwerfer 4.5W - Arbeitsscheinwerfer mit 6 LED Punkten, der f\u00fcr 12 und \/ oder 24 Volt geeignet ist - Strands 809510 - Strands UNITY SCENE LIGHT - EAN: 7323030192433"},{"@type":"BreadcrumbList","@id":"https:\/\/www.alldayled.com\/de\/produkt\/strands-unity-scene-light\/#breadcrumb","itemListElement":[{"@type":"ListItem","position":1,"name":"Home","item":"https:\/\/www.alldayled.com\/de\/"},{"@type":"ListItem","position":2,"name":"Shop","item":"https:\/\/www.alldayled.com\/de\/shop\/"},{"@type":"ListItem","position":3,"name":"Arbeitsscheinwerfer","item":"https:\/\/www.alldayled.com\/de\/produkt-kategorie\/arbeitsscheinwerfer\/"},{"@type":"ListItem","position":4,"name":"Arbeitsscheinwerfer sonstig","item":"https:\/\/www.alldayled.com\/de\/produkt-kategorie\/arbeitsscheinwerfer\/werklamp-overig\/"},{"@type":"ListItem","position":5,"name":"Strands Unity Scene Light"}]},{"@type":"WebSite","@id":"https:\/\/www.alldayled.com\/de\/#website","url":"https:\/\/www.alldayled.com\/de\/","name":"All Day Led","description":"Verlichting voor 12&amp;24 volt gebruik","publisher":{"@id":"https:\/\/www.alldayled.com\/de\/#organization"},"potentialAction":[{"@type":"SearchAction","target":{"@type":"EntryPoint","urlTemplate":"https:\/\/www.alldayled.com\/de\/?s={search_term_string}"},"query-input":{"@type":"PropertyValueSpecification","valueRequired":true,"valueName":"search_term_string"}}],"inLanguage":"de"},{"@type":"Organization","@id":"https:\/\/www.alldayled.com\/de\/#organization","name":"All Day Led","url":"https:\/\/www.alldayled.com\/de\/","logo":{"@type":"ImageObject","inLanguage":"de","@id":"https:\/\/www.alldayled.com\/de\/#\/schema\/logo\/image\/","url":"https:\/\/www.alldayled.com\/wp-content\/uploads\/2025\/10\/Logo-ALL-DAY-LED-800x800-zwart-witte-letters.png","contentUrl":"https:\/\/www.alldayled.com\/wp-content\/uploads\/2025\/10\/Logo-ALL-DAY-LED-800x800-zwart-witte-letters.png","width":800,"height":800,"caption":"All Day Led"},"image":{"@id":"https:\/\/www.alldayled.com\/de\/#\/schema\/logo\/image\/"},"sameAs":["https:\/\/www.facebook.com\/alldayled\/","https:\/\/www.instagram.com\/alldayled\/"],"vatID":"NL863960133B01","taxID":"86416545"}]},"product_brand":"Strands","product_price_amount":"39.00","product_price_currency":"EUR","og_availability":"instock","product_availability":"instock","product_retailer_item_id":"ADL809510","product_condition":"new"},"_links":{"self":[{"href":"https:\/\/www.alldayled.com\/de\/wp-json\/wp\/v2\/product\/67904","targetHints":{"allow":["GET"]}}],"collection":[{"href":"https:\/\/www.alldayled.com\/de\/wp-json\/wp\/v2\/product"}],"about":[{"href":"https:\/\/www.alldayled.com\/de\/wp-json\/wp\/v2\/types\/product"}],"replies":[{"embeddable":true,"href":"https:\/\/www.alldayled.com\/de\/wp-json\/wp\/v2\/comments?post=67904"}],"wp:featuredmedia":[{"embeddable":true,"href":"https:\/\/www.alldayled.com\/de\/wp-json\/wp\/v2\/media\/32832"}],"wp:attachment":[{"href":"https:\/\/www.alldayled.com\/de\/wp-json\/wp\/v2\/media?parent=67904"}],"wp:term":[{"taxonomy":"product_brand","embeddable":true,"href":"https:\/\/www.alldayled.com\/de\/wp-json\/wp\/v2\/product_brand?post=67904"},{"taxonomy":"product_cat","embeddable":true,"href":"https:\/\/www.alldayled.com\/de\/wp-json\/wp\/v2\/product_cat?post=67904"},{"taxonomy":"product_tag","embeddable":true,"href":"https:\/\/www.alldayled.com\/de\/wp-json\/wp\/v2\/product_tag?post=67904"}],"curies":[{"name":"wp","href":"https:\/\/api.w.org\/{rel}","templated":true}]}}