{"id":67928,"date":"2020-03-26T05:10:46","date_gmt":"2020-03-26T04:10:46","guid":{"rendered":"https:\/\/www.alldayled.com\/product\/truckled-led-werklamp-15w-9-32-volt\/"},"modified":"2020-03-26T05:10:46","modified_gmt":"2020-03-26T04:10:46","slug":"truckled-led-werklamp-15w-9-32-volt","status":"publish","type":"product","link":"https:\/\/www.alldayled.com\/de\/produkt\/truckled-led-werklamp-15w-9-32-volt\/","title":{"rendered":"TruckLED LED Arbeitsscheinwerfer 15W"},"content":{"rendered":"<p><span style=\"color: #000000;\"><strong>TruckLED LED Arbeitsscheinwerfer 15w, geeignet f\u00fcr 12 &amp; 24 Volt Betrieb. <\/strong><\/span><\/p>\n<p><span style=\"color: #000000;\">Suchst du einen kleinen, erschwinglichen LED Arbeitsscheinwerfer, den du \u00fcberall montieren kannst? Dann ist dieser LED Arbeitsscheinwerfer von TruckLED vielleicht genau die Lampe, die du suchst. Die Lampe verf\u00fcgt \u00fcber 5 leistungsstarke LEDs und eine Lichtleistung von 1250 Lumen. Dadurch hast du trotz geringem Stromverbrauch viel Licht. So stehst du nie wieder im Dunkeln. Der TruckLED 15W LED Arbeitsscheinwerfer funktioniert mit 12 und 24 Volt. Du kannst ihn also an deinem Auto, LKW, Anh\u00e4nger, Traktor oder einem anderen Fahrzeug oder Arbeitsger\u00e4t verwenden.      <\/span><\/p>\n<p><span style=\"color: #000000;\">Um sicherzustellen, dass die Lampe f\u00fcr dein Fahrzeug oder deinen Anh\u00e4nger geeignet ist, haben wir unten einige wichtige Spezifikationen aufgelistet. Der 15W LED Arbeitsscheinwerfer von TruckLED ist zuverl\u00e4ssig und mit verschiedenen Pr\u00fcfzeichen versehen. So verf\u00fcgt die Lampe \u00fcber das ECE R10 Pr\u00fcfzeichen, was bedeutet, dass sie beispielsweise keine St\u00f6rungen deines Radiosignals verursacht. Sie ist auch IP67 wasserdicht, wodurch die Lampe vollst\u00e4ndig staub- und wasserdicht ist. Die Lampe wird mit Befestigungsmaterial aus Edelstahl geliefert, damit du sie einfach montieren kannst. Kurz gesagt, dieser LED Arbeitsscheinwerfer ist f\u00fcr vielf\u00e4ltige Anwendungen geeignet und liefert dir immer die Lichtleistung, die du ben\u00f6tigst.     <\/span><\/p>\n<h5><span style=\"color: #000000;\"><strong>Abmessungen:<\/strong><\/span><\/h5>\n<p><span style=\"color: #000000;\">Um sicherzustellen, dass du den kleinen LED Arbeitsscheinwerfer montieren kannst, wo du m\u00f6chtest, haben wir dir unten die Abmessungen aufgelistet.<\/span><\/p>\n<ul>\n<li><span style=\"color: #000000;\">H\u00f6he: 84 mm (110 inkl. Befestigung)<\/span><\/li>\n<li><span style=\"color: #000000;\">Breite: 84 mm<\/span><\/li>\n<li><span style=\"color: #000000;\">Dicke: 36 mm<\/span><\/li>\n<\/ul>\n<h5><span style=\"color: #000000;\"><strong>Andere Versionen: <\/strong><\/span><\/h5>\n<p><span style=\"color: #000000;\">M\u00f6chtest du einen LED Arbeitsscheinwerfer der Marke <a style=\"color: #000000;\" href=\"https:\/\/www.alldayled.com\/de\/marke\/product-truckled\/\">TruckLED<\/a>? Aber ist der 15w TruckLED Arbeitsscheinwerfer nicht das Modell, das du suchst? Wisse, dass der kleine LED Arbeitsscheinwerfer von TruckLED auch in verschiedenen anderen Ausf\u00fchrungen erh\u00e4ltlich ist. Sieh dir unten die verschiedenen M\u00f6glichkeiten an, die TruckLED bietet:   <\/span><\/p>\n<ul>\n<li><span style=\"color: #000000;\"><strong><a style=\"color: #000000;\" href=\"https:\/\/www.alldayled.com\/de\/produkt\/truckled-led-werklamp-18w-12-24-volt\/\">18w LED Arbeitsscheinwerfer &#8211; oval<\/a><\/strong><strong><br \/>\n<\/strong><\/span><\/li>\n<\/ul>\n<p><span style=\"color: #000000;\"><span style=\"font-size: 16px;\">Bist du der Meinung, dass der LED Arbeitsscheinwerfer 15w nicht das ist, was du suchst? Einfach weil die Lichtleistung oder Wattzahl nicht hoch genug oder sogar zu hoch ist? Dann wirf doch einen Blick auf unsere Seite <\/span><a style=\"font-size: 16px; background-color: #ffffff; color: #000000;\" href=\"https:\/\/www.alldayled.com\/de\/produkt-kategorie\/arbeitsscheinwerfer\/\">Arbeitsscheinwerfer<\/a><span style=\"font-size: 16px;\">. Vielleicht findest du hier das Modell Arbeitsscheinwerfer, nach dem du suchst. <\/span> <\/span><\/p>\n","protected":false},"excerpt":{"rendered":"<p>Kleiner Arbeitsscheinwerfer von TruckLED 15w mit einer Lichtleistung von 1250 Lumen, f\u00fcr 12\/24 Volt.<\/p>\n","protected":false},"featured_media":38027,"comment_status":"open","ping_status":"closed","template":"","meta":{"_acf_changed":false},"product_brand":[6605],"product_cat":[5334],"product_tag":[9060,9062,9059,9058,9063,9557,9057,9061,9558],"class_list":{"0":"post-67928","1":"product","2":"type-product","3":"status-publish","4":"has-post-thumbnail","6":"product_brand-product-truckled","7":"product_cat-werklamp-vierkant","8":"product_tag-arbeitsleuchte-kafiganhanger","9":"product_tag-arbeitsscheinwerfer-anhanger","10":"product_tag-arbeitsscheinwerfer-gabelstapler","12":"product_tag-arbeitstransporter","13":"product_tag-kleiner-led-arbeitsscheinwerfer","14":"product_tag-led-arbeitsleuchte","15":"product_tag-traktor-arbeitsleuchte","16":"product_tag-truckled-led-arbeitsscheinwerfer","18":"first","19":"instock","20":"taxable","21":"shipping-taxable","22":"purchasable","23":"product-type-simple"},"acf":[],"yoast_head":"<!-- This site is optimized with the Yoast SEO Premium plugin v26.5 (Yoast SEO v27.1.1) - https:\/\/yoast.com\/product\/yoast-seo-premium-wordpress\/ -->\n<title>TruckLED LED Arbeitsscheinwerfer 15W - All Day Led - f\u00fcr 12&amp;24V<\/title>\n<meta name=\"description\" content=\"TruckLED LED Arbeitsscheinwerfer 15W - f\u00fcr 12 &amp; 24 Volt - sto\u00dffest - 1250 Lumen - Budget Arbeitsscheinwerfer - LKW, Anh\u00e4nger, Gabelstapler und mehr\" \/>\n<meta name=\"robots\" content=\"index, follow, max-snippet:-1, max-image-preview:large, max-video-preview:-1\" \/>\n<link rel=\"canonical\" href=\"https:\/\/www.alldayled.com\/de\/produkt\/truckled-led-werklamp-15w-9-32-volt\/\" \/>\n<meta property=\"og:locale\" content=\"de_DE\" \/>\n<meta property=\"og:type\" content=\"article\" \/>\n<meta property=\"og:title\" content=\"TruckLED LED Arbeitsscheinwerfer 15W - All Day Led - f\u00fcr 12&amp;24V\" \/>\n<meta property=\"og:description\" content=\"TruckLED LED Arbeitsscheinwerfer 15W - f\u00fcr 12 &amp; 24 Volt - sto\u00dffest - 1250 Lumen - Arbeitsscheinwerfer - LKW, Anh\u00e4nger, Gabelstapler und mehr\" \/>\n<meta property=\"og:url\" content=\"https:\/\/www.alldayled.com\/de\/produkt\/truckled-led-werklamp-15w-9-32-volt\/\" \/>\n<meta property=\"og:site_name\" content=\"All Day Led\" \/>\n<meta property=\"article:publisher\" content=\"https:\/\/www.facebook.com\/alldayled\/\" \/>\n<meta property=\"og:image\" content=\"https:\/\/www.alldayled.com\/wp-content\/uploads\/2025\/10\/ADL09068.jpg\" \/>\n\t<meta property=\"og:image:width\" content=\"800\" \/>\n\t<meta property=\"og:image:height\" content=\"600\" \/>\n\t<meta property=\"og:image:type\" content=\"image\/jpeg\" \/>\n<meta name=\"twitter:label1\" content=\"Preis\" \/>\n\t<meta name=\"twitter:data1\" content=\"&euro;&nbsp;15,00\" \/>\n\t<meta name=\"twitter:label2\" content=\"Verf\u00fcgbarkeit\" \/>\n\t<meta name=\"twitter:data2\" content=\"Auf Lager\" \/>\n<script type=\"application\/ld+json\" class=\"yoast-schema-graph\">{\"@context\":\"https:\/\/schema.org\",\"@graph\":[{\"@type\":\"WebPage\",\"@id\":\"https:\/\/www.alldayled.com\/de\/produkt\/truckled-led-werklamp-15w-9-32-volt\/\",\"url\":\"https:\/\/www.alldayled.com\/de\/produkt\/truckled-led-werklamp-15w-9-32-volt\/\",\"name\":\"TruckLED LED Arbeitsscheinwerfer 15W - All Day Led - f\u00fcr 12&24V\",\"isPartOf\":{\"@id\":\"https:\/\/www.alldayled.com\/de\/#website\"},\"primaryImageOfPage\":{\"@id\":\"https:\/\/www.alldayled.com\/de\/produkt\/truckled-led-werklamp-15w-9-32-volt\/#primaryimage\"},\"image\":{\"@id\":\"https:\/\/www.alldayled.com\/de\/produkt\/truckled-led-werklamp-15w-9-32-volt\/#primaryimage\"},\"thumbnailUrl\":\"https:\/\/www.alldayled.com\/wp-content\/uploads\/2025\/10\/ADL09068.jpg\",\"datePublished\":\"2020-03-26T04:10:46+00:00\",\"description\":\"TruckLED LED Arbeitsscheinwerfer 15W - f\u00fcr 12 & 24 Volt - sto\u00dffest - 1250 Lumen - Budget Arbeitsscheinwerfer - LKW, Anh\u00e4nger, Gabelstapler und mehr\",\"breadcrumb\":{\"@id\":\"https:\/\/www.alldayled.com\/de\/produkt\/truckled-led-werklamp-15w-9-32-volt\/#breadcrumb\"},\"inLanguage\":\"de\",\"potentialAction\":[{\"@type\":\"ReadAction\",\"target\":[\"https:\/\/www.alldayled.com\/de\/produkt\/truckled-led-werklamp-15w-9-32-volt\/\"]}]},{\"@type\":\"ImageObject\",\"inLanguage\":\"de\",\"@id\":\"https:\/\/www.alldayled.com\/de\/produkt\/truckled-led-werklamp-15w-9-32-volt\/#primaryimage\",\"url\":\"https:\/\/www.alldayled.com\/wp-content\/uploads\/2025\/10\/ADL09068.jpg\",\"contentUrl\":\"https:\/\/www.alldayled.com\/wp-content\/uploads\/2025\/10\/ADL09068.jpg\",\"width\":800,\"height\":600},{\"@type\":\"BreadcrumbList\",\"@id\":\"https:\/\/www.alldayled.com\/de\/produkt\/truckled-led-werklamp-15w-9-32-volt\/#breadcrumb\",\"itemListElement\":[{\"@type\":\"ListItem\",\"position\":1,\"name\":\"Home\",\"item\":\"https:\/\/www.alldayled.com\/de\/\"},{\"@type\":\"ListItem\",\"position\":2,\"name\":\"Shop\",\"item\":\"https:\/\/www.alldayled.com\/de\/shop\/\"},{\"@type\":\"ListItem\",\"position\":3,\"name\":\"Arbeitsscheinwerfer\",\"item\":\"https:\/\/www.alldayled.com\/de\/produkt-kategorie\/arbeitsscheinwerfer\/\"},{\"@type\":\"ListItem\",\"position\":4,\"name\":\"Arbeitsscheinwerfer Quadratisch\",\"item\":\"https:\/\/www.alldayled.com\/de\/produkt-kategorie\/arbeitsscheinwerfer\/werklamp-vierkant\/\"},{\"@type\":\"ListItem\",\"position\":5,\"name\":\"TruckLED LED Arbeitsscheinwerfer 15W\"}]},{\"@type\":\"WebSite\",\"@id\":\"https:\/\/www.alldayled.com\/de\/#website\",\"url\":\"https:\/\/www.alldayled.com\/de\/\",\"name\":\"All Day Led\",\"description\":\"Verlichting voor 12&amp;24 volt gebruik\",\"publisher\":{\"@id\":\"https:\/\/www.alldayled.com\/de\/#organization\"},\"potentialAction\":[{\"@type\":\"SearchAction\",\"target\":{\"@type\":\"EntryPoint\",\"urlTemplate\":\"https:\/\/www.alldayled.com\/de\/?s={search_term_string}\"},\"query-input\":{\"@type\":\"PropertyValueSpecification\",\"valueRequired\":true,\"valueName\":\"search_term_string\"}}],\"inLanguage\":\"de\"},{\"@type\":\"Organization\",\"@id\":\"https:\/\/www.alldayled.com\/de\/#organization\",\"name\":\"All Day Led\",\"url\":\"https:\/\/www.alldayled.com\/de\/\",\"logo\":{\"@type\":\"ImageObject\",\"inLanguage\":\"de\",\"@id\":\"https:\/\/www.alldayled.com\/de\/#\/schema\/logo\/image\/\",\"url\":\"https:\/\/www.alldayled.com\/wp-content\/uploads\/2025\/10\/Logo-ALL-DAY-LED-800x800-zwart-witte-letters.png\",\"contentUrl\":\"https:\/\/www.alldayled.com\/wp-content\/uploads\/2025\/10\/Logo-ALL-DAY-LED-800x800-zwart-witte-letters.png\",\"width\":800,\"height\":800,\"caption\":\"All Day Led\"},\"image\":{\"@id\":\"https:\/\/www.alldayled.com\/de\/#\/schema\/logo\/image\/\"},\"sameAs\":[\"https:\/\/www.facebook.com\/alldayled\/\",\"https:\/\/www.instagram.com\/alldayled\/\"],\"vatID\":\"NL863960133B01\",\"taxID\":\"86416545\"}]}<\/script>\n<meta property=\"product:brand\" content=\"TruckLED\" \/>\n<meta property=\"product:price:amount\" content=\"15.00\" \/>\n<meta property=\"product:price:currency\" content=\"EUR\" \/>\n<meta property=\"og:availability\" content=\"instock\" \/>\n<meta property=\"product:availability\" content=\"instock\" \/>\n<meta property=\"product:retailer_item_id\" content=\"ADL09068\" \/>\n<meta property=\"product:condition\" content=\"new\" \/>\n<!-- \/ Yoast SEO Premium plugin. -->","yoast_head_json":{"title":"TruckLED LED Arbeitsscheinwerfer 15W - All Day Led - f\u00fcr 12&24V","description":"TruckLED LED Arbeitsscheinwerfer 15W - f\u00fcr 12 & 24 Volt - sto\u00dffest - 1250 Lumen - Budget Arbeitsscheinwerfer - LKW, Anh\u00e4nger, Gabelstapler und mehr","robots":{"index":"index","follow":"follow","max-snippet":"max-snippet:-1","max-image-preview":"max-image-preview:large","max-video-preview":"max-video-preview:-1"},"canonical":"https:\/\/www.alldayled.com\/de\/produkt\/truckled-led-werklamp-15w-9-32-volt\/","og_locale":"de_DE","og_type":"article","og_title":"TruckLED LED Arbeitsscheinwerfer 15W - All Day Led - f\u00fcr 12&24V","og_description":"TruckLED LED Arbeitsscheinwerfer 15W - f\u00fcr 12 & 24 Volt - sto\u00dffest - 1250 Lumen - Arbeitsscheinwerfer - LKW, Anh\u00e4nger, Gabelstapler und mehr","og_url":"https:\/\/www.alldayled.com\/de\/produkt\/truckled-led-werklamp-15w-9-32-volt\/","og_site_name":"All Day Led","article_publisher":"https:\/\/www.facebook.com\/alldayled\/","og_image":[{"width":800,"height":600,"url":"https:\/\/www.alldayled.com\/wp-content\/uploads\/2025\/10\/ADL09068.jpg","type":"image\/jpeg"}],"twitter_misc":{"Preis":"&euro;&nbsp;15,00","Verf\u00fcgbarkeit":"Auf Lager"},"schema":{"@context":"https:\/\/schema.org","@graph":[{"@type":"WebPage","@id":"https:\/\/www.alldayled.com\/de\/produkt\/truckled-led-werklamp-15w-9-32-volt\/","url":"https:\/\/www.alldayled.com\/de\/produkt\/truckled-led-werklamp-15w-9-32-volt\/","name":"TruckLED LED Arbeitsscheinwerfer 15W - All Day Led - f\u00fcr 12&24V","isPartOf":{"@id":"https:\/\/www.alldayled.com\/de\/#website"},"primaryImageOfPage":{"@id":"https:\/\/www.alldayled.com\/de\/produkt\/truckled-led-werklamp-15w-9-32-volt\/#primaryimage"},"image":{"@id":"https:\/\/www.alldayled.com\/de\/produkt\/truckled-led-werklamp-15w-9-32-volt\/#primaryimage"},"thumbnailUrl":"https:\/\/www.alldayled.com\/wp-content\/uploads\/2025\/10\/ADL09068.jpg","datePublished":"2020-03-26T04:10:46+00:00","description":"TruckLED LED Arbeitsscheinwerfer 15W - f\u00fcr 12 & 24 Volt - sto\u00dffest - 1250 Lumen - Budget Arbeitsscheinwerfer - LKW, Anh\u00e4nger, Gabelstapler und mehr","breadcrumb":{"@id":"https:\/\/www.alldayled.com\/de\/produkt\/truckled-led-werklamp-15w-9-32-volt\/#breadcrumb"},"inLanguage":"de","potentialAction":[{"@type":"ReadAction","target":["https:\/\/www.alldayled.com\/de\/produkt\/truckled-led-werklamp-15w-9-32-volt\/"]}]},{"@type":"ImageObject","inLanguage":"de","@id":"https:\/\/www.alldayled.com\/de\/produkt\/truckled-led-werklamp-15w-9-32-volt\/#primaryimage","url":"https:\/\/www.alldayled.com\/wp-content\/uploads\/2025\/10\/ADL09068.jpg","contentUrl":"https:\/\/www.alldayled.com\/wp-content\/uploads\/2025\/10\/ADL09068.jpg","width":800,"height":600},{"@type":"BreadcrumbList","@id":"https:\/\/www.alldayled.com\/de\/produkt\/truckled-led-werklamp-15w-9-32-volt\/#breadcrumb","itemListElement":[{"@type":"ListItem","position":1,"name":"Home","item":"https:\/\/www.alldayled.com\/de\/"},{"@type":"ListItem","position":2,"name":"Shop","item":"https:\/\/www.alldayled.com\/de\/shop\/"},{"@type":"ListItem","position":3,"name":"Arbeitsscheinwerfer","item":"https:\/\/www.alldayled.com\/de\/produkt-kategorie\/arbeitsscheinwerfer\/"},{"@type":"ListItem","position":4,"name":"Arbeitsscheinwerfer Quadratisch","item":"https:\/\/www.alldayled.com\/de\/produkt-kategorie\/arbeitsscheinwerfer\/werklamp-vierkant\/"},{"@type":"ListItem","position":5,"name":"TruckLED LED Arbeitsscheinwerfer 15W"}]},{"@type":"WebSite","@id":"https:\/\/www.alldayled.com\/de\/#website","url":"https:\/\/www.alldayled.com\/de\/","name":"All Day Led","description":"Verlichting voor 12&amp;24 volt gebruik","publisher":{"@id":"https:\/\/www.alldayled.com\/de\/#organization"},"potentialAction":[{"@type":"SearchAction","target":{"@type":"EntryPoint","urlTemplate":"https:\/\/www.alldayled.com\/de\/?s={search_term_string}"},"query-input":{"@type":"PropertyValueSpecification","valueRequired":true,"valueName":"search_term_string"}}],"inLanguage":"de"},{"@type":"Organization","@id":"https:\/\/www.alldayled.com\/de\/#organization","name":"All Day Led","url":"https:\/\/www.alldayled.com\/de\/","logo":{"@type":"ImageObject","inLanguage":"de","@id":"https:\/\/www.alldayled.com\/de\/#\/schema\/logo\/image\/","url":"https:\/\/www.alldayled.com\/wp-content\/uploads\/2025\/10\/Logo-ALL-DAY-LED-800x800-zwart-witte-letters.png","contentUrl":"https:\/\/www.alldayled.com\/wp-content\/uploads\/2025\/10\/Logo-ALL-DAY-LED-800x800-zwart-witte-letters.png","width":800,"height":800,"caption":"All Day Led"},"image":{"@id":"https:\/\/www.alldayled.com\/de\/#\/schema\/logo\/image\/"},"sameAs":["https:\/\/www.facebook.com\/alldayled\/","https:\/\/www.instagram.com\/alldayled\/"],"vatID":"NL863960133B01","taxID":"86416545"}]},"product_brand":"TruckLED","product_price_amount":"15.00","product_price_currency":"EUR","og_availability":"instock","product_availability":"instock","product_retailer_item_id":"ADL09068","product_condition":"new"},"_links":{"self":[{"href":"https:\/\/www.alldayled.com\/de\/wp-json\/wp\/v2\/product\/67928","targetHints":{"allow":["GET"]}}],"collection":[{"href":"https:\/\/www.alldayled.com\/de\/wp-json\/wp\/v2\/product"}],"about":[{"href":"https:\/\/www.alldayled.com\/de\/wp-json\/wp\/v2\/types\/product"}],"replies":[{"embeddable":true,"href":"https:\/\/www.alldayled.com\/de\/wp-json\/wp\/v2\/comments?post=67928"}],"wp:featuredmedia":[{"embeddable":true,"href":"https:\/\/www.alldayled.com\/de\/wp-json\/wp\/v2\/media\/38027"}],"wp:attachment":[{"href":"https:\/\/www.alldayled.com\/de\/wp-json\/wp\/v2\/media?parent=67928"}],"wp:term":[{"taxonomy":"product_brand","embeddable":true,"href":"https:\/\/www.alldayled.com\/de\/wp-json\/wp\/v2\/product_brand?post=67928"},{"taxonomy":"product_cat","embeddable":true,"href":"https:\/\/www.alldayled.com\/de\/wp-json\/wp\/v2\/product_cat?post=67928"},{"taxonomy":"product_tag","embeddable":true,"href":"https:\/\/www.alldayled.com\/de\/wp-json\/wp\/v2\/product_tag?post=67928"}],"curies":[{"name":"wp","href":"https:\/\/api.w.org\/{rel}","templated":true}]}}