{"id":67931,"date":"2023-10-18T15:24:04","date_gmt":"2023-10-18T13:24:04","guid":{"rendered":"https:\/\/www.alldayled.com\/product\/strands-dark-knight-fortex-amber\/"},"modified":"2025-12-24T11:05:48","modified_gmt":"2025-12-24T10:05:48","slug":"strands-dark-knight-fortex-amber","status":"publish","type":"product","link":"https:\/\/www.alldayled.com\/de\/produkt\/strands-dark-knight-fortex-amber\/","title":{"rendered":"Strands Dark Knight Fortex &#8211; AMBER"},"content":{"rendered":"<p><span style=\"color: #000000;\"><strong>Strands Dark Knight Fortex Lampe mit Standlicht AMBER, f\u00fcr 12 und 24 Volt.<\/strong><\/span><\/p>\n<p><span style=\"color: #000000;\">Sind Sie auf der Suche nach einem kompakten Arbeitsscheinwerfer mit zus\u00e4tzlichen Funktionen? M\u00f6chten Sie, dass die Lampe orangefarbenes Standlicht hat und die Farbe auch wei\u00df wechseln kann? Dann ist der Dark Knight Fortex LED Arbeitsscheinwerfer von Strands vielleicht die Lampe f\u00fcr Sie. Die Lampe hat 4 leistungsstarke LED Punkte und Sie k\u00f6nnen sie auf 4000, 5000 oder 6000 Kelvin einstellen. So haben Sie immer gute Sicht, auch bei Schnee, Regen oder D\u00e4mmerung. Die Lampe funktioniert mit 12 und 24 Volt, sodass Sie sie in Ihrem Auto, LKW, Wohnmobil, Traktor oder einem anderen Fahrzeug verwenden k\u00f6nnen.     <\/span><\/p>\n<p><span style=\"color: #000000;\">Um sicherzustellen, dass der Strands Dark Knight Fortex LED Arbeitsscheinwerfer zu Ihrem Fahrzeug passt, haben wir die wichtigsten Spezifikationen unten aufgelistet. Die Lampe ist mit den Pr\u00fcfzeichen ECE R10, IP68 und IP69K versehen. Dies bedeutet, dass die Lampe w\u00e4hrend des Gebrauchs keine St\u00f6rungen beispielsweise auf Funksignalen verursacht und vollst\u00e4ndig staub- und wasserdicht ist. Dar\u00fcber hinaus wird die Lampe mit einem DT-4-Anschlusskabel geliefert, sodass die Installation schnell und einfach ist. Mit diesem kompakten Arbeitsscheinwerfer sind Sie versichert von einer leistungsstarken, zuverl\u00e4ssigen und langlebigen Beleuchtung, an der Sie jahrelang Freude haben werden.    <\/span><\/p>\n<h5><span style=\"color: #000000;\"><strong>Abmessungen:<\/strong><\/span><\/h5>\n<p><span style=\"color: #000000;\">Um sicherzustellen, dass Sie den Strands Dark Knight Fortex mit orangefarbenem Standlicht dort montieren k\u00f6nnen, wo Sie m\u00f6chten, haben wir unten die Abmessungen notiert. So wissen Sie genau, ob die Lampe passt. Die Abmessungen der Strands Dark Knight Fortex LED Lampe sind wie folgt:  <\/span><\/p>\n<ul>\n<li><span style=\"color: #000000;\">H\u00f6he: 80 mm (90 mm inkl. Befestigung)<\/span><\/li>\n<li><span style=\"color: #000000;\">Breite: 85 mm<\/span><\/li>\n<li><span style=\"color: #000000;\">Dicke: 64,4 mm<\/span><\/li>\n<\/ul>\n<h5><span style=\"color: #000000;\"><strong>Andere Versionen: <\/strong><\/span><\/h5>\n<p><span style=\"color: #000000;\">M\u00f6chten Sie zwar einen Strands Fortex Arbeitsscheinwerfer, aber der Dark Knight Fortex mit AMBER Standlicht ist nicht das, was Sie suchen? Sehen Sie sich dann unten die Variante mit AMBER Standlicht an. <\/span><\/p>\n<ul>\n<li><span style=\"color: #000000;\"><a style=\"color: #000000;\" href=\"https:\/\/www.alldayled.com\/product\/strands-dark-knight-fortex-led-lamp-rood\/\" target=\"_blank\" rel=\"noopener\"><strong>Fortex Lampe ROT<\/strong><\/a><\/span><\/li>\n<\/ul>\n<p><span style=\"color: #000000;\">Sind Sie dennoch der Meinung, dass der Strands Dark Knight Fortex LED Arbeitsscheinwerfer 40W mit AMBER Standlicht nicht das ist, wonach Sie suchen? Einfach weil die Lichtleistung, Wattzahl oder Form nicht Ihren W\u00fcnschen entspricht? Dann sehen Sie sich hier das komplette Angebot von <g id=\"gid_0\">Strands<\/g> an. Siehe <a style=\"color: #000000;\" href=\"https:\/\/strandseurope.com\/uploads\/2023\/10\/809255809256-manual3i5098.pdf\" target=\"_blank\" rel=\"noopener\">hier<\/a> die Anleitung des Fortex LED Arbeitsscheinwerfers.   <\/span><\/p>\n","protected":false},"excerpt":{"rendered":"<p>Strands LED Arbeitsscheinwerfer mit AMBER Standlicht, geeignet f\u00fcr 12 und 24 Volt.<\/p>\n","protected":false},"featured_media":26181,"comment_status":"open","ping_status":"closed","template":"","meta":{"_acf_changed":false},"product_brand":[5114],"product_cat":[5334,5363],"product_tag":[9350,9057,9351,9066,9064,9065],"class_list":{"0":"post-67931","1":"product","2":"type-product","3":"status-publish","4":"has-post-thumbnail","6":"product_brand-product-strands-lighting-division","7":"product_cat-werklamp-vierkant","8":"product_cat-strands-dark-knight","9":"product_tag-dark-knight-beleuchtung","10":"product_tag-led-arbeitsleuchte","11":"product_tag-strands-dark-knight","12":"product_tag-strands-led-arbeitsleuchte","13":"product_tag-strands-led-beleuchtung","14":"product_tag-strands-lighting-division","16":"first","17":"instock","18":"taxable","19":"shipping-taxable","20":"purchasable","21":"product-type-simple"},"acf":[],"yoast_head":"<!-- This site is optimized with the Yoast SEO Premium plugin v26.5 (Yoast SEO v27.1.1) - https:\/\/yoast.com\/product\/yoast-seo-premium-wordpress\/ -->\n<title>Strands Dark Knight Fortex AMBER - Arbeitsscheinwerfer - All Day Led - f\u00fcr 12&amp;24 Volt<\/title>\n<meta name=\"description\" content=\"Strands Dark Knight Fortex AMBER - LED Lampe 40W mit Standlicht - STRANDS - 3 Farben Arbeitsscheinwerfer - mit dunklem Glas - 3900 Lumen - ECE R10 - einzigartiges Design\" \/>\n<meta name=\"robots\" content=\"index, follow, max-snippet:-1, max-image-preview:large, max-video-preview:-1\" \/>\n<link rel=\"canonical\" href=\"https:\/\/www.alldayled.com\/de\/produkt\/strands-dark-knight-fortex-amber\/\" \/>\n<meta property=\"og:locale\" content=\"de_DE\" \/>\n<meta property=\"og:type\" content=\"article\" \/>\n<meta property=\"og:title\" content=\"Strands Dark Knight Fortex AMBER - Arbeitsscheinwerfer - All Day Led - f\u00fcr 12&amp;24 Volt\" \/>\n<meta property=\"og:description\" content=\"Strands Dark Knight Fortex AMBER - LED Lampe 40W mit Standlicht - STRANDS - 3 Farben Arbeitsscheinwerfer - mit dunklem Glas - 3900 Lumen - ECE R10 - einzigartiges Design\" \/>\n<meta property=\"og:url\" content=\"https:\/\/www.alldayled.com\/de\/produkt\/strands-dark-knight-fortex-amber\/\" \/>\n<meta property=\"og:site_name\" content=\"All Day Led\" \/>\n<meta property=\"article:publisher\" content=\"https:\/\/www.facebook.com\/alldayled\/\" \/>\n<meta property=\"article:modified_time\" content=\"2025-12-24T10:05:48+00:00\" \/>\n<meta property=\"og:image\" content=\"https:\/\/www.alldayled.com\/wp-content\/uploads\/2024\/03\/ADL809256-300x300.png\" \/>\n<meta name=\"twitter:label1\" content=\"Preis\" \/>\n\t<meta name=\"twitter:data1\" content=\"&euro;&nbsp;99,00\" \/>\n\t<meta name=\"twitter:label2\" content=\"Verf\u00fcgbarkeit\" \/>\n\t<meta name=\"twitter:data2\" content=\"Auf Lager\" \/>\n<script type=\"application\/ld+json\" class=\"yoast-schema-graph\">{\"@context\":\"https:\/\/schema.org\",\"@graph\":[{\"@type\":\"WebPage\",\"@id\":\"https:\/\/www.alldayled.com\/de\/produkt\/strands-dark-knight-fortex-amber\/\",\"url\":\"https:\/\/www.alldayled.com\/de\/produkt\/strands-dark-knight-fortex-amber\/\",\"name\":\"Strands Dark Knight Fortex AMBER - Arbeitsscheinwerfer - All Day Led - f\u00fcr 12&24 Volt\",\"isPartOf\":{\"@id\":\"https:\/\/www.alldayled.com\/de\/#website\"},\"primaryImageOfPage\":{\"@id\":\"https:\/\/www.alldayled.com\/de\/produkt\/strands-dark-knight-fortex-amber\/#primaryimage\"},\"image\":{\"@id\":\"https:\/\/www.alldayled.com\/de\/produkt\/strands-dark-knight-fortex-amber\/#primaryimage\"},\"thumbnailUrl\":\"https:\/\/www.alldayled.com\/wp-content\/uploads\/2023\/10\/ADL89256.png\",\"datePublished\":\"2023-10-18T13:24:04+00:00\",\"dateModified\":\"2025-12-24T10:05:48+00:00\",\"description\":\"Strands Dark Knight Fortex AMBER - LED Lampe 40W mit Standlicht - STRANDS - 3 Farben Arbeitsscheinwerfer - mit dunklem Glas - 3900 Lumen - ECE R10 - einzigartiges Design\",\"breadcrumb\":{\"@id\":\"https:\/\/www.alldayled.com\/de\/produkt\/strands-dark-knight-fortex-amber\/#breadcrumb\"},\"inLanguage\":\"de\",\"potentialAction\":[{\"@type\":\"ReadAction\",\"target\":[\"https:\/\/www.alldayled.com\/de\/produkt\/strands-dark-knight-fortex-amber\/\"]}]},{\"@type\":\"ImageObject\",\"inLanguage\":\"de\",\"@id\":\"https:\/\/www.alldayled.com\/de\/produkt\/strands-dark-knight-fortex-amber\/#primaryimage\",\"url\":\"https:\/\/www.alldayled.com\/wp-content\/uploads\/2023\/10\/ADL89256.png\",\"contentUrl\":\"https:\/\/www.alldayled.com\/wp-content\/uploads\/2023\/10\/ADL89256.png\",\"width\":800,\"height\":600,\"caption\":\"Strands Dark Knight Fortex LED Arbeitsscheinwerfer mit 3 Farben WEISS - Arbeitsscheinwerfer mit AMBER Standlicht, der f\u00fcr 12 und 24 Volt geeignet ist - EAN: 7323030001131\"},{\"@type\":\"BreadcrumbList\",\"@id\":\"https:\/\/www.alldayled.com\/de\/produkt\/strands-dark-knight-fortex-amber\/#breadcrumb\",\"itemListElement\":[{\"@type\":\"ListItem\",\"position\":1,\"name\":\"Home\",\"item\":\"https:\/\/www.alldayled.com\/de\/\"},{\"@type\":\"ListItem\",\"position\":2,\"name\":\"Shop\",\"item\":\"https:\/\/www.alldayled.com\/de\/shop\/\"},{\"@type\":\"ListItem\",\"position\":3,\"name\":\"Arbeitsscheinwerfer\",\"item\":\"https:\/\/www.alldayled.com\/de\/produkt-kategorie\/arbeitsscheinwerfer\/\"},{\"@type\":\"ListItem\",\"position\":4,\"name\":\"Arbeitsscheinwerfer Quadratisch\",\"item\":\"https:\/\/www.alldayled.com\/de\/produkt-kategorie\/arbeitsscheinwerfer\/werklamp-vierkant\/\"},{\"@type\":\"ListItem\",\"position\":5,\"name\":\"Strands Dark Knight Fortex &#8211; AMBER\"}]},{\"@type\":\"WebSite\",\"@id\":\"https:\/\/www.alldayled.com\/de\/#website\",\"url\":\"https:\/\/www.alldayled.com\/de\/\",\"name\":\"All Day Led\",\"description\":\"Verlichting voor 12&amp;24 volt gebruik\",\"publisher\":{\"@id\":\"https:\/\/www.alldayled.com\/de\/#organization\"},\"potentialAction\":[{\"@type\":\"SearchAction\",\"target\":{\"@type\":\"EntryPoint\",\"urlTemplate\":\"https:\/\/www.alldayled.com\/de\/?s={search_term_string}\"},\"query-input\":{\"@type\":\"PropertyValueSpecification\",\"valueRequired\":true,\"valueName\":\"search_term_string\"}}],\"inLanguage\":\"de\"},{\"@type\":\"Organization\",\"@id\":\"https:\/\/www.alldayled.com\/de\/#organization\",\"name\":\"All Day Led\",\"url\":\"https:\/\/www.alldayled.com\/de\/\",\"logo\":{\"@type\":\"ImageObject\",\"inLanguage\":\"de\",\"@id\":\"https:\/\/www.alldayled.com\/de\/#\/schema\/logo\/image\/\",\"url\":\"https:\/\/www.alldayled.com\/wp-content\/uploads\/2025\/10\/Logo-ALL-DAY-LED-800x800-zwart-witte-letters.png\",\"contentUrl\":\"https:\/\/www.alldayled.com\/wp-content\/uploads\/2025\/10\/Logo-ALL-DAY-LED-800x800-zwart-witte-letters.png\",\"width\":800,\"height\":800,\"caption\":\"All Day Led\"},\"image\":{\"@id\":\"https:\/\/www.alldayled.com\/de\/#\/schema\/logo\/image\/\"},\"sameAs\":[\"https:\/\/www.facebook.com\/alldayled\/\",\"https:\/\/www.instagram.com\/alldayled\/\"],\"vatID\":\"NL863960133B01\",\"taxID\":\"86416545\"}]}<\/script>\n<meta property=\"product:brand\" content=\"Strands\" \/>\n<meta property=\"product:price:amount\" content=\"99.00\" \/>\n<meta property=\"product:price:currency\" content=\"EUR\" \/>\n<meta property=\"og:availability\" content=\"instock\" \/>\n<meta property=\"product:availability\" content=\"instock\" \/>\n<meta property=\"product:retailer_item_id\" content=\"ADL809256\" \/>\n<meta property=\"product:condition\" content=\"new\" \/>\n<!-- \/ Yoast SEO Premium plugin. -->","yoast_head_json":{"title":"Strands Dark Knight Fortex AMBER - Arbeitsscheinwerfer - All Day Led - f\u00fcr 12&24 Volt","description":"Strands Dark Knight Fortex AMBER - LED Lampe 40W mit Standlicht - STRANDS - 3 Farben Arbeitsscheinwerfer - mit dunklem Glas - 3900 Lumen - ECE R10 - einzigartiges Design","robots":{"index":"index","follow":"follow","max-snippet":"max-snippet:-1","max-image-preview":"max-image-preview:large","max-video-preview":"max-video-preview:-1"},"canonical":"https:\/\/www.alldayled.com\/de\/produkt\/strands-dark-knight-fortex-amber\/","og_locale":"de_DE","og_type":"article","og_title":"Strands Dark Knight Fortex AMBER - Arbeitsscheinwerfer - All Day Led - f\u00fcr 12&24 Volt","og_description":"Strands Dark Knight Fortex AMBER - LED Lampe 40W mit Standlicht - STRANDS - 3 Farben Arbeitsscheinwerfer - mit dunklem Glas - 3900 Lumen - ECE R10 - einzigartiges Design","og_url":"https:\/\/www.alldayled.com\/de\/produkt\/strands-dark-knight-fortex-amber\/","og_site_name":"All Day Led","article_publisher":"https:\/\/www.facebook.com\/alldayled\/","article_modified_time":"2025-12-24T10:05:48+00:00","og_image":[{"url":"https:\/\/www.alldayled.com\/wp-content\/uploads\/2024\/03\/ADL809256-300x300.png","type":"","width":"","height":""}],"twitter_misc":{"Preis":"&euro;&nbsp;99,00","Verf\u00fcgbarkeit":"Auf Lager"},"schema":{"@context":"https:\/\/schema.org","@graph":[{"@type":"WebPage","@id":"https:\/\/www.alldayled.com\/de\/produkt\/strands-dark-knight-fortex-amber\/","url":"https:\/\/www.alldayled.com\/de\/produkt\/strands-dark-knight-fortex-amber\/","name":"Strands Dark Knight Fortex AMBER - Arbeitsscheinwerfer - All Day Led - f\u00fcr 12&24 Volt","isPartOf":{"@id":"https:\/\/www.alldayled.com\/de\/#website"},"primaryImageOfPage":{"@id":"https:\/\/www.alldayled.com\/de\/produkt\/strands-dark-knight-fortex-amber\/#primaryimage"},"image":{"@id":"https:\/\/www.alldayled.com\/de\/produkt\/strands-dark-knight-fortex-amber\/#primaryimage"},"thumbnailUrl":"https:\/\/www.alldayled.com\/wp-content\/uploads\/2023\/10\/ADL89256.png","datePublished":"2023-10-18T13:24:04+00:00","dateModified":"2025-12-24T10:05:48+00:00","description":"Strands Dark Knight Fortex AMBER - LED Lampe 40W mit Standlicht - STRANDS - 3 Farben Arbeitsscheinwerfer - mit dunklem Glas - 3900 Lumen - ECE R10 - einzigartiges Design","breadcrumb":{"@id":"https:\/\/www.alldayled.com\/de\/produkt\/strands-dark-knight-fortex-amber\/#breadcrumb"},"inLanguage":"de","potentialAction":[{"@type":"ReadAction","target":["https:\/\/www.alldayled.com\/de\/produkt\/strands-dark-knight-fortex-amber\/"]}]},{"@type":"ImageObject","inLanguage":"de","@id":"https:\/\/www.alldayled.com\/de\/produkt\/strands-dark-knight-fortex-amber\/#primaryimage","url":"https:\/\/www.alldayled.com\/wp-content\/uploads\/2023\/10\/ADL89256.png","contentUrl":"https:\/\/www.alldayled.com\/wp-content\/uploads\/2023\/10\/ADL89256.png","width":800,"height":600,"caption":"Strands Dark Knight Fortex LED Arbeitsscheinwerfer mit 3 Farben WEISS - Arbeitsscheinwerfer mit AMBER Standlicht, der f\u00fcr 12 und 24 Volt geeignet ist - EAN: 7323030001131"},{"@type":"BreadcrumbList","@id":"https:\/\/www.alldayled.com\/de\/produkt\/strands-dark-knight-fortex-amber\/#breadcrumb","itemListElement":[{"@type":"ListItem","position":1,"name":"Home","item":"https:\/\/www.alldayled.com\/de\/"},{"@type":"ListItem","position":2,"name":"Shop","item":"https:\/\/www.alldayled.com\/de\/shop\/"},{"@type":"ListItem","position":3,"name":"Arbeitsscheinwerfer","item":"https:\/\/www.alldayled.com\/de\/produkt-kategorie\/arbeitsscheinwerfer\/"},{"@type":"ListItem","position":4,"name":"Arbeitsscheinwerfer Quadratisch","item":"https:\/\/www.alldayled.com\/de\/produkt-kategorie\/arbeitsscheinwerfer\/werklamp-vierkant\/"},{"@type":"ListItem","position":5,"name":"Strands Dark Knight Fortex &#8211; AMBER"}]},{"@type":"WebSite","@id":"https:\/\/www.alldayled.com\/de\/#website","url":"https:\/\/www.alldayled.com\/de\/","name":"All Day Led","description":"Verlichting voor 12&amp;24 volt gebruik","publisher":{"@id":"https:\/\/www.alldayled.com\/de\/#organization"},"potentialAction":[{"@type":"SearchAction","target":{"@type":"EntryPoint","urlTemplate":"https:\/\/www.alldayled.com\/de\/?s={search_term_string}"},"query-input":{"@type":"PropertyValueSpecification","valueRequired":true,"valueName":"search_term_string"}}],"inLanguage":"de"},{"@type":"Organization","@id":"https:\/\/www.alldayled.com\/de\/#organization","name":"All Day Led","url":"https:\/\/www.alldayled.com\/de\/","logo":{"@type":"ImageObject","inLanguage":"de","@id":"https:\/\/www.alldayled.com\/de\/#\/schema\/logo\/image\/","url":"https:\/\/www.alldayled.com\/wp-content\/uploads\/2025\/10\/Logo-ALL-DAY-LED-800x800-zwart-witte-letters.png","contentUrl":"https:\/\/www.alldayled.com\/wp-content\/uploads\/2025\/10\/Logo-ALL-DAY-LED-800x800-zwart-witte-letters.png","width":800,"height":800,"caption":"All Day Led"},"image":{"@id":"https:\/\/www.alldayled.com\/de\/#\/schema\/logo\/image\/"},"sameAs":["https:\/\/www.facebook.com\/alldayled\/","https:\/\/www.instagram.com\/alldayled\/"],"vatID":"NL863960133B01","taxID":"86416545"}]},"product_brand":"Strands","product_price_amount":"99.00","product_price_currency":"EUR","og_availability":"instock","product_availability":"instock","product_retailer_item_id":"ADL809256","product_condition":"new"},"_links":{"self":[{"href":"https:\/\/www.alldayled.com\/de\/wp-json\/wp\/v2\/product\/67931","targetHints":{"allow":["GET"]}}],"collection":[{"href":"https:\/\/www.alldayled.com\/de\/wp-json\/wp\/v2\/product"}],"about":[{"href":"https:\/\/www.alldayled.com\/de\/wp-json\/wp\/v2\/types\/product"}],"replies":[{"embeddable":true,"href":"https:\/\/www.alldayled.com\/de\/wp-json\/wp\/v2\/comments?post=67931"}],"wp:featuredmedia":[{"embeddable":true,"href":"https:\/\/www.alldayled.com\/de\/wp-json\/wp\/v2\/media\/26181"}],"wp:attachment":[{"href":"https:\/\/www.alldayled.com\/de\/wp-json\/wp\/v2\/media?parent=67931"}],"wp:term":[{"taxonomy":"product_brand","embeddable":true,"href":"https:\/\/www.alldayled.com\/de\/wp-json\/wp\/v2\/product_brand?post=67931"},{"taxonomy":"product_cat","embeddable":true,"href":"https:\/\/www.alldayled.com\/de\/wp-json\/wp\/v2\/product_cat?post=67931"},{"taxonomy":"product_tag","embeddable":true,"href":"https:\/\/www.alldayled.com\/de\/wp-json\/wp\/v2\/product_tag?post=67931"}],"curies":[{"name":"wp","href":"https:\/\/api.w.org\/{rel}","templated":true}]}}