{"id":67933,"date":"2020-03-26T05:00:46","date_gmt":"2020-03-26T04:00:46","guid":{"rendered":"https:\/\/www.alldayled.com\/product\/truckled-led-werklamp-18w-12-24-volt\/"},"modified":"2026-04-13T06:34:58","modified_gmt":"2026-04-13T04:34:58","slug":"truckled-led-werklamp-18w-12-24-volt","status":"publish","type":"product","link":"https:\/\/www.alldayled.com\/de\/produkt\/truckled-led-werklamp-18w-12-24-volt\/","title":{"rendered":"TruckLED LED Arbeitsscheinwerfer 18W"},"content":{"rendered":"<p><span style=\"color: #000000;\"><strong>TruckLED LED Arbeitsscheinwerfer 18W, geeignet f\u00fcr 12 &amp; 24 volt Betrieb. <\/strong><\/span><\/p>\n<p><span style=\"color: #000000;\">Sind Sie auf der Suche nach einem guten, erschwinglichen LED Arbeitsscheinwerfer, den Sie \u00fcberall montieren k\u00f6nnen? Dann ist dieser LED Arbeitsscheinwerfer von TruckLED vielleicht genau die Lampe, die Sie suchen. Die Lampe hat 6 leistungsstarke LEDs und eine Lichtleistung von 1650 Lumen. Dadurch haben Sie mit einem geringen Stromverbrauch trotzdem viel Licht. So stehen Sie nie mehr im Dunkeln. Der TruckLED 18W LED Arbeitsscheinwerfer funktioniert mit 12 und 24 Volt. Sie k\u00f6nnen ihn also an Ihrem Auto, LKW, Anh\u00e4nger, Traktor oder einem anderen Fahrzeug oder Ger\u00e4t verwenden.      <\/span><\/p>\n<p><span style=\"color: #000000;\">Um sicherzustellen, dass die Lampe f\u00fcr Ihr Fahrzeug oder Ihren Anh\u00e4nger geeignet ist, haben wir im Folgenden einige wichtige Spezifikationen aufgelistet. Der 18W LED Arbeitsscheinwerfer von TruckLED ist zuverl\u00e4ssig und mit verschiedenen G\u00fctezeichen versehen. So hat die Lampe das ECE R10 G\u00fctezeichen, was bedeutet, dass sie keine St\u00f6rungen beispielsweise Ihres Funksignals verursacht. Au\u00dferdem ist sie IP67 wasserdicht, wodurch die Lampe vollst\u00e4ndig staub- und wasserdicht ist. Die Lampe wird mit RVS-Befestigungsmaterial geliefert, sodass Sie sie einfach montieren k\u00f6nnen. Kurzum, dieser LED Arbeitsscheinwerfer ist f\u00fcr alle m\u00f6glichen Anwendungen geeignet und bietet Ihnen immer die Lichtleistung, die Sie ben\u00f6tigen.     <\/span><\/p>\n<h5><span style=\"color: #000000;\"><strong>Abmessungen:<\/strong><\/span><\/h5>\n<p><span style=\"color: #000000;\">Um sicherzustellen, dass Sie den LED Arbeitsscheinwerfer dort montieren k\u00f6nnen, wo Sie m\u00f6chten, haben wir im Folgenden die Abmessungen f\u00fcr Sie aufgelistet.<\/span><\/p>\n<ul>\n<li><span style=\"color: #000000;\">H\u00f6he: 42 mm (46,5 mm inkl. Befestigung)<\/span><\/li>\n<li><span style=\"color: #000000;\">Breite: 158 mm<\/span><\/li>\n<li><span style=\"color: #000000;\">Tiefe: 50 mm<\/span><\/li>\n<\/ul>\n<h5><span style=\"color: #000000;\"><strong>Andere Versionen: <\/strong><\/span><\/h5>\n<p><span style=\"color: #000000;\">M\u00f6chten Sie einen LED Arbeitsscheinwerfer der Marke <a style=\"color: #000000;\" href=\"https:\/\/www.alldayled.com\/de\/marke\/product-truckled\/\">TruckLED<\/a>? Aber ist der 18W TruckLED Arbeitsscheinwerfer nicht das Modell, das Sie suchen? Dann wissen Sie, dass der kleine LED Arbeitsscheinwerfer von TruckLED auch in verschiedenen anderen Ausf\u00fchrungen erh\u00e4ltlich ist. Sehen Sie sich hier die verschiedenen M\u00f6glichkeiten an, die TruckLED bietet:   <\/span><\/p>\n<ul>\n<li><span style=\"color: #000000;\"><strong><a style=\"color: #000000;\" href=\"https:\/\/www.alldayled.com\/de\/produkt\/truckled-led-werklamp-15w-9-32-volt\/\">15W LED Arbeitsscheinwerfer &#8211; quadratisch <\/a><\/strong><strong><br \/>\n<\/strong><\/span><\/li>\n<\/ul>\n<p><span style=\"color: #000000;\"><span style=\"font-size: 16px;\">Sind Sie immer noch der Meinung, dass der LED Arbeitsscheinwerfer 18W nicht das ist, was Sie suchen? Einfach, weil die Lichtleistung oder Wattzahl nicht hoch genug oder sogar zu hoch ist? Dann werfen Sie auch einen Blick auf unsere Seite <\/span><a style=\"font-size: 16px; background-color: #ffffff; color: #000000;\" href=\"https:\/\/www.alldayled.com\/de\/produkt-kategorie\/arbeitsscheinwerfer\/\">Arbeitsscheinwerfer<\/a><span style=\"font-size: 16px;\">. Vielleicht finden Sie hier das Modell Arbeitsscheinwerfer, das Sie suchen.<\/span> <\/span><\/p>\n","protected":false},"excerpt":{"rendered":"<p>Kompakter Arbeitsscheinwerfer von Truckled 18W mit einer Lichtleistung von 1650 Lumen, f\u00fcr 12\/24 Volt.<\/p>\n","protected":false},"featured_media":61966,"comment_status":"open","ping_status":"closed","template":"","meta":{"_acf_changed":false},"product_brand":[6605],"product_cat":[5340],"product_tag":[9060,9062,9059,9058,9063,9057,9061,9558],"class_list":{"0":"post-67933","1":"product","2":"type-product","3":"status-publish","4":"has-post-thumbnail","6":"product_brand-product-truckled","7":"product_cat-werklamp-overig","8":"product_tag-arbeitsleuchte-kafiganhanger","9":"product_tag-arbeitsscheinwerfer-anhanger","10":"product_tag-arbeitsscheinwerfer-gabelstapler","12":"product_tag-arbeitstransporter","13":"product_tag-led-arbeitsleuchte","14":"product_tag-traktor-arbeitsleuchte","15":"product_tag-truckled-led-arbeitsscheinwerfer","17":"first","18":"instock","19":"taxable","20":"shipping-taxable","21":"purchasable","22":"product-type-simple"},"acf":[],"yoast_head":"<!-- This site is optimized with the Yoast SEO Premium plugin v26.5 (Yoast SEO v27.1.1) - https:\/\/yoast.com\/product\/yoast-seo-premium-wordpress\/ -->\n<title>TruckLED LED Arbeitsscheinwerfer 18W - All Day Led - f\u00fcr 12&amp;24V<\/title>\n<meta name=\"description\" content=\"LED Arbeitsscheinwerfer 18W - 12 &amp; 24 Volt - Funkentst\u00f6rt ECE R10 - 1650 Lumen - LED Arbeitsscheinwerfer f\u00fcr Anh\u00e4nger, LKW, Traktor und mehr\" \/>\n<meta name=\"robots\" content=\"index, follow, max-snippet:-1, max-image-preview:large, max-video-preview:-1\" \/>\n<link rel=\"canonical\" href=\"https:\/\/www.alldayled.com\/de\/produkt\/truckled-led-werklamp-18w-12-24-volt\/\" \/>\n<meta property=\"og:locale\" content=\"de_DE\" \/>\n<meta property=\"og:type\" content=\"article\" \/>\n<meta property=\"og:title\" content=\"TruckLED LED Arbeitsscheinwerfer 18W - All Day Led - f\u00fcr 12&amp;24V\" \/>\n<meta property=\"og:description\" content=\"LED Arbeitsscheinwerfer 18W - 12 &amp; 24 Volt - Funkentst\u00f6rt ECE R10 - 1650 Lumen - LED Arbeitsscheinwerfer f\u00fcr Anh\u00e4nger, LKW, Traktor und mehr\" \/>\n<meta property=\"og:url\" content=\"https:\/\/www.alldayled.com\/de\/produkt\/truckled-led-werklamp-18w-12-24-volt\/\" \/>\n<meta property=\"og:site_name\" content=\"All Day Led\" \/>\n<meta property=\"article:publisher\" content=\"https:\/\/www.facebook.com\/alldayled\/\" \/>\n<meta property=\"article:modified_time\" content=\"2026-04-13T04:34:58+00:00\" \/>\n<meta property=\"og:image\" content=\"https:\/\/www.alldayled.com\/wp-content\/uploads\/2020\/03\/ADL09097..png\" \/>\n\t<meta property=\"og:image:width\" content=\"800\" \/>\n\t<meta property=\"og:image:height\" content=\"600\" \/>\n\t<meta property=\"og:image:type\" content=\"image\/png\" \/>\n<meta name=\"twitter:label1\" content=\"Preis\" \/>\n\t<meta name=\"twitter:data1\" content=\"&euro;&nbsp;17,50\" \/>\n\t<meta name=\"twitter:label2\" content=\"Verf\u00fcgbarkeit\" \/>\n\t<meta name=\"twitter:data2\" content=\"Auf Lager\" \/>\n<script type=\"application\/ld+json\" class=\"yoast-schema-graph\">{\"@context\":\"https:\/\/schema.org\",\"@graph\":[{\"@type\":\"WebPage\",\"@id\":\"https:\/\/www.alldayled.com\/de\/produkt\/truckled-led-werklamp-18w-12-24-volt\/\",\"url\":\"https:\/\/www.alldayled.com\/de\/produkt\/truckled-led-werklamp-18w-12-24-volt\/\",\"name\":\"TruckLED LED Arbeitsscheinwerfer 18W - All Day Led - f\u00fcr 12&24V\",\"isPartOf\":{\"@id\":\"https:\/\/www.alldayled.com\/de\/#website\"},\"primaryImageOfPage\":{\"@id\":\"https:\/\/www.alldayled.com\/de\/produkt\/truckled-led-werklamp-18w-12-24-volt\/#primaryimage\"},\"image\":{\"@id\":\"https:\/\/www.alldayled.com\/de\/produkt\/truckled-led-werklamp-18w-12-24-volt\/#primaryimage\"},\"thumbnailUrl\":\"https:\/\/www.alldayled.com\/wp-content\/uploads\/2020\/03\/ADL09097..png\",\"datePublished\":\"2020-03-26T04:00:46+00:00\",\"dateModified\":\"2026-04-13T04:34:58+00:00\",\"description\":\"LED Arbeitsscheinwerfer 18W - 12 & 24 Volt - Funkentst\u00f6rt ECE R10 - 1650 Lumen - LED Arbeitsscheinwerfer f\u00fcr Anh\u00e4nger, LKW, Traktor und mehr\",\"breadcrumb\":{\"@id\":\"https:\/\/www.alldayled.com\/de\/produkt\/truckled-led-werklamp-18w-12-24-volt\/#breadcrumb\"},\"inLanguage\":\"de\",\"potentialAction\":[{\"@type\":\"ReadAction\",\"target\":[\"https:\/\/www.alldayled.com\/de\/produkt\/truckled-led-werklamp-18w-12-24-volt\/\"]}]},{\"@type\":\"ImageObject\",\"inLanguage\":\"de\",\"@id\":\"https:\/\/www.alldayled.com\/de\/produkt\/truckled-led-werklamp-18w-12-24-volt\/#primaryimage\",\"url\":\"https:\/\/www.alldayled.com\/wp-content\/uploads\/2020\/03\/ADL09097..png\",\"contentUrl\":\"https:\/\/www.alldayled.com\/wp-content\/uploads\/2020\/03\/ADL09097..png\",\"width\":800,\"height\":600,\"caption\":\"TruckLED LED Arbeitsscheinwerfer flach 18W - geeignet f\u00fcr 12&amp;24 volt - mit Anschlusskabel - f\u00fcr Auto, LKW, Anh\u00e4nger, Wohnmobil, Traktor und mehr - EAN: 2000010070251\"},{\"@type\":\"BreadcrumbList\",\"@id\":\"https:\/\/www.alldayled.com\/de\/produkt\/truckled-led-werklamp-18w-12-24-volt\/#breadcrumb\",\"itemListElement\":[{\"@type\":\"ListItem\",\"position\":1,\"name\":\"Home\",\"item\":\"https:\/\/www.alldayled.com\/de\/\"},{\"@type\":\"ListItem\",\"position\":2,\"name\":\"Shop\",\"item\":\"https:\/\/www.alldayled.com\/de\/shop\/\"},{\"@type\":\"ListItem\",\"position\":3,\"name\":\"Arbeitsscheinwerfer\",\"item\":\"https:\/\/www.alldayled.com\/de\/produkt-kategorie\/arbeitsscheinwerfer\/\"},{\"@type\":\"ListItem\",\"position\":4,\"name\":\"Arbeitsscheinwerfer sonstig\",\"item\":\"https:\/\/www.alldayled.com\/de\/produkt-kategorie\/arbeitsscheinwerfer\/werklamp-overig\/\"},{\"@type\":\"ListItem\",\"position\":5,\"name\":\"TruckLED LED Arbeitsscheinwerfer 18W\"}]},{\"@type\":\"WebSite\",\"@id\":\"https:\/\/www.alldayled.com\/de\/#website\",\"url\":\"https:\/\/www.alldayled.com\/de\/\",\"name\":\"All Day Led\",\"description\":\"Verlichting voor 12&amp;24 volt gebruik\",\"publisher\":{\"@id\":\"https:\/\/www.alldayled.com\/de\/#organization\"},\"potentialAction\":[{\"@type\":\"SearchAction\",\"target\":{\"@type\":\"EntryPoint\",\"urlTemplate\":\"https:\/\/www.alldayled.com\/de\/?s={search_term_string}\"},\"query-input\":{\"@type\":\"PropertyValueSpecification\",\"valueRequired\":true,\"valueName\":\"search_term_string\"}}],\"inLanguage\":\"de\"},{\"@type\":\"Organization\",\"@id\":\"https:\/\/www.alldayled.com\/de\/#organization\",\"name\":\"All Day Led\",\"url\":\"https:\/\/www.alldayled.com\/de\/\",\"logo\":{\"@type\":\"ImageObject\",\"inLanguage\":\"de\",\"@id\":\"https:\/\/www.alldayled.com\/de\/#\/schema\/logo\/image\/\",\"url\":\"https:\/\/www.alldayled.com\/wp-content\/uploads\/2025\/10\/Logo-ALL-DAY-LED-800x800-zwart-witte-letters.png\",\"contentUrl\":\"https:\/\/www.alldayled.com\/wp-content\/uploads\/2025\/10\/Logo-ALL-DAY-LED-800x800-zwart-witte-letters.png\",\"width\":800,\"height\":800,\"caption\":\"All Day Led\"},\"image\":{\"@id\":\"https:\/\/www.alldayled.com\/de\/#\/schema\/logo\/image\/\"},\"sameAs\":[\"https:\/\/www.facebook.com\/alldayled\/\",\"https:\/\/www.instagram.com\/alldayled\/\"],\"vatID\":\"NL863960133B01\",\"taxID\":\"86416545\"}]}<\/script>\n<meta property=\"product:brand\" content=\"TruckLED\" \/>\n<meta property=\"product:price:amount\" content=\"17.50\" \/>\n<meta property=\"product:price:currency\" content=\"EUR\" \/>\n<meta property=\"og:availability\" content=\"instock\" \/>\n<meta property=\"product:availability\" content=\"instock\" \/>\n<meta property=\"product:retailer_item_id\" content=\"ADL09097\" \/>\n<meta property=\"product:condition\" content=\"new\" \/>\n<!-- \/ Yoast SEO Premium plugin. -->","yoast_head_json":{"title":"TruckLED LED Arbeitsscheinwerfer 18W - All Day Led - f\u00fcr 12&24V","description":"LED Arbeitsscheinwerfer 18W - 12 & 24 Volt - Funkentst\u00f6rt ECE R10 - 1650 Lumen - LED Arbeitsscheinwerfer f\u00fcr Anh\u00e4nger, LKW, Traktor und mehr","robots":{"index":"index","follow":"follow","max-snippet":"max-snippet:-1","max-image-preview":"max-image-preview:large","max-video-preview":"max-video-preview:-1"},"canonical":"https:\/\/www.alldayled.com\/de\/produkt\/truckled-led-werklamp-18w-12-24-volt\/","og_locale":"de_DE","og_type":"article","og_title":"TruckLED LED Arbeitsscheinwerfer 18W - All Day Led - f\u00fcr 12&24V","og_description":"LED Arbeitsscheinwerfer 18W - 12 & 24 Volt - Funkentst\u00f6rt ECE R10 - 1650 Lumen - LED Arbeitsscheinwerfer f\u00fcr Anh\u00e4nger, LKW, Traktor und mehr","og_url":"https:\/\/www.alldayled.com\/de\/produkt\/truckled-led-werklamp-18w-12-24-volt\/","og_site_name":"All Day Led","article_publisher":"https:\/\/www.facebook.com\/alldayled\/","article_modified_time":"2026-04-13T04:34:58+00:00","og_image":[{"width":800,"height":600,"url":"https:\/\/www.alldayled.com\/wp-content\/uploads\/2020\/03\/ADL09097..png","type":"image\/png"}],"twitter_misc":{"Preis":"&euro;&nbsp;17,50","Verf\u00fcgbarkeit":"Auf Lager"},"schema":{"@context":"https:\/\/schema.org","@graph":[{"@type":"WebPage","@id":"https:\/\/www.alldayled.com\/de\/produkt\/truckled-led-werklamp-18w-12-24-volt\/","url":"https:\/\/www.alldayled.com\/de\/produkt\/truckled-led-werklamp-18w-12-24-volt\/","name":"TruckLED LED Arbeitsscheinwerfer 18W - All Day Led - f\u00fcr 12&24V","isPartOf":{"@id":"https:\/\/www.alldayled.com\/de\/#website"},"primaryImageOfPage":{"@id":"https:\/\/www.alldayled.com\/de\/produkt\/truckled-led-werklamp-18w-12-24-volt\/#primaryimage"},"image":{"@id":"https:\/\/www.alldayled.com\/de\/produkt\/truckled-led-werklamp-18w-12-24-volt\/#primaryimage"},"thumbnailUrl":"https:\/\/www.alldayled.com\/wp-content\/uploads\/2020\/03\/ADL09097..png","datePublished":"2020-03-26T04:00:46+00:00","dateModified":"2026-04-13T04:34:58+00:00","description":"LED Arbeitsscheinwerfer 18W - 12 & 24 Volt - Funkentst\u00f6rt ECE R10 - 1650 Lumen - LED Arbeitsscheinwerfer f\u00fcr Anh\u00e4nger, LKW, Traktor und mehr","breadcrumb":{"@id":"https:\/\/www.alldayled.com\/de\/produkt\/truckled-led-werklamp-18w-12-24-volt\/#breadcrumb"},"inLanguage":"de","potentialAction":[{"@type":"ReadAction","target":["https:\/\/www.alldayled.com\/de\/produkt\/truckled-led-werklamp-18w-12-24-volt\/"]}]},{"@type":"ImageObject","inLanguage":"de","@id":"https:\/\/www.alldayled.com\/de\/produkt\/truckled-led-werklamp-18w-12-24-volt\/#primaryimage","url":"https:\/\/www.alldayled.com\/wp-content\/uploads\/2020\/03\/ADL09097..png","contentUrl":"https:\/\/www.alldayled.com\/wp-content\/uploads\/2020\/03\/ADL09097..png","width":800,"height":600,"caption":"TruckLED LED Arbeitsscheinwerfer flach 18W - geeignet f\u00fcr 12&amp;24 volt - mit Anschlusskabel - f\u00fcr Auto, LKW, Anh\u00e4nger, Wohnmobil, Traktor und mehr - EAN: 2000010070251"},{"@type":"BreadcrumbList","@id":"https:\/\/www.alldayled.com\/de\/produkt\/truckled-led-werklamp-18w-12-24-volt\/#breadcrumb","itemListElement":[{"@type":"ListItem","position":1,"name":"Home","item":"https:\/\/www.alldayled.com\/de\/"},{"@type":"ListItem","position":2,"name":"Shop","item":"https:\/\/www.alldayled.com\/de\/shop\/"},{"@type":"ListItem","position":3,"name":"Arbeitsscheinwerfer","item":"https:\/\/www.alldayled.com\/de\/produkt-kategorie\/arbeitsscheinwerfer\/"},{"@type":"ListItem","position":4,"name":"Arbeitsscheinwerfer sonstig","item":"https:\/\/www.alldayled.com\/de\/produkt-kategorie\/arbeitsscheinwerfer\/werklamp-overig\/"},{"@type":"ListItem","position":5,"name":"TruckLED LED Arbeitsscheinwerfer 18W"}]},{"@type":"WebSite","@id":"https:\/\/www.alldayled.com\/de\/#website","url":"https:\/\/www.alldayled.com\/de\/","name":"All Day Led","description":"Verlichting voor 12&amp;24 volt gebruik","publisher":{"@id":"https:\/\/www.alldayled.com\/de\/#organization"},"potentialAction":[{"@type":"SearchAction","target":{"@type":"EntryPoint","urlTemplate":"https:\/\/www.alldayled.com\/de\/?s={search_term_string}"},"query-input":{"@type":"PropertyValueSpecification","valueRequired":true,"valueName":"search_term_string"}}],"inLanguage":"de"},{"@type":"Organization","@id":"https:\/\/www.alldayled.com\/de\/#organization","name":"All Day Led","url":"https:\/\/www.alldayled.com\/de\/","logo":{"@type":"ImageObject","inLanguage":"de","@id":"https:\/\/www.alldayled.com\/de\/#\/schema\/logo\/image\/","url":"https:\/\/www.alldayled.com\/wp-content\/uploads\/2025\/10\/Logo-ALL-DAY-LED-800x800-zwart-witte-letters.png","contentUrl":"https:\/\/www.alldayled.com\/wp-content\/uploads\/2025\/10\/Logo-ALL-DAY-LED-800x800-zwart-witte-letters.png","width":800,"height":800,"caption":"All Day Led"},"image":{"@id":"https:\/\/www.alldayled.com\/de\/#\/schema\/logo\/image\/"},"sameAs":["https:\/\/www.facebook.com\/alldayled\/","https:\/\/www.instagram.com\/alldayled\/"],"vatID":"NL863960133B01","taxID":"86416545"}]},"product_brand":"TruckLED","product_price_amount":"17.50","product_price_currency":"EUR","og_availability":"instock","product_availability":"instock","product_retailer_item_id":"ADL09097","product_condition":"new"},"_links":{"self":[{"href":"https:\/\/www.alldayled.com\/de\/wp-json\/wp\/v2\/product\/67933","targetHints":{"allow":["GET"]}}],"collection":[{"href":"https:\/\/www.alldayled.com\/de\/wp-json\/wp\/v2\/product"}],"about":[{"href":"https:\/\/www.alldayled.com\/de\/wp-json\/wp\/v2\/types\/product"}],"replies":[{"embeddable":true,"href":"https:\/\/www.alldayled.com\/de\/wp-json\/wp\/v2\/comments?post=67933"}],"wp:featuredmedia":[{"embeddable":true,"href":"https:\/\/www.alldayled.com\/de\/wp-json\/wp\/v2\/media\/61966"}],"wp:attachment":[{"href":"https:\/\/www.alldayled.com\/de\/wp-json\/wp\/v2\/media?parent=67933"}],"wp:term":[{"taxonomy":"product_brand","embeddable":true,"href":"https:\/\/www.alldayled.com\/de\/wp-json\/wp\/v2\/product_brand?post=67933"},{"taxonomy":"product_cat","embeddable":true,"href":"https:\/\/www.alldayled.com\/de\/wp-json\/wp\/v2\/product_cat?post=67933"},{"taxonomy":"product_tag","embeddable":true,"href":"https:\/\/www.alldayled.com\/de\/wp-json\/wp\/v2\/product_tag?post=67933"}],"curies":[{"name":"wp","href":"https:\/\/api.w.org\/{rel}","templated":true}]}}